{"id":2731,"date":"2016-11-02T20:02:38","date_gmt":"2016-11-02T19:02:38","guid":{"rendered":"http:\/\/s522930210.online.de\/www.wojoer.de\/?page_id=2731"},"modified":"2025-08-27T13:46:07","modified_gmt":"2025-08-27T11:46:07","slug":"impressum","status":"publish","type":"page","link":"https:\/\/www.wojoer.de\/en\/impressum\/","title":{"rendered":"IMPRESSUM"},"content":{"rendered":"<h1>EROTISCHE HERRENUNTERW\u00c4SCHE VON WOJOER<\/h1>\n<h1><img loading=\"lazy\" decoding=\"async\" class=\"alignnone size-full wp-image-2607\" src=\"http:\/\/s522930210.online.de\/www.wojoer.de\/wp-content\/uploads\/2016\/10\/WOJOER_sexy_men_underwear_gallery_15-1.jpg\" alt=\"Wojoer sexy men underwear: It is all about what you wear! Wojoer gives you comfortable and sexy mens underwear, thongs, briefs, boxer, shorts, pants, trunks. Unglaublich komfortable und sexy Herrenunterw\u00e4sche, Shorts, Boxershorts, Hipster, Strings, Schml\u00fcpfer.\" width=\"771\" height=\"771\" srcset=\"https:\/\/www.wojoer.de\/wp-content\/uploads\/2016\/10\/WOJOER_sexy_men_underwear_gallery_15-1.jpg 771w, https:\/\/www.wojoer.de\/wp-content\/uploads\/2016\/10\/WOJOER_sexy_men_underwear_gallery_15-1-300x300.jpg 300w, https:\/\/www.wojoer.de\/wp-content\/uploads\/2016\/10\/WOJOER_sexy_men_underwear_gallery_15-1-100x100.jpg 100w, https:\/\/www.wojoer.de\/wp-content\/uploads\/2016\/10\/WOJOER_sexy_men_underwear_gallery_15-1-600x600.jpg 600w, https:\/\/www.wojoer.de\/wp-content\/uploads\/2016\/10\/WOJOER_sexy_men_underwear_gallery_15-1-150x150.jpg 150w, https:\/\/www.wojoer.de\/wp-content\/uploads\/2016\/10\/WOJOER_sexy_men_underwear_gallery_15-1-768x768.jpg 768w\" sizes=\"auto, (max-width: 771px) 100vw, 771px\" \/><\/h1>\n<p><strong><span style=\"font-family: DIN;\">Erotische Herrenunterw\u00e4sche von WOJOER<\/span><\/strong><\/p>\n<p><strong><span style=\"font-family: DIN;\">WOJOER\u00a0 =\u00a0 <\/span><\/strong><span style=\"font-family: DIN;\">spritzig, jung, lasziv unanst\u00e4ndig, weich, hart, SEXy und zu einhundert Prozent made in <a href=\"#madeoflove\">SAXONY<\/a>!<\/span><\/p>\n<p><span style=\"font-family: DIN;\">Bei der Schaffung neuer Styles sind wir unerm\u00fcdlich kreativ. Genauso machen wir keine Kompromisse bei der Qualit\u00e4t. Unsere Materialien sind\u00a0 bewehrt, neu, au\u00dfergew\u00f6hnlich passend. Die Optik ist einzigartig, das Gef\u00fchl, der Stoffe unbeschreiblich. Im Grunde ist Wojoer der kleine Luxus unter der Jeanshose oder der perfekt provokant in Szene gesetzt gro\u00dfe Auftritt.<\/span><\/p>\n<p><span style=\"font-family: DIN;\">Einmal probiert, kommst du aus der Ekstase nicht mehr heraus. Denn das Tragegef\u00fchl wird dich umhauen, weil einfach alles stimmt. Eine seidig weiche, glatte zweite Haut und knackiger Po? Kein Problem! PushUp f\u00fcr den Schritt oder QUICK-FUN-Funktionen? Bekommst du alles bei uns! <\/span><\/p>\n<p><span style=\"font-family: DIN;\">\u00a0<\/span><\/p>\n<h1><span style=\"font-family: DIN;\">Mit wojoer f\u00fchlst du dich hart, h\u00e4rter, <a href=\"#carbyne\">Carbyne<\/a>.<\/span><\/h1>\n<p><span style=\"font-family: DIN;\">\u00a0<\/span><\/p>\n<h3><span style=\"font-family: DIN;\">WOJOER is made in SAXONY<\/span><\/h3>\n<p><span style=\"font-family: DIN;\">Jedes einzelne Teil wird mit viel Liebe zum Detail in unserer Designschmiede und mittelst\u00e4ndigen N\u00e4herei, mit Sitz in 09241 M\u00fchlau, bei Chemnitz, gefertigt. Die komplette Produktion, von der Idee* hin zum Produkt, ist in M\u00fchlau. Somit sind spezielle W\u00fcnsche oder kleinere St\u00fcckzahlen individuell, problemlos und schnell m\u00f6glich.<\/span><\/p>\n<p><span style=\"font-family: DIN;\">*Na gut, die Ideen k\u00f6nnen auch auf Reisen durch London, Paris oder Mailand kommen.<\/span><\/p>\n<p><span style=\"font-family: DIN;\">\u00a0<\/span><\/p>\n<h3><span style=\"font-family: DIN;\">WOJOER bietet Dir eine einmalige Auswahl<\/span><\/h3>\n<p><span style=\"font-family: DIN;\">Erotische Herrenunterw\u00e4sche von WOJOER ist vielseitig. Beispielsweise geh\u00f6ren der String, Pushstring, Schmalissimo, Tanga, Pushtanga, Brazil, Pushbrazil dazu. Genauso wie der Mini Hipster, Hipster, Pant, Longpant, Leggings, Shirt, Longarmshirt, Ganzk\u00f6rper Body oder Specialties wie der BIG THING RING, der Pushup Ring f\u00fcr unten drunter. Sie werden dich umhauen. <\/span><\/p>\n<p><span style=\"font-family: DIN;\">Aber auch Badehosen oder Swing- und Clubwear findest du bei uns, bis hin zu Fetischartikeln. Also lass Dich begeistern und st\u00f6bere in unserer Kategorie: &#8220;only for me&#8221; wenn du Einzelst\u00fccke und Kleinserien suchst, die es sonst nirgendwo gibt.<\/span><\/p>\n<p><span style=\"font-family: DIN;\">Oder suchst du nach Basics, die sich angenehm weich an deine Haut schmiegen und dann auch noch badetauglich sind? Dann wirst du in unserer BUEN-Rubrik f\u00fcndig! Alle Teile in 9 verschiedenen Farben bieten dir die perfekte Auswahl, um deinen Kleiderschrank auf jede Situation abzustimmen. <\/span><\/p>\n<p><span style=\"font-family: DIN;\">Zudem ist Neopren ein weiteres Highlight des WOJOR-Styles. Denn t\u00e4glich frisch laufen die absoluten Most-Wanted-Products, Hipster und Longpant, vom Band und treffen gerade den Nerv der Club-Scene. Nat\u00fcrlich kann man mit unseren Neopren Hosen auch einfach nur baden gehen. Du entscheidest.<\/span><br \/>\n[gzd_complaints]<\/p>\n","protected":false},"excerpt":{"rendered":"<p>EROTISCHE HERRENUNTERW\u00c4SCHE VON WOJOER<\/p>\n<p><strong>Erotische Herrenunterw\u00e4sche von WOJOER<\/strong><\/p>\n<p><strong>WOJOER\u00a0 =\u00a0 <\/strong>spritzig, jung, lasziv unanst\u00e4ndig, weich, hart, SEXy und zu einhundert Prozent made in SAXONY!<\/p>\n<p>Bei der Schaffung neuer Styles sind wir unerm\u00fcdlich kreativ. Genauso machen wir keine Kompromisse bei der Qualit\u00e4t. Unsere Materialien\u2026<\/p>\n","protected":false},"author":2,"featured_media":2206,"parent":0,"menu_order":0,"comment_status":"closed","ping_status":"closed","template":"","meta":{"footnotes":""},"class_list":["post-2731","page","type-page","status-publish","has-post-thumbnail","hentry","post-1","odd"],"yoast_head":"<!-- This site is optimized with the Yoast SEO plugin v27.2 - https:\/\/yoast.com\/product\/yoast-seo-wordpress\/ -->\n<title>erotische Herrenunterw\u00e4sche - IMPRESSUM | WOJOER<\/title>\n<meta name=\"description\" content=\"Erotische Herrenunterw\u00e4sche auf www.WOJOER.de. IMPRESSUM mit der UST-ID-Nr., Adresse, Telefon &amp; Email. WOJOER sexy M\u00e4nnerunterw\u00e4sche.\" \/>\n<meta name=\"robots\" content=\"index, follow, max-snippet:-1, max-image-preview:large, max-video-preview:-1\" \/>\n<link rel=\"canonical\" href=\"https:\/\/www.wojoer.de\/en\/impressum\/\" \/>\n<meta name=\"twitter:card\" content=\"summary_large_image\" \/>\n<meta name=\"twitter:title\" content=\"erotische Herrenunterw\u00e4sche - IMPRESSUM | WOJOER\" \/>\n<meta name=\"twitter:description\" content=\"Erotische Herrenunterw\u00e4sche auf www.WOJOER.de. IMPRESSUM mit der UST-ID-Nr., Adresse, Telefon &amp; Email. WOJOER sexy M\u00e4nnerunterw\u00e4sche.\" \/>\n<meta name=\"twitter:image\" content=\"https:\/\/www.wojoer.de\/wp-content\/uploads\/2013\/10\/WOJOER_sexy_men_underwear_fog.jpg\" \/>\n<meta name=\"twitter:label1\" content=\"Estimated reading time\" \/>\n\t<meta name=\"twitter:data1\" content=\"2 minutes\" \/>\n<script type=\"application\/ld+json\" class=\"yoast-schema-graph\">{\"@context\":\"https:\/\/schema.org\",\"@graph\":[{\"@type\":\"WebPage\",\"@id\":\"https:\/\/www.wojoer.de\/impressum\/\",\"url\":\"https:\/\/www.wojoer.de\/impressum\/\",\"name\":\"erotische Herrenunterw\u00e4sche - IMPRESSUM | WOJOER\",\"isPartOf\":{\"@id\":\"https:\/\/www.wojoer.de\/#website\"},\"primaryImageOfPage\":{\"@id\":\"https:\/\/www.wojoer.de\/impressum\/#primaryimage\"},\"image\":{\"@id\":\"https:\/\/www.wojoer.de\/impressum\/#primaryimage\"},\"thumbnailUrl\":\"https:\/\/www.wojoer.de\/wp-content\/uploads\/2013\/10\/WOJOER_sexy_men_underwear_fog.jpg\",\"datePublished\":\"2016-11-02T19:02:38+00:00\",\"dateModified\":\"2025-08-27T11:46:07+00:00\",\"description\":\"Erotische Herrenunterw\u00e4sche auf www.WOJOER.de. IMPRESSUM mit der UST-ID-Nr., Adresse, Telefon & Email. WOJOER sexy M\u00e4nnerunterw\u00e4sche.\",\"breadcrumb\":{\"@id\":\"https:\/\/www.wojoer.de\/impressum\/#breadcrumb\"},\"inLanguage\":\"en-GB\",\"potentialAction\":[{\"@type\":\"ReadAction\",\"target\":[\"https:\/\/www.wojoer.de\/impressum\/\"]}]},{\"@type\":\"ImageObject\",\"inLanguage\":\"en-GB\",\"@id\":\"https:\/\/www.wojoer.de\/impressum\/#primaryimage\",\"url\":\"https:\/\/www.wojoer.de\/wp-content\/uploads\/2013\/10\/WOJOER_sexy_men_underwear_fog.jpg\",\"contentUrl\":\"https:\/\/www.wojoer.de\/wp-content\/uploads\/2013\/10\/WOJOER_sexy_men_underwear_fog.jpg\",\"width\":2000,\"height\":1123,\"caption\":\"all eyes on you\"},{\"@type\":\"BreadcrumbList\",\"@id\":\"https:\/\/www.wojoer.de\/impressum\/#breadcrumb\",\"itemListElement\":[{\"@type\":\"ListItem\",\"position\":1,\"name\":\"Startseite\",\"item\":\"https:\/\/www.wojoer.de\/\"},{\"@type\":\"ListItem\",\"position\":2,\"name\":\"IMPRESSUM\"}]},{\"@type\":\"WebSite\",\"@id\":\"https:\/\/www.wojoer.de\/#website\",\"url\":\"https:\/\/www.wojoer.de\/\",\"name\":\"WOJOER\",\"description\":\"clubwear for men\",\"publisher\":{\"@id\":\"https:\/\/www.wojoer.de\/#organization\"},\"potentialAction\":[{\"@type\":\"SearchAction\",\"target\":{\"@type\":\"EntryPoint\",\"urlTemplate\":\"https:\/\/www.wojoer.de\/?s={search_term_string}\"},\"query-input\":{\"@type\":\"PropertyValueSpecification\",\"valueRequired\":true,\"valueName\":\"search_term_string\"}}],\"inLanguage\":\"en-GB\"},{\"@type\":\"Organization\",\"@id\":\"https:\/\/www.wojoer.de\/#organization\",\"name\":\"Wonneberger-Manufaktur\",\"url\":\"https:\/\/www.wojoer.de\/\",\"logo\":{\"@type\":\"ImageObject\",\"inLanguage\":\"en-GB\",\"@id\":\"https:\/\/www.wojoer.de\/#\/schema\/logo\/image\/\",\"url\":\"https:\/\/www.wojoer.de\/wp-content\/uploads\/2016\/11\/wonnebergermanufaktur_logo_BUTTON.png\",\"contentUrl\":\"https:\/\/www.wojoer.de\/wp-content\/uploads\/2016\/11\/wonnebergermanufaktur_logo_BUTTON.png\",\"width\":765,\"height\":765,\"caption\":\"Wonneberger-Manufaktur\"},\"image\":{\"@id\":\"https:\/\/www.wojoer.de\/#\/schema\/logo\/image\/\"},\"sameAs\":[\"https:\/\/www.facebook.com\/wojoer\/\",\"https:\/\/de.pinterest.com\/W0J0ER\/\"]}]}<\/script>\n<!-- \/ Yoast SEO plugin. -->","yoast_head_json":{"title":"erotische Herrenunterw\u00e4sche - IMPRESSUM | WOJOER","description":"Erotische Herrenunterw\u00e4sche auf www.WOJOER.de. IMPRESSUM mit der UST-ID-Nr., Adresse, Telefon & Email. WOJOER sexy M\u00e4nnerunterw\u00e4sche.","robots":{"index":"index","follow":"follow","max-snippet":"max-snippet:-1","max-image-preview":"max-image-preview:large","max-video-preview":"max-video-preview:-1"},"canonical":"https:\/\/www.wojoer.de\/en\/impressum\/","twitter_card":"summary_large_image","twitter_title":"erotische Herrenunterw\u00e4sche - IMPRESSUM | WOJOER","twitter_description":"Erotische Herrenunterw\u00e4sche auf www.WOJOER.de. IMPRESSUM mit der UST-ID-Nr., Adresse, Telefon & Email. WOJOER sexy M\u00e4nnerunterw\u00e4sche.","twitter_image":"https:\/\/www.wojoer.de\/wp-content\/uploads\/2013\/10\/WOJOER_sexy_men_underwear_fog.jpg","twitter_misc":{"Estimated reading time":"2 minutes"},"schema":{"@context":"https:\/\/schema.org","@graph":[{"@type":"WebPage","@id":"https:\/\/www.wojoer.de\/impressum\/","url":"https:\/\/www.wojoer.de\/impressum\/","name":"erotische Herrenunterw\u00e4sche - IMPRESSUM | WOJOER","isPartOf":{"@id":"https:\/\/www.wojoer.de\/#website"},"primaryImageOfPage":{"@id":"https:\/\/www.wojoer.de\/impressum\/#primaryimage"},"image":{"@id":"https:\/\/www.wojoer.de\/impressum\/#primaryimage"},"thumbnailUrl":"https:\/\/www.wojoer.de\/wp-content\/uploads\/2013\/10\/WOJOER_sexy_men_underwear_fog.jpg","datePublished":"2016-11-02T19:02:38+00:00","dateModified":"2025-08-27T11:46:07+00:00","description":"Erotische Herrenunterw\u00e4sche auf www.WOJOER.de. IMPRESSUM mit der UST-ID-Nr., Adresse, Telefon & Email. WOJOER sexy M\u00e4nnerunterw\u00e4sche.","breadcrumb":{"@id":"https:\/\/www.wojoer.de\/impressum\/#breadcrumb"},"inLanguage":"en-GB","potentialAction":[{"@type":"ReadAction","target":["https:\/\/www.wojoer.de\/impressum\/"]}]},{"@type":"ImageObject","inLanguage":"en-GB","@id":"https:\/\/www.wojoer.de\/impressum\/#primaryimage","url":"https:\/\/www.wojoer.de\/wp-content\/uploads\/2013\/10\/WOJOER_sexy_men_underwear_fog.jpg","contentUrl":"https:\/\/www.wojoer.de\/wp-content\/uploads\/2013\/10\/WOJOER_sexy_men_underwear_fog.jpg","width":2000,"height":1123,"caption":"all eyes on you"},{"@type":"BreadcrumbList","@id":"https:\/\/www.wojoer.de\/impressum\/#breadcrumb","itemListElement":[{"@type":"ListItem","position":1,"name":"Startseite","item":"https:\/\/www.wojoer.de\/"},{"@type":"ListItem","position":2,"name":"IMPRESSUM"}]},{"@type":"WebSite","@id":"https:\/\/www.wojoer.de\/#website","url":"https:\/\/www.wojoer.de\/","name":"WOJOER","description":"clubwear for men","publisher":{"@id":"https:\/\/www.wojoer.de\/#organization"},"potentialAction":[{"@type":"SearchAction","target":{"@type":"EntryPoint","urlTemplate":"https:\/\/www.wojoer.de\/?s={search_term_string}"},"query-input":{"@type":"PropertyValueSpecification","valueRequired":true,"valueName":"search_term_string"}}],"inLanguage":"en-GB"},{"@type":"Organization","@id":"https:\/\/www.wojoer.de\/#organization","name":"Wonneberger-Manufaktur","url":"https:\/\/www.wojoer.de\/","logo":{"@type":"ImageObject","inLanguage":"en-GB","@id":"https:\/\/www.wojoer.de\/#\/schema\/logo\/image\/","url":"https:\/\/www.wojoer.de\/wp-content\/uploads\/2016\/11\/wonnebergermanufaktur_logo_BUTTON.png","contentUrl":"https:\/\/www.wojoer.de\/wp-content\/uploads\/2016\/11\/wonnebergermanufaktur_logo_BUTTON.png","width":765,"height":765,"caption":"Wonneberger-Manufaktur"},"image":{"@id":"https:\/\/www.wojoer.de\/#\/schema\/logo\/image\/"},"sameAs":["https:\/\/www.facebook.com\/wojoer\/","https:\/\/de.pinterest.com\/W0J0ER\/"]}]}},"_links":{"self":[{"href":"https:\/\/www.wojoer.de\/en\/wp-json\/wp\/v2\/pages\/2731","targetHints":{"allow":["GET"]}}],"collection":[{"href":"https:\/\/www.wojoer.de\/en\/wp-json\/wp\/v2\/pages"}],"about":[{"href":"https:\/\/www.wojoer.de\/en\/wp-json\/wp\/v2\/types\/page"}],"author":[{"embeddable":true,"href":"https:\/\/www.wojoer.de\/en\/wp-json\/wp\/v2\/users\/2"}],"replies":[{"embeddable":true,"href":"https:\/\/www.wojoer.de\/en\/wp-json\/wp\/v2\/comments?post=2731"}],"version-history":[{"count":1,"href":"https:\/\/www.wojoer.de\/en\/wp-json\/wp\/v2\/pages\/2731\/revisions"}],"predecessor-version":[{"id":55757,"href":"https:\/\/www.wojoer.de\/en\/wp-json\/wp\/v2\/pages\/2731\/revisions\/55757"}],"wp:featuredmedia":[{"embeddable":true,"href":"https:\/\/www.wojoer.de\/en\/wp-json\/wp\/v2\/media\/2206"}],"wp:attachment":[{"href":"https:\/\/www.wojoer.de\/en\/wp-json\/wp\/v2\/media?parent=2731"}],"curies":[{"name":"wp","href":"https:\/\/api.w.org\/{rel}","templated":true}]}}