{"id":10213,"date":"2018-09-04T08:22:56","date_gmt":"2018-09-04T06:22:56","guid":{"rendered":"https:\/\/www.wojoer.de\/produkt\/holo-lack-shirt\/"},"modified":"2025-06-16T09:31:25","modified_gmt":"2025-06-16T07:31:25","slug":"holo-lack-shirt-metallic-rainbow-shirt","status":"publish","type":"product","link":"https:\/\/www.wojoer.de\/en\/produkt\/holo-lack-shirt-metallic-rainbow-shirt\/","title":{"rendered":"Holo Lack Shirt | 351TXX"},"content":{"rendered":"<p>Das Holo Lack Shirt, metallic rainbow Shirt 351TXX geh\u00f6rt in die Life-Produktion. Das hei\u00dft es wird auf Bestellung produziert und kann so auch individuell bearbeitet werden.<\/p>\n<h3>Gr\u00f6\u00dfen<\/h3>\n<p>Erh\u00e4ltlich in den Gr\u00f6\u00dfen S, M, L, XL<\/p>\n<h3>Materialzusammensetzung<\/h3>\n<p>Holomaterial: Polyester 80% Elasthan 8% Polyurethan 12%<\/p>\n<h3>Besonderheiten<\/h3>\n<p><a href=\"http:\/\/www.wojoer.de\/produkt-kategorie\/produktion-auf-bestellung-liveproduktion\/\">LIVE-Produkt<\/a>\u00a0 | fester, leicht dehnbarer Lack | sch\u00f6n weich von innen | holografischer Effekt | enganliegend am K\u00f6rper | hochwertige Verarbeitung &#8220;Made in Germany&#8221;<\/p>\n<h3>Benutzerhinweise<\/h3>\n<p>Handw\u00e4sche<\/p>\n<h3>HOLO LACK SHIRT- streifenartiger, holographischer Regenbogen-Effekt, metallic rainbow Shirt<\/h3>\n<p>Krass, etwas \u00c4hnliches hat es zuvor noch nicht gegeben. Man kann nicht widerstehen! Mann muss dieser phantastisch gl\u00e4nzende Lack ber\u00fchren. Denn das Auge ist gefangen in dem psychedelischen Farbenspiel des Holomaterials. Man will es greifen, diese unwirkliche Erscheinung, aber das Holo-Shirt ist und bleibt genauso mystisch, wie du. Ob auf einer Fetischparty oder f\u00fcr hei\u00dfe stunden zu zweit, du wirst alle um dich herum faszinieren.<\/p>\n","protected":false},"excerpt":{"rendered":"<p>Das Holo Lack Shirt, metallic rainbow Shirt 351TXX geh\u00f6rt in die Life-Produktion. Das hei\u00dft es wird auf Bestellung produziert und kann so auch individuell bearbeitet werden.<br \/>\nGr\u00f6\u00dfen<br \/>\nErh\u00e4ltlich in den Gr\u00f6\u00dfen S, M, L, XL<br \/>\nMaterialzusammensetzung<br \/>\nHolomaterial: Polyester 80% Elasthan 8% Polyurethan 12%<br \/>\nBesonderheiten<br \/>\nLIVE-Produkt\u00a0 |\u2026<\/p>\n","protected":false},"featured_media":9244,"comment_status":"open","ping_status":"closed","template":"","meta":[],"product_brand":[],"product_cat":[815,116,473,195,326],"product_tag":[303,362,294,856],"class_list":{"0":"post-10213","1":"product","2":"type-product","3":"status-publish","4":"has-post-thumbnail","6":"product_cat-351-holo","7":"product_cat-clubwear","8":"product_cat-men","9":"product_cat-produktion-auf-bestellung-liveproduktion","10":"product_cat-wojoer","11":"product_tag-glitzer","12":"product_tag-holographic","13":"product_tag-lack","14":"product_tag-shirt","15":"product_shipping_class-beun","16":"pa_groesse-l","17":"pa_groesse-m","18":"pa_groesse-s","19":"pa_groesse-xl","20":"pa_groesse-xxl","21":"pa_groesse-xxxl","22":"pif-has-gallery","23":"post-1","24":"odd","26":"first","27":"onbackorder","28":"taxable","29":"shipping-taxable","30":"purchasable","31":"product-type-variable","32":"has-default-attributes"},"yoast_head":"<!-- This site is optimized with the Yoast SEO plugin v27.2 - https:\/\/yoast.com\/product\/yoast-seo-wordpress\/ -->\n<title>metallic rainbow Shirt | Lack Holografic | enganliegend | Clubwear | WOJOER<\/title>\n<meta name=\"description\" content=\"metallic rainbow Shirt. Besonders dehnbares Holografisches Lack Shirt. Angenehmes enges M\u00e4nner Shirt. Sch\u00f6ner camouflage Lack look. Jetzt online Versandkostenfrei bestellen bei WOJOER!\" \/>\n<meta name=\"robots\" content=\"index, follow, max-snippet:-1, max-image-preview:large, max-video-preview:-1\" \/>\n<link rel=\"canonical\" href=\"https:\/\/www.wojoer.de\/en\/produkt\/holo-lack-shirt-metallic-rainbow-shirt\/\" \/>\n<meta name=\"twitter:card\" content=\"summary_large_image\" \/>\n<meta name=\"twitter:title\" content=\"metallic rainbow Shirt | Lack Holografic | enganliegend | Clubwear | WOJOER\" \/>\n<meta name=\"twitter:description\" content=\"metallic rainbow Shirt. Besonders dehnbares Holografisches Lack Shirt. Angenehmes enges M\u00e4nner Shirt. Sch\u00f6ner camouflage Lack look. Jetzt online Versandkostenfrei bestellen bei WOJOER!\" \/>\n<meta name=\"twitter:image\" content=\"https:\/\/www.wojoer.de\/wp-content\/uploads\/2018\/03\/351TXX_holo_shirt_side___wojoer.jpg\" \/>\n<meta name=\"twitter:label1\" content=\"Estimated reading time\" \/>\n\t<meta name=\"twitter:data1\" content=\"1 minute\" \/>\n<script type=\"application\/ld+json\" class=\"yoast-schema-graph\">{\"@context\":\"https:\/\/schema.org\",\"@graph\":[{\"@type\":\"WebPage\",\"@id\":\"https:\/\/www.wojoer.de\/produkt\/holo-lack-shirt-metallic-rainbow-shirt\/\",\"url\":\"https:\/\/www.wojoer.de\/produkt\/holo-lack-shirt-metallic-rainbow-shirt\/\",\"name\":\"metallic rainbow Shirt | Lack Holografic | enganliegend | Clubwear | WOJOER\",\"isPartOf\":{\"@id\":\"https:\/\/www.wojoer.de\/#website\"},\"primaryImageOfPage\":{\"@id\":\"https:\/\/www.wojoer.de\/produkt\/holo-lack-shirt-metallic-rainbow-shirt\/#primaryimage\"},\"image\":{\"@id\":\"https:\/\/www.wojoer.de\/produkt\/holo-lack-shirt-metallic-rainbow-shirt\/#primaryimage\"},\"thumbnailUrl\":\"https:\/\/www.wojoer.de\/wp-content\/uploads\/2018\/03\/351TXX_holo_shirt_side___wojoer.jpg\",\"datePublished\":\"2018-09-04T06:22:56+00:00\",\"dateModified\":\"2025-06-16T07:31:25+00:00\",\"description\":\"metallic rainbow Shirt. Besonders dehnbares Holografisches Lack Shirt. Angenehmes enges M\u00e4nner Shirt. Sch\u00f6ner camouflage Lack look. Jetzt online Versandkostenfrei bestellen bei WOJOER!\",\"breadcrumb\":{\"@id\":\"https:\/\/www.wojoer.de\/produkt\/holo-lack-shirt-metallic-rainbow-shirt\/#breadcrumb\"},\"inLanguage\":\"en-GB\",\"potentialAction\":[{\"@type\":\"ReadAction\",\"target\":[\"https:\/\/www.wojoer.de\/produkt\/holo-lack-shirt-metallic-rainbow-shirt\/\"]}]},{\"@type\":\"ImageObject\",\"inLanguage\":\"en-GB\",\"@id\":\"https:\/\/www.wojoer.de\/produkt\/holo-lack-shirt-metallic-rainbow-shirt\/#primaryimage\",\"url\":\"https:\/\/www.wojoer.de\/wp-content\/uploads\/2018\/03\/351TXX_holo_shirt_side___wojoer.jpg\",\"contentUrl\":\"https:\/\/www.wojoer.de\/wp-content\/uploads\/2018\/03\/351TXX_holo_shirt_side___wojoer.jpg\",\"width\":2002,\"height\":2002,\"caption\":\"Holo Shirt, metallic rainbow Shirt\"},{\"@type\":\"BreadcrumbList\",\"@id\":\"https:\/\/www.wojoer.de\/produkt\/holo-lack-shirt-metallic-rainbow-shirt\/#breadcrumb\",\"itemListElement\":[{\"@type\":\"ListItem\",\"position\":1,\"name\":\"Startseite\",\"item\":\"https:\/\/www.wojoer.de\/\"},{\"@type\":\"ListItem\",\"position\":2,\"name\":\"SHOP\",\"item\":\"https:\/\/www.wojoer.de\/shop\/\"},{\"@type\":\"ListItem\",\"position\":3,\"name\":\"Holo Lack Shirt | 351TXX\"}]},{\"@type\":\"WebSite\",\"@id\":\"https:\/\/www.wojoer.de\/#website\",\"url\":\"https:\/\/www.wojoer.de\/\",\"name\":\"WOJOER\",\"description\":\"clubwear for men\",\"publisher\":{\"@id\":\"https:\/\/www.wojoer.de\/#organization\"},\"potentialAction\":[{\"@type\":\"SearchAction\",\"target\":{\"@type\":\"EntryPoint\",\"urlTemplate\":\"https:\/\/www.wojoer.de\/?s={search_term_string}\"},\"query-input\":{\"@type\":\"PropertyValueSpecification\",\"valueRequired\":true,\"valueName\":\"search_term_string\"}}],\"inLanguage\":\"en-GB\"},{\"@type\":\"Organization\",\"@id\":\"https:\/\/www.wojoer.de\/#organization\",\"name\":\"Wonneberger-Manufaktur\",\"url\":\"https:\/\/www.wojoer.de\/\",\"logo\":{\"@type\":\"ImageObject\",\"inLanguage\":\"en-GB\",\"@id\":\"https:\/\/www.wojoer.de\/#\/schema\/logo\/image\/\",\"url\":\"https:\/\/www.wojoer.de\/wp-content\/uploads\/2016\/11\/wonnebergermanufaktur_logo_BUTTON.png\",\"contentUrl\":\"https:\/\/www.wojoer.de\/wp-content\/uploads\/2016\/11\/wonnebergermanufaktur_logo_BUTTON.png\",\"width\":765,\"height\":765,\"caption\":\"Wonneberger-Manufaktur\"},\"image\":{\"@id\":\"https:\/\/www.wojoer.de\/#\/schema\/logo\/image\/\"},\"sameAs\":[\"https:\/\/www.facebook.com\/wojoer\/\",\"https:\/\/de.pinterest.com\/W0J0ER\/\"]}]}<\/script>\n<!-- \/ Yoast SEO plugin. -->","yoast_head_json":{"title":"metallic rainbow Shirt | Lack Holografic | enganliegend | Clubwear | WOJOER","description":"metallic rainbow Shirt. Besonders dehnbares Holografisches Lack Shirt. Angenehmes enges M\u00e4nner Shirt. Sch\u00f6ner camouflage Lack look. Jetzt online Versandkostenfrei bestellen bei WOJOER!","robots":{"index":"index","follow":"follow","max-snippet":"max-snippet:-1","max-image-preview":"max-image-preview:large","max-video-preview":"max-video-preview:-1"},"canonical":"https:\/\/www.wojoer.de\/en\/produkt\/holo-lack-shirt-metallic-rainbow-shirt\/","twitter_card":"summary_large_image","twitter_title":"metallic rainbow Shirt | Lack Holografic | enganliegend | Clubwear | WOJOER","twitter_description":"metallic rainbow Shirt. Besonders dehnbares Holografisches Lack Shirt. Angenehmes enges M\u00e4nner Shirt. Sch\u00f6ner camouflage Lack look. Jetzt online Versandkostenfrei bestellen bei WOJOER!","twitter_image":"https:\/\/www.wojoer.de\/wp-content\/uploads\/2018\/03\/351TXX_holo_shirt_side___wojoer.jpg","twitter_misc":{"Estimated reading time":"1 minute"},"schema":{"@context":"https:\/\/schema.org","@graph":[{"@type":"WebPage","@id":"https:\/\/www.wojoer.de\/produkt\/holo-lack-shirt-metallic-rainbow-shirt\/","url":"https:\/\/www.wojoer.de\/produkt\/holo-lack-shirt-metallic-rainbow-shirt\/","name":"metallic rainbow Shirt | Lack Holografic | enganliegend | Clubwear | WOJOER","isPartOf":{"@id":"https:\/\/www.wojoer.de\/#website"},"primaryImageOfPage":{"@id":"https:\/\/www.wojoer.de\/produkt\/holo-lack-shirt-metallic-rainbow-shirt\/#primaryimage"},"image":{"@id":"https:\/\/www.wojoer.de\/produkt\/holo-lack-shirt-metallic-rainbow-shirt\/#primaryimage"},"thumbnailUrl":"https:\/\/www.wojoer.de\/wp-content\/uploads\/2018\/03\/351TXX_holo_shirt_side___wojoer.jpg","datePublished":"2018-09-04T06:22:56+00:00","dateModified":"2025-06-16T07:31:25+00:00","description":"metallic rainbow Shirt. Besonders dehnbares Holografisches Lack Shirt. Angenehmes enges M\u00e4nner Shirt. Sch\u00f6ner camouflage Lack look. Jetzt online Versandkostenfrei bestellen bei WOJOER!","breadcrumb":{"@id":"https:\/\/www.wojoer.de\/produkt\/holo-lack-shirt-metallic-rainbow-shirt\/#breadcrumb"},"inLanguage":"en-GB","potentialAction":[{"@type":"ReadAction","target":["https:\/\/www.wojoer.de\/produkt\/holo-lack-shirt-metallic-rainbow-shirt\/"]}]},{"@type":"ImageObject","inLanguage":"en-GB","@id":"https:\/\/www.wojoer.de\/produkt\/holo-lack-shirt-metallic-rainbow-shirt\/#primaryimage","url":"https:\/\/www.wojoer.de\/wp-content\/uploads\/2018\/03\/351TXX_holo_shirt_side___wojoer.jpg","contentUrl":"https:\/\/www.wojoer.de\/wp-content\/uploads\/2018\/03\/351TXX_holo_shirt_side___wojoer.jpg","width":2002,"height":2002,"caption":"Holo Shirt, metallic rainbow Shirt"},{"@type":"BreadcrumbList","@id":"https:\/\/www.wojoer.de\/produkt\/holo-lack-shirt-metallic-rainbow-shirt\/#breadcrumb","itemListElement":[{"@type":"ListItem","position":1,"name":"Startseite","item":"https:\/\/www.wojoer.de\/"},{"@type":"ListItem","position":2,"name":"SHOP","item":"https:\/\/www.wojoer.de\/shop\/"},{"@type":"ListItem","position":3,"name":"Holo Lack Shirt | 351TXX"}]},{"@type":"WebSite","@id":"https:\/\/www.wojoer.de\/#website","url":"https:\/\/www.wojoer.de\/","name":"WOJOER","description":"clubwear for men","publisher":{"@id":"https:\/\/www.wojoer.de\/#organization"},"potentialAction":[{"@type":"SearchAction","target":{"@type":"EntryPoint","urlTemplate":"https:\/\/www.wojoer.de\/?s={search_term_string}"},"query-input":{"@type":"PropertyValueSpecification","valueRequired":true,"valueName":"search_term_string"}}],"inLanguage":"en-GB"},{"@type":"Organization","@id":"https:\/\/www.wojoer.de\/#organization","name":"Wonneberger-Manufaktur","url":"https:\/\/www.wojoer.de\/","logo":{"@type":"ImageObject","inLanguage":"en-GB","@id":"https:\/\/www.wojoer.de\/#\/schema\/logo\/image\/","url":"https:\/\/www.wojoer.de\/wp-content\/uploads\/2016\/11\/wonnebergermanufaktur_logo_BUTTON.png","contentUrl":"https:\/\/www.wojoer.de\/wp-content\/uploads\/2016\/11\/wonnebergermanufaktur_logo_BUTTON.png","width":765,"height":765,"caption":"Wonneberger-Manufaktur"},"image":{"@id":"https:\/\/www.wojoer.de\/#\/schema\/logo\/image\/"},"sameAs":["https:\/\/www.facebook.com\/wojoer\/","https:\/\/de.pinterest.com\/W0J0ER\/"]}]}},"_links":{"self":[{"href":"https:\/\/www.wojoer.de\/en\/wp-json\/wp\/v2\/product\/10213","targetHints":{"allow":["GET"]}}],"collection":[{"href":"https:\/\/www.wojoer.de\/en\/wp-json\/wp\/v2\/product"}],"about":[{"href":"https:\/\/www.wojoer.de\/en\/wp-json\/wp\/v2\/types\/product"}],"replies":[{"embeddable":true,"href":"https:\/\/www.wojoer.de\/en\/wp-json\/wp\/v2\/comments?post=10213"}],"wp:featuredmedia":[{"embeddable":true,"href":"https:\/\/www.wojoer.de\/en\/wp-json\/wp\/v2\/media\/9244"}],"wp:attachment":[{"href":"https:\/\/www.wojoer.de\/en\/wp-json\/wp\/v2\/media?parent=10213"}],"wp:term":[{"taxonomy":"product_brand","embeddable":true,"href":"https:\/\/www.wojoer.de\/en\/wp-json\/wp\/v2\/product_brand?post=10213"},{"taxonomy":"product_cat","embeddable":true,"href":"https:\/\/www.wojoer.de\/en\/wp-json\/wp\/v2\/product_cat?post=10213"},{"taxonomy":"product_tag","embeddable":true,"href":"https:\/\/www.wojoer.de\/en\/wp-json\/wp\/v2\/product_tag?post=10213"}],"curies":[{"name":"wp","href":"https:\/\/api.w.org\/{rel}","templated":true}]}}