{"id":10415,"date":"2025-12-01T07:46:34","date_gmt":"2025-12-01T06:46:34","guid":{"rendered":"https:\/\/www.wojoer.de\/produkt\/penisring-big-thing-ring-genital-ring-piercing\/"},"modified":"2026-02-03T21:33:08","modified_gmt":"2026-02-03T20:33:08","slug":"penisring-big-thing-ring-genital-ring-piercing","status":"publish","type":"product","link":"https:\/\/www.wojoer.de\/en\/produkt\/penisring-big-thing-ring-genital-ring-piercing\/","title":{"rendered":"NEOPREN PIERCING Pushup 309BTR2"},"content":{"rendered":"<p>Immer vorr\u00e4tig, denn der\u00a0BIG THING RING Genital Ring Piercing 309BTR2\u00a0 ist Never-Out-of-Stock und geh\u00f6rt damit zu den Wojoer NOS-Produkten.<\/p>\n<h3>Gr\u00f6\u00dfen<\/h3>\n<p>SM: 13cm &#8211; 17cm Umfang; 2cm Streifenbreite<\/p>\n<p>L XL: 15cm &#8211; 20cm Umfang; 2cm Streifenbreite<\/p>\n<h3>Materialzusammensetzung<\/h3>\n<p>Neopren: 100%<\/p>\n<p>Metallpiering: Nickelfrei<\/p>\n<h3>Besonderheiten<\/h3>\n<p><a href=\"http:\/\/www.wojoer.de\/?s=nos&#038;post_type=product\">NOS Produkt<\/a> | badetauglich | hebt das gesamte Geschlecht | kein Erektionsring | seidenmatte Oberfl\u00e4chenoptik | bequem dehnbar | hochwertige Verarbeitung &#8220;Made in Germany&#8221;<\/p>\n<h3>Benutzerhinweise<\/h3>\n<p>Handw\u00e4sche<\/p>\n<h3>BIG THING RING PIERCING BEACH &#038; UNDERWEAR | Genital Ring Piercing Push UP |<\/h3>\n<h3>Enhancing underwear<\/h3>\n<p>Glattes k\u00fchles Metall ber\u00fchrt deine Haut. Du sp\u00fcrst, wie seine K\u00e4lte allm\u00e4hlich in hei\u00dfe Erregung \u00fcberl\u00e4uft. Und das anschmiegsame Neoprenband? Es tut sein \u00dcbriges, um deine gesamte M\u00e4nnlichkeit leicht zu heben. Und das Ganze ohne Erektion. Der Neopren Piercing Big Thing Ring ist ein leichter Pushup unter der Hose oder ein verdammt anziehender Schmuck f\u00fcr den Club. In Kombination mit der Piercing Leine ist er zudem ein sensibles Instrument, um deinem Sklaven den Weg zu weisen.<\/p>\n<h3><\/h3>\n<p>&nbsp;<\/p>\n","protected":false},"excerpt":{"rendered":"<p>Immer vorr\u00e4tig, denn der\u00a0BIG THING RING Genital Ring Piercing 309BTR2\u00a0 ist Never-Out-of-Stock und geh\u00f6rt damit zu den Wojoer NOS-Produkten.<br \/>\nGr\u00f6\u00dfen<br \/>\nSM: 13cm &#8211; 17cm Umfang; 2cm Streifenbreite<\/p>\n<p>L XL: 15cm &#8211; 20cm Umfang; 2cm Streifenbreite<br \/>\nMaterialzusammensetzung<br \/>\nNeopren: 100%<\/p>\n<p>Metallpiering: Nickelfrei<br \/>\nBesonderheiten<br \/>\nNOS Produkt | badetauglich | hebt das\u2026<\/p>\n","protected":false},"featured_media":10422,"comment_status":"open","ping_status":"closed","template":"","meta":[],"product_brand":[],"product_cat":[112,291,115,1113,116,114,473,195,326],"product_tag":[108,419,103,408,184,1111],"class_list":{"0":"post-10415","1":"product","2":"type-product","3":"status-publish","4":"has-post-thumbnail","6":"product_cat-309-neopren","7":"product_cat-accessoires","8":"product_cat-beachwear","9":"product_cat-btr","10":"product_cat-clubwear","11":"product_cat-fetisch","12":"product_cat-men","13":"product_cat-produktion-auf-bestellung-liveproduktion","14":"product_cat-wojoer","15":"product_tag-1beachwear","16":"product_tag-btr","17":"product_tag-neopren","18":"product_tag-piercing","19":"product_tag-push-up","20":"product_tag-pushring","21":"product_shipping_class-beun","22":"pa_groesse-lxl","23":"pa_groesse-sm","24":"pif-has-gallery","25":"post-1","26":"odd","28":"first","29":"onbackorder","30":"taxable","31":"shipping-taxable","32":"purchasable","33":"product-type-variable","34":"has-default-attributes"},"yoast_head":"<!-- This site is optimized with the Yoast SEO plugin v27.2 - https:\/\/yoast.com\/product\/yoast-seo-wordpress\/ -->\n<title>Neopren Ring | Big Thing Ring | Push Up Cockring | Penisring | Genitalring<\/title>\n<meta name=\"description\" content=\"Der Genital Ring Piercing aus Neopren ist wahnsinnig anziehend! Penisring, Cockring, Push Up f\u00fcr den Penis, BigThingRing, Hodenheber, Penisvergr\u00f6\u00dferung. Ein Pushup unter der Hose zum Baden oder dem Alltag. Jetzt Versandkostenfrei online bestellen.\" \/>\n<meta name=\"robots\" content=\"index, follow, max-snippet:-1, max-image-preview:large, max-video-preview:-1\" \/>\n<link rel=\"canonical\" href=\"https:\/\/www.wojoer.de\/en\/produkt\/penisring-big-thing-ring-genital-ring-piercing\/\" \/>\n<meta name=\"twitter:card\" content=\"summary_large_image\" \/>\n<meta name=\"twitter:title\" content=\"Neopren Ring | Big Thing Ring | Push Up Cockring | Penisring | Genitalring\" \/>\n<meta name=\"twitter:description\" content=\"Der Genital Ring Piercing aus Neopren ist wahnsinnig anziehend! Penisring, Cockring, Push Up f\u00fcr den Penis, BigThingRing, Hodenheber, Penisvergr\u00f6\u00dferung. Ein Pushup unter der Hose zum Baden oder dem Alltag. Jetzt Versandkostenfrei online bestellen.\" \/>\n<meta name=\"twitter:image\" content=\"https:\/\/www.wojoer.de\/wp-content\/uploads\/2018\/07\/309BTR2_Neopren_Piercing_Pushup_Band_Wojoer-1.jpg\" \/>\n<meta name=\"twitter:label1\" content=\"Estimated reading time\" \/>\n\t<meta name=\"twitter:data1\" content=\"2 minutes\" \/>\n<script type=\"application\/ld+json\" class=\"yoast-schema-graph\">{\"@context\":\"https:\/\/schema.org\",\"@graph\":[{\"@type\":\"WebPage\",\"@id\":\"https:\/\/www.wojoer.de\/produkt\/penisring-big-thing-ring-genital-ring-piercing\/\",\"url\":\"https:\/\/www.wojoer.de\/produkt\/penisring-big-thing-ring-genital-ring-piercing\/\",\"name\":\"Neopren Ring | Big Thing Ring | Push Up Cockring | Penisring | Genitalring\",\"isPartOf\":{\"@id\":\"https:\/\/www.wojoer.de\/#website\"},\"primaryImageOfPage\":{\"@id\":\"https:\/\/www.wojoer.de\/produkt\/penisring-big-thing-ring-genital-ring-piercing\/#primaryimage\"},\"image\":{\"@id\":\"https:\/\/www.wojoer.de\/produkt\/penisring-big-thing-ring-genital-ring-piercing\/#primaryimage\"},\"thumbnailUrl\":\"https:\/\/www.wojoer.de\/wp-content\/uploads\/2018\/07\/309BTR2_Neopren_Piercing_Pushup_Band_Wojoer-1.jpg\",\"datePublished\":\"2025-12-01T06:46:34+00:00\",\"dateModified\":\"2026-02-03T20:33:08+00:00\",\"description\":\"Der Genital Ring Piercing aus Neopren ist wahnsinnig anziehend! Penisring, Cockring, Push Up f\u00fcr den Penis, BigThingRing, Hodenheber, Penisvergr\u00f6\u00dferung. Ein Pushup unter der Hose zum Baden oder dem Alltag. Jetzt Versandkostenfrei online bestellen.\",\"breadcrumb\":{\"@id\":\"https:\/\/www.wojoer.de\/produkt\/penisring-big-thing-ring-genital-ring-piercing\/#breadcrumb\"},\"inLanguage\":\"en-GB\",\"potentialAction\":[{\"@type\":\"ReadAction\",\"target\":[\"https:\/\/www.wojoer.de\/produkt\/penisring-big-thing-ring-genital-ring-piercing\/\"]}]},{\"@type\":\"ImageObject\",\"inLanguage\":\"en-GB\",\"@id\":\"https:\/\/www.wojoer.de\/produkt\/penisring-big-thing-ring-genital-ring-piercing\/#primaryimage\",\"url\":\"https:\/\/www.wojoer.de\/wp-content\/uploads\/2018\/07\/309BTR2_Neopren_Piercing_Pushup_Band_Wojoer-1.jpg\",\"contentUrl\":\"https:\/\/www.wojoer.de\/wp-content\/uploads\/2018\/07\/309BTR2_Neopren_Piercing_Pushup_Band_Wojoer-1.jpg\",\"width\":2002,\"height\":2002,\"caption\":\"genital ring piercing\"},{\"@type\":\"BreadcrumbList\",\"@id\":\"https:\/\/www.wojoer.de\/produkt\/penisring-big-thing-ring-genital-ring-piercing\/#breadcrumb\",\"itemListElement\":[{\"@type\":\"ListItem\",\"position\":1,\"name\":\"Startseite\",\"item\":\"https:\/\/www.wojoer.de\/\"},{\"@type\":\"ListItem\",\"position\":2,\"name\":\"SHOP\",\"item\":\"https:\/\/www.wojoer.de\/shop\/\"},{\"@type\":\"ListItem\",\"position\":3,\"name\":\"NEOPREN PIERCING Pushup 309BTR2\"}]},{\"@type\":\"WebSite\",\"@id\":\"https:\/\/www.wojoer.de\/#website\",\"url\":\"https:\/\/www.wojoer.de\/\",\"name\":\"WOJOER\",\"description\":\"clubwear for men\",\"publisher\":{\"@id\":\"https:\/\/www.wojoer.de\/#organization\"},\"potentialAction\":[{\"@type\":\"SearchAction\",\"target\":{\"@type\":\"EntryPoint\",\"urlTemplate\":\"https:\/\/www.wojoer.de\/?s={search_term_string}\"},\"query-input\":{\"@type\":\"PropertyValueSpecification\",\"valueRequired\":true,\"valueName\":\"search_term_string\"}}],\"inLanguage\":\"en-GB\"},{\"@type\":\"Organization\",\"@id\":\"https:\/\/www.wojoer.de\/#organization\",\"name\":\"Wonneberger-Manufaktur\",\"url\":\"https:\/\/www.wojoer.de\/\",\"logo\":{\"@type\":\"ImageObject\",\"inLanguage\":\"en-GB\",\"@id\":\"https:\/\/www.wojoer.de\/#\/schema\/logo\/image\/\",\"url\":\"https:\/\/www.wojoer.de\/wp-content\/uploads\/2016\/11\/wonnebergermanufaktur_logo_BUTTON.png\",\"contentUrl\":\"https:\/\/www.wojoer.de\/wp-content\/uploads\/2016\/11\/wonnebergermanufaktur_logo_BUTTON.png\",\"width\":765,\"height\":765,\"caption\":\"Wonneberger-Manufaktur\"},\"image\":{\"@id\":\"https:\/\/www.wojoer.de\/#\/schema\/logo\/image\/\"},\"sameAs\":[\"https:\/\/www.facebook.com\/wojoer\/\",\"https:\/\/de.pinterest.com\/W0J0ER\/\"]}]}<\/script>\n<!-- \/ Yoast SEO plugin. -->","yoast_head_json":{"title":"Neopren Ring | Big Thing Ring | Push Up Cockring | Penisring | Genitalring","description":"Der Genital Ring Piercing aus Neopren ist wahnsinnig anziehend! Penisring, Cockring, Push Up f\u00fcr den Penis, BigThingRing, Hodenheber, Penisvergr\u00f6\u00dferung. Ein Pushup unter der Hose zum Baden oder dem Alltag. Jetzt Versandkostenfrei online bestellen.","robots":{"index":"index","follow":"follow","max-snippet":"max-snippet:-1","max-image-preview":"max-image-preview:large","max-video-preview":"max-video-preview:-1"},"canonical":"https:\/\/www.wojoer.de\/en\/produkt\/penisring-big-thing-ring-genital-ring-piercing\/","twitter_card":"summary_large_image","twitter_title":"Neopren Ring | Big Thing Ring | Push Up Cockring | Penisring | Genitalring","twitter_description":"Der Genital Ring Piercing aus Neopren ist wahnsinnig anziehend! Penisring, Cockring, Push Up f\u00fcr den Penis, BigThingRing, Hodenheber, Penisvergr\u00f6\u00dferung. Ein Pushup unter der Hose zum Baden oder dem Alltag. Jetzt Versandkostenfrei online bestellen.","twitter_image":"https:\/\/www.wojoer.de\/wp-content\/uploads\/2018\/07\/309BTR2_Neopren_Piercing_Pushup_Band_Wojoer-1.jpg","twitter_misc":{"Estimated reading time":"2 minutes"},"schema":{"@context":"https:\/\/schema.org","@graph":[{"@type":"WebPage","@id":"https:\/\/www.wojoer.de\/produkt\/penisring-big-thing-ring-genital-ring-piercing\/","url":"https:\/\/www.wojoer.de\/produkt\/penisring-big-thing-ring-genital-ring-piercing\/","name":"Neopren Ring | Big Thing Ring | Push Up Cockring | Penisring | Genitalring","isPartOf":{"@id":"https:\/\/www.wojoer.de\/#website"},"primaryImageOfPage":{"@id":"https:\/\/www.wojoer.de\/produkt\/penisring-big-thing-ring-genital-ring-piercing\/#primaryimage"},"image":{"@id":"https:\/\/www.wojoer.de\/produkt\/penisring-big-thing-ring-genital-ring-piercing\/#primaryimage"},"thumbnailUrl":"https:\/\/www.wojoer.de\/wp-content\/uploads\/2018\/07\/309BTR2_Neopren_Piercing_Pushup_Band_Wojoer-1.jpg","datePublished":"2025-12-01T06:46:34+00:00","dateModified":"2026-02-03T20:33:08+00:00","description":"Der Genital Ring Piercing aus Neopren ist wahnsinnig anziehend! Penisring, Cockring, Push Up f\u00fcr den Penis, BigThingRing, Hodenheber, Penisvergr\u00f6\u00dferung. Ein Pushup unter der Hose zum Baden oder dem Alltag. Jetzt Versandkostenfrei online bestellen.","breadcrumb":{"@id":"https:\/\/www.wojoer.de\/produkt\/penisring-big-thing-ring-genital-ring-piercing\/#breadcrumb"},"inLanguage":"en-GB","potentialAction":[{"@type":"ReadAction","target":["https:\/\/www.wojoer.de\/produkt\/penisring-big-thing-ring-genital-ring-piercing\/"]}]},{"@type":"ImageObject","inLanguage":"en-GB","@id":"https:\/\/www.wojoer.de\/produkt\/penisring-big-thing-ring-genital-ring-piercing\/#primaryimage","url":"https:\/\/www.wojoer.de\/wp-content\/uploads\/2018\/07\/309BTR2_Neopren_Piercing_Pushup_Band_Wojoer-1.jpg","contentUrl":"https:\/\/www.wojoer.de\/wp-content\/uploads\/2018\/07\/309BTR2_Neopren_Piercing_Pushup_Band_Wojoer-1.jpg","width":2002,"height":2002,"caption":"genital ring piercing"},{"@type":"BreadcrumbList","@id":"https:\/\/www.wojoer.de\/produkt\/penisring-big-thing-ring-genital-ring-piercing\/#breadcrumb","itemListElement":[{"@type":"ListItem","position":1,"name":"Startseite","item":"https:\/\/www.wojoer.de\/"},{"@type":"ListItem","position":2,"name":"SHOP","item":"https:\/\/www.wojoer.de\/shop\/"},{"@type":"ListItem","position":3,"name":"NEOPREN PIERCING Pushup 309BTR2"}]},{"@type":"WebSite","@id":"https:\/\/www.wojoer.de\/#website","url":"https:\/\/www.wojoer.de\/","name":"WOJOER","description":"clubwear for men","publisher":{"@id":"https:\/\/www.wojoer.de\/#organization"},"potentialAction":[{"@type":"SearchAction","target":{"@type":"EntryPoint","urlTemplate":"https:\/\/www.wojoer.de\/?s={search_term_string}"},"query-input":{"@type":"PropertyValueSpecification","valueRequired":true,"valueName":"search_term_string"}}],"inLanguage":"en-GB"},{"@type":"Organization","@id":"https:\/\/www.wojoer.de\/#organization","name":"Wonneberger-Manufaktur","url":"https:\/\/www.wojoer.de\/","logo":{"@type":"ImageObject","inLanguage":"en-GB","@id":"https:\/\/www.wojoer.de\/#\/schema\/logo\/image\/","url":"https:\/\/www.wojoer.de\/wp-content\/uploads\/2016\/11\/wonnebergermanufaktur_logo_BUTTON.png","contentUrl":"https:\/\/www.wojoer.de\/wp-content\/uploads\/2016\/11\/wonnebergermanufaktur_logo_BUTTON.png","width":765,"height":765,"caption":"Wonneberger-Manufaktur"},"image":{"@id":"https:\/\/www.wojoer.de\/#\/schema\/logo\/image\/"},"sameAs":["https:\/\/www.facebook.com\/wojoer\/","https:\/\/de.pinterest.com\/W0J0ER\/"]}]}},"_links":{"self":[{"href":"https:\/\/www.wojoer.de\/en\/wp-json\/wp\/v2\/product\/10415","targetHints":{"allow":["GET"]}}],"collection":[{"href":"https:\/\/www.wojoer.de\/en\/wp-json\/wp\/v2\/product"}],"about":[{"href":"https:\/\/www.wojoer.de\/en\/wp-json\/wp\/v2\/types\/product"}],"replies":[{"embeddable":true,"href":"https:\/\/www.wojoer.de\/en\/wp-json\/wp\/v2\/comments?post=10415"}],"wp:featuredmedia":[{"embeddable":true,"href":"https:\/\/www.wojoer.de\/en\/wp-json\/wp\/v2\/media\/10422"}],"wp:attachment":[{"href":"https:\/\/www.wojoer.de\/en\/wp-json\/wp\/v2\/media?parent=10415"}],"wp:term":[{"taxonomy":"product_brand","embeddable":true,"href":"https:\/\/www.wojoer.de\/en\/wp-json\/wp\/v2\/product_brand?post=10415"},{"taxonomy":"product_cat","embeddable":true,"href":"https:\/\/www.wojoer.de\/en\/wp-json\/wp\/v2\/product_cat?post=10415"},{"taxonomy":"product_tag","embeddable":true,"href":"https:\/\/www.wojoer.de\/en\/wp-json\/wp\/v2\/product_tag?post=10415"}],"curies":[{"name":"wp","href":"https:\/\/api.w.org\/{rel}","templated":true}]}}