{"id":10564,"date":"2018-08-11T11:00:55","date_gmt":"2018-08-11T09:00:55","guid":{"rendered":"https:\/\/www.wojoer.de\/produkt\/neopren-tanga-body-schwarz-royalblau-309s2\/"},"modified":"2025-12-29T14:08:11","modified_gmt":"2025-12-29T13:08:11","slug":"neopren-tanga-body-309s2","status":"publish","type":"product","link":"https:\/\/www.wojoer.de\/en\/produkt\/neopren-tanga-body-309s2\/","title":{"rendered":"Neopren Tanga Body 309S2"},"content":{"rendered":"<p>Der Neopren Tanga Body <span class=\"sku_wrapper\"><span class=\"sku\">309S2<\/span><\/span> geh\u00f6rt zu den Wojoer LIVE-Produkten. Sie werden ab Bestellung bei uns produziert. So k\u00f6nnen wir auf Kundenw\u00fcnsche individuell eingehen.<\/p>\n<h3>Gr\u00f6\u00dfen<\/h3>\n<p>Erh\u00e4ltlich in den Gr\u00f6\u00dfen S, M, L, XL<\/p>\n<h3>Materialzusammensetzung<\/h3>\n<p>100% Glatthautneopren<\/p>\n<p>Innenkaschierung: 80% Polyamid, 20% Elasthan<\/p>\n<h3>Besonderheiten<\/h3>\n<p><a href=\"http:\/\/www.wojoer.de\/?s=LIVE&#038;post_type=product\">LIVE-Produkt<\/a> \u00a0| elegant matte Oberfl\u00e4chenoptik | badetauglich | w\u00e4rmend | fest formendes Material | <a href=\"http:\/\/www.wojoer.de\/produkt-schlagwort\/ganzk\u00f6rpernazug\/\">Ganzk\u00f6rperanzug<\/a> | haut enge Passform\u00a0 | weit ausgeschnitten | hochwertige Verarbeitung &#8220;Made in Germany&#8221;<\/p>\n<h3>Benutzerhinweise<\/h3>\n<p>Handw\u00e4sche | Neopren entwickelt Bewegungsfalten, wie gutes Leder und l\u00e4sst so nach und nach eine eigene Signatur eines jeden Tr\u00e4gers entstehen. Daher bitte druckgesch\u00fctzt und nicht zusammenleget lagern und auf breite Kleiderb\u00fcgel aufziehen.<\/p>\n<h3>Achtung<\/h3>\n<p>Bei Retouren, m\u00fcssen die Neoprenprodukte ungeknickt und luftig verpackt zur\u00fcckgesendet werden, so wie die Ware erhalten wurde. Bei Druckstellen, die durch einen falschen Versand verursacht wurden, kann die Ware nicht zur\u00fcckgenommen werden.<\/p>\n<h3>NEOPREN TANGA BODY<\/h3>\n<p>Sexy Farben, sportlich und extravagant? Dann sprechen alle von dem Neopren <span class=\"hiddenSpellError\">Tangabody<\/span> 309S2B von <span class=\"hiddenSpellError\">Wojoer.<\/span> Mit seiner klaren, perfekt sitzenden Passform gibt dieser Body deinem K\u00f6rper die perfekte Silhouette. Aber auch der angenehm weiche Innenstoff aus <span class=\"hiddenGrammarError\">80%<\/span> Polyamid und <span class=\"hiddenGrammarError\">20%<\/span> <span class=\"hiddenSpellError\">Elasthan<\/span> bietet dir ein komfortables Tragefeeling. Der Rei\u00dfverschluss mit Untertritt sorgt daf\u00fcr, das nichts eingeklemmt wird. Abgesehen davon k\u00f6nnen an den <span class=\"hiddenSpellError\">Rei\u00dfverschlussringen<\/span> spielerische Details angebracht werden die den Reiz noch weiter in die H\u00f6he treiben. Des Weiteren sind diese Teile auch etwas f\u00fcr den Strand da Ihnen Chlor und Salzwasser rein gar nichts ausmacht.<\/p>\n<p>Den Neopren Tanga Body 309S2B kannst du jetzt g\u00fcnstig online bestellen und reihenweise K\u00f6pfe verdrehen<\/p>\n<p>&nbsp;<\/p>\n","protected":false},"excerpt":{"rendered":"<p>Der Neopren Tanga Body 309S2 geh\u00f6rt zu den Wojoer LIVE-Produkten. Sie werden ab Bestellung bei uns produziert. So k\u00f6nnen wir auf Kundenw\u00fcnsche individuell eingehen.<\/p>\n<p>Erh\u00e4ltlich in den Farben\u00a0\u00a0  Wei\u00df |  Schwarz |  Tiatanio Grau |  Braun |\u2026<\/p>\n","protected":false},"featured_media":10471,"comment_status":"open","ping_status":"closed","template":"","meta":[],"product_brand":[],"product_cat":[112,115,311,473,195,326],"product_tag":[108,186,250,103,189],"class_list":{"0":"post-10564","1":"product","2":"type-product","3":"status-publish","4":"has-post-thumbnail","6":"product_cat-309-neopren","7":"product_cat-beachwear","8":"product_cat-hankycode","9":"product_cat-men","10":"product_cat-produktion-auf-bestellung-liveproduktion","11":"product_cat-wojoer","12":"product_tag-1beachwear","13":"product_tag-body","14":"product_tag-funktion","15":"product_tag-neopren","16":"product_tag-reissverschluss","17":"product_shipping_class-neopren","18":"pa_farbe-eisblau","19":"pa_farbe-royalblau","20":"pa_farbe-braun","21":"pa_farbe-grau","22":"pa_farbe-lila","23":"pa_farbe-neongelb","24":"pa_farbe-neongruen","25":"pa_farbe-neonpink","26":"pa_farbe-olive","27":"pa_farbe-orange","28":"pa_farbe-rot","29":"pa_farbe-schwarz","30":"pa_farbe-weiss","31":"pa_groesse-l","32":"pa_groesse-m","33":"pa_groesse-s","34":"pa_groesse-xl","35":"pif-has-gallery","36":"post-1","37":"odd","39":"first","40":"instock","41":"taxable","42":"shipping-taxable","43":"purchasable","44":"product-type-variable","45":"has-default-attributes"},"yoast_head":"<!-- This site is optimized with the Yoast SEO plugin v27.2 - https:\/\/yoast.com\/product\/yoast-seo-wordpress\/ -->\n<title>Neopren Tanga Body swimsuit shorty matt schwarz WOJOER<\/title>\n<meta name=\"description\" content=\"Neopren Tanga Body. Nicht nur das in Deutschland gefertigte Glatthautneopren ist ungewohnt erotisch, auch die Best-Fit-Verarbeitung ist \u00fcberzeugend\" \/>\n<meta name=\"robots\" content=\"index, follow, max-snippet:-1, max-image-preview:large, max-video-preview:-1\" \/>\n<link rel=\"canonical\" href=\"https:\/\/www.wojoer.de\/en\/produkt\/neopren-tanga-body-309s2\/\" \/>\n<meta name=\"twitter:card\" content=\"summary_large_image\" \/>\n<meta name=\"twitter:title\" content=\"Neopren Tanga Body swimsuit shorty matt schwarz WOJOER\" \/>\n<meta name=\"twitter:description\" content=\"Neopren Tanga Body. Nicht nur das in Deutschland gefertigte Glatthautneopren ist ungewohnt erotisch, auch die Best-Fit-Verarbeitung ist \u00fcberzeugend\" \/>\n<meta name=\"twitter:image\" content=\"https:\/\/www.wojoer.de\/wp-content\/uploads\/2018\/07\/309S2_neopren_tangabody_weiss_wojoer.jpg\" \/>\n<meta name=\"twitter:label1\" content=\"Estimated reading time\" \/>\n\t<meta name=\"twitter:data1\" content=\"5 minutes\" \/>\n<script type=\"application\/ld+json\" class=\"yoast-schema-graph\">{\"@context\":\"https:\/\/schema.org\",\"@graph\":[{\"@type\":\"WebPage\",\"@id\":\"https:\/\/www.wojoer.de\/produkt\/neopren-tanga-body-309s2\/\",\"url\":\"https:\/\/www.wojoer.de\/produkt\/neopren-tanga-body-309s2\/\",\"name\":\"Neopren Tanga Body swimsuit shorty matt schwarz WOJOER\",\"isPartOf\":{\"@id\":\"https:\/\/www.wojoer.de\/#website\"},\"primaryImageOfPage\":{\"@id\":\"https:\/\/www.wojoer.de\/produkt\/neopren-tanga-body-309s2\/#primaryimage\"},\"image\":{\"@id\":\"https:\/\/www.wojoer.de\/produkt\/neopren-tanga-body-309s2\/#primaryimage\"},\"thumbnailUrl\":\"https:\/\/www.wojoer.de\/wp-content\/uploads\/2018\/07\/309S2_neopren_tangabody_weiss_wojoer.jpg\",\"datePublished\":\"2018-08-11T09:00:55+00:00\",\"dateModified\":\"2025-12-29T13:08:11+00:00\",\"description\":\"Neopren Tanga Body. Nicht nur das in Deutschland gefertigte Glatthautneopren ist ungewohnt erotisch, auch die Best-Fit-Verarbeitung ist \u00fcberzeugend\",\"breadcrumb\":{\"@id\":\"https:\/\/www.wojoer.de\/produkt\/neopren-tanga-body-309s2\/#breadcrumb\"},\"inLanguage\":\"en-GB\",\"potentialAction\":[{\"@type\":\"ReadAction\",\"target\":[\"https:\/\/www.wojoer.de\/produkt\/neopren-tanga-body-309s2\/\"]}]},{\"@type\":\"ImageObject\",\"inLanguage\":\"en-GB\",\"@id\":\"https:\/\/www.wojoer.de\/produkt\/neopren-tanga-body-309s2\/#primaryimage\",\"url\":\"https:\/\/www.wojoer.de\/wp-content\/uploads\/2018\/07\/309S2_neopren_tangabody_weiss_wojoer.jpg\",\"contentUrl\":\"https:\/\/www.wojoer.de\/wp-content\/uploads\/2018\/07\/309S2_neopren_tangabody_weiss_wojoer.jpg\",\"width\":2002,\"height\":2002,\"caption\":\"schwarz weis Neoprenbody Herrenbody Fetisch\"},{\"@type\":\"BreadcrumbList\",\"@id\":\"https:\/\/www.wojoer.de\/produkt\/neopren-tanga-body-309s2\/#breadcrumb\",\"itemListElement\":[{\"@type\":\"ListItem\",\"position\":1,\"name\":\"Startseite\",\"item\":\"https:\/\/www.wojoer.de\/\"},{\"@type\":\"ListItem\",\"position\":2,\"name\":\"SHOP\",\"item\":\"https:\/\/www.wojoer.de\/shop\/\"},{\"@type\":\"ListItem\",\"position\":3,\"name\":\"Neopren Tanga Body 309S2\"}]},{\"@type\":\"WebSite\",\"@id\":\"https:\/\/www.wojoer.de\/#website\",\"url\":\"https:\/\/www.wojoer.de\/\",\"name\":\"WOJOER\",\"description\":\"clubwear for men\",\"publisher\":{\"@id\":\"https:\/\/www.wojoer.de\/#organization\"},\"potentialAction\":[{\"@type\":\"SearchAction\",\"target\":{\"@type\":\"EntryPoint\",\"urlTemplate\":\"https:\/\/www.wojoer.de\/?s={search_term_string}\"},\"query-input\":{\"@type\":\"PropertyValueSpecification\",\"valueRequired\":true,\"valueName\":\"search_term_string\"}}],\"inLanguage\":\"en-GB\"},{\"@type\":\"Organization\",\"@id\":\"https:\/\/www.wojoer.de\/#organization\",\"name\":\"Wonneberger-Manufaktur\",\"url\":\"https:\/\/www.wojoer.de\/\",\"logo\":{\"@type\":\"ImageObject\",\"inLanguage\":\"en-GB\",\"@id\":\"https:\/\/www.wojoer.de\/#\/schema\/logo\/image\/\",\"url\":\"https:\/\/www.wojoer.de\/wp-content\/uploads\/2016\/11\/wonnebergermanufaktur_logo_BUTTON.png\",\"contentUrl\":\"https:\/\/www.wojoer.de\/wp-content\/uploads\/2016\/11\/wonnebergermanufaktur_logo_BUTTON.png\",\"width\":765,\"height\":765,\"caption\":\"Wonneberger-Manufaktur\"},\"image\":{\"@id\":\"https:\/\/www.wojoer.de\/#\/schema\/logo\/image\/\"},\"sameAs\":[\"https:\/\/www.facebook.com\/wojoer\/\",\"https:\/\/de.pinterest.com\/W0J0ER\/\"]}]}<\/script>\n<!-- \/ Yoast SEO plugin. -->","yoast_head_json":{"title":"Neopren Tanga Body swimsuit shorty matt schwarz WOJOER","description":"Neopren Tanga Body. Nicht nur das in Deutschland gefertigte Glatthautneopren ist ungewohnt erotisch, auch die Best-Fit-Verarbeitung ist \u00fcberzeugend","robots":{"index":"index","follow":"follow","max-snippet":"max-snippet:-1","max-image-preview":"max-image-preview:large","max-video-preview":"max-video-preview:-1"},"canonical":"https:\/\/www.wojoer.de\/en\/produkt\/neopren-tanga-body-309s2\/","twitter_card":"summary_large_image","twitter_title":"[:de]Neopren Tanga Body swimsuit shorty matt schwarz rot WOJOER[:en]Neopren Tanga Body swimsuit shorty matt schwarz WOJOER[:]","twitter_description":"Neopren Tanga Body. Nicht nur das in Deutschland gefertigte Glatthautneopren ist ungewohnt erotisch, auch die Best-Fit-Verarbeitung ist \u00fcberzeugend","twitter_image":"https:\/\/www.wojoer.de\/wp-content\/uploads\/2018\/07\/309S2_neopren_tangabody_weiss_wojoer.jpg","twitter_misc":{"Estimated reading time":"5 minutes"},"schema":{"@context":"https:\/\/schema.org","@graph":[{"@type":"WebPage","@id":"https:\/\/www.wojoer.de\/produkt\/neopren-tanga-body-309s2\/","url":"https:\/\/www.wojoer.de\/produkt\/neopren-tanga-body-309s2\/","name":"Neopren Tanga Body swimsuit shorty matt schwarz WOJOER","isPartOf":{"@id":"https:\/\/www.wojoer.de\/#website"},"primaryImageOfPage":{"@id":"https:\/\/www.wojoer.de\/produkt\/neopren-tanga-body-309s2\/#primaryimage"},"image":{"@id":"https:\/\/www.wojoer.de\/produkt\/neopren-tanga-body-309s2\/#primaryimage"},"thumbnailUrl":"https:\/\/www.wojoer.de\/wp-content\/uploads\/2018\/07\/309S2_neopren_tangabody_weiss_wojoer.jpg","datePublished":"2018-08-11T09:00:55+00:00","dateModified":"2025-12-29T13:08:11+00:00","description":"Neopren Tanga Body. Nicht nur das in Deutschland gefertigte Glatthautneopren ist ungewohnt erotisch, auch die Best-Fit-Verarbeitung ist \u00fcberzeugend","breadcrumb":{"@id":"https:\/\/www.wojoer.de\/produkt\/neopren-tanga-body-309s2\/#breadcrumb"},"inLanguage":"en-GB","potentialAction":[{"@type":"ReadAction","target":["https:\/\/www.wojoer.de\/produkt\/neopren-tanga-body-309s2\/"]}]},{"@type":"ImageObject","inLanguage":"en-GB","@id":"https:\/\/www.wojoer.de\/produkt\/neopren-tanga-body-309s2\/#primaryimage","url":"https:\/\/www.wojoer.de\/wp-content\/uploads\/2018\/07\/309S2_neopren_tangabody_weiss_wojoer.jpg","contentUrl":"https:\/\/www.wojoer.de\/wp-content\/uploads\/2018\/07\/309S2_neopren_tangabody_weiss_wojoer.jpg","width":2002,"height":2002,"caption":"schwarz weis Neoprenbody Herrenbody Fetisch"},{"@type":"BreadcrumbList","@id":"https:\/\/www.wojoer.de\/produkt\/neopren-tanga-body-309s2\/#breadcrumb","itemListElement":[{"@type":"ListItem","position":1,"name":"Startseite","item":"https:\/\/www.wojoer.de\/"},{"@type":"ListItem","position":2,"name":"SHOP","item":"https:\/\/www.wojoer.de\/shop\/"},{"@type":"ListItem","position":3,"name":"Neopren Tanga Body 309S2"}]},{"@type":"WebSite","@id":"https:\/\/www.wojoer.de\/#website","url":"https:\/\/www.wojoer.de\/","name":"WOJOER","description":"clubwear for men","publisher":{"@id":"https:\/\/www.wojoer.de\/#organization"},"potentialAction":[{"@type":"SearchAction","target":{"@type":"EntryPoint","urlTemplate":"https:\/\/www.wojoer.de\/?s={search_term_string}"},"query-input":{"@type":"PropertyValueSpecification","valueRequired":true,"valueName":"search_term_string"}}],"inLanguage":"en-GB"},{"@type":"Organization","@id":"https:\/\/www.wojoer.de\/#organization","name":"Wonneberger-Manufaktur","url":"https:\/\/www.wojoer.de\/","logo":{"@type":"ImageObject","inLanguage":"en-GB","@id":"https:\/\/www.wojoer.de\/#\/schema\/logo\/image\/","url":"https:\/\/www.wojoer.de\/wp-content\/uploads\/2016\/11\/wonnebergermanufaktur_logo_BUTTON.png","contentUrl":"https:\/\/www.wojoer.de\/wp-content\/uploads\/2016\/11\/wonnebergermanufaktur_logo_BUTTON.png","width":765,"height":765,"caption":"Wonneberger-Manufaktur"},"image":{"@id":"https:\/\/www.wojoer.de\/#\/schema\/logo\/image\/"},"sameAs":["https:\/\/www.facebook.com\/wojoer\/","https:\/\/de.pinterest.com\/W0J0ER\/"]}]}},"_links":{"self":[{"href":"https:\/\/www.wojoer.de\/en\/wp-json\/wp\/v2\/product\/10564","targetHints":{"allow":["GET"]}}],"collection":[{"href":"https:\/\/www.wojoer.de\/en\/wp-json\/wp\/v2\/product"}],"about":[{"href":"https:\/\/www.wojoer.de\/en\/wp-json\/wp\/v2\/types\/product"}],"replies":[{"embeddable":true,"href":"https:\/\/www.wojoer.de\/en\/wp-json\/wp\/v2\/comments?post=10564"}],"wp:featuredmedia":[{"embeddable":true,"href":"https:\/\/www.wojoer.de\/en\/wp-json\/wp\/v2\/media\/10471"}],"wp:attachment":[{"href":"https:\/\/www.wojoer.de\/en\/wp-json\/wp\/v2\/media?parent=10564"}],"wp:term":[{"taxonomy":"product_brand","embeddable":true,"href":"https:\/\/www.wojoer.de\/en\/wp-json\/wp\/v2\/product_brand?post=10564"},{"taxonomy":"product_cat","embeddable":true,"href":"https:\/\/www.wojoer.de\/en\/wp-json\/wp\/v2\/product_cat?post=10564"},{"taxonomy":"product_tag","embeddable":true,"href":"https:\/\/www.wojoer.de\/en\/wp-json\/wp\/v2\/product_tag?post=10564"}],"curies":[{"name":"wp","href":"https:\/\/api.w.org\/{rel}","templated":true}]}}