{"id":10584,"date":"2018-08-10T11:22:43","date_gmt":"2018-08-10T09:22:43","guid":{"rendered":"https:\/\/www.wojoer.de\/produkt\/deserto-schmalissimo-string\/"},"modified":"2023-10-25T14:00:50","modified_gmt":"2023-10-25T12:00:50","slug":"deserto-schmalissimo-string","status":"publish","type":"product","link":"https:\/\/www.wojoer.de\/en\/produkt\/deserto-schmalissimo-string\/","title":{"rendered":"DESERTO SCHMALISSIMO STRING mit Rei\u00dfverschluss"},"content":{"rendered":"<p>Der Deserto String mit Rei\u00dfverschluss 361E700.1 geh\u00f6rt zu den Wojoer LIVE-Produkten. Sie werden ab Bestellung bei uns produziert. So k\u00f6nnen wir auf Kundenw\u00fcnsche individuell eingehen.<\/p>\n<h3>Gr\u00f6\u00dfen<\/h3>\n<p>Erh\u00e4ltlich in den Gr\u00f6\u00dfen S, M, L, XL<\/p>\n<h3>Materialzusammensetzung<\/h3>\n<p>95% Polyester, 5% Elasthan<\/p>\n<h3>Besonderheiten<\/h3>\n<p><a href=\"http:\/\/www.wojoer.de\/?s=LIVE&#038;post_type=product\">LIVE-Produkt<\/a> \u00a0| elegant gl\u00e4nzende Oberfl\u00e4chenoptik | knapper Schnitt | Quick Fun Aktion<\/p>\n<p>&nbsp;<\/p>\n<h3>Benutzerhinweise<\/h3>\n<p>Handw\u00e4sche<\/p>\n<h3>DESERTO SCHMALISSIMO STRING mit Rei\u00dfverschluss<\/h3>\n<p>Elegant und wahnsinnig knapp? Und dazu noch ein einzigartiges auffallendes Muster? Dann sprechen alle von dem Deserto String. Mit perfekt sitzenden Passform gibt dieser String deinem Po die perfekte Silhouette.\u00a0 Abgesehen davon sorgt der Rei\u00dfverschluss f\u00fcr einen ganz besonderen Blickfang, er l\u00e4sst sich leicht und schnell \u00f6ffnen und schlie\u00dfen. Der Rei\u00dfverschluss mit Untertritt sorgt daf\u00fcr, dass nichts eingeklemmt wird. Dieses geile Teil gibt es nat\u00fcrlich wie immer in mehreren Ausf\u00fchrungen.<\/p>\n<p><span class=\"sku_wrapper\"><span class=\"sku\">Den Deserto Schmalissimo String 361E700.1<\/span><\/span> kannst Du jetzt g\u00fcnstig onlinebestellen und reihenweise K\u00f6pfe verdrehen<\/p>\n","protected":false},"excerpt":{"rendered":"<p>Der Deserto String mit Rei\u00dfverschluss 361E700.1 geh\u00f6rt zu den Wojoer LIVE-Produkten. Sie werden ab Bestellung bei uns produziert. So k\u00f6nnen wir auf Kundenw\u00fcnsche individuell eingehen.<br \/>\nGr\u00f6\u00dfen<br \/>\nErh\u00e4ltlich in den Gr\u00f6\u00dfen S, M, L, XL<br \/>\nMaterialzusammensetzung<br \/>\n95% Polyester, 5% Elasthan<br \/>\nBesonderheiten<br \/>\nLIVE-Produkt \u00a0| elegant gl\u00e4nzende Oberfl\u00e4chenoptik |\u2026<\/p>\n","protected":false},"featured_media":10474,"comment_status":"open","ping_status":"closed","template":"","meta":[],"product_brand":[],"product_cat":[821,116,473,195,326],"product_tag":[250,303,189],"class_list":{"0":"post-10584","1":"product","2":"type-product","3":"status-publish","4":"has-post-thumbnail","6":"product_cat-361-deserto","7":"product_cat-clubwear","8":"product_cat-men","9":"product_cat-produktion-auf-bestellung-liveproduktion","10":"product_cat-wojoer","11":"product_tag-funktion","12":"product_tag-glitzer","13":"product_tag-reissverschluss","14":"product_shipping_class-beun","15":"pa_farbe-gruen","16":"pa_groesse-l","17":"pa_groesse-m","18":"pa_groesse-s","19":"pa_groesse-xl","20":"pif-has-gallery","21":"post-1","22":"odd","24":"first","25":"instock","26":"taxable","27":"shipping-taxable","28":"purchasable","29":"product-type-variable","30":"has-default-attributes"},"yoast_head":"<!-- This site is optimized with the Yoast SEO plugin v27.2 - https:\/\/yoast.com\/product\/yoast-seo-wordpress\/ -->\n<title>Schmalissimo String mit Rei\u00dfverschluss gl\u00e4nzend glitzernn WOJOER<\/title>\n<meta name=\"description\" content=\"Deserto Schmalissimo String mit Rei\u00dfverschluss gl\u00e4nzend glitzern. Versandkostenfrei innerhalb Deutschlands bestellen\" \/>\n<meta name=\"robots\" content=\"index, follow, max-snippet:-1, max-image-preview:large, max-video-preview:-1\" \/>\n<link rel=\"canonical\" href=\"https:\/\/www.wojoer.de\/en\/produkt\/deserto-schmalissimo-string\/\" \/>\n<meta name=\"twitter:card\" content=\"summary_large_image\" \/>\n<meta name=\"twitter:title\" content=\"Schmalissimo String mit Rei\u00dfverschluss gl\u00e4nzend glitzernn WOJOER\" \/>\n<meta name=\"twitter:description\" content=\"Deserto Schmalissimo String mit Rei\u00dfverschluss gl\u00e4nzend glitzern. Versandkostenfrei innerhalb Deutschlands bestellen\" \/>\n<meta name=\"twitter:image\" content=\"https:\/\/www.wojoer.de\/wp-content\/uploads\/2018\/07\/361E7001_Deserto_Schmalissimo_gruen_detail_wojoer.jpg\" \/>\n<meta name=\"twitter:label1\" content=\"Estimated reading time\" \/>\n\t<meta name=\"twitter:data1\" content=\"1 minute\" \/>\n<script type=\"application\/ld+json\" class=\"yoast-schema-graph\">{\"@context\":\"https:\/\/schema.org\",\"@graph\":[{\"@type\":\"WebPage\",\"@id\":\"https:\/\/www.wojoer.de\/produkt\/deserto-schmalissimo-string\/\",\"url\":\"https:\/\/www.wojoer.de\/produkt\/deserto-schmalissimo-string\/\",\"name\":\"Schmalissimo String mit Rei\u00dfverschluss gl\u00e4nzend glitzernn WOJOER\",\"isPartOf\":{\"@id\":\"https:\/\/www.wojoer.de\/#website\"},\"primaryImageOfPage\":{\"@id\":\"https:\/\/www.wojoer.de\/produkt\/deserto-schmalissimo-string\/#primaryimage\"},\"image\":{\"@id\":\"https:\/\/www.wojoer.de\/produkt\/deserto-schmalissimo-string\/#primaryimage\"},\"thumbnailUrl\":\"https:\/\/www.wojoer.de\/wp-content\/uploads\/2018\/07\/361E7001_Deserto_Schmalissimo_gruen_detail_wojoer.jpg\",\"datePublished\":\"2018-08-10T09:22:43+00:00\",\"dateModified\":\"2023-10-25T12:00:50+00:00\",\"description\":\"Deserto Schmalissimo String mit Rei\u00dfverschluss gl\u00e4nzend glitzern. Versandkostenfrei innerhalb Deutschlands bestellen\",\"breadcrumb\":{\"@id\":\"https:\/\/www.wojoer.de\/produkt\/deserto-schmalissimo-string\/#breadcrumb\"},\"inLanguage\":\"en-GB\",\"potentialAction\":[{\"@type\":\"ReadAction\",\"target\":[\"https:\/\/www.wojoer.de\/produkt\/deserto-schmalissimo-string\/\"]}]},{\"@type\":\"ImageObject\",\"inLanguage\":\"en-GB\",\"@id\":\"https:\/\/www.wojoer.de\/produkt\/deserto-schmalissimo-string\/#primaryimage\",\"url\":\"https:\/\/www.wojoer.de\/wp-content\/uploads\/2018\/07\/361E7001_Deserto_Schmalissimo_gruen_detail_wojoer.jpg\",\"contentUrl\":\"https:\/\/www.wojoer.de\/wp-content\/uploads\/2018\/07\/361E7001_Deserto_Schmalissimo_gruen_detail_wojoer.jpg\",\"width\":2002,\"height\":2002,\"caption\":\"String mit Reisverschluss Herren\"},{\"@type\":\"BreadcrumbList\",\"@id\":\"https:\/\/www.wojoer.de\/produkt\/deserto-schmalissimo-string\/#breadcrumb\",\"itemListElement\":[{\"@type\":\"ListItem\",\"position\":1,\"name\":\"Startseite\",\"item\":\"https:\/\/www.wojoer.de\/\"},{\"@type\":\"ListItem\",\"position\":2,\"name\":\"SHOP\",\"item\":\"https:\/\/www.wojoer.de\/shop\/\"},{\"@type\":\"ListItem\",\"position\":3,\"name\":\"DESERTO SCHMALISSIMO STRING mit Rei\u00dfverschluss\"}]},{\"@type\":\"WebSite\",\"@id\":\"https:\/\/www.wojoer.de\/#website\",\"url\":\"https:\/\/www.wojoer.de\/\",\"name\":\"WOJOER\",\"description\":\"clubwear for men\",\"publisher\":{\"@id\":\"https:\/\/www.wojoer.de\/#organization\"},\"potentialAction\":[{\"@type\":\"SearchAction\",\"target\":{\"@type\":\"EntryPoint\",\"urlTemplate\":\"https:\/\/www.wojoer.de\/?s={search_term_string}\"},\"query-input\":{\"@type\":\"PropertyValueSpecification\",\"valueRequired\":true,\"valueName\":\"search_term_string\"}}],\"inLanguage\":\"en-GB\"},{\"@type\":\"Organization\",\"@id\":\"https:\/\/www.wojoer.de\/#organization\",\"name\":\"Wonneberger-Manufaktur\",\"url\":\"https:\/\/www.wojoer.de\/\",\"logo\":{\"@type\":\"ImageObject\",\"inLanguage\":\"en-GB\",\"@id\":\"https:\/\/www.wojoer.de\/#\/schema\/logo\/image\/\",\"url\":\"https:\/\/www.wojoer.de\/wp-content\/uploads\/2016\/11\/wonnebergermanufaktur_logo_BUTTON.png\",\"contentUrl\":\"https:\/\/www.wojoer.de\/wp-content\/uploads\/2016\/11\/wonnebergermanufaktur_logo_BUTTON.png\",\"width\":765,\"height\":765,\"caption\":\"Wonneberger-Manufaktur\"},\"image\":{\"@id\":\"https:\/\/www.wojoer.de\/#\/schema\/logo\/image\/\"},\"sameAs\":[\"https:\/\/www.facebook.com\/wojoer\/\",\"https:\/\/de.pinterest.com\/W0J0ER\/\"]}]}<\/script>\n<!-- \/ Yoast SEO plugin. -->","yoast_head_json":{"title":"Schmalissimo String mit Rei\u00dfverschluss gl\u00e4nzend glitzernn WOJOER","description":"Deserto Schmalissimo String mit Rei\u00dfverschluss gl\u00e4nzend glitzern. Versandkostenfrei innerhalb Deutschlands bestellen","robots":{"index":"index","follow":"follow","max-snippet":"max-snippet:-1","max-image-preview":"max-image-preview:large","max-video-preview":"max-video-preview:-1"},"canonical":"https:\/\/www.wojoer.de\/en\/produkt\/deserto-schmalissimo-string\/","twitter_card":"summary_large_image","twitter_title":"Schmalissimo String mit Rei\u00dfverschluss gl\u00e4nzend glitzernn WOJOER","twitter_description":"Deserto Schmalissimo String mit Rei\u00dfverschluss gl\u00e4nzend glitzern. Versandkostenfrei innerhalb Deutschlands bestellen","twitter_image":"https:\/\/www.wojoer.de\/wp-content\/uploads\/2018\/07\/361E7001_Deserto_Schmalissimo_gruen_detail_wojoer.jpg","twitter_misc":{"Estimated reading time":"1 minute"},"schema":{"@context":"https:\/\/schema.org","@graph":[{"@type":"WebPage","@id":"https:\/\/www.wojoer.de\/produkt\/deserto-schmalissimo-string\/","url":"https:\/\/www.wojoer.de\/produkt\/deserto-schmalissimo-string\/","name":"Schmalissimo String mit Rei\u00dfverschluss gl\u00e4nzend glitzernn WOJOER","isPartOf":{"@id":"https:\/\/www.wojoer.de\/#website"},"primaryImageOfPage":{"@id":"https:\/\/www.wojoer.de\/produkt\/deserto-schmalissimo-string\/#primaryimage"},"image":{"@id":"https:\/\/www.wojoer.de\/produkt\/deserto-schmalissimo-string\/#primaryimage"},"thumbnailUrl":"https:\/\/www.wojoer.de\/wp-content\/uploads\/2018\/07\/361E7001_Deserto_Schmalissimo_gruen_detail_wojoer.jpg","datePublished":"2018-08-10T09:22:43+00:00","dateModified":"2023-10-25T12:00:50+00:00","description":"Deserto Schmalissimo String mit Rei\u00dfverschluss gl\u00e4nzend glitzern. Versandkostenfrei innerhalb Deutschlands bestellen","breadcrumb":{"@id":"https:\/\/www.wojoer.de\/produkt\/deserto-schmalissimo-string\/#breadcrumb"},"inLanguage":"en-GB","potentialAction":[{"@type":"ReadAction","target":["https:\/\/www.wojoer.de\/produkt\/deserto-schmalissimo-string\/"]}]},{"@type":"ImageObject","inLanguage":"en-GB","@id":"https:\/\/www.wojoer.de\/produkt\/deserto-schmalissimo-string\/#primaryimage","url":"https:\/\/www.wojoer.de\/wp-content\/uploads\/2018\/07\/361E7001_Deserto_Schmalissimo_gruen_detail_wojoer.jpg","contentUrl":"https:\/\/www.wojoer.de\/wp-content\/uploads\/2018\/07\/361E7001_Deserto_Schmalissimo_gruen_detail_wojoer.jpg","width":2002,"height":2002,"caption":"String mit Reisverschluss Herren"},{"@type":"BreadcrumbList","@id":"https:\/\/www.wojoer.de\/produkt\/deserto-schmalissimo-string\/#breadcrumb","itemListElement":[{"@type":"ListItem","position":1,"name":"Startseite","item":"https:\/\/www.wojoer.de\/"},{"@type":"ListItem","position":2,"name":"SHOP","item":"https:\/\/www.wojoer.de\/shop\/"},{"@type":"ListItem","position":3,"name":"DESERTO SCHMALISSIMO STRING mit Rei\u00dfverschluss"}]},{"@type":"WebSite","@id":"https:\/\/www.wojoer.de\/#website","url":"https:\/\/www.wojoer.de\/","name":"WOJOER","description":"clubwear for men","publisher":{"@id":"https:\/\/www.wojoer.de\/#organization"},"potentialAction":[{"@type":"SearchAction","target":{"@type":"EntryPoint","urlTemplate":"https:\/\/www.wojoer.de\/?s={search_term_string}"},"query-input":{"@type":"PropertyValueSpecification","valueRequired":true,"valueName":"search_term_string"}}],"inLanguage":"en-GB"},{"@type":"Organization","@id":"https:\/\/www.wojoer.de\/#organization","name":"Wonneberger-Manufaktur","url":"https:\/\/www.wojoer.de\/","logo":{"@type":"ImageObject","inLanguage":"en-GB","@id":"https:\/\/www.wojoer.de\/#\/schema\/logo\/image\/","url":"https:\/\/www.wojoer.de\/wp-content\/uploads\/2016\/11\/wonnebergermanufaktur_logo_BUTTON.png","contentUrl":"https:\/\/www.wojoer.de\/wp-content\/uploads\/2016\/11\/wonnebergermanufaktur_logo_BUTTON.png","width":765,"height":765,"caption":"Wonneberger-Manufaktur"},"image":{"@id":"https:\/\/www.wojoer.de\/#\/schema\/logo\/image\/"},"sameAs":["https:\/\/www.facebook.com\/wojoer\/","https:\/\/de.pinterest.com\/W0J0ER\/"]}]}},"_links":{"self":[{"href":"https:\/\/www.wojoer.de\/en\/wp-json\/wp\/v2\/product\/10584","targetHints":{"allow":["GET"]}}],"collection":[{"href":"https:\/\/www.wojoer.de\/en\/wp-json\/wp\/v2\/product"}],"about":[{"href":"https:\/\/www.wojoer.de\/en\/wp-json\/wp\/v2\/types\/product"}],"replies":[{"embeddable":true,"href":"https:\/\/www.wojoer.de\/en\/wp-json\/wp\/v2\/comments?post=10584"}],"wp:featuredmedia":[{"embeddable":true,"href":"https:\/\/www.wojoer.de\/en\/wp-json\/wp\/v2\/media\/10474"}],"wp:attachment":[{"href":"https:\/\/www.wojoer.de\/en\/wp-json\/wp\/v2\/media?parent=10584"}],"wp:term":[{"taxonomy":"product_brand","embeddable":true,"href":"https:\/\/www.wojoer.de\/en\/wp-json\/wp\/v2\/product_brand?post=10584"},{"taxonomy":"product_cat","embeddable":true,"href":"https:\/\/www.wojoer.de\/en\/wp-json\/wp\/v2\/product_cat?post=10584"},{"taxonomy":"product_tag","embeddable":true,"href":"https:\/\/www.wojoer.de\/en\/wp-json\/wp\/v2\/product_tag?post=10584"}],"curies":[{"name":"wp","href":"https:\/\/api.w.org\/{rel}","templated":true}]}}