{"id":10644,"date":"2018-08-10T08:20:51","date_gmt":"2018-08-10T06:20:51","guid":{"rendered":"https:\/\/www.wojoer.de\/produkt\/string-tanga-pink-glaenzend-glitzern\/"},"modified":"2025-06-18T18:40:24","modified_gmt":"2025-06-18T16:40:24","slug":"string-pink-glaenzend-glitzern","status":"publish","type":"product","link":"https:\/\/www.wojoer.de\/en\/produkt\/string-pink-glaenzend-glitzern\/","title":{"rendered":"PINK GECKO SCHMALISSIMO PINK 362E700"},"content":{"rendered":"<p>Der PINK GECKO String 362E700 geh\u00f6rt zu den Wojoer LIVE-Produkten. Sie werden ab Bestellung bei uns produziert. So k\u00f6nnen wir auf Kundenw\u00fcnsche individuell eingehen.<\/p>\n<h3>Gr\u00f6\u00dfen<\/h3>\n<p>Erh\u00e4ltlich in den Gr\u00f6\u00dfen S, M, L, XL<\/p>\n<h3>Materialzusammensetzung<\/h3>\n<p>95% Polyester, 5% Elasthan<\/p>\n<h3>Besonderheiten<\/h3>\n<p><a href=\"http:\/\/www.wojoer.de\/?s=LIVE&#038;post_type=product\">LIVE-Produkt<\/a> \u00a0|vorgeformtes Suspensorium| elegant gl\u00e4nzende Oberfl\u00e4chenoptik | knapper Schnitt | auffallend s\u00fc\u00df | Hochwertige Verarbeitung made in Germany<\/p>\n<h3>Benutzerhinweise<\/h3>\n<p>Handw\u00e4sche<\/p>\n<h3>PINK GECKO SCHMALISSIMO STRING<\/h3>\n<p>Gewagt aber gefragt<span class=\"hiddenGrammarError\">!!<\/span>! Perfekt sitzender pinker String in einem Elegant gl\u00e4nzendem Look. Die perfekte <span class=\"hiddenSpellError\">Underwear<\/span> f\u00fcr den Club, denn damit f\u00e4llst du garantiert auf und die anderen \u00fcber dich her. Au\u00dferdem ist die weiche Oberfl\u00e4chenoptik der Wahnsinn, sie ist glamour\u00f6s und zugleich sexy verspielt. So ein String sollte in keinem W\u00e4scheschrank fehlen.<\/p>\n<p>Den Pink Gecko <span class=\"hiddenSpellError\">Schmalissimo<\/span> String 362E700 kannst du jetzt g\u00fcnstig online bestellen und noch mehr hochwertige Teile zu fairen Preisen abstauben.<\/p>\n","protected":false},"excerpt":{"rendered":"<p>Der PINK GECKO String 362E700 geh\u00f6rt zu den Wojoer LIVE-Produkten. Sie werden ab Bestellung bei uns produziert. So k\u00f6nnen wir auf Kundenw\u00fcnsche individuell eingehen.<br \/>\nGr\u00f6\u00dfen<br \/>\nErh\u00e4ltlich in den Gr\u00f6\u00dfen S, M, L, XL<br \/>\nMaterialzusammensetzung<br \/>\n95% Polyester, 5% Elasthan<br \/>\nBesonderheiten<br \/>\nLIVE-Produkt \u00a0|vorgeformtes Suspensorium| elegant gl\u00e4nzende Oberfl\u00e4chenoptik |\u2026<\/p>\n","protected":false},"featured_media":10500,"comment_status":"open","ping_status":"closed","template":"","meta":[],"product_brand":[],"product_cat":[822,116,473,195,326],"product_tag":[250,303,189],"class_list":{"0":"post-10644","1":"product","2":"type-product","3":"status-publish","4":"has-post-thumbnail","6":"product_cat-362-pink-gecko","7":"product_cat-clubwear","8":"product_cat-men","9":"product_cat-produktion-auf-bestellung-liveproduktion","10":"product_cat-wojoer","11":"product_tag-funktion","12":"product_tag-glitzer","13":"product_tag-reissverschluss","14":"product_shipping_class-beun","15":"pa_farbe-pink","16":"pa_groesse-l","17":"pa_groesse-m","18":"pa_groesse-s","19":"pa_groesse-xl","20":"pif-has-gallery","21":"post-1","22":"odd","24":"first","25":"instock","26":"taxable","27":"shipping-taxable","28":"purchasable","29":"product-type-variable","30":"has-default-attributes"},"yoast_head":"<!-- This site is optimized with the Yoast SEO plugin v27.2 - https:\/\/yoast.com\/product\/yoast-seo-wordpress\/ -->\n<title>Schmalissimo String gl\u00e4nzend glitzern | Schuppen Optik | WOJOER<\/title>\n<meta name=\"description\" content=\"String, gl\u00e4nzend, glitzern, pink, Neonfarben,Pink Gecko. Meerjungfrau-Style. Wojoer Versandkostenfrei innerhalb Deutschlands bestellen\" \/>\n<meta name=\"robots\" content=\"index, follow, max-snippet:-1, max-image-preview:large, max-video-preview:-1\" \/>\n<link rel=\"canonical\" href=\"https:\/\/www.wojoer.de\/en\/produkt\/string-pink-glaenzend-glitzern\/\" \/>\n<meta name=\"twitter:card\" content=\"summary_large_image\" \/>\n<meta name=\"twitter:title\" content=\"Schmalissimo String gl\u00e4nzend glitzern | Schuppen Optik | WOJOER\" \/>\n<meta name=\"twitter:description\" content=\"String, gl\u00e4nzend, glitzern, pink, Neonfarben,Pink Gecko. Meerjungfrau-Style. Wojoer Versandkostenfrei innerhalb Deutschlands bestellen\" \/>\n<meta name=\"twitter:image\" content=\"https:\/\/www.wojoer.de\/wp-content\/uploads\/2018\/07\/362E700_pink_gecko_schmalissimo_wojoer.jpg\" \/>\n<meta name=\"twitter:label1\" content=\"Estimated reading time\" \/>\n\t<meta name=\"twitter:data1\" content=\"1 minute\" \/>\n<script type=\"application\/ld+json\" class=\"yoast-schema-graph\">{\"@context\":\"https:\/\/schema.org\",\"@graph\":[{\"@type\":\"WebPage\",\"@id\":\"https:\/\/www.wojoer.de\/en\/produkt\/string-pink-glaenzend-glitzern\/\",\"url\":\"https:\/\/www.wojoer.de\/en\/produkt\/string-pink-glaenzend-glitzern\/\",\"name\":\"Schmalissimo String gl\u00e4nzend glitzern | Schuppen Optik | WOJOER\",\"isPartOf\":{\"@id\":\"https:\/\/www.wojoer.de\/#website\"},\"primaryImageOfPage\":{\"@id\":\"https:\/\/www.wojoer.de\/en\/produkt\/string-pink-glaenzend-glitzern\/#primaryimage\"},\"image\":{\"@id\":\"https:\/\/www.wojoer.de\/en\/produkt\/string-pink-glaenzend-glitzern\/#primaryimage\"},\"thumbnailUrl\":\"https:\/\/www.wojoer.de\/wp-content\/uploads\/2018\/07\/362E700_pink_gecko_schmalissimo_wojoer.jpg\",\"datePublished\":\"2018-08-10T06:20:51+00:00\",\"dateModified\":\"2025-06-18T16:40:24+00:00\",\"description\":\"String, gl\u00e4nzend, glitzern, pink, Neonfarben,Pink Gecko. Meerjungfrau-Style. Wojoer Versandkostenfrei innerhalb Deutschlands bestellen\",\"breadcrumb\":{\"@id\":\"https:\/\/www.wojoer.de\/en\/produkt\/string-pink-glaenzend-glitzern\/#breadcrumb\"},\"inLanguage\":\"en-GB\",\"potentialAction\":[{\"@type\":\"ReadAction\",\"target\":[\"https:\/\/www.wojoer.de\/en\/produkt\/string-pink-glaenzend-glitzern\/\"]}]},{\"@type\":\"ImageObject\",\"inLanguage\":\"en-GB\",\"@id\":\"https:\/\/www.wojoer.de\/en\/produkt\/string-pink-glaenzend-glitzern\/#primaryimage\",\"url\":\"https:\/\/www.wojoer.de\/wp-content\/uploads\/2018\/07\/362E700_pink_gecko_schmalissimo_wojoer.jpg\",\"contentUrl\":\"https:\/\/www.wojoer.de\/wp-content\/uploads\/2018\/07\/362E700_pink_gecko_schmalissimo_wojoer.jpg\",\"width\":2002,\"height\":2002,\"caption\":\"Pink String Herren Tanga glanz\"},{\"@type\":\"BreadcrumbList\",\"@id\":\"https:\/\/www.wojoer.de\/en\/produkt\/string-pink-glaenzend-glitzern\/#breadcrumb\",\"itemListElement\":[{\"@type\":\"ListItem\",\"position\":1,\"name\":\"Startseite\",\"item\":\"https:\/\/www.wojoer.de\/\"},{\"@type\":\"ListItem\",\"position\":2,\"name\":\"SHOP\",\"item\":\"https:\/\/www.wojoer.de\/shop\/\"},{\"@type\":\"ListItem\",\"position\":3,\"name\":\"PINK GECKO SCHMALISSIMO PINK 362E700\"}]},{\"@type\":\"WebSite\",\"@id\":\"https:\/\/www.wojoer.de\/#website\",\"url\":\"https:\/\/www.wojoer.de\/\",\"name\":\"WOJOER\",\"description\":\"clubwear for men\",\"publisher\":{\"@id\":\"https:\/\/www.wojoer.de\/#organization\"},\"potentialAction\":[{\"@type\":\"SearchAction\",\"target\":{\"@type\":\"EntryPoint\",\"urlTemplate\":\"https:\/\/www.wojoer.de\/?s={search_term_string}\"},\"query-input\":{\"@type\":\"PropertyValueSpecification\",\"valueRequired\":true,\"valueName\":\"search_term_string\"}}],\"inLanguage\":\"en-GB\"},{\"@type\":\"Organization\",\"@id\":\"https:\/\/www.wojoer.de\/#organization\",\"name\":\"Wonneberger-Manufaktur\",\"url\":\"https:\/\/www.wojoer.de\/\",\"logo\":{\"@type\":\"ImageObject\",\"inLanguage\":\"en-GB\",\"@id\":\"https:\/\/www.wojoer.de\/#\/schema\/logo\/image\/\",\"url\":\"https:\/\/www.wojoer.de\/wp-content\/uploads\/2016\/11\/wonnebergermanufaktur_logo_BUTTON.png\",\"contentUrl\":\"https:\/\/www.wojoer.de\/wp-content\/uploads\/2016\/11\/wonnebergermanufaktur_logo_BUTTON.png\",\"width\":765,\"height\":765,\"caption\":\"Wonneberger-Manufaktur\"},\"image\":{\"@id\":\"https:\/\/www.wojoer.de\/#\/schema\/logo\/image\/\"},\"sameAs\":[\"https:\/\/www.facebook.com\/wojoer\/\",\"https:\/\/de.pinterest.com\/W0J0ER\/\"]}]}<\/script>\n<!-- \/ Yoast SEO plugin. -->","yoast_head_json":{"title":"Schmalissimo String gl\u00e4nzend glitzern | Schuppen Optik | WOJOER","description":"String, gl\u00e4nzend, glitzern, pink, Neonfarben,Pink Gecko. Meerjungfrau-Style. Wojoer Versandkostenfrei innerhalb Deutschlands bestellen","robots":{"index":"index","follow":"follow","max-snippet":"max-snippet:-1","max-image-preview":"max-image-preview:large","max-video-preview":"max-video-preview:-1"},"canonical":"https:\/\/www.wojoer.de\/en\/produkt\/string-pink-glaenzend-glitzern\/","twitter_card":"summary_large_image","twitter_title":"Schmalissimo String gl\u00e4nzend glitzern | Schuppen Optik | WOJOER","twitter_description":"String, gl\u00e4nzend, glitzern, pink, Neonfarben,Pink Gecko. Meerjungfrau-Style. Wojoer Versandkostenfrei innerhalb Deutschlands bestellen","twitter_image":"https:\/\/www.wojoer.de\/wp-content\/uploads\/2018\/07\/362E700_pink_gecko_schmalissimo_wojoer.jpg","twitter_misc":{"Estimated reading time":"1 minute"},"schema":{"@context":"https:\/\/schema.org","@graph":[{"@type":"WebPage","@id":"https:\/\/www.wojoer.de\/en\/produkt\/string-pink-glaenzend-glitzern\/","url":"https:\/\/www.wojoer.de\/en\/produkt\/string-pink-glaenzend-glitzern\/","name":"Schmalissimo String gl\u00e4nzend glitzern | Schuppen Optik | WOJOER","isPartOf":{"@id":"https:\/\/www.wojoer.de\/#website"},"primaryImageOfPage":{"@id":"https:\/\/www.wojoer.de\/en\/produkt\/string-pink-glaenzend-glitzern\/#primaryimage"},"image":{"@id":"https:\/\/www.wojoer.de\/en\/produkt\/string-pink-glaenzend-glitzern\/#primaryimage"},"thumbnailUrl":"https:\/\/www.wojoer.de\/wp-content\/uploads\/2018\/07\/362E700_pink_gecko_schmalissimo_wojoer.jpg","datePublished":"2018-08-10T06:20:51+00:00","dateModified":"2025-06-18T16:40:24+00:00","description":"String, gl\u00e4nzend, glitzern, pink, Neonfarben,Pink Gecko. Meerjungfrau-Style. Wojoer Versandkostenfrei innerhalb Deutschlands bestellen","breadcrumb":{"@id":"https:\/\/www.wojoer.de\/en\/produkt\/string-pink-glaenzend-glitzern\/#breadcrumb"},"inLanguage":"en-GB","potentialAction":[{"@type":"ReadAction","target":["https:\/\/www.wojoer.de\/en\/produkt\/string-pink-glaenzend-glitzern\/"]}]},{"@type":"ImageObject","inLanguage":"en-GB","@id":"https:\/\/www.wojoer.de\/en\/produkt\/string-pink-glaenzend-glitzern\/#primaryimage","url":"https:\/\/www.wojoer.de\/wp-content\/uploads\/2018\/07\/362E700_pink_gecko_schmalissimo_wojoer.jpg","contentUrl":"https:\/\/www.wojoer.de\/wp-content\/uploads\/2018\/07\/362E700_pink_gecko_schmalissimo_wojoer.jpg","width":2002,"height":2002,"caption":"Pink String Herren Tanga glanz"},{"@type":"BreadcrumbList","@id":"https:\/\/www.wojoer.de\/en\/produkt\/string-pink-glaenzend-glitzern\/#breadcrumb","itemListElement":[{"@type":"ListItem","position":1,"name":"Startseite","item":"https:\/\/www.wojoer.de\/"},{"@type":"ListItem","position":2,"name":"SHOP","item":"https:\/\/www.wojoer.de\/shop\/"},{"@type":"ListItem","position":3,"name":"PINK GECKO SCHMALISSIMO PINK 362E700"}]},{"@type":"WebSite","@id":"https:\/\/www.wojoer.de\/#website","url":"https:\/\/www.wojoer.de\/","name":"WOJOER","description":"clubwear for men","publisher":{"@id":"https:\/\/www.wojoer.de\/#organization"},"potentialAction":[{"@type":"SearchAction","target":{"@type":"EntryPoint","urlTemplate":"https:\/\/www.wojoer.de\/?s={search_term_string}"},"query-input":{"@type":"PropertyValueSpecification","valueRequired":true,"valueName":"search_term_string"}}],"inLanguage":"en-GB"},{"@type":"Organization","@id":"https:\/\/www.wojoer.de\/#organization","name":"Wonneberger-Manufaktur","url":"https:\/\/www.wojoer.de\/","logo":{"@type":"ImageObject","inLanguage":"en-GB","@id":"https:\/\/www.wojoer.de\/#\/schema\/logo\/image\/","url":"https:\/\/www.wojoer.de\/wp-content\/uploads\/2016\/11\/wonnebergermanufaktur_logo_BUTTON.png","contentUrl":"https:\/\/www.wojoer.de\/wp-content\/uploads\/2016\/11\/wonnebergermanufaktur_logo_BUTTON.png","width":765,"height":765,"caption":"Wonneberger-Manufaktur"},"image":{"@id":"https:\/\/www.wojoer.de\/#\/schema\/logo\/image\/"},"sameAs":["https:\/\/www.facebook.com\/wojoer\/","https:\/\/de.pinterest.com\/W0J0ER\/"]}]}},"_links":{"self":[{"href":"https:\/\/www.wojoer.de\/en\/wp-json\/wp\/v2\/product\/10644","targetHints":{"allow":["GET"]}}],"collection":[{"href":"https:\/\/www.wojoer.de\/en\/wp-json\/wp\/v2\/product"}],"about":[{"href":"https:\/\/www.wojoer.de\/en\/wp-json\/wp\/v2\/types\/product"}],"replies":[{"embeddable":true,"href":"https:\/\/www.wojoer.de\/en\/wp-json\/wp\/v2\/comments?post=10644"}],"wp:featuredmedia":[{"embeddable":true,"href":"https:\/\/www.wojoer.de\/en\/wp-json\/wp\/v2\/media\/10500"}],"wp:attachment":[{"href":"https:\/\/www.wojoer.de\/en\/wp-json\/wp\/v2\/media?parent=10644"}],"wp:term":[{"taxonomy":"product_brand","embeddable":true,"href":"https:\/\/www.wojoer.de\/en\/wp-json\/wp\/v2\/product_brand?post=10644"},{"taxonomy":"product_cat","embeddable":true,"href":"https:\/\/www.wojoer.de\/en\/wp-json\/wp\/v2\/product_cat?post=10644"},{"taxonomy":"product_tag","embeddable":true,"href":"https:\/\/www.wojoer.de\/en\/wp-json\/wp\/v2\/product_tag?post=10644"}],"curies":[{"name":"wp","href":"https:\/\/api.w.org\/{rel}","templated":true}]}}