{"id":10663,"date":"2018-08-10T09:34:26","date_gmt":"2018-08-10T07:34:26","guid":{"rendered":"https:\/\/www.wojoer.de\/produkt\/pink-gecko-string-pink\/"},"modified":"2025-06-25T22:13:08","modified_gmt":"2025-06-25T20:13:08","slug":"pink-gecko-string-pink","status":"publish","type":"product","link":"https:\/\/www.wojoer.de\/en\/produkt\/pink-gecko-string-pink\/","title":{"rendered":"PINK GECKO MINI PUSH UP STRING 362W356"},"content":{"rendered":"<p>Der PINK GECKO Push Up String geh\u00f6rt zu den Wojoer LIVE-Produkten. Sie werden ab Bestellung bei uns produziert. So k\u00f6nnen wir auf Kundenw\u00fcnsche individuell eingehen.<\/p>\n<h3>Gr\u00f6\u00dfen<\/h3>\n<p>Erh\u00e4ltlich in den Gr\u00f6\u00dfen S, M, L, XL<\/p>\n<h3>Materialzusammensetzung<\/h3>\n<p>95% Polyester, 5% Elasthan<\/p>\n<p>94% Polyester, 6% Elasthan<\/p>\n<h3>Besonderheiten<\/h3>\n<p><a href=\"http:\/\/www.wojoer.de\/?s=LIVE&#038;post_type=product\">LIVE-Produkt<\/a> \u00a0|Push UP Effekt| elegant gl\u00e4nzende Oberfl\u00e4chenoptik | knapper Schnitt | auffallend s\u00fc\u00df<\/p>\n<p>&nbsp;<\/p>\n<h3>Benutzerhinweise<\/h3>\n<p>Handw\u00e4sche<\/p>\n<h3>PINK GECKO STRING<\/h3>\n<p>Hei\u00dfe N\u00e4chte verlangen nach wenig Stoff und eigentlich braucht du sowieso nicht viel, um die Aufmerksamkeit auf dich zu lenken. Der Pink Gecko String ist daher genau das richtige f\u00fcr dich. Vorn knapp bedeckt mit einem \u00e4u\u00dferst pushenden Suspensorium. Deine R\u00fcckseite indes liegt vollkommen blo\u00df, offenbart einen knackigen Hintern und viel Haut die gern ber\u00fchrt werden m\u00f6chte.<\/p>\n<p><span class=\"sku_wrapper\"><span class=\"sku\">Den Pink Gecko Push Up String\u00a0362W356<\/span><\/span> kannst Du jetzt g\u00fcnstig online bestellen und noch mehr hochwertige Teile zu fairen Preisen abstauben.<\/p>\n","protected":false},"excerpt":{"rendered":"<p>Der PINK GECKO Push Up String geh\u00f6rt zu den Wojoer LIVE-Produkten. Sie werden ab Bestellung bei uns produziert. So k\u00f6nnen wir auf Kundenw\u00fcnsche individuell eingehen.<br \/>\nGr\u00f6\u00dfen<br \/>\nErh\u00e4ltlich in den Gr\u00f6\u00dfen S, M, L, XL<br \/>\nMaterialzusammensetzung<br \/>\n95% Polyester, 5% Elasthan<\/p>\n<p>94% Polyester, 6% Elasthan<br \/>\nBesonderheiten<br \/>\nLIVE-Produkt \u00a0|Push UP\u2026<\/p>\n","protected":false},"featured_media":10513,"comment_status":"open","ping_status":"closed","template":"","meta":[],"product_brand":[],"product_cat":[822,116,473,195,326],"product_tag":[241,250,303,102,273,295],"class_list":{"0":"post-10663","1":"product","2":"type-product","3":"status-publish","4":"has-post-thumbnail","6":"product_cat-362-pink-gecko","7":"product_cat-clubwear","8":"product_cat-men","9":"product_cat-produktion-auf-bestellung-liveproduktion","10":"product_cat-wojoer","11":"product_tag-mini-string-bulge-string-g-string","12":"product_tag-funktion","13":"product_tag-glitzer","14":"product_tag-hipster","15":"product_tag-pants","16":"product_tag-slip","17":"product_shipping_class-beun","18":"pa_groesse-l","19":"pa_groesse-m","20":"pa_groesse-s","21":"pa_groesse-xl","22":"pif-has-gallery","23":"post-1","24":"odd","26":"first","27":"onbackorder","28":"taxable","29":"shipping-taxable","30":"purchasable","31":"product-type-variable","32":"has-default-attributes"},"yoast_head":"<!-- This site is optimized with the Yoast SEO plugin v27.2 - https:\/\/yoast.com\/product\/yoast-seo-wordpress\/ -->\n<title>Push Up String Pink gl\u00e4nzend glitzern WOJOER LIve Produkt<\/title>\n<meta name=\"description\" content=\"Push Up String, gl\u00e4nzend, glitzern, pink, Neonfarben,Pink Gecko Wojoer Versandkostenfrei innerhalb Deutschlands bestellen\" \/>\n<meta name=\"robots\" content=\"index, follow, max-snippet:-1, max-image-preview:large, max-video-preview:-1\" \/>\n<link rel=\"canonical\" href=\"https:\/\/www.wojoer.de\/en\/produkt\/pink-gecko-string-pink\/\" \/>\n<meta name=\"twitter:card\" content=\"summary_large_image\" \/>\n<meta name=\"twitter:title\" content=\"Push Up String Pink gl\u00e4nzend glitzern WOJOER LIve Produkt\" \/>\n<meta name=\"twitter:description\" content=\"Push Up String, gl\u00e4nzend, glitzern, pink, Neonfarben,Pink Gecko Wojoer Versandkostenfrei innerhalb Deutschlands bestellen\" \/>\n<meta name=\"twitter:image\" content=\"https:\/\/www.wojoer.de\/wp-content\/uploads\/2018\/07\/362W356_pink_gecko_minipushup_string_wojoer-.jpg\" \/>\n<meta name=\"twitter:label1\" content=\"Estimated reading time\" \/>\n\t<meta name=\"twitter:data1\" content=\"1 minute\" \/>\n<script type=\"application\/ld+json\" class=\"yoast-schema-graph\">{\"@context\":\"https:\/\/schema.org\",\"@graph\":[{\"@type\":\"WebPage\",\"@id\":\"https:\/\/www.wojoer.de\/en\/produkt\/pink-gecko-string-pink\/\",\"url\":\"https:\/\/www.wojoer.de\/en\/produkt\/pink-gecko-string-pink\/\",\"name\":\"Push Up String Pink gl\u00e4nzend glitzern WOJOER LIve Produkt\",\"isPartOf\":{\"@id\":\"https:\/\/www.wojoer.de\/#website\"},\"primaryImageOfPage\":{\"@id\":\"https:\/\/www.wojoer.de\/en\/produkt\/pink-gecko-string-pink\/#primaryimage\"},\"image\":{\"@id\":\"https:\/\/www.wojoer.de\/en\/produkt\/pink-gecko-string-pink\/#primaryimage\"},\"thumbnailUrl\":\"https:\/\/www.wojoer.de\/wp-content\/uploads\/2018\/07\/362W356_pink_gecko_minipushup_string_wojoer-.jpg\",\"datePublished\":\"2018-08-10T07:34:26+00:00\",\"dateModified\":\"2025-06-25T20:13:08+00:00\",\"description\":\"Push Up String, gl\u00e4nzend, glitzern, pink, Neonfarben,Pink Gecko Wojoer Versandkostenfrei innerhalb Deutschlands bestellen\",\"breadcrumb\":{\"@id\":\"https:\/\/www.wojoer.de\/en\/produkt\/pink-gecko-string-pink\/#breadcrumb\"},\"inLanguage\":\"en-GB\",\"potentialAction\":[{\"@type\":\"ReadAction\",\"target\":[\"https:\/\/www.wojoer.de\/en\/produkt\/pink-gecko-string-pink\/\"]}]},{\"@type\":\"ImageObject\",\"inLanguage\":\"en-GB\",\"@id\":\"https:\/\/www.wojoer.de\/en\/produkt\/pink-gecko-string-pink\/#primaryimage\",\"url\":\"https:\/\/www.wojoer.de\/wp-content\/uploads\/2018\/07\/362W356_pink_gecko_minipushup_string_wojoer-.jpg\",\"contentUrl\":\"https:\/\/www.wojoer.de\/wp-content\/uploads\/2018\/07\/362W356_pink_gecko_minipushup_string_wojoer-.jpg\",\"width\":2002,\"height\":2002,\"caption\":\"Herren Push Up String Penisvergr\u00f6\u00dferung\"},{\"@type\":\"BreadcrumbList\",\"@id\":\"https:\/\/www.wojoer.de\/en\/produkt\/pink-gecko-string-pink\/#breadcrumb\",\"itemListElement\":[{\"@type\":\"ListItem\",\"position\":1,\"name\":\"Startseite\",\"item\":\"https:\/\/www.wojoer.de\/\"},{\"@type\":\"ListItem\",\"position\":2,\"name\":\"SHOP\",\"item\":\"https:\/\/www.wojoer.de\/shop\/\"},{\"@type\":\"ListItem\",\"position\":3,\"name\":\"PINK GECKO MINI PUSH UP STRING 362W356\"}]},{\"@type\":\"WebSite\",\"@id\":\"https:\/\/www.wojoer.de\/#website\",\"url\":\"https:\/\/www.wojoer.de\/\",\"name\":\"WOJOER\",\"description\":\"clubwear for men\",\"publisher\":{\"@id\":\"https:\/\/www.wojoer.de\/#organization\"},\"potentialAction\":[{\"@type\":\"SearchAction\",\"target\":{\"@type\":\"EntryPoint\",\"urlTemplate\":\"https:\/\/www.wojoer.de\/?s={search_term_string}\"},\"query-input\":{\"@type\":\"PropertyValueSpecification\",\"valueRequired\":true,\"valueName\":\"search_term_string\"}}],\"inLanguage\":\"en-GB\"},{\"@type\":\"Organization\",\"@id\":\"https:\/\/www.wojoer.de\/#organization\",\"name\":\"Wonneberger-Manufaktur\",\"url\":\"https:\/\/www.wojoer.de\/\",\"logo\":{\"@type\":\"ImageObject\",\"inLanguage\":\"en-GB\",\"@id\":\"https:\/\/www.wojoer.de\/#\/schema\/logo\/image\/\",\"url\":\"https:\/\/www.wojoer.de\/wp-content\/uploads\/2016\/11\/wonnebergermanufaktur_logo_BUTTON.png\",\"contentUrl\":\"https:\/\/www.wojoer.de\/wp-content\/uploads\/2016\/11\/wonnebergermanufaktur_logo_BUTTON.png\",\"width\":765,\"height\":765,\"caption\":\"Wonneberger-Manufaktur\"},\"image\":{\"@id\":\"https:\/\/www.wojoer.de\/#\/schema\/logo\/image\/\"},\"sameAs\":[\"https:\/\/www.facebook.com\/wojoer\/\",\"https:\/\/de.pinterest.com\/W0J0ER\/\"]}]}<\/script>\n<!-- \/ Yoast SEO plugin. -->","yoast_head_json":{"title":"Push Up String Pink gl\u00e4nzend glitzern WOJOER LIve Produkt","description":"Push Up String, gl\u00e4nzend, glitzern, pink, Neonfarben,Pink Gecko Wojoer Versandkostenfrei innerhalb Deutschlands bestellen","robots":{"index":"index","follow":"follow","max-snippet":"max-snippet:-1","max-image-preview":"max-image-preview:large","max-video-preview":"max-video-preview:-1"},"canonical":"https:\/\/www.wojoer.de\/en\/produkt\/pink-gecko-string-pink\/","twitter_card":"summary_large_image","twitter_title":"Push Up String Pink gl\u00e4nzend glitzern WOJOER LIve Produkt","twitter_description":"Push Up String, gl\u00e4nzend, glitzern, pink, Neonfarben,Pink Gecko Wojoer Versandkostenfrei innerhalb Deutschlands bestellen","twitter_image":"https:\/\/www.wojoer.de\/wp-content\/uploads\/2018\/07\/362W356_pink_gecko_minipushup_string_wojoer-.jpg","twitter_misc":{"Estimated reading time":"1 minute"},"schema":{"@context":"https:\/\/schema.org","@graph":[{"@type":"WebPage","@id":"https:\/\/www.wojoer.de\/en\/produkt\/pink-gecko-string-pink\/","url":"https:\/\/www.wojoer.de\/en\/produkt\/pink-gecko-string-pink\/","name":"Push Up String Pink gl\u00e4nzend glitzern WOJOER LIve Produkt","isPartOf":{"@id":"https:\/\/www.wojoer.de\/#website"},"primaryImageOfPage":{"@id":"https:\/\/www.wojoer.de\/en\/produkt\/pink-gecko-string-pink\/#primaryimage"},"image":{"@id":"https:\/\/www.wojoer.de\/en\/produkt\/pink-gecko-string-pink\/#primaryimage"},"thumbnailUrl":"https:\/\/www.wojoer.de\/wp-content\/uploads\/2018\/07\/362W356_pink_gecko_minipushup_string_wojoer-.jpg","datePublished":"2018-08-10T07:34:26+00:00","dateModified":"2025-06-25T20:13:08+00:00","description":"Push Up String, gl\u00e4nzend, glitzern, pink, Neonfarben,Pink Gecko Wojoer Versandkostenfrei innerhalb Deutschlands bestellen","breadcrumb":{"@id":"https:\/\/www.wojoer.de\/en\/produkt\/pink-gecko-string-pink\/#breadcrumb"},"inLanguage":"en-GB","potentialAction":[{"@type":"ReadAction","target":["https:\/\/www.wojoer.de\/en\/produkt\/pink-gecko-string-pink\/"]}]},{"@type":"ImageObject","inLanguage":"en-GB","@id":"https:\/\/www.wojoer.de\/en\/produkt\/pink-gecko-string-pink\/#primaryimage","url":"https:\/\/www.wojoer.de\/wp-content\/uploads\/2018\/07\/362W356_pink_gecko_minipushup_string_wojoer-.jpg","contentUrl":"https:\/\/www.wojoer.de\/wp-content\/uploads\/2018\/07\/362W356_pink_gecko_minipushup_string_wojoer-.jpg","width":2002,"height":2002,"caption":"Herren Push Up String Penisvergr\u00f6\u00dferung"},{"@type":"BreadcrumbList","@id":"https:\/\/www.wojoer.de\/en\/produkt\/pink-gecko-string-pink\/#breadcrumb","itemListElement":[{"@type":"ListItem","position":1,"name":"Startseite","item":"https:\/\/www.wojoer.de\/"},{"@type":"ListItem","position":2,"name":"SHOP","item":"https:\/\/www.wojoer.de\/shop\/"},{"@type":"ListItem","position":3,"name":"PINK GECKO MINI PUSH UP STRING 362W356"}]},{"@type":"WebSite","@id":"https:\/\/www.wojoer.de\/#website","url":"https:\/\/www.wojoer.de\/","name":"WOJOER","description":"clubwear for men","publisher":{"@id":"https:\/\/www.wojoer.de\/#organization"},"potentialAction":[{"@type":"SearchAction","target":{"@type":"EntryPoint","urlTemplate":"https:\/\/www.wojoer.de\/?s={search_term_string}"},"query-input":{"@type":"PropertyValueSpecification","valueRequired":true,"valueName":"search_term_string"}}],"inLanguage":"en-GB"},{"@type":"Organization","@id":"https:\/\/www.wojoer.de\/#organization","name":"Wonneberger-Manufaktur","url":"https:\/\/www.wojoer.de\/","logo":{"@type":"ImageObject","inLanguage":"en-GB","@id":"https:\/\/www.wojoer.de\/#\/schema\/logo\/image\/","url":"https:\/\/www.wojoer.de\/wp-content\/uploads\/2016\/11\/wonnebergermanufaktur_logo_BUTTON.png","contentUrl":"https:\/\/www.wojoer.de\/wp-content\/uploads\/2016\/11\/wonnebergermanufaktur_logo_BUTTON.png","width":765,"height":765,"caption":"Wonneberger-Manufaktur"},"image":{"@id":"https:\/\/www.wojoer.de\/#\/schema\/logo\/image\/"},"sameAs":["https:\/\/www.facebook.com\/wojoer\/","https:\/\/de.pinterest.com\/W0J0ER\/"]}]}},"_links":{"self":[{"href":"https:\/\/www.wojoer.de\/en\/wp-json\/wp\/v2\/product\/10663","targetHints":{"allow":["GET"]}}],"collection":[{"href":"https:\/\/www.wojoer.de\/en\/wp-json\/wp\/v2\/product"}],"about":[{"href":"https:\/\/www.wojoer.de\/en\/wp-json\/wp\/v2\/types\/product"}],"replies":[{"embeddable":true,"href":"https:\/\/www.wojoer.de\/en\/wp-json\/wp\/v2\/comments?post=10663"}],"wp:featuredmedia":[{"embeddable":true,"href":"https:\/\/www.wojoer.de\/en\/wp-json\/wp\/v2\/media\/10513"}],"wp:attachment":[{"href":"https:\/\/www.wojoer.de\/en\/wp-json\/wp\/v2\/media?parent=10663"}],"wp:term":[{"taxonomy":"product_brand","embeddable":true,"href":"https:\/\/www.wojoer.de\/en\/wp-json\/wp\/v2\/product_brand?post=10663"},{"taxonomy":"product_cat","embeddable":true,"href":"https:\/\/www.wojoer.de\/en\/wp-json\/wp\/v2\/product_cat?post=10663"},{"taxonomy":"product_tag","embeddable":true,"href":"https:\/\/www.wojoer.de\/en\/wp-json\/wp\/v2\/product_tag?post=10663"}],"curies":[{"name":"wp","href":"https:\/\/api.w.org\/{rel}","templated":true}]}}