{"id":10702,"date":"2018-11-11T10:52:32","date_gmt":"2018-11-11T09:52:32","guid":{"rendered":"https:\/\/www.wojoer.de\/produkt\/rebel-maske-fetisch\/"},"modified":"2025-11-24T17:47:38","modified_gmt":"2025-11-24T16:47:38","slug":"rebel-maske-fetisch","status":"publish","type":"product","link":"https:\/\/www.wojoer.de\/en\/produkt\/rebel-maske-fetisch\/","title":{"rendered":"REBEL LACK FETISCH MASKE 363M2"},"content":{"rendered":"<p>Die Rebel Lack Fetisch Maske 363M2 geh\u00f6rt zu den Wojoer LIVE-Produkten. Sie werden ab Bestellung bei uns produziert. So k\u00f6nnen wir auf Kundenw\u00fcnsche individuell eingehen.<\/p>\n<h3>Gr\u00f6\u00dfen<\/h3>\n<p>Erh\u00e4ltlich in den Gr\u00f6\u00dfen S-M\u00a0\u00a0\u00a0 L-XL<\/p>\n<h3>Materialzusammensetzung<\/h3>\n<p>schwarzer, fester, aber leicht dehnbarer Hochglanzlack: 80% Polyester, 12 % Polyurethan 8% Elasthan<\/p>\n<p>POWERNET, super elastisches und robustes Mesh: 94% Polyester, 6% Elasthan<\/p>\n<h3>Besonderheiten<\/h3>\n<p><a href=\"http:\/\/www.wojoer.de\/?s=LIVE&#038;post_type=product\">LIVE-Produkt<\/a> \u00a0| 2 Tragvarianten | elegant gl\u00e4nzende Oberfl\u00e4chenoptik | Iro-Effekt | Gr\u00f6\u00dfenverstellbar am Hals | leicht dehnbar | hochwertige Verarbeitung \u201eMade in Germany\u201c<\/p>\n<h3>Benutzerhinweise<\/h3>\n<p>Handw\u00e4sche | mit feinem Papier als Zwischenlage zusammenlegen oder auf einen B\u00fcgel h\u00e4ngen<\/p>\n<h2><strong><span class=\"hiddenSpellError\">REBEL<\/span> LACK FETISCH MASKE \u2013 Maske schwarzer Lack und rotes Mesh<\/strong><\/h2>\n<p>Sobald dein Herr \/ deine Herrin den Raum betritt und dir diese Maske \u00fcber den Kopf zieht, gibt es f\u00fcr dich eigentlich nur noch eines: Gehorchen. Spare dir den Friseur oder aufwendiges Make-up denn in dieser Maske bist du inkognito und bekommst den <span class=\"hiddenSpellError\">Iro<\/span> gratis dazu. Das <span class=\"hiddenGrammarError\">hei\u00dft du transformierst<\/span> zu einem Sexsklaven der Extraklasse. Dennoch genie\u00dft du den angenehmen Tragekomfort von hochwertigem, leicht dehnbarem Hochglanz-Lack und atmungsaktivem <span class=\"hiddenSpellError\">Powernet.<\/span> Mit anderen Worten erm\u00f6glicht dir das transparente Mesh am vorderen Bereich leichte Sicht und eine aktive Atmung. Auch wenn du deinen Fetisch vollkommen geheim ausleben willst, ist die <span class=\"hiddenSpellError\">Rebel<\/span> Maske ein treuer Begleiter, denn man kann sie auch andersrum aufsetzen. Damit ist dein Gesicht nicht zu erkennen, dein Mund aber vollkommen frei f\u00fcr jegliche Fantasien. Der kleine Ring bietet au\u00dferdem die M\u00f6glichkeit noch weiteres Spielzeug mit der Maske zu kombinieren wie zum Beispiel eine hei\u00dfe Lederleine.<\/p>\n<p>Die <span class=\"hiddenSpellError\">Rebel<\/span> Lackmaske 363M2 kannst du jetzt online bestellen und noch mehr hochwertige Teile zu fairen Preisen ergattern.<\/p>\n","protected":false},"excerpt":{"rendered":"<p>Die Rebel Lack Fetisch Maske 363M2 geh\u00f6rt zu den Wojoer LIVE-Produkten. Sie werden ab Bestellung bei uns produziert. So k\u00f6nnen wir auf Kundenw\u00fcnsche individuell eingehen.<br \/>\nGr\u00f6\u00dfen<br \/>\nErh\u00e4ltlich in den Gr\u00f6\u00dfen S-M\u00a0\u00a0\u00a0 L-XL<br \/>\nMaterialzusammensetzung<br \/>\nschwarzer, fester, aber leicht dehnbarer Hochglanzlack: 80% Polyester, 12 % Polyurethan\u2026<\/p>\n","protected":false},"featured_media":10776,"comment_status":"open","ping_status":"closed","template":"","meta":[],"product_brand":[],"product_cat":[823,291,114,473,195,326],"product_tag":[294,426,246,293],"class_list":{"0":"post-10702","1":"product","2":"type-product","3":"status-publish","4":"has-post-thumbnail","6":"product_cat-363-rebel","7":"product_cat-accessoires","8":"product_cat-fetisch","9":"product_cat-men","10":"product_cat-produktion-auf-bestellung-liveproduktion","11":"product_cat-wojoer","12":"product_tag-lack","13":"product_tag-maske","14":"product_tag-netz","15":"product_tag-ring","16":"product_shipping_class-beun","17":"pa_groesse-lxl","18":"pa_groesse-sm","19":"pif-has-gallery","20":"post-1","21":"odd","23":"first","24":"onbackorder","25":"taxable","26":"shipping-taxable","27":"purchasable","28":"product-type-variable"},"yoast_head":"<!-- This site is optimized with the Yoast SEO plugin v27.2 - https:\/\/yoast.com\/product\/yoast-seo-wordpress\/ -->\n<title>Fetisch Maske Lackmaske gl\u00e4nzend WOJOER LIve Produkt<\/title>\n<meta name=\"description\" content=\"Fetisch Maske, Lackmaske, Ledermaske, unerkannt bleiben,Wojoer Versandkostenfrei innerhalb Deutschlands bestellen\" \/>\n<meta name=\"robots\" content=\"index, follow, max-snippet:-1, max-image-preview:large, max-video-preview:-1\" \/>\n<link rel=\"canonical\" href=\"https:\/\/www.wojoer.de\/en\/produkt\/rebel-maske-fetisch\/\" \/>\n<meta name=\"twitter:card\" content=\"summary_large_image\" \/>\n<meta name=\"twitter:title\" content=\"Fetisch Maske Lackmaske gl\u00e4nzend WOJOER LIve Produkt\" \/>\n<meta name=\"twitter:description\" content=\"Fetisch Maske, Lackmaske, Ledermaske, unerkannt bleiben,Wojoer Versandkostenfrei innerhalb Deutschlands bestellen\" \/>\n<meta name=\"twitter:image\" content=\"https:\/\/www.wojoer.de\/wp-content\/uploads\/2018\/07\/365W1_365G3_363M2_wetleather_rebel_wojoer.jpg\" \/>\n<meta name=\"twitter:label1\" content=\"Estimated reading time\" \/>\n\t<meta name=\"twitter:data1\" content=\"1 minute\" \/>\n<script type=\"application\/ld+json\" class=\"yoast-schema-graph\">{\"@context\":\"https:\/\/schema.org\",\"@graph\":[{\"@type\":\"WebPage\",\"@id\":\"https:\/\/www.wojoer.de\/en\/produkt\/rebel-maske-fetisch\/\",\"url\":\"https:\/\/www.wojoer.de\/en\/produkt\/rebel-maske-fetisch\/\",\"name\":\"Fetisch Maske Lackmaske gl\u00e4nzend WOJOER LIve Produkt\",\"isPartOf\":{\"@id\":\"https:\/\/www.wojoer.de\/#website\"},\"primaryImageOfPage\":{\"@id\":\"https:\/\/www.wojoer.de\/en\/produkt\/rebel-maske-fetisch\/#primaryimage\"},\"image\":{\"@id\":\"https:\/\/www.wojoer.de\/en\/produkt\/rebel-maske-fetisch\/#primaryimage\"},\"thumbnailUrl\":\"https:\/\/www.wojoer.de\/wp-content\/uploads\/2018\/07\/365W1_365G3_363M2_wetleather_rebel_wojoer.jpg\",\"datePublished\":\"2018-11-11T09:52:32+00:00\",\"dateModified\":\"2025-11-24T16:47:38+00:00\",\"description\":\"Fetisch Maske, Lackmaske, Ledermaske, unerkannt bleiben,Wojoer Versandkostenfrei innerhalb Deutschlands bestellen\",\"breadcrumb\":{\"@id\":\"https:\/\/www.wojoer.de\/en\/produkt\/rebel-maske-fetisch\/#breadcrumb\"},\"inLanguage\":\"en-GB\",\"potentialAction\":[{\"@type\":\"ReadAction\",\"target\":[\"https:\/\/www.wojoer.de\/en\/produkt\/rebel-maske-fetisch\/\"]}]},{\"@type\":\"ImageObject\",\"inLanguage\":\"en-GB\",\"@id\":\"https:\/\/www.wojoer.de\/en\/produkt\/rebel-maske-fetisch\/#primaryimage\",\"url\":\"https:\/\/www.wojoer.de\/wp-content\/uploads\/2018\/07\/365W1_365G3_363M2_wetleather_rebel_wojoer.jpg\",\"contentUrl\":\"https:\/\/www.wojoer.de\/wp-content\/uploads\/2018\/07\/365W1_365G3_363M2_wetleather_rebel_wojoer.jpg\",\"width\":2002,\"height\":2002,\"caption\":\"Rebell Fetisch Lack Maske, Wetleather, rotes Netz mit Iro und Metallring, zweiseitig tragbar\"},{\"@type\":\"BreadcrumbList\",\"@id\":\"https:\/\/www.wojoer.de\/en\/produkt\/rebel-maske-fetisch\/#breadcrumb\",\"itemListElement\":[{\"@type\":\"ListItem\",\"position\":1,\"name\":\"Startseite\",\"item\":\"https:\/\/www.wojoer.de\/\"},{\"@type\":\"ListItem\",\"position\":2,\"name\":\"SHOP\",\"item\":\"https:\/\/www.wojoer.de\/shop\/\"},{\"@type\":\"ListItem\",\"position\":3,\"name\":\"REBEL LACK FETISCH MASKE 363M2\"}]},{\"@type\":\"WebSite\",\"@id\":\"https:\/\/www.wojoer.de\/#website\",\"url\":\"https:\/\/www.wojoer.de\/\",\"name\":\"WOJOER\",\"description\":\"clubwear for men\",\"publisher\":{\"@id\":\"https:\/\/www.wojoer.de\/#organization\"},\"potentialAction\":[{\"@type\":\"SearchAction\",\"target\":{\"@type\":\"EntryPoint\",\"urlTemplate\":\"https:\/\/www.wojoer.de\/?s={search_term_string}\"},\"query-input\":{\"@type\":\"PropertyValueSpecification\",\"valueRequired\":true,\"valueName\":\"search_term_string\"}}],\"inLanguage\":\"en-GB\"},{\"@type\":\"Organization\",\"@id\":\"https:\/\/www.wojoer.de\/#organization\",\"name\":\"Wonneberger-Manufaktur\",\"url\":\"https:\/\/www.wojoer.de\/\",\"logo\":{\"@type\":\"ImageObject\",\"inLanguage\":\"en-GB\",\"@id\":\"https:\/\/www.wojoer.de\/#\/schema\/logo\/image\/\",\"url\":\"https:\/\/www.wojoer.de\/wp-content\/uploads\/2016\/11\/wonnebergermanufaktur_logo_BUTTON.png\",\"contentUrl\":\"https:\/\/www.wojoer.de\/wp-content\/uploads\/2016\/11\/wonnebergermanufaktur_logo_BUTTON.png\",\"width\":765,\"height\":765,\"caption\":\"Wonneberger-Manufaktur\"},\"image\":{\"@id\":\"https:\/\/www.wojoer.de\/#\/schema\/logo\/image\/\"},\"sameAs\":[\"https:\/\/www.facebook.com\/wojoer\/\",\"https:\/\/de.pinterest.com\/W0J0ER\/\"]}]}<\/script>\n<!-- \/ Yoast SEO plugin. -->","yoast_head_json":{"title":"Fetisch Maske Lackmaske gl\u00e4nzend WOJOER LIve Produkt","description":"Fetisch Maske, Lackmaske, Ledermaske, unerkannt bleiben,Wojoer Versandkostenfrei innerhalb Deutschlands bestellen","robots":{"index":"index","follow":"follow","max-snippet":"max-snippet:-1","max-image-preview":"max-image-preview:large","max-video-preview":"max-video-preview:-1"},"canonical":"https:\/\/www.wojoer.de\/en\/produkt\/rebel-maske-fetisch\/","twitter_card":"summary_large_image","twitter_title":"Fetisch Maske Lackmaske gl\u00e4nzend WOJOER LIve Produkt","twitter_description":"Fetisch Maske, Lackmaske, Ledermaske, unerkannt bleiben,Wojoer Versandkostenfrei innerhalb Deutschlands bestellen","twitter_image":"https:\/\/www.wojoer.de\/wp-content\/uploads\/2018\/07\/365W1_365G3_363M2_wetleather_rebel_wojoer.jpg","twitter_misc":{"Estimated reading time":"1 minute"},"schema":{"@context":"https:\/\/schema.org","@graph":[{"@type":"WebPage","@id":"https:\/\/www.wojoer.de\/en\/produkt\/rebel-maske-fetisch\/","url":"https:\/\/www.wojoer.de\/en\/produkt\/rebel-maske-fetisch\/","name":"Fetisch Maske Lackmaske gl\u00e4nzend WOJOER LIve Produkt","isPartOf":{"@id":"https:\/\/www.wojoer.de\/#website"},"primaryImageOfPage":{"@id":"https:\/\/www.wojoer.de\/en\/produkt\/rebel-maske-fetisch\/#primaryimage"},"image":{"@id":"https:\/\/www.wojoer.de\/en\/produkt\/rebel-maske-fetisch\/#primaryimage"},"thumbnailUrl":"https:\/\/www.wojoer.de\/wp-content\/uploads\/2018\/07\/365W1_365G3_363M2_wetleather_rebel_wojoer.jpg","datePublished":"2018-11-11T09:52:32+00:00","dateModified":"2025-11-24T16:47:38+00:00","description":"Fetisch Maske, Lackmaske, Ledermaske, unerkannt bleiben,Wojoer Versandkostenfrei innerhalb Deutschlands bestellen","breadcrumb":{"@id":"https:\/\/www.wojoer.de\/en\/produkt\/rebel-maske-fetisch\/#breadcrumb"},"inLanguage":"en-GB","potentialAction":[{"@type":"ReadAction","target":["https:\/\/www.wojoer.de\/en\/produkt\/rebel-maske-fetisch\/"]}]},{"@type":"ImageObject","inLanguage":"en-GB","@id":"https:\/\/www.wojoer.de\/en\/produkt\/rebel-maske-fetisch\/#primaryimage","url":"https:\/\/www.wojoer.de\/wp-content\/uploads\/2018\/07\/365W1_365G3_363M2_wetleather_rebel_wojoer.jpg","contentUrl":"https:\/\/www.wojoer.de\/wp-content\/uploads\/2018\/07\/365W1_365G3_363M2_wetleather_rebel_wojoer.jpg","width":2002,"height":2002,"caption":"Rebell Fetisch Lack Maske, Wetleather, rotes Netz mit Iro und Metallring, zweiseitig tragbar"},{"@type":"BreadcrumbList","@id":"https:\/\/www.wojoer.de\/en\/produkt\/rebel-maske-fetisch\/#breadcrumb","itemListElement":[{"@type":"ListItem","position":1,"name":"Startseite","item":"https:\/\/www.wojoer.de\/"},{"@type":"ListItem","position":2,"name":"SHOP","item":"https:\/\/www.wojoer.de\/shop\/"},{"@type":"ListItem","position":3,"name":"REBEL LACK FETISCH MASKE 363M2"}]},{"@type":"WebSite","@id":"https:\/\/www.wojoer.de\/#website","url":"https:\/\/www.wojoer.de\/","name":"WOJOER","description":"clubwear for men","publisher":{"@id":"https:\/\/www.wojoer.de\/#organization"},"potentialAction":[{"@type":"SearchAction","target":{"@type":"EntryPoint","urlTemplate":"https:\/\/www.wojoer.de\/?s={search_term_string}"},"query-input":{"@type":"PropertyValueSpecification","valueRequired":true,"valueName":"search_term_string"}}],"inLanguage":"en-GB"},{"@type":"Organization","@id":"https:\/\/www.wojoer.de\/#organization","name":"Wonneberger-Manufaktur","url":"https:\/\/www.wojoer.de\/","logo":{"@type":"ImageObject","inLanguage":"en-GB","@id":"https:\/\/www.wojoer.de\/#\/schema\/logo\/image\/","url":"https:\/\/www.wojoer.de\/wp-content\/uploads\/2016\/11\/wonnebergermanufaktur_logo_BUTTON.png","contentUrl":"https:\/\/www.wojoer.de\/wp-content\/uploads\/2016\/11\/wonnebergermanufaktur_logo_BUTTON.png","width":765,"height":765,"caption":"Wonneberger-Manufaktur"},"image":{"@id":"https:\/\/www.wojoer.de\/#\/schema\/logo\/image\/"},"sameAs":["https:\/\/www.facebook.com\/wojoer\/","https:\/\/de.pinterest.com\/W0J0ER\/"]}]}},"_links":{"self":[{"href":"https:\/\/www.wojoer.de\/en\/wp-json\/wp\/v2\/product\/10702","targetHints":{"allow":["GET"]}}],"collection":[{"href":"https:\/\/www.wojoer.de\/en\/wp-json\/wp\/v2\/product"}],"about":[{"href":"https:\/\/www.wojoer.de\/en\/wp-json\/wp\/v2\/types\/product"}],"replies":[{"embeddable":true,"href":"https:\/\/www.wojoer.de\/en\/wp-json\/wp\/v2\/comments?post=10702"}],"wp:featuredmedia":[{"embeddable":true,"href":"https:\/\/www.wojoer.de\/en\/wp-json\/wp\/v2\/media\/10776"}],"wp:attachment":[{"href":"https:\/\/www.wojoer.de\/en\/wp-json\/wp\/v2\/media?parent=10702"}],"wp:term":[{"taxonomy":"product_brand","embeddable":true,"href":"https:\/\/www.wojoer.de\/en\/wp-json\/wp\/v2\/product_brand?post=10702"},{"taxonomy":"product_cat","embeddable":true,"href":"https:\/\/www.wojoer.de\/en\/wp-json\/wp\/v2\/product_cat?post=10702"},{"taxonomy":"product_tag","embeddable":true,"href":"https:\/\/www.wojoer.de\/en\/wp-json\/wp\/v2\/product_tag?post=10702"}],"curies":[{"name":"wp","href":"https:\/\/api.w.org\/{rel}","templated":true}]}}