{"id":10708,"date":"2018-11-11T12:14:02","date_gmt":"2018-11-11T11:14:02","guid":{"rendered":"https:\/\/www.wojoer.de\/produkt\/rebel-lackshirt\/"},"modified":"2025-01-14T01:26:28","modified_gmt":"2025-01-14T00:26:28","slug":"rebel-lackshirt","status":"publish","type":"product","link":"https:\/\/www.wojoer.de\/en\/produkt\/rebel-lackshirt\/","title":{"rendered":"REBEL LACKSHIRT MIT REI\u00dfVERSCHLUSS 363TX3L"},"content":{"rendered":"<p>Das Rebel Lackshirt mit Rei\u00dfverschluss 363TX3L geh\u00f6rt zu den Wojoer LIVE-Produkten. Sie werden ab Bestellung bei uns produziert. So k\u00f6nnen wir auf Kundenw\u00fcnsche individuell eingehen.<\/p>\n<h3>Gr\u00f6\u00dfen<\/h3>\n<p>Erh\u00e4ltlich in den Gr\u00f6\u00dfen S, M, L, XL<\/p>\n<h3>Materialzusammensetzung<\/h3>\n<p>Lack: 80% Polyester, 12% Polyurethan 8% Elasthan<\/p>\n<p>POWERNET: 94% Polyester, 6% Elasthan<\/p>\n<h3>Besonderheiten<\/h3>\n<p><a href=\"http:\/\/www.wojoer.de\/?s=LIVE&#038;post_type=product\">LIVE-Produkt<\/a> \u00a0 | Hochglanzlack mit aufgestellten Schuppen |\u00a0 hoher Bund | leicht dehnbar | knapper Schnitt | hochwertige Qualit\u00e4t Made in Germany<\/p>\n<h3>Benutzerhinweise<\/h3>\n<p>Handw\u00e4sche nur mit kaltem Wasser und Seife<\/p>\n<h3>REBEL Mesh LACKSHIRT &#8211; glossy Shirt for men red black<\/h3>\n<p>Dieses Longsleeve Lack Shirt spr\u00fcht vor Kraft und zieht jeden in seinen Bann. Der Anblick \u00fcberw\u00e4ltigt dein Gegen\u00fcber und wird unweigerlich den Wunsch in ihm wecken, es zu ber\u00fchren. Selbst du wirst dem Rebel-Shirt und seinem lack-look verfallen. Sein angenehm festes Lack Material und das weiche, rote Powernet Mesh werden dich umschlie\u00dfen, dich stark machen und deine Dominanz offenbaren. Das Shirt ist knall eng, daher hilft der seitliche Rei\u00dfverschluss mit Untertritt beim Hineinschl\u00fcpfen in deine neue Identit\u00e4t als Preditor.<\/p>\n","protected":false},"excerpt":{"rendered":"<p>Das Rebel Lackshirt mit Rei\u00dfverschluss 363TX3L geh\u00f6rt zu den Wojoer LIVE-Produkten. Sie werden ab Bestellung bei uns produziert. So k\u00f6nnen wir auf Kundenw\u00fcnsche individuell eingehen.<br \/>\nGr\u00f6\u00dfen<br \/>\nErh\u00e4ltlich in den Gr\u00f6\u00dfen S, M, L, XL<br \/>\nMaterialzusammensetzung<br \/>\nLack: 80% Polyester, 12% Polyurethan 8% Elasthan<\/p>\n<p>POWERNET: 94% Polyester,\u2026<\/p>\n","protected":false},"featured_media":10678,"comment_status":"open","ping_status":"closed","template":"","meta":[],"product_brand":[],"product_cat":[823,114,473,195,326],"product_tag":[102,856],"class_list":{"0":"post-10708","1":"product","2":"type-product","3":"status-publish","4":"has-post-thumbnail","6":"product_cat-363-rebel","7":"product_cat-fetisch","8":"product_cat-men","9":"product_cat-produktion-auf-bestellung-liveproduktion","10":"product_cat-wojoer","11":"product_tag-hipster","12":"product_tag-shirt","13":"product_shipping_class-beun","14":"pa_groesse-l","15":"pa_groesse-m","16":"pa_groesse-s","17":"pa_groesse-xl","18":"pif-has-gallery","19":"post-1","20":"odd","22":"first","23":"onbackorder","24":"taxable","25":"shipping-taxable","26":"purchasable","27":"product-type-variable"},"yoast_head":"<!-- This site is optimized with the Yoast SEO plugin v27.2 - https:\/\/yoast.com\/product\/yoast-seo-wordpress\/ -->\n<title>Fetisch Lackshirt gl\u00e4nzend WOJOER LIve Produkt<\/title>\n<meta name=\"description\" content=\"Fetisch, Lackshirt mit Rei\u00dfverschluss, Lederhemd, Rei\u00dfverschluss, unerkannt bleiben,Wojoer Versandkostenfrei innerhalb Deutschlands bestellen\" \/>\n<meta name=\"robots\" content=\"index, follow, max-snippet:-1, max-image-preview:large, max-video-preview:-1\" \/>\n<link rel=\"canonical\" href=\"https:\/\/www.wojoer.de\/en\/produkt\/rebel-lackshirt\/\" \/>\n<meta name=\"twitter:card\" content=\"summary_large_image\" \/>\n<meta name=\"twitter:title\" content=\"Fetisch Lackshirt gl\u00e4nzend WOJOER LIve Produkt\" \/>\n<meta name=\"twitter:description\" content=\"Fetisch, Lackshirt mit Rei\u00dfverschluss, Lederhemd, Rei\u00dfverschluss, unerkannt bleiben,Wojoer Versandkostenfrei innerhalb Deutschlands bestellen\" \/>\n<meta name=\"twitter:image\" content=\"https:\/\/www.wojoer.de\/wp-content\/uploads\/2018\/07\/363TX3L_Rebel_Shirt_leather_wojoer.jpg\" \/>\n<meta name=\"twitter:label1\" content=\"Estimated reading time\" \/>\n\t<meta name=\"twitter:data1\" content=\"1 minute\" \/>\n<script type=\"application\/ld+json\" class=\"yoast-schema-graph\">{\"@context\":\"https:\/\/schema.org\",\"@graph\":[{\"@type\":\"WebPage\",\"@id\":\"https:\/\/www.wojoer.de\/en\/produkt\/rebel-lackshirt\/\",\"url\":\"https:\/\/www.wojoer.de\/en\/produkt\/rebel-lackshirt\/\",\"name\":\"Fetisch Lackshirt gl\u00e4nzend WOJOER LIve Produkt\",\"isPartOf\":{\"@id\":\"https:\/\/www.wojoer.de\/#website\"},\"primaryImageOfPage\":{\"@id\":\"https:\/\/www.wojoer.de\/en\/produkt\/rebel-lackshirt\/#primaryimage\"},\"image\":{\"@id\":\"https:\/\/www.wojoer.de\/en\/produkt\/rebel-lackshirt\/#primaryimage\"},\"thumbnailUrl\":\"https:\/\/www.wojoer.de\/wp-content\/uploads\/2018\/07\/363TX3L_Rebel_Shirt_leather_wojoer.jpg\",\"datePublished\":\"2018-11-11T11:14:02+00:00\",\"dateModified\":\"2025-01-14T00:26:28+00:00\",\"description\":\"Fetisch, Lackshirt mit Rei\u00dfverschluss, Lederhemd, Rei\u00dfverschluss, unerkannt bleiben,Wojoer Versandkostenfrei innerhalb Deutschlands bestellen\",\"breadcrumb\":{\"@id\":\"https:\/\/www.wojoer.de\/en\/produkt\/rebel-lackshirt\/#breadcrumb\"},\"inLanguage\":\"en-GB\",\"potentialAction\":[{\"@type\":\"ReadAction\",\"target\":[\"https:\/\/www.wojoer.de\/en\/produkt\/rebel-lackshirt\/\"]}]},{\"@type\":\"ImageObject\",\"inLanguage\":\"en-GB\",\"@id\":\"https:\/\/www.wojoer.de\/en\/produkt\/rebel-lackshirt\/#primaryimage\",\"url\":\"https:\/\/www.wojoer.de\/wp-content\/uploads\/2018\/07\/363TX3L_Rebel_Shirt_leather_wojoer.jpg\",\"contentUrl\":\"https:\/\/www.wojoer.de\/wp-content\/uploads\/2018\/07\/363TX3L_Rebel_Shirt_leather_wojoer.jpg\",\"width\":2002,\"height\":2002,\"caption\":\"Rebel Lackshirt Maske Fetisch\"},{\"@type\":\"BreadcrumbList\",\"@id\":\"https:\/\/www.wojoer.de\/en\/produkt\/rebel-lackshirt\/#breadcrumb\",\"itemListElement\":[{\"@type\":\"ListItem\",\"position\":1,\"name\":\"Startseite\",\"item\":\"https:\/\/www.wojoer.de\/\"},{\"@type\":\"ListItem\",\"position\":2,\"name\":\"SHOP\",\"item\":\"https:\/\/www.wojoer.de\/shop\/\"},{\"@type\":\"ListItem\",\"position\":3,\"name\":\"REBEL LACKSHIRT MIT REI\u00dfVERSCHLUSS 363TX3L\"}]},{\"@type\":\"WebSite\",\"@id\":\"https:\/\/www.wojoer.de\/#website\",\"url\":\"https:\/\/www.wojoer.de\/\",\"name\":\"WOJOER\",\"description\":\"clubwear for men\",\"publisher\":{\"@id\":\"https:\/\/www.wojoer.de\/#organization\"},\"potentialAction\":[{\"@type\":\"SearchAction\",\"target\":{\"@type\":\"EntryPoint\",\"urlTemplate\":\"https:\/\/www.wojoer.de\/?s={search_term_string}\"},\"query-input\":{\"@type\":\"PropertyValueSpecification\",\"valueRequired\":true,\"valueName\":\"search_term_string\"}}],\"inLanguage\":\"en-GB\"},{\"@type\":\"Organization\",\"@id\":\"https:\/\/www.wojoer.de\/#organization\",\"name\":\"Wonneberger-Manufaktur\",\"url\":\"https:\/\/www.wojoer.de\/\",\"logo\":{\"@type\":\"ImageObject\",\"inLanguage\":\"en-GB\",\"@id\":\"https:\/\/www.wojoer.de\/#\/schema\/logo\/image\/\",\"url\":\"https:\/\/www.wojoer.de\/wp-content\/uploads\/2016\/11\/wonnebergermanufaktur_logo_BUTTON.png\",\"contentUrl\":\"https:\/\/www.wojoer.de\/wp-content\/uploads\/2016\/11\/wonnebergermanufaktur_logo_BUTTON.png\",\"width\":765,\"height\":765,\"caption\":\"Wonneberger-Manufaktur\"},\"image\":{\"@id\":\"https:\/\/www.wojoer.de\/#\/schema\/logo\/image\/\"},\"sameAs\":[\"https:\/\/www.facebook.com\/wojoer\/\",\"https:\/\/de.pinterest.com\/W0J0ER\/\"]}]}<\/script>\n<!-- \/ Yoast SEO plugin. -->","yoast_head_json":{"title":"Fetisch Lackshirt gl\u00e4nzend WOJOER LIve Produkt","description":"Fetisch, Lackshirt mit Rei\u00dfverschluss, Lederhemd, Rei\u00dfverschluss, unerkannt bleiben,Wojoer Versandkostenfrei innerhalb Deutschlands bestellen","robots":{"index":"index","follow":"follow","max-snippet":"max-snippet:-1","max-image-preview":"max-image-preview:large","max-video-preview":"max-video-preview:-1"},"canonical":"https:\/\/www.wojoer.de\/en\/produkt\/rebel-lackshirt\/","twitter_card":"summary_large_image","twitter_title":"Fetisch Lackshirt gl\u00e4nzend WOJOER LIve Produkt","twitter_description":"Fetisch, Lackshirt mit Rei\u00dfverschluss, Lederhemd, Rei\u00dfverschluss, unerkannt bleiben,Wojoer Versandkostenfrei innerhalb Deutschlands bestellen","twitter_image":"https:\/\/www.wojoer.de\/wp-content\/uploads\/2018\/07\/363TX3L_Rebel_Shirt_leather_wojoer.jpg","twitter_misc":{"Estimated reading time":"1 minute"},"schema":{"@context":"https:\/\/schema.org","@graph":[{"@type":"WebPage","@id":"https:\/\/www.wojoer.de\/en\/produkt\/rebel-lackshirt\/","url":"https:\/\/www.wojoer.de\/en\/produkt\/rebel-lackshirt\/","name":"Fetisch Lackshirt gl\u00e4nzend WOJOER LIve Produkt","isPartOf":{"@id":"https:\/\/www.wojoer.de\/#website"},"primaryImageOfPage":{"@id":"https:\/\/www.wojoer.de\/en\/produkt\/rebel-lackshirt\/#primaryimage"},"image":{"@id":"https:\/\/www.wojoer.de\/en\/produkt\/rebel-lackshirt\/#primaryimage"},"thumbnailUrl":"https:\/\/www.wojoer.de\/wp-content\/uploads\/2018\/07\/363TX3L_Rebel_Shirt_leather_wojoer.jpg","datePublished":"2018-11-11T11:14:02+00:00","dateModified":"2025-01-14T00:26:28+00:00","description":"Fetisch, Lackshirt mit Rei\u00dfverschluss, Lederhemd, Rei\u00dfverschluss, unerkannt bleiben,Wojoer Versandkostenfrei innerhalb Deutschlands bestellen","breadcrumb":{"@id":"https:\/\/www.wojoer.de\/en\/produkt\/rebel-lackshirt\/#breadcrumb"},"inLanguage":"en-GB","potentialAction":[{"@type":"ReadAction","target":["https:\/\/www.wojoer.de\/en\/produkt\/rebel-lackshirt\/"]}]},{"@type":"ImageObject","inLanguage":"en-GB","@id":"https:\/\/www.wojoer.de\/en\/produkt\/rebel-lackshirt\/#primaryimage","url":"https:\/\/www.wojoer.de\/wp-content\/uploads\/2018\/07\/363TX3L_Rebel_Shirt_leather_wojoer.jpg","contentUrl":"https:\/\/www.wojoer.de\/wp-content\/uploads\/2018\/07\/363TX3L_Rebel_Shirt_leather_wojoer.jpg","width":2002,"height":2002,"caption":"Rebel Lackshirt Maske Fetisch"},{"@type":"BreadcrumbList","@id":"https:\/\/www.wojoer.de\/en\/produkt\/rebel-lackshirt\/#breadcrumb","itemListElement":[{"@type":"ListItem","position":1,"name":"Startseite","item":"https:\/\/www.wojoer.de\/"},{"@type":"ListItem","position":2,"name":"SHOP","item":"https:\/\/www.wojoer.de\/shop\/"},{"@type":"ListItem","position":3,"name":"REBEL LACKSHIRT MIT REI\u00dfVERSCHLUSS 363TX3L"}]},{"@type":"WebSite","@id":"https:\/\/www.wojoer.de\/#website","url":"https:\/\/www.wojoer.de\/","name":"WOJOER","description":"clubwear for men","publisher":{"@id":"https:\/\/www.wojoer.de\/#organization"},"potentialAction":[{"@type":"SearchAction","target":{"@type":"EntryPoint","urlTemplate":"https:\/\/www.wojoer.de\/?s={search_term_string}"},"query-input":{"@type":"PropertyValueSpecification","valueRequired":true,"valueName":"search_term_string"}}],"inLanguage":"en-GB"},{"@type":"Organization","@id":"https:\/\/www.wojoer.de\/#organization","name":"Wonneberger-Manufaktur","url":"https:\/\/www.wojoer.de\/","logo":{"@type":"ImageObject","inLanguage":"en-GB","@id":"https:\/\/www.wojoer.de\/#\/schema\/logo\/image\/","url":"https:\/\/www.wojoer.de\/wp-content\/uploads\/2016\/11\/wonnebergermanufaktur_logo_BUTTON.png","contentUrl":"https:\/\/www.wojoer.de\/wp-content\/uploads\/2016\/11\/wonnebergermanufaktur_logo_BUTTON.png","width":765,"height":765,"caption":"Wonneberger-Manufaktur"},"image":{"@id":"https:\/\/www.wojoer.de\/#\/schema\/logo\/image\/"},"sameAs":["https:\/\/www.facebook.com\/wojoer\/","https:\/\/de.pinterest.com\/W0J0ER\/"]}]}},"_links":{"self":[{"href":"https:\/\/www.wojoer.de\/en\/wp-json\/wp\/v2\/product\/10708","targetHints":{"allow":["GET"]}}],"collection":[{"href":"https:\/\/www.wojoer.de\/en\/wp-json\/wp\/v2\/product"}],"about":[{"href":"https:\/\/www.wojoer.de\/en\/wp-json\/wp\/v2\/types\/product"}],"replies":[{"embeddable":true,"href":"https:\/\/www.wojoer.de\/en\/wp-json\/wp\/v2\/comments?post=10708"}],"wp:featuredmedia":[{"embeddable":true,"href":"https:\/\/www.wojoer.de\/en\/wp-json\/wp\/v2\/media\/10678"}],"wp:attachment":[{"href":"https:\/\/www.wojoer.de\/en\/wp-json\/wp\/v2\/media?parent=10708"}],"wp:term":[{"taxonomy":"product_brand","embeddable":true,"href":"https:\/\/www.wojoer.de\/en\/wp-json\/wp\/v2\/product_brand?post=10708"},{"taxonomy":"product_cat","embeddable":true,"href":"https:\/\/www.wojoer.de\/en\/wp-json\/wp\/v2\/product_cat?post=10708"},{"taxonomy":"product_tag","embeddable":true,"href":"https:\/\/www.wojoer.de\/en\/wp-json\/wp\/v2\/product_tag?post=10708"}],"curies":[{"name":"wp","href":"https:\/\/api.w.org\/{rel}","templated":true}]}}