{"id":10716,"date":"2018-11-11T13:13:30","date_gmt":"2018-11-11T12:13:30","guid":{"rendered":"https:\/\/www.wojoer.de\/produkt\/schmalissimo-netz-lack-string-rebel\/"},"modified":"2021-03-19T12:34:14","modified_gmt":"2021-03-19T11:34:14","slug":"schmalissimo-netz-lack-string-rebel","status":"publish","type":"product","link":"https:\/\/www.wojoer.de\/en\/produkt\/schmalissimo-netz-lack-string-rebel\/","title":{"rendered":"REBEL STRING 363W416.1"},"content":{"rendered":"<p>Der Rebel Schmalissimo Netz Lack String 363W416.1 geh\u00f6rt zu den Wojoer LIVE-Produkten. Sie werden ab Bestellung bei uns produziert. So k\u00f6nnen wir auf Kundenw\u00fcnsche individuell eingehen.<\/p>\n<h3>Gr\u00f6\u00dfen<\/h3>\n<p>Erh\u00e4ltlich in den Gr\u00f6\u00dfen S, M, L, XL<\/p>\n<h3>Materialzusammensetzung<\/h3>\n<p>Lack: 80% Polyester, 12% Polyurethan 8% Elasthan<\/p>\n<p>POWERNET: 94% Polyester, 6% Elasthan<\/p>\n<h3>Besonderheiten<\/h3>\n<p><a href=\"http:\/\/www.wojoer.de\/?s=LIVE&#038;post_type=product\">LIVE-Produkt<\/a> \u00a0 | Hochglanzlack mit aufgestellten Schuppen |\u00a0 hoher Bund | leicht dehnbar | knapper Schnitt | hochwertige Qualit\u00e4t made in Germany<\/p>\n<h3>Benutzerhinweise<\/h3>\n<p>Handw\u00e4sche nur mit kaltem Wasser und Seife<\/p>\n<h3>REBEL NETZ LACK STRING &#8211; Schmalissimo Schuppen String<\/h3>\n<p>Ein sehr knapper String, der alle Blicke auf dich ziehen wird. Straff umfasst der Bund deine H\u00fcfte mit einem besonders hohen Bund und hebt deinen Po so optisch an. Das mit Lack bezogene Suspensorium hat ausreichend Platz f\u00fcr dein bestes St\u00fcck, dennoch bleibt alles an seinem Platz. Das ist l\u00e4ngst nicht alles &#8211; denn die Lackschuppen stellen sich wie ein Reptilienkamm auf und sofort bist du Abgriffsbereit! Der Look des Strings ist feurig verlockend und das weiche POWERNET Mesh ist atmungsaktiv und schnell trocknend.<br \/>\nDu willst es \u2013 du kriegst es!<\/p>\n","protected":false},"excerpt":{"rendered":"<p>Der Rebel Schmalissimo Netz Lack String 363W416.1 geh\u00f6rt zu den Wojoer LIVE-Produkten. Sie werden ab Bestellung bei uns produziert. So k\u00f6nnen wir auf Kundenw\u00fcnsche individuell eingehen.<br \/>\nGr\u00f6\u00dfen<br \/>\nErh\u00e4ltlich in den Gr\u00f6\u00dfen S, M, L, XL<br \/>\nMaterialzusammensetzung<br \/>\nLack: 80% Polyester, 12% Polyurethan 8% Elasthan<\/p>\n<p>POWERNET: 94%\u2026<\/p>\n","protected":false},"featured_media":10688,"comment_status":"open","ping_status":"closed","template":"","meta":[],"product_brand":[],"product_cat":[823,114,473,195,326],"product_tag":[294,246,119,318],"class_list":{"0":"post-10716","1":"product","2":"type-product","3":"status-publish","4":"has-post-thumbnail","6":"product_cat-363-rebel","7":"product_cat-fetisch","8":"product_cat-men","9":"product_cat-produktion-auf-bestellung-liveproduktion","10":"product_cat-wojoer","11":"product_tag-lack","12":"product_tag-netz","13":"product_tag-string","14":"product_tag-struktur","15":"product_shipping_class-beun","16":"pa_groesse-l","17":"pa_groesse-m","18":"pa_groesse-s","19":"pa_groesse-xl","20":"pif-has-gallery","21":"post-1","22":"odd","24":"first","25":"instock","26":"taxable","27":"shipping-taxable","28":"purchasable","29":"product-type-variable"},"yoast_head":"<!-- This site is optimized with the Yoast SEO plugin v27.2 - https:\/\/yoast.com\/product\/yoast-seo-wordpress\/ -->\n<title>Netz Lack string mit sich aufstellten Schuppen und rotem Powernet | Fetish varnish and mesh | WOJOER<\/title>\n<meta name=\"description\" content=\"Schmalissimo Netz Lack String. Dieser hochgeschnittene Lackstring, Netzhose ist ein wahnsinnig berauschender Herren-String f\u00fcr den Club. Clubwear Wojoer Versandkostenfrei innerhalb Deutschlands bestellen\" \/>\n<meta name=\"robots\" content=\"index, follow, max-snippet:-1, max-image-preview:large, max-video-preview:-1\" \/>\n<link rel=\"canonical\" href=\"https:\/\/www.wojoer.de\/en\/produkt\/schmalissimo-netz-lack-string-rebel\/\" \/>\n<meta name=\"twitter:card\" content=\"summary_large_image\" \/>\n<meta name=\"twitter:title\" content=\"Netz Lack string mit sich aufstellten Schuppen und rotem Powernet | Fetish varnish and mesh | WOJOER\" \/>\n<meta name=\"twitter:description\" content=\"Schmalissimo Netz Lack String. Dieser hochgeschnittene Lackstring, Netzhose ist ein wahnsinnig berauschender Herren-String f\u00fcr den Club. Clubwear Wojoer Versandkostenfrei innerhalb Deutschlands bestellen\" \/>\n<meta name=\"twitter:image\" content=\"https:\/\/www.wojoer.de\/wp-content\/uploads\/2018\/07\/363W416_Rebell_Schmalissimo_string_wojoer.jpg\" \/>\n<meta name=\"twitter:label1\" content=\"Estimated reading time\" \/>\n\t<meta name=\"twitter:data1\" content=\"1 minute\" \/>\n<script type=\"application\/ld+json\" class=\"yoast-schema-graph\">{\"@context\":\"https:\/\/schema.org\",\"@graph\":[{\"@type\":\"WebPage\",\"@id\":\"https:\/\/www.wojoer.de\/en\/produkt\/schmalissimo-netz-lack-string-rebel\/\",\"url\":\"https:\/\/www.wojoer.de\/en\/produkt\/schmalissimo-netz-lack-string-rebel\/\",\"name\":\"Netz Lack string mit sich aufstellten Schuppen und rotem Powernet | Fetish varnish and mesh | WOJOER\",\"isPartOf\":{\"@id\":\"https:\/\/www.wojoer.de\/#website\"},\"primaryImageOfPage\":{\"@id\":\"https:\/\/www.wojoer.de\/en\/produkt\/schmalissimo-netz-lack-string-rebel\/#primaryimage\"},\"image\":{\"@id\":\"https:\/\/www.wojoer.de\/en\/produkt\/schmalissimo-netz-lack-string-rebel\/#primaryimage\"},\"thumbnailUrl\":\"https:\/\/www.wojoer.de\/wp-content\/uploads\/2018\/07\/363W416_Rebell_Schmalissimo_string_wojoer.jpg\",\"datePublished\":\"2018-11-11T12:13:30+00:00\",\"dateModified\":\"2021-03-19T11:34:14+00:00\",\"description\":\"Schmalissimo Netz Lack String. Dieser hochgeschnittene Lackstring, Netzhose ist ein wahnsinnig berauschender Herren-String f\u00fcr den Club. Clubwear Wojoer Versandkostenfrei innerhalb Deutschlands bestellen\",\"breadcrumb\":{\"@id\":\"https:\/\/www.wojoer.de\/en\/produkt\/schmalissimo-netz-lack-string-rebel\/#breadcrumb\"},\"inLanguage\":\"en-GB\",\"potentialAction\":[{\"@type\":\"ReadAction\",\"target\":[\"https:\/\/www.wojoer.de\/en\/produkt\/schmalissimo-netz-lack-string-rebel\/\"]}]},{\"@type\":\"ImageObject\",\"inLanguage\":\"en-GB\",\"@id\":\"https:\/\/www.wojoer.de\/en\/produkt\/schmalissimo-netz-lack-string-rebel\/#primaryimage\",\"url\":\"https:\/\/www.wojoer.de\/wp-content\/uploads\/2018\/07\/363W416_Rebell_Schmalissimo_string_wojoer.jpg\",\"contentUrl\":\"https:\/\/www.wojoer.de\/wp-content\/uploads\/2018\/07\/363W416_Rebell_Schmalissimo_string_wojoer.jpg\",\"width\":2002,\"height\":2002,\"caption\":\"Netz Lack String, Sexy Hei\u00df Rot schwarz\"},{\"@type\":\"BreadcrumbList\",\"@id\":\"https:\/\/www.wojoer.de\/en\/produkt\/schmalissimo-netz-lack-string-rebel\/#breadcrumb\",\"itemListElement\":[{\"@type\":\"ListItem\",\"position\":1,\"name\":\"Startseite\",\"item\":\"https:\/\/www.wojoer.de\/\"},{\"@type\":\"ListItem\",\"position\":2,\"name\":\"SHOP\",\"item\":\"https:\/\/www.wojoer.de\/shop\/\"},{\"@type\":\"ListItem\",\"position\":3,\"name\":\"REBEL STRING 363W416.1\"}]},{\"@type\":\"WebSite\",\"@id\":\"https:\/\/www.wojoer.de\/#website\",\"url\":\"https:\/\/www.wojoer.de\/\",\"name\":\"WOJOER\",\"description\":\"clubwear for men\",\"publisher\":{\"@id\":\"https:\/\/www.wojoer.de\/#organization\"},\"potentialAction\":[{\"@type\":\"SearchAction\",\"target\":{\"@type\":\"EntryPoint\",\"urlTemplate\":\"https:\/\/www.wojoer.de\/?s={search_term_string}\"},\"query-input\":{\"@type\":\"PropertyValueSpecification\",\"valueRequired\":true,\"valueName\":\"search_term_string\"}}],\"inLanguage\":\"en-GB\"},{\"@type\":\"Organization\",\"@id\":\"https:\/\/www.wojoer.de\/#organization\",\"name\":\"Wonneberger-Manufaktur\",\"url\":\"https:\/\/www.wojoer.de\/\",\"logo\":{\"@type\":\"ImageObject\",\"inLanguage\":\"en-GB\",\"@id\":\"https:\/\/www.wojoer.de\/#\/schema\/logo\/image\/\",\"url\":\"https:\/\/www.wojoer.de\/wp-content\/uploads\/2016\/11\/wonnebergermanufaktur_logo_BUTTON.png\",\"contentUrl\":\"https:\/\/www.wojoer.de\/wp-content\/uploads\/2016\/11\/wonnebergermanufaktur_logo_BUTTON.png\",\"width\":765,\"height\":765,\"caption\":\"Wonneberger-Manufaktur\"},\"image\":{\"@id\":\"https:\/\/www.wojoer.de\/#\/schema\/logo\/image\/\"},\"sameAs\":[\"https:\/\/www.facebook.com\/wojoer\/\",\"https:\/\/de.pinterest.com\/W0J0ER\/\"]}]}<\/script>\n<!-- \/ Yoast SEO plugin. -->","yoast_head_json":{"title":"Netz Lack string mit sich aufstellten Schuppen und rotem Powernet | Fetish varnish and mesh | WOJOER","description":"Schmalissimo Netz Lack String. Dieser hochgeschnittene Lackstring, Netzhose ist ein wahnsinnig berauschender Herren-String f\u00fcr den Club. Clubwear Wojoer Versandkostenfrei innerhalb Deutschlands bestellen","robots":{"index":"index","follow":"follow","max-snippet":"max-snippet:-1","max-image-preview":"max-image-preview:large","max-video-preview":"max-video-preview:-1"},"canonical":"https:\/\/www.wojoer.de\/en\/produkt\/schmalissimo-netz-lack-string-rebel\/","twitter_card":"summary_large_image","twitter_title":"Netz Lack string mit sich aufstellten Schuppen und rotem Powernet | Fetish varnish and mesh | WOJOER","twitter_description":"Schmalissimo Netz Lack String. Dieser hochgeschnittene Lackstring, Netzhose ist ein wahnsinnig berauschender Herren-String f\u00fcr den Club. Clubwear Wojoer Versandkostenfrei innerhalb Deutschlands bestellen","twitter_image":"https:\/\/www.wojoer.de\/wp-content\/uploads\/2018\/07\/363W416_Rebell_Schmalissimo_string_wojoer.jpg","twitter_misc":{"Estimated reading time":"1 minute"},"schema":{"@context":"https:\/\/schema.org","@graph":[{"@type":"WebPage","@id":"https:\/\/www.wojoer.de\/en\/produkt\/schmalissimo-netz-lack-string-rebel\/","url":"https:\/\/www.wojoer.de\/en\/produkt\/schmalissimo-netz-lack-string-rebel\/","name":"Netz Lack string mit sich aufstellten Schuppen und rotem Powernet | Fetish varnish and mesh | WOJOER","isPartOf":{"@id":"https:\/\/www.wojoer.de\/#website"},"primaryImageOfPage":{"@id":"https:\/\/www.wojoer.de\/en\/produkt\/schmalissimo-netz-lack-string-rebel\/#primaryimage"},"image":{"@id":"https:\/\/www.wojoer.de\/en\/produkt\/schmalissimo-netz-lack-string-rebel\/#primaryimage"},"thumbnailUrl":"https:\/\/www.wojoer.de\/wp-content\/uploads\/2018\/07\/363W416_Rebell_Schmalissimo_string_wojoer.jpg","datePublished":"2018-11-11T12:13:30+00:00","dateModified":"2021-03-19T11:34:14+00:00","description":"Schmalissimo Netz Lack String. Dieser hochgeschnittene Lackstring, Netzhose ist ein wahnsinnig berauschender Herren-String f\u00fcr den Club. Clubwear Wojoer Versandkostenfrei innerhalb Deutschlands bestellen","breadcrumb":{"@id":"https:\/\/www.wojoer.de\/en\/produkt\/schmalissimo-netz-lack-string-rebel\/#breadcrumb"},"inLanguage":"en-GB","potentialAction":[{"@type":"ReadAction","target":["https:\/\/www.wojoer.de\/en\/produkt\/schmalissimo-netz-lack-string-rebel\/"]}]},{"@type":"ImageObject","inLanguage":"en-GB","@id":"https:\/\/www.wojoer.de\/en\/produkt\/schmalissimo-netz-lack-string-rebel\/#primaryimage","url":"https:\/\/www.wojoer.de\/wp-content\/uploads\/2018\/07\/363W416_Rebell_Schmalissimo_string_wojoer.jpg","contentUrl":"https:\/\/www.wojoer.de\/wp-content\/uploads\/2018\/07\/363W416_Rebell_Schmalissimo_string_wojoer.jpg","width":2002,"height":2002,"caption":"Netz Lack String, Sexy Hei\u00df Rot schwarz"},{"@type":"BreadcrumbList","@id":"https:\/\/www.wojoer.de\/en\/produkt\/schmalissimo-netz-lack-string-rebel\/#breadcrumb","itemListElement":[{"@type":"ListItem","position":1,"name":"Startseite","item":"https:\/\/www.wojoer.de\/"},{"@type":"ListItem","position":2,"name":"SHOP","item":"https:\/\/www.wojoer.de\/shop\/"},{"@type":"ListItem","position":3,"name":"REBEL STRING 363W416.1"}]},{"@type":"WebSite","@id":"https:\/\/www.wojoer.de\/#website","url":"https:\/\/www.wojoer.de\/","name":"WOJOER","description":"clubwear for men","publisher":{"@id":"https:\/\/www.wojoer.de\/#organization"},"potentialAction":[{"@type":"SearchAction","target":{"@type":"EntryPoint","urlTemplate":"https:\/\/www.wojoer.de\/?s={search_term_string}"},"query-input":{"@type":"PropertyValueSpecification","valueRequired":true,"valueName":"search_term_string"}}],"inLanguage":"en-GB"},{"@type":"Organization","@id":"https:\/\/www.wojoer.de\/#organization","name":"Wonneberger-Manufaktur","url":"https:\/\/www.wojoer.de\/","logo":{"@type":"ImageObject","inLanguage":"en-GB","@id":"https:\/\/www.wojoer.de\/#\/schema\/logo\/image\/","url":"https:\/\/www.wojoer.de\/wp-content\/uploads\/2016\/11\/wonnebergermanufaktur_logo_BUTTON.png","contentUrl":"https:\/\/www.wojoer.de\/wp-content\/uploads\/2016\/11\/wonnebergermanufaktur_logo_BUTTON.png","width":765,"height":765,"caption":"Wonneberger-Manufaktur"},"image":{"@id":"https:\/\/www.wojoer.de\/#\/schema\/logo\/image\/"},"sameAs":["https:\/\/www.facebook.com\/wojoer\/","https:\/\/de.pinterest.com\/W0J0ER\/"]}]}},"_links":{"self":[{"href":"https:\/\/www.wojoer.de\/en\/wp-json\/wp\/v2\/product\/10716","targetHints":{"allow":["GET"]}}],"collection":[{"href":"https:\/\/www.wojoer.de\/en\/wp-json\/wp\/v2\/product"}],"about":[{"href":"https:\/\/www.wojoer.de\/en\/wp-json\/wp\/v2\/types\/product"}],"replies":[{"embeddable":true,"href":"https:\/\/www.wojoer.de\/en\/wp-json\/wp\/v2\/comments?post=10716"}],"wp:featuredmedia":[{"embeddable":true,"href":"https:\/\/www.wojoer.de\/en\/wp-json\/wp\/v2\/media\/10688"}],"wp:attachment":[{"href":"https:\/\/www.wojoer.de\/en\/wp-json\/wp\/v2\/media?parent=10716"}],"wp:term":[{"taxonomy":"product_brand","embeddable":true,"href":"https:\/\/www.wojoer.de\/en\/wp-json\/wp\/v2\/product_brand?post=10716"},{"taxonomy":"product_cat","embeddable":true,"href":"https:\/\/www.wojoer.de\/en\/wp-json\/wp\/v2\/product_cat?post=10716"},{"taxonomy":"product_tag","embeddable":true,"href":"https:\/\/www.wojoer.de\/en\/wp-json\/wp\/v2\/product_tag?post=10716"}],"curies":[{"name":"wp","href":"https:\/\/api.w.org\/{rel}","templated":true}]}}