{"id":10729,"date":"2018-11-11T13:41:39","date_gmt":"2018-11-11T12:41:39","guid":{"rendered":"https:\/\/www.wojoer.de\/produkt\/netz-longpants-shorts-rebel-lack\/"},"modified":"2024-12-07T19:13:09","modified_gmt":"2024-12-07T18:13:09","slug":"netz-longpants-shorts-rebel-lack","status":"publish","type":"product","link":"https:\/\/www.wojoer.de\/en\/produkt\/netz-longpants-shorts-rebel-lack\/","title":{"rendered":"REBEL NETZ LONGPANTS 363W418"},"content":{"rendered":"<p>Die Rebel Netz Longpants 363W418 geh\u00f6rt zu den Wojoer LIVE-Produkten. Sie werden ab Bestellung bei uns produziert. So k\u00f6nnen wir auf Kundenw\u00fcnsche individuell eingehen.<\/p>\n<h3>Gr\u00f6\u00dfen<\/h3>\n<p>Erh\u00e4ltlich in den Gr\u00f6\u00dfen S, M, L, XL<\/p>\n<h3>Materialzusammensetzung<\/h3>\n<p>80% Polyester, Polyurethan 8% Elasthan<\/p>\n<p>94% Polyester, 6% Elasthan<\/p>\n<h3>Besonderheiten<\/h3>\n<p><a href=\"http:\/\/www.wojoer.de\/?s=LIVE&#038;post_type=product\">LIVE-Produkt<\/a> \u00a0 | hei\u00dfe Applikationen\u00a0 | Suspensorium mit stehenden Schuppen | anschmiegsam &#038; extrem flexibel | besonders atmungsaktiv | hochwertige Verarbeitung &#8220;Made in Germany&#8221;<\/p>\n<h3>Benutzerhinweise<\/h3>\n<p>Handw\u00e4sche<\/p>\n<h3>REBEL NETZ LONGPANTS &#8211; enganliegende Netz Lack Shorts in rot schwarz<\/h3>\n<p>Eine hei\u00dfe, hautenge Longp<span class=\"hiddenSpellError\">ants<\/span> die alle Blicke auf dich ziehen wird und sanft deine H\u00fcften umschlie\u00dft. Die Seiten der Longp<span class=\"hiddenSpellError\">ants<\/span> sind aus schwarz gl\u00e4nzenden Lackmaterial, was sich ebenfalls \u00fcber das Suspensorium zieht. Vor allem aber die Lackschuppen werden dich begeistern. Weil sie sich, wie ein bissiger Reptilienkamm, aufstellen. Es bietet ausreichend Platz f\u00fcr dein bestes St\u00fcck, dennoch wirkt sie eng und b\u00fcndig, schmiegt sich sanft an deine Haut. Ungeachtet dessen, verleiht dir der feste Lackeinsatz St\u00e4rke und unterstreicht deine Dominanz. Der Look der Longp<span class=\"hiddenSpellError\">ants<\/span> ist feurig verlockend, angriffsbereit und zum Anbei\u00dfen lecker. Ein besonderes Plus ist der weiche Netzstoff, da er extrem flexibel, atmungsaktiv und schnell trocknend ist.<br \/>\nDu willst es \u2013 du kriegst es!<\/p>\n<p><span class=\"sku\">Die Rebel Longpants 363W418 <\/span>kannst Du jetzt online bestellen!<\/p>\n","protected":false},"excerpt":{"rendered":"<p>Die Rebel Netz Longpants 363W418 geh\u00f6rt zu den Wojoer LIVE-Produkten. Sie werden ab Bestellung bei uns produziert. So k\u00f6nnen wir auf Kundenw\u00fcnsche individuell eingehen.<br \/>\nGr\u00f6\u00dfen<br \/>\nErh\u00e4ltlich in den Gr\u00f6\u00dfen S, M, L, XL<br \/>\nMaterialzusammensetzung<br \/>\n80% Polyester, Polyurethan 8% Elasthan<\/p>\n<p>94% Polyester, 6% Elasthan<br \/>\nBesonderheiten<br \/>\nLIVE-Produkt \u00a0 |\u2026<\/p>\n","protected":false},"featured_media":10694,"comment_status":"open","ping_status":"closed","template":"","meta":[],"product_brand":[],"product_cat":[823,114,473,195,326],"product_tag":[102,259,246,273,430,318],"class_list":{"0":"post-10729","1":"product","2":"type-product","3":"status-publish","4":"has-post-thumbnail","6":"product_cat-363-rebel","7":"product_cat-fetisch","8":"product_cat-men","9":"product_cat-produktion-auf-bestellung-liveproduktion","10":"product_cat-wojoer","11":"product_tag-hipster","12":"product_tag-longpants","13":"product_tag-netz","14":"product_tag-pants","15":"product_tag-powernet","16":"product_tag-struktur","17":"product_shipping_class-beun","18":"pa_groesse-l","19":"pa_groesse-m","20":"pa_groesse-s","21":"pa_groesse-xl","22":"pif-has-gallery","23":"post-1","24":"odd","26":"first","27":"instock","28":"taxable","29":"shipping-taxable","30":"purchasable","31":"product-type-variable"},"yoast_head":"<!-- This site is optimized with the Yoast SEO plugin v27.2 - https:\/\/yoast.com\/product\/yoast-seo-wordpress\/ -->\n<title>Netz Longpants | Fetisch | gl\u00e4nzender Lack | extrem flexibel WOJOER<\/title>\n<meta name=\"description\" content=\"Rote Netz Longpants mit Schuppen Lack schwarz. Atmungsaktiv und extrem flexibel mit stehenden Schuppen. Wojoer Versandkostenfrei innerhalb Deutschlands bestellen und kosteng\u00fcnstig auch in die ganze Welt. Hochwertige Verarbeitung made in Germany.\" \/>\n<meta name=\"robots\" content=\"index, follow, max-snippet:-1, max-image-preview:large, max-video-preview:-1\" \/>\n<link rel=\"canonical\" href=\"https:\/\/www.wojoer.de\/en\/produkt\/netz-longpants-shorts-rebel-lack\/\" \/>\n<meta name=\"twitter:card\" content=\"summary_large_image\" \/>\n<meta name=\"twitter:title\" content=\"Netz Longpants | Fetisch | gl\u00e4nzender Lack | extrem flexibel WOJOER\" \/>\n<meta name=\"twitter:description\" content=\"Rote Netz Longpants mit Schuppen Lack schwarz. Atmungsaktiv und extrem flexibel mit stehenden Schuppen. Wojoer Versandkostenfrei innerhalb Deutschlands bestellen und kosteng\u00fcnstig auch in die ganze Welt. Hochwertige Verarbeitung made in Germany.\" \/>\n<meta name=\"twitter:image\" content=\"https:\/\/www.wojoer.de\/wp-content\/uploads\/2018\/07\/363W418_Rebel_Longpants_netz_wojoer.jpg\" \/>\n<meta name=\"twitter:label1\" content=\"Estimated reading time\" \/>\n\t<meta name=\"twitter:data1\" content=\"1 minute\" \/>\n<script type=\"application\/ld+json\" class=\"yoast-schema-graph\">{\"@context\":\"https:\/\/schema.org\",\"@graph\":[{\"@type\":\"WebPage\",\"@id\":\"https:\/\/www.wojoer.de\/en\/produkt\/netz-longpants-shorts-rebel-lack\/\",\"url\":\"https:\/\/www.wojoer.de\/en\/produkt\/netz-longpants-shorts-rebel-lack\/\",\"name\":\"Netz Longpants | Fetisch | gl\u00e4nzender Lack | extrem flexibel WOJOER\",\"isPartOf\":{\"@id\":\"https:\/\/www.wojoer.de\/#website\"},\"primaryImageOfPage\":{\"@id\":\"https:\/\/www.wojoer.de\/en\/produkt\/netz-longpants-shorts-rebel-lack\/#primaryimage\"},\"image\":{\"@id\":\"https:\/\/www.wojoer.de\/en\/produkt\/netz-longpants-shorts-rebel-lack\/#primaryimage\"},\"thumbnailUrl\":\"https:\/\/www.wojoer.de\/wp-content\/uploads\/2018\/07\/363W418_Rebel_Longpants_netz_wojoer.jpg\",\"datePublished\":\"2018-11-11T12:41:39+00:00\",\"dateModified\":\"2024-12-07T18:13:09+00:00\",\"description\":\"Rote Netz Longpants mit Schuppen Lack schwarz. Atmungsaktiv und extrem flexibel mit stehenden Schuppen. Wojoer Versandkostenfrei innerhalb Deutschlands bestellen und kosteng\u00fcnstig auch in die ganze Welt. Hochwertige Verarbeitung made in Germany.\",\"breadcrumb\":{\"@id\":\"https:\/\/www.wojoer.de\/en\/produkt\/netz-longpants-shorts-rebel-lack\/#breadcrumb\"},\"inLanguage\":\"en-GB\",\"potentialAction\":[{\"@type\":\"ReadAction\",\"target\":[\"https:\/\/www.wojoer.de\/en\/produkt\/netz-longpants-shorts-rebel-lack\/\"]}]},{\"@type\":\"ImageObject\",\"inLanguage\":\"en-GB\",\"@id\":\"https:\/\/www.wojoer.de\/en\/produkt\/netz-longpants-shorts-rebel-lack\/#primaryimage\",\"url\":\"https:\/\/www.wojoer.de\/wp-content\/uploads\/2018\/07\/363W418_Rebel_Longpants_netz_wojoer.jpg\",\"contentUrl\":\"https:\/\/www.wojoer.de\/wp-content\/uploads\/2018\/07\/363W418_Rebel_Longpants_netz_wojoer.jpg\",\"width\":2002,\"height\":2002,\"caption\":\"Netz Longpants, Longpants Hose Leggins Lackhose\"},{\"@type\":\"BreadcrumbList\",\"@id\":\"https:\/\/www.wojoer.de\/en\/produkt\/netz-longpants-shorts-rebel-lack\/#breadcrumb\",\"itemListElement\":[{\"@type\":\"ListItem\",\"position\":1,\"name\":\"Startseite\",\"item\":\"https:\/\/www.wojoer.de\/\"},{\"@type\":\"ListItem\",\"position\":2,\"name\":\"SHOP\",\"item\":\"https:\/\/www.wojoer.de\/shop\/\"},{\"@type\":\"ListItem\",\"position\":3,\"name\":\"REBEL NETZ LONGPANTS 363W418\"}]},{\"@type\":\"WebSite\",\"@id\":\"https:\/\/www.wojoer.de\/#website\",\"url\":\"https:\/\/www.wojoer.de\/\",\"name\":\"WOJOER\",\"description\":\"clubwear for men\",\"publisher\":{\"@id\":\"https:\/\/www.wojoer.de\/#organization\"},\"potentialAction\":[{\"@type\":\"SearchAction\",\"target\":{\"@type\":\"EntryPoint\",\"urlTemplate\":\"https:\/\/www.wojoer.de\/?s={search_term_string}\"},\"query-input\":{\"@type\":\"PropertyValueSpecification\",\"valueRequired\":true,\"valueName\":\"search_term_string\"}}],\"inLanguage\":\"en-GB\"},{\"@type\":\"Organization\",\"@id\":\"https:\/\/www.wojoer.de\/#organization\",\"name\":\"Wonneberger-Manufaktur\",\"url\":\"https:\/\/www.wojoer.de\/\",\"logo\":{\"@type\":\"ImageObject\",\"inLanguage\":\"en-GB\",\"@id\":\"https:\/\/www.wojoer.de\/#\/schema\/logo\/image\/\",\"url\":\"https:\/\/www.wojoer.de\/wp-content\/uploads\/2016\/11\/wonnebergermanufaktur_logo_BUTTON.png\",\"contentUrl\":\"https:\/\/www.wojoer.de\/wp-content\/uploads\/2016\/11\/wonnebergermanufaktur_logo_BUTTON.png\",\"width\":765,\"height\":765,\"caption\":\"Wonneberger-Manufaktur\"},\"image\":{\"@id\":\"https:\/\/www.wojoer.de\/#\/schema\/logo\/image\/\"},\"sameAs\":[\"https:\/\/www.facebook.com\/wojoer\/\",\"https:\/\/de.pinterest.com\/W0J0ER\/\"]}]}<\/script>\n<!-- \/ Yoast SEO plugin. -->","yoast_head_json":{"title":"Netz Longpants | Fetisch | gl\u00e4nzender Lack | extrem flexibel WOJOER","description":"Rote Netz Longpants mit Schuppen Lack schwarz. Atmungsaktiv und extrem flexibel mit stehenden Schuppen. Wojoer Versandkostenfrei innerhalb Deutschlands bestellen und kosteng\u00fcnstig auch in die ganze Welt. Hochwertige Verarbeitung made in Germany.","robots":{"index":"index","follow":"follow","max-snippet":"max-snippet:-1","max-image-preview":"max-image-preview:large","max-video-preview":"max-video-preview:-1"},"canonical":"https:\/\/www.wojoer.de\/en\/produkt\/netz-longpants-shorts-rebel-lack\/","twitter_card":"summary_large_image","twitter_title":"Netz Longpants | Fetisch | gl\u00e4nzender Lack | extrem flexibel WOJOER","twitter_description":"Rote Netz Longpants mit Schuppen Lack schwarz. Atmungsaktiv und extrem flexibel mit stehenden Schuppen. Wojoer Versandkostenfrei innerhalb Deutschlands bestellen und kosteng\u00fcnstig auch in die ganze Welt. Hochwertige Verarbeitung made in Germany.","twitter_image":"https:\/\/www.wojoer.de\/wp-content\/uploads\/2018\/07\/363W418_Rebel_Longpants_netz_wojoer.jpg","twitter_misc":{"Estimated reading time":"1 minute"},"schema":{"@context":"https:\/\/schema.org","@graph":[{"@type":"WebPage","@id":"https:\/\/www.wojoer.de\/en\/produkt\/netz-longpants-shorts-rebel-lack\/","url":"https:\/\/www.wojoer.de\/en\/produkt\/netz-longpants-shorts-rebel-lack\/","name":"Netz Longpants | Fetisch | gl\u00e4nzender Lack | extrem flexibel WOJOER","isPartOf":{"@id":"https:\/\/www.wojoer.de\/#website"},"primaryImageOfPage":{"@id":"https:\/\/www.wojoer.de\/en\/produkt\/netz-longpants-shorts-rebel-lack\/#primaryimage"},"image":{"@id":"https:\/\/www.wojoer.de\/en\/produkt\/netz-longpants-shorts-rebel-lack\/#primaryimage"},"thumbnailUrl":"https:\/\/www.wojoer.de\/wp-content\/uploads\/2018\/07\/363W418_Rebel_Longpants_netz_wojoer.jpg","datePublished":"2018-11-11T12:41:39+00:00","dateModified":"2024-12-07T18:13:09+00:00","description":"Rote Netz Longpants mit Schuppen Lack schwarz. Atmungsaktiv und extrem flexibel mit stehenden Schuppen. Wojoer Versandkostenfrei innerhalb Deutschlands bestellen und kosteng\u00fcnstig auch in die ganze Welt. Hochwertige Verarbeitung made in Germany.","breadcrumb":{"@id":"https:\/\/www.wojoer.de\/en\/produkt\/netz-longpants-shorts-rebel-lack\/#breadcrumb"},"inLanguage":"en-GB","potentialAction":[{"@type":"ReadAction","target":["https:\/\/www.wojoer.de\/en\/produkt\/netz-longpants-shorts-rebel-lack\/"]}]},{"@type":"ImageObject","inLanguage":"en-GB","@id":"https:\/\/www.wojoer.de\/en\/produkt\/netz-longpants-shorts-rebel-lack\/#primaryimage","url":"https:\/\/www.wojoer.de\/wp-content\/uploads\/2018\/07\/363W418_Rebel_Longpants_netz_wojoer.jpg","contentUrl":"https:\/\/www.wojoer.de\/wp-content\/uploads\/2018\/07\/363W418_Rebel_Longpants_netz_wojoer.jpg","width":2002,"height":2002,"caption":"Netz Longpants, Longpants Hose Leggins Lackhose"},{"@type":"BreadcrumbList","@id":"https:\/\/www.wojoer.de\/en\/produkt\/netz-longpants-shorts-rebel-lack\/#breadcrumb","itemListElement":[{"@type":"ListItem","position":1,"name":"Startseite","item":"https:\/\/www.wojoer.de\/"},{"@type":"ListItem","position":2,"name":"SHOP","item":"https:\/\/www.wojoer.de\/shop\/"},{"@type":"ListItem","position":3,"name":"REBEL NETZ LONGPANTS 363W418"}]},{"@type":"WebSite","@id":"https:\/\/www.wojoer.de\/#website","url":"https:\/\/www.wojoer.de\/","name":"WOJOER","description":"clubwear for men","publisher":{"@id":"https:\/\/www.wojoer.de\/#organization"},"potentialAction":[{"@type":"SearchAction","target":{"@type":"EntryPoint","urlTemplate":"https:\/\/www.wojoer.de\/?s={search_term_string}"},"query-input":{"@type":"PropertyValueSpecification","valueRequired":true,"valueName":"search_term_string"}}],"inLanguage":"en-GB"},{"@type":"Organization","@id":"https:\/\/www.wojoer.de\/#organization","name":"Wonneberger-Manufaktur","url":"https:\/\/www.wojoer.de\/","logo":{"@type":"ImageObject","inLanguage":"en-GB","@id":"https:\/\/www.wojoer.de\/#\/schema\/logo\/image\/","url":"https:\/\/www.wojoer.de\/wp-content\/uploads\/2016\/11\/wonnebergermanufaktur_logo_BUTTON.png","contentUrl":"https:\/\/www.wojoer.de\/wp-content\/uploads\/2016\/11\/wonnebergermanufaktur_logo_BUTTON.png","width":765,"height":765,"caption":"Wonneberger-Manufaktur"},"image":{"@id":"https:\/\/www.wojoer.de\/#\/schema\/logo\/image\/"},"sameAs":["https:\/\/www.facebook.com\/wojoer\/","https:\/\/de.pinterest.com\/W0J0ER\/"]}]}},"_links":{"self":[{"href":"https:\/\/www.wojoer.de\/en\/wp-json\/wp\/v2\/product\/10729","targetHints":{"allow":["GET"]}}],"collection":[{"href":"https:\/\/www.wojoer.de\/en\/wp-json\/wp\/v2\/product"}],"about":[{"href":"https:\/\/www.wojoer.de\/en\/wp-json\/wp\/v2\/types\/product"}],"replies":[{"embeddable":true,"href":"https:\/\/www.wojoer.de\/en\/wp-json\/wp\/v2\/comments?post=10729"}],"wp:featuredmedia":[{"embeddable":true,"href":"https:\/\/www.wojoer.de\/en\/wp-json\/wp\/v2\/media\/10694"}],"wp:attachment":[{"href":"https:\/\/www.wojoer.de\/en\/wp-json\/wp\/v2\/media?parent=10729"}],"wp:term":[{"taxonomy":"product_brand","embeddable":true,"href":"https:\/\/www.wojoer.de\/en\/wp-json\/wp\/v2\/product_brand?post=10729"},{"taxonomy":"product_cat","embeddable":true,"href":"https:\/\/www.wojoer.de\/en\/wp-json\/wp\/v2\/product_cat?post=10729"},{"taxonomy":"product_tag","embeddable":true,"href":"https:\/\/www.wojoer.de\/en\/wp-json\/wp\/v2\/product_tag?post=10729"}],"curies":[{"name":"wp","href":"https:\/\/api.w.org\/{rel}","templated":true}]}}