{"id":10734,"date":"2018-11-11T14:21:18","date_gmt":"2018-11-11T13:21:18","guid":{"rendered":"https:\/\/www.wojoer.de\/produkt\/rebel-netz-leggings-hose-lack\/"},"modified":"2024-06-26T12:35:02","modified_gmt":"2024-06-26T10:35:02","slug":"rebel-netz-leggings-hose-lack","status":"publish","type":"product","link":"https:\/\/www.wojoer.de\/en\/produkt\/rebel-netz-leggings-hose-lack\/","title":{"rendered":"REBEL NETZ LEGGINGS HOSE 363W419"},"content":{"rendered":"<p>Die Rebel Netz Leggings Hose 363W419 geh\u00f6rt zu den Wojoer LIVE-Produkten. Sie werden ab Bestellung bei uns produziert. So k\u00f6nnen wir auf Kundenw\u00fcnsche individuell eingehen.<\/p>\n<h3>Gr\u00f6\u00dfen<\/h3>\n<p>Erh\u00e4ltlich in den Gr\u00f6\u00dfen S, M, L, XL<\/p>\n<h3>Materialzusammensetzung<\/h3>\n<p>80% Polyester, Polyurethan 8% Elasthan<\/p>\n<p>94% Polyester, 6% Elasthan<\/p>\n<h3>Besonderheiten<\/h3>\n<p><a href=\"http:\/\/www.wojoer.de\/?s=LIVE&#038;post_type=product\">LIVE-Produkt<\/a> \u00a0 | Lack Noppen Suspensorium | Powernet Netz | anschmiegsam | atmungaktiv | extrem dehnbar | hochwertige Verarbeitung &#8220;Made in Germany&#8221;<\/p>\n<h3>Benutzerhinweise<\/h3>\n<p>Handw\u00e4sche<\/p>\n<h3>REBEL LEGGINGS HOSE &#8211; rote Netz Leggins mit schwarzem Lack und aufgestellten Schuppen<\/h3>\n<p>Eine hei\u00dfe, hautenge Leggings die alle Blicke auf dich zieht und sanft deine H\u00fcften umschlie\u00dft. Die Seiten der Leggings sind aus schwarz gl\u00e4nzenden Lackmaterial, was sich ebenfalls \u00fcber das Suspensorium zieht. Dazu kommt, dass sich die Lackschuppen aufstellen, wie ein bissiger Reptilienkamm und alles schreit nach Angriff! Es bietet ausreichend Platz f\u00fcr dein bestes St\u00fcck, dennoch wirkt sie eng und b\u00fcndig, schmiegt sich sanft an deine Haut. Ungeachtet dessen, verleiht dir der feste Lackeinsatz St\u00e4rke und unterstreicht deine Dominanz. Der Look der <span class=\"hiddenSpellError\">Leggings<\/span> ist feurig verlockend, angriffsbereit und zum Anbei\u00dfen lecker. Der weiche Netzstoff ist atmungsaktiv, super flexibel und schnell trocknend. So kannst du gern eine Nummer kleiner w\u00e4hlen, wenn du diese Leggings knall eng und besonders transparent haben willst.<br \/>\nDu willst es \u2013 du kriegst es!<\/p>\n<p><span class=\"sku\">Die Rebel Leggings\u00a0363W419 <\/span>kannst Du jetzt online bestellen!<\/p>\n","protected":false},"excerpt":{"rendered":"<p>Die Rebel Netz Leggings Hose 363W419 geh\u00f6rt zu den Wojoer LIVE-Produkten. Sie werden ab Bestellung bei uns produziert. So k\u00f6nnen wir auf Kundenw\u00fcnsche individuell eingehen.<br \/>\nGr\u00f6\u00dfen<br \/>\nErh\u00e4ltlich in den Gr\u00f6\u00dfen S, M, L, XL<br \/>\nMaterialzusammensetzung<br \/>\n80% Polyester, Polyurethan 8% Elasthan<\/p>\n<p>94% Polyester, 6% Elasthan<br \/>\nBesonderheiten<br \/>\nLIVE-Produkt \u00a0\u2026<\/p>\n","protected":false},"featured_media":10696,"comment_status":"open","ping_status":"closed","template":"","meta":[],"product_brand":[],"product_cat":[823,114,473,195,326],"product_tag":[294,244,246,430,318],"class_list":{"0":"post-10734","1":"product","2":"type-product","3":"status-publish","4":"has-post-thumbnail","6":"product_cat-363-rebel","7":"product_cat-fetisch","8":"product_cat-men","9":"product_cat-produktion-auf-bestellung-liveproduktion","10":"product_cat-wojoer","11":"product_tag-lack","12":"product_tag-leggings","13":"product_tag-netz","14":"product_tag-powernet","15":"product_tag-struktur","16":"product_shipping_class-beun","17":"pa_farbe-rot","18":"pa_groesse-l","19":"pa_groesse-m","20":"pa_groesse-s","21":"pa_groesse-xl","22":"pif-has-gallery","23":"post-1","24":"odd","26":"first","27":"instock","28":"taxable","29":"shipping-taxable","30":"purchasable","31":"product-type-variable"},"yoast_head":"<!-- This site is optimized with the Yoast SEO plugin v27.2 - https:\/\/yoast.com\/product\/yoast-seo-wordpress\/ -->\n<title>Longpants Leggins Hose Lack und Netz | Clubwear | WOJOER for men<\/title>\n<meta name=\"description\" content=\"Netz Leggings Hose mit perforiertem Lack, Netzhose, Herren Hose aus Netz und Lack in Rot und Schwarz. Men clubwear from Wojoer. Jetzt versandkostenfrei online innerhalb Deutschlands bestellen und kosteng\u00fcnstig in die ganze Welt.\" \/>\n<meta name=\"robots\" content=\"index, follow, max-snippet:-1, max-image-preview:large, max-video-preview:-1\" \/>\n<link rel=\"canonical\" href=\"https:\/\/www.wojoer.de\/en\/produkt\/rebel-netz-leggings-hose-lack\/\" \/>\n<meta name=\"twitter:card\" content=\"summary_large_image\" \/>\n<meta name=\"twitter:title\" content=\"Longpants Leggins Hose Lack und Netz | Clubwear | WOJOER for men\" \/>\n<meta name=\"twitter:description\" content=\"Netz Leggings Hose mit perforiertem Lack, Netzhose, Herren Hose aus Netz und Lack in Rot und Schwarz. Men clubwear from Wojoer. Jetzt versandkostenfrei online innerhalb Deutschlands bestellen und kosteng\u00fcnstig in die ganze Welt.\" \/>\n<meta name=\"twitter:image\" content=\"https:\/\/www.wojoer.de\/wp-content\/uploads\/2018\/07\/363W419_Rebel_Leggings_netz_side_wojoer.jpg\" \/>\n<meta name=\"twitter:label1\" content=\"Estimated reading time\" \/>\n\t<meta name=\"twitter:data1\" content=\"2 minutes\" \/>\n<script type=\"application\/ld+json\" class=\"yoast-schema-graph\">{\"@context\":\"https:\/\/schema.org\",\"@graph\":[{\"@type\":\"WebPage\",\"@id\":\"https:\/\/www.wojoer.de\/produkt\/rebel-netz-leggings-hose-lack\/\",\"url\":\"https:\/\/www.wojoer.de\/produkt\/rebel-netz-leggings-hose-lack\/\",\"name\":\"Longpants Leggins Hose Lack und Netz | Clubwear | WOJOER for men\",\"isPartOf\":{\"@id\":\"https:\/\/www.wojoer.de\/#website\"},\"primaryImageOfPage\":{\"@id\":\"https:\/\/www.wojoer.de\/produkt\/rebel-netz-leggings-hose-lack\/#primaryimage\"},\"image\":{\"@id\":\"https:\/\/www.wojoer.de\/produkt\/rebel-netz-leggings-hose-lack\/#primaryimage\"},\"thumbnailUrl\":\"https:\/\/www.wojoer.de\/wp-content\/uploads\/2018\/07\/363W419_Rebel_Leggings_netz_side_wojoer.jpg\",\"datePublished\":\"2018-11-11T13:21:18+00:00\",\"dateModified\":\"2024-06-26T10:35:02+00:00\",\"description\":\"Netz Leggings Hose mit perforiertem Lack, Netzhose, Herren Hose aus Netz und Lack in Rot und Schwarz. Men clubwear from Wojoer. Jetzt versandkostenfrei online innerhalb Deutschlands bestellen und kosteng\u00fcnstig in die ganze Welt.\",\"breadcrumb\":{\"@id\":\"https:\/\/www.wojoer.de\/produkt\/rebel-netz-leggings-hose-lack\/#breadcrumb\"},\"inLanguage\":\"en-GB\",\"potentialAction\":[{\"@type\":\"ReadAction\",\"target\":[\"https:\/\/www.wojoer.de\/produkt\/rebel-netz-leggings-hose-lack\/\"]}]},{\"@type\":\"ImageObject\",\"inLanguage\":\"en-GB\",\"@id\":\"https:\/\/www.wojoer.de\/produkt\/rebel-netz-leggings-hose-lack\/#primaryimage\",\"url\":\"https:\/\/www.wojoer.de\/wp-content\/uploads\/2018\/07\/363W419_Rebel_Leggings_netz_side_wojoer.jpg\",\"contentUrl\":\"https:\/\/www.wojoer.de\/wp-content\/uploads\/2018\/07\/363W419_Rebel_Leggings_netz_side_wojoer.jpg\",\"width\":2002,\"height\":2002,\"caption\":\"Netz Leggins Hose Herren Clubwear\"},{\"@type\":\"BreadcrumbList\",\"@id\":\"https:\/\/www.wojoer.de\/produkt\/rebel-netz-leggings-hose-lack\/#breadcrumb\",\"itemListElement\":[{\"@type\":\"ListItem\",\"position\":1,\"name\":\"Startseite\",\"item\":\"https:\/\/www.wojoer.de\/\"},{\"@type\":\"ListItem\",\"position\":2,\"name\":\"SHOP\",\"item\":\"https:\/\/www.wojoer.de\/shop\/\"},{\"@type\":\"ListItem\",\"position\":3,\"name\":\"REBEL NETZ LEGGINGS HOSE 363W419\"}]},{\"@type\":\"WebSite\",\"@id\":\"https:\/\/www.wojoer.de\/#website\",\"url\":\"https:\/\/www.wojoer.de\/\",\"name\":\"WOJOER\",\"description\":\"clubwear for men\",\"publisher\":{\"@id\":\"https:\/\/www.wojoer.de\/#organization\"},\"potentialAction\":[{\"@type\":\"SearchAction\",\"target\":{\"@type\":\"EntryPoint\",\"urlTemplate\":\"https:\/\/www.wojoer.de\/?s={search_term_string}\"},\"query-input\":{\"@type\":\"PropertyValueSpecification\",\"valueRequired\":true,\"valueName\":\"search_term_string\"}}],\"inLanguage\":\"en-GB\"},{\"@type\":\"Organization\",\"@id\":\"https:\/\/www.wojoer.de\/#organization\",\"name\":\"Wonneberger-Manufaktur\",\"url\":\"https:\/\/www.wojoer.de\/\",\"logo\":{\"@type\":\"ImageObject\",\"inLanguage\":\"en-GB\",\"@id\":\"https:\/\/www.wojoer.de\/#\/schema\/logo\/image\/\",\"url\":\"https:\/\/www.wojoer.de\/wp-content\/uploads\/2016\/11\/wonnebergermanufaktur_logo_BUTTON.png\",\"contentUrl\":\"https:\/\/www.wojoer.de\/wp-content\/uploads\/2016\/11\/wonnebergermanufaktur_logo_BUTTON.png\",\"width\":765,\"height\":765,\"caption\":\"Wonneberger-Manufaktur\"},\"image\":{\"@id\":\"https:\/\/www.wojoer.de\/#\/schema\/logo\/image\/\"},\"sameAs\":[\"https:\/\/www.facebook.com\/wojoer\/\",\"https:\/\/de.pinterest.com\/W0J0ER\/\"]}]}<\/script>\n<!-- \/ Yoast SEO plugin. -->","yoast_head_json":{"title":"Longpants Leggins Hose Lack und Netz | Clubwear | WOJOER for men","description":"Netz Leggings Hose mit perforiertem Lack, Netzhose, Herren Hose aus Netz und Lack in Rot und Schwarz. Men clubwear from Wojoer. Jetzt versandkostenfrei online innerhalb Deutschlands bestellen und kosteng\u00fcnstig in die ganze Welt.","robots":{"index":"index","follow":"follow","max-snippet":"max-snippet:-1","max-image-preview":"max-image-preview:large","max-video-preview":"max-video-preview:-1"},"canonical":"https:\/\/www.wojoer.de\/en\/produkt\/rebel-netz-leggings-hose-lack\/","twitter_card":"summary_large_image","twitter_title":"Longpants Leggins Hose Lack und Netz | Clubwear | WOJOER for men","twitter_description":"Netz Leggings Hose mit perforiertem Lack, Netzhose, Herren Hose aus Netz und Lack in Rot und Schwarz. Men clubwear from Wojoer. Jetzt versandkostenfrei online innerhalb Deutschlands bestellen und kosteng\u00fcnstig in die ganze Welt.","twitter_image":"https:\/\/www.wojoer.de\/wp-content\/uploads\/2018\/07\/363W419_Rebel_Leggings_netz_side_wojoer.jpg","twitter_misc":{"Estimated reading time":"2 minutes"},"schema":{"@context":"https:\/\/schema.org","@graph":[{"@type":"WebPage","@id":"https:\/\/www.wojoer.de\/produkt\/rebel-netz-leggings-hose-lack\/","url":"https:\/\/www.wojoer.de\/produkt\/rebel-netz-leggings-hose-lack\/","name":"Longpants Leggins Hose Lack und Netz | Clubwear | WOJOER for men","isPartOf":{"@id":"https:\/\/www.wojoer.de\/#website"},"primaryImageOfPage":{"@id":"https:\/\/www.wojoer.de\/produkt\/rebel-netz-leggings-hose-lack\/#primaryimage"},"image":{"@id":"https:\/\/www.wojoer.de\/produkt\/rebel-netz-leggings-hose-lack\/#primaryimage"},"thumbnailUrl":"https:\/\/www.wojoer.de\/wp-content\/uploads\/2018\/07\/363W419_Rebel_Leggings_netz_side_wojoer.jpg","datePublished":"2018-11-11T13:21:18+00:00","dateModified":"2024-06-26T10:35:02+00:00","description":"Netz Leggings Hose mit perforiertem Lack, Netzhose, Herren Hose aus Netz und Lack in Rot und Schwarz. Men clubwear from Wojoer. Jetzt versandkostenfrei online innerhalb Deutschlands bestellen und kosteng\u00fcnstig in die ganze Welt.","breadcrumb":{"@id":"https:\/\/www.wojoer.de\/produkt\/rebel-netz-leggings-hose-lack\/#breadcrumb"},"inLanguage":"en-GB","potentialAction":[{"@type":"ReadAction","target":["https:\/\/www.wojoer.de\/produkt\/rebel-netz-leggings-hose-lack\/"]}]},{"@type":"ImageObject","inLanguage":"en-GB","@id":"https:\/\/www.wojoer.de\/produkt\/rebel-netz-leggings-hose-lack\/#primaryimage","url":"https:\/\/www.wojoer.de\/wp-content\/uploads\/2018\/07\/363W419_Rebel_Leggings_netz_side_wojoer.jpg","contentUrl":"https:\/\/www.wojoer.de\/wp-content\/uploads\/2018\/07\/363W419_Rebel_Leggings_netz_side_wojoer.jpg","width":2002,"height":2002,"caption":"Netz Leggins Hose Herren Clubwear"},{"@type":"BreadcrumbList","@id":"https:\/\/www.wojoer.de\/produkt\/rebel-netz-leggings-hose-lack\/#breadcrumb","itemListElement":[{"@type":"ListItem","position":1,"name":"Startseite","item":"https:\/\/www.wojoer.de\/"},{"@type":"ListItem","position":2,"name":"SHOP","item":"https:\/\/www.wojoer.de\/shop\/"},{"@type":"ListItem","position":3,"name":"REBEL NETZ LEGGINGS HOSE 363W419"}]},{"@type":"WebSite","@id":"https:\/\/www.wojoer.de\/#website","url":"https:\/\/www.wojoer.de\/","name":"WOJOER","description":"clubwear for men","publisher":{"@id":"https:\/\/www.wojoer.de\/#organization"},"potentialAction":[{"@type":"SearchAction","target":{"@type":"EntryPoint","urlTemplate":"https:\/\/www.wojoer.de\/?s={search_term_string}"},"query-input":{"@type":"PropertyValueSpecification","valueRequired":true,"valueName":"search_term_string"}}],"inLanguage":"en-GB"},{"@type":"Organization","@id":"https:\/\/www.wojoer.de\/#organization","name":"Wonneberger-Manufaktur","url":"https:\/\/www.wojoer.de\/","logo":{"@type":"ImageObject","inLanguage":"en-GB","@id":"https:\/\/www.wojoer.de\/#\/schema\/logo\/image\/","url":"https:\/\/www.wojoer.de\/wp-content\/uploads\/2016\/11\/wonnebergermanufaktur_logo_BUTTON.png","contentUrl":"https:\/\/www.wojoer.de\/wp-content\/uploads\/2016\/11\/wonnebergermanufaktur_logo_BUTTON.png","width":765,"height":765,"caption":"Wonneberger-Manufaktur"},"image":{"@id":"https:\/\/www.wojoer.de\/#\/schema\/logo\/image\/"},"sameAs":["https:\/\/www.facebook.com\/wojoer\/","https:\/\/de.pinterest.com\/W0J0ER\/"]}]}},"_links":{"self":[{"href":"https:\/\/www.wojoer.de\/en\/wp-json\/wp\/v2\/product\/10734","targetHints":{"allow":["GET"]}}],"collection":[{"href":"https:\/\/www.wojoer.de\/en\/wp-json\/wp\/v2\/product"}],"about":[{"href":"https:\/\/www.wojoer.de\/en\/wp-json\/wp\/v2\/types\/product"}],"replies":[{"embeddable":true,"href":"https:\/\/www.wojoer.de\/en\/wp-json\/wp\/v2\/comments?post=10734"}],"wp:featuredmedia":[{"embeddable":true,"href":"https:\/\/www.wojoer.de\/en\/wp-json\/wp\/v2\/media\/10696"}],"wp:attachment":[{"href":"https:\/\/www.wojoer.de\/en\/wp-json\/wp\/v2\/media?parent=10734"}],"wp:term":[{"taxonomy":"product_brand","embeddable":true,"href":"https:\/\/www.wojoer.de\/en\/wp-json\/wp\/v2\/product_brand?post=10734"},{"taxonomy":"product_cat","embeddable":true,"href":"https:\/\/www.wojoer.de\/en\/wp-json\/wp\/v2\/product_cat?post=10734"},{"taxonomy":"product_tag","embeddable":true,"href":"https:\/\/www.wojoer.de\/en\/wp-json\/wp\/v2\/product_tag?post=10734"}],"curies":[{"name":"wp","href":"https:\/\/api.w.org\/{rel}","templated":true}]}}