{"id":10867,"date":"2018-07-13T10:57:40","date_gmt":"2018-07-13T08:57:40","guid":{"rendered":"https:\/\/www.wojoer.de\/produkt\/netz-tangabody\/"},"modified":"2026-03-21T09:51:21","modified_gmt":"2026-03-21T08:51:21","slug":"netz-tangabody","status":"publish","type":"product","link":"https:\/\/www.wojoer.de\/en\/produkt\/netz-tangabody\/","title":{"rendered":"POWERNET NETZ TANGABODY 333S2"},"content":{"rendered":"<p>Der Powernet Tangabody 333S2 geh\u00f6rt zu den Wojoer LIVE-Produkten. Sie werden ab Bestellung bei uns produziert. So k\u00f6nnen wir auf Kundenw\u00fcnsche individuell eingehen.<\/p>\n<h3>Gr\u00f6\u00dfen<\/h3>\n<p>Erh\u00e4ltlich in den Gr\u00f6\u00dfen S, M, L, XL<\/p>\n<h3>Materialzusammensetzung<\/h3>\n<p>B\u00f6rtchen: 80% Polyamid | 20% Elasthan<\/p>\n<h3>Besonderheiten<\/h3>\n<p><a href=\"http:\/\/www.wojoer.de\/?s=LIVE&#038;post_type=product\">LIVE-Produkt<\/a> \u00a0| leicht transparent |knapper Schnitt | <a href=\"http:\/\/www.wojoer.de\/produkt-schlagwort\/ganzk\u00f6rpernazug\/\">Ganzk\u00f6rperanzug<\/a> | haut enge Passform\u00a0\u00a0 | hochwertige Verarbeitung &#8220;Made in Germany&#8221;<\/p>\n<h3>Benutzerhinweise<\/h3>\n<p>30\u00b0 Schonw\u00e4sche, badetauglich chlor- und salzwasserresistent<\/p>\n<h3>POWERNET\u00a0 TANGABODY<\/h3>\n<p>Eine knappe <span class=\"hiddenSpellError\">Angelegenheit-<\/span> dieser <span class=\"hiddenSpellError\">Powernet<\/span> <span class=\"hiddenSpellError\">Netztangabody<\/span> ist durchschimmernde Lust. Denn seine feine, extrem dehnbare Materialit\u00e4t gew\u00e4hrt gerade mal so viel Einblick, um die Spannung ins Unermessliche zu steigern. Jede deiner Kurven wird mit <span class=\"hiddenSpellError\">federweichen<\/span> Gef\u00fchlen und tiefen Kontrast umschmeichelt. <span class=\"hiddenSpellError\">Safe-play<\/span> steht an erster <span class=\"hiddenSpellError\">Stelle-<\/span> denn der <span class=\"hiddenSpellError\">Powernet<\/span> Body \u00fcberzeugt mit einem sch\u00fctzendem Untertritt hinter dem variablen Zwei-Wege-Rei\u00dfverschluss. Deine Hinteransicht haut alle um, nicht zu viel und nicht zu wenig. Genau das richtige f\u00fcr den n\u00e4chsten Besuch im Swingerclub oder den Strand, denn der Body ist Chlor und Salzwasserresistent und kann bei 30\u00b0 Schonwaschgang in der Maschine gewaschen werden.<\/p>\n<p>Den Powernet Tangabody 333S2 kannst Du jetzt g\u00fcnstig onlinebestellen. Wir haben viele weitere Artikel f\u00fcr dich online die dir mit Sicherheit auch den Kopf verdrehen<\/p>\n","protected":false},"excerpt":{"rendered":"<p>Der Powernet Tangabody 333S2 geh\u00f6rt zu den Wojoer LIVE-Produkten. Sie werden ab Bestellung bei uns produziert. So k\u00f6nnen wir auf Kundenw\u00fcnsche individuell eingehen.<br \/>\nGr\u00f6\u00dfen<br \/>\nErh\u00e4ltlich in den Gr\u00f6\u00dfen S, M, L, XL<br \/>\nMaterialzusammensetzung<br \/>\nB\u00f6rtchen: 80% Polyamid | 20% Elasthan<br \/>\nBesonderheiten<br \/>\nLIVE-Produkt \u00a0| leicht transparent |knapper Schnitt\u2026<\/p>\n","protected":false},"featured_media":10725,"comment_status":"open","ping_status":"closed","template":"","meta":[],"product_brand":[],"product_cat":[806,115,473,195,326],"product_tag":[108,186,250,189,387],"class_list":{"0":"post-10867","1":"product","2":"type-product","3":"status-publish","4":"has-post-thumbnail","6":"product_cat-powernet","7":"product_cat-beachwear","8":"product_cat-men","9":"product_cat-produktion-auf-bestellung-liveproduktion","10":"product_cat-wojoer","11":"product_tag-1beachwear","12":"product_tag-body","13":"product_tag-funktion","14":"product_tag-reissverschluss","15":"product_tag-transparent","16":"product_shipping_class-beun","17":"pa_farbe-neongelb","18":"pa_farbe-schwarz","19":"pa_groesse-l","20":"pa_groesse-m","21":"pa_groesse-s","22":"pa_groesse-xl","23":"pif-has-gallery","24":"post-1","25":"odd","27":"first","28":"instock","29":"taxable","30":"shipping-taxable","31":"purchasable","32":"product-type-variable","33":"has-default-attributes"},"yoast_head":"<!-- This site is optimized with the Yoast SEO plugin v27.2 - https:\/\/yoast.com\/product\/yoast-seo-wordpress\/ -->\n<title>Netz Tangabody Body Tanga Slip Netzunterw\u00e4sche Herren WOJOER<\/title>\n<meta name=\"description\" content=\"Netz Tangabody Netzbody Body Herren Netzunterw\u00e4sche Strandoutfit Strandmode Bademode - jetzt versandkostenfrei bestellen bei WOJOER!\" \/>\n<meta name=\"robots\" content=\"index, follow, max-snippet:-1, max-image-preview:large, max-video-preview:-1\" \/>\n<link rel=\"canonical\" href=\"https:\/\/www.wojoer.de\/en\/produkt\/netz-tangabody\/\" \/>\n<meta name=\"twitter:card\" content=\"summary_large_image\" \/>\n<meta name=\"twitter:title\" content=\"Netz Tangabody Body Tanga Slip Netzunterw\u00e4sche Herren WOJOER\" \/>\n<meta name=\"twitter:description\" content=\"Netz Tangabody Netzbody Body Herren Netzunterw\u00e4sche Strandoutfit Strandmode Bademode - jetzt versandkostenfrei bestellen bei WOJOER!\" \/>\n<meta name=\"twitter:image\" content=\"https:\/\/www.wojoer.de\/wp-content\/uploads\/2018\/07\/333S2S_powernet_TangaBody_schwarz_wojoer.jpg\" \/>\n<meta name=\"twitter:label1\" content=\"Estimated reading time\" \/>\n\t<meta name=\"twitter:data1\" content=\"1 minute\" \/>\n<script type=\"application\/ld+json\" class=\"yoast-schema-graph\">{\"@context\":\"https:\/\/schema.org\",\"@graph\":[{\"@type\":\"WebPage\",\"@id\":\"https:\/\/www.wojoer.de\/en\/produkt\/netz-tangabody\/\",\"url\":\"https:\/\/www.wojoer.de\/en\/produkt\/netz-tangabody\/\",\"name\":\"Netz Tangabody Body Tanga Slip Netzunterw\u00e4sche Herren WOJOER\",\"isPartOf\":{\"@id\":\"https:\/\/www.wojoer.de\/#website\"},\"primaryImageOfPage\":{\"@id\":\"https:\/\/www.wojoer.de\/en\/produkt\/netz-tangabody\/#primaryimage\"},\"image\":{\"@id\":\"https:\/\/www.wojoer.de\/en\/produkt\/netz-tangabody\/#primaryimage\"},\"thumbnailUrl\":\"https:\/\/www.wojoer.de\/wp-content\/uploads\/2018\/07\/333S2S_powernet_TangaBody_schwarz_wojoer.jpg\",\"datePublished\":\"2018-07-13T08:57:40+00:00\",\"dateModified\":\"2026-03-21T08:51:21+00:00\",\"description\":\"Netz Tangabody Netzbody Body Herren Netzunterw\u00e4sche Strandoutfit Strandmode Bademode - jetzt versandkostenfrei bestellen bei WOJOER!\",\"breadcrumb\":{\"@id\":\"https:\/\/www.wojoer.de\/en\/produkt\/netz-tangabody\/#breadcrumb\"},\"inLanguage\":\"en-GB\",\"potentialAction\":[{\"@type\":\"ReadAction\",\"target\":[\"https:\/\/www.wojoer.de\/en\/produkt\/netz-tangabody\/\"]}]},{\"@type\":\"ImageObject\",\"inLanguage\":\"en-GB\",\"@id\":\"https:\/\/www.wojoer.de\/en\/produkt\/netz-tangabody\/#primaryimage\",\"url\":\"https:\/\/www.wojoer.de\/wp-content\/uploads\/2018\/07\/333S2S_powernet_TangaBody_schwarz_wojoer.jpg\",\"contentUrl\":\"https:\/\/www.wojoer.de\/wp-content\/uploads\/2018\/07\/333S2S_powernet_TangaBody_schwarz_wojoer.jpg\",\"width\":1001,\"height\":1001,\"caption\":\"Powernet Tangabody Herren Jumpsuite\"},{\"@type\":\"BreadcrumbList\",\"@id\":\"https:\/\/www.wojoer.de\/en\/produkt\/netz-tangabody\/#breadcrumb\",\"itemListElement\":[{\"@type\":\"ListItem\",\"position\":1,\"name\":\"Startseite\",\"item\":\"https:\/\/www.wojoer.de\/\"},{\"@type\":\"ListItem\",\"position\":2,\"name\":\"SHOP\",\"item\":\"https:\/\/www.wojoer.de\/shop\/\"},{\"@type\":\"ListItem\",\"position\":3,\"name\":\"POWERNET NETZ TANGABODY 333S2\"}]},{\"@type\":\"WebSite\",\"@id\":\"https:\/\/www.wojoer.de\/#website\",\"url\":\"https:\/\/www.wojoer.de\/\",\"name\":\"WOJOER\",\"description\":\"clubwear for men\",\"publisher\":{\"@id\":\"https:\/\/www.wojoer.de\/#organization\"},\"potentialAction\":[{\"@type\":\"SearchAction\",\"target\":{\"@type\":\"EntryPoint\",\"urlTemplate\":\"https:\/\/www.wojoer.de\/?s={search_term_string}\"},\"query-input\":{\"@type\":\"PropertyValueSpecification\",\"valueRequired\":true,\"valueName\":\"search_term_string\"}}],\"inLanguage\":\"en-GB\"},{\"@type\":\"Organization\",\"@id\":\"https:\/\/www.wojoer.de\/#organization\",\"name\":\"Wonneberger-Manufaktur\",\"url\":\"https:\/\/www.wojoer.de\/\",\"logo\":{\"@type\":\"ImageObject\",\"inLanguage\":\"en-GB\",\"@id\":\"https:\/\/www.wojoer.de\/#\/schema\/logo\/image\/\",\"url\":\"https:\/\/www.wojoer.de\/wp-content\/uploads\/2016\/11\/wonnebergermanufaktur_logo_BUTTON.png\",\"contentUrl\":\"https:\/\/www.wojoer.de\/wp-content\/uploads\/2016\/11\/wonnebergermanufaktur_logo_BUTTON.png\",\"width\":765,\"height\":765,\"caption\":\"Wonneberger-Manufaktur\"},\"image\":{\"@id\":\"https:\/\/www.wojoer.de\/#\/schema\/logo\/image\/\"},\"sameAs\":[\"https:\/\/www.facebook.com\/wojoer\/\",\"https:\/\/de.pinterest.com\/W0J0ER\/\"]}]}<\/script>\n<!-- \/ Yoast SEO plugin. -->","yoast_head_json":{"title":"Netz Tangabody Body Tanga Slip Netzunterw\u00e4sche Herren WOJOER","description":"Netz Tangabody Netzbody Body Herren Netzunterw\u00e4sche Strandoutfit Strandmode Bademode - jetzt versandkostenfrei bestellen bei WOJOER!","robots":{"index":"index","follow":"follow","max-snippet":"max-snippet:-1","max-image-preview":"max-image-preview:large","max-video-preview":"max-video-preview:-1"},"canonical":"https:\/\/www.wojoer.de\/en\/produkt\/netz-tangabody\/","twitter_card":"summary_large_image","twitter_title":"Netz Tangabody Body Tanga Slip Netzunterw\u00e4sche Herren WOJOER","twitter_description":"Netz Tangabody Netzbody Body Herren Netzunterw\u00e4sche Strandoutfit Strandmode Bademode - jetzt versandkostenfrei bestellen bei WOJOER!","twitter_image":"https:\/\/www.wojoer.de\/wp-content\/uploads\/2018\/07\/333S2S_powernet_TangaBody_schwarz_wojoer.jpg","twitter_misc":{"Estimated reading time":"1 minute"},"schema":{"@context":"https:\/\/schema.org","@graph":[{"@type":"WebPage","@id":"https:\/\/www.wojoer.de\/en\/produkt\/netz-tangabody\/","url":"https:\/\/www.wojoer.de\/en\/produkt\/netz-tangabody\/","name":"Netz Tangabody Body Tanga Slip Netzunterw\u00e4sche Herren WOJOER","isPartOf":{"@id":"https:\/\/www.wojoer.de\/#website"},"primaryImageOfPage":{"@id":"https:\/\/www.wojoer.de\/en\/produkt\/netz-tangabody\/#primaryimage"},"image":{"@id":"https:\/\/www.wojoer.de\/en\/produkt\/netz-tangabody\/#primaryimage"},"thumbnailUrl":"https:\/\/www.wojoer.de\/wp-content\/uploads\/2018\/07\/333S2S_powernet_TangaBody_schwarz_wojoer.jpg","datePublished":"2018-07-13T08:57:40+00:00","dateModified":"2026-03-21T08:51:21+00:00","description":"Netz Tangabody Netzbody Body Herren Netzunterw\u00e4sche Strandoutfit Strandmode Bademode - jetzt versandkostenfrei bestellen bei WOJOER!","breadcrumb":{"@id":"https:\/\/www.wojoer.de\/en\/produkt\/netz-tangabody\/#breadcrumb"},"inLanguage":"en-GB","potentialAction":[{"@type":"ReadAction","target":["https:\/\/www.wojoer.de\/en\/produkt\/netz-tangabody\/"]}]},{"@type":"ImageObject","inLanguage":"en-GB","@id":"https:\/\/www.wojoer.de\/en\/produkt\/netz-tangabody\/#primaryimage","url":"https:\/\/www.wojoer.de\/wp-content\/uploads\/2018\/07\/333S2S_powernet_TangaBody_schwarz_wojoer.jpg","contentUrl":"https:\/\/www.wojoer.de\/wp-content\/uploads\/2018\/07\/333S2S_powernet_TangaBody_schwarz_wojoer.jpg","width":1001,"height":1001,"caption":"Powernet Tangabody Herren Jumpsuite"},{"@type":"BreadcrumbList","@id":"https:\/\/www.wojoer.de\/en\/produkt\/netz-tangabody\/#breadcrumb","itemListElement":[{"@type":"ListItem","position":1,"name":"Startseite","item":"https:\/\/www.wojoer.de\/"},{"@type":"ListItem","position":2,"name":"SHOP","item":"https:\/\/www.wojoer.de\/shop\/"},{"@type":"ListItem","position":3,"name":"POWERNET NETZ TANGABODY 333S2"}]},{"@type":"WebSite","@id":"https:\/\/www.wojoer.de\/#website","url":"https:\/\/www.wojoer.de\/","name":"WOJOER","description":"clubwear for men","publisher":{"@id":"https:\/\/www.wojoer.de\/#organization"},"potentialAction":[{"@type":"SearchAction","target":{"@type":"EntryPoint","urlTemplate":"https:\/\/www.wojoer.de\/?s={search_term_string}"},"query-input":{"@type":"PropertyValueSpecification","valueRequired":true,"valueName":"search_term_string"}}],"inLanguage":"en-GB"},{"@type":"Organization","@id":"https:\/\/www.wojoer.de\/#organization","name":"Wonneberger-Manufaktur","url":"https:\/\/www.wojoer.de\/","logo":{"@type":"ImageObject","inLanguage":"en-GB","@id":"https:\/\/www.wojoer.de\/#\/schema\/logo\/image\/","url":"https:\/\/www.wojoer.de\/wp-content\/uploads\/2016\/11\/wonnebergermanufaktur_logo_BUTTON.png","contentUrl":"https:\/\/www.wojoer.de\/wp-content\/uploads\/2016\/11\/wonnebergermanufaktur_logo_BUTTON.png","width":765,"height":765,"caption":"Wonneberger-Manufaktur"},"image":{"@id":"https:\/\/www.wojoer.de\/#\/schema\/logo\/image\/"},"sameAs":["https:\/\/www.facebook.com\/wojoer\/","https:\/\/de.pinterest.com\/W0J0ER\/"]}]}},"_links":{"self":[{"href":"https:\/\/www.wojoer.de\/en\/wp-json\/wp\/v2\/product\/10867","targetHints":{"allow":["GET"]}}],"collection":[{"href":"https:\/\/www.wojoer.de\/en\/wp-json\/wp\/v2\/product"}],"about":[{"href":"https:\/\/www.wojoer.de\/en\/wp-json\/wp\/v2\/types\/product"}],"replies":[{"embeddable":true,"href":"https:\/\/www.wojoer.de\/en\/wp-json\/wp\/v2\/comments?post=10867"}],"wp:featuredmedia":[{"embeddable":true,"href":"https:\/\/www.wojoer.de\/en\/wp-json\/wp\/v2\/media\/10725"}],"wp:attachment":[{"href":"https:\/\/www.wojoer.de\/en\/wp-json\/wp\/v2\/media?parent=10867"}],"wp:term":[{"taxonomy":"product_brand","embeddable":true,"href":"https:\/\/www.wojoer.de\/en\/wp-json\/wp\/v2\/product_brand?post=10867"},{"taxonomy":"product_cat","embeddable":true,"href":"https:\/\/www.wojoer.de\/en\/wp-json\/wp\/v2\/product_cat?post=10867"},{"taxonomy":"product_tag","embeddable":true,"href":"https:\/\/www.wojoer.de\/en\/wp-json\/wp\/v2\/product_tag?post=10867"}],"curies":[{"name":"wp","href":"https:\/\/api.w.org\/{rel}","templated":true}]}}