{"id":10879,"date":"2018-10-10T13:36:08","date_gmt":"2018-10-10T11:36:08","guid":{"rendered":"https:\/\/www.wojoer.de\/produkt\/wetleather-tanga-mini-push-up\/"},"modified":"2026-02-11T13:56:44","modified_gmt":"2026-02-11T12:56:44","slug":"wetleather-tanga-mini-push-up","status":"publish","type":"product","link":"https:\/\/www.wojoer.de\/en\/produkt\/wetleather-tanga-mini-push-up\/","title":{"rendered":"WETLEATHER MINI PUSH UP TANGA 365D14"},"content":{"rendered":"<p>Der Mini Push Up Wetleather Tanga 365D14 geh\u00f6rt zu den Wojoer LIVE-Produkten. Sie werden ab Bestellung bei uns produziert, so k\u00f6nnen wir auf Kundenw\u00fcnsche individuell eingehen.<\/p>\n<h3>Gr\u00f6\u00dfen<\/h3>\n<p>Erh\u00e4ltlich in den Gr\u00f6\u00dfen S, M, L, XL<\/p>\n<h3>Materialzusammensetzung<\/h3>\n<p>95% Viskose, 5% Elasthan | 100% Polyester<\/p>\n<h3>Besonderheiten<\/h3>\n<p><a href=\"http:\/\/www.wojoer.de\/?s=LIVE&#038;post_type=product\">LIVE-Produkt<\/a>\u00a0 | elegant glossy Oberfl\u00e4chenoptik | haut enge Passform\u00a0 |\u00a0 lack-\u00e4hnlich gl\u00e4nzendes Kunstleder | hochwertige Verarbeitung &#8220;Made in Germany&#8221;<\/p>\n<h3>Benutzerhinweise<\/h3>\n<p>Handw\u00e4sche | seperat von hellen und anderen, beschichteten Textilien lagern | nicht zusammenlegen sondern locker auf einem B\u00fcgel h\u00e4ngen<\/p>\n<h3>WETLEATHER TANGA &#8211; Mini Push-Up Tanga<\/h3>\n<p>Wow! Dieses Material ist s\u00fcndhaft himmlisch. Auf der einen Seite ist es anschmiegsam weich und erstaunlich flexibel. Und auf der anderen Seite verf\u00fchrt es mit einer angenehm festen Leatherlike-Haptik. Auch der Glossy-Effekt, der normaler Weise nur typisch f\u00fcr Lack-Stoffe ist, wird bei diesem Wet Leather durch eine leichte Struktur bereichert. Durch diese unschlagbare Kombination aus fest formender St\u00e4rke und besonders dehnbarer Flexibilit\u00e4t wird dieser Mini-Push-Up-Tanga zum angenehmen Glossy-Rubber Erlebnis. Er ist nicht nur s\u00fcndhaft knapp und tief geschnitten. Nein, auch das Suspensorium folgt einer besonderen Silhouette, mit der deine M\u00e4nnlichkeit maximal gepusht wird.<\/p>\n","protected":false},"excerpt":{"rendered":"<p>Der Mini Push Up Wetleather Tanga 365D14 geh\u00f6rt zu den Wojoer LIVE-Produkten. Sie werden ab Bestellung bei uns produziert, so k\u00f6nnen wir auf Kundenw\u00fcnsche individuell eingehen.<br \/>\nGr\u00f6\u00dfen<br \/>\nErh\u00e4ltlich in den Gr\u00f6\u00dfen S, M, L, XL<br \/>\nMaterialzusammensetzung<br \/>\n95% Viskose, 5% Elasthan | 100% Polyester<br \/>\nBesonderheiten<br \/>\nLIVE-Produkt\u00a0 |\u2026<\/p>\n","protected":false},"featured_media":10765,"comment_status":"open","ping_status":"closed","template":"","meta":[],"product_brand":[],"product_cat":[854,114,473,195,326],"product_tag":[215,560,184,167,247],"class_list":{"0":"post-10879","1":"product","2":"type-product","3":"status-publish","4":"has-post-thumbnail","6":"product_cat-365-wetleather","7":"product_cat-fetisch","8":"product_cat-men","9":"product_cat-produktion-auf-bestellung-liveproduktion","10":"product_cat-wojoer","11":"product_tag-bulge-tanga-mini-pushup-tanga-g-tanga","12":"product_tag-glaenzend","13":"product_tag-push-up","14":"product_tag-tanga","15":"product_tag-wetlook","16":"product_shipping_class-beun","17":"pa_groesse-l","18":"pa_groesse-m","19":"pa_groesse-s","20":"pa_groesse-xl","21":"pif-has-gallery","22":"post-1","23":"odd","25":"first","26":"onbackorder","27":"taxable","28":"shipping-taxable","29":"purchasable","30":"product-type-variable"},"yoast_head":"<!-- This site is optimized with the Yoast SEO plugin v27.2 - https:\/\/yoast.com\/product\/yoast-seo-wordpress\/ -->\n<title>Wetleather Mini Push Tanga | Glossy Lack Leatherlike | Knapp | WOJOER<\/title>\n<meta name=\"description\" content=\"Wetleather Mini Push Tanga - aus Leatherlike mit glossy Lack Optik. Seine gewagte Push-Up-Form hebt den Schritt maximal nach vorn und maximiert somit das Volumen optisch. Jetzt versandkostenfrei innerhalb Deutschlands bestellen.\" \/>\n<meta name=\"robots\" content=\"index, follow, max-snippet:-1, max-image-preview:large, max-video-preview:-1\" \/>\n<link rel=\"canonical\" href=\"https:\/\/www.wojoer.de\/en\/produkt\/wetleather-tanga-mini-push-up\/\" \/>\n<meta name=\"twitter:card\" content=\"summary_large_image\" \/>\n<meta name=\"twitter:title\" content=\"Wetleather Mini Push Tanga | Glossy Lack Leatherlike | Knapp | WOJOER\" \/>\n<meta name=\"twitter:description\" content=\"Wetleather Mini Push Tanga - aus Leatherlike mit glossy Lack Optik. Seine gewagte Push-Up-Form hebt den Schritt maximal nach vorn und maximiert somit das Volumen optisch. Jetzt versandkostenfrei innerhalb Deutschlands bestellen.\" \/>\n<meta name=\"twitter:image\" content=\"https:\/\/www.wojoer.de\/wp-content\/uploads\/2018\/07\/365B14_wetleather_minipusup_Tanga_wojoer.jpg\" \/>\n<meta name=\"twitter:label1\" content=\"Estimated reading time\" \/>\n\t<meta name=\"twitter:data1\" content=\"2 minutes\" \/>\n<script type=\"application\/ld+json\" class=\"yoast-schema-graph\">{\"@context\":\"https:\/\/schema.org\",\"@graph\":[{\"@type\":\"WebPage\",\"@id\":\"https:\/\/www.wojoer.de\/produkt\/wetleather-tanga-mini-push-up\/\",\"url\":\"https:\/\/www.wojoer.de\/produkt\/wetleather-tanga-mini-push-up\/\",\"name\":\"Wetleather Mini Push Tanga | Glossy Lack Leatherlike | Knapp | WOJOER\",\"isPartOf\":{\"@id\":\"https:\/\/www.wojoer.de\/#website\"},\"primaryImageOfPage\":{\"@id\":\"https:\/\/www.wojoer.de\/produkt\/wetleather-tanga-mini-push-up\/#primaryimage\"},\"image\":{\"@id\":\"https:\/\/www.wojoer.de\/produkt\/wetleather-tanga-mini-push-up\/#primaryimage\"},\"thumbnailUrl\":\"https:\/\/www.wojoer.de\/wp-content\/uploads\/2018\/07\/365B14_wetleather_minipusup_Tanga_wojoer.jpg\",\"datePublished\":\"2018-10-10T11:36:08+00:00\",\"dateModified\":\"2026-02-11T12:56:44+00:00\",\"description\":\"Wetleather Mini Push Tanga - aus Leatherlike mit glossy Lack Optik. Seine gewagte Push-Up-Form hebt den Schritt maximal nach vorn und maximiert somit das Volumen optisch. Jetzt versandkostenfrei innerhalb Deutschlands bestellen.\",\"breadcrumb\":{\"@id\":\"https:\/\/www.wojoer.de\/produkt\/wetleather-tanga-mini-push-up\/#breadcrumb\"},\"inLanguage\":\"en-GB\",\"potentialAction\":[{\"@type\":\"ReadAction\",\"target\":[\"https:\/\/www.wojoer.de\/produkt\/wetleather-tanga-mini-push-up\/\"]}]},{\"@type\":\"ImageObject\",\"inLanguage\":\"en-GB\",\"@id\":\"https:\/\/www.wojoer.de\/produkt\/wetleather-tanga-mini-push-up\/#primaryimage\",\"url\":\"https:\/\/www.wojoer.de\/wp-content\/uploads\/2018\/07\/365B14_wetleather_minipusup_Tanga_wojoer.jpg\",\"contentUrl\":\"https:\/\/www.wojoer.de\/wp-content\/uploads\/2018\/07\/365B14_wetleather_minipusup_Tanga_wojoer.jpg\",\"width\":2002,\"height\":2002,\"caption\":\"Wetleather Tanga, Lack und Leder Push Up Tanga Herren\"},{\"@type\":\"BreadcrumbList\",\"@id\":\"https:\/\/www.wojoer.de\/produkt\/wetleather-tanga-mini-push-up\/#breadcrumb\",\"itemListElement\":[{\"@type\":\"ListItem\",\"position\":1,\"name\":\"Startseite\",\"item\":\"https:\/\/www.wojoer.de\/\"},{\"@type\":\"ListItem\",\"position\":2,\"name\":\"SHOP\",\"item\":\"https:\/\/www.wojoer.de\/shop\/\"},{\"@type\":\"ListItem\",\"position\":3,\"name\":\"WETLEATHER MINI PUSH UP TANGA 365D14\"}]},{\"@type\":\"WebSite\",\"@id\":\"https:\/\/www.wojoer.de\/#website\",\"url\":\"https:\/\/www.wojoer.de\/\",\"name\":\"WOJOER\",\"description\":\"clubwear for men\",\"publisher\":{\"@id\":\"https:\/\/www.wojoer.de\/#organization\"},\"potentialAction\":[{\"@type\":\"SearchAction\",\"target\":{\"@type\":\"EntryPoint\",\"urlTemplate\":\"https:\/\/www.wojoer.de\/?s={search_term_string}\"},\"query-input\":{\"@type\":\"PropertyValueSpecification\",\"valueRequired\":true,\"valueName\":\"search_term_string\"}}],\"inLanguage\":\"en-GB\"},{\"@type\":\"Organization\",\"@id\":\"https:\/\/www.wojoer.de\/#organization\",\"name\":\"Wonneberger-Manufaktur\",\"url\":\"https:\/\/www.wojoer.de\/\",\"logo\":{\"@type\":\"ImageObject\",\"inLanguage\":\"en-GB\",\"@id\":\"https:\/\/www.wojoer.de\/#\/schema\/logo\/image\/\",\"url\":\"https:\/\/www.wojoer.de\/wp-content\/uploads\/2016\/11\/wonnebergermanufaktur_logo_BUTTON.png\",\"contentUrl\":\"https:\/\/www.wojoer.de\/wp-content\/uploads\/2016\/11\/wonnebergermanufaktur_logo_BUTTON.png\",\"width\":765,\"height\":765,\"caption\":\"Wonneberger-Manufaktur\"},\"image\":{\"@id\":\"https:\/\/www.wojoer.de\/#\/schema\/logo\/image\/\"},\"sameAs\":[\"https:\/\/www.facebook.com\/wojoer\/\",\"https:\/\/de.pinterest.com\/W0J0ER\/\"]}]}<\/script>\n<!-- \/ Yoast SEO plugin. -->","yoast_head_json":{"title":"Wetleather Mini Push Tanga | Glossy Lack Leatherlike | Knapp | WOJOER","description":"Wetleather Mini Push Tanga - aus Leatherlike mit glossy Lack Optik. Seine gewagte Push-Up-Form hebt den Schritt maximal nach vorn und maximiert somit das Volumen optisch. Jetzt versandkostenfrei innerhalb Deutschlands bestellen.","robots":{"index":"index","follow":"follow","max-snippet":"max-snippet:-1","max-image-preview":"max-image-preview:large","max-video-preview":"max-video-preview:-1"},"canonical":"https:\/\/www.wojoer.de\/en\/produkt\/wetleather-tanga-mini-push-up\/","twitter_card":"summary_large_image","twitter_title":"Wetleather Mini Push Tanga | Glossy Lack Leatherlike | Knapp | WOJOER","twitter_description":"Wetleather Mini Push Tanga - aus Leatherlike mit glossy Lack Optik. Seine gewagte Push-Up-Form hebt den Schritt maximal nach vorn und maximiert somit das Volumen optisch. Jetzt versandkostenfrei innerhalb Deutschlands bestellen.","twitter_image":"https:\/\/www.wojoer.de\/wp-content\/uploads\/2018\/07\/365B14_wetleather_minipusup_Tanga_wojoer.jpg","twitter_misc":{"Estimated reading time":"2 minutes"},"schema":{"@context":"https:\/\/schema.org","@graph":[{"@type":"WebPage","@id":"https:\/\/www.wojoer.de\/produkt\/wetleather-tanga-mini-push-up\/","url":"https:\/\/www.wojoer.de\/produkt\/wetleather-tanga-mini-push-up\/","name":"Wetleather Mini Push Tanga | Glossy Lack Leatherlike | Knapp | WOJOER","isPartOf":{"@id":"https:\/\/www.wojoer.de\/#website"},"primaryImageOfPage":{"@id":"https:\/\/www.wojoer.de\/produkt\/wetleather-tanga-mini-push-up\/#primaryimage"},"image":{"@id":"https:\/\/www.wojoer.de\/produkt\/wetleather-tanga-mini-push-up\/#primaryimage"},"thumbnailUrl":"https:\/\/www.wojoer.de\/wp-content\/uploads\/2018\/07\/365B14_wetleather_minipusup_Tanga_wojoer.jpg","datePublished":"2018-10-10T11:36:08+00:00","dateModified":"2026-02-11T12:56:44+00:00","description":"Wetleather Mini Push Tanga - aus Leatherlike mit glossy Lack Optik. Seine gewagte Push-Up-Form hebt den Schritt maximal nach vorn und maximiert somit das Volumen optisch. Jetzt versandkostenfrei innerhalb Deutschlands bestellen.","breadcrumb":{"@id":"https:\/\/www.wojoer.de\/produkt\/wetleather-tanga-mini-push-up\/#breadcrumb"},"inLanguage":"en-GB","potentialAction":[{"@type":"ReadAction","target":["https:\/\/www.wojoer.de\/produkt\/wetleather-tanga-mini-push-up\/"]}]},{"@type":"ImageObject","inLanguage":"en-GB","@id":"https:\/\/www.wojoer.de\/produkt\/wetleather-tanga-mini-push-up\/#primaryimage","url":"https:\/\/www.wojoer.de\/wp-content\/uploads\/2018\/07\/365B14_wetleather_minipusup_Tanga_wojoer.jpg","contentUrl":"https:\/\/www.wojoer.de\/wp-content\/uploads\/2018\/07\/365B14_wetleather_minipusup_Tanga_wojoer.jpg","width":2002,"height":2002,"caption":"Wetleather Tanga, Lack und Leder Push Up Tanga Herren"},{"@type":"BreadcrumbList","@id":"https:\/\/www.wojoer.de\/produkt\/wetleather-tanga-mini-push-up\/#breadcrumb","itemListElement":[{"@type":"ListItem","position":1,"name":"Startseite","item":"https:\/\/www.wojoer.de\/"},{"@type":"ListItem","position":2,"name":"SHOP","item":"https:\/\/www.wojoer.de\/shop\/"},{"@type":"ListItem","position":3,"name":"WETLEATHER MINI PUSH UP TANGA 365D14"}]},{"@type":"WebSite","@id":"https:\/\/www.wojoer.de\/#website","url":"https:\/\/www.wojoer.de\/","name":"WOJOER","description":"clubwear for men","publisher":{"@id":"https:\/\/www.wojoer.de\/#organization"},"potentialAction":[{"@type":"SearchAction","target":{"@type":"EntryPoint","urlTemplate":"https:\/\/www.wojoer.de\/?s={search_term_string}"},"query-input":{"@type":"PropertyValueSpecification","valueRequired":true,"valueName":"search_term_string"}}],"inLanguage":"en-GB"},{"@type":"Organization","@id":"https:\/\/www.wojoer.de\/#organization","name":"Wonneberger-Manufaktur","url":"https:\/\/www.wojoer.de\/","logo":{"@type":"ImageObject","inLanguage":"en-GB","@id":"https:\/\/www.wojoer.de\/#\/schema\/logo\/image\/","url":"https:\/\/www.wojoer.de\/wp-content\/uploads\/2016\/11\/wonnebergermanufaktur_logo_BUTTON.png","contentUrl":"https:\/\/www.wojoer.de\/wp-content\/uploads\/2016\/11\/wonnebergermanufaktur_logo_BUTTON.png","width":765,"height":765,"caption":"Wonneberger-Manufaktur"},"image":{"@id":"https:\/\/www.wojoer.de\/#\/schema\/logo\/image\/"},"sameAs":["https:\/\/www.facebook.com\/wojoer\/","https:\/\/de.pinterest.com\/W0J0ER\/"]}]}},"_links":{"self":[{"href":"https:\/\/www.wojoer.de\/en\/wp-json\/wp\/v2\/product\/10879","targetHints":{"allow":["GET"]}}],"collection":[{"href":"https:\/\/www.wojoer.de\/en\/wp-json\/wp\/v2\/product"}],"about":[{"href":"https:\/\/www.wojoer.de\/en\/wp-json\/wp\/v2\/types\/product"}],"replies":[{"embeddable":true,"href":"https:\/\/www.wojoer.de\/en\/wp-json\/wp\/v2\/comments?post=10879"}],"wp:featuredmedia":[{"embeddable":true,"href":"https:\/\/www.wojoer.de\/en\/wp-json\/wp\/v2\/media\/10765"}],"wp:attachment":[{"href":"https:\/\/www.wojoer.de\/en\/wp-json\/wp\/v2\/media?parent=10879"}],"wp:term":[{"taxonomy":"product_brand","embeddable":true,"href":"https:\/\/www.wojoer.de\/en\/wp-json\/wp\/v2\/product_brand?post=10879"},{"taxonomy":"product_cat","embeddable":true,"href":"https:\/\/www.wojoer.de\/en\/wp-json\/wp\/v2\/product_cat?post=10879"},{"taxonomy":"product_tag","embeddable":true,"href":"https:\/\/www.wojoer.de\/en\/wp-json\/wp\/v2\/product_tag?post=10879"}],"curies":[{"name":"wp","href":"https:\/\/api.w.org\/{rel}","templated":true}]}}