{"id":10884,"date":"2025-11-10T13:52:49","date_gmt":"2025-11-10T12:52:49","guid":{"rendered":"https:\/\/www.wojoer.de\/produkt\/wetleather-mini-schmalissimo-glossy-string\/"},"modified":"2026-02-08T07:43:35","modified_gmt":"2026-02-08T06:43:35","slug":"wetleather-mini-schmalissimo-glossy-string","status":"publish","type":"product","link":"https:\/\/www.wojoer.de\/en\/produkt\/wetleather-mini-schmalissimo-glossy-string\/","title":{"rendered":"Lack Schmalissimo"},"content":{"rendered":"<p>Der glossy String Schmalissimo 365E700 geh\u00f6rt zu den Wojoer LIVE-Produkten. Das hei\u00dft er wird ab Bestellung bei uns produziert, so k\u00f6nnen wir auf Kundenw\u00fcnsche individuell eingehen.<\/p>\n<h3>Gr\u00f6\u00dfen<\/h3>\n<p>Erh\u00e4ltlich in den Gr\u00f6\u00dfen S, M, L, XL<\/p>\n<h3>Materialzusammensetzung<\/h3>\n<p>95% Viskose, 5% Elasthan | 100% Polyester<\/p>\n<h3>Besonderheiten<\/h3>\n<p><a href=\"http:\/\/www.wojoer.de\/?s=LIVE&#038;post_type=product\">LIVE-Produkt<\/a>\u00a0 | glossy gl\u00e4nzendes Kunstleder | sehr dehnbar | hoch geschnittener Bund | schmale Optik | hochwertige Verarbeitung &#8220;Made in Germany&#8221;<\/p>\n<h3>Benutzerhinweise<\/h3>\n<p>Handw\u00e4sche | seperat von hellen und anderen, beschichteten Textilien lagern | nur mit dazwischen gelegtes Papier zusammenlegen oder locker auf einem B\u00fcgel h\u00e4ngen<\/p>\n<h3>WETLEATHER GLOSSY STRING &#8211; Lack Schmalissimo<\/h3>\n<p>Wow! Dieses Material ist wahnsinnig erregend. Denn es umschlie\u00dft die Haut wie fl\u00fcssiger Lack. Einerseits ist es anschmiegsam weich und erstaunlich flexibel. Und andererseits verf\u00fchrt es mit einer angenehm festen Leatherlike Haptik. Auch der Glossy-Effekt, der normaler Weise nur typisch f\u00fcr Lack-Stoffe ist, wird bei diesem Wet Leather durch eine leichte Struktur bereichert. Durch diese unschlagbare Kombination aus fest formender St\u00e4rke und besonders dehnbarer Flexibilit\u00e4t wird dieser schwarze Schmalissimo String zum angenehmen Glossy-Rubber Erlebnis. Somit ist er nicht nur s\u00fcndhaft knapp und schlank hoch geschnitten. Nein, auch das Suspensorium folgt einer besonderen Silhouette, mit der deine M\u00e4nnlichkeit optisch verl\u00e4ngert und damit vergr\u00f6\u00dfert wird. Hei\u00df!<\/p>\n","protected":false},"excerpt":{"rendered":"<p>Der glossy String Schmalissimo 365E700 geh\u00f6rt zu den Wojoer LIVE-Produkten. Das hei\u00dft er wird ab Bestellung bei uns produziert, so k\u00f6nnen wir auf Kundenw\u00fcnsche individuell eingehen.<br \/>\nGr\u00f6\u00dfen<br \/>\nErh\u00e4ltlich in den Gr\u00f6\u00dfen S, M, L, XL<br \/>\nMaterialzusammensetzung<br \/>\n95% Viskose, 5% Elasthan | 100% Polyester<br \/>\nBesonderheiten<br \/>\nLIVE-Produkt\u00a0 |\u2026<\/p>\n","protected":false},"featured_media":10767,"comment_status":"open","ping_status":"closed","template":"","meta":[],"product_brand":[],"product_cat":[854,114,473,195,326],"product_tag":[560,352,119,247],"class_list":{"0":"post-10884","1":"product","2":"type-product","3":"status-publish","4":"has-post-thumbnail","6":"product_cat-365-wetleather","7":"product_cat-fetisch","8":"product_cat-men","9":"product_cat-produktion-auf-bestellung-liveproduktion","10":"product_cat-wojoer","11":"product_tag-glaenzend","12":"product_tag-schmalissimo","13":"product_tag-string","14":"product_tag-wetlook","15":"product_shipping_class-beun","16":"pa_groesse-l","17":"pa_groesse-m","18":"pa_groesse-s","19":"pa_groesse-xl","20":"pif-has-gallery","21":"post-1","22":"odd","24":"first","25":"instock","26":"taxable","27":"shipping-taxable","28":"purchasable","29":"product-type-variable","30":"has-default-attributes"},"yoast_head":"<!-- This site is optimized with the Yoast SEO plugin v27.2 - https:\/\/yoast.com\/product\/yoast-seo-wordpress\/ -->\n<title>glossy String schwarz Schmalissimo Lack Kunstleder Leatherlike WOJOER<\/title>\n<meta name=\"description\" content=\"Glossy String, schwarzer Schmalissimo aus Letherlikel-Lack - besonders dehnbares, glatt polliertes und dickes Kunstleder, Jetzt online versandkostenfrei innerhalb Deutschlands.\" \/>\n<meta name=\"robots\" content=\"index, follow, max-snippet:-1, max-image-preview:large, max-video-preview:-1\" \/>\n<link rel=\"canonical\" href=\"https:\/\/www.wojoer.de\/en\/produkt\/wetleather-mini-schmalissimo-glossy-string\/\" \/>\n<meta name=\"twitter:card\" content=\"summary_large_image\" \/>\n<meta name=\"twitter:title\" content=\"glossy String schwarz Schmalissimo Lack Kunstleder Leatherlike WOJOER\" \/>\n<meta name=\"twitter:description\" content=\"Glossy String, schwarzer Schmalissimo aus Letherlikel-Lack - besonders dehnbares, glatt polliertes und dickes Kunstleder, Jetzt online versandkostenfrei innerhalb Deutschlands.\" \/>\n<meta name=\"twitter:image\" content=\"https:\/\/www.wojoer.de\/wp-content\/uploads\/2018\/07\/365E700_wetleather_schmalissimo_side_wojoer.jpg\" \/>\n<meta name=\"twitter:label1\" content=\"Estimated reading time\" \/>\n\t<meta name=\"twitter:data1\" content=\"2 minutes\" \/>\n<script type=\"application\/ld+json\" class=\"yoast-schema-graph\">{\"@context\":\"https:\/\/schema.org\",\"@graph\":[{\"@type\":\"WebPage\",\"@id\":\"https:\/\/www.wojoer.de\/produkt\/wetleather-mini-schmalissimo-glossy-string\/\",\"url\":\"https:\/\/www.wojoer.de\/produkt\/wetleather-mini-schmalissimo-glossy-string\/\",\"name\":\"glossy String schwarz Schmalissimo Lack Kunstleder Leatherlike WOJOER\",\"isPartOf\":{\"@id\":\"https:\/\/www.wojoer.de\/#website\"},\"primaryImageOfPage\":{\"@id\":\"https:\/\/www.wojoer.de\/produkt\/wetleather-mini-schmalissimo-glossy-string\/#primaryimage\"},\"image\":{\"@id\":\"https:\/\/www.wojoer.de\/produkt\/wetleather-mini-schmalissimo-glossy-string\/#primaryimage\"},\"thumbnailUrl\":\"https:\/\/www.wojoer.de\/wp-content\/uploads\/2018\/07\/365E700_wetleather_schmalissimo_side_wojoer.jpg\",\"datePublished\":\"2025-11-10T12:52:49+00:00\",\"dateModified\":\"2026-02-08T06:43:35+00:00\",\"description\":\"Glossy String, schwarzer Schmalissimo aus Letherlikel-Lack - besonders dehnbares, glatt polliertes und dickes Kunstleder, Jetzt online versandkostenfrei innerhalb Deutschlands.\",\"breadcrumb\":{\"@id\":\"https:\/\/www.wojoer.de\/produkt\/wetleather-mini-schmalissimo-glossy-string\/#breadcrumb\"},\"inLanguage\":\"en-GB\",\"potentialAction\":[{\"@type\":\"ReadAction\",\"target\":[\"https:\/\/www.wojoer.de\/produkt\/wetleather-mini-schmalissimo-glossy-string\/\"]}]},{\"@type\":\"ImageObject\",\"inLanguage\":\"en-GB\",\"@id\":\"https:\/\/www.wojoer.de\/produkt\/wetleather-mini-schmalissimo-glossy-string\/#primaryimage\",\"url\":\"https:\/\/www.wojoer.de\/wp-content\/uploads\/2018\/07\/365E700_wetleather_schmalissimo_side_wojoer.jpg\",\"contentUrl\":\"https:\/\/www.wojoer.de\/wp-content\/uploads\/2018\/07\/365E700_wetleather_schmalissimo_side_wojoer.jpg\",\"width\":2002,\"height\":2002,\"caption\":\"glossy String Herren Lederstring Lackstring\"},{\"@type\":\"BreadcrumbList\",\"@id\":\"https:\/\/www.wojoer.de\/produkt\/wetleather-mini-schmalissimo-glossy-string\/#breadcrumb\",\"itemListElement\":[{\"@type\":\"ListItem\",\"position\":1,\"name\":\"Startseite\",\"item\":\"https:\/\/www.wojoer.de\/\"},{\"@type\":\"ListItem\",\"position\":2,\"name\":\"SHOP\",\"item\":\"https:\/\/www.wojoer.de\/shop\/\"},{\"@type\":\"ListItem\",\"position\":3,\"name\":\"Lack Schmalissimo\"}]},{\"@type\":\"WebSite\",\"@id\":\"https:\/\/www.wojoer.de\/#website\",\"url\":\"https:\/\/www.wojoer.de\/\",\"name\":\"WOJOER\",\"description\":\"clubwear for men\",\"publisher\":{\"@id\":\"https:\/\/www.wojoer.de\/#organization\"},\"potentialAction\":[{\"@type\":\"SearchAction\",\"target\":{\"@type\":\"EntryPoint\",\"urlTemplate\":\"https:\/\/www.wojoer.de\/?s={search_term_string}\"},\"query-input\":{\"@type\":\"PropertyValueSpecification\",\"valueRequired\":true,\"valueName\":\"search_term_string\"}}],\"inLanguage\":\"en-GB\"},{\"@type\":\"Organization\",\"@id\":\"https:\/\/www.wojoer.de\/#organization\",\"name\":\"Wonneberger-Manufaktur\",\"url\":\"https:\/\/www.wojoer.de\/\",\"logo\":{\"@type\":\"ImageObject\",\"inLanguage\":\"en-GB\",\"@id\":\"https:\/\/www.wojoer.de\/#\/schema\/logo\/image\/\",\"url\":\"https:\/\/www.wojoer.de\/wp-content\/uploads\/2016\/11\/wonnebergermanufaktur_logo_BUTTON.png\",\"contentUrl\":\"https:\/\/www.wojoer.de\/wp-content\/uploads\/2016\/11\/wonnebergermanufaktur_logo_BUTTON.png\",\"width\":765,\"height\":765,\"caption\":\"Wonneberger-Manufaktur\"},\"image\":{\"@id\":\"https:\/\/www.wojoer.de\/#\/schema\/logo\/image\/\"},\"sameAs\":[\"https:\/\/www.facebook.com\/wojoer\/\",\"https:\/\/de.pinterest.com\/W0J0ER\/\"]}]}<\/script>\n<!-- \/ Yoast SEO plugin. -->","yoast_head_json":{"title":"glossy String schwarz Schmalissimo Lack Kunstleder Leatherlike WOJOER","description":"Glossy String, schwarzer Schmalissimo aus Letherlikel-Lack - besonders dehnbares, glatt polliertes und dickes Kunstleder, Jetzt online versandkostenfrei innerhalb Deutschlands.","robots":{"index":"index","follow":"follow","max-snippet":"max-snippet:-1","max-image-preview":"max-image-preview:large","max-video-preview":"max-video-preview:-1"},"canonical":"https:\/\/www.wojoer.de\/en\/produkt\/wetleather-mini-schmalissimo-glossy-string\/","twitter_card":"summary_large_image","twitter_title":"[:de]glossy String schwarz Schmalissimo Lack Kunstleder Leatherlike WOJOER[:]","twitter_description":"[:de]Glossy String, schwarzer Schmalissimo aus Letherlikel-Lack - besonders dehnbares, glatt polliertes und dickes Kunstleder, Jetzt online versandkostenfrei innerhalb Deutschlands.[:]","twitter_image":"https:\/\/www.wojoer.de\/wp-content\/uploads\/2018\/07\/365E700_wetleather_schmalissimo_side_wojoer.jpg","twitter_misc":{"Estimated reading time":"2 minutes"},"schema":{"@context":"https:\/\/schema.org","@graph":[{"@type":"WebPage","@id":"https:\/\/www.wojoer.de\/produkt\/wetleather-mini-schmalissimo-glossy-string\/","url":"https:\/\/www.wojoer.de\/produkt\/wetleather-mini-schmalissimo-glossy-string\/","name":"glossy String schwarz Schmalissimo Lack Kunstleder Leatherlike WOJOER","isPartOf":{"@id":"https:\/\/www.wojoer.de\/#website"},"primaryImageOfPage":{"@id":"https:\/\/www.wojoer.de\/produkt\/wetleather-mini-schmalissimo-glossy-string\/#primaryimage"},"image":{"@id":"https:\/\/www.wojoer.de\/produkt\/wetleather-mini-schmalissimo-glossy-string\/#primaryimage"},"thumbnailUrl":"https:\/\/www.wojoer.de\/wp-content\/uploads\/2018\/07\/365E700_wetleather_schmalissimo_side_wojoer.jpg","datePublished":"2025-11-10T12:52:49+00:00","dateModified":"2026-02-08T06:43:35+00:00","description":"Glossy String, schwarzer Schmalissimo aus Letherlikel-Lack - besonders dehnbares, glatt polliertes und dickes Kunstleder, Jetzt online versandkostenfrei innerhalb Deutschlands.","breadcrumb":{"@id":"https:\/\/www.wojoer.de\/produkt\/wetleather-mini-schmalissimo-glossy-string\/#breadcrumb"},"inLanguage":"en-GB","potentialAction":[{"@type":"ReadAction","target":["https:\/\/www.wojoer.de\/produkt\/wetleather-mini-schmalissimo-glossy-string\/"]}]},{"@type":"ImageObject","inLanguage":"en-GB","@id":"https:\/\/www.wojoer.de\/produkt\/wetleather-mini-schmalissimo-glossy-string\/#primaryimage","url":"https:\/\/www.wojoer.de\/wp-content\/uploads\/2018\/07\/365E700_wetleather_schmalissimo_side_wojoer.jpg","contentUrl":"https:\/\/www.wojoer.de\/wp-content\/uploads\/2018\/07\/365E700_wetleather_schmalissimo_side_wojoer.jpg","width":2002,"height":2002,"caption":"glossy String Herren Lederstring Lackstring"},{"@type":"BreadcrumbList","@id":"https:\/\/www.wojoer.de\/produkt\/wetleather-mini-schmalissimo-glossy-string\/#breadcrumb","itemListElement":[{"@type":"ListItem","position":1,"name":"Startseite","item":"https:\/\/www.wojoer.de\/"},{"@type":"ListItem","position":2,"name":"SHOP","item":"https:\/\/www.wojoer.de\/shop\/"},{"@type":"ListItem","position":3,"name":"Lack Schmalissimo"}]},{"@type":"WebSite","@id":"https:\/\/www.wojoer.de\/#website","url":"https:\/\/www.wojoer.de\/","name":"WOJOER","description":"clubwear for men","publisher":{"@id":"https:\/\/www.wojoer.de\/#organization"},"potentialAction":[{"@type":"SearchAction","target":{"@type":"EntryPoint","urlTemplate":"https:\/\/www.wojoer.de\/?s={search_term_string}"},"query-input":{"@type":"PropertyValueSpecification","valueRequired":true,"valueName":"search_term_string"}}],"inLanguage":"en-GB"},{"@type":"Organization","@id":"https:\/\/www.wojoer.de\/#organization","name":"Wonneberger-Manufaktur","url":"https:\/\/www.wojoer.de\/","logo":{"@type":"ImageObject","inLanguage":"en-GB","@id":"https:\/\/www.wojoer.de\/#\/schema\/logo\/image\/","url":"https:\/\/www.wojoer.de\/wp-content\/uploads\/2016\/11\/wonnebergermanufaktur_logo_BUTTON.png","contentUrl":"https:\/\/www.wojoer.de\/wp-content\/uploads\/2016\/11\/wonnebergermanufaktur_logo_BUTTON.png","width":765,"height":765,"caption":"Wonneberger-Manufaktur"},"image":{"@id":"https:\/\/www.wojoer.de\/#\/schema\/logo\/image\/"},"sameAs":["https:\/\/www.facebook.com\/wojoer\/","https:\/\/de.pinterest.com\/W0J0ER\/"]}]}},"_links":{"self":[{"href":"https:\/\/www.wojoer.de\/en\/wp-json\/wp\/v2\/product\/10884","targetHints":{"allow":["GET"]}}],"collection":[{"href":"https:\/\/www.wojoer.de\/en\/wp-json\/wp\/v2\/product"}],"about":[{"href":"https:\/\/www.wojoer.de\/en\/wp-json\/wp\/v2\/types\/product"}],"replies":[{"embeddable":true,"href":"https:\/\/www.wojoer.de\/en\/wp-json\/wp\/v2\/comments?post=10884"}],"wp:featuredmedia":[{"embeddable":true,"href":"https:\/\/www.wojoer.de\/en\/wp-json\/wp\/v2\/media\/10767"}],"wp:attachment":[{"href":"https:\/\/www.wojoer.de\/en\/wp-json\/wp\/v2\/media?parent=10884"}],"wp:term":[{"taxonomy":"product_brand","embeddable":true,"href":"https:\/\/www.wojoer.de\/en\/wp-json\/wp\/v2\/product_brand?post=10884"},{"taxonomy":"product_cat","embeddable":true,"href":"https:\/\/www.wojoer.de\/en\/wp-json\/wp\/v2\/product_cat?post=10884"},{"taxonomy":"product_tag","embeddable":true,"href":"https:\/\/www.wojoer.de\/en\/wp-json\/wp\/v2\/product_tag?post=10884"}],"curies":[{"name":"wp","href":"https:\/\/api.w.org\/{rel}","templated":true}]}}