{"id":10889,"date":"2021-01-08T14:10:27","date_gmt":"2021-01-08T13:10:27","guid":{"rendered":"https:\/\/www.wojoer.de\/produkt\/wetleather-herren-rock-jock\/"},"modified":"2026-04-17T16:08:54","modified_gmt":"2026-04-17T14:08:54","slug":"wetleather-herren-rock-jock","status":"publish","type":"product","link":"https:\/\/www.wojoer.de\/en\/produkt\/wetleather-herren-rock-jock\/","title":{"rendered":"WETLEATHER Lack Jock Rock mit Suspensorium 365G3"},"content":{"rendered":"<p>Der Herren Rock mit Suspensorium 365G3 geh\u00f6rt zu den Wojoer LIVE-Produkten aus der Wetleather-Serie. Sie werden ab Bestellung bei uns produziert, so k\u00f6nnen wir auf Kundenw\u00fcnsche individuell eingehen.<\/p>\n<h3>Gr\u00f6\u00dfen<\/h3>\n<p>Erh\u00e4ltlich in den Gr\u00f6\u00dfen S, M, L, XL<\/p>\n<h3>Materialzusammensetzung<\/h3>\n<p>WETLEATHER, super dehnbares, leicht strukturiertes Leatherlike mit Lackglanz: 95% Viskose, 5% Elasthan | 100% Polyester<\/p>\n<h3>Besonderheiten<\/h3>\n<p><a href=\"http:\/\/www.wojoer.de\/?s=LIVE&#038;post_type=product\">LIVE-Produkt<\/a>\u00a0 | glossy, strechy Leatherlike\u00a0 | sehr gut dehnbar\u00a0 |\u00a0 versteckte Jockb\u00e4nder f\u00fcr ein straffes Suspensorium | hochwertige Verarbeitung &#8220;Made in Germany&#8221;<\/p>\n<h3>Benutzerhinweise<\/h3>\n<p>Handw\u00e4sche | seperat von hellen und anderen, beschichteten Textilien lagern | nur mit dazwischen gelegtes Papier zusammenlegen oder locker auf einem B\u00fcgel h\u00e4ngen<\/p>\n<h3>WETLEATHER HERREN ROCK- Rock mit Suspensorium und Jockb\u00e4nder<\/h3>\n<p>Fetisch Fans aufgepasst. Wojoer hat etwas ganz Besonderes f\u00fcr Dich. Dieser Herrenrock ist ein echter Magnet. Sein glossy Leatherlike verlockt unwillk\u00fcrlich ber\u00fchrt zu werden. Das Wetleather schmiegt sich angenehm weich um deine H\u00fcften und l\u00e4sst sie in einem erotisch schwarzen Glanz erstrahlen. Das Material ist sehr elastisch und hat eine lederartige Struktur wohingegen es angezogen, glatt, wie ein Lackmaterial wird. Aber das Besondere Etwas kommt erst noch. Das wunderbar m\u00e4nnliche Suspensorium legt sich gierig um deine M\u00e4nnlichkeit. Dadurch zieht sie alle Blicke auf diese unwiderstehlich geschmeidige W\u00f6lbung, die dich als Mann ausmacht. So etwas hat es noch nie gegeben. Dieser Rock wird dich und dein Publikum begeistern. Vor allem die versteckten Jockb\u00e4nder geben dir ein au\u00dfergew\u00f6hnlich verbotenes Tragegef\u00fchl. Sanft formen die beiden Kunstlederriemen deinen Po und das Suspensorium. Du wirst aus der Ekstase nicht mehr herauskommen.<\/p>\n","protected":false},"excerpt":{"rendered":"<p>Der Herren Rock mit Suspensorium 365G3 geh\u00f6rt zu den Wojoer LIVE-Produkten aus der Wetleather-Serie. Sie werden ab Bestellung bei uns produziert, so k\u00f6nnen wir auf Kundenw\u00fcnsche individuell eingehen.<br \/>\nGr\u00f6\u00dfen<br \/>\nErh\u00e4ltlich in den Gr\u00f6\u00dfen S, M, L, XL<br \/>\nMaterialzusammensetzung<br \/>\nWETLEATHER, super dehnbares, leicht strukturiertes Leatherlike\u2026<\/p>\n","protected":false},"featured_media":10772,"comment_status":"open","ping_status":"closed","template":"","meta":[],"product_brand":[],"product_cat":[854,114,473,195,326],"product_tag":[560,858,247],"class_list":{"0":"post-10889","1":"product","2":"type-product","3":"status-publish","4":"has-post-thumbnail","6":"product_cat-365-wetleather","7":"product_cat-fetisch","8":"product_cat-men","9":"product_cat-produktion-auf-bestellung-liveproduktion","10":"product_cat-wojoer","11":"product_tag-glaenzend","12":"product_tag-rock","13":"product_tag-wetlook","14":"pa_groesse-l","15":"pa_groesse-m","16":"pa_groesse-s","17":"pa_groesse-xl","18":"pif-has-gallery","19":"post-1","20":"odd","22":"first","23":"instock","24":"taxable","25":"shipping-taxable","26":"purchasable","27":"product-type-variable"},"yoast_head":"<!-- This site is optimized with the Yoast SEO plugin v27.2 - https:\/\/yoast.com\/product\/yoast-seo-wordpress\/ -->\n<title>Herren Rock schwarz mit Jock + Suspensorium | glossy Lack Leather<\/title>\n<meta name=\"description\" content=\"Herren Rock mit Jock Lack-Leatherlike skirt. Schwarzer Lederrock mit Lack-Glanz und hei\u00dfen Jockb\u00e4ndern, die das Suspensorium angenehm heranziehen. Der erste Rock, der deine M\u00e4nnlichkeit betont! Jetzt online versandkostenfrei innerhalb Deutschlands bestellen.\" \/>\n<meta name=\"robots\" content=\"index, follow, max-snippet:-1, max-image-preview:large, max-video-preview:-1\" \/>\n<link rel=\"canonical\" href=\"https:\/\/www.wojoer.de\/en\/produkt\/wetleather-herren-rock-jock\/\" \/>\n<meta name=\"twitter:card\" content=\"summary_large_image\" \/>\n<meta name=\"twitter:title\" content=\"Herren Rock schwarz mit Jock + Suspensorium | glossy Lack Leather\" \/>\n<meta name=\"twitter:description\" content=\"Herren Rock mit Jock Lack-Leatherlike skirt. Schwarzer Lederrock mit Lack-Glanz und hei\u00dfen Jockb\u00e4ndern, die das Suspensorium angenehm heranziehen. Der erste Rock, der deine M\u00e4nnlichkeit betont! Jetzt online versandkostenfrei innerhalb Deutschlands bestellen.\" \/>\n<meta name=\"twitter:image\" content=\"https:\/\/www.wojoer.de\/wp-content\/uploads\/2018\/07\/365G3_wetleather_JockRock_wojoer.jpg\" \/>\n<meta name=\"twitter:label1\" content=\"Estimated reading time\" \/>\n\t<meta name=\"twitter:data1\" content=\"2 minutes\" \/>\n<script type=\"application\/ld+json\" class=\"yoast-schema-graph\">{\"@context\":\"https:\/\/schema.org\",\"@graph\":[{\"@type\":\"WebPage\",\"@id\":\"https:\/\/www.wojoer.de\/produkt\/wetleather-herren-rock-jock\/\",\"url\":\"https:\/\/www.wojoer.de\/produkt\/wetleather-herren-rock-jock\/\",\"name\":\"Herren Rock schwarz mit Jock + Suspensorium | glossy Lack Leather\",\"isPartOf\":{\"@id\":\"https:\/\/www.wojoer.de\/#website\"},\"primaryImageOfPage\":{\"@id\":\"https:\/\/www.wojoer.de\/produkt\/wetleather-herren-rock-jock\/#primaryimage\"},\"image\":{\"@id\":\"https:\/\/www.wojoer.de\/produkt\/wetleather-herren-rock-jock\/#primaryimage\"},\"thumbnailUrl\":\"https:\/\/www.wojoer.de\/wp-content\/uploads\/2018\/07\/365G3_wetleather_JockRock_wojoer.jpg\",\"datePublished\":\"2021-01-08T13:10:27+00:00\",\"dateModified\":\"2026-04-17T14:08:54+00:00\",\"description\":\"Herren Rock mit Jock Lack-Leatherlike skirt. Schwarzer Lederrock mit Lack-Glanz und hei\u00dfen Jockb\u00e4ndern, die das Suspensorium angenehm heranziehen. Der erste Rock, der deine M\u00e4nnlichkeit betont! Jetzt online versandkostenfrei innerhalb Deutschlands bestellen.\",\"breadcrumb\":{\"@id\":\"https:\/\/www.wojoer.de\/produkt\/wetleather-herren-rock-jock\/#breadcrumb\"},\"inLanguage\":\"en-GB\",\"potentialAction\":[{\"@type\":\"ReadAction\",\"target\":[\"https:\/\/www.wojoer.de\/produkt\/wetleather-herren-rock-jock\/\"]}]},{\"@type\":\"ImageObject\",\"inLanguage\":\"en-GB\",\"@id\":\"https:\/\/www.wojoer.de\/produkt\/wetleather-herren-rock-jock\/#primaryimage\",\"url\":\"https:\/\/www.wojoer.de\/wp-content\/uploads\/2018\/07\/365G3_wetleather_JockRock_wojoer.jpg\",\"contentUrl\":\"https:\/\/www.wojoer.de\/wp-content\/uploads\/2018\/07\/365G3_wetleather_JockRock_wojoer.jpg\",\"width\":2002,\"height\":2002,\"caption\":\"Herren Rock Jock, wet leather skirt, schwarzer lack, glossy Rock, Glanz Lack Rock mit Rockb\u00e4ndern und enges Suspensorium von Wojoer\"},{\"@type\":\"BreadcrumbList\",\"@id\":\"https:\/\/www.wojoer.de\/produkt\/wetleather-herren-rock-jock\/#breadcrumb\",\"itemListElement\":[{\"@type\":\"ListItem\",\"position\":1,\"name\":\"Startseite\",\"item\":\"https:\/\/www.wojoer.de\/\"},{\"@type\":\"ListItem\",\"position\":2,\"name\":\"SHOP\",\"item\":\"https:\/\/www.wojoer.de\/shop\/\"},{\"@type\":\"ListItem\",\"position\":3,\"name\":\"WETLEATHER Jock Rock mit Suspensorium 365G3\"}]},{\"@type\":\"WebSite\",\"@id\":\"https:\/\/www.wojoer.de\/#website\",\"url\":\"https:\/\/www.wojoer.de\/\",\"name\":\"WOJOER\",\"description\":\"clubwear for men\",\"publisher\":{\"@id\":\"https:\/\/www.wojoer.de\/#organization\"},\"potentialAction\":[{\"@type\":\"SearchAction\",\"target\":{\"@type\":\"EntryPoint\",\"urlTemplate\":\"https:\/\/www.wojoer.de\/?s={search_term_string}\"},\"query-input\":{\"@type\":\"PropertyValueSpecification\",\"valueRequired\":true,\"valueName\":\"search_term_string\"}}],\"inLanguage\":\"en-GB\"},{\"@type\":\"Organization\",\"@id\":\"https:\/\/www.wojoer.de\/#organization\",\"name\":\"Wonneberger-Manufaktur\",\"url\":\"https:\/\/www.wojoer.de\/\",\"logo\":{\"@type\":\"ImageObject\",\"inLanguage\":\"en-GB\",\"@id\":\"https:\/\/www.wojoer.de\/#\/schema\/logo\/image\/\",\"url\":\"https:\/\/www.wojoer.de\/wp-content\/uploads\/2016\/11\/wonnebergermanufaktur_logo_BUTTON.png\",\"contentUrl\":\"https:\/\/www.wojoer.de\/wp-content\/uploads\/2016\/11\/wonnebergermanufaktur_logo_BUTTON.png\",\"width\":765,\"height\":765,\"caption\":\"Wonneberger-Manufaktur\"},\"image\":{\"@id\":\"https:\/\/www.wojoer.de\/#\/schema\/logo\/image\/\"},\"sameAs\":[\"https:\/\/www.facebook.com\/wojoer\/\",\"https:\/\/de.pinterest.com\/W0J0ER\/\"]}]}<\/script>\n<!-- \/ Yoast SEO plugin. -->","yoast_head_json":{"title":"Herren Rock schwarz mit Jock + Suspensorium | glossy Lack Leather","description":"Herren Rock mit Jock Lack-Leatherlike skirt. Schwarzer Lederrock mit Lack-Glanz und hei\u00dfen Jockb\u00e4ndern, die das Suspensorium angenehm heranziehen. Der erste Rock, der deine M\u00e4nnlichkeit betont! Jetzt online versandkostenfrei innerhalb Deutschlands bestellen.","robots":{"index":"index","follow":"follow","max-snippet":"max-snippet:-1","max-image-preview":"max-image-preview:large","max-video-preview":"max-video-preview:-1"},"canonical":"https:\/\/www.wojoer.de\/en\/produkt\/wetleather-herren-rock-jock\/","twitter_card":"summary_large_image","twitter_title":"Herren Rock schwarz mit Jock + Suspensorium | glossy Lack Leather","twitter_description":"Herren Rock mit Jock Lack-Leatherlike skirt. Schwarzer Lederrock mit Lack-Glanz und hei\u00dfen Jockb\u00e4ndern, die das Suspensorium angenehm heranziehen. Der erste Rock, der deine M\u00e4nnlichkeit betont! Jetzt online versandkostenfrei innerhalb Deutschlands bestellen.","twitter_image":"https:\/\/www.wojoer.de\/wp-content\/uploads\/2018\/07\/365G3_wetleather_JockRock_wojoer.jpg","twitter_misc":{"Estimated reading time":"2 minutes"},"schema":{"@context":"https:\/\/schema.org","@graph":[{"@type":"WebPage","@id":"https:\/\/www.wojoer.de\/produkt\/wetleather-herren-rock-jock\/","url":"https:\/\/www.wojoer.de\/produkt\/wetleather-herren-rock-jock\/","name":"Herren Rock schwarz mit Jock + Suspensorium | glossy Lack Leather","isPartOf":{"@id":"https:\/\/www.wojoer.de\/#website"},"primaryImageOfPage":{"@id":"https:\/\/www.wojoer.de\/produkt\/wetleather-herren-rock-jock\/#primaryimage"},"image":{"@id":"https:\/\/www.wojoer.de\/produkt\/wetleather-herren-rock-jock\/#primaryimage"},"thumbnailUrl":"https:\/\/www.wojoer.de\/wp-content\/uploads\/2018\/07\/365G3_wetleather_JockRock_wojoer.jpg","datePublished":"2021-01-08T13:10:27+00:00","dateModified":"2026-04-17T14:08:54+00:00","description":"Herren Rock mit Jock Lack-Leatherlike skirt. Schwarzer Lederrock mit Lack-Glanz und hei\u00dfen Jockb\u00e4ndern, die das Suspensorium angenehm heranziehen. Der erste Rock, der deine M\u00e4nnlichkeit betont! Jetzt online versandkostenfrei innerhalb Deutschlands bestellen.","breadcrumb":{"@id":"https:\/\/www.wojoer.de\/produkt\/wetleather-herren-rock-jock\/#breadcrumb"},"inLanguage":"en-GB","potentialAction":[{"@type":"ReadAction","target":["https:\/\/www.wojoer.de\/produkt\/wetleather-herren-rock-jock\/"]}]},{"@type":"ImageObject","inLanguage":"en-GB","@id":"https:\/\/www.wojoer.de\/produkt\/wetleather-herren-rock-jock\/#primaryimage","url":"https:\/\/www.wojoer.de\/wp-content\/uploads\/2018\/07\/365G3_wetleather_JockRock_wojoer.jpg","contentUrl":"https:\/\/www.wojoer.de\/wp-content\/uploads\/2018\/07\/365G3_wetleather_JockRock_wojoer.jpg","width":2002,"height":2002,"caption":"Herren Rock Jock, wet leather skirt, schwarzer lack, glossy Rock, Glanz Lack Rock mit Rockb\u00e4ndern und enges Suspensorium von Wojoer"},{"@type":"BreadcrumbList","@id":"https:\/\/www.wojoer.de\/produkt\/wetleather-herren-rock-jock\/#breadcrumb","itemListElement":[{"@type":"ListItem","position":1,"name":"Startseite","item":"https:\/\/www.wojoer.de\/"},{"@type":"ListItem","position":2,"name":"SHOP","item":"https:\/\/www.wojoer.de\/shop\/"},{"@type":"ListItem","position":3,"name":"WETLEATHER Jock Rock mit Suspensorium 365G3"}]},{"@type":"WebSite","@id":"https:\/\/www.wojoer.de\/#website","url":"https:\/\/www.wojoer.de\/","name":"WOJOER","description":"clubwear for men","publisher":{"@id":"https:\/\/www.wojoer.de\/#organization"},"potentialAction":[{"@type":"SearchAction","target":{"@type":"EntryPoint","urlTemplate":"https:\/\/www.wojoer.de\/?s={search_term_string}"},"query-input":{"@type":"PropertyValueSpecification","valueRequired":true,"valueName":"search_term_string"}}],"inLanguage":"en-GB"},{"@type":"Organization","@id":"https:\/\/www.wojoer.de\/#organization","name":"Wonneberger-Manufaktur","url":"https:\/\/www.wojoer.de\/","logo":{"@type":"ImageObject","inLanguage":"en-GB","@id":"https:\/\/www.wojoer.de\/#\/schema\/logo\/image\/","url":"https:\/\/www.wojoer.de\/wp-content\/uploads\/2016\/11\/wonnebergermanufaktur_logo_BUTTON.png","contentUrl":"https:\/\/www.wojoer.de\/wp-content\/uploads\/2016\/11\/wonnebergermanufaktur_logo_BUTTON.png","width":765,"height":765,"caption":"Wonneberger-Manufaktur"},"image":{"@id":"https:\/\/www.wojoer.de\/#\/schema\/logo\/image\/"},"sameAs":["https:\/\/www.facebook.com\/wojoer\/","https:\/\/de.pinterest.com\/W0J0ER\/"]}]}},"_links":{"self":[{"href":"https:\/\/www.wojoer.de\/en\/wp-json\/wp\/v2\/product\/10889","targetHints":{"allow":["GET"]}}],"collection":[{"href":"https:\/\/www.wojoer.de\/en\/wp-json\/wp\/v2\/product"}],"about":[{"href":"https:\/\/www.wojoer.de\/en\/wp-json\/wp\/v2\/types\/product"}],"replies":[{"embeddable":true,"href":"https:\/\/www.wojoer.de\/en\/wp-json\/wp\/v2\/comments?post=10889"}],"wp:featuredmedia":[{"embeddable":true,"href":"https:\/\/www.wojoer.de\/en\/wp-json\/wp\/v2\/media\/10772"}],"wp:attachment":[{"href":"https:\/\/www.wojoer.de\/en\/wp-json\/wp\/v2\/media?parent=10889"}],"wp:term":[{"taxonomy":"product_brand","embeddable":true,"href":"https:\/\/www.wojoer.de\/en\/wp-json\/wp\/v2\/product_brand?post=10889"},{"taxonomy":"product_cat","embeddable":true,"href":"https:\/\/www.wojoer.de\/en\/wp-json\/wp\/v2\/product_cat?post=10889"},{"taxonomy":"product_tag","embeddable":true,"href":"https:\/\/www.wojoer.de\/en\/wp-json\/wp\/v2\/product_tag?post=10889"}],"curies":[{"name":"wp","href":"https:\/\/api.w.org\/{rel}","templated":true}]}}