{"id":10900,"date":"2018-07-13T14:38:21","date_gmt":"2018-07-13T12:38:21","guid":{"rendered":"https:\/\/www.wojoer.de\/produkt\/holoflage-mini-sock-string-extended-fit-suspensorium\/"},"modified":"2026-01-01T16:05:26","modified_gmt":"2026-01-01T15:05:26","slug":"holoflage-extended-string-extended-fit-suspensorium","status":"publish","type":"product","link":"https:\/\/www.wojoer.de\/en\/produkt\/holoflage-extended-string-extended-fit-suspensorium\/","title":{"rendered":"Holoflage MiniSock String Extended Fit 352B3EXT"},"content":{"rendered":"<p>Der\u00a0Holoflage Extended String 352B3EXT geh\u00f6rt in die Life-Produktion. Das hei\u00dft er wird auf Bestellung produziert und kann so auch individuell bearbeitet werden.<\/p>\n<h3>Gr\u00f6\u00dfen<\/h3>\n<p>Erh\u00e4ltlich in den Gr\u00f6\u00dfen S, M, L, XL<\/p>\n<h3>Materialzusammensetzung<\/h3>\n<p>besonders denhbarer Lack: Polyester 80% Elasthan 8% Polyurethan 12%<\/p>\n<p>Holoflage Material: Polyester 100%<\/p>\n<h3>Besonderheiten<\/h3>\n<p><a href=\"http:\/\/www.wojoer.de\/produkt-kategorie\/produktion-auf-bestellung-liveproduktion\/\">LIVE-Produkt<\/a>\u00a0 | Lack | sch\u00f6n weich von innen | glanz Effekt | enganliegend am K\u00f6rper| hochwertige Verarbeitung &#8220;Made in Germany&#8221;<\/p>\n<h3>Benutzerhinweise<\/h3>\n<p>Handw\u00e4sche<\/p>\n<h3>HOLOFLAGE EXTENDED STRING &#8211; sch\u00f6ner holographischer Lackeffekt<\/h3>\n<p>Einfach zum Anbei\u00dfen und so s\u00fcndig knapp! Der Mini Sock String ist ein echter Hingucker und wird alle Blicke auf sich ziehen. Ob auf einer Fetischparty oder f\u00fcr hei\u00dfe Stunden zu zweit- ist dieser gl\u00e4nzende Lack String genau der richtige. Er hebt dein bestes St\u00fcck nach oben und l\u00e4sst IHN dadurch noch prachtvoller aussehen als er so schon ist. Au\u00dferdem l\u00e4sst das dezent milit\u00e4rische Muster nicht nur Fetischherzen h\u00f6her schlagen. Nein, es sorgt auch f\u00fcr einen glanzvollen Auftritt in jedem Club. Denn Holoflage ist ein gl\u00e4nzend hologarischer Lack &#8211; wahnsinnig edel.<\/p>\n","protected":false},"excerpt":{"rendered":"<p>Der\u00a0Holoflage Extended String 352B3EXT geh\u00f6rt in die Life-Produktion. Das hei\u00dft er wird auf Bestellung produziert und kann so auch individuell bearbeitet werden.<br \/>\nGr\u00f6\u00dfen<br \/>\nErh\u00e4ltlich in den Gr\u00f6\u00dfen S, M, L, XL<br \/>\nMaterialzusammensetzung<br \/>\nbesonders denhbarer Lack: Polyester 80% Elasthan 8% Polyurethan 12%<\/p>\n<p>Holoflage Material: Polyester 100%<br \/>\nBesonderheiten<br \/>\nLIVE-Produkt\u00a0\u2026<\/p>\n","protected":false},"featured_media":10905,"comment_status":"closed","ping_status":"closed","template":"","meta":[],"product_brand":[],"product_cat":[397,473,195,326],"product_tag":[241,296,404,362,294,364],"class_list":{"0":"post-10900","1":"product","2":"type-product","3":"status-publish","4":"has-post-thumbnail","6":"product_cat-extended-fit-suspensorium","7":"product_cat-men","8":"product_cat-produktion-auf-bestellung-liveproduktion","9":"product_cat-wojoer","10":"product_tag-mini-string-bulge-string-g-string","11":"product_tag-camouflage","12":"product_tag-extendedfit","13":"product_tag-holographic","14":"product_tag-lack","15":"product_tag-sock","16":"product_shipping_class-beun","17":"pa_groesse-l","18":"pa_groesse-m","19":"pa_groesse-s","20":"pa_groesse-xl","21":"pif-has-gallery","22":"post-1","23":"odd","25":"first","26":"onbackorder","27":"taxable","28":"shipping-taxable","29":"purchasable","30":"product-type-variable","31":"has-default-attributes"},"yoast_head":"<!-- This site is optimized with the Yoast SEO plugin v27.2 - https:\/\/yoast.com\/product\/yoast-seo-wordpress\/ -->\n<title>Holoflage extended String | Lack | Clubwear | WOJOER<\/title>\n<meta name=\"description\" content=\"Sch\u00f6n hochgeschnittener Holoflage extended String , angenehm enger String. Sch\u00f6ner lack\u00e4hnlicher look. Jetzt online Versandkostenfrei bestellen bei WOJOER!\" \/>\n<meta name=\"robots\" content=\"index, follow, max-snippet:-1, max-image-preview:large, max-video-preview:-1\" \/>\n<link rel=\"canonical\" href=\"https:\/\/www.wojoer.de\/en\/produkt\/holoflage-extended-string-extended-fit-suspensorium\/\" \/>\n<meta name=\"twitter:card\" content=\"summary_large_image\" \/>\n<meta name=\"twitter:title\" content=\"Holoflage extended String | Lack | Clubwear | WOJOER\" \/>\n<meta name=\"twitter:description\" content=\"Sch\u00f6n hochgeschnittener Holoflage extended String , angenehm enger String. Sch\u00f6ner lack\u00e4hnlicher look. Jetzt online Versandkostenfrei bestellen bei WOJOER!\" \/>\n<meta name=\"twitter:image\" content=\"https:\/\/www.wojoer.de\/wp-content\/uploads\/2018\/07\/352B3ext_holoflage_beutel_tanga_side_wojoer.jpg\" \/>\n<meta name=\"twitter:label1\" content=\"Estimated reading time\" \/>\n\t<meta name=\"twitter:data1\" content=\"1 minute\" \/>\n<script type=\"application\/ld+json\" class=\"yoast-schema-graph\">{\"@context\":\"https:\/\/schema.org\",\"@graph\":[{\"@type\":\"WebPage\",\"@id\":\"https:\/\/www.wojoer.de\/produkt\/holoflage-extended-string-extended-fit-suspensorium\/\",\"url\":\"https:\/\/www.wojoer.de\/produkt\/holoflage-extended-string-extended-fit-suspensorium\/\",\"name\":\"Holoflage extended String | Lack | Clubwear | WOJOER\",\"isPartOf\":{\"@id\":\"https:\/\/www.wojoer.de\/#website\"},\"primaryImageOfPage\":{\"@id\":\"https:\/\/www.wojoer.de\/produkt\/holoflage-extended-string-extended-fit-suspensorium\/#primaryimage\"},\"image\":{\"@id\":\"https:\/\/www.wojoer.de\/produkt\/holoflage-extended-string-extended-fit-suspensorium\/#primaryimage\"},\"thumbnailUrl\":\"https:\/\/www.wojoer.de\/wp-content\/uploads\/2018\/07\/352B3ext_holoflage_beutel_tanga_side_wojoer.jpg\",\"datePublished\":\"2018-07-13T12:38:21+00:00\",\"dateModified\":\"2026-01-01T15:05:26+00:00\",\"description\":\"Sch\u00f6n hochgeschnittener Holoflage extended String , angenehm enger String. Sch\u00f6ner lack\u00e4hnlicher look. Jetzt online Versandkostenfrei bestellen bei WOJOER!\",\"breadcrumb\":{\"@id\":\"https:\/\/www.wojoer.de\/produkt\/holoflage-extended-string-extended-fit-suspensorium\/#breadcrumb\"},\"inLanguage\":\"en-GB\",\"potentialAction\":[{\"@type\":\"ReadAction\",\"target\":[\"https:\/\/www.wojoer.de\/produkt\/holoflage-extended-string-extended-fit-suspensorium\/\"]}]},{\"@type\":\"ImageObject\",\"inLanguage\":\"en-GB\",\"@id\":\"https:\/\/www.wojoer.de\/produkt\/holoflage-extended-string-extended-fit-suspensorium\/#primaryimage\",\"url\":\"https:\/\/www.wojoer.de\/wp-content\/uploads\/2018\/07\/352B3ext_holoflage_beutel_tanga_side_wojoer.jpg\",\"contentUrl\":\"https:\/\/www.wojoer.de\/wp-content\/uploads\/2018\/07\/352B3ext_holoflage_beutel_tanga_side_wojoer.jpg\",\"width\":2002,\"height\":2002,\"caption\":\"extra gro\u00dfes supsensorium, Holoflage extended String\"},{\"@type\":\"BreadcrumbList\",\"@id\":\"https:\/\/www.wojoer.de\/produkt\/holoflage-extended-string-extended-fit-suspensorium\/#breadcrumb\",\"itemListElement\":[{\"@type\":\"ListItem\",\"position\":1,\"name\":\"Startseite\",\"item\":\"https:\/\/www.wojoer.de\/\"},{\"@type\":\"ListItem\",\"position\":2,\"name\":\"SHOP\",\"item\":\"https:\/\/www.wojoer.de\/shop\/\"},{\"@type\":\"ListItem\",\"position\":3,\"name\":\"Holoflage MiniSock String Extended Fit 352B3EXT\"}]},{\"@type\":\"WebSite\",\"@id\":\"https:\/\/www.wojoer.de\/#website\",\"url\":\"https:\/\/www.wojoer.de\/\",\"name\":\"WOJOER\",\"description\":\"clubwear for men\",\"publisher\":{\"@id\":\"https:\/\/www.wojoer.de\/#organization\"},\"potentialAction\":[{\"@type\":\"SearchAction\",\"target\":{\"@type\":\"EntryPoint\",\"urlTemplate\":\"https:\/\/www.wojoer.de\/?s={search_term_string}\"},\"query-input\":{\"@type\":\"PropertyValueSpecification\",\"valueRequired\":true,\"valueName\":\"search_term_string\"}}],\"inLanguage\":\"en-GB\"},{\"@type\":\"Organization\",\"@id\":\"https:\/\/www.wojoer.de\/#organization\",\"name\":\"Wonneberger-Manufaktur\",\"url\":\"https:\/\/www.wojoer.de\/\",\"logo\":{\"@type\":\"ImageObject\",\"inLanguage\":\"en-GB\",\"@id\":\"https:\/\/www.wojoer.de\/#\/schema\/logo\/image\/\",\"url\":\"https:\/\/www.wojoer.de\/wp-content\/uploads\/2016\/11\/wonnebergermanufaktur_logo_BUTTON.png\",\"contentUrl\":\"https:\/\/www.wojoer.de\/wp-content\/uploads\/2016\/11\/wonnebergermanufaktur_logo_BUTTON.png\",\"width\":765,\"height\":765,\"caption\":\"Wonneberger-Manufaktur\"},\"image\":{\"@id\":\"https:\/\/www.wojoer.de\/#\/schema\/logo\/image\/\"},\"sameAs\":[\"https:\/\/www.facebook.com\/wojoer\/\",\"https:\/\/de.pinterest.com\/W0J0ER\/\"]}]}<\/script>\n<!-- \/ Yoast SEO plugin. -->","yoast_head_json":{"title":"Holoflage extended String | Lack | Clubwear | WOJOER","description":"Sch\u00f6n hochgeschnittener Holoflage extended String , angenehm enger String. Sch\u00f6ner lack\u00e4hnlicher look. Jetzt online Versandkostenfrei bestellen bei WOJOER!","robots":{"index":"index","follow":"follow","max-snippet":"max-snippet:-1","max-image-preview":"max-image-preview:large","max-video-preview":"max-video-preview:-1"},"canonical":"https:\/\/www.wojoer.de\/en\/produkt\/holoflage-extended-string-extended-fit-suspensorium\/","twitter_card":"summary_large_image","twitter_title":"Holoflage extended String | Lack | Clubwear | WOJOER","twitter_description":"Sch\u00f6n hochgeschnittener Holoflage extended String , angenehm enger String. Sch\u00f6ner lack\u00e4hnlicher look. Jetzt online Versandkostenfrei bestellen bei WOJOER!","twitter_image":"https:\/\/www.wojoer.de\/wp-content\/uploads\/2018\/07\/352B3ext_holoflage_beutel_tanga_side_wojoer.jpg","twitter_misc":{"Estimated reading time":"1 minute"},"schema":{"@context":"https:\/\/schema.org","@graph":[{"@type":"WebPage","@id":"https:\/\/www.wojoer.de\/produkt\/holoflage-extended-string-extended-fit-suspensorium\/","url":"https:\/\/www.wojoer.de\/produkt\/holoflage-extended-string-extended-fit-suspensorium\/","name":"Holoflage extended String | Lack | Clubwear | WOJOER","isPartOf":{"@id":"https:\/\/www.wojoer.de\/#website"},"primaryImageOfPage":{"@id":"https:\/\/www.wojoer.de\/produkt\/holoflage-extended-string-extended-fit-suspensorium\/#primaryimage"},"image":{"@id":"https:\/\/www.wojoer.de\/produkt\/holoflage-extended-string-extended-fit-suspensorium\/#primaryimage"},"thumbnailUrl":"https:\/\/www.wojoer.de\/wp-content\/uploads\/2018\/07\/352B3ext_holoflage_beutel_tanga_side_wojoer.jpg","datePublished":"2018-07-13T12:38:21+00:00","dateModified":"2026-01-01T15:05:26+00:00","description":"Sch\u00f6n hochgeschnittener Holoflage extended String , angenehm enger String. Sch\u00f6ner lack\u00e4hnlicher look. Jetzt online Versandkostenfrei bestellen bei WOJOER!","breadcrumb":{"@id":"https:\/\/www.wojoer.de\/produkt\/holoflage-extended-string-extended-fit-suspensorium\/#breadcrumb"},"inLanguage":"en-GB","potentialAction":[{"@type":"ReadAction","target":["https:\/\/www.wojoer.de\/produkt\/holoflage-extended-string-extended-fit-suspensorium\/"]}]},{"@type":"ImageObject","inLanguage":"en-GB","@id":"https:\/\/www.wojoer.de\/produkt\/holoflage-extended-string-extended-fit-suspensorium\/#primaryimage","url":"https:\/\/www.wojoer.de\/wp-content\/uploads\/2018\/07\/352B3ext_holoflage_beutel_tanga_side_wojoer.jpg","contentUrl":"https:\/\/www.wojoer.de\/wp-content\/uploads\/2018\/07\/352B3ext_holoflage_beutel_tanga_side_wojoer.jpg","width":2002,"height":2002,"caption":"extra gro\u00dfes supsensorium, Holoflage extended String"},{"@type":"BreadcrumbList","@id":"https:\/\/www.wojoer.de\/produkt\/holoflage-extended-string-extended-fit-suspensorium\/#breadcrumb","itemListElement":[{"@type":"ListItem","position":1,"name":"Startseite","item":"https:\/\/www.wojoer.de\/"},{"@type":"ListItem","position":2,"name":"SHOP","item":"https:\/\/www.wojoer.de\/shop\/"},{"@type":"ListItem","position":3,"name":"Holoflage MiniSock String Extended Fit 352B3EXT"}]},{"@type":"WebSite","@id":"https:\/\/www.wojoer.de\/#website","url":"https:\/\/www.wojoer.de\/","name":"WOJOER","description":"clubwear for men","publisher":{"@id":"https:\/\/www.wojoer.de\/#organization"},"potentialAction":[{"@type":"SearchAction","target":{"@type":"EntryPoint","urlTemplate":"https:\/\/www.wojoer.de\/?s={search_term_string}"},"query-input":{"@type":"PropertyValueSpecification","valueRequired":true,"valueName":"search_term_string"}}],"inLanguage":"en-GB"},{"@type":"Organization","@id":"https:\/\/www.wojoer.de\/#organization","name":"Wonneberger-Manufaktur","url":"https:\/\/www.wojoer.de\/","logo":{"@type":"ImageObject","inLanguage":"en-GB","@id":"https:\/\/www.wojoer.de\/#\/schema\/logo\/image\/","url":"https:\/\/www.wojoer.de\/wp-content\/uploads\/2016\/11\/wonnebergermanufaktur_logo_BUTTON.png","contentUrl":"https:\/\/www.wojoer.de\/wp-content\/uploads\/2016\/11\/wonnebergermanufaktur_logo_BUTTON.png","width":765,"height":765,"caption":"Wonneberger-Manufaktur"},"image":{"@id":"https:\/\/www.wojoer.de\/#\/schema\/logo\/image\/"},"sameAs":["https:\/\/www.facebook.com\/wojoer\/","https:\/\/de.pinterest.com\/W0J0ER\/"]}]}},"_links":{"self":[{"href":"https:\/\/www.wojoer.de\/en\/wp-json\/wp\/v2\/product\/10900","targetHints":{"allow":["GET"]}}],"collection":[{"href":"https:\/\/www.wojoer.de\/en\/wp-json\/wp\/v2\/product"}],"about":[{"href":"https:\/\/www.wojoer.de\/en\/wp-json\/wp\/v2\/types\/product"}],"replies":[{"embeddable":true,"href":"https:\/\/www.wojoer.de\/en\/wp-json\/wp\/v2\/comments?post=10900"}],"wp:featuredmedia":[{"embeddable":true,"href":"https:\/\/www.wojoer.de\/en\/wp-json\/wp\/v2\/media\/10905"}],"wp:attachment":[{"href":"https:\/\/www.wojoer.de\/en\/wp-json\/wp\/v2\/media?parent=10900"}],"wp:term":[{"taxonomy":"product_brand","embeddable":true,"href":"https:\/\/www.wojoer.de\/en\/wp-json\/wp\/v2\/product_brand?post=10900"},{"taxonomy":"product_cat","embeddable":true,"href":"https:\/\/www.wojoer.de\/en\/wp-json\/wp\/v2\/product_cat?post=10900"},{"taxonomy":"product_tag","embeddable":true,"href":"https:\/\/www.wojoer.de\/en\/wp-json\/wp\/v2\/product_tag?post=10900"}],"curies":[{"name":"wp","href":"https:\/\/api.w.org\/{rel}","templated":true}]}}