{"id":10912,"date":"2018-07-16T11:32:52","date_gmt":"2018-07-16T09:32:52","guid":{"rendered":"https:\/\/www.wojoer.de\/produkt\/fun-x-tion-string-extra-grosses-suspensorium-extended-fit\/"},"modified":"2026-01-05T10:01:01","modified_gmt":"2026-01-05T09:01:01","slug":"fun-x-tion-string-extra-grosses-suspensorium-extended-fit","status":"publish","type":"product","link":"https:\/\/www.wojoer.de\/en\/produkt\/fun-x-tion-string-extra-grosses-suspensorium-extended-fit\/","title":{"rendered":"FUN-X-TION STRING Extended"},"content":{"rendered":"<p>FUN-X-TION STRING &#8211; extra gro\u00dfes Suspensorium Extended fit 325D700WEXT<em><br \/>\n<\/em><\/p>\n<p>Nur solange der Vorrat reicht!! &#8212;> Fun X Tion Schmalissimo mit Jumbo Suspensorium f\u00fcr besonders viel Platz<\/p>\n<h3>Gr\u00f6\u00dfen<\/h3>\n<p>Extended:\u00a0\u00a0 \u00a0 XS, S, M, L, XL (besonders viel Platz f\u00fcr die Genitalien)<\/p>\n<p>Jumbo: S, M (extrem viel Platz f\u00fcr die Genitalien)<\/p>\n<h3>Materialzusammensetzung<\/h3>\n<p>funXtion<\/p>\n<h3><em>extra gro\u00dfes Suspensorium<\/em><\/h3>\n<p>&#8211; ein sehr d\u00fcnnes und leicht dehnbares Lateximitat mit einer Netzinnenkaschierung: 50% Polyurethan, 50% Polyester<\/p>\n<h3>Besonderheiten<\/h3>\n<p>extra gro\u00dfes Suspensorium| besonders durchsichtig | wenig dehnbares Gummimaterial | Netz als Innenkaschierung | hautenge Passform | schwarze Bandapplikationen auf H\u00fcfte | hochwertige Verarbeitung &#8220;Made in Germany&#8221;<\/p>\n<h3>Benutzerhinweise<\/h3>\n<p>30\u00b0 Schonw\u00e4sche<\/p>\n<h3>FUNXTION STRING\u00a0 &#8211; extra gro\u00dfes Suspensorium<\/h3>\n<p>F\u00fcr die, die etwas mehr in der Hose haben.\u00a0 Der Funxtion String-\u00a0 ein absolutes Must-have, das jedes Fetischherz h\u00f6her schlagen l\u00e4sst. Ein Traum aus einem Lateximitat das jede Bewegung mit dem typisch gummiartigen Knistern begleitet. Rrrrr&#8230; Viel berauschender noch ist aber das Gef\u00fchl der Enge. Der String ist leicht durchsichtig was die Spannung ins unermessliche steigert. Dazu ist das Material vollkommen \u00d6l und Wasserabweisend. Man k\u00f6nnte also sagen FunXtion ist synthetisch optimiertes Latex!<\/p>\n<p>&nbsp;<\/p>\n<hr \/>\n<h3>CUSTOMER PHOTOS Fun-X-tion String<\/h3>\n<p><a href=\"https:\/\/www.wojoer.de\/wp-content\/uploads\/2018\/04\/image11-1-scaled.jpeg\"><img loading=\"lazy\" decoding=\"async\" class=\"alignnone size-medium wp-image-36337\" src=\"https:\/\/www.wojoer.de\/wp-content\/uploads\/2018\/04\/image11-1-300x225.jpeg\" alt=\"\" width=\"300\" height=\"225\" \/><\/a>\u00a0 <a href=\"https:\/\/www.wojoer.de\/wp-content\/uploads\/2018\/04\/image7-scaled.jpeg\"><img loading=\"lazy\" decoding=\"async\" class=\"alignnone size-medium wp-image-36320\" src=\"https:\/\/www.wojoer.de\/wp-content\/uploads\/2018\/04\/image7-300x225.jpeg\" alt=\"\" width=\"300\" height=\"225\" \/><\/a> \u00a0\u00a0<a href=\"https:\/\/www.wojoer.de\/wp-content\/uploads\/2018\/04\/image6-scaled.jpeg\"><img loading=\"lazy\" decoding=\"async\" class=\"alignnone size-medium wp-image-36319\" src=\"https:\/\/www.wojoer.de\/wp-content\/uploads\/2018\/04\/image6-300x225.jpeg\" alt=\"\" width=\"300\" height=\"225\" \/><\/a>\u00a0 \u00a0 <a href=\"https:\/\/www.wojoer.de\/wp-content\/uploads\/2018\/04\/image8-scaled.jpeg\"><img loading=\"lazy\" decoding=\"async\" class=\"alignnone size-medium wp-image-36321\" src=\"https:\/\/www.wojoer.de\/wp-content\/uploads\/2018\/04\/image8-300x225.jpeg\" alt=\"\" width=\"300\" height=\"225\" \/><\/a><\/p>\n","protected":false},"excerpt":{"rendered":"<p>FUN-X-TION STRING &#8211; extra gro\u00dfes Suspensorium Extended fit 325D700WEXT<em><br \/>\n<\/em><\/p>\n<p>Nur solange der Vorrat reicht!! &#8212;> Fun X Tion Schmalissimo mit Jumbo Suspensorium f\u00fcr besonders viel Platz<br \/>\nGr\u00f6\u00dfen<br \/>\nExtended:\u00a0\u00a0 \u00a0 XS, S, M, L, XL (besonders viel Platz f\u00fcr die Genitalien)<\/p>\n<p>Jumbo: S, M (extrem\u2026<\/p>\n","protected":false},"featured_media":10908,"comment_status":"open","ping_status":"closed","template":"","meta":[],"product_brand":[],"product_cat":[801,397,169,473,270,326],"product_tag":[404,119,290],"class_list":{"0":"post-10912","1":"product","2":"type-product","3":"status-publish","4":"has-post-thumbnail","6":"product_cat-352-funxtion","7":"product_cat-extended-fit-suspensorium","8":"product_cat-nos-never-out-of-stock","9":"product_cat-men","10":"product_cat-onlyforme","11":"product_cat-wojoer","12":"product_tag-extendedfit","13":"product_tag-string","14":"product_tag-synthetischeslatex","15":"product_shipping_class-beun","16":"pa_groesse-l","17":"pa_groesse-m","18":"pa_groesse-s","19":"pa_groesse-xl","20":"pa_groesse-xs","21":"pa_groesse-xxl","22":"pa_groesse-xxs","23":"pa_groesse-xxxl","24":"pif-has-gallery","25":"post-1","26":"odd","28":"first","29":"instock","30":"taxable","31":"shipping-taxable","32":"purchasable","33":"product-type-variable"},"yoast_head":"<!-- This site is optimized with the Yoast SEO plugin v27.2 - https:\/\/yoast.com\/product\/yoast-seo-wordpress\/ -->\n<title>extra gro\u00dfes Suspensorium | synthetisches Latex | FunXtion von WOJOER<\/title>\n<meta name=\"description\" content=\"Wasser-&amp; \u00d6labweisender wei\u00dfer Gummi String, synthetischer Netz-Latex. Wei\u00dfer Rubber String. Enganliegend, Extra gro\u00dfes Suspensorium\" \/>\n<meta name=\"robots\" content=\"index, follow, max-snippet:-1, max-image-preview:large, max-video-preview:-1\" \/>\n<link rel=\"canonical\" href=\"https:\/\/www.wojoer.de\/en\/produkt\/fun-x-tion-string-extra-grosses-suspensorium-extended-fit\/\" \/>\n<meta name=\"twitter:card\" content=\"summary_large_image\" \/>\n<meta name=\"twitter:title\" content=\"extra gro\u00dfes Suspensorium | synthetisches Latex | FunXtion von WOJOER\" \/>\n<meta name=\"twitter:description\" content=\"Wasser-&amp; \u00d6labweisender wei\u00dfer Gummi String, synthetischer Netz-Latex. Wei\u00dfer Rubber String. Enganliegend, Extra gro\u00dfes Suspensorium\" \/>\n<meta name=\"twitter:image\" content=\"https:\/\/www.wojoer.de\/wp-content\/uploads\/2018\/07\/325W700EXT_funXtion_string_side_wojoer.jpg\" \/>\n<meta name=\"twitter:label1\" content=\"Estimated reading time\" \/>\n\t<meta name=\"twitter:data1\" content=\"1 minute\" \/>\n<script type=\"application\/ld+json\" class=\"yoast-schema-graph\">{\"@context\":\"https:\/\/schema.org\",\"@graph\":[{\"@type\":\"WebPage\",\"@id\":\"https:\/\/www.wojoer.de\/en\/produkt\/fun-x-tion-string-extra-grosses-suspensorium-extended-fit\/\",\"url\":\"https:\/\/www.wojoer.de\/en\/produkt\/fun-x-tion-string-extra-grosses-suspensorium-extended-fit\/\",\"name\":\"extra gro\u00dfes Suspensorium | synthetisches Latex | FunXtion von WOJOER\",\"isPartOf\":{\"@id\":\"https:\/\/www.wojoer.de\/#website\"},\"primaryImageOfPage\":{\"@id\":\"https:\/\/www.wojoer.de\/en\/produkt\/fun-x-tion-string-extra-grosses-suspensorium-extended-fit\/#primaryimage\"},\"image\":{\"@id\":\"https:\/\/www.wojoer.de\/en\/produkt\/fun-x-tion-string-extra-grosses-suspensorium-extended-fit\/#primaryimage\"},\"thumbnailUrl\":\"https:\/\/www.wojoer.de\/wp-content\/uploads\/2018\/07\/325W700EXT_funXtion_string_side_wojoer.jpg\",\"datePublished\":\"2018-07-16T09:32:52+00:00\",\"dateModified\":\"2026-01-05T09:01:01+00:00\",\"description\":\"Wasser-& \u00d6labweisender wei\u00dfer Gummi String, synthetischer Netz-Latex. Wei\u00dfer Rubber String. Enganliegend, Extra gro\u00dfes Suspensorium\",\"breadcrumb\":{\"@id\":\"https:\/\/www.wojoer.de\/en\/produkt\/fun-x-tion-string-extra-grosses-suspensorium-extended-fit\/#breadcrumb\"},\"inLanguage\":\"en-GB\",\"potentialAction\":[{\"@type\":\"ReadAction\",\"target\":[\"https:\/\/www.wojoer.de\/en\/produkt\/fun-x-tion-string-extra-grosses-suspensorium-extended-fit\/\"]}]},{\"@type\":\"ImageObject\",\"inLanguage\":\"en-GB\",\"@id\":\"https:\/\/www.wojoer.de\/en\/produkt\/fun-x-tion-string-extra-grosses-suspensorium-extended-fit\/#primaryimage\",\"url\":\"https:\/\/www.wojoer.de\/wp-content\/uploads\/2018\/07\/325W700EXT_funXtion_string_side_wojoer.jpg\",\"contentUrl\":\"https:\/\/www.wojoer.de\/wp-content\/uploads\/2018\/07\/325W700EXT_funXtion_string_side_wojoer.jpg\",\"width\":2002,\"height\":2002,\"caption\":\"extra gro\u00dfes Suspensorium, Leatherlike extended String\"},{\"@type\":\"BreadcrumbList\",\"@id\":\"https:\/\/www.wojoer.de\/en\/produkt\/fun-x-tion-string-extra-grosses-suspensorium-extended-fit\/#breadcrumb\",\"itemListElement\":[{\"@type\":\"ListItem\",\"position\":1,\"name\":\"Startseite\",\"item\":\"https:\/\/www.wojoer.de\/\"},{\"@type\":\"ListItem\",\"position\":2,\"name\":\"SHOP\",\"item\":\"https:\/\/www.wojoer.de\/shop\/\"},{\"@type\":\"ListItem\",\"position\":3,\"name\":\"FUN-X-TION STRING Extended\"}]},{\"@type\":\"WebSite\",\"@id\":\"https:\/\/www.wojoer.de\/#website\",\"url\":\"https:\/\/www.wojoer.de\/\",\"name\":\"WOJOER\",\"description\":\"clubwear for men\",\"publisher\":{\"@id\":\"https:\/\/www.wojoer.de\/#organization\"},\"potentialAction\":[{\"@type\":\"SearchAction\",\"target\":{\"@type\":\"EntryPoint\",\"urlTemplate\":\"https:\/\/www.wojoer.de\/?s={search_term_string}\"},\"query-input\":{\"@type\":\"PropertyValueSpecification\",\"valueRequired\":true,\"valueName\":\"search_term_string\"}}],\"inLanguage\":\"en-GB\"},{\"@type\":\"Organization\",\"@id\":\"https:\/\/www.wojoer.de\/#organization\",\"name\":\"Wonneberger-Manufaktur\",\"url\":\"https:\/\/www.wojoer.de\/\",\"logo\":{\"@type\":\"ImageObject\",\"inLanguage\":\"en-GB\",\"@id\":\"https:\/\/www.wojoer.de\/#\/schema\/logo\/image\/\",\"url\":\"https:\/\/www.wojoer.de\/wp-content\/uploads\/2016\/11\/wonnebergermanufaktur_logo_BUTTON.png\",\"contentUrl\":\"https:\/\/www.wojoer.de\/wp-content\/uploads\/2016\/11\/wonnebergermanufaktur_logo_BUTTON.png\",\"width\":765,\"height\":765,\"caption\":\"Wonneberger-Manufaktur\"},\"image\":{\"@id\":\"https:\/\/www.wojoer.de\/#\/schema\/logo\/image\/\"},\"sameAs\":[\"https:\/\/www.facebook.com\/wojoer\/\",\"https:\/\/de.pinterest.com\/W0J0ER\/\"]}]}<\/script>\n<!-- \/ Yoast SEO plugin. -->","yoast_head_json":{"title":"extra gro\u00dfes Suspensorium | synthetisches Latex | FunXtion von WOJOER","description":"Wasser-& \u00d6labweisender wei\u00dfer Gummi String, synthetischer Netz-Latex. Wei\u00dfer Rubber String. Enganliegend, Extra gro\u00dfes Suspensorium","robots":{"index":"index","follow":"follow","max-snippet":"max-snippet:-1","max-image-preview":"max-image-preview:large","max-video-preview":"max-video-preview:-1"},"canonical":"https:\/\/www.wojoer.de\/en\/produkt\/fun-x-tion-string-extra-grosses-suspensorium-extended-fit\/","twitter_card":"summary_large_image","twitter_title":"extra gro\u00dfes Suspensorium | synthetisches Latex | FunXtion von WOJOER","twitter_description":"Wasser-& \u00d6labweisender wei\u00dfer Gummi String, synthetischer Netz-Latex. Wei\u00dfer Rubber String. Enganliegend, Extra gro\u00dfes Suspensorium","twitter_image":"https:\/\/www.wojoer.de\/wp-content\/uploads\/2018\/07\/325W700EXT_funXtion_string_side_wojoer.jpg","twitter_misc":{"Estimated reading time":"1 minute"},"schema":{"@context":"https:\/\/schema.org","@graph":[{"@type":"WebPage","@id":"https:\/\/www.wojoer.de\/en\/produkt\/fun-x-tion-string-extra-grosses-suspensorium-extended-fit\/","url":"https:\/\/www.wojoer.de\/en\/produkt\/fun-x-tion-string-extra-grosses-suspensorium-extended-fit\/","name":"extra gro\u00dfes Suspensorium | synthetisches Latex | FunXtion von WOJOER","isPartOf":{"@id":"https:\/\/www.wojoer.de\/#website"},"primaryImageOfPage":{"@id":"https:\/\/www.wojoer.de\/en\/produkt\/fun-x-tion-string-extra-grosses-suspensorium-extended-fit\/#primaryimage"},"image":{"@id":"https:\/\/www.wojoer.de\/en\/produkt\/fun-x-tion-string-extra-grosses-suspensorium-extended-fit\/#primaryimage"},"thumbnailUrl":"https:\/\/www.wojoer.de\/wp-content\/uploads\/2018\/07\/325W700EXT_funXtion_string_side_wojoer.jpg","datePublished":"2018-07-16T09:32:52+00:00","dateModified":"2026-01-05T09:01:01+00:00","description":"Wasser-& \u00d6labweisender wei\u00dfer Gummi String, synthetischer Netz-Latex. Wei\u00dfer Rubber String. Enganliegend, Extra gro\u00dfes Suspensorium","breadcrumb":{"@id":"https:\/\/www.wojoer.de\/en\/produkt\/fun-x-tion-string-extra-grosses-suspensorium-extended-fit\/#breadcrumb"},"inLanguage":"en-GB","potentialAction":[{"@type":"ReadAction","target":["https:\/\/www.wojoer.de\/en\/produkt\/fun-x-tion-string-extra-grosses-suspensorium-extended-fit\/"]}]},{"@type":"ImageObject","inLanguage":"en-GB","@id":"https:\/\/www.wojoer.de\/en\/produkt\/fun-x-tion-string-extra-grosses-suspensorium-extended-fit\/#primaryimage","url":"https:\/\/www.wojoer.de\/wp-content\/uploads\/2018\/07\/325W700EXT_funXtion_string_side_wojoer.jpg","contentUrl":"https:\/\/www.wojoer.de\/wp-content\/uploads\/2018\/07\/325W700EXT_funXtion_string_side_wojoer.jpg","width":2002,"height":2002,"caption":"extra gro\u00dfes Suspensorium, Leatherlike extended String"},{"@type":"BreadcrumbList","@id":"https:\/\/www.wojoer.de\/en\/produkt\/fun-x-tion-string-extra-grosses-suspensorium-extended-fit\/#breadcrumb","itemListElement":[{"@type":"ListItem","position":1,"name":"Startseite","item":"https:\/\/www.wojoer.de\/"},{"@type":"ListItem","position":2,"name":"SHOP","item":"https:\/\/www.wojoer.de\/shop\/"},{"@type":"ListItem","position":3,"name":"FUN-X-TION STRING Extended"}]},{"@type":"WebSite","@id":"https:\/\/www.wojoer.de\/#website","url":"https:\/\/www.wojoer.de\/","name":"WOJOER","description":"clubwear for men","publisher":{"@id":"https:\/\/www.wojoer.de\/#organization"},"potentialAction":[{"@type":"SearchAction","target":{"@type":"EntryPoint","urlTemplate":"https:\/\/www.wojoer.de\/?s={search_term_string}"},"query-input":{"@type":"PropertyValueSpecification","valueRequired":true,"valueName":"search_term_string"}}],"inLanguage":"en-GB"},{"@type":"Organization","@id":"https:\/\/www.wojoer.de\/#organization","name":"Wonneberger-Manufaktur","url":"https:\/\/www.wojoer.de\/","logo":{"@type":"ImageObject","inLanguage":"en-GB","@id":"https:\/\/www.wojoer.de\/#\/schema\/logo\/image\/","url":"https:\/\/www.wojoer.de\/wp-content\/uploads\/2016\/11\/wonnebergermanufaktur_logo_BUTTON.png","contentUrl":"https:\/\/www.wojoer.de\/wp-content\/uploads\/2016\/11\/wonnebergermanufaktur_logo_BUTTON.png","width":765,"height":765,"caption":"Wonneberger-Manufaktur"},"image":{"@id":"https:\/\/www.wojoer.de\/#\/schema\/logo\/image\/"},"sameAs":["https:\/\/www.facebook.com\/wojoer\/","https:\/\/de.pinterest.com\/W0J0ER\/"]}]}},"_links":{"self":[{"href":"https:\/\/www.wojoer.de\/en\/wp-json\/wp\/v2\/product\/10912","targetHints":{"allow":["GET"]}}],"collection":[{"href":"https:\/\/www.wojoer.de\/en\/wp-json\/wp\/v2\/product"}],"about":[{"href":"https:\/\/www.wojoer.de\/en\/wp-json\/wp\/v2\/types\/product"}],"replies":[{"embeddable":true,"href":"https:\/\/www.wojoer.de\/en\/wp-json\/wp\/v2\/comments?post=10912"}],"wp:featuredmedia":[{"embeddable":true,"href":"https:\/\/www.wojoer.de\/en\/wp-json\/wp\/v2\/media\/10908"}],"wp:attachment":[{"href":"https:\/\/www.wojoer.de\/en\/wp-json\/wp\/v2\/media?parent=10912"}],"wp:term":[{"taxonomy":"product_brand","embeddable":true,"href":"https:\/\/www.wojoer.de\/en\/wp-json\/wp\/v2\/product_brand?post=10912"},{"taxonomy":"product_cat","embeddable":true,"href":"https:\/\/www.wojoer.de\/en\/wp-json\/wp\/v2\/product_cat?post=10912"},{"taxonomy":"product_tag","embeddable":true,"href":"https:\/\/www.wojoer.de\/en\/wp-json\/wp\/v2\/product_tag?post=10912"}],"curies":[{"name":"wp","href":"https:\/\/api.w.org\/{rel}","templated":true}]}}