{"id":11119,"date":"2018-03-19T13:42:15","date_gmt":"2018-03-19T12:42:15","guid":{"rendered":"https:\/\/www.wojoer.de\/produkt\/beun-stripp-string-royal-blau-321b77-kopie\/"},"modified":"2026-04-13T22:10:16","modified_gmt":"2026-04-13T20:10:16","slug":"beun-stripp-string","status":"publish","type":"product","link":"https:\/\/www.wojoer.de\/en\/produkt\/beun-stripp-string\/","title":{"rendered":"BEUN STRIPP String"},"content":{"rendered":"<p>BEUN STRIPP Beach String 0321S008\u00a0 sind NOS-Produkte. Dh. Never out of Stock und damit auf Lager und schnell lieferbar.<\/p>\n<h3>Gr\u00f6\u00dfen<\/h3>\n<p>Erh\u00e4ltlich in den Gr\u00f6\u00dfen S, M, L, XL<\/p>\n<h3>Materialzusammensetzung<\/h3>\n<p>BEUN: 82% Polyamid, 18% Elasthan<\/p>\n<h3>Besonderheiten<\/h3>\n<p><a href=\"http:\/\/www.wojoer.de\/?s=nos&#038;post_type=product\">NOS Produkt<\/a> | badetauglich | feste Mini Sport Klickverschl\u00fcsse | seidenmatte Oberfl\u00e4chenoptik | leicht transparent | luftig | schnell trocknend | dehnbar | hautenge, bequeme Passform | hochwertige Verarbeitung &#8220;Made in Germany&#8221;<\/p>\n<h3>Benutzerhinweise<\/h3>\n<p>30\u00b0 Schonw\u00e4sche | auf niedriger Stufe b\u00fcgeln<\/p>\n<h3>BEUN STRIPP String Klickverschluss- BEACH &#038; UNDERWEAR Beach STRING<\/h3>\n<p>Ein Hauch von Nichts, au\u00dfer zwei sportlich schwarze Klickverschl\u00fcsse. Mit dieser Pierce-Optik ziert der eis blaue BEUN STRIPP String besonders extravagant deine H\u00fcften. Und du selbst hast auch noch etwas davon. Denn das seidig weiche, hauch-d\u00fcnne Material ist auf der Haut kaum zu sp\u00fcren und dir ausgefeilte Passform schmiegt sich angenehm um deine Kurven. Besonderes Plus ist die Badetauglichkeit. Also runter mit den Klamotten und rein in den Pool oder rauf aufs Surfbrett ohne l\u00e4stiges Umziehen! Beachten solltest du dabei aber die leichte Transparenz, die zu gelegentlichen Schwindelanf\u00e4llen in deiner Umgebung f\u00fchren k\u00f6nnte.<\/p>\n","protected":false},"excerpt":{"rendered":"<p>BEUN STRIPP Beach String 0321S008\u00a0 sind NOS-Produkte. Dh. Never out of Stock und damit auf Lager und schnell lieferbar.<br \/>\nGr\u00f6\u00dfen<br \/>\nErh\u00e4ltlich in den Gr\u00f6\u00dfen S, M, L, XL<br \/>\nMaterialzusammensetzung<br \/>\nBEUN: 82% Polyamid, 18% Elasthan<br \/>\nBesonderheiten<br \/>\nNOS Produkt | badetauglich | feste Mini Sport Klickverschl\u00fcsse | seidenmatte\u2026<\/p>\n","protected":false},"featured_media":35371,"comment_status":"open","ping_status":"closed","template":"","meta":[],"product_brand":[],"product_cat":[110,106,473,121,326],"product_tag":[108,250,224,119,387,192],"class_list":{"0":"post-11119","1":"product","2":"type-product","3":"status-publish","4":"has-post-thumbnail","6":"product_cat-321-beun-stripp-clicks","7":"product_cat-beun","8":"product_cat-men","9":"product_cat-underwear","10":"product_cat-wojoer","11":"product_tag-1beachwear","12":"product_tag-funktion","13":"product_tag-klick","14":"product_tag-string","15":"product_tag-transparent","16":"product_tag-unterwaesche","17":"product_shipping_class-beun","18":"pa_farbe-eisblau","19":"pa_farbe-royalblau","20":"pa_farbe-candypink","21":"pa_farbe-crema","22":"pa_farbe-neoncoral","23":"pa_farbe-neongelb","24":"pa_farbe-nude","25":"pa_farbe-vulcano","26":"pa_farbe-schwarz","27":"pa_groesse-l","28":"pa_groesse-m","29":"pa_groesse-s","30":"pa_groesse-xl","31":"pif-has-gallery","32":"post-1","33":"odd","35":"first","36":"instock","37":"featured","38":"taxable","39":"shipping-taxable","40":"purchasable","41":"product-type-variable","42":"has-default-attributes"},"yoast_head":"<!-- This site is optimized with the Yoast SEO plugin v27.2 - https:\/\/yoast.com\/product\/yoast-seo-wordpress\/ -->\n<title>Beach string | sportliche Klickverschl\u00fcsse | Beach &amp; Underwear<\/title>\n<meta name=\"description\" content=\"Der hauchd\u00fcnne, leicht transparente &amp; matte STRIPP Beach String Klickverschluss liegt seidig weich auf der Haut &amp; ist schnell trocknend. Jetzt versandkostenfrei online bestellen.\" \/>\n<meta name=\"robots\" content=\"index, follow, max-snippet:-1, max-image-preview:large, max-video-preview:-1\" \/>\n<link rel=\"canonical\" href=\"https:\/\/www.wojoer.de\/en\/produkt\/beun-stripp-string\/\" \/>\n<meta name=\"twitter:card\" content=\"summary_large_image\" \/>\n<meta name=\"twitter:title\" content=\"Beach string | sportliche Klickverschl\u00fcsse | Beach &amp; Underwear\" \/>\n<meta name=\"twitter:description\" content=\"Der hauchd\u00fcnne, leicht transparente &amp; matte STRIPP Beach String Klickverschluss liegt seidig weich auf der Haut &amp; ist schnell trocknend. Jetzt versandkostenfrei online bestellen.\" \/>\n<meta name=\"twitter:image\" content=\"https:\/\/www.wojoer.de\/wp-content\/uploads\/2017\/05\/321B77_stripp_string_vulcano_side_wojoer_.jpg\" \/>\n<meta name=\"twitter:label1\" content=\"Estimated reading time\" \/>\n\t<meta name=\"twitter:data1\" content=\"1 minute\" \/>\n<script type=\"application\/ld+json\" class=\"yoast-schema-graph\">{\"@context\":\"https:\/\/schema.org\",\"@graph\":[{\"@type\":\"WebPage\",\"@id\":\"https:\/\/www.wojoer.de\/produkt\/beun-stripp-string\/\",\"url\":\"https:\/\/www.wojoer.de\/produkt\/beun-stripp-string\/\",\"name\":\"Beach string | sportliche Klickverschl\u00fcsse | Beach & Underwear\",\"isPartOf\":{\"@id\":\"https:\/\/www.wojoer.de\/#website\"},\"primaryImageOfPage\":{\"@id\":\"https:\/\/www.wojoer.de\/produkt\/beun-stripp-string\/#primaryimage\"},\"image\":{\"@id\":\"https:\/\/www.wojoer.de\/produkt\/beun-stripp-string\/#primaryimage\"},\"thumbnailUrl\":\"https:\/\/www.wojoer.de\/wp-content\/uploads\/2017\/05\/321B77_stripp_string_vulcano_side_wojoer_.jpg\",\"datePublished\":\"2018-03-19T12:42:15+00:00\",\"dateModified\":\"2026-04-13T20:10:16+00:00\",\"description\":\"Der hauchd\u00fcnne, leicht transparente & matte STRIPP Beach String Klickverschluss liegt seidig weich auf der Haut & ist schnell trocknend. Jetzt versandkostenfrei online bestellen.\",\"breadcrumb\":{\"@id\":\"https:\/\/www.wojoer.de\/produkt\/beun-stripp-string\/#breadcrumb\"},\"inLanguage\":\"en-GB\",\"potentialAction\":[{\"@type\":\"ReadAction\",\"target\":[\"https:\/\/www.wojoer.de\/produkt\/beun-stripp-string\/\"]}]},{\"@type\":\"ImageObject\",\"inLanguage\":\"en-GB\",\"@id\":\"https:\/\/www.wojoer.de\/produkt\/beun-stripp-string\/#primaryimage\",\"url\":\"https:\/\/www.wojoer.de\/wp-content\/uploads\/2017\/05\/321B77_stripp_string_vulcano_side_wojoer_.jpg\",\"contentUrl\":\"https:\/\/www.wojoer.de\/wp-content\/uploads\/2017\/05\/321B77_stripp_string_vulcano_side_wojoer_.jpg\",\"width\":2002,\"height\":2002},{\"@type\":\"BreadcrumbList\",\"@id\":\"https:\/\/www.wojoer.de\/produkt\/beun-stripp-string\/#breadcrumb\",\"itemListElement\":[{\"@type\":\"ListItem\",\"position\":1,\"name\":\"Startseite\",\"item\":\"https:\/\/www.wojoer.de\/\"},{\"@type\":\"ListItem\",\"position\":2,\"name\":\"SHOP\",\"item\":\"https:\/\/www.wojoer.de\/shop\/\"},{\"@type\":\"ListItem\",\"position\":3,\"name\":\"BEUN STRIPP String\"}]},{\"@type\":\"WebSite\",\"@id\":\"https:\/\/www.wojoer.de\/#website\",\"url\":\"https:\/\/www.wojoer.de\/\",\"name\":\"WOJOER\",\"description\":\"clubwear for men\",\"publisher\":{\"@id\":\"https:\/\/www.wojoer.de\/#organization\"},\"potentialAction\":[{\"@type\":\"SearchAction\",\"target\":{\"@type\":\"EntryPoint\",\"urlTemplate\":\"https:\/\/www.wojoer.de\/?s={search_term_string}\"},\"query-input\":{\"@type\":\"PropertyValueSpecification\",\"valueRequired\":true,\"valueName\":\"search_term_string\"}}],\"inLanguage\":\"en-GB\"},{\"@type\":\"Organization\",\"@id\":\"https:\/\/www.wojoer.de\/#organization\",\"name\":\"Wonneberger-Manufaktur\",\"url\":\"https:\/\/www.wojoer.de\/\",\"logo\":{\"@type\":\"ImageObject\",\"inLanguage\":\"en-GB\",\"@id\":\"https:\/\/www.wojoer.de\/#\/schema\/logo\/image\/\",\"url\":\"https:\/\/www.wojoer.de\/wp-content\/uploads\/2016\/11\/wonnebergermanufaktur_logo_BUTTON.png\",\"contentUrl\":\"https:\/\/www.wojoer.de\/wp-content\/uploads\/2016\/11\/wonnebergermanufaktur_logo_BUTTON.png\",\"width\":765,\"height\":765,\"caption\":\"Wonneberger-Manufaktur\"},\"image\":{\"@id\":\"https:\/\/www.wojoer.de\/#\/schema\/logo\/image\/\"},\"sameAs\":[\"https:\/\/www.facebook.com\/wojoer\/\",\"https:\/\/de.pinterest.com\/W0J0ER\/\"]}]}<\/script>\n<!-- \/ Yoast SEO plugin. -->","yoast_head_json":{"title":"Beach string | sportliche Klickverschl\u00fcsse | Beach & Underwear","description":"Der hauchd\u00fcnne, leicht transparente & matte STRIPP Beach String Klickverschluss liegt seidig weich auf der Haut & ist schnell trocknend. Jetzt versandkostenfrei online bestellen.","robots":{"index":"index","follow":"follow","max-snippet":"max-snippet:-1","max-image-preview":"max-image-preview:large","max-video-preview":"max-video-preview:-1"},"canonical":"https:\/\/www.wojoer.de\/en\/produkt\/beun-stripp-string\/","twitter_card":"summary_large_image","twitter_title":"[:de]Beach string | sportliche Klickverschl\u00fcsse | Beach & Underwear[:]","twitter_description":"[:de]Der hauchd\u00fcnne, leicht transparente & matte STRIPP Beach String Klickverschluss liegt seidig weich auf der Haut & ist schnell trocknend. Jetzt versandkostenfrei online bestellen.[:]","twitter_image":"https:\/\/www.wojoer.de\/wp-content\/uploads\/2017\/05\/321B77_stripp_string_vulcano_side_wojoer_.jpg","twitter_misc":{"Estimated reading time":"1 minute"},"schema":{"@context":"https:\/\/schema.org","@graph":[{"@type":"WebPage","@id":"https:\/\/www.wojoer.de\/produkt\/beun-stripp-string\/","url":"https:\/\/www.wojoer.de\/produkt\/beun-stripp-string\/","name":"Beach string | sportliche Klickverschl\u00fcsse | Beach & Underwear","isPartOf":{"@id":"https:\/\/www.wojoer.de\/#website"},"primaryImageOfPage":{"@id":"https:\/\/www.wojoer.de\/produkt\/beun-stripp-string\/#primaryimage"},"image":{"@id":"https:\/\/www.wojoer.de\/produkt\/beun-stripp-string\/#primaryimage"},"thumbnailUrl":"https:\/\/www.wojoer.de\/wp-content\/uploads\/2017\/05\/321B77_stripp_string_vulcano_side_wojoer_.jpg","datePublished":"2018-03-19T12:42:15+00:00","dateModified":"2026-04-13T20:10:16+00:00","description":"Der hauchd\u00fcnne, leicht transparente & matte STRIPP Beach String Klickverschluss liegt seidig weich auf der Haut & ist schnell trocknend. Jetzt versandkostenfrei online bestellen.","breadcrumb":{"@id":"https:\/\/www.wojoer.de\/produkt\/beun-stripp-string\/#breadcrumb"},"inLanguage":"en-GB","potentialAction":[{"@type":"ReadAction","target":["https:\/\/www.wojoer.de\/produkt\/beun-stripp-string\/"]}]},{"@type":"ImageObject","inLanguage":"en-GB","@id":"https:\/\/www.wojoer.de\/produkt\/beun-stripp-string\/#primaryimage","url":"https:\/\/www.wojoer.de\/wp-content\/uploads\/2017\/05\/321B77_stripp_string_vulcano_side_wojoer_.jpg","contentUrl":"https:\/\/www.wojoer.de\/wp-content\/uploads\/2017\/05\/321B77_stripp_string_vulcano_side_wojoer_.jpg","width":2002,"height":2002},{"@type":"BreadcrumbList","@id":"https:\/\/www.wojoer.de\/produkt\/beun-stripp-string\/#breadcrumb","itemListElement":[{"@type":"ListItem","position":1,"name":"Startseite","item":"https:\/\/www.wojoer.de\/"},{"@type":"ListItem","position":2,"name":"SHOP","item":"https:\/\/www.wojoer.de\/shop\/"},{"@type":"ListItem","position":3,"name":"BEUN STRIPP String"}]},{"@type":"WebSite","@id":"https:\/\/www.wojoer.de\/#website","url":"https:\/\/www.wojoer.de\/","name":"WOJOER","description":"clubwear for men","publisher":{"@id":"https:\/\/www.wojoer.de\/#organization"},"potentialAction":[{"@type":"SearchAction","target":{"@type":"EntryPoint","urlTemplate":"https:\/\/www.wojoer.de\/?s={search_term_string}"},"query-input":{"@type":"PropertyValueSpecification","valueRequired":true,"valueName":"search_term_string"}}],"inLanguage":"en-GB"},{"@type":"Organization","@id":"https:\/\/www.wojoer.de\/#organization","name":"Wonneberger-Manufaktur","url":"https:\/\/www.wojoer.de\/","logo":{"@type":"ImageObject","inLanguage":"en-GB","@id":"https:\/\/www.wojoer.de\/#\/schema\/logo\/image\/","url":"https:\/\/www.wojoer.de\/wp-content\/uploads\/2016\/11\/wonnebergermanufaktur_logo_BUTTON.png","contentUrl":"https:\/\/www.wojoer.de\/wp-content\/uploads\/2016\/11\/wonnebergermanufaktur_logo_BUTTON.png","width":765,"height":765,"caption":"Wonneberger-Manufaktur"},"image":{"@id":"https:\/\/www.wojoer.de\/#\/schema\/logo\/image\/"},"sameAs":["https:\/\/www.facebook.com\/wojoer\/","https:\/\/de.pinterest.com\/W0J0ER\/"]}]}},"_links":{"self":[{"href":"https:\/\/www.wojoer.de\/en\/wp-json\/wp\/v2\/product\/11119","targetHints":{"allow":["GET"]}}],"collection":[{"href":"https:\/\/www.wojoer.de\/en\/wp-json\/wp\/v2\/product"}],"about":[{"href":"https:\/\/www.wojoer.de\/en\/wp-json\/wp\/v2\/types\/product"}],"replies":[{"embeddable":true,"href":"https:\/\/www.wojoer.de\/en\/wp-json\/wp\/v2\/comments?post=11119"}],"wp:featuredmedia":[{"embeddable":true,"href":"https:\/\/www.wojoer.de\/en\/wp-json\/wp\/v2\/media\/35371"}],"wp:attachment":[{"href":"https:\/\/www.wojoer.de\/en\/wp-json\/wp\/v2\/media?parent=11119"}],"wp:term":[{"taxonomy":"product_brand","embeddable":true,"href":"https:\/\/www.wojoer.de\/en\/wp-json\/wp\/v2\/product_brand?post=11119"},{"taxonomy":"product_cat","embeddable":true,"href":"https:\/\/www.wojoer.de\/en\/wp-json\/wp\/v2\/product_cat?post=11119"},{"taxonomy":"product_tag","embeddable":true,"href":"https:\/\/www.wojoer.de\/en\/wp-json\/wp\/v2\/product_tag?post=11119"}],"curies":[{"name":"wp","href":"https:\/\/api.w.org\/{rel}","templated":true}]}}