{"id":11306,"date":"2018-10-10T15:58:24","date_gmt":"2018-10-10T13:58:24","guid":{"rendered":"https:\/\/www.wojoer.de\/produkt\/wetleather-lack-pants-schwarz\/"},"modified":"2025-11-06T09:02:51","modified_gmt":"2025-11-06T08:02:51","slug":"wetleather-lack-pants-schwarz","status":"publish","type":"product","link":"https:\/\/www.wojoer.de\/en\/produkt\/wetleather-lack-pants-schwarz\/","title":{"rendered":"WETLEATHER Pant 365W427"},"content":{"rendered":"<p>Der Wet Leather Lack Pants 365W427 geh\u00f6rt zu den Wojoer LIVE-Produkten. Denn sie werden ab Bestellung bei uns produziert, so k\u00f6nnen wir auf Kundenw\u00fcnsche individuell eingehen.<\/p>\n<h3>Gr\u00f6\u00dfen<\/h3>\n<p>Erh\u00e4ltlich in den Gr\u00f6\u00dfen S, M, L, XL<\/p>\n<h3>Materialzusammensetzung<\/h3>\n<p>WETLEATHER, super dehnbares, leicht strukturiertes Leatherlike mit Lackglanz: 95% Viskose, 5% Elasthan | 100% Polyester<\/p>\n<h3>Besonderheiten<\/h3>\n<p><a href=\"http:\/\/www.wojoer.de\/?s=LIVE&#038;post_type=product\">LIVE-Produkt<\/a>\u00a0 | glossy, strechy Leatherlike\u00a0 | sehr gut dehnbar\u00a0 |\u00a0 eng anschmiegsamer Schnitt | hochwertige Verarbeitung &#8220;Made in Germany&#8221;<\/p>\n<h3>Benutzerhinweise<\/h3>\n<p>Handw\u00e4sche | seperat von hellen und anderen, beschichteten Textilien lagern | nur mit dazwischen gelegtes Papier zusammenlegen oder locker auf einem B\u00fcgel h\u00e4ngen<\/p>\n<h3>WETLEATHER LACK PANTS- Knackige flexible Shorts<\/h3>\n<p>So wahnsinnig glossy, so erregend anschmiegsam und so verf\u00fchrerisch knapp. Das ist die Wetleather Pants. Sie zieht die Blicke auf sich mit ihrer spiegel-glatten Oberfl\u00e4chenoptik und dem Ber\u00fchfungserlebnis von glatt gl\u00e4nzendem Leatherlike. Du wirst sie lieben! Denn durch ihre Flexibilit\u00e4t legt sie sich trotz des knappen Schnittes angenehm weich um deine H\u00fcften. Sie betont deine Kurven elegant und setzt erotische Lichtreflexe. Dadurch geht kein Blick mehr an dir vorbei und du stehst im Mittelpunkt des Interesses.<\/p>\n<p>Die Pants l\u00e4sst sich ideal mit der Wetleather Weste kombinieren.<\/p>\n","protected":false},"excerpt":{"rendered":"<p>Der Wet Leather Lack Pants 365W427 geh\u00f6rt zu den Wojoer LIVE-Produkten. Denn sie werden ab Bestellung bei uns produziert, so k\u00f6nnen wir auf Kundenw\u00fcnsche individuell eingehen.<br \/>\nGr\u00f6\u00dfen<br \/>\nErh\u00e4ltlich in den Gr\u00f6\u00dfen S, M, L, XL<br \/>\nMaterialzusammensetzung<br \/>\nWETLEATHER, super dehnbares, leicht strukturiertes Leatherlike mit Lackglanz:\u2026<\/p>\n","protected":false},"featured_media":10782,"comment_status":"open","ping_status":"closed","template":"","meta":[],"product_brand":[],"product_cat":[854,114,473,195,326],"product_tag":[560,273,247],"class_list":{"0":"post-11306","1":"product","2":"type-product","3":"status-publish","4":"has-post-thumbnail","6":"product_cat-365-wetleather","7":"product_cat-fetisch","8":"product_cat-men","9":"product_cat-produktion-auf-bestellung-liveproduktion","10":"product_cat-wojoer","11":"product_tag-glaenzend","12":"product_tag-pants","13":"product_tag-wetlook","14":"pa_groesse-l","15":"pa_groesse-m","16":"pa_groesse-s","17":"pa_groesse-xl","18":"pif-has-gallery","19":"post-1","20":"odd","22":"first","23":"onbackorder","24":"taxable","25":"shipping-taxable","26":"purchasable","27":"product-type-variable","28":"has-default-attributes"},"yoast_head":"<!-- This site is optimized with the Yoast SEO plugin v27.2 - https:\/\/yoast.com\/product\/yoast-seo-wordpress\/ -->\n<title>Lack Pants | schwarz, glossy Leatherlike Shorts | Clubwear WOJOER<\/title>\n<meta name=\"description\" content=\"Lack Pants. Glossy Leatherlike. Kurze Lack Shorts schwarz f\u00fcr M\u00e4nner mit einem einmalig flexiblen und gl\u00e4nzendem Latherlike-Lack Material. Hochwertig ver\u00e4rbeitet, made in Germany. Jetzt Versandkostenfrei innerhalb Deutschlands online bestellen!\" \/>\n<meta name=\"robots\" content=\"index, follow, max-snippet:-1, max-image-preview:large, max-video-preview:-1\" \/>\n<link rel=\"canonical\" href=\"https:\/\/www.wojoer.de\/en\/produkt\/wetleather-lack-pants-schwarz\/\" \/>\n<meta name=\"twitter:card\" content=\"summary_large_image\" \/>\n<meta name=\"twitter:title\" content=\"Lack Pants | schwarz, glossy Leatherlike Shorts | Clubwear WOJOER\" \/>\n<meta name=\"twitter:description\" content=\"Lack Pants. Glossy Leatherlike. Kurze Lack Shorts schwarz f\u00fcr M\u00e4nner mit einem einmalig flexiblen und gl\u00e4nzendem Latherlike-Lack Material. Hochwertig ver\u00e4rbeitet, made in Germany. Jetzt Versandkostenfrei innerhalb Deutschlands online bestellen!\" \/>\n<meta name=\"twitter:image\" content=\"https:\/\/www.wojoer.de\/wp-content\/uploads\/2018\/07\/365W427_wetleather_pants_side_wojoer.jpg\" \/>\n<meta name=\"twitter:label1\" content=\"Estimated reading time\" \/>\n\t<meta name=\"twitter:data1\" content=\"1 minute\" \/>\n<script type=\"application\/ld+json\" class=\"yoast-schema-graph\">{\"@context\":\"https:\/\/schema.org\",\"@graph\":[{\"@type\":\"WebPage\",\"@id\":\"https:\/\/www.wojoer.de\/en\/produkt\/wetleather-lack-pants-schwarz\/\",\"url\":\"https:\/\/www.wojoer.de\/en\/produkt\/wetleather-lack-pants-schwarz\/\",\"name\":\"Lack Pants | schwarz, glossy Leatherlike Shorts | Clubwear WOJOER\",\"isPartOf\":{\"@id\":\"https:\/\/www.wojoer.de\/#website\"},\"primaryImageOfPage\":{\"@id\":\"https:\/\/www.wojoer.de\/en\/produkt\/wetleather-lack-pants-schwarz\/#primaryimage\"},\"image\":{\"@id\":\"https:\/\/www.wojoer.de\/en\/produkt\/wetleather-lack-pants-schwarz\/#primaryimage\"},\"thumbnailUrl\":\"https:\/\/www.wojoer.de\/wp-content\/uploads\/2018\/07\/365W427_wetleather_pants_side_wojoer.jpg\",\"datePublished\":\"2018-10-10T13:58:24+00:00\",\"dateModified\":\"2025-11-06T08:02:51+00:00\",\"description\":\"Lack Pants. Glossy Leatherlike. Kurze Lack Shorts schwarz f\u00fcr M\u00e4nner mit einem einmalig flexiblen und gl\u00e4nzendem Latherlike-Lack Material. Hochwertig ver\u00e4rbeitet, made in Germany. Jetzt Versandkostenfrei innerhalb Deutschlands online bestellen!\",\"breadcrumb\":{\"@id\":\"https:\/\/www.wojoer.de\/en\/produkt\/wetleather-lack-pants-schwarz\/#breadcrumb\"},\"inLanguage\":\"en-GB\",\"potentialAction\":[{\"@type\":\"ReadAction\",\"target\":[\"https:\/\/www.wojoer.de\/en\/produkt\/wetleather-lack-pants-schwarz\/\"]}]},{\"@type\":\"ImageObject\",\"inLanguage\":\"en-GB\",\"@id\":\"https:\/\/www.wojoer.de\/en\/produkt\/wetleather-lack-pants-schwarz\/#primaryimage\",\"url\":\"https:\/\/www.wojoer.de\/wp-content\/uploads\/2018\/07\/365W427_wetleather_pants_side_wojoer.jpg\",\"contentUrl\":\"https:\/\/www.wojoer.de\/wp-content\/uploads\/2018\/07\/365W427_wetleather_pants_side_wojoer.jpg\",\"width\":2002,\"height\":2002,\"caption\":\"glossy wet leather Pants, Hipster in wetleather, Lack Glanz, Gummihose, Rubber Shorts, schwarzer Glanz, Fetisch\"},{\"@type\":\"BreadcrumbList\",\"@id\":\"https:\/\/www.wojoer.de\/en\/produkt\/wetleather-lack-pants-schwarz\/#breadcrumb\",\"itemListElement\":[{\"@type\":\"ListItem\",\"position\":1,\"name\":\"Startseite\",\"item\":\"https:\/\/www.wojoer.de\/\"},{\"@type\":\"ListItem\",\"position\":2,\"name\":\"SHOP\",\"item\":\"https:\/\/www.wojoer.de\/shop\/\"},{\"@type\":\"ListItem\",\"position\":3,\"name\":\"WETLEATHER Pant 365W427\"}]},{\"@type\":\"WebSite\",\"@id\":\"https:\/\/www.wojoer.de\/#website\",\"url\":\"https:\/\/www.wojoer.de\/\",\"name\":\"WOJOER\",\"description\":\"clubwear for men\",\"publisher\":{\"@id\":\"https:\/\/www.wojoer.de\/#organization\"},\"potentialAction\":[{\"@type\":\"SearchAction\",\"target\":{\"@type\":\"EntryPoint\",\"urlTemplate\":\"https:\/\/www.wojoer.de\/?s={search_term_string}\"},\"query-input\":{\"@type\":\"PropertyValueSpecification\",\"valueRequired\":true,\"valueName\":\"search_term_string\"}}],\"inLanguage\":\"en-GB\"},{\"@type\":\"Organization\",\"@id\":\"https:\/\/www.wojoer.de\/#organization\",\"name\":\"Wonneberger-Manufaktur\",\"url\":\"https:\/\/www.wojoer.de\/\",\"logo\":{\"@type\":\"ImageObject\",\"inLanguage\":\"en-GB\",\"@id\":\"https:\/\/www.wojoer.de\/#\/schema\/logo\/image\/\",\"url\":\"https:\/\/www.wojoer.de\/wp-content\/uploads\/2016\/11\/wonnebergermanufaktur_logo_BUTTON.png\",\"contentUrl\":\"https:\/\/www.wojoer.de\/wp-content\/uploads\/2016\/11\/wonnebergermanufaktur_logo_BUTTON.png\",\"width\":765,\"height\":765,\"caption\":\"Wonneberger-Manufaktur\"},\"image\":{\"@id\":\"https:\/\/www.wojoer.de\/#\/schema\/logo\/image\/\"},\"sameAs\":[\"https:\/\/www.facebook.com\/wojoer\/\",\"https:\/\/de.pinterest.com\/W0J0ER\/\"]}]}<\/script>\n<!-- \/ Yoast SEO plugin. -->","yoast_head_json":{"title":"Lack Pants | schwarz, glossy Leatherlike Shorts | Clubwear WOJOER","description":"Lack Pants. Glossy Leatherlike. Kurze Lack Shorts schwarz f\u00fcr M\u00e4nner mit einem einmalig flexiblen und gl\u00e4nzendem Latherlike-Lack Material. Hochwertig ver\u00e4rbeitet, made in Germany. Jetzt Versandkostenfrei innerhalb Deutschlands online bestellen!","robots":{"index":"index","follow":"follow","max-snippet":"max-snippet:-1","max-image-preview":"max-image-preview:large","max-video-preview":"max-video-preview:-1"},"canonical":"https:\/\/www.wojoer.de\/en\/produkt\/wetleather-lack-pants-schwarz\/","twitter_card":"summary_large_image","twitter_title":"Lack Pants | schwarz, glossy Leatherlike Shorts | Clubwear WOJOER","twitter_description":"Lack Pants. Glossy Leatherlike. Kurze Lack Shorts schwarz f\u00fcr M\u00e4nner mit einem einmalig flexiblen und gl\u00e4nzendem Latherlike-Lack Material. Hochwertig ver\u00e4rbeitet, made in Germany. Jetzt Versandkostenfrei innerhalb Deutschlands online bestellen!","twitter_image":"https:\/\/www.wojoer.de\/wp-content\/uploads\/2018\/07\/365W427_wetleather_pants_side_wojoer.jpg","twitter_misc":{"Estimated reading time":"1 minute"},"schema":{"@context":"https:\/\/schema.org","@graph":[{"@type":"WebPage","@id":"https:\/\/www.wojoer.de\/en\/produkt\/wetleather-lack-pants-schwarz\/","url":"https:\/\/www.wojoer.de\/en\/produkt\/wetleather-lack-pants-schwarz\/","name":"Lack Pants | schwarz, glossy Leatherlike Shorts | Clubwear WOJOER","isPartOf":{"@id":"https:\/\/www.wojoer.de\/#website"},"primaryImageOfPage":{"@id":"https:\/\/www.wojoer.de\/en\/produkt\/wetleather-lack-pants-schwarz\/#primaryimage"},"image":{"@id":"https:\/\/www.wojoer.de\/en\/produkt\/wetleather-lack-pants-schwarz\/#primaryimage"},"thumbnailUrl":"https:\/\/www.wojoer.de\/wp-content\/uploads\/2018\/07\/365W427_wetleather_pants_side_wojoer.jpg","datePublished":"2018-10-10T13:58:24+00:00","dateModified":"2025-11-06T08:02:51+00:00","description":"Lack Pants. Glossy Leatherlike. Kurze Lack Shorts schwarz f\u00fcr M\u00e4nner mit einem einmalig flexiblen und gl\u00e4nzendem Latherlike-Lack Material. Hochwertig ver\u00e4rbeitet, made in Germany. Jetzt Versandkostenfrei innerhalb Deutschlands online bestellen!","breadcrumb":{"@id":"https:\/\/www.wojoer.de\/en\/produkt\/wetleather-lack-pants-schwarz\/#breadcrumb"},"inLanguage":"en-GB","potentialAction":[{"@type":"ReadAction","target":["https:\/\/www.wojoer.de\/en\/produkt\/wetleather-lack-pants-schwarz\/"]}]},{"@type":"ImageObject","inLanguage":"en-GB","@id":"https:\/\/www.wojoer.de\/en\/produkt\/wetleather-lack-pants-schwarz\/#primaryimage","url":"https:\/\/www.wojoer.de\/wp-content\/uploads\/2018\/07\/365W427_wetleather_pants_side_wojoer.jpg","contentUrl":"https:\/\/www.wojoer.de\/wp-content\/uploads\/2018\/07\/365W427_wetleather_pants_side_wojoer.jpg","width":2002,"height":2002,"caption":"glossy wet leather Pants, Hipster in wetleather, Lack Glanz, Gummihose, Rubber Shorts, schwarzer Glanz, Fetisch"},{"@type":"BreadcrumbList","@id":"https:\/\/www.wojoer.de\/en\/produkt\/wetleather-lack-pants-schwarz\/#breadcrumb","itemListElement":[{"@type":"ListItem","position":1,"name":"Startseite","item":"https:\/\/www.wojoer.de\/"},{"@type":"ListItem","position":2,"name":"SHOP","item":"https:\/\/www.wojoer.de\/shop\/"},{"@type":"ListItem","position":3,"name":"WETLEATHER Pant 365W427"}]},{"@type":"WebSite","@id":"https:\/\/www.wojoer.de\/#website","url":"https:\/\/www.wojoer.de\/","name":"WOJOER","description":"clubwear for men","publisher":{"@id":"https:\/\/www.wojoer.de\/#organization"},"potentialAction":[{"@type":"SearchAction","target":{"@type":"EntryPoint","urlTemplate":"https:\/\/www.wojoer.de\/?s={search_term_string}"},"query-input":{"@type":"PropertyValueSpecification","valueRequired":true,"valueName":"search_term_string"}}],"inLanguage":"en-GB"},{"@type":"Organization","@id":"https:\/\/www.wojoer.de\/#organization","name":"Wonneberger-Manufaktur","url":"https:\/\/www.wojoer.de\/","logo":{"@type":"ImageObject","inLanguage":"en-GB","@id":"https:\/\/www.wojoer.de\/#\/schema\/logo\/image\/","url":"https:\/\/www.wojoer.de\/wp-content\/uploads\/2016\/11\/wonnebergermanufaktur_logo_BUTTON.png","contentUrl":"https:\/\/www.wojoer.de\/wp-content\/uploads\/2016\/11\/wonnebergermanufaktur_logo_BUTTON.png","width":765,"height":765,"caption":"Wonneberger-Manufaktur"},"image":{"@id":"https:\/\/www.wojoer.de\/#\/schema\/logo\/image\/"},"sameAs":["https:\/\/www.facebook.com\/wojoer\/","https:\/\/de.pinterest.com\/W0J0ER\/"]}]}},"_links":{"self":[{"href":"https:\/\/www.wojoer.de\/en\/wp-json\/wp\/v2\/product\/11306","targetHints":{"allow":["GET"]}}],"collection":[{"href":"https:\/\/www.wojoer.de\/en\/wp-json\/wp\/v2\/product"}],"about":[{"href":"https:\/\/www.wojoer.de\/en\/wp-json\/wp\/v2\/types\/product"}],"replies":[{"embeddable":true,"href":"https:\/\/www.wojoer.de\/en\/wp-json\/wp\/v2\/comments?post=11306"}],"wp:featuredmedia":[{"embeddable":true,"href":"https:\/\/www.wojoer.de\/en\/wp-json\/wp\/v2\/media\/10782"}],"wp:attachment":[{"href":"https:\/\/www.wojoer.de\/en\/wp-json\/wp\/v2\/media?parent=11306"}],"wp:term":[{"taxonomy":"product_brand","embeddable":true,"href":"https:\/\/www.wojoer.de\/en\/wp-json\/wp\/v2\/product_brand?post=11306"},{"taxonomy":"product_cat","embeddable":true,"href":"https:\/\/www.wojoer.de\/en\/wp-json\/wp\/v2\/product_cat?post=11306"},{"taxonomy":"product_tag","embeddable":true,"href":"https:\/\/www.wojoer.de\/en\/wp-json\/wp\/v2\/product_tag?post=11306"}],"curies":[{"name":"wp","href":"https:\/\/api.w.org\/{rel}","templated":true}]}}