{"id":11425,"date":"2018-12-18T08:00:46","date_gmt":"2018-12-18T07:00:46","guid":{"rendered":"https:\/\/www.wojoer.de\/produkt\/piercing-mini-hipster-369h1\/"},"modified":"2024-02-06T08:07:55","modified_gmt":"2024-02-06T07:07:55","slug":"piercing-mini-hipster-369h1","status":"publish","type":"product","link":"https:\/\/www.wojoer.de\/en\/produkt\/piercing-mini-hipster-369h1\/","title":{"rendered":"Piercing Mini Hipster 369H1"},"content":{"rendered":"<p>Produktion auf Bestellung, denn der schwarz matte Kunstleder Piercing Mini Hipster 369H1 geh\u00f6rt in die Kategorie: Wojoer &#8220;LIVE-Produkte&#8221;!<\/p>\n<h3>Gr\u00f6\u00dfen<\/h3>\n<p>Erh\u00e4ltlich in den Gr\u00f6\u00dfen S, M, L, XL<\/p>\n<h3>Materialzusammensetzung<\/h3>\n<p>SYNLEX, sehr d\u00fcnnes und dehnbares Lederimitat: 76% Polyesther\u00a0 16% Polyurethan 8% Elasthan<\/p>\n<p>Metallpiercing: Nickelfrei<\/p>\n<h3>Besonderheiten<\/h3>\n<p><a href=\"http:\/\/www.wojoer.de\/?s=live&#038;post_type=product\">LIVE Produkt<\/a> | 3 Piercings am Suspensorium | mattes, leicht dehnbares Kunstleder | fast gummiartig | super skinny fit | hochwertige Verarbeitung &#8220;Made in Germany&#8221;<\/p>\n<h3>Benutzerhinweise<\/h3>\n<p>kalte Handw\u00e4sche | tropfnass auf B\u00fcgel aufh\u00e4ngen und trocken lassen | keine Weichsp\u00fcler oder Waschmittel<\/p>\n<h3>SYNLEX PIERCING MINI HIPSTER &#8211; schwarz matter Kunstleder Mini Hipster mit Piercings<\/h3>\n<p>Der Synlex Piercing Hipster ist wahnsinnig erotisch. Durch seine skinny Passform wird deine m\u00e4nnliche F\u00fclle mystisch eingeh\u00fcllt. Und wer es ganz langsam will, zieht den Hipster nicht einfach aus, nein, er \u00f6ffnet die 3 Piercings am Bund und treibt die Spannung so ins Unermessliche!<\/p>\n<p>SYNLEX, steht f\u00fcr synthetischen Latex. Es ist eine matt schwarze Materie die erst mysteri\u00f6s und d\u00fcster, dann gef\u00e4hrlich hei\u00df und schlie\u00dflich mit extremem Suchtpotenzial daherkommt. Berauschend wird es aber erst in Kombination mit den anregend k\u00fchlen Piercings auf deiner Haut.<\/p>\n<p>Ein so verrucht mattes und anschmiegsames Material hattest du noch nie auf deiner Haut. Denn im Gegensatz zu Natur Latex ist es vollkommen \u00d6l- und Wasserbest\u00e4ndig. Zudem genie\u00dft du von Au\u00dfen die optischen und haptischen Vorz\u00fcge von mattem Rubber und von innen schmeichelt ein feiner, weicher Jerseystoff deiner Haut. Das Gef\u00fchl des Schwitzens wird optimal minimiert. Mit anderen Worten lassen die matte Oberfl\u00e4che und die perfekte Passform deinen K\u00f6rper mit ihm verschmelzen. Die Optik ist scheinbar unauff\u00e4llig, genau wie ein lauerndes Raubtier in der Dunkelheit. So wirst nicht nur du dich von SYNLEX magisch angezogen f\u00fchlen. Dein Gegen\u00fcber wird sogleich ohnm\u00e4chtig vor Entz\u00fccken und wie gro\u00df deine Lust ist, sp\u00fcrt Man(n) sofort.<\/p>\n","protected":false},"excerpt":{"rendered":"<p>Produktion auf Bestellung, denn der schwarz matte Kunstleder Piercing Mini Hipster 369H1 geh\u00f6rt in die Kategorie: Wojoer &#8220;LIVE-Produkte&#8221;!<br \/>\nGr\u00f6\u00dfen<br \/>\nErh\u00e4ltlich in den Gr\u00f6\u00dfen S, M, L, XL<br \/>\nMaterialzusammensetzung<br \/>\nSYNLEX, sehr d\u00fcnnes und dehnbares Lederimitat: 76% Polyesther\u00a0 16% Polyurethan 8% Elasthan<\/p>\n<p>Metallpiercing: Nickelfrei<br \/>\nBesonderheiten<br \/>\nLIVE Produkt | 3\u2026<\/p>\n","protected":false},"featured_media":10972,"comment_status":"open","ping_status":"closed","template":"","meta":[],"product_brand":[],"product_cat":[828,116,473,195,326],"product_tag":[194,209,408,290],"class_list":{"0":"post-11425","1":"product","2":"type-product","3":"status-publish","4":"has-post-thumbnail","6":"product_cat-369-piercing","7":"product_cat-clubwear","8":"product_cat-men","9":"product_cat-produktion-auf-bestellung-liveproduktion","10":"product_cat-wojoer","11":"product_tag-leatherlike","12":"product_tag-mini-hipster","13":"product_tag-piercing","14":"product_tag-synthetischeslatex","15":"product_shipping_class-beun","16":"pa_groesse-l","17":"pa_groesse-m","18":"pa_groesse-s","19":"pa_groesse-xl","20":"pa_groesse-xs","21":"pif-has-gallery","22":"post-1","23":"odd","25":"first","26":"instock","27":"featured","28":"taxable","29":"shipping-taxable","30":"purchasable","31":"product-type-variable"},"yoast_head":"<!-- This site is optimized with the Yoast SEO plugin v27.2 - https:\/\/yoast.com\/product\/yoast-seo-wordpress\/ -->\n<title>Piercing Mini Hipster | schwarz matter Kunstleder Mini Hipster | SYNLEX |<\/title>\n<meta name=\"description\" content=\"schwarz matter Kunstleder Piercing Mini Hipster. Geschmeidig d\u00fcnnes Synlex-Material. Versandkostenfrei innerhalb Deutschlands bestellen!\" \/>\n<meta name=\"robots\" content=\"index, follow, max-snippet:-1, max-image-preview:large, max-video-preview:-1\" \/>\n<link rel=\"canonical\" href=\"https:\/\/www.wojoer.de\/en\/produkt\/piercing-mini-hipster-369h1\/\" \/>\n<meta name=\"twitter:card\" content=\"summary_large_image\" \/>\n<meta name=\"twitter:title\" content=\"Piercing Mini Hipster | schwarz matter Kunstleder Mini Hipster | SYNLEX |\" \/>\n<meta name=\"twitter:description\" content=\"schwarz matter Kunstleder Piercing Mini Hipster. Geschmeidig d\u00fcnnes Synlex-Material. Versandkostenfrei innerhalb Deutschlands bestellen!\" \/>\n<meta name=\"twitter:image\" content=\"https:\/\/www.wojoer.de\/wp-content\/uploads\/2018\/07\/369H1_Piercing_miniHipster_wojoer.jpg\" \/>\n<meta name=\"twitter:label1\" content=\"Estimated reading time\" \/>\n\t<meta name=\"twitter:data1\" content=\"2 minutes\" \/>\n<script type=\"application\/ld+json\" class=\"yoast-schema-graph\">{\"@context\":\"https:\/\/schema.org\",\"@graph\":[{\"@type\":\"WebPage\",\"@id\":\"https:\/\/www.wojoer.de\/produkt\/piercing-mini-hipster-369h1\/\",\"url\":\"https:\/\/www.wojoer.de\/produkt\/piercing-mini-hipster-369h1\/\",\"name\":\"Piercing Mini Hipster | schwarz matter Kunstleder Mini Hipster | SYNLEX |\",\"isPartOf\":{\"@id\":\"https:\/\/www.wojoer.de\/#website\"},\"primaryImageOfPage\":{\"@id\":\"https:\/\/www.wojoer.de\/produkt\/piercing-mini-hipster-369h1\/#primaryimage\"},\"image\":{\"@id\":\"https:\/\/www.wojoer.de\/produkt\/piercing-mini-hipster-369h1\/#primaryimage\"},\"thumbnailUrl\":\"https:\/\/www.wojoer.de\/wp-content\/uploads\/2018\/07\/369H1_Piercing_miniHipster_wojoer.jpg\",\"datePublished\":\"2018-12-18T07:00:46+00:00\",\"dateModified\":\"2024-02-06T07:07:55+00:00\",\"description\":\"schwarz matter Kunstleder Piercing Mini Hipster. Geschmeidig d\u00fcnnes Synlex-Material. Versandkostenfrei innerhalb Deutschlands bestellen!\",\"breadcrumb\":{\"@id\":\"https:\/\/www.wojoer.de\/produkt\/piercing-mini-hipster-369h1\/#breadcrumb\"},\"inLanguage\":\"en-GB\",\"potentialAction\":[{\"@type\":\"ReadAction\",\"target\":[\"https:\/\/www.wojoer.de\/produkt\/piercing-mini-hipster-369h1\/\"]}]},{\"@type\":\"ImageObject\",\"inLanguage\":\"en-GB\",\"@id\":\"https:\/\/www.wojoer.de\/produkt\/piercing-mini-hipster-369h1\/#primaryimage\",\"url\":\"https:\/\/www.wojoer.de\/wp-content\/uploads\/2018\/07\/369H1_Piercing_miniHipster_wojoer.jpg\",\"contentUrl\":\"https:\/\/www.wojoer.de\/wp-content\/uploads\/2018\/07\/369H1_Piercing_miniHipster_wojoer.jpg\",\"width\":2002,\"height\":2002,\"caption\":\"Piercing Mini Hipster, mattes Leder, Synlex, schwarz, Leatherlike, eng anliegender Mini Hipster\"},{\"@type\":\"BreadcrumbList\",\"@id\":\"https:\/\/www.wojoer.de\/produkt\/piercing-mini-hipster-369h1\/#breadcrumb\",\"itemListElement\":[{\"@type\":\"ListItem\",\"position\":1,\"name\":\"Startseite\",\"item\":\"https:\/\/www.wojoer.de\/\"},{\"@type\":\"ListItem\",\"position\":2,\"name\":\"SHOP\",\"item\":\"https:\/\/www.wojoer.de\/shop\/\"},{\"@type\":\"ListItem\",\"position\":3,\"name\":\"Piercing Mini Hipster 369H1\"}]},{\"@type\":\"WebSite\",\"@id\":\"https:\/\/www.wojoer.de\/#website\",\"url\":\"https:\/\/www.wojoer.de\/\",\"name\":\"WOJOER\",\"description\":\"clubwear for men\",\"publisher\":{\"@id\":\"https:\/\/www.wojoer.de\/#organization\"},\"potentialAction\":[{\"@type\":\"SearchAction\",\"target\":{\"@type\":\"EntryPoint\",\"urlTemplate\":\"https:\/\/www.wojoer.de\/?s={search_term_string}\"},\"query-input\":{\"@type\":\"PropertyValueSpecification\",\"valueRequired\":true,\"valueName\":\"search_term_string\"}}],\"inLanguage\":\"en-GB\"},{\"@type\":\"Organization\",\"@id\":\"https:\/\/www.wojoer.de\/#organization\",\"name\":\"Wonneberger-Manufaktur\",\"url\":\"https:\/\/www.wojoer.de\/\",\"logo\":{\"@type\":\"ImageObject\",\"inLanguage\":\"en-GB\",\"@id\":\"https:\/\/www.wojoer.de\/#\/schema\/logo\/image\/\",\"url\":\"https:\/\/www.wojoer.de\/wp-content\/uploads\/2016\/11\/wonnebergermanufaktur_logo_BUTTON.png\",\"contentUrl\":\"https:\/\/www.wojoer.de\/wp-content\/uploads\/2016\/11\/wonnebergermanufaktur_logo_BUTTON.png\",\"width\":765,\"height\":765,\"caption\":\"Wonneberger-Manufaktur\"},\"image\":{\"@id\":\"https:\/\/www.wojoer.de\/#\/schema\/logo\/image\/\"},\"sameAs\":[\"https:\/\/www.facebook.com\/wojoer\/\",\"https:\/\/de.pinterest.com\/W0J0ER\/\"]}]}<\/script>\n<!-- \/ Yoast SEO plugin. -->","yoast_head_json":{"title":"Piercing Mini Hipster | schwarz matter Kunstleder Mini Hipster | SYNLEX |","description":"schwarz matter Kunstleder Piercing Mini Hipster. Geschmeidig d\u00fcnnes Synlex-Material. Versandkostenfrei innerhalb Deutschlands bestellen!","robots":{"index":"index","follow":"follow","max-snippet":"max-snippet:-1","max-image-preview":"max-image-preview:large","max-video-preview":"max-video-preview:-1"},"canonical":"https:\/\/www.wojoer.de\/en\/produkt\/piercing-mini-hipster-369h1\/","twitter_card":"summary_large_image","twitter_title":"Piercing Mini Hipster | schwarz matter Kunstleder Mini Hipster | SYNLEX |","twitter_description":"schwarz matter Kunstleder Piercing Mini Hipster. Geschmeidig d\u00fcnnes Synlex-Material. Versandkostenfrei innerhalb Deutschlands bestellen!","twitter_image":"https:\/\/www.wojoer.de\/wp-content\/uploads\/2018\/07\/369H1_Piercing_miniHipster_wojoer.jpg","twitter_misc":{"Estimated reading time":"2 minutes"},"schema":{"@context":"https:\/\/schema.org","@graph":[{"@type":"WebPage","@id":"https:\/\/www.wojoer.de\/produkt\/piercing-mini-hipster-369h1\/","url":"https:\/\/www.wojoer.de\/produkt\/piercing-mini-hipster-369h1\/","name":"Piercing Mini Hipster | schwarz matter Kunstleder Mini Hipster | SYNLEX |","isPartOf":{"@id":"https:\/\/www.wojoer.de\/#website"},"primaryImageOfPage":{"@id":"https:\/\/www.wojoer.de\/produkt\/piercing-mini-hipster-369h1\/#primaryimage"},"image":{"@id":"https:\/\/www.wojoer.de\/produkt\/piercing-mini-hipster-369h1\/#primaryimage"},"thumbnailUrl":"https:\/\/www.wojoer.de\/wp-content\/uploads\/2018\/07\/369H1_Piercing_miniHipster_wojoer.jpg","datePublished":"2018-12-18T07:00:46+00:00","dateModified":"2024-02-06T07:07:55+00:00","description":"schwarz matter Kunstleder Piercing Mini Hipster. Geschmeidig d\u00fcnnes Synlex-Material. Versandkostenfrei innerhalb Deutschlands bestellen!","breadcrumb":{"@id":"https:\/\/www.wojoer.de\/produkt\/piercing-mini-hipster-369h1\/#breadcrumb"},"inLanguage":"en-GB","potentialAction":[{"@type":"ReadAction","target":["https:\/\/www.wojoer.de\/produkt\/piercing-mini-hipster-369h1\/"]}]},{"@type":"ImageObject","inLanguage":"en-GB","@id":"https:\/\/www.wojoer.de\/produkt\/piercing-mini-hipster-369h1\/#primaryimage","url":"https:\/\/www.wojoer.de\/wp-content\/uploads\/2018\/07\/369H1_Piercing_miniHipster_wojoer.jpg","contentUrl":"https:\/\/www.wojoer.de\/wp-content\/uploads\/2018\/07\/369H1_Piercing_miniHipster_wojoer.jpg","width":2002,"height":2002,"caption":"Piercing Mini Hipster, mattes Leder, Synlex, schwarz, Leatherlike, eng anliegender Mini Hipster"},{"@type":"BreadcrumbList","@id":"https:\/\/www.wojoer.de\/produkt\/piercing-mini-hipster-369h1\/#breadcrumb","itemListElement":[{"@type":"ListItem","position":1,"name":"Startseite","item":"https:\/\/www.wojoer.de\/"},{"@type":"ListItem","position":2,"name":"SHOP","item":"https:\/\/www.wojoer.de\/shop\/"},{"@type":"ListItem","position":3,"name":"Piercing Mini Hipster 369H1"}]},{"@type":"WebSite","@id":"https:\/\/www.wojoer.de\/#website","url":"https:\/\/www.wojoer.de\/","name":"WOJOER","description":"clubwear for men","publisher":{"@id":"https:\/\/www.wojoer.de\/#organization"},"potentialAction":[{"@type":"SearchAction","target":{"@type":"EntryPoint","urlTemplate":"https:\/\/www.wojoer.de\/?s={search_term_string}"},"query-input":{"@type":"PropertyValueSpecification","valueRequired":true,"valueName":"search_term_string"}}],"inLanguage":"en-GB"},{"@type":"Organization","@id":"https:\/\/www.wojoer.de\/#organization","name":"Wonneberger-Manufaktur","url":"https:\/\/www.wojoer.de\/","logo":{"@type":"ImageObject","inLanguage":"en-GB","@id":"https:\/\/www.wojoer.de\/#\/schema\/logo\/image\/","url":"https:\/\/www.wojoer.de\/wp-content\/uploads\/2016\/11\/wonnebergermanufaktur_logo_BUTTON.png","contentUrl":"https:\/\/www.wojoer.de\/wp-content\/uploads\/2016\/11\/wonnebergermanufaktur_logo_BUTTON.png","width":765,"height":765,"caption":"Wonneberger-Manufaktur"},"image":{"@id":"https:\/\/www.wojoer.de\/#\/schema\/logo\/image\/"},"sameAs":["https:\/\/www.facebook.com\/wojoer\/","https:\/\/de.pinterest.com\/W0J0ER\/"]}]}},"_links":{"self":[{"href":"https:\/\/www.wojoer.de\/en\/wp-json\/wp\/v2\/product\/11425","targetHints":{"allow":["GET"]}}],"collection":[{"href":"https:\/\/www.wojoer.de\/en\/wp-json\/wp\/v2\/product"}],"about":[{"href":"https:\/\/www.wojoer.de\/en\/wp-json\/wp\/v2\/types\/product"}],"replies":[{"embeddable":true,"href":"https:\/\/www.wojoer.de\/en\/wp-json\/wp\/v2\/comments?post=11425"}],"wp:featuredmedia":[{"embeddable":true,"href":"https:\/\/www.wojoer.de\/en\/wp-json\/wp\/v2\/media\/10972"}],"wp:attachment":[{"href":"https:\/\/www.wojoer.de\/en\/wp-json\/wp\/v2\/media?parent=11425"}],"wp:term":[{"taxonomy":"product_brand","embeddable":true,"href":"https:\/\/www.wojoer.de\/en\/wp-json\/wp\/v2\/product_brand?post=11425"},{"taxonomy":"product_cat","embeddable":true,"href":"https:\/\/www.wojoer.de\/en\/wp-json\/wp\/v2\/product_cat?post=11425"},{"taxonomy":"product_tag","embeddable":true,"href":"https:\/\/www.wojoer.de\/en\/wp-json\/wp\/v2\/product_tag?post=11425"}],"curies":[{"name":"wp","href":"https:\/\/api.w.org\/{rel}","templated":true}]}}