{"id":11435,"date":"2018-12-18T08:00:14","date_gmt":"2018-12-18T07:00:14","guid":{"rendered":"https:\/\/www.wojoer.de\/produkt\/piercing-halsband-369hb\/"},"modified":"2026-01-25T18:10:27","modified_gmt":"2026-01-25T17:10:27","slug":"piercing-halsband-369hb","status":"publish","type":"product","link":"https:\/\/www.wojoer.de\/en\/produkt\/piercing-halsband-369hb\/","title":{"rendered":"Piercing Halsband 369HB"},"content":{"rendered":"<p>Produktion auf Bestellung, denn das schwarz matte Kunstleder Piercing Halsband 369HB geh\u00f6rt in die Kategorie: Wojoer &#8220;LIVE-Produkte&#8221;!<\/p>\n<h3>Gr\u00f6\u00dfen<\/h3>\n<p>Erh\u00e4ltlich in den Gr\u00f6\u00dfen SM 32cm, ML 36cm, LXL 40cm<\/p>\n<h3>Materialzusammensetzung<\/h3>\n<p>SYNLEX, sehr d\u00fcnnes und dehnbares Lederimitat: 76% Polyesther\u00a0 16% Polyurethan 8% Elasthan<\/p>\n<p>Metallpiercing: Nickelfrei<\/p>\n<h3>Besonderheiten<\/h3>\n<p><a href=\"http:\/\/www.wojoer.de\/?s=live&#038;post_type=product\">LIVE Produkt<\/a> | Piercing am Verschluss | besonders feines, mattes, dehnbares Kunstleder, fast gummiartig | hautenge Passform | hochwertige Verarbeitung &#8220;Made in Germany&#8221;<\/p>\n<h3>Benutzerhinweise<\/h3>\n<p>kalte Handw\u00e4sche | tropfnass auf B\u00fcgel aufh\u00e4ngen und trocken lassen<\/p>\n<h3>SYNLEX PIERCING HALSBAND &#8211; schwarz mattes Kunstleder Halsband mit Piercing<\/h3>\n<p>Das Synlex Piercing Halsband ist wahnsinnig anziehend. Sanft umschlie\u00dft es deinen Hals. Glattes, k\u00fchles Metall ber\u00fchrt deine Haut und verf\u00fchrt dich zu allerhand aufregenden Spielchen und l\u00e4dt dein gegen\u00fcber auf Entdeckungsreisen ein. Lass dich entf\u00fchren, mitrei\u00dfen und gib dich voll und ganz hin.<\/p>\n<p>SYNLEX, steht f\u00fcr synthetischen Latex. Es ist eine matt schwarze Materie die erst mysteri\u00f6s und d\u00fcster, dann gef\u00e4hrlich hei\u00df und schlie\u00dflich mit extremem Suchtpotenzial daherkommt.<\/p>\n<p>Ein so verrucht mattes und anschmiegsames Material hattest du noch nie auf deiner Haut. Denn im Gegensatz zu Natur Latex ist es vollkommen \u00d6l- und Wasserbest\u00e4ndig. Zudem genie\u00dft du von Au\u00dfen die optischen und haptischen Vorz\u00fcge von mattem Rubber und von innen schmeichelt ein feiner, weicher Jerseystoff deiner Haut. Das Gef\u00fchl des Schwitzens wird optimal minimiert. So wirst nicht nur du dich von SYNLEX magisch angezogen f\u00fchlen. Dein Gegen\u00fcber wird sogleich ohnm\u00e4chtig vor Entz\u00fccken.<\/p>\n","protected":false},"excerpt":{"rendered":"<p>Produktion auf Bestellung, denn das schwarz matte Kunstleder Piercing Halsband 369HB geh\u00f6rt in die Kategorie: Wojoer &#8220;LIVE-Produkte&#8221;!<br \/>\nGr\u00f6\u00dfen<br \/>\nErh\u00e4ltlich in den Gr\u00f6\u00dfen SM 32cm, ML 36cm, LXL 40cm<br \/>\nMaterialzusammensetzung<br \/>\nSYNLEX, sehr d\u00fcnnes und dehnbares Lederimitat: 76% Polyesther\u00a0 16% Polyurethan 8% Elasthan<\/p>\n<p>Metallpiercing: Nickelfrei<br \/>\nBesonderheiten<br \/>\nLIVE Produkt |\u2026<\/p>\n","protected":false},"featured_media":11745,"comment_status":"open","ping_status":"closed","template":"","meta":[],"product_brand":[],"product_cat":[828,291,116,473,471,195,326],"product_tag":[194,408,290],"class_list":{"0":"post-11435","1":"product","2":"type-product","3":"status-publish","4":"has-post-thumbnail","6":"product_cat-369-piercing","7":"product_cat-accessoires","8":"product_cat-clubwear","9":"product_cat-men","10":"product_cat-partnerlook","11":"product_cat-produktion-auf-bestellung-liveproduktion","12":"product_cat-wojoer","13":"product_tag-leatherlike","14":"product_tag-piercing","15":"product_tag-synthetischeslatex","16":"product_shipping_class-beun","17":"pa_groesse-lxl","18":"pa_groesse-ml","19":"pa_groesse-sm","20":"pif-has-gallery","21":"post-1","22":"odd","24":"first","25":"onbackorder","26":"featured","27":"taxable","28":"shipping-taxable","29":"purchasable","30":"product-type-variable"},"yoast_head":"<!-- This site is optimized with the Yoast SEO plugin v27.2 - https:\/\/yoast.com\/product\/yoast-seo-wordpress\/ -->\n<title>Piercing Halsband | schwarz mattes Kunstleder Halsband| SYNLEX |<\/title>\n<meta name=\"description\" content=\"schwarz mattes Kunstleder Piercing Halsband. Geschmeidig d\u00fcnnes Synlex-Material. Versandkostenfrei innerhalb Deutschlands bestellen!\" \/>\n<meta name=\"robots\" content=\"index, follow, max-snippet:-1, max-image-preview:large, max-video-preview:-1\" \/>\n<link rel=\"canonical\" href=\"https:\/\/www.wojoer.de\/en\/produkt\/piercing-halsband-369hb\/\" \/>\n<meta name=\"twitter:card\" content=\"summary_large_image\" \/>\n<meta name=\"twitter:title\" content=\"Piercing Halsband | schwarz mattes Kunstleder Halsband| SYNLEX |\" \/>\n<meta name=\"twitter:description\" content=\"schwarz mattes Kunstleder Piercing Halsband. Geschmeidig d\u00fcnnes Synlex-Material. Versandkostenfrei innerhalb Deutschlands bestellen!\" \/>\n<meta name=\"twitter:image\" content=\"https:\/\/www.wojoer.de\/wp-content\/uploads\/2018\/11\/369HB_Synlex_Piercing_Halsband_front_wojoer.jpg\" \/>\n<meta name=\"twitter:label1\" content=\"Estimated reading time\" \/>\n\t<meta name=\"twitter:data1\" content=\"1 minute\" \/>\n<script type=\"application\/ld+json\" class=\"yoast-schema-graph\">{\"@context\":\"https:\/\/schema.org\",\"@graph\":[{\"@type\":\"WebPage\",\"@id\":\"https:\/\/www.wojoer.de\/produkt\/piercing-halsband-369hb\/\",\"url\":\"https:\/\/www.wojoer.de\/produkt\/piercing-halsband-369hb\/\",\"name\":\"Piercing Halsband | schwarz mattes Kunstleder Halsband| SYNLEX |\",\"isPartOf\":{\"@id\":\"https:\/\/www.wojoer.de\/#website\"},\"primaryImageOfPage\":{\"@id\":\"https:\/\/www.wojoer.de\/produkt\/piercing-halsband-369hb\/#primaryimage\"},\"image\":{\"@id\":\"https:\/\/www.wojoer.de\/produkt\/piercing-halsband-369hb\/#primaryimage\"},\"thumbnailUrl\":\"https:\/\/www.wojoer.de\/wp-content\/uploads\/2018\/11\/369HB_Synlex_Piercing_Halsband_front_wojoer.jpg\",\"datePublished\":\"2018-12-18T07:00:14+00:00\",\"dateModified\":\"2026-01-25T17:10:27+00:00\",\"description\":\"schwarz mattes Kunstleder Piercing Halsband. Geschmeidig d\u00fcnnes Synlex-Material. Versandkostenfrei innerhalb Deutschlands bestellen!\",\"breadcrumb\":{\"@id\":\"https:\/\/www.wojoer.de\/produkt\/piercing-halsband-369hb\/#breadcrumb\"},\"inLanguage\":\"en-GB\",\"potentialAction\":[{\"@type\":\"ReadAction\",\"target\":[\"https:\/\/www.wojoer.de\/produkt\/piercing-halsband-369hb\/\"]}]},{\"@type\":\"ImageObject\",\"inLanguage\":\"en-GB\",\"@id\":\"https:\/\/www.wojoer.de\/produkt\/piercing-halsband-369hb\/#primaryimage\",\"url\":\"https:\/\/www.wojoer.de\/wp-content\/uploads\/2018\/11\/369HB_Synlex_Piercing_Halsband_front_wojoer.jpg\",\"contentUrl\":\"https:\/\/www.wojoer.de\/wp-content\/uploads\/2018\/11\/369HB_Synlex_Piercing_Halsband_front_wojoer.jpg\",\"width\":1001,\"height\":1001,\"caption\":\"Synlex mattes Leather like, Lederimmitat Halsband, Kunstleder Kette f\u00fcr den Mann, Piercing Halsband, Piercing Kette Mann, Lederimitat Band mit Piercing\"},{\"@type\":\"BreadcrumbList\",\"@id\":\"https:\/\/www.wojoer.de\/produkt\/piercing-halsband-369hb\/#breadcrumb\",\"itemListElement\":[{\"@type\":\"ListItem\",\"position\":1,\"name\":\"Startseite\",\"item\":\"https:\/\/www.wojoer.de\/\"},{\"@type\":\"ListItem\",\"position\":2,\"name\":\"SHOP\",\"item\":\"https:\/\/www.wojoer.de\/shop\/\"},{\"@type\":\"ListItem\",\"position\":3,\"name\":\"Piercing Halsband 369HB\"}]},{\"@type\":\"WebSite\",\"@id\":\"https:\/\/www.wojoer.de\/#website\",\"url\":\"https:\/\/www.wojoer.de\/\",\"name\":\"WOJOER\",\"description\":\"clubwear for men\",\"publisher\":{\"@id\":\"https:\/\/www.wojoer.de\/#organization\"},\"potentialAction\":[{\"@type\":\"SearchAction\",\"target\":{\"@type\":\"EntryPoint\",\"urlTemplate\":\"https:\/\/www.wojoer.de\/?s={search_term_string}\"},\"query-input\":{\"@type\":\"PropertyValueSpecification\",\"valueRequired\":true,\"valueName\":\"search_term_string\"}}],\"inLanguage\":\"en-GB\"},{\"@type\":\"Organization\",\"@id\":\"https:\/\/www.wojoer.de\/#organization\",\"name\":\"Wonneberger-Manufaktur\",\"url\":\"https:\/\/www.wojoer.de\/\",\"logo\":{\"@type\":\"ImageObject\",\"inLanguage\":\"en-GB\",\"@id\":\"https:\/\/www.wojoer.de\/#\/schema\/logo\/image\/\",\"url\":\"https:\/\/www.wojoer.de\/wp-content\/uploads\/2016\/11\/wonnebergermanufaktur_logo_BUTTON.png\",\"contentUrl\":\"https:\/\/www.wojoer.de\/wp-content\/uploads\/2016\/11\/wonnebergermanufaktur_logo_BUTTON.png\",\"width\":765,\"height\":765,\"caption\":\"Wonneberger-Manufaktur\"},\"image\":{\"@id\":\"https:\/\/www.wojoer.de\/#\/schema\/logo\/image\/\"},\"sameAs\":[\"https:\/\/www.facebook.com\/wojoer\/\",\"https:\/\/de.pinterest.com\/W0J0ER\/\"]}]}<\/script>\n<!-- \/ Yoast SEO plugin. -->","yoast_head_json":{"title":"Piercing Halsband | schwarz mattes Kunstleder Halsband| SYNLEX |","description":"schwarz mattes Kunstleder Piercing Halsband. Geschmeidig d\u00fcnnes Synlex-Material. Versandkostenfrei innerhalb Deutschlands bestellen!","robots":{"index":"index","follow":"follow","max-snippet":"max-snippet:-1","max-image-preview":"max-image-preview:large","max-video-preview":"max-video-preview:-1"},"canonical":"https:\/\/www.wojoer.de\/en\/produkt\/piercing-halsband-369hb\/","twitter_card":"summary_large_image","twitter_title":"Piercing Halsband | schwarz mattes Kunstleder Halsband| SYNLEX |","twitter_description":"schwarz mattes Kunstleder Piercing Halsband. Geschmeidig d\u00fcnnes Synlex-Material. Versandkostenfrei innerhalb Deutschlands bestellen!","twitter_image":"https:\/\/www.wojoer.de\/wp-content\/uploads\/2018\/11\/369HB_Synlex_Piercing_Halsband_front_wojoer.jpg","twitter_misc":{"Estimated reading time":"1 minute"},"schema":{"@context":"https:\/\/schema.org","@graph":[{"@type":"WebPage","@id":"https:\/\/www.wojoer.de\/produkt\/piercing-halsband-369hb\/","url":"https:\/\/www.wojoer.de\/produkt\/piercing-halsband-369hb\/","name":"Piercing Halsband | schwarz mattes Kunstleder Halsband| SYNLEX |","isPartOf":{"@id":"https:\/\/www.wojoer.de\/#website"},"primaryImageOfPage":{"@id":"https:\/\/www.wojoer.de\/produkt\/piercing-halsband-369hb\/#primaryimage"},"image":{"@id":"https:\/\/www.wojoer.de\/produkt\/piercing-halsband-369hb\/#primaryimage"},"thumbnailUrl":"https:\/\/www.wojoer.de\/wp-content\/uploads\/2018\/11\/369HB_Synlex_Piercing_Halsband_front_wojoer.jpg","datePublished":"2018-12-18T07:00:14+00:00","dateModified":"2026-01-25T17:10:27+00:00","description":"schwarz mattes Kunstleder Piercing Halsband. Geschmeidig d\u00fcnnes Synlex-Material. Versandkostenfrei innerhalb Deutschlands bestellen!","breadcrumb":{"@id":"https:\/\/www.wojoer.de\/produkt\/piercing-halsband-369hb\/#breadcrumb"},"inLanguage":"en-GB","potentialAction":[{"@type":"ReadAction","target":["https:\/\/www.wojoer.de\/produkt\/piercing-halsband-369hb\/"]}]},{"@type":"ImageObject","inLanguage":"en-GB","@id":"https:\/\/www.wojoer.de\/produkt\/piercing-halsband-369hb\/#primaryimage","url":"https:\/\/www.wojoer.de\/wp-content\/uploads\/2018\/11\/369HB_Synlex_Piercing_Halsband_front_wojoer.jpg","contentUrl":"https:\/\/www.wojoer.de\/wp-content\/uploads\/2018\/11\/369HB_Synlex_Piercing_Halsband_front_wojoer.jpg","width":1001,"height":1001,"caption":"Synlex mattes Leather like, Lederimmitat Halsband, Kunstleder Kette f\u00fcr den Mann, Piercing Halsband, Piercing Kette Mann, Lederimitat Band mit Piercing"},{"@type":"BreadcrumbList","@id":"https:\/\/www.wojoer.de\/produkt\/piercing-halsband-369hb\/#breadcrumb","itemListElement":[{"@type":"ListItem","position":1,"name":"Startseite","item":"https:\/\/www.wojoer.de\/"},{"@type":"ListItem","position":2,"name":"SHOP","item":"https:\/\/www.wojoer.de\/shop\/"},{"@type":"ListItem","position":3,"name":"Piercing Halsband 369HB"}]},{"@type":"WebSite","@id":"https:\/\/www.wojoer.de\/#website","url":"https:\/\/www.wojoer.de\/","name":"WOJOER","description":"clubwear for men","publisher":{"@id":"https:\/\/www.wojoer.de\/#organization"},"potentialAction":[{"@type":"SearchAction","target":{"@type":"EntryPoint","urlTemplate":"https:\/\/www.wojoer.de\/?s={search_term_string}"},"query-input":{"@type":"PropertyValueSpecification","valueRequired":true,"valueName":"search_term_string"}}],"inLanguage":"en-GB"},{"@type":"Organization","@id":"https:\/\/www.wojoer.de\/#organization","name":"Wonneberger-Manufaktur","url":"https:\/\/www.wojoer.de\/","logo":{"@type":"ImageObject","inLanguage":"en-GB","@id":"https:\/\/www.wojoer.de\/#\/schema\/logo\/image\/","url":"https:\/\/www.wojoer.de\/wp-content\/uploads\/2016\/11\/wonnebergermanufaktur_logo_BUTTON.png","contentUrl":"https:\/\/www.wojoer.de\/wp-content\/uploads\/2016\/11\/wonnebergermanufaktur_logo_BUTTON.png","width":765,"height":765,"caption":"Wonneberger-Manufaktur"},"image":{"@id":"https:\/\/www.wojoer.de\/#\/schema\/logo\/image\/"},"sameAs":["https:\/\/www.facebook.com\/wojoer\/","https:\/\/de.pinterest.com\/W0J0ER\/"]}]}},"_links":{"self":[{"href":"https:\/\/www.wojoer.de\/en\/wp-json\/wp\/v2\/product\/11435","targetHints":{"allow":["GET"]}}],"collection":[{"href":"https:\/\/www.wojoer.de\/en\/wp-json\/wp\/v2\/product"}],"about":[{"href":"https:\/\/www.wojoer.de\/en\/wp-json\/wp\/v2\/types\/product"}],"replies":[{"embeddable":true,"href":"https:\/\/www.wojoer.de\/en\/wp-json\/wp\/v2\/comments?post=11435"}],"wp:featuredmedia":[{"embeddable":true,"href":"https:\/\/www.wojoer.de\/en\/wp-json\/wp\/v2\/media\/11745"}],"wp:attachment":[{"href":"https:\/\/www.wojoer.de\/en\/wp-json\/wp\/v2\/media?parent=11435"}],"wp:term":[{"taxonomy":"product_brand","embeddable":true,"href":"https:\/\/www.wojoer.de\/en\/wp-json\/wp\/v2\/product_brand?post=11435"},{"taxonomy":"product_cat","embeddable":true,"href":"https:\/\/www.wojoer.de\/en\/wp-json\/wp\/v2\/product_cat?post=11435"},{"taxonomy":"product_tag","embeddable":true,"href":"https:\/\/www.wojoer.de\/en\/wp-json\/wp\/v2\/product_tag?post=11435"}],"curies":[{"name":"wp","href":"https:\/\/api.w.org\/{rel}","templated":true}]}}