{"id":11450,"date":"2018-11-02T09:26:43","date_gmt":"2018-11-02T08:26:43","guid":{"rendered":"https:\/\/www.wojoer.de\/produkt\/piercing-big-thing-ring-369btr\/"},"modified":"2026-04-13T08:06:53","modified_gmt":"2026-04-13T06:06:53","slug":"piercing-big-thing-ring-369btr","status":"publish","type":"product","link":"https:\/\/www.wojoer.de\/en\/produkt\/piercing-big-thing-ring-369btr\/","title":{"rendered":"Piercing Big Thing Ring 369BTR"},"content":{"rendered":"<p>Produktion auf Bestellung, denn der schwarz matte Kunstleder Piercing Big Thing Ring 369BTR geh\u00f6rt in die Kategorie: Wojoer &#8220;LIVE-Produkte&#8221;!<\/p>\n<h3>Gr\u00f6\u00dfen<\/h3>\n<p>Erh\u00e4ltlich in den Gr\u00f6\u00dfen: XS ca. 12-13cm | SM ca. 14-15cm | ML ca. 16-17cm | LXL ca. 18-19cm<\/p>\n<h3>Materialzusammensetzung<\/h3>\n<p>SYNLEX, sehr d\u00fcnnes und dehnbares Lederimitat: 76% Polyesther\u00a0 16% Polyurethan 8% Elasthan<\/p>\n<p>Metallpiercing: Nickelfrei<\/p>\n<h3>Besonderheiten<\/h3>\n<p><a href=\"http:\/\/www.wojoer.de\/?s=live&#038;post_type=product\">LIVE Produkt<\/a> | Piercing am Verschluss | besonders feines, mattes, dehnbares Kunstleder, fast gummiartig | hautenge Passform | hochwertige Verarbeitung &#8220;Made in Germany&#8221;<\/p>\n<h3>Benutzerhinweise<\/h3>\n<p>kalte Handw\u00e4sche | tropfnass auf B\u00fcgel aufh\u00e4ngen und trocken lassen<\/p>\n<h3>SYNLEX PIERCING BIG THING RING &#8211; schwarz matter Kunstleder Big Thing Ring<\/h3>\n<p>Der BTR ist ein Push Up Accessoire f\u00fcr den Mann. Denn der gr\u00f6\u00dfenverstellbare Ring steigert das Volumen unter der Hose maximal, indem er die geballte M\u00e4nnlichkeit umfasst. Das k\u00fchle, glatte Metall steigert systematisch deine Begierde und wenn es dann soweit ist, mhhm&#8230;.ist nocheinmal Geduld gefragt, denn das Piercing darfst du gaaaanz langsam \u00f6ffnen.<\/p>\n<p>SYNLEX, steht f\u00fcr synthetischen Latex. Es ist eine matt schwarze Materie die erst mysteri\u00f6s und d\u00fcster, dann gef\u00e4hrlich hei\u00df und schlie\u00dflich mit extremem Suchtpotenzial daherkommt. Ein so verrucht mattes und anschmiegsames Material hattest du noch nie auf deiner Haut. Denn im Gegensatz zu Natur Latex ist es vollkommen \u00d6l- und Wasserbest\u00e4ndig.<\/p>\n","protected":false},"excerpt":{"rendered":"<p>Produktion auf Bestellung, denn der schwarz matte Kunstleder Piercing Big Thing Ring 369BTR geh\u00f6rt in die Kategorie: Wojoer &#8220;LIVE-Produkte&#8221;!<br \/>\nGr\u00f6\u00dfen<br \/>\nErh\u00e4ltlich in den Gr\u00f6\u00dfen: XS ca. 12-13cm | SM ca. 14-15cm | ML ca. 16-17cm | LXL ca. 18-19cm<br \/>\nMaterialzusammensetzung<br \/>\nSYNLEX, sehr d\u00fcnnes und\u2026<\/p>\n","protected":false},"featured_media":11952,"comment_status":"open","ping_status":"closed","template":"","meta":[],"product_brand":[],"product_cat":[828,291,1113,116,473,195,326],"product_tag":[419,194,408,1111,290],"class_list":{"0":"post-11450","1":"product","2":"type-product","3":"status-publish","4":"has-post-thumbnail","6":"product_cat-369-piercing","7":"product_cat-accessoires","8":"product_cat-btr","9":"product_cat-clubwear","10":"product_cat-men","11":"product_cat-produktion-auf-bestellung-liveproduktion","12":"product_cat-wojoer","13":"product_tag-btr","14":"product_tag-leatherlike","15":"product_tag-piercing","16":"product_tag-pushring","17":"product_tag-synthetischeslatex","18":"product_shipping_class-beun","19":"pa_groesse-lxl","20":"pa_groesse-ml","21":"pa_groesse-sm","22":"pa_groesse-xs","23":"pif-has-gallery","24":"post-1","25":"odd","27":"first","28":"onbackorder","29":"featured","30":"taxable","31":"shipping-taxable","32":"purchasable","33":"product-type-variable"},"yoast_head":"<!-- This site is optimized with the Yoast SEO plugin v27.2 - https:\/\/yoast.com\/product\/yoast-seo-wordpress\/ -->\n<title>Piercing Big Thing Ring | schwarz mattes Kunstleder SYNLEX | WOJOER<\/title>\n<meta name=\"description\" content=\"schwarz matter Kunstleder Piercing Big Thing Ring. Geschmeidig d\u00fcnnes Synlex-Material. Versandkostenfrei innerhalb Deutschlands bestellen!\" \/>\n<meta name=\"robots\" content=\"index, follow, max-snippet:-1, max-image-preview:large, max-video-preview:-1\" \/>\n<link rel=\"canonical\" href=\"https:\/\/www.wojoer.de\/en\/produkt\/piercing-big-thing-ring-369btr\/\" \/>\n<meta name=\"twitter:card\" content=\"summary_large_image\" \/>\n<meta name=\"twitter:title\" content=\"Piercing Big Thing Ring | schwarz mattes Kunstleder SYNLEX | WOJOER\" \/>\n<meta name=\"twitter:description\" content=\"schwarz matter Kunstleder Piercing Big Thing Ring. Geschmeidig d\u00fcnnes Synlex-Material. Versandkostenfrei innerhalb Deutschlands bestellen!\" \/>\n<meta name=\"twitter:image\" content=\"https:\/\/www.wojoer.de\/wp-content\/uploads\/2018\/12\/369BTR_369AB_Piercing_Kombi_wojoer.jpg\" \/>\n<meta name=\"twitter:label1\" content=\"Estimated reading time\" \/>\n\t<meta name=\"twitter:data1\" content=\"2 minutes\" \/>\n<script type=\"application\/ld+json\" class=\"yoast-schema-graph\">{\"@context\":\"https:\/\/schema.org\",\"@graph\":[{\"@type\":\"WebPage\",\"@id\":\"https:\/\/www.wojoer.de\/produkt\/piercing-big-thing-ring-369btr\/\",\"url\":\"https:\/\/www.wojoer.de\/produkt\/piercing-big-thing-ring-369btr\/\",\"name\":\"Piercing Big Thing Ring | schwarz mattes Kunstleder SYNLEX | WOJOER\",\"isPartOf\":{\"@id\":\"https:\/\/www.wojoer.de\/#website\"},\"primaryImageOfPage\":{\"@id\":\"https:\/\/www.wojoer.de\/produkt\/piercing-big-thing-ring-369btr\/#primaryimage\"},\"image\":{\"@id\":\"https:\/\/www.wojoer.de\/produkt\/piercing-big-thing-ring-369btr\/#primaryimage\"},\"thumbnailUrl\":\"https:\/\/www.wojoer.de\/wp-content\/uploads\/2018\/12\/369BTR_369AB_Piercing_Kombi_wojoer.jpg\",\"datePublished\":\"2018-11-02T08:26:43+00:00\",\"dateModified\":\"2026-04-13T06:06:53+00:00\",\"description\":\"schwarz matter Kunstleder Piercing Big Thing Ring. Geschmeidig d\u00fcnnes Synlex-Material. Versandkostenfrei innerhalb Deutschlands bestellen!\",\"breadcrumb\":{\"@id\":\"https:\/\/www.wojoer.de\/produkt\/piercing-big-thing-ring-369btr\/#breadcrumb\"},\"inLanguage\":\"en-GB\",\"potentialAction\":[{\"@type\":\"ReadAction\",\"target\":[\"https:\/\/www.wojoer.de\/produkt\/piercing-big-thing-ring-369btr\/\"]}]},{\"@type\":\"ImageObject\",\"inLanguage\":\"en-GB\",\"@id\":\"https:\/\/www.wojoer.de\/produkt\/piercing-big-thing-ring-369btr\/#primaryimage\",\"url\":\"https:\/\/www.wojoer.de\/wp-content\/uploads\/2018\/12\/369BTR_369AB_Piercing_Kombi_wojoer.jpg\",\"contentUrl\":\"https:\/\/www.wojoer.de\/wp-content\/uploads\/2018\/12\/369BTR_369AB_Piercing_Kombi_wojoer.jpg\",\"width\":1001,\"height\":1001},{\"@type\":\"BreadcrumbList\",\"@id\":\"https:\/\/www.wojoer.de\/produkt\/piercing-big-thing-ring-369btr\/#breadcrumb\",\"itemListElement\":[{\"@type\":\"ListItem\",\"position\":1,\"name\":\"Startseite\",\"item\":\"https:\/\/www.wojoer.de\/\"},{\"@type\":\"ListItem\",\"position\":2,\"name\":\"SHOP\",\"item\":\"https:\/\/www.wojoer.de\/shop\/\"},{\"@type\":\"ListItem\",\"position\":3,\"name\":\"Piercing Big Thing Ring 369BTR\"}]},{\"@type\":\"WebSite\",\"@id\":\"https:\/\/www.wojoer.de\/#website\",\"url\":\"https:\/\/www.wojoer.de\/\",\"name\":\"WOJOER\",\"description\":\"clubwear for men\",\"publisher\":{\"@id\":\"https:\/\/www.wojoer.de\/#organization\"},\"potentialAction\":[{\"@type\":\"SearchAction\",\"target\":{\"@type\":\"EntryPoint\",\"urlTemplate\":\"https:\/\/www.wojoer.de\/?s={search_term_string}\"},\"query-input\":{\"@type\":\"PropertyValueSpecification\",\"valueRequired\":true,\"valueName\":\"search_term_string\"}}],\"inLanguage\":\"en-GB\"},{\"@type\":\"Organization\",\"@id\":\"https:\/\/www.wojoer.de\/#organization\",\"name\":\"Wonneberger-Manufaktur\",\"url\":\"https:\/\/www.wojoer.de\/\",\"logo\":{\"@type\":\"ImageObject\",\"inLanguage\":\"en-GB\",\"@id\":\"https:\/\/www.wojoer.de\/#\/schema\/logo\/image\/\",\"url\":\"https:\/\/www.wojoer.de\/wp-content\/uploads\/2016\/11\/wonnebergermanufaktur_logo_BUTTON.png\",\"contentUrl\":\"https:\/\/www.wojoer.de\/wp-content\/uploads\/2016\/11\/wonnebergermanufaktur_logo_BUTTON.png\",\"width\":765,\"height\":765,\"caption\":\"Wonneberger-Manufaktur\"},\"image\":{\"@id\":\"https:\/\/www.wojoer.de\/#\/schema\/logo\/image\/\"},\"sameAs\":[\"https:\/\/www.facebook.com\/wojoer\/\",\"https:\/\/de.pinterest.com\/W0J0ER\/\"]}]}<\/script>\n<!-- \/ Yoast SEO plugin. -->","yoast_head_json":{"title":"Piercing Big Thing Ring | schwarz mattes Kunstleder SYNLEX | WOJOER","description":"schwarz matter Kunstleder Piercing Big Thing Ring. Geschmeidig d\u00fcnnes Synlex-Material. Versandkostenfrei innerhalb Deutschlands bestellen!","robots":{"index":"index","follow":"follow","max-snippet":"max-snippet:-1","max-image-preview":"max-image-preview:large","max-video-preview":"max-video-preview:-1"},"canonical":"https:\/\/www.wojoer.de\/en\/produkt\/piercing-big-thing-ring-369btr\/","twitter_card":"summary_large_image","twitter_title":"[:de]Piercing Big Thing Ring | schwarz mattes Kunstleder SYNLEX | WOJOER[:]","twitter_description":"[:de]schwarz matter Kunstleder Piercing Big Thing Ring. Geschmeidig d\u00fcnnes Synlex-Material. Versandkostenfrei innerhalb Deutschlands bestellen![:]","twitter_image":"https:\/\/www.wojoer.de\/wp-content\/uploads\/2018\/12\/369BTR_369AB_Piercing_Kombi_wojoer.jpg","twitter_misc":{"Estimated reading time":"2 minutes"},"schema":{"@context":"https:\/\/schema.org","@graph":[{"@type":"WebPage","@id":"https:\/\/www.wojoer.de\/produkt\/piercing-big-thing-ring-369btr\/","url":"https:\/\/www.wojoer.de\/produkt\/piercing-big-thing-ring-369btr\/","name":"Piercing Big Thing Ring | schwarz mattes Kunstleder SYNLEX | WOJOER","isPartOf":{"@id":"https:\/\/www.wojoer.de\/#website"},"primaryImageOfPage":{"@id":"https:\/\/www.wojoer.de\/produkt\/piercing-big-thing-ring-369btr\/#primaryimage"},"image":{"@id":"https:\/\/www.wojoer.de\/produkt\/piercing-big-thing-ring-369btr\/#primaryimage"},"thumbnailUrl":"https:\/\/www.wojoer.de\/wp-content\/uploads\/2018\/12\/369BTR_369AB_Piercing_Kombi_wojoer.jpg","datePublished":"2018-11-02T08:26:43+00:00","dateModified":"2026-04-13T06:06:53+00:00","description":"schwarz matter Kunstleder Piercing Big Thing Ring. Geschmeidig d\u00fcnnes Synlex-Material. Versandkostenfrei innerhalb Deutschlands bestellen!","breadcrumb":{"@id":"https:\/\/www.wojoer.de\/produkt\/piercing-big-thing-ring-369btr\/#breadcrumb"},"inLanguage":"en-GB","potentialAction":[{"@type":"ReadAction","target":["https:\/\/www.wojoer.de\/produkt\/piercing-big-thing-ring-369btr\/"]}]},{"@type":"ImageObject","inLanguage":"en-GB","@id":"https:\/\/www.wojoer.de\/produkt\/piercing-big-thing-ring-369btr\/#primaryimage","url":"https:\/\/www.wojoer.de\/wp-content\/uploads\/2018\/12\/369BTR_369AB_Piercing_Kombi_wojoer.jpg","contentUrl":"https:\/\/www.wojoer.de\/wp-content\/uploads\/2018\/12\/369BTR_369AB_Piercing_Kombi_wojoer.jpg","width":1001,"height":1001},{"@type":"BreadcrumbList","@id":"https:\/\/www.wojoer.de\/produkt\/piercing-big-thing-ring-369btr\/#breadcrumb","itemListElement":[{"@type":"ListItem","position":1,"name":"Startseite","item":"https:\/\/www.wojoer.de\/"},{"@type":"ListItem","position":2,"name":"SHOP","item":"https:\/\/www.wojoer.de\/shop\/"},{"@type":"ListItem","position":3,"name":"Piercing Big Thing Ring 369BTR"}]},{"@type":"WebSite","@id":"https:\/\/www.wojoer.de\/#website","url":"https:\/\/www.wojoer.de\/","name":"WOJOER","description":"clubwear for men","publisher":{"@id":"https:\/\/www.wojoer.de\/#organization"},"potentialAction":[{"@type":"SearchAction","target":{"@type":"EntryPoint","urlTemplate":"https:\/\/www.wojoer.de\/?s={search_term_string}"},"query-input":{"@type":"PropertyValueSpecification","valueRequired":true,"valueName":"search_term_string"}}],"inLanguage":"en-GB"},{"@type":"Organization","@id":"https:\/\/www.wojoer.de\/#organization","name":"Wonneberger-Manufaktur","url":"https:\/\/www.wojoer.de\/","logo":{"@type":"ImageObject","inLanguage":"en-GB","@id":"https:\/\/www.wojoer.de\/#\/schema\/logo\/image\/","url":"https:\/\/www.wojoer.de\/wp-content\/uploads\/2016\/11\/wonnebergermanufaktur_logo_BUTTON.png","contentUrl":"https:\/\/www.wojoer.de\/wp-content\/uploads\/2016\/11\/wonnebergermanufaktur_logo_BUTTON.png","width":765,"height":765,"caption":"Wonneberger-Manufaktur"},"image":{"@id":"https:\/\/www.wojoer.de\/#\/schema\/logo\/image\/"},"sameAs":["https:\/\/www.facebook.com\/wojoer\/","https:\/\/de.pinterest.com\/W0J0ER\/"]}]}},"_links":{"self":[{"href":"https:\/\/www.wojoer.de\/en\/wp-json\/wp\/v2\/product\/11450","targetHints":{"allow":["GET"]}}],"collection":[{"href":"https:\/\/www.wojoer.de\/en\/wp-json\/wp\/v2\/product"}],"about":[{"href":"https:\/\/www.wojoer.de\/en\/wp-json\/wp\/v2\/types\/product"}],"replies":[{"embeddable":true,"href":"https:\/\/www.wojoer.de\/en\/wp-json\/wp\/v2\/comments?post=11450"}],"wp:featuredmedia":[{"embeddable":true,"href":"https:\/\/www.wojoer.de\/en\/wp-json\/wp\/v2\/media\/11952"}],"wp:attachment":[{"href":"https:\/\/www.wojoer.de\/en\/wp-json\/wp\/v2\/media?parent=11450"}],"wp:term":[{"taxonomy":"product_brand","embeddable":true,"href":"https:\/\/www.wojoer.de\/en\/wp-json\/wp\/v2\/product_brand?post=11450"},{"taxonomy":"product_cat","embeddable":true,"href":"https:\/\/www.wojoer.de\/en\/wp-json\/wp\/v2\/product_cat?post=11450"},{"taxonomy":"product_tag","embeddable":true,"href":"https:\/\/www.wojoer.de\/en\/wp-json\/wp\/v2\/product_tag?post=11450"}],"curies":[{"name":"wp","href":"https:\/\/api.w.org\/{rel}","templated":true}]}}