{"id":11455,"date":"2018-12-18T08:00:05","date_gmt":"2018-12-18T07:00:05","guid":{"rendered":"https:\/\/www.wojoer.de\/produkt\/piercing-body-set-369bb\/"},"modified":"2024-11-30T23:12:02","modified_gmt":"2024-11-30T22:12:02","slug":"piercing-body-set-369bb","status":"publish","type":"product","link":"https:\/\/www.wojoer.de\/en\/produkt\/piercing-body-set-369bb\/","title":{"rendered":"Piercing Body Set 369BB"},"content":{"rendered":"<p>Produktion auf Bestellung, denn das schwarz matte Kunstleder Piercing Body Set bestehend aus Big Thing Ring, Bauchband und Halsband 369BB geh\u00f6rt in die Kategorie: Wojoer &#8220;LIVE-Produkte&#8221;!<\/p>\n<h3>Gr\u00f6\u00dfen<\/h3>\n<p>Erh\u00e4ltlich in den Gr\u00f6\u00dfen:<\/p>\n<p>Big Thing Ring: SM 16cm | ML 17cm | LXL 18cm<\/p>\n<p>Bauchband: bitte Ma\u00dfe als Anmerkung bei Bestellung angeben<\/p>\n<p>Halsband: SM 34cm | ML 38cm | LXL 42cm | XXL 46<\/p>\n<p>bitte Ma\u00dfe als Anmerkung bei Bestellung angeben<\/p>\n<h3>Materialzusammensetzung<\/h3>\n<p>SYNLEX, sehr d\u00fcnnes und dehnbares Lederimitat: 76% Polyesther\u00a0 16% Polyurethan 8% Elasthan<\/p>\n<p>Metallpiercing: Nickelfrei<\/p>\n<h3>Besonderheiten<\/h3>\n<p><a href=\"http:\/\/www.wojoer.de\/?s=live&#038;post_type=product\">LIVE Produkt<\/a> | Piercing Body Set | besonders feines, mattes, dehnbares Kunstleder, fast gummiartig | hautenge Passform | hochwertige Verarbeitung &#8220;Made in Germany&#8221;<\/p>\n<h3>Benutzerhinweise<\/h3>\n<p>kalte Handw\u00e4sche | tropfnass auf B\u00fcgel aufh\u00e4ngen und trocken lassen<\/p>\n<h3>SYNLEX PIERCING BODY SET &#8211; schwarz mattes Kunstleder Set bestehend aus Big Thing Ring, Bauchband und Halsband<\/h3>\n<p>Die Synlex Minimal Body ist wahnsinnig erotisch, durch seine B\u00e4nder Optik und den metallisch gl\u00e4nzenden Piercings. Es legt sich prickelnd eng um den Hals. Es wirkt, als m\u00fcsstest du weggesperrt werden, so gef\u00e4hrlich hei\u00df wirst du sein. Nichts wird bedeckt, aber deine M\u00e4nnlichkeit besonders betont. Du glaubst du w\u00e4rst nackt? Nein, du wirst berauschend sein! Dar\u00fcber hinaus ist Synlex als\u00a0 <a href=\"http:\/\/www.wojoer.de\/produkt\/synlex-schwarz-mattes-letherlike-outfit-rot\/\">Ganzk\u00f6rper Outfit<\/a> auch atemberaubend d\u00fcster.<\/p>\n<p>SYNLEX, steht f\u00fcr synthetischen Latex. Es ist eine matt schwarze Materie die erst mysteri\u00f6s und d\u00fcster, dann gef\u00e4hrlich hei\u00df und schlie\u00dflich mit extremem Suchtpotenzial daherkommt.<\/p>\n<p>Ein so verrucht mattes und anschmiegsames Material hattest du noch nie auf deiner Haut. Denn im Gegensatz zu Natur Latex ist es vollkommen \u00d6l- und Wasserbest\u00e4ndig. Zudem genie\u00dft du von Au\u00dfen die optischen und haptischen Vorz\u00fcge von mattem Rubber und von innen schmeichelt ein feiner, weicher Jerseystoff deiner Haut. Das Gef\u00fchl des Schwitzens wird optimal minimiert. Mit anderen Worten lassen die matte Oberfl\u00e4che und die perfekte Passform deinen K\u00f6rper mit ihm verschmelzen. Die Optik ist scheinbar unauff\u00e4llig, genau wie ein lauerndes Raubtier in der Dunkelheit. So wirst nicht nur du dich von SYNLEX magisch angezogen f\u00fchlen. Dein Gegen\u00fcber wird sogleich ohnm\u00e4chtig vor Entz\u00fccken.<\/p>\n","protected":false},"excerpt":{"rendered":"<p>Produktion auf Bestellung, denn das schwarz matte Kunstleder Piercing Body Set bestehend aus Big Thing Ring, Bauchband und Halsband 369BB geh\u00f6rt in die Kategorie: Wojoer &#8220;LIVE-Produkte&#8221;!<br \/>\nGr\u00f6\u00dfen<br \/>\nErh\u00e4ltlich in den Gr\u00f6\u00dfen:<\/p>\n<p>Big Thing Ring: SM 16cm | ML 17cm | LXL 18cm<\/p>\n<p>Bauchband: bitte\u2026<\/p>\n","protected":false},"featured_media":10943,"comment_status":"open","ping_status":"closed","template":"","meta":[],"product_brand":[],"product_cat":[828,291,114,195,326],"product_tag":[186,419,422,194,408,290],"class_list":{"0":"post-11455","1":"product","2":"type-product","3":"status-publish","4":"has-post-thumbnail","6":"product_cat-369-piercing","7":"product_cat-accessoires","8":"product_cat-fetisch","9":"product_cat-produktion-auf-bestellung-liveproduktion","10":"product_cat-wojoer","11":"product_tag-body","12":"product_tag-btr","13":"product_tag-halsband","14":"product_tag-leatherlike","15":"product_tag-piercing","16":"product_tag-synthetischeslatex","17":"product_shipping_class-beun","18":"pa_groesse-lxl","19":"pa_groesse-ml","20":"pa_groesse-sm","21":"pif-has-gallery","22":"post-1","23":"odd","25":"first","26":"instock","27":"featured","28":"taxable","29":"shipping-taxable","30":"purchasable","31":"product-type-variable"},"yoast_head":"<!-- This site is optimized with the Yoast SEO plugin v27.2 - https:\/\/yoast.com\/product\/yoast-seo-wordpress\/ -->\n<title>Piercing Body Set | schwarz mattes Kunstleder Body Set | SYNLEX |<\/title>\n<meta name=\"description\" content=\"schwarz mattes Kunstleder Piercing Body Set bestehend aus Big Thing Ring, Bauchband und Halsband. Besonders geschmeidig d\u00fcnnes Synlex-Material. Versandkostenfrei innerhalb Deutschlands. Jetzt online bestellen!\" \/>\n<meta name=\"robots\" content=\"index, follow, max-snippet:-1, max-image-preview:large, max-video-preview:-1\" \/>\n<link rel=\"canonical\" href=\"https:\/\/www.wojoer.de\/en\/produkt\/piercing-body-set-369bb\/\" \/>\n<meta name=\"twitter:card\" content=\"summary_large_image\" \/>\n<meta name=\"twitter:title\" content=\"Piercing Body Set | schwarz mattes Kunstleder Body Set | SYNLEX |\" \/>\n<meta name=\"twitter:description\" content=\"schwarz mattes Kunstleder Piercing Body Set bestehend aus Big Thing Ring, Bauchband und Halsband. Besonders geschmeidig d\u00fcnnes Synlex-Material. Versandkostenfrei innerhalb Deutschlands. Jetzt online bestellen!\" \/>\n<meta name=\"twitter:image\" content=\"https:\/\/www.wojoer.de\/wp-content\/uploads\/2018\/07\/369BB_369HB_369BTR_Piercing_Bauchband_Halsband_BigThingRing_wojoer.jpg\" \/>\n<meta name=\"twitter:label1\" content=\"Estimated reading time\" \/>\n\t<meta name=\"twitter:data1\" content=\"2 minutes\" \/>\n<script type=\"application\/ld+json\" class=\"yoast-schema-graph\">{\"@context\":\"https:\/\/schema.org\",\"@graph\":[{\"@type\":\"WebPage\",\"@id\":\"https:\/\/www.wojoer.de\/produkt\/piercing-body-set-369bb\/\",\"url\":\"https:\/\/www.wojoer.de\/produkt\/piercing-body-set-369bb\/\",\"name\":\"Piercing Body Set | schwarz mattes Kunstleder Body Set | SYNLEX |\",\"isPartOf\":{\"@id\":\"https:\/\/www.wojoer.de\/#website\"},\"primaryImageOfPage\":{\"@id\":\"https:\/\/www.wojoer.de\/produkt\/piercing-body-set-369bb\/#primaryimage\"},\"image\":{\"@id\":\"https:\/\/www.wojoer.de\/produkt\/piercing-body-set-369bb\/#primaryimage\"},\"thumbnailUrl\":\"https:\/\/www.wojoer.de\/wp-content\/uploads\/2018\/07\/369BB_369HB_369BTR_Piercing_Bauchband_Halsband_BigThingRing_wojoer.jpg\",\"datePublished\":\"2018-12-18T07:00:05+00:00\",\"dateModified\":\"2024-11-30T22:12:02+00:00\",\"description\":\"schwarz mattes Kunstleder Piercing Body Set bestehend aus Big Thing Ring, Bauchband und Halsband. Besonders geschmeidig d\u00fcnnes Synlex-Material. Versandkostenfrei innerhalb Deutschlands. Jetzt online bestellen!\",\"breadcrumb\":{\"@id\":\"https:\/\/www.wojoer.de\/produkt\/piercing-body-set-369bb\/#breadcrumb\"},\"inLanguage\":\"en-GB\",\"potentialAction\":[{\"@type\":\"ReadAction\",\"target\":[\"https:\/\/www.wojoer.de\/produkt\/piercing-body-set-369bb\/\"]}]},{\"@type\":\"ImageObject\",\"inLanguage\":\"en-GB\",\"@id\":\"https:\/\/www.wojoer.de\/produkt\/piercing-body-set-369bb\/#primaryimage\",\"url\":\"https:\/\/www.wojoer.de\/wp-content\/uploads\/2018\/07\/369BB_369HB_369BTR_Piercing_Bauchband_Halsband_BigThingRing_wojoer.jpg\",\"contentUrl\":\"https:\/\/www.wojoer.de\/wp-content\/uploads\/2018\/07\/369BB_369HB_369BTR_Piercing_Bauchband_Halsband_BigThingRing_wojoer.jpg\",\"width\":2002,\"height\":2002,\"caption\":\"Piercing Body Set, mattes Leder, Synlex, schwarz, Leatherlike, BTR, Bauchband, Halsband\"},{\"@type\":\"BreadcrumbList\",\"@id\":\"https:\/\/www.wojoer.de\/produkt\/piercing-body-set-369bb\/#breadcrumb\",\"itemListElement\":[{\"@type\":\"ListItem\",\"position\":1,\"name\":\"Startseite\",\"item\":\"https:\/\/www.wojoer.de\/\"},{\"@type\":\"ListItem\",\"position\":2,\"name\":\"SHOP\",\"item\":\"https:\/\/www.wojoer.de\/shop\/\"},{\"@type\":\"ListItem\",\"position\":3,\"name\":\"Piercing Body Set 369BB\"}]},{\"@type\":\"WebSite\",\"@id\":\"https:\/\/www.wojoer.de\/#website\",\"url\":\"https:\/\/www.wojoer.de\/\",\"name\":\"WOJOER\",\"description\":\"clubwear for men\",\"publisher\":{\"@id\":\"https:\/\/www.wojoer.de\/#organization\"},\"potentialAction\":[{\"@type\":\"SearchAction\",\"target\":{\"@type\":\"EntryPoint\",\"urlTemplate\":\"https:\/\/www.wojoer.de\/?s={search_term_string}\"},\"query-input\":{\"@type\":\"PropertyValueSpecification\",\"valueRequired\":true,\"valueName\":\"search_term_string\"}}],\"inLanguage\":\"en-GB\"},{\"@type\":\"Organization\",\"@id\":\"https:\/\/www.wojoer.de\/#organization\",\"name\":\"Wonneberger-Manufaktur\",\"url\":\"https:\/\/www.wojoer.de\/\",\"logo\":{\"@type\":\"ImageObject\",\"inLanguage\":\"en-GB\",\"@id\":\"https:\/\/www.wojoer.de\/#\/schema\/logo\/image\/\",\"url\":\"https:\/\/www.wojoer.de\/wp-content\/uploads\/2016\/11\/wonnebergermanufaktur_logo_BUTTON.png\",\"contentUrl\":\"https:\/\/www.wojoer.de\/wp-content\/uploads\/2016\/11\/wonnebergermanufaktur_logo_BUTTON.png\",\"width\":765,\"height\":765,\"caption\":\"Wonneberger-Manufaktur\"},\"image\":{\"@id\":\"https:\/\/www.wojoer.de\/#\/schema\/logo\/image\/\"},\"sameAs\":[\"https:\/\/www.facebook.com\/wojoer\/\",\"https:\/\/de.pinterest.com\/W0J0ER\/\"]}]}<\/script>\n<!-- \/ Yoast SEO plugin. -->","yoast_head_json":{"title":"Piercing Body Set | schwarz mattes Kunstleder Body Set | SYNLEX |","description":"schwarz mattes Kunstleder Piercing Body Set bestehend aus Big Thing Ring, Bauchband und Halsband. Besonders geschmeidig d\u00fcnnes Synlex-Material. Versandkostenfrei innerhalb Deutschlands. Jetzt online bestellen!","robots":{"index":"index","follow":"follow","max-snippet":"max-snippet:-1","max-image-preview":"max-image-preview:large","max-video-preview":"max-video-preview:-1"},"canonical":"https:\/\/www.wojoer.de\/en\/produkt\/piercing-body-set-369bb\/","twitter_card":"summary_large_image","twitter_title":"Piercing Body Set | schwarz mattes Kunstleder Body Set | SYNLEX |","twitter_description":"schwarz mattes Kunstleder Piercing Body Set bestehend aus Big Thing Ring, Bauchband und Halsband. Besonders geschmeidig d\u00fcnnes Synlex-Material. Versandkostenfrei innerhalb Deutschlands. Jetzt online bestellen!","twitter_image":"https:\/\/www.wojoer.de\/wp-content\/uploads\/2018\/07\/369BB_369HB_369BTR_Piercing_Bauchband_Halsband_BigThingRing_wojoer.jpg","twitter_misc":{"Estimated reading time":"2 minutes"},"schema":{"@context":"https:\/\/schema.org","@graph":[{"@type":"WebPage","@id":"https:\/\/www.wojoer.de\/produkt\/piercing-body-set-369bb\/","url":"https:\/\/www.wojoer.de\/produkt\/piercing-body-set-369bb\/","name":"Piercing Body Set | schwarz mattes Kunstleder Body Set | SYNLEX |","isPartOf":{"@id":"https:\/\/www.wojoer.de\/#website"},"primaryImageOfPage":{"@id":"https:\/\/www.wojoer.de\/produkt\/piercing-body-set-369bb\/#primaryimage"},"image":{"@id":"https:\/\/www.wojoer.de\/produkt\/piercing-body-set-369bb\/#primaryimage"},"thumbnailUrl":"https:\/\/www.wojoer.de\/wp-content\/uploads\/2018\/07\/369BB_369HB_369BTR_Piercing_Bauchband_Halsband_BigThingRing_wojoer.jpg","datePublished":"2018-12-18T07:00:05+00:00","dateModified":"2024-11-30T22:12:02+00:00","description":"schwarz mattes Kunstleder Piercing Body Set bestehend aus Big Thing Ring, Bauchband und Halsband. Besonders geschmeidig d\u00fcnnes Synlex-Material. Versandkostenfrei innerhalb Deutschlands. Jetzt online bestellen!","breadcrumb":{"@id":"https:\/\/www.wojoer.de\/produkt\/piercing-body-set-369bb\/#breadcrumb"},"inLanguage":"en-GB","potentialAction":[{"@type":"ReadAction","target":["https:\/\/www.wojoer.de\/produkt\/piercing-body-set-369bb\/"]}]},{"@type":"ImageObject","inLanguage":"en-GB","@id":"https:\/\/www.wojoer.de\/produkt\/piercing-body-set-369bb\/#primaryimage","url":"https:\/\/www.wojoer.de\/wp-content\/uploads\/2018\/07\/369BB_369HB_369BTR_Piercing_Bauchband_Halsband_BigThingRing_wojoer.jpg","contentUrl":"https:\/\/www.wojoer.de\/wp-content\/uploads\/2018\/07\/369BB_369HB_369BTR_Piercing_Bauchband_Halsband_BigThingRing_wojoer.jpg","width":2002,"height":2002,"caption":"Piercing Body Set, mattes Leder, Synlex, schwarz, Leatherlike, BTR, Bauchband, Halsband"},{"@type":"BreadcrumbList","@id":"https:\/\/www.wojoer.de\/produkt\/piercing-body-set-369bb\/#breadcrumb","itemListElement":[{"@type":"ListItem","position":1,"name":"Startseite","item":"https:\/\/www.wojoer.de\/"},{"@type":"ListItem","position":2,"name":"SHOP","item":"https:\/\/www.wojoer.de\/shop\/"},{"@type":"ListItem","position":3,"name":"Piercing Body Set 369BB"}]},{"@type":"WebSite","@id":"https:\/\/www.wojoer.de\/#website","url":"https:\/\/www.wojoer.de\/","name":"WOJOER","description":"clubwear for men","publisher":{"@id":"https:\/\/www.wojoer.de\/#organization"},"potentialAction":[{"@type":"SearchAction","target":{"@type":"EntryPoint","urlTemplate":"https:\/\/www.wojoer.de\/?s={search_term_string}"},"query-input":{"@type":"PropertyValueSpecification","valueRequired":true,"valueName":"search_term_string"}}],"inLanguage":"en-GB"},{"@type":"Organization","@id":"https:\/\/www.wojoer.de\/#organization","name":"Wonneberger-Manufaktur","url":"https:\/\/www.wojoer.de\/","logo":{"@type":"ImageObject","inLanguage":"en-GB","@id":"https:\/\/www.wojoer.de\/#\/schema\/logo\/image\/","url":"https:\/\/www.wojoer.de\/wp-content\/uploads\/2016\/11\/wonnebergermanufaktur_logo_BUTTON.png","contentUrl":"https:\/\/www.wojoer.de\/wp-content\/uploads\/2016\/11\/wonnebergermanufaktur_logo_BUTTON.png","width":765,"height":765,"caption":"Wonneberger-Manufaktur"},"image":{"@id":"https:\/\/www.wojoer.de\/#\/schema\/logo\/image\/"},"sameAs":["https:\/\/www.facebook.com\/wojoer\/","https:\/\/de.pinterest.com\/W0J0ER\/"]}]}},"_links":{"self":[{"href":"https:\/\/www.wojoer.de\/en\/wp-json\/wp\/v2\/product\/11455","targetHints":{"allow":["GET"]}}],"collection":[{"href":"https:\/\/www.wojoer.de\/en\/wp-json\/wp\/v2\/product"}],"about":[{"href":"https:\/\/www.wojoer.de\/en\/wp-json\/wp\/v2\/types\/product"}],"replies":[{"embeddable":true,"href":"https:\/\/www.wojoer.de\/en\/wp-json\/wp\/v2\/comments?post=11455"}],"wp:featuredmedia":[{"embeddable":true,"href":"https:\/\/www.wojoer.de\/en\/wp-json\/wp\/v2\/media\/10943"}],"wp:attachment":[{"href":"https:\/\/www.wojoer.de\/en\/wp-json\/wp\/v2\/media?parent=11455"}],"wp:term":[{"taxonomy":"product_brand","embeddable":true,"href":"https:\/\/www.wojoer.de\/en\/wp-json\/wp\/v2\/product_brand?post=11455"},{"taxonomy":"product_cat","embeddable":true,"href":"https:\/\/www.wojoer.de\/en\/wp-json\/wp\/v2\/product_cat?post=11455"},{"taxonomy":"product_tag","embeddable":true,"href":"https:\/\/www.wojoer.de\/en\/wp-json\/wp\/v2\/product_tag?post=11455"}],"curies":[{"name":"wp","href":"https:\/\/api.w.org\/{rel}","templated":true}]}}