{"id":11460,"date":"2018-12-18T08:00:51","date_gmt":"2018-12-18T07:00:51","guid":{"rendered":"https:\/\/www.wojoer.de\/produkt\/piercing-handschellen-set-369ab2\/"},"modified":"2023-11-29T08:36:07","modified_gmt":"2023-11-29T07:36:07","slug":"piercing-handschellen-set-369ab2","status":"publish","type":"product","link":"https:\/\/www.wojoer.de\/en\/produkt\/piercing-handschellen-set-369ab2\/","title":{"rendered":"Piercing Handschellen Set 369AB2"},"content":{"rendered":"<p>Produktion auf Bestellung, denn das schwarz matte Kunstleder Piercing Handschellen-Set bestehend aus Big Thing Ring und 2x Armband 369AB2 geh\u00f6rt in die Kategorie: Wojoer &#8220;LIVE-Produkte&#8221;!<\/p>\n<h3>Gr\u00f6\u00dfen<\/h3>\n<p>Armumfang:<\/p>\n<p>SM ca. 14,5-16,5 cm<\/p>\n<p>ML ca. 17,5cm-19,5cm<\/p>\n<p>LXL ca. 21,5cm-23,5cm<\/p>\n<h3>Materialzusammensetzung<\/h3>\n<p>SYNLEX, sehr d\u00fcnnes und dehnbares Lederimitat: 76% Polyesther\u00a0 16% Polyurethan 8% Elasthan<\/p>\n<p>Metallpiercing: Nickelfrei<\/p>\n<h3>Besonderheiten<\/h3>\n<p><a href=\"http:\/\/www.wojoer.de\/?s=live&#038;post_type=product\">LIVE Produkt<\/a> | Piercing Handschellen Set | starkes, mattes, leicht dehnbares Kunstleder | fast gummiartig | hochwertige Verarbeitung &#8220;Made in Germany&#8221;<\/p>\n<h3>Benutzerhinweise<\/h3>\n<p>kalte Handw\u00e4sche | tropfnass auf B\u00fcgel aufh\u00e4ngen und trocken lassen<\/p>\n<h3>SYNLEX PIERCING HANDSCHELLEN SET &#8211; schwarz mattes Kunstleder Set bestehend aus Big Thing Ring und 2x Armband<\/h3>\n<p>Die Synlex Piercing Handschellen kommen sofort zum Einsatz, wenn du mal wieder nicht artig warst! F\u00fcr all deine S\u00fcnden wirst du bitters\u00fc\u00df bezahlen &#8211; denn die Handschellen lassen gerade einmal so viel Freiraum, um deine H\u00e4nde ins Kissen zu krallen&#8230;<\/p>\n<p>Danach kommt dann der integrierte BigThingRing zum Einsatz und schmiegt sich angenehm um deine kraftvolle, intensive M\u00e4nnlichkeit.<\/p>\n<p>SYNLEX, steht f\u00fcr synthetischen Latex. Es ist eine matt schwarze Materie die erst mysteri\u00f6s und d\u00fcster, dann gef\u00e4hrlich hei\u00df und schlie\u00dflich mit extremem Suchtpotenzial daherkommt. Berauschend wird es aber erst in Kombination mit unseren anderen Produkten aus der Synlex-Linie! Wie w\u00e4re es z.b. mit dem passenden Halsband dazu&#8230;? Neugierig?<\/p>\n","protected":false},"excerpt":{"rendered":"<p>Produktion auf Bestellung, denn das schwarz matte Kunstleder Piercing Handschellen-Set bestehend aus Big Thing Ring und 2x Armband 369AB2 geh\u00f6rt in die Kategorie: Wojoer &#8220;LIVE-Produkte&#8221;!<br \/>\nGr\u00f6\u00dfen<br \/>\nArmumfang:<\/p>\n<p>SM ca. 14,5-16,5 cm<\/p>\n<p>ML ca. 17,5cm-19,5cm<\/p>\n<p>LXL ca. 21,5cm-23,5cm<br \/>\nMaterialzusammensetzung<br \/>\nSYNLEX, sehr d\u00fcnnes und dehnbares Lederimitat: 76% Polyesther\u00a0 16%\u2026<\/p>\n","protected":false},"featured_media":10942,"comment_status":"open","ping_status":"closed","template":"","meta":[],"product_brand":[],"product_cat":[828,291,116,473,471,195,326],"product_tag":[415,419,194,408,290],"class_list":{"0":"post-11460","1":"product","2":"type-product","3":"status-publish","4":"has-post-thumbnail","6":"product_cat-369-piercing","7":"product_cat-accessoires","8":"product_cat-clubwear","9":"product_cat-men","10":"product_cat-partnerlook","11":"product_cat-produktion-auf-bestellung-liveproduktion","12":"product_cat-wojoer","13":"product_tag-armband","14":"product_tag-btr","15":"product_tag-leatherlike","16":"product_tag-piercing","17":"product_tag-synthetischeslatex","18":"product_shipping_class-beun","19":"pa_groesse-lxl","20":"pa_groesse-ml","21":"pa_groesse-sm","22":"pif-has-gallery","23":"post-1","24":"odd","26":"first","27":"instock","28":"featured","29":"taxable","30":"shipping-taxable","31":"purchasable","32":"product-type-variable"},"yoast_head":"<!-- This site is optimized with the Yoast SEO plugin v27.2 - https:\/\/yoast.com\/product\/yoast-seo-wordpress\/ -->\n<title>Piercing HandschellenSet | schwarz matt | Kunstleder SYNLEX | WOJOER<\/title>\n<meta name=\"description\" content=\"schwarz mattes Kunstleder Piercing Handschellen Set bestehend aus Big Thing Ring und 2x Armband. Geschmeidig d\u00fcnnes Synlex-Material. Versandkostenfrei innerhalb Deutschlands bestellen!\" \/>\n<meta name=\"robots\" content=\"index, follow, max-snippet:-1, max-image-preview:large, max-video-preview:-1\" \/>\n<link rel=\"canonical\" href=\"https:\/\/www.wojoer.de\/en\/produkt\/piercing-handschellen-set-369ab2\/\" \/>\n<meta name=\"twitter:card\" content=\"summary_large_image\" \/>\n<meta name=\"twitter:title\" content=\"Piercing HandschellenSet | schwarz matt | Kunstleder SYNLEX | WOJOER\" \/>\n<meta name=\"twitter:description\" content=\"schwarz mattes Kunstleder Piercing Handschellen Set bestehend aus Big Thing Ring und 2x Armband. Geschmeidig d\u00fcnnes Synlex-Material. Versandkostenfrei innerhalb Deutschlands bestellen!\" \/>\n<meta name=\"twitter:image\" content=\"https:\/\/www.wojoer.de\/wp-content\/uploads\/2018\/07\/369AB2_Piercing_Handschellen_Detail.jpg\" \/>\n<meta name=\"twitter:label1\" content=\"Estimated reading time\" \/>\n\t<meta name=\"twitter:data1\" content=\"2 minutes\" \/>\n<script type=\"application\/ld+json\" class=\"yoast-schema-graph\">{\"@context\":\"https:\/\/schema.org\",\"@graph\":[{\"@type\":\"WebPage\",\"@id\":\"https:\/\/www.wojoer.de\/produkt\/piercing-handschellen-set-369ab2\/\",\"url\":\"https:\/\/www.wojoer.de\/produkt\/piercing-handschellen-set-369ab2\/\",\"name\":\"Piercing HandschellenSet | schwarz matt | Kunstleder SYNLEX | WOJOER\",\"isPartOf\":{\"@id\":\"https:\/\/www.wojoer.de\/#website\"},\"primaryImageOfPage\":{\"@id\":\"https:\/\/www.wojoer.de\/produkt\/piercing-handschellen-set-369ab2\/#primaryimage\"},\"image\":{\"@id\":\"https:\/\/www.wojoer.de\/produkt\/piercing-handschellen-set-369ab2\/#primaryimage\"},\"thumbnailUrl\":\"https:\/\/www.wojoer.de\/wp-content\/uploads\/2018\/07\/369AB2_Piercing_Handschellen_Detail.jpg\",\"datePublished\":\"2018-12-18T07:00:51+00:00\",\"dateModified\":\"2023-11-29T07:36:07+00:00\",\"description\":\"schwarz mattes Kunstleder Piercing Handschellen Set bestehend aus Big Thing Ring und 2x Armband. Geschmeidig d\u00fcnnes Synlex-Material. Versandkostenfrei innerhalb Deutschlands bestellen!\",\"breadcrumb\":{\"@id\":\"https:\/\/www.wojoer.de\/produkt\/piercing-handschellen-set-369ab2\/#breadcrumb\"},\"inLanguage\":\"en-GB\",\"potentialAction\":[{\"@type\":\"ReadAction\",\"target\":[\"https:\/\/www.wojoer.de\/produkt\/piercing-handschellen-set-369ab2\/\"]}]},{\"@type\":\"ImageObject\",\"inLanguage\":\"en-GB\",\"@id\":\"https:\/\/www.wojoer.de\/produkt\/piercing-handschellen-set-369ab2\/#primaryimage\",\"url\":\"https:\/\/www.wojoer.de\/wp-content\/uploads\/2018\/07\/369AB2_Piercing_Handschellen_Detail.jpg\",\"contentUrl\":\"https:\/\/www.wojoer.de\/wp-content\/uploads\/2018\/07\/369AB2_Piercing_Handschellen_Detail.jpg\",\"width\":2002,\"height\":2002,\"caption\":\"Piercing Handschellen Set, mattes Leder, Synlex, schwarz, Leatherlike, BTR, 2x Armband\"},{\"@type\":\"BreadcrumbList\",\"@id\":\"https:\/\/www.wojoer.de\/produkt\/piercing-handschellen-set-369ab2\/#breadcrumb\",\"itemListElement\":[{\"@type\":\"ListItem\",\"position\":1,\"name\":\"Startseite\",\"item\":\"https:\/\/www.wojoer.de\/\"},{\"@type\":\"ListItem\",\"position\":2,\"name\":\"SHOP\",\"item\":\"https:\/\/www.wojoer.de\/shop\/\"},{\"@type\":\"ListItem\",\"position\":3,\"name\":\"Piercing Handschellen Set 369AB2\"}]},{\"@type\":\"WebSite\",\"@id\":\"https:\/\/www.wojoer.de\/#website\",\"url\":\"https:\/\/www.wojoer.de\/\",\"name\":\"WOJOER\",\"description\":\"clubwear for men\",\"publisher\":{\"@id\":\"https:\/\/www.wojoer.de\/#organization\"},\"potentialAction\":[{\"@type\":\"SearchAction\",\"target\":{\"@type\":\"EntryPoint\",\"urlTemplate\":\"https:\/\/www.wojoer.de\/?s={search_term_string}\"},\"query-input\":{\"@type\":\"PropertyValueSpecification\",\"valueRequired\":true,\"valueName\":\"search_term_string\"}}],\"inLanguage\":\"en-GB\"},{\"@type\":\"Organization\",\"@id\":\"https:\/\/www.wojoer.de\/#organization\",\"name\":\"Wonneberger-Manufaktur\",\"url\":\"https:\/\/www.wojoer.de\/\",\"logo\":{\"@type\":\"ImageObject\",\"inLanguage\":\"en-GB\",\"@id\":\"https:\/\/www.wojoer.de\/#\/schema\/logo\/image\/\",\"url\":\"https:\/\/www.wojoer.de\/wp-content\/uploads\/2016\/11\/wonnebergermanufaktur_logo_BUTTON.png\",\"contentUrl\":\"https:\/\/www.wojoer.de\/wp-content\/uploads\/2016\/11\/wonnebergermanufaktur_logo_BUTTON.png\",\"width\":765,\"height\":765,\"caption\":\"Wonneberger-Manufaktur\"},\"image\":{\"@id\":\"https:\/\/www.wojoer.de\/#\/schema\/logo\/image\/\"},\"sameAs\":[\"https:\/\/www.facebook.com\/wojoer\/\",\"https:\/\/de.pinterest.com\/W0J0ER\/\"]}]}<\/script>\n<!-- \/ Yoast SEO plugin. -->","yoast_head_json":{"title":"Piercing HandschellenSet | schwarz matt | Kunstleder SYNLEX | WOJOER","description":"schwarz mattes Kunstleder Piercing Handschellen Set bestehend aus Big Thing Ring und 2x Armband. Geschmeidig d\u00fcnnes Synlex-Material. Versandkostenfrei innerhalb Deutschlands bestellen!","robots":{"index":"index","follow":"follow","max-snippet":"max-snippet:-1","max-image-preview":"max-image-preview:large","max-video-preview":"max-video-preview:-1"},"canonical":"https:\/\/www.wojoer.de\/en\/produkt\/piercing-handschellen-set-369ab2\/","twitter_card":"summary_large_image","twitter_title":"Piercing HandschellenSet | schwarz matt | Kunstleder SYNLEX | WOJOER","twitter_description":"schwarz mattes Kunstleder Piercing Handschellen Set bestehend aus Big Thing Ring und 2x Armband. Geschmeidig d\u00fcnnes Synlex-Material. Versandkostenfrei innerhalb Deutschlands bestellen!","twitter_image":"https:\/\/www.wojoer.de\/wp-content\/uploads\/2018\/07\/369AB2_Piercing_Handschellen_Detail.jpg","twitter_misc":{"Estimated reading time":"2 minutes"},"schema":{"@context":"https:\/\/schema.org","@graph":[{"@type":"WebPage","@id":"https:\/\/www.wojoer.de\/produkt\/piercing-handschellen-set-369ab2\/","url":"https:\/\/www.wojoer.de\/produkt\/piercing-handschellen-set-369ab2\/","name":"Piercing HandschellenSet | schwarz matt | Kunstleder SYNLEX | WOJOER","isPartOf":{"@id":"https:\/\/www.wojoer.de\/#website"},"primaryImageOfPage":{"@id":"https:\/\/www.wojoer.de\/produkt\/piercing-handschellen-set-369ab2\/#primaryimage"},"image":{"@id":"https:\/\/www.wojoer.de\/produkt\/piercing-handschellen-set-369ab2\/#primaryimage"},"thumbnailUrl":"https:\/\/www.wojoer.de\/wp-content\/uploads\/2018\/07\/369AB2_Piercing_Handschellen_Detail.jpg","datePublished":"2018-12-18T07:00:51+00:00","dateModified":"2023-11-29T07:36:07+00:00","description":"schwarz mattes Kunstleder Piercing Handschellen Set bestehend aus Big Thing Ring und 2x Armband. Geschmeidig d\u00fcnnes Synlex-Material. Versandkostenfrei innerhalb Deutschlands bestellen!","breadcrumb":{"@id":"https:\/\/www.wojoer.de\/produkt\/piercing-handschellen-set-369ab2\/#breadcrumb"},"inLanguage":"en-GB","potentialAction":[{"@type":"ReadAction","target":["https:\/\/www.wojoer.de\/produkt\/piercing-handschellen-set-369ab2\/"]}]},{"@type":"ImageObject","inLanguage":"en-GB","@id":"https:\/\/www.wojoer.de\/produkt\/piercing-handschellen-set-369ab2\/#primaryimage","url":"https:\/\/www.wojoer.de\/wp-content\/uploads\/2018\/07\/369AB2_Piercing_Handschellen_Detail.jpg","contentUrl":"https:\/\/www.wojoer.de\/wp-content\/uploads\/2018\/07\/369AB2_Piercing_Handschellen_Detail.jpg","width":2002,"height":2002,"caption":"Piercing Handschellen Set, mattes Leder, Synlex, schwarz, Leatherlike, BTR, 2x Armband"},{"@type":"BreadcrumbList","@id":"https:\/\/www.wojoer.de\/produkt\/piercing-handschellen-set-369ab2\/#breadcrumb","itemListElement":[{"@type":"ListItem","position":1,"name":"Startseite","item":"https:\/\/www.wojoer.de\/"},{"@type":"ListItem","position":2,"name":"SHOP","item":"https:\/\/www.wojoer.de\/shop\/"},{"@type":"ListItem","position":3,"name":"Piercing Handschellen Set 369AB2"}]},{"@type":"WebSite","@id":"https:\/\/www.wojoer.de\/#website","url":"https:\/\/www.wojoer.de\/","name":"WOJOER","description":"clubwear for men","publisher":{"@id":"https:\/\/www.wojoer.de\/#organization"},"potentialAction":[{"@type":"SearchAction","target":{"@type":"EntryPoint","urlTemplate":"https:\/\/www.wojoer.de\/?s={search_term_string}"},"query-input":{"@type":"PropertyValueSpecification","valueRequired":true,"valueName":"search_term_string"}}],"inLanguage":"en-GB"},{"@type":"Organization","@id":"https:\/\/www.wojoer.de\/#organization","name":"Wonneberger-Manufaktur","url":"https:\/\/www.wojoer.de\/","logo":{"@type":"ImageObject","inLanguage":"en-GB","@id":"https:\/\/www.wojoer.de\/#\/schema\/logo\/image\/","url":"https:\/\/www.wojoer.de\/wp-content\/uploads\/2016\/11\/wonnebergermanufaktur_logo_BUTTON.png","contentUrl":"https:\/\/www.wojoer.de\/wp-content\/uploads\/2016\/11\/wonnebergermanufaktur_logo_BUTTON.png","width":765,"height":765,"caption":"Wonneberger-Manufaktur"},"image":{"@id":"https:\/\/www.wojoer.de\/#\/schema\/logo\/image\/"},"sameAs":["https:\/\/www.facebook.com\/wojoer\/","https:\/\/de.pinterest.com\/W0J0ER\/"]}]}},"_links":{"self":[{"href":"https:\/\/www.wojoer.de\/en\/wp-json\/wp\/v2\/product\/11460","targetHints":{"allow":["GET"]}}],"collection":[{"href":"https:\/\/www.wojoer.de\/en\/wp-json\/wp\/v2\/product"}],"about":[{"href":"https:\/\/www.wojoer.de\/en\/wp-json\/wp\/v2\/types\/product"}],"replies":[{"embeddable":true,"href":"https:\/\/www.wojoer.de\/en\/wp-json\/wp\/v2\/comments?post=11460"}],"wp:featuredmedia":[{"embeddable":true,"href":"https:\/\/www.wojoer.de\/en\/wp-json\/wp\/v2\/media\/10942"}],"wp:attachment":[{"href":"https:\/\/www.wojoer.de\/en\/wp-json\/wp\/v2\/media?parent=11460"}],"wp:term":[{"taxonomy":"product_brand","embeddable":true,"href":"https:\/\/www.wojoer.de\/en\/wp-json\/wp\/v2\/product_brand?post=11460"},{"taxonomy":"product_cat","embeddable":true,"href":"https:\/\/www.wojoer.de\/en\/wp-json\/wp\/v2\/product_cat?post=11460"},{"taxonomy":"product_tag","embeddable":true,"href":"https:\/\/www.wojoer.de\/en\/wp-json\/wp\/v2\/product_tag?post=11460"}],"curies":[{"name":"wp","href":"https:\/\/api.w.org\/{rel}","templated":true}]}}