{"id":11528,"date":"2018-11-26T09:00:26","date_gmt":"2018-11-26T08:00:26","guid":{"rendered":"https:\/\/www.wojoer.de\/produkt\/redblack-micro-schmalissimo-string-367e700\/"},"modified":"2026-03-05T18:45:17","modified_gmt":"2026-03-05T17:45:17","slug":"redblack-micro-schmalissimo-string-367e700","status":"publish","type":"product","link":"https:\/\/www.wojoer.de\/en\/produkt\/redblack-micro-schmalissimo-string-367e700\/","title":{"rendered":"Redblack Micro Schmalissimo String"},"content":{"rendered":"<p>Der matt-gl\u00e4nzende Micro Schmalissimo mit roter Kunstledereinfassung 0367-S001 geh\u00f6rt zu den Wojoer LIVE-Produkten. Das hei\u00dft er wird ab Bestellung bei uns produziert, so k\u00f6nnen wir auf Kundenw\u00fcnsche individuell eingehen.<\/p>\n<h3>Gr\u00f6\u00dfen<\/h3>\n<p>Erh\u00e4ltlich in den Gr\u00f6\u00dfen S, M, L, XL<\/p>\n<h3>Materialzusammensetzung<\/h3>\n<p>schwarzer Microstoff: Nylon 73%, Elasthan 27%<\/p>\n<p>Kunstleder: 100% Polyester<\/p>\n<h3>Besonderheiten<\/h3>\n<p><a href=\"http:\/\/www.wojoer.de\/?s=LIVE&#038;post_type=product\">LIVE-Produkt<\/a>\u00a0 | matt gl\u00e4nzendes Micro | super stretchy | rote Kunstledereinfassung | schmale Optik | hochwertige Verarbeitung &#8220;Made in Germany&#8221;<\/p>\n<h3>Benutzerhinweise<\/h3>\n<p>Handw\u00e4sche | nicht mit Leder, Kunstleder oder Polyorethan beschichteten Textilien in Ber\u00fchrung kommen lassen, da sich das rote Kunstleder sonst verf\u00e4rben k\u00f6nnte<\/p>\n<h3>REDBLACK MICRO SCHMALISSIMO &#8211; stretchy Micro Schmalissimo mit aufregend roter Kunstledereinfassung<\/h3>\n<p>Dieser super leichte und matt-gl\u00e4nzende Microstoff umh\u00fcllt dich wie eine zweite Haut, pure Verschmelzung! Auf der einen Seite ist er super leicht und fein. Aber auf der anderen Seite wahnsinnig flexibel. Und das Beste an diesem geschmeidigen Micro-Stoff ist seine F\u00e4higkeit sehr schnell zu trocknen. Damit wird dieser knappe und anregend schmal geschnittene Schmalissimo zum perfekten Begleiter nach feuchten, hei\u00dfen Stunden. Nicht nur das, denn die feurig roten Linien aus weichen Lederimitat umrahmen kunstvoll deine H\u00fcften und auch das Suspensorium folgt einer besonderen Silhouette, mit der deine M\u00e4nnlichkeit optisch verl\u00e4ngert und damit vergr\u00f6\u00dfert wird. Hei\u00df!<\/p>\n","protected":false},"excerpt":{"rendered":"<p>Der matt-gl\u00e4nzende Micro Schmalissimo mit roter Kunstledereinfassung 0367-S001 geh\u00f6rt zu den Wojoer LIVE-Produkten. Das hei\u00dft er wird ab Bestellung bei uns produziert, so k\u00f6nnen wir auf Kundenw\u00fcnsche individuell eingehen.<br \/>\nGr\u00f6\u00dfen<br \/>\nErh\u00e4ltlich in den Gr\u00f6\u00dfen S, M, L, XL<br \/>\nMaterialzusammensetzung<br \/>\nschwarzer Microstoff: Nylon 73%, Elasthan\u2026<\/p>\n","protected":false},"featured_media":10808,"comment_status":"open","ping_status":"closed","template":"","meta":[],"product_brand":[],"product_cat":[826,116,473,195,326],"product_tag":[424,194,425,352,119],"class_list":{"0":"post-11528","1":"product","2":"type-product","3":"status-publish","4":"has-post-thumbnail","6":"product_cat-367-redblack","7":"product_cat-clubwear","8":"product_cat-men","9":"product_cat-produktion-auf-bestellung-liveproduktion","10":"product_cat-wojoer","11":"product_tag-dehnbar","12":"product_tag-leatherlike","13":"product_tag-ledereinfassung","14":"product_tag-schmalissimo","15":"product_tag-string","16":"product_shipping_class-beun","17":"pa_groesse-l","18":"pa_groesse-m","19":"pa_groesse-s","20":"pa_groesse-xl","21":"pif-has-gallery","22":"post-1","23":"odd","25":"first","26":"instock","27":"taxable","28":"shipping-taxable","29":"purchasable","30":"product-type-variable","31":"has-default-attributes"},"yoast_head":"<!-- This site is optimized with the Yoast SEO plugin v27.2 - https:\/\/yoast.com\/product\/yoast-seo-wordpress\/ -->\n<title>matt-gl\u00e4nzender Micro Schmalissimo | super stretchy | rote Kunstledereinfassung | WOJOER<\/title>\n<meta name=\"description\" content=\"Micro Schmalissimo, schwarzer String matt-gl\u00e4nzend - super strechy mit aufregend roter Kunstledereinfassung, Jetzt online versandkostenfrei innerhalb Deutschlands bestellen.\" \/>\n<meta name=\"robots\" content=\"index, follow, max-snippet:-1, max-image-preview:large, max-video-preview:-1\" \/>\n<link rel=\"canonical\" href=\"https:\/\/www.wojoer.de\/en\/produkt\/redblack-micro-schmalissimo-string-367e700\/\" \/>\n<meta name=\"twitter:card\" content=\"summary_large_image\" \/>\n<meta name=\"twitter:title\" content=\"matt-gl\u00e4nzender Micro Schmalissimo | super stretchy | rote Kunstledereinfassung | WOJOER\" \/>\n<meta name=\"twitter:description\" content=\"Micro Schmalissimo, schwarzer String matt-gl\u00e4nzend - super strechy mit aufregend roter Kunstledereinfassung, Jetzt online versandkostenfrei innerhalb Deutschlands bestellen.\" \/>\n<meta name=\"twitter:image\" content=\"https:\/\/www.wojoer.de\/wp-content\/uploads\/2018\/07\/367E700_redblack_Schmalissimo_side_wojoer.jpg\" \/>\n<meta name=\"twitter:label1\" content=\"Estimated reading time\" \/>\n\t<meta name=\"twitter:data1\" content=\"2 minutes\" \/>\n<script type=\"application\/ld+json\" class=\"yoast-schema-graph\">{\"@context\":\"https:\/\/schema.org\",\"@graph\":[{\"@type\":\"WebPage\",\"@id\":\"https:\/\/www.wojoer.de\/produkt\/redblack-micro-schmalissimo-string-367e700\/\",\"url\":\"https:\/\/www.wojoer.de\/produkt\/redblack-micro-schmalissimo-string-367e700\/\",\"name\":\"matt-gl\u00e4nzender Micro Schmalissimo | super stretchy | rote Kunstledereinfassung | WOJOER\",\"isPartOf\":{\"@id\":\"https:\/\/www.wojoer.de\/#website\"},\"primaryImageOfPage\":{\"@id\":\"https:\/\/www.wojoer.de\/produkt\/redblack-micro-schmalissimo-string-367e700\/#primaryimage\"},\"image\":{\"@id\":\"https:\/\/www.wojoer.de\/produkt\/redblack-micro-schmalissimo-string-367e700\/#primaryimage\"},\"thumbnailUrl\":\"https:\/\/www.wojoer.de\/wp-content\/uploads\/2018\/07\/367E700_redblack_Schmalissimo_side_wojoer.jpg\",\"datePublished\":\"2018-11-26T08:00:26+00:00\",\"dateModified\":\"2026-03-05T17:45:17+00:00\",\"description\":\"Micro Schmalissimo, schwarzer String matt-gl\u00e4nzend - super strechy mit aufregend roter Kunstledereinfassung, Jetzt online versandkostenfrei innerhalb Deutschlands bestellen.\",\"breadcrumb\":{\"@id\":\"https:\/\/www.wojoer.de\/produkt\/redblack-micro-schmalissimo-string-367e700\/#breadcrumb\"},\"inLanguage\":\"en-GB\",\"potentialAction\":[{\"@type\":\"ReadAction\",\"target\":[\"https:\/\/www.wojoer.de\/produkt\/redblack-micro-schmalissimo-string-367e700\/\"]}]},{\"@type\":\"ImageObject\",\"inLanguage\":\"en-GB\",\"@id\":\"https:\/\/www.wojoer.de\/produkt\/redblack-micro-schmalissimo-string-367e700\/#primaryimage\",\"url\":\"https:\/\/www.wojoer.de\/wp-content\/uploads\/2018\/07\/367E700_redblack_Schmalissimo_side_wojoer.jpg\",\"contentUrl\":\"https:\/\/www.wojoer.de\/wp-content\/uploads\/2018\/07\/367E700_redblack_Schmalissimo_side_wojoer.jpg\",\"width\":2002,\"height\":2002,\"caption\":\"Micro String, Herren, super strechy, Kunstledereinfassung\"},{\"@type\":\"BreadcrumbList\",\"@id\":\"https:\/\/www.wojoer.de\/produkt\/redblack-micro-schmalissimo-string-367e700\/#breadcrumb\",\"itemListElement\":[{\"@type\":\"ListItem\",\"position\":1,\"name\":\"Startseite\",\"item\":\"https:\/\/www.wojoer.de\/\"},{\"@type\":\"ListItem\",\"position\":2,\"name\":\"SHOP\",\"item\":\"https:\/\/www.wojoer.de\/shop\/\"},{\"@type\":\"ListItem\",\"position\":3,\"name\":\"Redblack Micro Schmalissimo String\"}]},{\"@type\":\"WebSite\",\"@id\":\"https:\/\/www.wojoer.de\/#website\",\"url\":\"https:\/\/www.wojoer.de\/\",\"name\":\"WOJOER\",\"description\":\"clubwear for men\",\"publisher\":{\"@id\":\"https:\/\/www.wojoer.de\/#organization\"},\"potentialAction\":[{\"@type\":\"SearchAction\",\"target\":{\"@type\":\"EntryPoint\",\"urlTemplate\":\"https:\/\/www.wojoer.de\/?s={search_term_string}\"},\"query-input\":{\"@type\":\"PropertyValueSpecification\",\"valueRequired\":true,\"valueName\":\"search_term_string\"}}],\"inLanguage\":\"en-GB\"},{\"@type\":\"Organization\",\"@id\":\"https:\/\/www.wojoer.de\/#organization\",\"name\":\"Wonneberger-Manufaktur\",\"url\":\"https:\/\/www.wojoer.de\/\",\"logo\":{\"@type\":\"ImageObject\",\"inLanguage\":\"en-GB\",\"@id\":\"https:\/\/www.wojoer.de\/#\/schema\/logo\/image\/\",\"url\":\"https:\/\/www.wojoer.de\/wp-content\/uploads\/2016\/11\/wonnebergermanufaktur_logo_BUTTON.png\",\"contentUrl\":\"https:\/\/www.wojoer.de\/wp-content\/uploads\/2016\/11\/wonnebergermanufaktur_logo_BUTTON.png\",\"width\":765,\"height\":765,\"caption\":\"Wonneberger-Manufaktur\"},\"image\":{\"@id\":\"https:\/\/www.wojoer.de\/#\/schema\/logo\/image\/\"},\"sameAs\":[\"https:\/\/www.facebook.com\/wojoer\/\",\"https:\/\/de.pinterest.com\/W0J0ER\/\"]}]}<\/script>\n<!-- \/ Yoast SEO plugin. -->","yoast_head_json":{"title":"matt-gl\u00e4nzender Micro Schmalissimo | super stretchy | rote Kunstledereinfassung | WOJOER","description":"Micro Schmalissimo, schwarzer String matt-gl\u00e4nzend - super strechy mit aufregend roter Kunstledereinfassung, Jetzt online versandkostenfrei innerhalb Deutschlands bestellen.","robots":{"index":"index","follow":"follow","max-snippet":"max-snippet:-1","max-image-preview":"max-image-preview:large","max-video-preview":"max-video-preview:-1"},"canonical":"https:\/\/www.wojoer.de\/en\/produkt\/redblack-micro-schmalissimo-string-367e700\/","twitter_card":"summary_large_image","twitter_title":"matt-gl\u00e4nzender Micro Schmalissimo | super stretchy | rote Kunstledereinfassung | WOJOER","twitter_description":"Micro Schmalissimo, schwarzer String matt-gl\u00e4nzend - super strechy mit aufregend roter Kunstledereinfassung, Jetzt online versandkostenfrei innerhalb Deutschlands bestellen.","twitter_image":"https:\/\/www.wojoer.de\/wp-content\/uploads\/2018\/07\/367E700_redblack_Schmalissimo_side_wojoer.jpg","twitter_misc":{"Estimated reading time":"2 minutes"},"schema":{"@context":"https:\/\/schema.org","@graph":[{"@type":"WebPage","@id":"https:\/\/www.wojoer.de\/produkt\/redblack-micro-schmalissimo-string-367e700\/","url":"https:\/\/www.wojoer.de\/produkt\/redblack-micro-schmalissimo-string-367e700\/","name":"matt-gl\u00e4nzender Micro Schmalissimo | super stretchy | rote Kunstledereinfassung | WOJOER","isPartOf":{"@id":"https:\/\/www.wojoer.de\/#website"},"primaryImageOfPage":{"@id":"https:\/\/www.wojoer.de\/produkt\/redblack-micro-schmalissimo-string-367e700\/#primaryimage"},"image":{"@id":"https:\/\/www.wojoer.de\/produkt\/redblack-micro-schmalissimo-string-367e700\/#primaryimage"},"thumbnailUrl":"https:\/\/www.wojoer.de\/wp-content\/uploads\/2018\/07\/367E700_redblack_Schmalissimo_side_wojoer.jpg","datePublished":"2018-11-26T08:00:26+00:00","dateModified":"2026-03-05T17:45:17+00:00","description":"Micro Schmalissimo, schwarzer String matt-gl\u00e4nzend - super strechy mit aufregend roter Kunstledereinfassung, Jetzt online versandkostenfrei innerhalb Deutschlands bestellen.","breadcrumb":{"@id":"https:\/\/www.wojoer.de\/produkt\/redblack-micro-schmalissimo-string-367e700\/#breadcrumb"},"inLanguage":"en-GB","potentialAction":[{"@type":"ReadAction","target":["https:\/\/www.wojoer.de\/produkt\/redblack-micro-schmalissimo-string-367e700\/"]}]},{"@type":"ImageObject","inLanguage":"en-GB","@id":"https:\/\/www.wojoer.de\/produkt\/redblack-micro-schmalissimo-string-367e700\/#primaryimage","url":"https:\/\/www.wojoer.de\/wp-content\/uploads\/2018\/07\/367E700_redblack_Schmalissimo_side_wojoer.jpg","contentUrl":"https:\/\/www.wojoer.de\/wp-content\/uploads\/2018\/07\/367E700_redblack_Schmalissimo_side_wojoer.jpg","width":2002,"height":2002,"caption":"Micro String, Herren, super strechy, Kunstledereinfassung"},{"@type":"BreadcrumbList","@id":"https:\/\/www.wojoer.de\/produkt\/redblack-micro-schmalissimo-string-367e700\/#breadcrumb","itemListElement":[{"@type":"ListItem","position":1,"name":"Startseite","item":"https:\/\/www.wojoer.de\/"},{"@type":"ListItem","position":2,"name":"SHOP","item":"https:\/\/www.wojoer.de\/shop\/"},{"@type":"ListItem","position":3,"name":"Redblack Micro Schmalissimo String"}]},{"@type":"WebSite","@id":"https:\/\/www.wojoer.de\/#website","url":"https:\/\/www.wojoer.de\/","name":"WOJOER","description":"clubwear for men","publisher":{"@id":"https:\/\/www.wojoer.de\/#organization"},"potentialAction":[{"@type":"SearchAction","target":{"@type":"EntryPoint","urlTemplate":"https:\/\/www.wojoer.de\/?s={search_term_string}"},"query-input":{"@type":"PropertyValueSpecification","valueRequired":true,"valueName":"search_term_string"}}],"inLanguage":"en-GB"},{"@type":"Organization","@id":"https:\/\/www.wojoer.de\/#organization","name":"Wonneberger-Manufaktur","url":"https:\/\/www.wojoer.de\/","logo":{"@type":"ImageObject","inLanguage":"en-GB","@id":"https:\/\/www.wojoer.de\/#\/schema\/logo\/image\/","url":"https:\/\/www.wojoer.de\/wp-content\/uploads\/2016\/11\/wonnebergermanufaktur_logo_BUTTON.png","contentUrl":"https:\/\/www.wojoer.de\/wp-content\/uploads\/2016\/11\/wonnebergermanufaktur_logo_BUTTON.png","width":765,"height":765,"caption":"Wonneberger-Manufaktur"},"image":{"@id":"https:\/\/www.wojoer.de\/#\/schema\/logo\/image\/"},"sameAs":["https:\/\/www.facebook.com\/wojoer\/","https:\/\/de.pinterest.com\/W0J0ER\/"]}]}},"_links":{"self":[{"href":"https:\/\/www.wojoer.de\/en\/wp-json\/wp\/v2\/product\/11528","targetHints":{"allow":["GET"]}}],"collection":[{"href":"https:\/\/www.wojoer.de\/en\/wp-json\/wp\/v2\/product"}],"about":[{"href":"https:\/\/www.wojoer.de\/en\/wp-json\/wp\/v2\/types\/product"}],"replies":[{"embeddable":true,"href":"https:\/\/www.wojoer.de\/en\/wp-json\/wp\/v2\/comments?post=11528"}],"wp:featuredmedia":[{"embeddable":true,"href":"https:\/\/www.wojoer.de\/en\/wp-json\/wp\/v2\/media\/10808"}],"wp:attachment":[{"href":"https:\/\/www.wojoer.de\/en\/wp-json\/wp\/v2\/media?parent=11528"}],"wp:term":[{"taxonomy":"product_brand","embeddable":true,"href":"https:\/\/www.wojoer.de\/en\/wp-json\/wp\/v2\/product_brand?post=11528"},{"taxonomy":"product_cat","embeddable":true,"href":"https:\/\/www.wojoer.de\/en\/wp-json\/wp\/v2\/product_cat?post=11528"},{"taxonomy":"product_tag","embeddable":true,"href":"https:\/\/www.wojoer.de\/en\/wp-json\/wp\/v2\/product_tag?post=11528"}],"curies":[{"name":"wp","href":"https:\/\/api.w.org\/{rel}","templated":true}]}}