{"id":11553,"date":"2018-11-26T10:15:23","date_gmt":"2018-11-26T09:15:23","guid":{"rendered":"https:\/\/www.wojoer.de\/produkt\/redblack-micro-leggings-367w425\/"},"modified":"2024-12-12T07:56:06","modified_gmt":"2024-12-12T06:56:06","slug":"redblack-micro-leggings-367w425","status":"publish","type":"product","link":"https:\/\/www.wojoer.de\/en\/produkt\/redblack-micro-leggings-367w425\/","title":{"rendered":"Redblack Micro Leggings"},"content":{"rendered":"<p>Die matt-gl\u00e4nzende Micro Leggings mit roter Kunstledereinfassung 0367-H007 geh\u00f6rt zu den Wojoer LIVE-Produkten. Das hei\u00dft diese wird ab Bestellung bei uns produziert, so k\u00f6nnen wir auf Kundenw\u00fcnsche individuell eingehen.<\/p>\n<h3>Gr\u00f6\u00dfen<\/h3>\n<p>Erh\u00e4ltlich in den Gr\u00f6\u00dfen S, M, L, XL<\/p>\n<h3>Materialzusammensetzung<\/h3>\n<p>schwarzer Microstoff: Nylon 73%, Elasthan 27%<\/p>\n<p>Kunstleder: 100% Polyester<\/p>\n<h3>Besonderheiten<\/h3>\n<p><a href=\"http:\/\/www.wojoer.de\/?s=LIVE&#038;post_type=product\">LIVE-Produkt<\/a>\u00a0 | matt gl\u00e4nzendes Micro | super stretchy | rote Kunstledereinfassung | schmale Optik | hochwertige Verarbeitung &#8220;Made in Germany&#8221;<\/p>\n<h3>Benutzerhinweise<\/h3>\n<p>Handw\u00e4sche | nicht mit Leder, Kunstleder oder Polyurethan beschichteten Textilien in Ber\u00fchrung kommen lassen, da sich das rote Kunstleder sonst verf\u00e4rben k\u00f6nnte<\/p>\n<h3>REDBLACK MICRO LEGGINGS- strechy Micro Hose mit aufregend roter Kunstledereinfassung<\/h3>\n<p>Dieser super leichte und matt-gl\u00e4nzende Microstoff umh\u00fcllt dich wie eine zweite Haut, pure Verschmelzung! Auf der einen Seite ist er super leicht und wahnsinnig flexibel. Und auf der anderen Seite schnell trocknend. Damit wird diese Leggings zum perfekten Begleiter nach feuchten, hei\u00dfen Stunden. Nicht nur das, denn die feurig roten Linien aus weichen Lederimitat umrahmen kunstvoll deine H\u00fcften und dein Suspensorium, welches leicht angehoben wird &#8211; damit wirst du zum Star des Abends!<\/p>\n","protected":false},"excerpt":{"rendered":"<p>Die matt-gl\u00e4nzende Micro Leggings mit roter Kunstledereinfassung 0367-H007 geh\u00f6rt zu den Wojoer LIVE-Produkten. Das hei\u00dft diese wird ab Bestellung bei uns produziert, so k\u00f6nnen wir auf Kundenw\u00fcnsche individuell eingehen.<br \/>\nGr\u00f6\u00dfen<br \/>\nErh\u00e4ltlich in den Gr\u00f6\u00dfen S, M, L, XL<br \/>\nMaterialzusammensetzung<br \/>\nschwarzer Microstoff: Nylon 73%, Elasthan\u2026<\/p>\n","protected":false},"featured_media":10820,"comment_status":"open","ping_status":"closed","template":"","meta":[],"product_brand":[],"product_cat":[826,116,473,195,326],"product_tag":[424,194,425,244,428],"class_list":{"0":"post-11553","1":"product","2":"type-product","3":"status-publish","4":"has-post-thumbnail","6":"product_cat-367-redblack","7":"product_cat-clubwear","8":"product_cat-men","9":"product_cat-produktion-auf-bestellung-liveproduktion","10":"product_cat-wojoer","11":"product_tag-dehnbar","12":"product_tag-leatherlike","13":"product_tag-ledereinfassung","14":"product_tag-leggings","15":"product_tag-micro","16":"product_shipping_class-beun","17":"pa_groesse-l","18":"pa_groesse-m","19":"pa_groesse-s","20":"pa_groesse-xl","21":"pif-has-gallery","22":"post-1","23":"odd","25":"first","26":"instock","27":"taxable","28":"shipping-taxable","29":"purchasable","30":"product-type-variable","31":"has-default-attributes"},"yoast_head":"<!-- This site is optimized with the Yoast SEO plugin v27.2 - https:\/\/yoast.com\/product\/yoast-seo-wordpress\/ -->\n<title>matt-gl\u00e4nzende Micro Leggings | super stretchy | rote Kunstledereinfassung | WOJOER<\/title>\n<meta name=\"description\" content=\"Micro Leggings, matt-gl\u00e4nzend - super strechy mit aufregend roter Kunstledereinfassung, Leatherlike, Jetzt online versandkostenfrei innerhalb Deutschlands bestellen.\" \/>\n<meta name=\"robots\" content=\"index, follow, max-snippet:-1, max-image-preview:large, max-video-preview:-1\" \/>\n<link rel=\"canonical\" href=\"https:\/\/www.wojoer.de\/en\/produkt\/redblack-micro-leggings-367w425\/\" \/>\n<meta name=\"twitter:card\" content=\"summary_large_image\" \/>\n<meta name=\"twitter:title\" content=\"matt-gl\u00e4nzende Micro Leggings | super stretchy | rote Kunstledereinfassung | WOJOER\" \/>\n<meta name=\"twitter:description\" content=\"Micro Leggings, matt-gl\u00e4nzend - super strechy mit aufregend roter Kunstledereinfassung, Leatherlike, Jetzt online versandkostenfrei innerhalb Deutschlands bestellen.\" \/>\n<meta name=\"twitter:image\" content=\"https:\/\/www.wojoer.de\/wp-content\/uploads\/2018\/07\/367W425_redblack_leggings_side__wojoer.jpg\" \/>\n<meta name=\"twitter:label1\" content=\"Estimated reading time\" \/>\n\t<meta name=\"twitter:data1\" content=\"1 minute\" \/>\n<script type=\"application\/ld+json\" class=\"yoast-schema-graph\">{\"@context\":\"https:\/\/schema.org\",\"@graph\":[{\"@type\":\"WebPage\",\"@id\":\"https:\/\/www.wojoer.de\/produkt\/redblack-micro-leggings-367w425\/\",\"url\":\"https:\/\/www.wojoer.de\/produkt\/redblack-micro-leggings-367w425\/\",\"name\":\"matt-gl\u00e4nzende Micro Leggings | super stretchy | rote Kunstledereinfassung | WOJOER\",\"isPartOf\":{\"@id\":\"https:\/\/www.wojoer.de\/#website\"},\"primaryImageOfPage\":{\"@id\":\"https:\/\/www.wojoer.de\/produkt\/redblack-micro-leggings-367w425\/#primaryimage\"},\"image\":{\"@id\":\"https:\/\/www.wojoer.de\/produkt\/redblack-micro-leggings-367w425\/#primaryimage\"},\"thumbnailUrl\":\"https:\/\/www.wojoer.de\/wp-content\/uploads\/2018\/07\/367W425_redblack_leggings_side__wojoer.jpg\",\"datePublished\":\"2018-11-26T09:15:23+00:00\",\"dateModified\":\"2024-12-12T06:56:06+00:00\",\"description\":\"Micro Leggings, matt-gl\u00e4nzend - super strechy mit aufregend roter Kunstledereinfassung, Leatherlike, Jetzt online versandkostenfrei innerhalb Deutschlands bestellen.\",\"breadcrumb\":{\"@id\":\"https:\/\/www.wojoer.de\/produkt\/redblack-micro-leggings-367w425\/#breadcrumb\"},\"inLanguage\":\"en-GB\",\"potentialAction\":[{\"@type\":\"ReadAction\",\"target\":[\"https:\/\/www.wojoer.de\/produkt\/redblack-micro-leggings-367w425\/\"]}]},{\"@type\":\"ImageObject\",\"inLanguage\":\"en-GB\",\"@id\":\"https:\/\/www.wojoer.de\/produkt\/redblack-micro-leggings-367w425\/#primaryimage\",\"url\":\"https:\/\/www.wojoer.de\/wp-content\/uploads\/2018\/07\/367W425_redblack_leggings_side__wojoer.jpg\",\"contentUrl\":\"https:\/\/www.wojoer.de\/wp-content\/uploads\/2018\/07\/367W425_redblack_leggings_side__wojoer.jpg\",\"width\":2002,\"height\":2002,\"caption\":\"Micro Leggings, Herren, super strechy, Kunstledereinfassung\"},{\"@type\":\"BreadcrumbList\",\"@id\":\"https:\/\/www.wojoer.de\/produkt\/redblack-micro-leggings-367w425\/#breadcrumb\",\"itemListElement\":[{\"@type\":\"ListItem\",\"position\":1,\"name\":\"Startseite\",\"item\":\"https:\/\/www.wojoer.de\/\"},{\"@type\":\"ListItem\",\"position\":2,\"name\":\"SHOP\",\"item\":\"https:\/\/www.wojoer.de\/shop\/\"},{\"@type\":\"ListItem\",\"position\":3,\"name\":\"Redblack Micro Leggings\"}]},{\"@type\":\"WebSite\",\"@id\":\"https:\/\/www.wojoer.de\/#website\",\"url\":\"https:\/\/www.wojoer.de\/\",\"name\":\"WOJOER\",\"description\":\"clubwear for men\",\"publisher\":{\"@id\":\"https:\/\/www.wojoer.de\/#organization\"},\"potentialAction\":[{\"@type\":\"SearchAction\",\"target\":{\"@type\":\"EntryPoint\",\"urlTemplate\":\"https:\/\/www.wojoer.de\/?s={search_term_string}\"},\"query-input\":{\"@type\":\"PropertyValueSpecification\",\"valueRequired\":true,\"valueName\":\"search_term_string\"}}],\"inLanguage\":\"en-GB\"},{\"@type\":\"Organization\",\"@id\":\"https:\/\/www.wojoer.de\/#organization\",\"name\":\"Wonneberger-Manufaktur\",\"url\":\"https:\/\/www.wojoer.de\/\",\"logo\":{\"@type\":\"ImageObject\",\"inLanguage\":\"en-GB\",\"@id\":\"https:\/\/www.wojoer.de\/#\/schema\/logo\/image\/\",\"url\":\"https:\/\/www.wojoer.de\/wp-content\/uploads\/2016\/11\/wonnebergermanufaktur_logo_BUTTON.png\",\"contentUrl\":\"https:\/\/www.wojoer.de\/wp-content\/uploads\/2016\/11\/wonnebergermanufaktur_logo_BUTTON.png\",\"width\":765,\"height\":765,\"caption\":\"Wonneberger-Manufaktur\"},\"image\":{\"@id\":\"https:\/\/www.wojoer.de\/#\/schema\/logo\/image\/\"},\"sameAs\":[\"https:\/\/www.facebook.com\/wojoer\/\",\"https:\/\/de.pinterest.com\/W0J0ER\/\"]}]}<\/script>\n<!-- \/ Yoast SEO plugin. -->","yoast_head_json":{"title":"matt-gl\u00e4nzende Micro Leggings | super stretchy | rote Kunstledereinfassung | WOJOER","description":"Micro Leggings, matt-gl\u00e4nzend - super strechy mit aufregend roter Kunstledereinfassung, Leatherlike, Jetzt online versandkostenfrei innerhalb Deutschlands bestellen.","robots":{"index":"index","follow":"follow","max-snippet":"max-snippet:-1","max-image-preview":"max-image-preview:large","max-video-preview":"max-video-preview:-1"},"canonical":"https:\/\/www.wojoer.de\/en\/produkt\/redblack-micro-leggings-367w425\/","twitter_card":"summary_large_image","twitter_title":"matt-gl\u00e4nzende Micro Leggings | super stretchy | rote Kunstledereinfassung | WOJOER","twitter_description":"Micro Leggings, matt-gl\u00e4nzend - super strechy mit aufregend roter Kunstledereinfassung, Leatherlike, Jetzt online versandkostenfrei innerhalb Deutschlands bestellen.","twitter_image":"https:\/\/www.wojoer.de\/wp-content\/uploads\/2018\/07\/367W425_redblack_leggings_side__wojoer.jpg","twitter_misc":{"Estimated reading time":"1 minute"},"schema":{"@context":"https:\/\/schema.org","@graph":[{"@type":"WebPage","@id":"https:\/\/www.wojoer.de\/produkt\/redblack-micro-leggings-367w425\/","url":"https:\/\/www.wojoer.de\/produkt\/redblack-micro-leggings-367w425\/","name":"matt-gl\u00e4nzende Micro Leggings | super stretchy | rote Kunstledereinfassung | WOJOER","isPartOf":{"@id":"https:\/\/www.wojoer.de\/#website"},"primaryImageOfPage":{"@id":"https:\/\/www.wojoer.de\/produkt\/redblack-micro-leggings-367w425\/#primaryimage"},"image":{"@id":"https:\/\/www.wojoer.de\/produkt\/redblack-micro-leggings-367w425\/#primaryimage"},"thumbnailUrl":"https:\/\/www.wojoer.de\/wp-content\/uploads\/2018\/07\/367W425_redblack_leggings_side__wojoer.jpg","datePublished":"2018-11-26T09:15:23+00:00","dateModified":"2024-12-12T06:56:06+00:00","description":"Micro Leggings, matt-gl\u00e4nzend - super strechy mit aufregend roter Kunstledereinfassung, Leatherlike, Jetzt online versandkostenfrei innerhalb Deutschlands bestellen.","breadcrumb":{"@id":"https:\/\/www.wojoer.de\/produkt\/redblack-micro-leggings-367w425\/#breadcrumb"},"inLanguage":"en-GB","potentialAction":[{"@type":"ReadAction","target":["https:\/\/www.wojoer.de\/produkt\/redblack-micro-leggings-367w425\/"]}]},{"@type":"ImageObject","inLanguage":"en-GB","@id":"https:\/\/www.wojoer.de\/produkt\/redblack-micro-leggings-367w425\/#primaryimage","url":"https:\/\/www.wojoer.de\/wp-content\/uploads\/2018\/07\/367W425_redblack_leggings_side__wojoer.jpg","contentUrl":"https:\/\/www.wojoer.de\/wp-content\/uploads\/2018\/07\/367W425_redblack_leggings_side__wojoer.jpg","width":2002,"height":2002,"caption":"Micro Leggings, Herren, super strechy, Kunstledereinfassung"},{"@type":"BreadcrumbList","@id":"https:\/\/www.wojoer.de\/produkt\/redblack-micro-leggings-367w425\/#breadcrumb","itemListElement":[{"@type":"ListItem","position":1,"name":"Startseite","item":"https:\/\/www.wojoer.de\/"},{"@type":"ListItem","position":2,"name":"SHOP","item":"https:\/\/www.wojoer.de\/shop\/"},{"@type":"ListItem","position":3,"name":"Redblack Micro Leggings"}]},{"@type":"WebSite","@id":"https:\/\/www.wojoer.de\/#website","url":"https:\/\/www.wojoer.de\/","name":"WOJOER","description":"clubwear for men","publisher":{"@id":"https:\/\/www.wojoer.de\/#organization"},"potentialAction":[{"@type":"SearchAction","target":{"@type":"EntryPoint","urlTemplate":"https:\/\/www.wojoer.de\/?s={search_term_string}"},"query-input":{"@type":"PropertyValueSpecification","valueRequired":true,"valueName":"search_term_string"}}],"inLanguage":"en-GB"},{"@type":"Organization","@id":"https:\/\/www.wojoer.de\/#organization","name":"Wonneberger-Manufaktur","url":"https:\/\/www.wojoer.de\/","logo":{"@type":"ImageObject","inLanguage":"en-GB","@id":"https:\/\/www.wojoer.de\/#\/schema\/logo\/image\/","url":"https:\/\/www.wojoer.de\/wp-content\/uploads\/2016\/11\/wonnebergermanufaktur_logo_BUTTON.png","contentUrl":"https:\/\/www.wojoer.de\/wp-content\/uploads\/2016\/11\/wonnebergermanufaktur_logo_BUTTON.png","width":765,"height":765,"caption":"Wonneberger-Manufaktur"},"image":{"@id":"https:\/\/www.wojoer.de\/#\/schema\/logo\/image\/"},"sameAs":["https:\/\/www.facebook.com\/wojoer\/","https:\/\/de.pinterest.com\/W0J0ER\/"]}]}},"_links":{"self":[{"href":"https:\/\/www.wojoer.de\/en\/wp-json\/wp\/v2\/product\/11553","targetHints":{"allow":["GET"]}}],"collection":[{"href":"https:\/\/www.wojoer.de\/en\/wp-json\/wp\/v2\/product"}],"about":[{"href":"https:\/\/www.wojoer.de\/en\/wp-json\/wp\/v2\/types\/product"}],"replies":[{"embeddable":true,"href":"https:\/\/www.wojoer.de\/en\/wp-json\/wp\/v2\/comments?post=11553"}],"wp:featuredmedia":[{"embeddable":true,"href":"https:\/\/www.wojoer.de\/en\/wp-json\/wp\/v2\/media\/10820"}],"wp:attachment":[{"href":"https:\/\/www.wojoer.de\/en\/wp-json\/wp\/v2\/media?parent=11553"}],"wp:term":[{"taxonomy":"product_brand","embeddable":true,"href":"https:\/\/www.wojoer.de\/en\/wp-json\/wp\/v2\/product_brand?post=11553"},{"taxonomy":"product_cat","embeddable":true,"href":"https:\/\/www.wojoer.de\/en\/wp-json\/wp\/v2\/product_cat?post=11553"},{"taxonomy":"product_tag","embeddable":true,"href":"https:\/\/www.wojoer.de\/en\/wp-json\/wp\/v2\/product_tag?post=11553"}],"curies":[{"name":"wp","href":"https:\/\/api.w.org\/{rel}","templated":true}]}}