{"id":11584,"date":"2018-12-18T07:00:29","date_gmt":"2018-12-18T06:00:29","guid":{"rendered":"https:\/\/www.wojoer.de\/produkt\/powerpren-mini-hipster-368w436\/"},"modified":"2021-11-17T17:51:35","modified_gmt":"2021-11-17T16:51:35","slug":"powerpren-mini-hipster-368w436","status":"publish","type":"product","link":"https:\/\/www.wojoer.de\/en\/produkt\/powerpren-mini-hipster-368w436\/","title":{"rendered":"Powerpren Mini Hipster 368W436"},"content":{"rendered":"<p>Die durchsichtige, badetaugliche Powerpren Mini Hipster mit glatthaut Neopren 368W436 geh\u00f6rt zu den Wojoer LIVE-Produkten. Das hei\u00dft er wird ab Bestellung bei uns produziert, so k\u00f6nnen wir auf Kundenw\u00fcnsche individuell eingehen.<\/p>\n<h3>Gr\u00f6\u00dfen<\/h3>\n<p>Erh\u00e4ltlich in den Gr\u00f6\u00dfen S, M, L, XL<\/p>\n<h3>Materialzusammensetzung<\/h3>\n<p>schwarzer Microstoff: Polyester 94%, Elasthan 6%<\/p>\n<p>Neopren: 100% Neopren<\/p>\n<h3>Besonderheiten<\/h3>\n<p><a href=\"http:\/\/www.wojoer.de\/?s=LIVE&#038;post_type=product\">LIVE-Produkt<\/a>\u00a0 | mattes glatthaut Neopren | anschmiegsam | Powernet | durchsichtig | badetauglich | Push-Up am Suspensorium | hochwertige Verarbeitung &#8220;Made in Germany&#8221;<\/p>\n<h3>Benutzerhinweise<\/h3>\n<p>Handw\u00e4sche | badetauglich, Chlor- und Salzwasserresistent<\/p>\n<h3>POWERPREN MINI HIPSTER- durchsichtige Hipster mit glatthaut Neopren<\/h3>\n<p>Dieser eng anliegende Hipster ist durchschimmernde Lust &#8211; ein Hauch von Nichts. Denn die feine, extrem dehnbare Materialit\u00e4t gew\u00e4hrt gerade mal so viel Einblick, um die Spannung ins Unermessliche zu steigern. Jede Adonis Kurve wird mit einem federweichen Gef\u00fchl und tiefen Kontrasten umschmeichelt. Dennoch ist der Powernet Hipster nicht nur wahnsinnig reizend anzusehen, der Bund aus angenehm weichen und anschmiegsamen Neopren sorgt f\u00fcr perfekten Sitz. Zu guter letzt sorgt auch das Neopren am Suspensorium f\u00fcr einen tollen Hebeeffekt und sorgt f\u00fcr spannungsvollen Reiz!<\/p>\n","protected":false},"excerpt":{"rendered":"<p>Die durchsichtige, badetaugliche Powerpren Mini Hipster mit glatthaut Neopren 368W436 geh\u00f6rt zu den Wojoer LIVE-Produkten. Das hei\u00dft er wird ab Bestellung bei uns produziert, so k\u00f6nnen wir auf Kundenw\u00fcnsche individuell eingehen.<br \/>\nGr\u00f6\u00dfen<br \/>\nErh\u00e4ltlich in den Gr\u00f6\u00dfen S, M, L, XL<br \/>\nMaterialzusammensetzung<br \/>\nschwarzer Microstoff: Polyester\u2026<\/p>\n","protected":false},"featured_media":11601,"comment_status":"open","ping_status":"closed","template":"","meta":[],"product_brand":[],"product_cat":[112,827,115,473,195,326],"product_tag":[108,424,209,430,429,184,387],"class_list":{"0":"post-11584","1":"product","2":"type-product","3":"status-publish","4":"has-post-thumbnail","6":"product_cat-309-neopren","7":"product_cat-368-powerpren","8":"product_cat-beachwear","9":"product_cat-men","10":"product_cat-produktion-auf-bestellung-liveproduktion","11":"product_cat-wojoer","12":"product_tag-1beachwear","13":"product_tag-dehnbar","14":"product_tag-mini-hipster","15":"product_tag-powernet","16":"product_tag-powerpren","17":"product_tag-push-up","18":"product_tag-transparent","19":"product_shipping_class-neopren","20":"pa_groesse-l","21":"pa_groesse-m","22":"pa_groesse-s","23":"pa_groesse-xl","24":"pif-has-gallery","25":"post-1","26":"odd","28":"first","29":"onbackorder","30":"taxable","31":"shipping-taxable","32":"purchasable","33":"product-type-variable","34":"has-default-attributes"},"yoast_head":"<!-- This site is optimized with the Yoast SEO plugin v27.2 - https:\/\/yoast.com\/product\/yoast-seo-wordpress\/ -->\n<title>Powerpren Mini Hipster | durchsichtig | badetauglich | WOJOER<\/title>\n<meta name=\"description\" content=\"Powerpren Mini Hipster, glatthaut Neopren, durchsichtiges Powernet , Push-Up am Suspensorium, Jetzt online versandkostenfrei innerhalb Deutschlands bestellen.\" \/>\n<meta name=\"robots\" content=\"index, follow, max-snippet:-1, max-image-preview:large, max-video-preview:-1\" \/>\n<link rel=\"canonical\" href=\"https:\/\/www.wojoer.de\/en\/produkt\/powerpren-mini-hipster-368w436\/\" \/>\n<meta name=\"twitter:card\" content=\"summary_large_image\" \/>\n<meta name=\"twitter:title\" content=\"Powerpren Mini Hipster | durchsichtig | badetauglich | WOJOER\" \/>\n<meta name=\"twitter:description\" content=\"Powerpren Mini Hipster, glatthaut Neopren, durchsichtiges Powernet , Push-Up am Suspensorium, Jetzt online versandkostenfrei innerhalb Deutschlands bestellen.\" \/>\n<meta name=\"twitter:image\" content=\"https:\/\/www.wojoer.de\/wp-content\/uploads\/2018\/11\/368W436_powerpren_mini_hipster_gruen_side__wojoer.jpg\" \/>\n<meta name=\"twitter:label1\" content=\"Estimated reading time\" \/>\n\t<meta name=\"twitter:data1\" content=\"1 minute\" \/>\n<script type=\"application\/ld+json\" class=\"yoast-schema-graph\">{\"@context\":\"https:\/\/schema.org\",\"@graph\":[{\"@type\":\"WebPage\",\"@id\":\"https:\/\/www.wojoer.de\/en\/produkt\/powerpren-mini-hipster-368w436\/\",\"url\":\"https:\/\/www.wojoer.de\/en\/produkt\/powerpren-mini-hipster-368w436\/\",\"name\":\"Powerpren Mini Hipster | durchsichtig | badetauglich | WOJOER\",\"isPartOf\":{\"@id\":\"https:\/\/www.wojoer.de\/#website\"},\"primaryImageOfPage\":{\"@id\":\"https:\/\/www.wojoer.de\/en\/produkt\/powerpren-mini-hipster-368w436\/#primaryimage\"},\"image\":{\"@id\":\"https:\/\/www.wojoer.de\/en\/produkt\/powerpren-mini-hipster-368w436\/#primaryimage\"},\"thumbnailUrl\":\"https:\/\/www.wojoer.de\/wp-content\/uploads\/2018\/11\/368W436_powerpren_mini_hipster_gruen_side__wojoer.jpg\",\"datePublished\":\"2018-12-18T06:00:29+00:00\",\"dateModified\":\"2021-11-17T16:51:35+00:00\",\"description\":\"Powerpren Mini Hipster, glatthaut Neopren, durchsichtiges Powernet , Push-Up am Suspensorium, Jetzt online versandkostenfrei innerhalb Deutschlands bestellen.\",\"breadcrumb\":{\"@id\":\"https:\/\/www.wojoer.de\/en\/produkt\/powerpren-mini-hipster-368w436\/#breadcrumb\"},\"inLanguage\":\"en-GB\",\"potentialAction\":[{\"@type\":\"ReadAction\",\"target\":[\"https:\/\/www.wojoer.de\/en\/produkt\/powerpren-mini-hipster-368w436\/\"]}]},{\"@type\":\"ImageObject\",\"inLanguage\":\"en-GB\",\"@id\":\"https:\/\/www.wojoer.de\/en\/produkt\/powerpren-mini-hipster-368w436\/#primaryimage\",\"url\":\"https:\/\/www.wojoer.de\/wp-content\/uploads\/2018\/11\/368W436_powerpren_mini_hipster_gruen_side__wojoer.jpg\",\"contentUrl\":\"https:\/\/www.wojoer.de\/wp-content\/uploads\/2018\/11\/368W436_powerpren_mini_hipster_gruen_side__wojoer.jpg\",\"width\":2002,\"height\":2002,\"caption\":\"Neopren cheeky slip, Powernet, durchsichtig, Pushup, Neopren\"},{\"@type\":\"BreadcrumbList\",\"@id\":\"https:\/\/www.wojoer.de\/en\/produkt\/powerpren-mini-hipster-368w436\/#breadcrumb\",\"itemListElement\":[{\"@type\":\"ListItem\",\"position\":1,\"name\":\"Startseite\",\"item\":\"https:\/\/www.wojoer.de\/\"},{\"@type\":\"ListItem\",\"position\":2,\"name\":\"SHOP\",\"item\":\"https:\/\/www.wojoer.de\/shop\/\"},{\"@type\":\"ListItem\",\"position\":3,\"name\":\"Powerpren Mini Hipster 368W436\"}]},{\"@type\":\"WebSite\",\"@id\":\"https:\/\/www.wojoer.de\/#website\",\"url\":\"https:\/\/www.wojoer.de\/\",\"name\":\"WOJOER\",\"description\":\"clubwear for men\",\"publisher\":{\"@id\":\"https:\/\/www.wojoer.de\/#organization\"},\"potentialAction\":[{\"@type\":\"SearchAction\",\"target\":{\"@type\":\"EntryPoint\",\"urlTemplate\":\"https:\/\/www.wojoer.de\/?s={search_term_string}\"},\"query-input\":{\"@type\":\"PropertyValueSpecification\",\"valueRequired\":true,\"valueName\":\"search_term_string\"}}],\"inLanguage\":\"en-GB\"},{\"@type\":\"Organization\",\"@id\":\"https:\/\/www.wojoer.de\/#organization\",\"name\":\"Wonneberger-Manufaktur\",\"url\":\"https:\/\/www.wojoer.de\/\",\"logo\":{\"@type\":\"ImageObject\",\"inLanguage\":\"en-GB\",\"@id\":\"https:\/\/www.wojoer.de\/#\/schema\/logo\/image\/\",\"url\":\"https:\/\/www.wojoer.de\/wp-content\/uploads\/2016\/11\/wonnebergermanufaktur_logo_BUTTON.png\",\"contentUrl\":\"https:\/\/www.wojoer.de\/wp-content\/uploads\/2016\/11\/wonnebergermanufaktur_logo_BUTTON.png\",\"width\":765,\"height\":765,\"caption\":\"Wonneberger-Manufaktur\"},\"image\":{\"@id\":\"https:\/\/www.wojoer.de\/#\/schema\/logo\/image\/\"},\"sameAs\":[\"https:\/\/www.facebook.com\/wojoer\/\",\"https:\/\/de.pinterest.com\/W0J0ER\/\"]}]}<\/script>\n<!-- \/ Yoast SEO plugin. -->","yoast_head_json":{"title":"Powerpren Mini Hipster | durchsichtig | badetauglich | WOJOER","description":"Powerpren Mini Hipster, glatthaut Neopren, durchsichtiges Powernet , Push-Up am Suspensorium, Jetzt online versandkostenfrei innerhalb Deutschlands bestellen.","robots":{"index":"index","follow":"follow","max-snippet":"max-snippet:-1","max-image-preview":"max-image-preview:large","max-video-preview":"max-video-preview:-1"},"canonical":"https:\/\/www.wojoer.de\/en\/produkt\/powerpren-mini-hipster-368w436\/","twitter_card":"summary_large_image","twitter_title":"Powerpren Mini Hipster | durchsichtig | badetauglich | WOJOER","twitter_description":"Powerpren Mini Hipster, glatthaut Neopren, durchsichtiges Powernet , Push-Up am Suspensorium, Jetzt online versandkostenfrei innerhalb Deutschlands bestellen.","twitter_image":"https:\/\/www.wojoer.de\/wp-content\/uploads\/2018\/11\/368W436_powerpren_mini_hipster_gruen_side__wojoer.jpg","twitter_misc":{"Estimated reading time":"1 minute"},"schema":{"@context":"https:\/\/schema.org","@graph":[{"@type":"WebPage","@id":"https:\/\/www.wojoer.de\/en\/produkt\/powerpren-mini-hipster-368w436\/","url":"https:\/\/www.wojoer.de\/en\/produkt\/powerpren-mini-hipster-368w436\/","name":"Powerpren Mini Hipster | durchsichtig | badetauglich | WOJOER","isPartOf":{"@id":"https:\/\/www.wojoer.de\/#website"},"primaryImageOfPage":{"@id":"https:\/\/www.wojoer.de\/en\/produkt\/powerpren-mini-hipster-368w436\/#primaryimage"},"image":{"@id":"https:\/\/www.wojoer.de\/en\/produkt\/powerpren-mini-hipster-368w436\/#primaryimage"},"thumbnailUrl":"https:\/\/www.wojoer.de\/wp-content\/uploads\/2018\/11\/368W436_powerpren_mini_hipster_gruen_side__wojoer.jpg","datePublished":"2018-12-18T06:00:29+00:00","dateModified":"2021-11-17T16:51:35+00:00","description":"Powerpren Mini Hipster, glatthaut Neopren, durchsichtiges Powernet , Push-Up am Suspensorium, Jetzt online versandkostenfrei innerhalb Deutschlands bestellen.","breadcrumb":{"@id":"https:\/\/www.wojoer.de\/en\/produkt\/powerpren-mini-hipster-368w436\/#breadcrumb"},"inLanguage":"en-GB","potentialAction":[{"@type":"ReadAction","target":["https:\/\/www.wojoer.de\/en\/produkt\/powerpren-mini-hipster-368w436\/"]}]},{"@type":"ImageObject","inLanguage":"en-GB","@id":"https:\/\/www.wojoer.de\/en\/produkt\/powerpren-mini-hipster-368w436\/#primaryimage","url":"https:\/\/www.wojoer.de\/wp-content\/uploads\/2018\/11\/368W436_powerpren_mini_hipster_gruen_side__wojoer.jpg","contentUrl":"https:\/\/www.wojoer.de\/wp-content\/uploads\/2018\/11\/368W436_powerpren_mini_hipster_gruen_side__wojoer.jpg","width":2002,"height":2002,"caption":"Neopren cheeky slip, Powernet, durchsichtig, Pushup, Neopren"},{"@type":"BreadcrumbList","@id":"https:\/\/www.wojoer.de\/en\/produkt\/powerpren-mini-hipster-368w436\/#breadcrumb","itemListElement":[{"@type":"ListItem","position":1,"name":"Startseite","item":"https:\/\/www.wojoer.de\/"},{"@type":"ListItem","position":2,"name":"SHOP","item":"https:\/\/www.wojoer.de\/shop\/"},{"@type":"ListItem","position":3,"name":"Powerpren Mini Hipster 368W436"}]},{"@type":"WebSite","@id":"https:\/\/www.wojoer.de\/#website","url":"https:\/\/www.wojoer.de\/","name":"WOJOER","description":"clubwear for men","publisher":{"@id":"https:\/\/www.wojoer.de\/#organization"},"potentialAction":[{"@type":"SearchAction","target":{"@type":"EntryPoint","urlTemplate":"https:\/\/www.wojoer.de\/?s={search_term_string}"},"query-input":{"@type":"PropertyValueSpecification","valueRequired":true,"valueName":"search_term_string"}}],"inLanguage":"en-GB"},{"@type":"Organization","@id":"https:\/\/www.wojoer.de\/#organization","name":"Wonneberger-Manufaktur","url":"https:\/\/www.wojoer.de\/","logo":{"@type":"ImageObject","inLanguage":"en-GB","@id":"https:\/\/www.wojoer.de\/#\/schema\/logo\/image\/","url":"https:\/\/www.wojoer.de\/wp-content\/uploads\/2016\/11\/wonnebergermanufaktur_logo_BUTTON.png","contentUrl":"https:\/\/www.wojoer.de\/wp-content\/uploads\/2016\/11\/wonnebergermanufaktur_logo_BUTTON.png","width":765,"height":765,"caption":"Wonneberger-Manufaktur"},"image":{"@id":"https:\/\/www.wojoer.de\/#\/schema\/logo\/image\/"},"sameAs":["https:\/\/www.facebook.com\/wojoer\/","https:\/\/de.pinterest.com\/W0J0ER\/"]}]}},"_links":{"self":[{"href":"https:\/\/www.wojoer.de\/en\/wp-json\/wp\/v2\/product\/11584","targetHints":{"allow":["GET"]}}],"collection":[{"href":"https:\/\/www.wojoer.de\/en\/wp-json\/wp\/v2\/product"}],"about":[{"href":"https:\/\/www.wojoer.de\/en\/wp-json\/wp\/v2\/types\/product"}],"replies":[{"embeddable":true,"href":"https:\/\/www.wojoer.de\/en\/wp-json\/wp\/v2\/comments?post=11584"}],"wp:featuredmedia":[{"embeddable":true,"href":"https:\/\/www.wojoer.de\/en\/wp-json\/wp\/v2\/media\/11601"}],"wp:attachment":[{"href":"https:\/\/www.wojoer.de\/en\/wp-json\/wp\/v2\/media?parent=11584"}],"wp:term":[{"taxonomy":"product_brand","embeddable":true,"href":"https:\/\/www.wojoer.de\/en\/wp-json\/wp\/v2\/product_brand?post=11584"},{"taxonomy":"product_cat","embeddable":true,"href":"https:\/\/www.wojoer.de\/en\/wp-json\/wp\/v2\/product_cat?post=11584"},{"taxonomy":"product_tag","embeddable":true,"href":"https:\/\/www.wojoer.de\/en\/wp-json\/wp\/v2\/product_tag?post=11584"}],"curies":[{"name":"wp","href":"https:\/\/api.w.org\/{rel}","templated":true}]}}