{"id":11644,"date":"2025-11-30T06:50:39","date_gmt":"2025-11-30T05:50:39","guid":{"rendered":"https:\/\/www.wojoer.de\/produkt\/golden-line-mini-push-tanga-364b44\/"},"modified":"2026-01-05T09:54:22","modified_gmt":"2026-01-05T08:54:22","slug":"golden-line-mini-push-tanga-364b44","status":"publish","type":"product","link":"https:\/\/www.wojoer.de\/en\/produkt\/golden-line-mini-push-tanga-364b44\/","title":{"rendered":"GOLDEN LINE Mini Push Tanga 364D44"},"content":{"rendered":"<p>Der durchsichtige Gold Mini Push Tanga 364D44 mit gold gl\u00e4nzender Kunstledereinfassung, gibt\u2019s nur in limitierter Auflage \u2013 ONLYFORME!<\/p>\n<h3>Gr\u00f6\u00dfen<\/h3>\n<p>Erh\u00e4ltlich in den Gr\u00f6\u00dfen XS, XXS, S, M, L, XL<\/p>\n<h3>Materialzusammensetzung<\/h3>\n<p>GOLDEN LINE besteht aus super feinem, stark dehnbaren und robustes Netz: 96% Polyester | 6% Elasthan und<\/p>\n<p>die holografischen Einfassungen aus Lederimitat: 80% Polyester | 12% Polyurethan | 8% Elasthan<\/p>\n<h3>Besonderheiten<\/h3>\n<p><a href=\"http:\/\/www.wojoer.de\/?s=onlyforme&#038;post_type=product\">ONLYFORME<\/a> | besonders durchsichtig | sehr dehnbares Netzmaterial | super robust | hautenge Passform | gl\u00e4nzende Einfassung aus Lederimitat | hochwertige Verarbeitung &#8220;Made in Germany&#8221;<\/p>\n<h3>Benutzerhinweise<\/h3>\n<p>Handw\u00e4sche<\/p>\n<h3>GOLDEN LINE MINI PUSH TANGA &#8211; schillernder, durchsichtiger Push-Up Tanga<\/h3>\n<p>Ein Hauch von Nichts. Dieser Tanga ist durchschimmernde Lust. Denn seine feine, dehnbare Materialit\u00e4t gew\u00e4hrt gerade mal so viel Einblick, um die Spannung ins Unermessliche zu steigern. Dazu kommen der federweiche Tragekomfort und die tiefen Kontraste, die sich durch das transparente Powernet andeuten. Das i-T\u00fcpfelchen dazu bietet die hochwertige Einfassung aus gold schimmernden Lackstoff, der zu allerlei phantasievollen Spielchen animiert.<\/p>\n<p>&nbsp;<\/p>\n","protected":false},"excerpt":{"rendered":"<p>Der durchsichtige Gold Mini Push Tanga 364D44 mit gold gl\u00e4nzender Kunstledereinfassung, gibt\u2019s nur in limitierter Auflage \u2013 ONLYFORME!<br \/>\nGr\u00f6\u00dfen<br \/>\nErh\u00e4ltlich in den Gr\u00f6\u00dfen XS, XXS, S, M, L, XL<br \/>\nMaterialzusammensetzung<br \/>\nGOLDEN LINE besteht aus super feinem, stark dehnbaren und robustes Netz: 96% Polyester |\u2026<\/p>\n","protected":false},"featured_media":35774,"comment_status":"open","ping_status":"closed","template":"","meta":[],"product_brand":[],"product_cat":[342],"product_tag":[560,362,294,246,430,184,167],"class_list":{"0":"post-11644","1":"product","2":"type-product","3":"status-publish","4":"has-post-thumbnail","6":"product_cat-sale","7":"product_tag-glaenzend","8":"product_tag-holographic","9":"product_tag-lack","10":"product_tag-netz","11":"product_tag-powernet","12":"product_tag-push-up","13":"product_tag-tanga","14":"product_shipping_class-beun","15":"pa_groesse-l","16":"pa_groesse-m","17":"pa_groesse-s","18":"pa_groesse-xl","19":"pa_groesse-xs","20":"pa_groesse-xxs","21":"pif-has-gallery","22":"post-1","23":"odd","25":"first","26":"instock","27":"sale","28":"taxable","29":"shipping-taxable","30":"purchasable","31":"product-type-variable"},"yoast_head":"<!-- This site is optimized with the Yoast SEO plugin v27.2 - https:\/\/yoast.com\/product\/yoast-seo-wordpress\/ -->\n<title>Gold Mini Push Tanga | Powernet | gl\u00e4nzendes Lederimitat | WOJOER<\/title>\n<meta name=\"description\" content=\"Gold Mini Push Tanga schwarz mit gold schillernder Einfassung aus Kunstleder. Super anschmiegsam, luftig und unwiderstehlich sexy von WOJOER\" \/>\n<meta name=\"robots\" content=\"index, follow, max-snippet:-1, max-image-preview:large, max-video-preview:-1\" \/>\n<link rel=\"canonical\" href=\"https:\/\/www.wojoer.de\/en\/produkt\/golden-line-mini-push-tanga-364b44\/\" \/>\n<meta name=\"twitter:card\" content=\"summary_large_image\" \/>\n<meta name=\"twitter:title\" content=\"Gold Mini Push Tanga | Powernet | gl\u00e4nzendes Lederimitat | WOJOER\" \/>\n<meta name=\"twitter:description\" content=\"Gold Mini Push Tanga schwarz mit gold schillernder Einfassung aus Kunstleder. Super anschmiegsam, luftig und unwiderstehlich sexy von WOJOER\" \/>\n<meta name=\"twitter:image\" content=\"https:\/\/www.wojoer.de\/wp-content\/uploads\/2021\/06\/364B44_Golden_Line_mini_pshup_tanga_back_wojoer.jpg\" \/>\n<meta name=\"twitter:label1\" content=\"Estimated reading time\" \/>\n\t<meta name=\"twitter:data1\" content=\"1 minute\" \/>\n<script type=\"application\/ld+json\" class=\"yoast-schema-graph\">{\"@context\":\"https:\/\/schema.org\",\"@graph\":[{\"@type\":\"WebPage\",\"@id\":\"https:\/\/www.wojoer.de\/en\/produkt\/golden-line-mini-push-tanga-364b44\/\",\"url\":\"https:\/\/www.wojoer.de\/en\/produkt\/golden-line-mini-push-tanga-364b44\/\",\"name\":\"Gold Mini Push Tanga | Powernet | gl\u00e4nzendes Lederimitat | WOJOER\",\"isPartOf\":{\"@id\":\"https:\/\/www.wojoer.de\/#website\"},\"primaryImageOfPage\":{\"@id\":\"https:\/\/www.wojoer.de\/en\/produkt\/golden-line-mini-push-tanga-364b44\/#primaryimage\"},\"image\":{\"@id\":\"https:\/\/www.wojoer.de\/en\/produkt\/golden-line-mini-push-tanga-364b44\/#primaryimage\"},\"thumbnailUrl\":\"https:\/\/www.wojoer.de\/wp-content\/uploads\/2021\/06\/364B44_Golden_Line_mini_pshup_tanga_back_wojoer.jpg\",\"datePublished\":\"2025-11-30T05:50:39+00:00\",\"dateModified\":\"2026-01-05T08:54:22+00:00\",\"description\":\"Gold Mini Push Tanga schwarz mit gold schillernder Einfassung aus Kunstleder. Super anschmiegsam, luftig und unwiderstehlich sexy von WOJOER\",\"breadcrumb\":{\"@id\":\"https:\/\/www.wojoer.de\/en\/produkt\/golden-line-mini-push-tanga-364b44\/#breadcrumb\"},\"inLanguage\":\"en-GB\",\"potentialAction\":[{\"@type\":\"ReadAction\",\"target\":[\"https:\/\/www.wojoer.de\/en\/produkt\/golden-line-mini-push-tanga-364b44\/\"]}]},{\"@type\":\"ImageObject\",\"inLanguage\":\"en-GB\",\"@id\":\"https:\/\/www.wojoer.de\/en\/produkt\/golden-line-mini-push-tanga-364b44\/#primaryimage\",\"url\":\"https:\/\/www.wojoer.de\/wp-content\/uploads\/2021\/06\/364B44_Golden_Line_mini_pshup_tanga_back_wojoer.jpg\",\"contentUrl\":\"https:\/\/www.wojoer.de\/wp-content\/uploads\/2021\/06\/364B44_Golden_Line_mini_pshup_tanga_back_wojoer.jpg\",\"width\":2002,\"height\":2002},{\"@type\":\"BreadcrumbList\",\"@id\":\"https:\/\/www.wojoer.de\/en\/produkt\/golden-line-mini-push-tanga-364b44\/#breadcrumb\",\"itemListElement\":[{\"@type\":\"ListItem\",\"position\":1,\"name\":\"Startseite\",\"item\":\"https:\/\/www.wojoer.de\/\"},{\"@type\":\"ListItem\",\"position\":2,\"name\":\"SHOP\",\"item\":\"https:\/\/www.wojoer.de\/shop\/\"},{\"@type\":\"ListItem\",\"position\":3,\"name\":\"GOLDEN LINE Mini Push Tanga 364D44\"}]},{\"@type\":\"WebSite\",\"@id\":\"https:\/\/www.wojoer.de\/#website\",\"url\":\"https:\/\/www.wojoer.de\/\",\"name\":\"WOJOER\",\"description\":\"clubwear for men\",\"publisher\":{\"@id\":\"https:\/\/www.wojoer.de\/#organization\"},\"potentialAction\":[{\"@type\":\"SearchAction\",\"target\":{\"@type\":\"EntryPoint\",\"urlTemplate\":\"https:\/\/www.wojoer.de\/?s={search_term_string}\"},\"query-input\":{\"@type\":\"PropertyValueSpecification\",\"valueRequired\":true,\"valueName\":\"search_term_string\"}}],\"inLanguage\":\"en-GB\"},{\"@type\":\"Organization\",\"@id\":\"https:\/\/www.wojoer.de\/#organization\",\"name\":\"Wonneberger-Manufaktur\",\"url\":\"https:\/\/www.wojoer.de\/\",\"logo\":{\"@type\":\"ImageObject\",\"inLanguage\":\"en-GB\",\"@id\":\"https:\/\/www.wojoer.de\/#\/schema\/logo\/image\/\",\"url\":\"https:\/\/www.wojoer.de\/wp-content\/uploads\/2016\/11\/wonnebergermanufaktur_logo_BUTTON.png\",\"contentUrl\":\"https:\/\/www.wojoer.de\/wp-content\/uploads\/2016\/11\/wonnebergermanufaktur_logo_BUTTON.png\",\"width\":765,\"height\":765,\"caption\":\"Wonneberger-Manufaktur\"},\"image\":{\"@id\":\"https:\/\/www.wojoer.de\/#\/schema\/logo\/image\/\"},\"sameAs\":[\"https:\/\/www.facebook.com\/wojoer\/\",\"https:\/\/de.pinterest.com\/W0J0ER\/\"]}]}<\/script>\n<!-- \/ Yoast SEO plugin. -->","yoast_head_json":{"title":"Gold Mini Push Tanga | Powernet | gl\u00e4nzendes Lederimitat | WOJOER","description":"Gold Mini Push Tanga schwarz mit gold schillernder Einfassung aus Kunstleder. Super anschmiegsam, luftig und unwiderstehlich sexy von WOJOER","robots":{"index":"index","follow":"follow","max-snippet":"max-snippet:-1","max-image-preview":"max-image-preview:large","max-video-preview":"max-video-preview:-1"},"canonical":"https:\/\/www.wojoer.de\/en\/produkt\/golden-line-mini-push-tanga-364b44\/","twitter_card":"summary_large_image","twitter_title":"Gold Mini Push Tanga | Powernet | gl\u00e4nzendes Lederimitat | WOJOER","twitter_description":"Gold Mini Push Tanga schwarz mit gold schillernder Einfassung aus Kunstleder. Super anschmiegsam, luftig und unwiderstehlich sexy von WOJOER","twitter_image":"https:\/\/www.wojoer.de\/wp-content\/uploads\/2021\/06\/364B44_Golden_Line_mini_pshup_tanga_back_wojoer.jpg","twitter_misc":{"Estimated reading time":"1 minute"},"schema":{"@context":"https:\/\/schema.org","@graph":[{"@type":"WebPage","@id":"https:\/\/www.wojoer.de\/en\/produkt\/golden-line-mini-push-tanga-364b44\/","url":"https:\/\/www.wojoer.de\/en\/produkt\/golden-line-mini-push-tanga-364b44\/","name":"Gold Mini Push Tanga | Powernet | gl\u00e4nzendes Lederimitat | WOJOER","isPartOf":{"@id":"https:\/\/www.wojoer.de\/#website"},"primaryImageOfPage":{"@id":"https:\/\/www.wojoer.de\/en\/produkt\/golden-line-mini-push-tanga-364b44\/#primaryimage"},"image":{"@id":"https:\/\/www.wojoer.de\/en\/produkt\/golden-line-mini-push-tanga-364b44\/#primaryimage"},"thumbnailUrl":"https:\/\/www.wojoer.de\/wp-content\/uploads\/2021\/06\/364B44_Golden_Line_mini_pshup_tanga_back_wojoer.jpg","datePublished":"2025-11-30T05:50:39+00:00","dateModified":"2026-01-05T08:54:22+00:00","description":"Gold Mini Push Tanga schwarz mit gold schillernder Einfassung aus Kunstleder. Super anschmiegsam, luftig und unwiderstehlich sexy von WOJOER","breadcrumb":{"@id":"https:\/\/www.wojoer.de\/en\/produkt\/golden-line-mini-push-tanga-364b44\/#breadcrumb"},"inLanguage":"en-GB","potentialAction":[{"@type":"ReadAction","target":["https:\/\/www.wojoer.de\/en\/produkt\/golden-line-mini-push-tanga-364b44\/"]}]},{"@type":"ImageObject","inLanguage":"en-GB","@id":"https:\/\/www.wojoer.de\/en\/produkt\/golden-line-mini-push-tanga-364b44\/#primaryimage","url":"https:\/\/www.wojoer.de\/wp-content\/uploads\/2021\/06\/364B44_Golden_Line_mini_pshup_tanga_back_wojoer.jpg","contentUrl":"https:\/\/www.wojoer.de\/wp-content\/uploads\/2021\/06\/364B44_Golden_Line_mini_pshup_tanga_back_wojoer.jpg","width":2002,"height":2002},{"@type":"BreadcrumbList","@id":"https:\/\/www.wojoer.de\/en\/produkt\/golden-line-mini-push-tanga-364b44\/#breadcrumb","itemListElement":[{"@type":"ListItem","position":1,"name":"Startseite","item":"https:\/\/www.wojoer.de\/"},{"@type":"ListItem","position":2,"name":"SHOP","item":"https:\/\/www.wojoer.de\/shop\/"},{"@type":"ListItem","position":3,"name":"GOLDEN LINE Mini Push Tanga 364D44"}]},{"@type":"WebSite","@id":"https:\/\/www.wojoer.de\/#website","url":"https:\/\/www.wojoer.de\/","name":"WOJOER","description":"clubwear for men","publisher":{"@id":"https:\/\/www.wojoer.de\/#organization"},"potentialAction":[{"@type":"SearchAction","target":{"@type":"EntryPoint","urlTemplate":"https:\/\/www.wojoer.de\/?s={search_term_string}"},"query-input":{"@type":"PropertyValueSpecification","valueRequired":true,"valueName":"search_term_string"}}],"inLanguage":"en-GB"},{"@type":"Organization","@id":"https:\/\/www.wojoer.de\/#organization","name":"Wonneberger-Manufaktur","url":"https:\/\/www.wojoer.de\/","logo":{"@type":"ImageObject","inLanguage":"en-GB","@id":"https:\/\/www.wojoer.de\/#\/schema\/logo\/image\/","url":"https:\/\/www.wojoer.de\/wp-content\/uploads\/2016\/11\/wonnebergermanufaktur_logo_BUTTON.png","contentUrl":"https:\/\/www.wojoer.de\/wp-content\/uploads\/2016\/11\/wonnebergermanufaktur_logo_BUTTON.png","width":765,"height":765,"caption":"Wonneberger-Manufaktur"},"image":{"@id":"https:\/\/www.wojoer.de\/#\/schema\/logo\/image\/"},"sameAs":["https:\/\/www.facebook.com\/wojoer\/","https:\/\/de.pinterest.com\/W0J0ER\/"]}]}},"_links":{"self":[{"href":"https:\/\/www.wojoer.de\/en\/wp-json\/wp\/v2\/product\/11644","targetHints":{"allow":["GET"]}}],"collection":[{"href":"https:\/\/www.wojoer.de\/en\/wp-json\/wp\/v2\/product"}],"about":[{"href":"https:\/\/www.wojoer.de\/en\/wp-json\/wp\/v2\/types\/product"}],"replies":[{"embeddable":true,"href":"https:\/\/www.wojoer.de\/en\/wp-json\/wp\/v2\/comments?post=11644"}],"wp:featuredmedia":[{"embeddable":true,"href":"https:\/\/www.wojoer.de\/en\/wp-json\/wp\/v2\/media\/35774"}],"wp:attachment":[{"href":"https:\/\/www.wojoer.de\/en\/wp-json\/wp\/v2\/media?parent=11644"}],"wp:term":[{"taxonomy":"product_brand","embeddable":true,"href":"https:\/\/www.wojoer.de\/en\/wp-json\/wp\/v2\/product_brand?post=11644"},{"taxonomy":"product_cat","embeddable":true,"href":"https:\/\/www.wojoer.de\/en\/wp-json\/wp\/v2\/product_cat?post=11644"},{"taxonomy":"product_tag","embeddable":true,"href":"https:\/\/www.wojoer.de\/en\/wp-json\/wp\/v2\/product_tag?post=11644"}],"curies":[{"name":"wp","href":"https:\/\/api.w.org\/{rel}","templated":true}]}}