{"id":11664,"date":"2018-12-18T09:20:40","date_gmt":"2018-12-18T08:20:40","guid":{"rendered":"https:\/\/www.wojoer.de\/produkt\/golden-line-maske-364m3\/"},"modified":"2023-07-27T11:44:44","modified_gmt":"2023-07-27T09:44:44","slug":"golden-line-gold-maske-364m3","status":"publish","type":"product","link":"https:\/\/www.wojoer.de\/en\/produkt\/golden-line-gold-maske-364m3\/","title":{"rendered":"GOLDEN LINE Maske 364M3"},"content":{"rendered":"<p>Die aufregend vielseitige Gold Maske 364M3, aus gold gl\u00e4nzenden Lederimitat mit holografischen Effekt, gibt\u2019s nur in limitierter Auflage \u2013 ONLYFORME!<\/p>\n<h3>Gr\u00f6\u00dfen<\/h3>\n<p>Erh\u00e4ltlich in den Gr\u00f6\u00dfen SM, ML, LXL<\/p>\n<h3>Materialzusammensetzung<\/h3>\n<p>Lederimitat: 80% Polyester | 12% Polyurethan | 8% Elasthan<\/p>\n<h3>Besonderheiten<\/h3>\n<p><a href=\"http:\/\/www.wojoer.de\/?s=onlyforme&#038;post_type=product\">ONLYFORME<\/a> | holografischer Effekt | sehr dehnbares Lederimitat | hautenge Passform | gold gl\u00e4nzend | Lackeffekt | Druckknopfverschluss | hochwertige Verarbeitung &#8220;Made in Germany&#8221;<\/p>\n<h3>Benutzerhinweise<\/h3>\n<p>Handw\u00e4sche<\/p>\n<h3>GOLD MASKE &#8211; schillernde, vielseitige Maske mit holografischen Effekt<\/h3>\n<p>Peppe doch mal dein glossy Outfit mit einem wirklich ungew\u00f6hnlichen Accessoire auf &#8211; zum Beispiel mit dieser eleganten schimmernden B\u00e4ndermaske. Schmale Lack-Riemchen legen sich um deinen Kopf und sind vielseitig tragbar &#8211; genau richtig f\u00fcr deine jeweilige Stimmung. Damit dich niemand wegschnappt, ist der aufregende Kopfschmuck im Nacken mit einer Lasche versehen, an dem eine Leine angebracht werden kann. Mithilfe eines praktischen Druckknopfverschlusses kann das Halsband optimal verstellt und angepasst werden. Let us play, deiner Fantasie sind keine Grenzen gesetzt!<\/p>\n","protected":false},"excerpt":{"rendered":"<p>Die aufregend vielseitige Gold Maske 364M3, aus gold gl\u00e4nzenden Lederimitat mit holografischen Effekt, gibt\u2019s nur in limitierter Auflage \u2013 ONLYFORME!<br \/>\nGr\u00f6\u00dfen<br \/>\nErh\u00e4ltlich in den Gr\u00f6\u00dfen SM, ML, LXL<br \/>\nMaterialzusammensetzung<br \/>\nLederimitat: 80% Polyester | 12% Polyurethan | 8% Elasthan<br \/>\nBesonderheiten<br \/>\nONLYFORME | holografischer Effekt | sehr dehnbares\u2026<\/p>\n","protected":false},"featured_media":11501,"comment_status":"open","ping_status":"closed","template":"","meta":[],"product_brand":[],"product_cat":[291,116,473,270,326],"product_tag":[262,251,560,362,294,426],"class_list":{"0":"post-11664","1":"product","2":"type-product","3":"status-publish","4":"has-post-thumbnail","6":"product_cat-accessoires","7":"product_cat-clubwear","8":"product_cat-men","9":"product_cat-onlyforme","10":"product_cat-wojoer","11":"product_tag-accessoires","12":"product_tag-druckknopf","13":"product_tag-glaenzend","14":"product_tag-holographic","15":"product_tag-lack","16":"product_tag-maske","17":"product_shipping_class-beun","18":"pa_groesse-lxl","19":"pa_groesse-ml","20":"pa_groesse-sm","21":"pif-has-gallery","22":"post-1","23":"odd","25":"first","26":"instock","27":"taxable","28":"shipping-taxable","29":"purchasable","30":"product-type-variable"},"yoast_head":"<!-- This site is optimized with the Yoast SEO plugin v27.2 - https:\/\/yoast.com\/product\/yoast-seo-wordpress\/ -->\n<title>Gold Maske | holografisches Lederimitat | vielseitig verstellbar | WOJOER<\/title>\n<meta name=\"description\" content=\"Gold Maske aus gold gl\u00e4nzenden Lederimitat. Vielseitig verstellbar inspiriert diese zu phantasievollen Spielen. Aufregend!\" \/>\n<meta name=\"robots\" content=\"index, follow, max-snippet:-1, max-image-preview:large, max-video-preview:-1\" \/>\n<link rel=\"canonical\" href=\"https:\/\/www.wojoer.de\/en\/produkt\/golden-line-gold-maske-364m3\/\" \/>\n<meta name=\"twitter:card\" content=\"summary_large_image\" \/>\n<meta name=\"twitter:title\" content=\"Gold Maske | holografisches Lederimitat | vielseitig verstellbar | WOJOER\" \/>\n<meta name=\"twitter:description\" content=\"Gold Maske aus gold gl\u00e4nzenden Lederimitat. Vielseitig verstellbar inspiriert diese zu phantasievollen Spielen. Aufregend!\" \/>\n<meta name=\"twitter:image\" content=\"https:\/\/www.wojoer.de\/wp-content\/uploads\/2018\/11\/364M3_Golden_Line_Halsband_front_detail2_wojoer.jpg\" \/>\n<meta name=\"twitter:label1\" content=\"Estimated reading time\" \/>\n\t<meta name=\"twitter:data1\" content=\"1 minute\" \/>\n<script type=\"application\/ld+json\" class=\"yoast-schema-graph\">{\"@context\":\"https:\/\/schema.org\",\"@graph\":[{\"@type\":\"WebPage\",\"@id\":\"https:\/\/www.wojoer.de\/produkt\/golden-line-gold-maske-364m3\/\",\"url\":\"https:\/\/www.wojoer.de\/produkt\/golden-line-gold-maske-364m3\/\",\"name\":\"Gold Maske | holografisches Lederimitat | vielseitig verstellbar | WOJOER\",\"isPartOf\":{\"@id\":\"https:\/\/www.wojoer.de\/#website\"},\"primaryImageOfPage\":{\"@id\":\"https:\/\/www.wojoer.de\/produkt\/golden-line-gold-maske-364m3\/#primaryimage\"},\"image\":{\"@id\":\"https:\/\/www.wojoer.de\/produkt\/golden-line-gold-maske-364m3\/#primaryimage\"},\"thumbnailUrl\":\"https:\/\/www.wojoer.de\/wp-content\/uploads\/2018\/11\/364M3_Golden_Line_Halsband_front_detail2_wojoer.jpg\",\"datePublished\":\"2018-12-18T08:20:40+00:00\",\"dateModified\":\"2023-07-27T09:44:44+00:00\",\"description\":\"Gold Maske aus gold gl\u00e4nzenden Lederimitat. Vielseitig verstellbar inspiriert diese zu phantasievollen Spielen. Aufregend!\",\"breadcrumb\":{\"@id\":\"https:\/\/www.wojoer.de\/produkt\/golden-line-gold-maske-364m3\/#breadcrumb\"},\"inLanguage\":\"en-GB\",\"potentialAction\":[{\"@type\":\"ReadAction\",\"target\":[\"https:\/\/www.wojoer.de\/produkt\/golden-line-gold-maske-364m3\/\"]}]},{\"@type\":\"ImageObject\",\"inLanguage\":\"en-GB\",\"@id\":\"https:\/\/www.wojoer.de\/produkt\/golden-line-gold-maske-364m3\/#primaryimage\",\"url\":\"https:\/\/www.wojoer.de\/wp-content\/uploads\/2018\/11\/364M3_Golden_Line_Halsband_front_detail2_wojoer.jpg\",\"contentUrl\":\"https:\/\/www.wojoer.de\/wp-content\/uploads\/2018\/11\/364M3_Golden_Line_Halsband_front_detail2_wojoer.jpg\",\"width\":2002,\"height\":2002,\"caption\":\"Golden Line, Gold Maske, gold gl\u00e4nzendes Lederimitat, Lack, dehnbar, verstellbar\"},{\"@type\":\"BreadcrumbList\",\"@id\":\"https:\/\/www.wojoer.de\/produkt\/golden-line-gold-maske-364m3\/#breadcrumb\",\"itemListElement\":[{\"@type\":\"ListItem\",\"position\":1,\"name\":\"Startseite\",\"item\":\"https:\/\/www.wojoer.de\/\"},{\"@type\":\"ListItem\",\"position\":2,\"name\":\"SHOP\",\"item\":\"https:\/\/www.wojoer.de\/shop\/\"},{\"@type\":\"ListItem\",\"position\":3,\"name\":\"GOLDEN LINE Maske 364M3\"}]},{\"@type\":\"WebSite\",\"@id\":\"https:\/\/www.wojoer.de\/#website\",\"url\":\"https:\/\/www.wojoer.de\/\",\"name\":\"WOJOER\",\"description\":\"clubwear for men\",\"publisher\":{\"@id\":\"https:\/\/www.wojoer.de\/#organization\"},\"potentialAction\":[{\"@type\":\"SearchAction\",\"target\":{\"@type\":\"EntryPoint\",\"urlTemplate\":\"https:\/\/www.wojoer.de\/?s={search_term_string}\"},\"query-input\":{\"@type\":\"PropertyValueSpecification\",\"valueRequired\":true,\"valueName\":\"search_term_string\"}}],\"inLanguage\":\"en-GB\"},{\"@type\":\"Organization\",\"@id\":\"https:\/\/www.wojoer.de\/#organization\",\"name\":\"Wonneberger-Manufaktur\",\"url\":\"https:\/\/www.wojoer.de\/\",\"logo\":{\"@type\":\"ImageObject\",\"inLanguage\":\"en-GB\",\"@id\":\"https:\/\/www.wojoer.de\/#\/schema\/logo\/image\/\",\"url\":\"https:\/\/www.wojoer.de\/wp-content\/uploads\/2016\/11\/wonnebergermanufaktur_logo_BUTTON.png\",\"contentUrl\":\"https:\/\/www.wojoer.de\/wp-content\/uploads\/2016\/11\/wonnebergermanufaktur_logo_BUTTON.png\",\"width\":765,\"height\":765,\"caption\":\"Wonneberger-Manufaktur\"},\"image\":{\"@id\":\"https:\/\/www.wojoer.de\/#\/schema\/logo\/image\/\"},\"sameAs\":[\"https:\/\/www.facebook.com\/wojoer\/\",\"https:\/\/de.pinterest.com\/W0J0ER\/\"]}]}<\/script>\n<!-- \/ Yoast SEO plugin. -->","yoast_head_json":{"title":"Gold Maske | holografisches Lederimitat | vielseitig verstellbar | WOJOER","description":"Gold Maske aus gold gl\u00e4nzenden Lederimitat. Vielseitig verstellbar inspiriert diese zu phantasievollen Spielen. Aufregend!","robots":{"index":"index","follow":"follow","max-snippet":"max-snippet:-1","max-image-preview":"max-image-preview:large","max-video-preview":"max-video-preview:-1"},"canonical":"https:\/\/www.wojoer.de\/en\/produkt\/golden-line-gold-maske-364m3\/","twitter_card":"summary_large_image","twitter_title":"Gold Maske | holografisches Lederimitat | vielseitig verstellbar | WOJOER","twitter_description":"Gold Maske aus gold gl\u00e4nzenden Lederimitat. Vielseitig verstellbar inspiriert diese zu phantasievollen Spielen. Aufregend!","twitter_image":"https:\/\/www.wojoer.de\/wp-content\/uploads\/2018\/11\/364M3_Golden_Line_Halsband_front_detail2_wojoer.jpg","twitter_misc":{"Estimated reading time":"1 minute"},"schema":{"@context":"https:\/\/schema.org","@graph":[{"@type":"WebPage","@id":"https:\/\/www.wojoer.de\/produkt\/golden-line-gold-maske-364m3\/","url":"https:\/\/www.wojoer.de\/produkt\/golden-line-gold-maske-364m3\/","name":"Gold Maske | holografisches Lederimitat | vielseitig verstellbar | WOJOER","isPartOf":{"@id":"https:\/\/www.wojoer.de\/#website"},"primaryImageOfPage":{"@id":"https:\/\/www.wojoer.de\/produkt\/golden-line-gold-maske-364m3\/#primaryimage"},"image":{"@id":"https:\/\/www.wojoer.de\/produkt\/golden-line-gold-maske-364m3\/#primaryimage"},"thumbnailUrl":"https:\/\/www.wojoer.de\/wp-content\/uploads\/2018\/11\/364M3_Golden_Line_Halsband_front_detail2_wojoer.jpg","datePublished":"2018-12-18T08:20:40+00:00","dateModified":"2023-07-27T09:44:44+00:00","description":"Gold Maske aus gold gl\u00e4nzenden Lederimitat. Vielseitig verstellbar inspiriert diese zu phantasievollen Spielen. Aufregend!","breadcrumb":{"@id":"https:\/\/www.wojoer.de\/produkt\/golden-line-gold-maske-364m3\/#breadcrumb"},"inLanguage":"en-GB","potentialAction":[{"@type":"ReadAction","target":["https:\/\/www.wojoer.de\/produkt\/golden-line-gold-maske-364m3\/"]}]},{"@type":"ImageObject","inLanguage":"en-GB","@id":"https:\/\/www.wojoer.de\/produkt\/golden-line-gold-maske-364m3\/#primaryimage","url":"https:\/\/www.wojoer.de\/wp-content\/uploads\/2018\/11\/364M3_Golden_Line_Halsband_front_detail2_wojoer.jpg","contentUrl":"https:\/\/www.wojoer.de\/wp-content\/uploads\/2018\/11\/364M3_Golden_Line_Halsband_front_detail2_wojoer.jpg","width":2002,"height":2002,"caption":"Golden Line, Gold Maske, gold gl\u00e4nzendes Lederimitat, Lack, dehnbar, verstellbar"},{"@type":"BreadcrumbList","@id":"https:\/\/www.wojoer.de\/produkt\/golden-line-gold-maske-364m3\/#breadcrumb","itemListElement":[{"@type":"ListItem","position":1,"name":"Startseite","item":"https:\/\/www.wojoer.de\/"},{"@type":"ListItem","position":2,"name":"SHOP","item":"https:\/\/www.wojoer.de\/shop\/"},{"@type":"ListItem","position":3,"name":"GOLDEN LINE Maske 364M3"}]},{"@type":"WebSite","@id":"https:\/\/www.wojoer.de\/#website","url":"https:\/\/www.wojoer.de\/","name":"WOJOER","description":"clubwear for men","publisher":{"@id":"https:\/\/www.wojoer.de\/#organization"},"potentialAction":[{"@type":"SearchAction","target":{"@type":"EntryPoint","urlTemplate":"https:\/\/www.wojoer.de\/?s={search_term_string}"},"query-input":{"@type":"PropertyValueSpecification","valueRequired":true,"valueName":"search_term_string"}}],"inLanguage":"en-GB"},{"@type":"Organization","@id":"https:\/\/www.wojoer.de\/#organization","name":"Wonneberger-Manufaktur","url":"https:\/\/www.wojoer.de\/","logo":{"@type":"ImageObject","inLanguage":"en-GB","@id":"https:\/\/www.wojoer.de\/#\/schema\/logo\/image\/","url":"https:\/\/www.wojoer.de\/wp-content\/uploads\/2016\/11\/wonnebergermanufaktur_logo_BUTTON.png","contentUrl":"https:\/\/www.wojoer.de\/wp-content\/uploads\/2016\/11\/wonnebergermanufaktur_logo_BUTTON.png","width":765,"height":765,"caption":"Wonneberger-Manufaktur"},"image":{"@id":"https:\/\/www.wojoer.de\/#\/schema\/logo\/image\/"},"sameAs":["https:\/\/www.facebook.com\/wojoer\/","https:\/\/de.pinterest.com\/W0J0ER\/"]}]}},"_links":{"self":[{"href":"https:\/\/www.wojoer.de\/en\/wp-json\/wp\/v2\/product\/11664","targetHints":{"allow":["GET"]}}],"collection":[{"href":"https:\/\/www.wojoer.de\/en\/wp-json\/wp\/v2\/product"}],"about":[{"href":"https:\/\/www.wojoer.de\/en\/wp-json\/wp\/v2\/types\/product"}],"replies":[{"embeddable":true,"href":"https:\/\/www.wojoer.de\/en\/wp-json\/wp\/v2\/comments?post=11664"}],"wp:featuredmedia":[{"embeddable":true,"href":"https:\/\/www.wojoer.de\/en\/wp-json\/wp\/v2\/media\/11501"}],"wp:attachment":[{"href":"https:\/\/www.wojoer.de\/en\/wp-json\/wp\/v2\/media?parent=11664"}],"wp:term":[{"taxonomy":"product_brand","embeddable":true,"href":"https:\/\/www.wojoer.de\/en\/wp-json\/wp\/v2\/product_brand?post=11664"},{"taxonomy":"product_cat","embeddable":true,"href":"https:\/\/www.wojoer.de\/en\/wp-json\/wp\/v2\/product_cat?post=11664"},{"taxonomy":"product_tag","embeddable":true,"href":"https:\/\/www.wojoer.de\/en\/wp-json\/wp\/v2\/product_tag?post=11664"}],"curies":[{"name":"wp","href":"https:\/\/api.w.org\/{rel}","templated":true}]}}