{"id":11669,"date":"2018-12-18T09:20:38","date_gmt":"2018-12-18T08:20:38","guid":{"rendered":"https:\/\/www.wojoer.de\/produkt\/golden-line-halsband-364hb\/"},"modified":"2025-05-03T09:23:38","modified_gmt":"2025-05-03T07:23:38","slug":"golden-line-halsband-364hb","status":"publish","type":"product","link":"https:\/\/www.wojoer.de\/en\/produkt\/golden-line-halsband-364hb\/","title":{"rendered":"GOLDEN LINE Halsband 364HB"},"content":{"rendered":"<p>Das rassige, edle Gold Halsband 364HB, aus gold gl\u00e4nzenden Lederimitat mit holografischen Effekt, gibt\u2019s nur in limitierter Auflage \u2013 ONLYFORME!<\/p>\n<h3>Gr\u00f6\u00dfen<\/h3>\n<p>Erh\u00e4ltlich in den Gr\u00f6\u00dfen SM, ML, LXL<\/p>\n<h3>Materialzusammensetzung<\/h3>\n<p>Lederimitat: 80% Polyester | 12% Polyurethan | 8% Elasthan<\/p>\n<h3>Besonderheiten<\/h3>\n<p><a href=\"http:\/\/www.wojoer.de\/?s=onlyforme&#038;post_type=product\">ONLYFORME<\/a> | holografischer Effekt | sehr dehnbares Lederimitat | hautenge Passform | gold gl\u00e4nzend | Lackeffekt | Druckknopfverschluss | hochwertige Verarbeitung &#8220;Made in Germany&#8221;<\/p>\n<h3>Benutzerhinweise<\/h3>\n<p>Handw\u00e4sche<\/p>\n<h3>GOLDEN LINE Halsband &#8211; schillerndes Halsband mit holografischen Effekt<\/h3>\n<p>Zu deinem schillernden Auftritt geh\u00f6rt dieses aufregende Halsband. Diese besonders sch\u00f6ne Exemplar aus holografischen Lackstoff umschlie\u00dft sanft deinen Hals und setzt dich perfekt in Szene.\u00a0 Wie fl\u00fcssiges Gold kommt dieses Schmuckst\u00fcck besonders Edel daher. Mithilfe eines praktischen Drucknopfverschlusses kann das Halsband optimal verstellt und angepasst werden.<\/p>\n<p>&nbsp;<\/p>\n","protected":false},"excerpt":{"rendered":"<p>Das rassige, edle Gold Halsband 364HB, aus gold gl\u00e4nzenden Lederimitat mit holografischen Effekt, gibt\u2019s nur in limitierter Auflage \u2013 ONLYFORME!<br \/>\nGr\u00f6\u00dfen<br \/>\nErh\u00e4ltlich in den Gr\u00f6\u00dfen SM, ML, LXL<br \/>\nMaterialzusammensetzung<br \/>\nLederimitat: 80% Polyester | 12% Polyurethan | 8% Elasthan<br \/>\nBesonderheiten<br \/>\nONLYFORME | holografischer Effekt | sehr dehnbares\u2026<\/p>\n","protected":false},"featured_media":11704,"comment_status":"open","ping_status":"closed","template":"","meta":[],"product_brand":[],"product_cat":[291,116,473,270,326],"product_tag":[251,560,422,362,294],"class_list":{"0":"post-11669","1":"product","2":"type-product","3":"status-publish","4":"has-post-thumbnail","6":"product_cat-accessoires","7":"product_cat-clubwear","8":"product_cat-men","9":"product_cat-onlyforme","10":"product_cat-wojoer","11":"product_tag-druckknopf","12":"product_tag-glaenzend","13":"product_tag-halsband","14":"product_tag-holographic","15":"product_tag-lack","16":"product_shipping_class-beun","17":"pa_groesse-lxl","18":"pa_groesse-ml","19":"pa_groesse-sm","20":"pif-has-gallery","21":"post-1","22":"odd","24":"first","25":"instock","26":"taxable","27":"shipping-taxable","28":"purchasable","29":"product-type-variable"},"yoast_head":"<!-- This site is optimized with the Yoast SEO plugin v27.2 - https:\/\/yoast.com\/product\/yoast-seo-wordpress\/ -->\n<title>Gold Halsband | holo Lederimitat | Druckknopfverschluss | WOJOER<\/title>\n<meta name=\"description\" content=\"Gold Halsband aus gold gl\u00e4nzenden Lederimitat. Verstellbarer Druckknopfverschluss. Holografische Effekt verleiht einen fantasievollen Glanz!\" \/>\n<meta name=\"robots\" content=\"index, follow, max-snippet:-1, max-image-preview:large, max-video-preview:-1\" \/>\n<link rel=\"canonical\" href=\"https:\/\/www.wojoer.de\/en\/produkt\/golden-line-halsband-364hb\/\" \/>\n<meta name=\"twitter:card\" content=\"summary_large_image\" \/>\n<meta name=\"twitter:title\" content=\"Gold Halsband | holo Lederimitat | Druckknopfverschluss | WOJOER\" \/>\n<meta name=\"twitter:description\" content=\"Gold Halsband aus gold gl\u00e4nzenden Lederimitat. Verstellbarer Druckknopfverschluss. Holografische Effekt verleiht einen fantasievollen Glanz!\" \/>\n<meta name=\"twitter:image\" content=\"https:\/\/www.wojoer.de\/wp-content\/uploads\/2018\/11\/364HB_Golden_Line_Halsband_side_wojoer_.jpg\" \/>\n<meta name=\"twitter:label1\" content=\"Estimated reading time\" \/>\n\t<meta name=\"twitter:data1\" content=\"1 minute\" \/>\n<script type=\"application\/ld+json\" class=\"yoast-schema-graph\">{\"@context\":\"https:\/\/schema.org\",\"@graph\":[{\"@type\":\"WebPage\",\"@id\":\"https:\/\/www.wojoer.de\/produkt\/golden-line-halsband-364hb\/\",\"url\":\"https:\/\/www.wojoer.de\/produkt\/golden-line-halsband-364hb\/\",\"name\":\"Gold Halsband | holo Lederimitat | Druckknopfverschluss | WOJOER\",\"isPartOf\":{\"@id\":\"https:\/\/www.wojoer.de\/#website\"},\"primaryImageOfPage\":{\"@id\":\"https:\/\/www.wojoer.de\/produkt\/golden-line-halsband-364hb\/#primaryimage\"},\"image\":{\"@id\":\"https:\/\/www.wojoer.de\/produkt\/golden-line-halsband-364hb\/#primaryimage\"},\"thumbnailUrl\":\"https:\/\/www.wojoer.de\/wp-content\/uploads\/2018\/11\/364HB_Golden_Line_Halsband_side_wojoer_.jpg\",\"datePublished\":\"2018-12-18T08:20:38+00:00\",\"dateModified\":\"2025-05-03T07:23:38+00:00\",\"description\":\"Gold Halsband aus gold gl\u00e4nzenden Lederimitat. Verstellbarer Druckknopfverschluss. Holografische Effekt verleiht einen fantasievollen Glanz!\",\"breadcrumb\":{\"@id\":\"https:\/\/www.wojoer.de\/produkt\/golden-line-halsband-364hb\/#breadcrumb\"},\"inLanguage\":\"en-GB\",\"potentialAction\":[{\"@type\":\"ReadAction\",\"target\":[\"https:\/\/www.wojoer.de\/produkt\/golden-line-halsband-364hb\/\"]}]},{\"@type\":\"ImageObject\",\"inLanguage\":\"en-GB\",\"@id\":\"https:\/\/www.wojoer.de\/produkt\/golden-line-halsband-364hb\/#primaryimage\",\"url\":\"https:\/\/www.wojoer.de\/wp-content\/uploads\/2018\/11\/364HB_Golden_Line_Halsband_side_wojoer_.jpg\",\"contentUrl\":\"https:\/\/www.wojoer.de\/wp-content\/uploads\/2018\/11\/364HB_Golden_Line_Halsband_side_wojoer_.jpg\",\"width\":1001,\"height\":1002,\"caption\":\"Golden Line, Halsband, gold gl\u00e4nzendes Lederimitat, Lack, dehnbar, verstellbar, WOJOER\"},{\"@type\":\"BreadcrumbList\",\"@id\":\"https:\/\/www.wojoer.de\/produkt\/golden-line-halsband-364hb\/#breadcrumb\",\"itemListElement\":[{\"@type\":\"ListItem\",\"position\":1,\"name\":\"Startseite\",\"item\":\"https:\/\/www.wojoer.de\/\"},{\"@type\":\"ListItem\",\"position\":2,\"name\":\"SHOP\",\"item\":\"https:\/\/www.wojoer.de\/shop\/\"},{\"@type\":\"ListItem\",\"position\":3,\"name\":\"GOLDEN LINE Halsband 364HB\"}]},{\"@type\":\"WebSite\",\"@id\":\"https:\/\/www.wojoer.de\/#website\",\"url\":\"https:\/\/www.wojoer.de\/\",\"name\":\"WOJOER\",\"description\":\"clubwear for men\",\"publisher\":{\"@id\":\"https:\/\/www.wojoer.de\/#organization\"},\"potentialAction\":[{\"@type\":\"SearchAction\",\"target\":{\"@type\":\"EntryPoint\",\"urlTemplate\":\"https:\/\/www.wojoer.de\/?s={search_term_string}\"},\"query-input\":{\"@type\":\"PropertyValueSpecification\",\"valueRequired\":true,\"valueName\":\"search_term_string\"}}],\"inLanguage\":\"en-GB\"},{\"@type\":\"Organization\",\"@id\":\"https:\/\/www.wojoer.de\/#organization\",\"name\":\"Wonneberger-Manufaktur\",\"url\":\"https:\/\/www.wojoer.de\/\",\"logo\":{\"@type\":\"ImageObject\",\"inLanguage\":\"en-GB\",\"@id\":\"https:\/\/www.wojoer.de\/#\/schema\/logo\/image\/\",\"url\":\"https:\/\/www.wojoer.de\/wp-content\/uploads\/2016\/11\/wonnebergermanufaktur_logo_BUTTON.png\",\"contentUrl\":\"https:\/\/www.wojoer.de\/wp-content\/uploads\/2016\/11\/wonnebergermanufaktur_logo_BUTTON.png\",\"width\":765,\"height\":765,\"caption\":\"Wonneberger-Manufaktur\"},\"image\":{\"@id\":\"https:\/\/www.wojoer.de\/#\/schema\/logo\/image\/\"},\"sameAs\":[\"https:\/\/www.facebook.com\/wojoer\/\",\"https:\/\/de.pinterest.com\/W0J0ER\/\"]}]}<\/script>\n<!-- \/ Yoast SEO plugin. -->","yoast_head_json":{"title":"Gold Halsband | holo Lederimitat | Druckknopfverschluss | WOJOER","description":"Gold Halsband aus gold gl\u00e4nzenden Lederimitat. Verstellbarer Druckknopfverschluss. Holografische Effekt verleiht einen fantasievollen Glanz!","robots":{"index":"index","follow":"follow","max-snippet":"max-snippet:-1","max-image-preview":"max-image-preview:large","max-video-preview":"max-video-preview:-1"},"canonical":"https:\/\/www.wojoer.de\/en\/produkt\/golden-line-halsband-364hb\/","twitter_card":"summary_large_image","twitter_title":"Gold Halsband | holo Lederimitat | Druckknopfverschluss | WOJOER","twitter_description":"Gold Halsband aus gold gl\u00e4nzenden Lederimitat. Verstellbarer Druckknopfverschluss. Holografische Effekt verleiht einen fantasievollen Glanz!","twitter_image":"https:\/\/www.wojoer.de\/wp-content\/uploads\/2018\/11\/364HB_Golden_Line_Halsband_side_wojoer_.jpg","twitter_misc":{"Estimated reading time":"1 minute"},"schema":{"@context":"https:\/\/schema.org","@graph":[{"@type":"WebPage","@id":"https:\/\/www.wojoer.de\/produkt\/golden-line-halsband-364hb\/","url":"https:\/\/www.wojoer.de\/produkt\/golden-line-halsband-364hb\/","name":"Gold Halsband | holo Lederimitat | Druckknopfverschluss | WOJOER","isPartOf":{"@id":"https:\/\/www.wojoer.de\/#website"},"primaryImageOfPage":{"@id":"https:\/\/www.wojoer.de\/produkt\/golden-line-halsband-364hb\/#primaryimage"},"image":{"@id":"https:\/\/www.wojoer.de\/produkt\/golden-line-halsband-364hb\/#primaryimage"},"thumbnailUrl":"https:\/\/www.wojoer.de\/wp-content\/uploads\/2018\/11\/364HB_Golden_Line_Halsband_side_wojoer_.jpg","datePublished":"2018-12-18T08:20:38+00:00","dateModified":"2025-05-03T07:23:38+00:00","description":"Gold Halsband aus gold gl\u00e4nzenden Lederimitat. Verstellbarer Druckknopfverschluss. Holografische Effekt verleiht einen fantasievollen Glanz!","breadcrumb":{"@id":"https:\/\/www.wojoer.de\/produkt\/golden-line-halsband-364hb\/#breadcrumb"},"inLanguage":"en-GB","potentialAction":[{"@type":"ReadAction","target":["https:\/\/www.wojoer.de\/produkt\/golden-line-halsband-364hb\/"]}]},{"@type":"ImageObject","inLanguage":"en-GB","@id":"https:\/\/www.wojoer.de\/produkt\/golden-line-halsband-364hb\/#primaryimage","url":"https:\/\/www.wojoer.de\/wp-content\/uploads\/2018\/11\/364HB_Golden_Line_Halsband_side_wojoer_.jpg","contentUrl":"https:\/\/www.wojoer.de\/wp-content\/uploads\/2018\/11\/364HB_Golden_Line_Halsband_side_wojoer_.jpg","width":1001,"height":1002,"caption":"Golden Line, Halsband, gold gl\u00e4nzendes Lederimitat, Lack, dehnbar, verstellbar, WOJOER"},{"@type":"BreadcrumbList","@id":"https:\/\/www.wojoer.de\/produkt\/golden-line-halsband-364hb\/#breadcrumb","itemListElement":[{"@type":"ListItem","position":1,"name":"Startseite","item":"https:\/\/www.wojoer.de\/"},{"@type":"ListItem","position":2,"name":"SHOP","item":"https:\/\/www.wojoer.de\/shop\/"},{"@type":"ListItem","position":3,"name":"GOLDEN LINE Halsband 364HB"}]},{"@type":"WebSite","@id":"https:\/\/www.wojoer.de\/#website","url":"https:\/\/www.wojoer.de\/","name":"WOJOER","description":"clubwear for men","publisher":{"@id":"https:\/\/www.wojoer.de\/#organization"},"potentialAction":[{"@type":"SearchAction","target":{"@type":"EntryPoint","urlTemplate":"https:\/\/www.wojoer.de\/?s={search_term_string}"},"query-input":{"@type":"PropertyValueSpecification","valueRequired":true,"valueName":"search_term_string"}}],"inLanguage":"en-GB"},{"@type":"Organization","@id":"https:\/\/www.wojoer.de\/#organization","name":"Wonneberger-Manufaktur","url":"https:\/\/www.wojoer.de\/","logo":{"@type":"ImageObject","inLanguage":"en-GB","@id":"https:\/\/www.wojoer.de\/#\/schema\/logo\/image\/","url":"https:\/\/www.wojoer.de\/wp-content\/uploads\/2016\/11\/wonnebergermanufaktur_logo_BUTTON.png","contentUrl":"https:\/\/www.wojoer.de\/wp-content\/uploads\/2016\/11\/wonnebergermanufaktur_logo_BUTTON.png","width":765,"height":765,"caption":"Wonneberger-Manufaktur"},"image":{"@id":"https:\/\/www.wojoer.de\/#\/schema\/logo\/image\/"},"sameAs":["https:\/\/www.facebook.com\/wojoer\/","https:\/\/de.pinterest.com\/W0J0ER\/"]}]}},"_links":{"self":[{"href":"https:\/\/www.wojoer.de\/en\/wp-json\/wp\/v2\/product\/11669","targetHints":{"allow":["GET"]}}],"collection":[{"href":"https:\/\/www.wojoer.de\/en\/wp-json\/wp\/v2\/product"}],"about":[{"href":"https:\/\/www.wojoer.de\/en\/wp-json\/wp\/v2\/types\/product"}],"replies":[{"embeddable":true,"href":"https:\/\/www.wojoer.de\/en\/wp-json\/wp\/v2\/comments?post=11669"}],"wp:featuredmedia":[{"embeddable":true,"href":"https:\/\/www.wojoer.de\/en\/wp-json\/wp\/v2\/media\/11704"}],"wp:attachment":[{"href":"https:\/\/www.wojoer.de\/en\/wp-json\/wp\/v2\/media?parent=11669"}],"wp:term":[{"taxonomy":"product_brand","embeddable":true,"href":"https:\/\/www.wojoer.de\/en\/wp-json\/wp\/v2\/product_brand?post=11669"},{"taxonomy":"product_cat","embeddable":true,"href":"https:\/\/www.wojoer.de\/en\/wp-json\/wp\/v2\/product_cat?post=11669"},{"taxonomy":"product_tag","embeddable":true,"href":"https:\/\/www.wojoer.de\/en\/wp-json\/wp\/v2\/product_tag?post=11669"}],"curies":[{"name":"wp","href":"https:\/\/api.w.org\/{rel}","templated":true}]}}