{"id":11679,"date":"2025-11-30T07:01:57","date_gmt":"2025-11-30T06:01:57","guid":{"rendered":"https:\/\/www.wojoer.de\/produkt\/golden-line-big-thing-ring-364btr\/"},"modified":"2025-12-04T09:24:51","modified_gmt":"2025-12-04T08:24:51","slug":"golden-line-big-thing-ring-364btr","status":"publish","type":"product","link":"https:\/\/www.wojoer.de\/en\/produkt\/golden-line-big-thing-ring-364btr\/","title":{"rendered":"Holo Gold Big Thing Ring"},"content":{"rendered":"<p>Der Gold Big Thing Ring 364BTR , aus gold gl\u00e4nzenden Lederimitat mit holografischen Effekt, gibt\u2019s nur in limitierter Auflage \u2013 ONLYFORME!<\/p>\n<h3>Gr\u00f6\u00dfen<\/h3>\n<p>Uni Size: 13,5cm-19cm verstellbar in 3 Gr\u00f6\u00dfenstufen<\/p>\n<h3>Materialzusammensetzung<\/h3>\n<p>Lederimitat: 80% Polyester | 12% Polyurethan | 8% Elasthan<\/p>\n<h3>Besonderheiten<\/h3>\n<p><a href=\"http:\/\/www.wojoer.de\/?s=onlyforme&#038;post_type=product\">ONLYFORME<\/a> | holografischer Effekt | dehnbares Lederimitat | gold gl\u00e4nzend | Lack | hochwertige Verarbeitung &#8220;Made in Germany&#8221;<\/p>\n<h3>Benutzerhinweise<\/h3>\n<p>Handw\u00e4schen nur mit klarem Wasser absp\u00fclen<\/p>\n<h3>GOLDEN LINE BIG THING RING &#8211; schimmernder Big Thing Ring<\/h3>\n<p>Der BTR ist ein Push Up Accessoire f\u00fcr den Mann. Denn der gr\u00f6\u00dfenverstellbare, schimmernde Ring steigert das Volumen unter der Hose maximal, indem er die geballte M\u00e4nnlichkeit umfasst. Die zwei edlen Metalldruckkn\u00f6pfe erm\u00f6glichen nicht nur eine individuelle Gr\u00f6\u00dfeneinstellung, sondern lassen den Ring schnell verschwinden wenn es zur Sache gehen soll. Ein idealer Begleiter f\u00fcr enge Badehosen oder Clubwear, der jedem zeigt, was du wirklich hast. Besonders anziehend und einzigartig ist das holografische, wie fl\u00fcssiges Gold scheinende Material aus Lackstoff.<\/p>\n<hr \/>\n<h3>CUSTOMER PHOTOS 364BTR Golden Gential Ring<\/h3>\n<p><a href=\"https:\/\/www.wojoer.de\/wp-content\/uploads\/2018\/12\/customer_BTR_gold.jpg\"><img loading=\"lazy\" decoding=\"async\" class=\"alignnone wp-image-36575 size-medium\" src=\"https:\/\/www.wojoer.de\/wp-content\/uploads\/2018\/12\/customer_BTR_gold-300x300.jpg\" alt=\"\" width=\"300\" height=\"300\" \/><\/a><\/p>\n","protected":false},"excerpt":{"rendered":"<p>Der Gold Big Thing Ring 364BTR , aus gold gl\u00e4nzenden Lederimitat mit holografischen Effekt, gibt\u2019s nur in limitierter Auflage \u2013 ONLYFORME!<br \/>\nGr\u00f6\u00dfen<br \/>\nUni Size: 13,5cm-19cm verstellbar in 3 Gr\u00f6\u00dfenstufen<br \/>\nMaterialzusammensetzung<br \/>\nLederimitat: 80% Polyester | 12% Polyurethan | 8% Elasthan<br \/>\nBesonderheiten<br \/>\nONLYFORME | holografischer Effekt | dehnbares\u2026<\/p>\n","protected":false},"featured_media":10338,"comment_status":"open","ping_status":"closed","template":"","meta":[],"product_brand":[],"product_cat":[291,1113,116,473,270,326],"product_tag":[262,419,560,362,294,1111],"class_list":{"0":"post-11679","1":"product","2":"type-product","3":"status-publish","4":"has-post-thumbnail","6":"product_cat-accessoires","7":"product_cat-btr","8":"product_cat-clubwear","9":"product_cat-men","10":"product_cat-onlyforme","11":"product_cat-wojoer","12":"product_tag-accessoires","13":"product_tag-btr","14":"product_tag-glaenzend","15":"product_tag-holographic","16":"product_tag-lack","17":"product_tag-pushring","18":"product_shipping_class-beun","19":"pa_groesse-lxl","20":"pa_groesse-ml","21":"pa_groesse-sm","22":"pif-has-gallery","23":"post-1","24":"odd","26":"first","27":"instock","28":"taxable","29":"shipping-taxable","30":"purchasable","31":"product-type-simple"},"yoast_head":"<!-- This site is optimized with the Yoast SEO plugin v27.2 - https:\/\/yoast.com\/product\/yoast-seo-wordpress\/ -->\n<title>Gold Big Thing Ring | holo Lederimitat | gold schillernd | WOJOER<\/title>\n<meta name=\"description\" content=\"Golden Line Big Thing Ring aus gold gl\u00e4nzenden Lederimitat mit holo Effekt. Versandkostenfrei innerhalb Deutschlands. Jetzt online bestellen!\" \/>\n<meta name=\"robots\" content=\"index, follow, max-snippet:-1, max-image-preview:large, max-video-preview:-1\" \/>\n<link rel=\"canonical\" href=\"https:\/\/www.wojoer.de\/en\/produkt\/golden-line-big-thing-ring-364btr\/\" \/>\n<meta name=\"twitter:card\" content=\"summary_large_image\" \/>\n<meta name=\"twitter:title\" content=\"Gold Big Thing Ring | holo Lederimitat | gold schillernd | WOJOER\" \/>\n<meta name=\"twitter:description\" content=\"Golden Line Big Thing Ring aus gold gl\u00e4nzenden Lederimitat mit holo Effekt. Versandkostenfrei innerhalb Deutschlands. Jetzt online bestellen!\" \/>\n<meta name=\"twitter:image\" content=\"https:\/\/www.wojoer.de\/wp-content\/uploads\/2018\/07\/364BTR_Golden_Line_PushupBand_sideWojoer.jpg\" \/>\n<meta name=\"twitter:label1\" content=\"Estimated reading time\" \/>\n\t<meta name=\"twitter:data1\" content=\"2 minutes\" \/>\n<script type=\"application\/ld+json\" class=\"yoast-schema-graph\">{\"@context\":\"https:\/\/schema.org\",\"@graph\":[{\"@type\":\"WebPage\",\"@id\":\"https:\/\/www.wojoer.de\/produkt\/golden-line-big-thing-ring-364btr\/\",\"url\":\"https:\/\/www.wojoer.de\/produkt\/golden-line-big-thing-ring-364btr\/\",\"name\":\"Gold Big Thing Ring | holo Lederimitat | gold schillernd | WOJOER\",\"isPartOf\":{\"@id\":\"https:\/\/www.wojoer.de\/#website\"},\"primaryImageOfPage\":{\"@id\":\"https:\/\/www.wojoer.de\/produkt\/golden-line-big-thing-ring-364btr\/#primaryimage\"},\"image\":{\"@id\":\"https:\/\/www.wojoer.de\/produkt\/golden-line-big-thing-ring-364btr\/#primaryimage\"},\"thumbnailUrl\":\"https:\/\/www.wojoer.de\/wp-content\/uploads\/2018\/07\/364BTR_Golden_Line_PushupBand_sideWojoer.jpg\",\"datePublished\":\"2025-11-30T06:01:57+00:00\",\"dateModified\":\"2025-12-04T08:24:51+00:00\",\"description\":\"Golden Line Big Thing Ring aus gold gl\u00e4nzenden Lederimitat mit holo Effekt. Versandkostenfrei innerhalb Deutschlands. Jetzt online bestellen!\",\"breadcrumb\":{\"@id\":\"https:\/\/www.wojoer.de\/produkt\/golden-line-big-thing-ring-364btr\/#breadcrumb\"},\"inLanguage\":\"en-GB\",\"potentialAction\":[{\"@type\":\"ReadAction\",\"target\":[\"https:\/\/www.wojoer.de\/produkt\/golden-line-big-thing-ring-364btr\/\"]}]},{\"@type\":\"ImageObject\",\"inLanguage\":\"en-GB\",\"@id\":\"https:\/\/www.wojoer.de\/produkt\/golden-line-big-thing-ring-364btr\/#primaryimage\",\"url\":\"https:\/\/www.wojoer.de\/wp-content\/uploads\/2018\/07\/364BTR_Golden_Line_PushupBand_sideWojoer.jpg\",\"contentUrl\":\"https:\/\/www.wojoer.de\/wp-content\/uploads\/2018\/07\/364BTR_Golden_Line_PushupBand_sideWojoer.jpg\",\"width\":1001,\"height\":1001},{\"@type\":\"BreadcrumbList\",\"@id\":\"https:\/\/www.wojoer.de\/produkt\/golden-line-big-thing-ring-364btr\/#breadcrumb\",\"itemListElement\":[{\"@type\":\"ListItem\",\"position\":1,\"name\":\"Startseite\",\"item\":\"https:\/\/www.wojoer.de\/\"},{\"@type\":\"ListItem\",\"position\":2,\"name\":\"SHOP\",\"item\":\"https:\/\/www.wojoer.de\/shop\/\"},{\"@type\":\"ListItem\",\"position\":3,\"name\":\"Holo Gold Big Thing Ring\"}]},{\"@type\":\"WebSite\",\"@id\":\"https:\/\/www.wojoer.de\/#website\",\"url\":\"https:\/\/www.wojoer.de\/\",\"name\":\"WOJOER\",\"description\":\"clubwear for men\",\"publisher\":{\"@id\":\"https:\/\/www.wojoer.de\/#organization\"},\"potentialAction\":[{\"@type\":\"SearchAction\",\"target\":{\"@type\":\"EntryPoint\",\"urlTemplate\":\"https:\/\/www.wojoer.de\/?s={search_term_string}\"},\"query-input\":{\"@type\":\"PropertyValueSpecification\",\"valueRequired\":true,\"valueName\":\"search_term_string\"}}],\"inLanguage\":\"en-GB\"},{\"@type\":\"Organization\",\"@id\":\"https:\/\/www.wojoer.de\/#organization\",\"name\":\"Wonneberger-Manufaktur\",\"url\":\"https:\/\/www.wojoer.de\/\",\"logo\":{\"@type\":\"ImageObject\",\"inLanguage\":\"en-GB\",\"@id\":\"https:\/\/www.wojoer.de\/#\/schema\/logo\/image\/\",\"url\":\"https:\/\/www.wojoer.de\/wp-content\/uploads\/2016\/11\/wonnebergermanufaktur_logo_BUTTON.png\",\"contentUrl\":\"https:\/\/www.wojoer.de\/wp-content\/uploads\/2016\/11\/wonnebergermanufaktur_logo_BUTTON.png\",\"width\":765,\"height\":765,\"caption\":\"Wonneberger-Manufaktur\"},\"image\":{\"@id\":\"https:\/\/www.wojoer.de\/#\/schema\/logo\/image\/\"},\"sameAs\":[\"https:\/\/www.facebook.com\/wojoer\/\",\"https:\/\/de.pinterest.com\/W0J0ER\/\"]}]}<\/script>\n<!-- \/ Yoast SEO plugin. -->","yoast_head_json":{"title":"Gold Big Thing Ring | holo Lederimitat | gold schillernd | WOJOER","description":"Golden Line Big Thing Ring aus gold gl\u00e4nzenden Lederimitat mit holo Effekt. Versandkostenfrei innerhalb Deutschlands. Jetzt online bestellen!","robots":{"index":"index","follow":"follow","max-snippet":"max-snippet:-1","max-image-preview":"max-image-preview:large","max-video-preview":"max-video-preview:-1"},"canonical":"https:\/\/www.wojoer.de\/en\/produkt\/golden-line-big-thing-ring-364btr\/","twitter_card":"summary_large_image","twitter_title":"Gold Big Thing Ring | holo Lederimitat | gold schillernd | WOJOER","twitter_description":"Golden Line Big Thing Ring aus gold gl\u00e4nzenden Lederimitat mit holo Effekt. Versandkostenfrei innerhalb Deutschlands. Jetzt online bestellen!","twitter_image":"https:\/\/www.wojoer.de\/wp-content\/uploads\/2018\/07\/364BTR_Golden_Line_PushupBand_sideWojoer.jpg","twitter_misc":{"Estimated reading time":"2 minutes"},"schema":{"@context":"https:\/\/schema.org","@graph":[{"@type":"WebPage","@id":"https:\/\/www.wojoer.de\/produkt\/golden-line-big-thing-ring-364btr\/","url":"https:\/\/www.wojoer.de\/produkt\/golden-line-big-thing-ring-364btr\/","name":"Gold Big Thing Ring | holo Lederimitat | gold schillernd | WOJOER","isPartOf":{"@id":"https:\/\/www.wojoer.de\/#website"},"primaryImageOfPage":{"@id":"https:\/\/www.wojoer.de\/produkt\/golden-line-big-thing-ring-364btr\/#primaryimage"},"image":{"@id":"https:\/\/www.wojoer.de\/produkt\/golden-line-big-thing-ring-364btr\/#primaryimage"},"thumbnailUrl":"https:\/\/www.wojoer.de\/wp-content\/uploads\/2018\/07\/364BTR_Golden_Line_PushupBand_sideWojoer.jpg","datePublished":"2025-11-30T06:01:57+00:00","dateModified":"2025-12-04T08:24:51+00:00","description":"Golden Line Big Thing Ring aus gold gl\u00e4nzenden Lederimitat mit holo Effekt. Versandkostenfrei innerhalb Deutschlands. Jetzt online bestellen!","breadcrumb":{"@id":"https:\/\/www.wojoer.de\/produkt\/golden-line-big-thing-ring-364btr\/#breadcrumb"},"inLanguage":"en-GB","potentialAction":[{"@type":"ReadAction","target":["https:\/\/www.wojoer.de\/produkt\/golden-line-big-thing-ring-364btr\/"]}]},{"@type":"ImageObject","inLanguage":"en-GB","@id":"https:\/\/www.wojoer.de\/produkt\/golden-line-big-thing-ring-364btr\/#primaryimage","url":"https:\/\/www.wojoer.de\/wp-content\/uploads\/2018\/07\/364BTR_Golden_Line_PushupBand_sideWojoer.jpg","contentUrl":"https:\/\/www.wojoer.de\/wp-content\/uploads\/2018\/07\/364BTR_Golden_Line_PushupBand_sideWojoer.jpg","width":1001,"height":1001},{"@type":"BreadcrumbList","@id":"https:\/\/www.wojoer.de\/produkt\/golden-line-big-thing-ring-364btr\/#breadcrumb","itemListElement":[{"@type":"ListItem","position":1,"name":"Startseite","item":"https:\/\/www.wojoer.de\/"},{"@type":"ListItem","position":2,"name":"SHOP","item":"https:\/\/www.wojoer.de\/shop\/"},{"@type":"ListItem","position":3,"name":"Holo Gold Big Thing Ring"}]},{"@type":"WebSite","@id":"https:\/\/www.wojoer.de\/#website","url":"https:\/\/www.wojoer.de\/","name":"WOJOER","description":"clubwear for men","publisher":{"@id":"https:\/\/www.wojoer.de\/#organization"},"potentialAction":[{"@type":"SearchAction","target":{"@type":"EntryPoint","urlTemplate":"https:\/\/www.wojoer.de\/?s={search_term_string}"},"query-input":{"@type":"PropertyValueSpecification","valueRequired":true,"valueName":"search_term_string"}}],"inLanguage":"en-GB"},{"@type":"Organization","@id":"https:\/\/www.wojoer.de\/#organization","name":"Wonneberger-Manufaktur","url":"https:\/\/www.wojoer.de\/","logo":{"@type":"ImageObject","inLanguage":"en-GB","@id":"https:\/\/www.wojoer.de\/#\/schema\/logo\/image\/","url":"https:\/\/www.wojoer.de\/wp-content\/uploads\/2016\/11\/wonnebergermanufaktur_logo_BUTTON.png","contentUrl":"https:\/\/www.wojoer.de\/wp-content\/uploads\/2016\/11\/wonnebergermanufaktur_logo_BUTTON.png","width":765,"height":765,"caption":"Wonneberger-Manufaktur"},"image":{"@id":"https:\/\/www.wojoer.de\/#\/schema\/logo\/image\/"},"sameAs":["https:\/\/www.facebook.com\/wojoer\/","https:\/\/de.pinterest.com\/W0J0ER\/"]}]}},"_links":{"self":[{"href":"https:\/\/www.wojoer.de\/en\/wp-json\/wp\/v2\/product\/11679","targetHints":{"allow":["GET"]}}],"collection":[{"href":"https:\/\/www.wojoer.de\/en\/wp-json\/wp\/v2\/product"}],"about":[{"href":"https:\/\/www.wojoer.de\/en\/wp-json\/wp\/v2\/types\/product"}],"replies":[{"embeddable":true,"href":"https:\/\/www.wojoer.de\/en\/wp-json\/wp\/v2\/comments?post=11679"}],"wp:featuredmedia":[{"embeddable":true,"href":"https:\/\/www.wojoer.de\/en\/wp-json\/wp\/v2\/media\/10338"}],"wp:attachment":[{"href":"https:\/\/www.wojoer.de\/en\/wp-json\/wp\/v2\/media?parent=11679"}],"wp:term":[{"taxonomy":"product_brand","embeddable":true,"href":"https:\/\/www.wojoer.de\/en\/wp-json\/wp\/v2\/product_brand?post=11679"},{"taxonomy":"product_cat","embeddable":true,"href":"https:\/\/www.wojoer.de\/en\/wp-json\/wp\/v2\/product_cat?post=11679"},{"taxonomy":"product_tag","embeddable":true,"href":"https:\/\/www.wojoer.de\/en\/wp-json\/wp\/v2\/product_tag?post=11679"}],"curies":[{"name":"wp","href":"https:\/\/api.w.org\/{rel}","templated":true}]}}