{"id":11695,"date":"2018-11-11T08:39:12","date_gmt":"2018-11-11T07:39:12","guid":{"rendered":"https:\/\/www.wojoer.de\/produkt\/rebel-fetisch-maske-363m1\/"},"modified":"2020-12-10T15:01:58","modified_gmt":"2020-12-10T14:01:58","slug":"rebel-fetisch-maske-363m1","status":"publish","type":"product","link":"https:\/\/www.wojoer.de\/en\/produkt\/rebel-fetisch-maske-363m1\/","title":{"rendered":"REBEL NETZ FETISCH MASKE 363M1"},"content":{"rendered":"<p>Die feurig rote Rebel Fetisch Maske 363M1 geh\u00f6rt zu den Wojoer LIVE-Produkten. Sie werden ab Bestellung bei uns produziert. So k\u00f6nnen wir auf Kundenw\u00fcnsche individuell eingehen.<\/p>\n<h3>Gr\u00f6\u00dfen<\/h3>\n<p>Erh\u00e4ltlich in den Gr\u00f6\u00dfen SM, LXL<\/p>\n<h3>Materialzusammensetzung<\/h3>\n<p>POWERNET, super elastisches und robustes Netz: 94% Polyester, 6% Elasthan<\/p>\n<p>schwarzer, leicht dehnbarer Hochglanzlack: 80% Polyester, Polyurethan 8% Elasthan<\/p>\n<h3>Besonderheiten<\/h3>\n<p><a href=\"http:\/\/www.wojoer.de\/?s=LIVE&#038;post_type=product\">LIVE-Produkt<\/a> \u00a0| atmungsaktives, feurig rotes Powernet | elegant gl\u00e4nzend | Iro-Effekt | Leinenlasche im Nacken | extrem dehnbar | hochwertige Verarbeitung \u201eMade in Germany\u201c<\/p>\n<h3>Benutzerhinweise<\/h3>\n<p>Handw\u00e4sche<\/p>\n<h3><span class=\"hiddenSpellError\">REBEL<\/span> FETISCH MASKE \u2013 feurig rote Maske aus Powernet mit Lack-Iro<\/h3>\n<p>Sobald dein Herr \/ deine Herrin den Raum betritt und dir diese Maske \u00fcber den Kopf zieht, gibt es f\u00fcr dich eigentlich nur noch eines: Gehorchen. Spare dir den Friseur oder aufwendiges Make-up denn in dieser Maske wirst du fast unkenntlich und bekommst den <span class=\"hiddenSpellError\">Iro<\/span> gratis dazu. Das <span class=\"hiddenGrammarError\">hei\u00dft du transformierst<\/span> zu einem Sexsklaven der Extraklasse. Dennoch genie\u00dft du den angenehmen Tragekomfort von hochwertigem, extrem dehnbarem und atmungsaktivem <span class=\"hiddenSpellError\">Powernet.<\/span> Mit anderen Worten erm\u00f6glicht dir das transparente Netz, leichte Sicht, ohne von dir selbst zu viel preisgeben zu m\u00fcssen. Zudem kann die Maske auch sehr gut mit einer Leine kombiniert werden, da am Nacken eine kleine Schlaufe eingen\u00e4ht ist. Wer es offensiver mag, kann auch gern das Halsband der Synlex oder Neopren Piercing Serie dazu holen.<\/p>\n<p>Die <span class=\"hiddenSpellError\">Rebel<\/span> Fetischmaske 363M1 kannst du jetzt online bestellen!<\/p>\n<p>&nbsp;<\/p>\n","protected":false},"excerpt":{"rendered":"<p>Die feurig rote Rebel Fetisch Maske 363M1 geh\u00f6rt zu den Wojoer LIVE-Produkten. Sie werden ab Bestellung bei uns produziert. So k\u00f6nnen wir auf Kundenw\u00fcnsche individuell eingehen.<br \/>\nGr\u00f6\u00dfen<br \/>\nErh\u00e4ltlich in den Gr\u00f6\u00dfen SM, LXL<br \/>\nMaterialzusammensetzung<br \/>\nPOWERNET, super elastisches und robustes Netz: 94% Polyester, 6% Elasthan<\/p>\n<p>schwarzer,\u2026<\/p>\n","protected":false},"featured_media":11626,"comment_status":"open","ping_status":"closed","template":"","meta":[],"product_brand":[],"product_cat":[823,291,114,473,195,326],"product_tag":[294,426,246],"class_list":{"0":"post-11695","1":"product","2":"type-product","3":"status-publish","4":"has-post-thumbnail","6":"product_cat-363-rebel","7":"product_cat-accessoires","8":"product_cat-fetisch","9":"product_cat-men","10":"product_cat-produktion-auf-bestellung-liveproduktion","11":"product_cat-wojoer","12":"product_tag-lack","13":"product_tag-maske","14":"product_tag-netz","15":"product_shipping_class-beun","16":"pa_farbe-rot","17":"pa_groesse-lxl","18":"pa_groesse-sm","19":"pif-has-gallery","20":"post-1","21":"odd","23":"first","24":"instock","25":"taxable","26":"shipping-taxable","27":"purchasable","28":"product-type-variable"},"yoast_head":"<!-- This site is optimized with the Yoast SEO plugin v27.2 - https:\/\/yoast.com\/product\/yoast-seo-wordpress\/ -->\n<title>Rebel Fetisch Maske | feurig rot | Powernet | gl\u00e4nzender Lack-Iro | WOJOER<\/title>\n<meta name=\"description\" content=\"Rebel Fetisch Maske, feurig rotes Powernet, gl\u00e4nzender Lack-Iro, Leinenschlaufe im Nacken. Versandkostenfrei innerhalb Deutschlands - jetzt online bestellen!\" \/>\n<meta name=\"robots\" content=\"index, follow, max-snippet:-1, max-image-preview:large, max-video-preview:-1\" \/>\n<link rel=\"canonical\" href=\"https:\/\/www.wojoer.de\/en\/produkt\/rebel-fetisch-maske-363m1\/\" \/>\n<meta name=\"twitter:card\" content=\"summary_large_image\" \/>\n<meta name=\"twitter:title\" content=\"Rebel Fetisch Maske | feurig rot | Powernet | gl\u00e4nzender Lack-Iro | WOJOER\" \/>\n<meta name=\"twitter:description\" content=\"Rebel Fetisch Maske, feurig rotes Powernet, gl\u00e4nzender Lack-Iro, Leinenschlaufe im Nacken. Versandkostenfrei innerhalb Deutschlands - jetzt online bestellen!\" \/>\n<meta name=\"twitter:image\" content=\"https:\/\/www.wojoer.de\/wp-content\/uploads\/2018\/11\/363M1_Rebel_Maske_netz_wojoer.jpg\" \/>\n<meta name=\"twitter:label1\" content=\"Estimated reading time\" \/>\n\t<meta name=\"twitter:data1\" content=\"1 minute\" \/>\n<script type=\"application\/ld+json\" class=\"yoast-schema-graph\">{\"@context\":\"https:\/\/schema.org\",\"@graph\":[{\"@type\":\"WebPage\",\"@id\":\"https:\/\/www.wojoer.de\/en\/produkt\/rebel-fetisch-maske-363m1\/\",\"url\":\"https:\/\/www.wojoer.de\/en\/produkt\/rebel-fetisch-maske-363m1\/\",\"name\":\"Rebel Fetisch Maske | feurig rot | Powernet | gl\u00e4nzender Lack-Iro | WOJOER\",\"isPartOf\":{\"@id\":\"https:\/\/www.wojoer.de\/#website\"},\"primaryImageOfPage\":{\"@id\":\"https:\/\/www.wojoer.de\/en\/produkt\/rebel-fetisch-maske-363m1\/#primaryimage\"},\"image\":{\"@id\":\"https:\/\/www.wojoer.de\/en\/produkt\/rebel-fetisch-maske-363m1\/#primaryimage\"},\"thumbnailUrl\":\"https:\/\/www.wojoer.de\/wp-content\/uploads\/2018\/11\/363M1_Rebel_Maske_netz_wojoer.jpg\",\"datePublished\":\"2018-11-11T07:39:12+00:00\",\"dateModified\":\"2020-12-10T14:01:58+00:00\",\"description\":\"Rebel Fetisch Maske, feurig rotes Powernet, gl\u00e4nzender Lack-Iro, Leinenschlaufe im Nacken. Versandkostenfrei innerhalb Deutschlands - jetzt online bestellen!\",\"breadcrumb\":{\"@id\":\"https:\/\/www.wojoer.de\/en\/produkt\/rebel-fetisch-maske-363m1\/#breadcrumb\"},\"inLanguage\":\"en-GB\",\"potentialAction\":[{\"@type\":\"ReadAction\",\"target\":[\"https:\/\/www.wojoer.de\/en\/produkt\/rebel-fetisch-maske-363m1\/\"]}]},{\"@type\":\"ImageObject\",\"inLanguage\":\"en-GB\",\"@id\":\"https:\/\/www.wojoer.de\/en\/produkt\/rebel-fetisch-maske-363m1\/#primaryimage\",\"url\":\"https:\/\/www.wojoer.de\/wp-content\/uploads\/2018\/11\/363M1_Rebel_Maske_netz_wojoer.jpg\",\"contentUrl\":\"https:\/\/www.wojoer.de\/wp-content\/uploads\/2018\/11\/363M1_Rebel_Maske_netz_wojoer.jpg\",\"width\":2002,\"height\":2002,\"caption\":\"Rebel Fetisch Maske, feurig rot, Powernet, Netz, Lack, Leatherlike, Iro\"},{\"@type\":\"BreadcrumbList\",\"@id\":\"https:\/\/www.wojoer.de\/en\/produkt\/rebel-fetisch-maske-363m1\/#breadcrumb\",\"itemListElement\":[{\"@type\":\"ListItem\",\"position\":1,\"name\":\"Startseite\",\"item\":\"https:\/\/www.wojoer.de\/\"},{\"@type\":\"ListItem\",\"position\":2,\"name\":\"SHOP\",\"item\":\"https:\/\/www.wojoer.de\/shop\/\"},{\"@type\":\"ListItem\",\"position\":3,\"name\":\"REBEL NETZ FETISCH MASKE 363M1\"}]},{\"@type\":\"WebSite\",\"@id\":\"https:\/\/www.wojoer.de\/#website\",\"url\":\"https:\/\/www.wojoer.de\/\",\"name\":\"WOJOER\",\"description\":\"clubwear for men\",\"publisher\":{\"@id\":\"https:\/\/www.wojoer.de\/#organization\"},\"potentialAction\":[{\"@type\":\"SearchAction\",\"target\":{\"@type\":\"EntryPoint\",\"urlTemplate\":\"https:\/\/www.wojoer.de\/?s={search_term_string}\"},\"query-input\":{\"@type\":\"PropertyValueSpecification\",\"valueRequired\":true,\"valueName\":\"search_term_string\"}}],\"inLanguage\":\"en-GB\"},{\"@type\":\"Organization\",\"@id\":\"https:\/\/www.wojoer.de\/#organization\",\"name\":\"Wonneberger-Manufaktur\",\"url\":\"https:\/\/www.wojoer.de\/\",\"logo\":{\"@type\":\"ImageObject\",\"inLanguage\":\"en-GB\",\"@id\":\"https:\/\/www.wojoer.de\/#\/schema\/logo\/image\/\",\"url\":\"https:\/\/www.wojoer.de\/wp-content\/uploads\/2016\/11\/wonnebergermanufaktur_logo_BUTTON.png\",\"contentUrl\":\"https:\/\/www.wojoer.de\/wp-content\/uploads\/2016\/11\/wonnebergermanufaktur_logo_BUTTON.png\",\"width\":765,\"height\":765,\"caption\":\"Wonneberger-Manufaktur\"},\"image\":{\"@id\":\"https:\/\/www.wojoer.de\/#\/schema\/logo\/image\/\"},\"sameAs\":[\"https:\/\/www.facebook.com\/wojoer\/\",\"https:\/\/de.pinterest.com\/W0J0ER\/\"]}]}<\/script>\n<!-- \/ Yoast SEO plugin. -->","yoast_head_json":{"title":"Rebel Fetisch Maske | feurig rot | Powernet | gl\u00e4nzender Lack-Iro | WOJOER","description":"Rebel Fetisch Maske, feurig rotes Powernet, gl\u00e4nzender Lack-Iro, Leinenschlaufe im Nacken. Versandkostenfrei innerhalb Deutschlands - jetzt online bestellen!","robots":{"index":"index","follow":"follow","max-snippet":"max-snippet:-1","max-image-preview":"max-image-preview:large","max-video-preview":"max-video-preview:-1"},"canonical":"https:\/\/www.wojoer.de\/en\/produkt\/rebel-fetisch-maske-363m1\/","twitter_card":"summary_large_image","twitter_title":"Rebel Fetisch Maske | feurig rot | Powernet | gl\u00e4nzender Lack-Iro | WOJOER","twitter_description":"Rebel Fetisch Maske, feurig rotes Powernet, gl\u00e4nzender Lack-Iro, Leinenschlaufe im Nacken. Versandkostenfrei innerhalb Deutschlands - jetzt online bestellen!","twitter_image":"https:\/\/www.wojoer.de\/wp-content\/uploads\/2018\/11\/363M1_Rebel_Maske_netz_wojoer.jpg","twitter_misc":{"Estimated reading time":"1 minute"},"schema":{"@context":"https:\/\/schema.org","@graph":[{"@type":"WebPage","@id":"https:\/\/www.wojoer.de\/en\/produkt\/rebel-fetisch-maske-363m1\/","url":"https:\/\/www.wojoer.de\/en\/produkt\/rebel-fetisch-maske-363m1\/","name":"Rebel Fetisch Maske | feurig rot | Powernet | gl\u00e4nzender Lack-Iro | WOJOER","isPartOf":{"@id":"https:\/\/www.wojoer.de\/#website"},"primaryImageOfPage":{"@id":"https:\/\/www.wojoer.de\/en\/produkt\/rebel-fetisch-maske-363m1\/#primaryimage"},"image":{"@id":"https:\/\/www.wojoer.de\/en\/produkt\/rebel-fetisch-maske-363m1\/#primaryimage"},"thumbnailUrl":"https:\/\/www.wojoer.de\/wp-content\/uploads\/2018\/11\/363M1_Rebel_Maske_netz_wojoer.jpg","datePublished":"2018-11-11T07:39:12+00:00","dateModified":"2020-12-10T14:01:58+00:00","description":"Rebel Fetisch Maske, feurig rotes Powernet, gl\u00e4nzender Lack-Iro, Leinenschlaufe im Nacken. Versandkostenfrei innerhalb Deutschlands - jetzt online bestellen!","breadcrumb":{"@id":"https:\/\/www.wojoer.de\/en\/produkt\/rebel-fetisch-maske-363m1\/#breadcrumb"},"inLanguage":"en-GB","potentialAction":[{"@type":"ReadAction","target":["https:\/\/www.wojoer.de\/en\/produkt\/rebel-fetisch-maske-363m1\/"]}]},{"@type":"ImageObject","inLanguage":"en-GB","@id":"https:\/\/www.wojoer.de\/en\/produkt\/rebel-fetisch-maske-363m1\/#primaryimage","url":"https:\/\/www.wojoer.de\/wp-content\/uploads\/2018\/11\/363M1_Rebel_Maske_netz_wojoer.jpg","contentUrl":"https:\/\/www.wojoer.de\/wp-content\/uploads\/2018\/11\/363M1_Rebel_Maske_netz_wojoer.jpg","width":2002,"height":2002,"caption":"Rebel Fetisch Maske, feurig rot, Powernet, Netz, Lack, Leatherlike, Iro"},{"@type":"BreadcrumbList","@id":"https:\/\/www.wojoer.de\/en\/produkt\/rebel-fetisch-maske-363m1\/#breadcrumb","itemListElement":[{"@type":"ListItem","position":1,"name":"Startseite","item":"https:\/\/www.wojoer.de\/"},{"@type":"ListItem","position":2,"name":"SHOP","item":"https:\/\/www.wojoer.de\/shop\/"},{"@type":"ListItem","position":3,"name":"REBEL NETZ FETISCH MASKE 363M1"}]},{"@type":"WebSite","@id":"https:\/\/www.wojoer.de\/#website","url":"https:\/\/www.wojoer.de\/","name":"WOJOER","description":"clubwear for men","publisher":{"@id":"https:\/\/www.wojoer.de\/#organization"},"potentialAction":[{"@type":"SearchAction","target":{"@type":"EntryPoint","urlTemplate":"https:\/\/www.wojoer.de\/?s={search_term_string}"},"query-input":{"@type":"PropertyValueSpecification","valueRequired":true,"valueName":"search_term_string"}}],"inLanguage":"en-GB"},{"@type":"Organization","@id":"https:\/\/www.wojoer.de\/#organization","name":"Wonneberger-Manufaktur","url":"https:\/\/www.wojoer.de\/","logo":{"@type":"ImageObject","inLanguage":"en-GB","@id":"https:\/\/www.wojoer.de\/#\/schema\/logo\/image\/","url":"https:\/\/www.wojoer.de\/wp-content\/uploads\/2016\/11\/wonnebergermanufaktur_logo_BUTTON.png","contentUrl":"https:\/\/www.wojoer.de\/wp-content\/uploads\/2016\/11\/wonnebergermanufaktur_logo_BUTTON.png","width":765,"height":765,"caption":"Wonneberger-Manufaktur"},"image":{"@id":"https:\/\/www.wojoer.de\/#\/schema\/logo\/image\/"},"sameAs":["https:\/\/www.facebook.com\/wojoer\/","https:\/\/de.pinterest.com\/W0J0ER\/"]}]}},"_links":{"self":[{"href":"https:\/\/www.wojoer.de\/en\/wp-json\/wp\/v2\/product\/11695","targetHints":{"allow":["GET"]}}],"collection":[{"href":"https:\/\/www.wojoer.de\/en\/wp-json\/wp\/v2\/product"}],"about":[{"href":"https:\/\/www.wojoer.de\/en\/wp-json\/wp\/v2\/types\/product"}],"replies":[{"embeddable":true,"href":"https:\/\/www.wojoer.de\/en\/wp-json\/wp\/v2\/comments?post=11695"}],"wp:featuredmedia":[{"embeddable":true,"href":"https:\/\/www.wojoer.de\/en\/wp-json\/wp\/v2\/media\/11626"}],"wp:attachment":[{"href":"https:\/\/www.wojoer.de\/en\/wp-json\/wp\/v2\/media?parent=11695"}],"wp:term":[{"taxonomy":"product_brand","embeddable":true,"href":"https:\/\/www.wojoer.de\/en\/wp-json\/wp\/v2\/product_brand?post=11695"},{"taxonomy":"product_cat","embeddable":true,"href":"https:\/\/www.wojoer.de\/en\/wp-json\/wp\/v2\/product_cat?post=11695"},{"taxonomy":"product_tag","embeddable":true,"href":"https:\/\/www.wojoer.de\/en\/wp-json\/wp\/v2\/product_tag?post=11695"}],"curies":[{"name":"wp","href":"https:\/\/api.w.org\/{rel}","templated":true}]}}