{"id":11698,"date":"2018-11-11T08:53:50","date_gmt":"2018-11-11T07:53:50","guid":{"rendered":"https:\/\/www.wojoer.de\/produkt\/rebel-pants-363w417\/"},"modified":"2021-06-29T07:57:09","modified_gmt":"2021-06-29T05:57:09","slug":"rebel-pants-363w417","status":"publish","type":"product","link":"https:\/\/www.wojoer.de\/en\/produkt\/rebel-pants-363w417\/","title":{"rendered":"REBEL NETZ PANTS 363W417"},"content":{"rendered":"<p>Die feurig roten Rebel Pants 363W417 geh\u00f6rt zu den Wojoer LIVE-Produkten. Sie werden ab Bestellung bei uns produziert. So k\u00f6nnen wir auf Kundenw\u00fcnsche individuell eingehen.<\/p>\n<h3>Gr\u00f6\u00dfen<\/h3>\n<p>Erh\u00e4ltlich in den Gr\u00f6\u00dfen S, M, L, XL<\/p>\n<h3>Materialzusammensetzung<\/h3>\n<p>80% Polyester, 12 %Polyurethan 8% Elasthan<\/p>\n<p>94% Polyester, 6% Elasthan<\/p>\n<h3>Besonderheiten<\/h3>\n<p><a href=\"http:\/\/www.wojoer.de\/?s=LIVE&#038;post_type=product\">LIVE-Produkt<\/a>\u00a0 | hei\u00dfe, schwarze Lackapplikationen |\u00a0 feurig rotes Powernet | anschmiegsam | leicht dehnbar | hochwertige Verarbeitung &#8220;Made in Germany&#8221;<\/p>\n<h3>Benutzerhinweise<\/h3>\n<p>Handw\u00e4sche<\/p>\n<h3>REBEL PANTS &#8211; feurig rote Pants aus Powernet mit gl\u00e4nzenden, schwarzen Lack<\/h3>\n<p>Eine hei\u00dfe, hautenge P<span class=\"hiddenSpellError\">ants<\/span> die alle Blicke auf dich ziehen wird und sanft deine H\u00fcften umschlie\u00dft. Die Seiten der P<span class=\"hiddenSpellError\">ants<\/span> sind aus schwarz gl\u00e4nzenden Lackmaterial, was sich ebenfalls \u00fcber das Suspensorium zieht. &#8211; aber nicht nur das, eng anliegend stellen sich die Lackschuppen wie ein bissiger Reptilienkamm auf und alles wartet regelrecht auf den Angriff! Es bietet ausreichend Platz f\u00fcr dein bestes St\u00fcck, dennoch wirkt sie eng und b\u00fcndig, schmiegt sich sanft an deine Haut. Ungeachtet dessen, verleiht dir der feste Lackeinsatz St\u00e4rke und unterstreicht deine Dominanz. Der Look der <span class=\"hiddenSpellError\">Pants<\/span> ist feurig verlockend, angriffsbereit und zum Anbei\u00dfen. Der weiche Netzstoff ist atmungsaktiv und schnell trocknend.<br \/>\nDu willst es \u2013 du kriegst es!<\/p>\n<p><span class=\"sku\">Die Rebel Pants 363W417 <\/span>kannst Du jetzt online bestellen!<\/p>\n","protected":false},"excerpt":{"rendered":"<p>Die feurig roten Rebel Pants 363W417 geh\u00f6rt zu den Wojoer LIVE-Produkten. Sie werden ab Bestellung bei uns produziert. So k\u00f6nnen wir auf Kundenw\u00fcnsche individuell eingehen.<br \/>\nGr\u00f6\u00dfen<br \/>\nErh\u00e4ltlich in den Gr\u00f6\u00dfen S, M, L, XL<br \/>\nMaterialzusammensetzung<br \/>\n80% Polyester, 12 %Polyurethan 8% Elasthan<\/p>\n<p>94% Polyester, 6% Elasthan<br \/>\nBesonderheiten<br \/>\nLIVE-Produkt\u00a0\u2026<\/p>\n","protected":false},"featured_media":10691,"comment_status":"open","ping_status":"closed","template":"","meta":[],"product_brand":[],"product_cat":[823,116,114,473,195,326],"product_tag":[294,246,273,430],"class_list":{"0":"post-11698","1":"product","2":"type-product","3":"status-publish","4":"has-post-thumbnail","6":"product_cat-363-rebel","7":"product_cat-clubwear","8":"product_cat-fetisch","9":"product_cat-men","10":"product_cat-produktion-auf-bestellung-liveproduktion","11":"product_cat-wojoer","12":"product_tag-lack","13":"product_tag-netz","14":"product_tag-pants","15":"product_tag-powernet","16":"product_shipping_class-beun","17":"pa_groesse-l","18":"pa_groesse-m","19":"pa_groesse-s","20":"pa_groesse-xl","21":"pif-has-gallery","22":"post-1","23":"odd","25":"first","26":"instock","27":"taxable","28":"shipping-taxable","29":"purchasable","30":"product-type-variable"},"yoast_head":"<!-- This site is optimized with the Yoast SEO plugin v27.2 - https:\/\/yoast.com\/product\/yoast-seo-wordpress\/ -->\n<title>Rebel Pants | feurig rotes Powernet | Fetisch | gl\u00e4nzendes Lack | Wojoer<\/title>\n<meta name=\"description\" content=\"Rebel Pants aus feurig roten Powernet mit schwarz gl\u00e4nzenden Lack am Suspensorium und an den H\u00fcften. Versandkostenfrei innerhalb Deutschlands - jetzt online bestellen!\" \/>\n<meta name=\"robots\" content=\"index, follow, max-snippet:-1, max-image-preview:large, max-video-preview:-1\" \/>\n<link rel=\"canonical\" href=\"https:\/\/www.wojoer.de\/en\/produkt\/rebel-pants-363w417\/\" \/>\n<meta name=\"twitter:card\" content=\"summary_large_image\" \/>\n<meta name=\"twitter:title\" content=\"Rebel Pants | feurig rotes Powernet | Fetisch | gl\u00e4nzendes Lack | Wojoer\" \/>\n<meta name=\"twitter:description\" content=\"Rebel Pants aus feurig roten Powernet mit schwarz gl\u00e4nzenden Lack am Suspensorium und an den H\u00fcften. Versandkostenfrei innerhalb Deutschlands - jetzt online bestellen!\" \/>\n<meta name=\"twitter:image\" content=\"https:\/\/www.wojoer.de\/wp-content\/uploads\/2018\/07\/363W417_Rebel_pants_netz_wojoer.jpg\" \/>\n<meta name=\"twitter:label1\" content=\"Estimated reading time\" \/>\n\t<meta name=\"twitter:data1\" content=\"1 minute\" \/>\n<script type=\"application\/ld+json\" class=\"yoast-schema-graph\">{\"@context\":\"https:\/\/schema.org\",\"@graph\":[{\"@type\":\"WebPage\",\"@id\":\"https:\/\/www.wojoer.de\/en\/produkt\/rebel-pants-363w417\/\",\"url\":\"https:\/\/www.wojoer.de\/en\/produkt\/rebel-pants-363w417\/\",\"name\":\"Rebel Pants | feurig rotes Powernet | Fetisch | gl\u00e4nzendes Lack | Wojoer\",\"isPartOf\":{\"@id\":\"https:\/\/www.wojoer.de\/#website\"},\"primaryImageOfPage\":{\"@id\":\"https:\/\/www.wojoer.de\/en\/produkt\/rebel-pants-363w417\/#primaryimage\"},\"image\":{\"@id\":\"https:\/\/www.wojoer.de\/en\/produkt\/rebel-pants-363w417\/#primaryimage\"},\"thumbnailUrl\":\"https:\/\/www.wojoer.de\/wp-content\/uploads\/2018\/07\/363W417_Rebel_pants_netz_wojoer.jpg\",\"datePublished\":\"2018-11-11T07:53:50+00:00\",\"dateModified\":\"2021-06-29T05:57:09+00:00\",\"description\":\"Rebel Pants aus feurig roten Powernet mit schwarz gl\u00e4nzenden Lack am Suspensorium und an den H\u00fcften. Versandkostenfrei innerhalb Deutschlands - jetzt online bestellen!\",\"breadcrumb\":{\"@id\":\"https:\/\/www.wojoer.de\/en\/produkt\/rebel-pants-363w417\/#breadcrumb\"},\"inLanguage\":\"en-GB\",\"potentialAction\":[{\"@type\":\"ReadAction\",\"target\":[\"https:\/\/www.wojoer.de\/en\/produkt\/rebel-pants-363w417\/\"]}]},{\"@type\":\"ImageObject\",\"inLanguage\":\"en-GB\",\"@id\":\"https:\/\/www.wojoer.de\/en\/produkt\/rebel-pants-363w417\/#primaryimage\",\"url\":\"https:\/\/www.wojoer.de\/wp-content\/uploads\/2018\/07\/363W417_Rebel_pants_netz_wojoer.jpg\",\"contentUrl\":\"https:\/\/www.wojoer.de\/wp-content\/uploads\/2018\/07\/363W417_Rebel_pants_netz_wojoer.jpg\",\"width\":2002,\"height\":2002,\"caption\":\"Rebel Pants, feurig rot, Lack, gl\u00e4nzend, Powernet\"},{\"@type\":\"BreadcrumbList\",\"@id\":\"https:\/\/www.wojoer.de\/en\/produkt\/rebel-pants-363w417\/#breadcrumb\",\"itemListElement\":[{\"@type\":\"ListItem\",\"position\":1,\"name\":\"Startseite\",\"item\":\"https:\/\/www.wojoer.de\/\"},{\"@type\":\"ListItem\",\"position\":2,\"name\":\"SHOP\",\"item\":\"https:\/\/www.wojoer.de\/shop\/\"},{\"@type\":\"ListItem\",\"position\":3,\"name\":\"REBEL NETZ PANTS 363W417\"}]},{\"@type\":\"WebSite\",\"@id\":\"https:\/\/www.wojoer.de\/#website\",\"url\":\"https:\/\/www.wojoer.de\/\",\"name\":\"WOJOER\",\"description\":\"clubwear for men\",\"publisher\":{\"@id\":\"https:\/\/www.wojoer.de\/#organization\"},\"potentialAction\":[{\"@type\":\"SearchAction\",\"target\":{\"@type\":\"EntryPoint\",\"urlTemplate\":\"https:\/\/www.wojoer.de\/?s={search_term_string}\"},\"query-input\":{\"@type\":\"PropertyValueSpecification\",\"valueRequired\":true,\"valueName\":\"search_term_string\"}}],\"inLanguage\":\"en-GB\"},{\"@type\":\"Organization\",\"@id\":\"https:\/\/www.wojoer.de\/#organization\",\"name\":\"Wonneberger-Manufaktur\",\"url\":\"https:\/\/www.wojoer.de\/\",\"logo\":{\"@type\":\"ImageObject\",\"inLanguage\":\"en-GB\",\"@id\":\"https:\/\/www.wojoer.de\/#\/schema\/logo\/image\/\",\"url\":\"https:\/\/www.wojoer.de\/wp-content\/uploads\/2016\/11\/wonnebergermanufaktur_logo_BUTTON.png\",\"contentUrl\":\"https:\/\/www.wojoer.de\/wp-content\/uploads\/2016\/11\/wonnebergermanufaktur_logo_BUTTON.png\",\"width\":765,\"height\":765,\"caption\":\"Wonneberger-Manufaktur\"},\"image\":{\"@id\":\"https:\/\/www.wojoer.de\/#\/schema\/logo\/image\/\"},\"sameAs\":[\"https:\/\/www.facebook.com\/wojoer\/\",\"https:\/\/de.pinterest.com\/W0J0ER\/\"]}]}<\/script>\n<!-- \/ Yoast SEO plugin. -->","yoast_head_json":{"title":"Rebel Pants | feurig rotes Powernet | Fetisch | gl\u00e4nzendes Lack | Wojoer","description":"Rebel Pants aus feurig roten Powernet mit schwarz gl\u00e4nzenden Lack am Suspensorium und an den H\u00fcften. Versandkostenfrei innerhalb Deutschlands - jetzt online bestellen!","robots":{"index":"index","follow":"follow","max-snippet":"max-snippet:-1","max-image-preview":"max-image-preview:large","max-video-preview":"max-video-preview:-1"},"canonical":"https:\/\/www.wojoer.de\/en\/produkt\/rebel-pants-363w417\/","twitter_card":"summary_large_image","twitter_title":"Rebel Pants | feurig rotes Powernet | Fetisch | gl\u00e4nzendes Lack | Wojoer","twitter_description":"Rebel Pants aus feurig roten Powernet mit schwarz gl\u00e4nzenden Lack am Suspensorium und an den H\u00fcften. Versandkostenfrei innerhalb Deutschlands - jetzt online bestellen!","twitter_image":"https:\/\/www.wojoer.de\/wp-content\/uploads\/2018\/07\/363W417_Rebel_pants_netz_wojoer.jpg","twitter_misc":{"Estimated reading time":"1 minute"},"schema":{"@context":"https:\/\/schema.org","@graph":[{"@type":"WebPage","@id":"https:\/\/www.wojoer.de\/en\/produkt\/rebel-pants-363w417\/","url":"https:\/\/www.wojoer.de\/en\/produkt\/rebel-pants-363w417\/","name":"Rebel Pants | feurig rotes Powernet | Fetisch | gl\u00e4nzendes Lack | Wojoer","isPartOf":{"@id":"https:\/\/www.wojoer.de\/#website"},"primaryImageOfPage":{"@id":"https:\/\/www.wojoer.de\/en\/produkt\/rebel-pants-363w417\/#primaryimage"},"image":{"@id":"https:\/\/www.wojoer.de\/en\/produkt\/rebel-pants-363w417\/#primaryimage"},"thumbnailUrl":"https:\/\/www.wojoer.de\/wp-content\/uploads\/2018\/07\/363W417_Rebel_pants_netz_wojoer.jpg","datePublished":"2018-11-11T07:53:50+00:00","dateModified":"2021-06-29T05:57:09+00:00","description":"Rebel Pants aus feurig roten Powernet mit schwarz gl\u00e4nzenden Lack am Suspensorium und an den H\u00fcften. Versandkostenfrei innerhalb Deutschlands - jetzt online bestellen!","breadcrumb":{"@id":"https:\/\/www.wojoer.de\/en\/produkt\/rebel-pants-363w417\/#breadcrumb"},"inLanguage":"en-GB","potentialAction":[{"@type":"ReadAction","target":["https:\/\/www.wojoer.de\/en\/produkt\/rebel-pants-363w417\/"]}]},{"@type":"ImageObject","inLanguage":"en-GB","@id":"https:\/\/www.wojoer.de\/en\/produkt\/rebel-pants-363w417\/#primaryimage","url":"https:\/\/www.wojoer.de\/wp-content\/uploads\/2018\/07\/363W417_Rebel_pants_netz_wojoer.jpg","contentUrl":"https:\/\/www.wojoer.de\/wp-content\/uploads\/2018\/07\/363W417_Rebel_pants_netz_wojoer.jpg","width":2002,"height":2002,"caption":"Rebel Pants, feurig rot, Lack, gl\u00e4nzend, Powernet"},{"@type":"BreadcrumbList","@id":"https:\/\/www.wojoer.de\/en\/produkt\/rebel-pants-363w417\/#breadcrumb","itemListElement":[{"@type":"ListItem","position":1,"name":"Startseite","item":"https:\/\/www.wojoer.de\/"},{"@type":"ListItem","position":2,"name":"SHOP","item":"https:\/\/www.wojoer.de\/shop\/"},{"@type":"ListItem","position":3,"name":"REBEL NETZ PANTS 363W417"}]},{"@type":"WebSite","@id":"https:\/\/www.wojoer.de\/#website","url":"https:\/\/www.wojoer.de\/","name":"WOJOER","description":"clubwear for men","publisher":{"@id":"https:\/\/www.wojoer.de\/#organization"},"potentialAction":[{"@type":"SearchAction","target":{"@type":"EntryPoint","urlTemplate":"https:\/\/www.wojoer.de\/?s={search_term_string}"},"query-input":{"@type":"PropertyValueSpecification","valueRequired":true,"valueName":"search_term_string"}}],"inLanguage":"en-GB"},{"@type":"Organization","@id":"https:\/\/www.wojoer.de\/#organization","name":"Wonneberger-Manufaktur","url":"https:\/\/www.wojoer.de\/","logo":{"@type":"ImageObject","inLanguage":"en-GB","@id":"https:\/\/www.wojoer.de\/#\/schema\/logo\/image\/","url":"https:\/\/www.wojoer.de\/wp-content\/uploads\/2016\/11\/wonnebergermanufaktur_logo_BUTTON.png","contentUrl":"https:\/\/www.wojoer.de\/wp-content\/uploads\/2016\/11\/wonnebergermanufaktur_logo_BUTTON.png","width":765,"height":765,"caption":"Wonneberger-Manufaktur"},"image":{"@id":"https:\/\/www.wojoer.de\/#\/schema\/logo\/image\/"},"sameAs":["https:\/\/www.facebook.com\/wojoer\/","https:\/\/de.pinterest.com\/W0J0ER\/"]}]}},"_links":{"self":[{"href":"https:\/\/www.wojoer.de\/en\/wp-json\/wp\/v2\/product\/11698","targetHints":{"allow":["GET"]}}],"collection":[{"href":"https:\/\/www.wojoer.de\/en\/wp-json\/wp\/v2\/product"}],"about":[{"href":"https:\/\/www.wojoer.de\/en\/wp-json\/wp\/v2\/types\/product"}],"replies":[{"embeddable":true,"href":"https:\/\/www.wojoer.de\/en\/wp-json\/wp\/v2\/comments?post=11698"}],"wp:featuredmedia":[{"embeddable":true,"href":"https:\/\/www.wojoer.de\/en\/wp-json\/wp\/v2\/media\/10691"}],"wp:attachment":[{"href":"https:\/\/www.wojoer.de\/en\/wp-json\/wp\/v2\/media?parent=11698"}],"wp:term":[{"taxonomy":"product_brand","embeddable":true,"href":"https:\/\/www.wojoer.de\/en\/wp-json\/wp\/v2\/product_brand?post=11698"},{"taxonomy":"product_cat","embeddable":true,"href":"https:\/\/www.wojoer.de\/en\/wp-json\/wp\/v2\/product_cat?post=11698"},{"taxonomy":"product_tag","embeddable":true,"href":"https:\/\/www.wojoer.de\/en\/wp-json\/wp\/v2\/product_tag?post=11698"}],"curies":[{"name":"wp","href":"https:\/\/api.w.org\/{rel}","templated":true}]}}