{"id":11711,"date":"2025-12-02T08:00:07","date_gmt":"2025-12-02T07:00:07","guid":{"rendered":"https:\/\/www.wojoer.de\/produkt\/neopren-piercing-halsband-309hb2\/"},"modified":"2026-04-10T11:13:27","modified_gmt":"2026-04-10T09:13:27","slug":"neopren-piercing-3-piercing-kurze-riemen","status":"publish","type":"product","link":"https:\/\/www.wojoer.de\/en\/produkt\/neopren-piercing-3-piercing-kurze-riemen\/","title":{"rendered":"NEOPREN Tripple-Piercing short Belts 6.3\u202fin-13.4\u202fin"},"content":{"rendered":"<h2><strong data-start=\"0\" data-end=\"71\">NEOPRENE PIERCING COLLAR \u2013 Matt-Finish Collar with 3 Piercings<\/strong><\/h2>\n<p><!-- Teaser Text --><\/p>\n<p>Smooth, cool metal touches your skin. A tingling sensation rises through your body. It doesn\u2019t take long for the piercings to warm to your body heat. As the exciting tension of putting it on fades, the smooth-skin neoprene strap hugs you tightly \u2013 rewarding you with the sensation of warm, intimate contact. Like a second skin, always with you, it makes you feel more powerful and more at home in your body than ever before.<\/p>\n<p>You&#8217;ll radiate dominance the moment you walk into the room. This piece perfectly enhances your masculine energy, especially when you combine smooth-skin <a href=\"https:\/\/www.wojoer.de\/?s=Neopren&#038;post_type=product\">Neoprene<\/a> and <a href=\"https:\/\/www.wojoer.de\/?s=Synlex&#038;post_type=product\">Synlex<\/a> pieces with this bold strap. Let the broad, powerful bands wrap tightly around any part of your body and become a provocative masterpiece.<\/p>\n<p><strong>Pro tip:<\/strong> The <a href=\"https:\/\/www.wojoer.de\/produkt\/piercing-body-set-369bb\/\">Piercing Body Set<\/a> is the perfect add-on tool to guide your submissive \u2013 firmly and professionally \u2013 by their collar.<\/p>\n<hr \/>\n<h2><strong data-start=\"72\" data-end=\"99\">Product Information<\/strong><\/h2>\n<p><strong>Style no.:<\/strong> 0309-W021-0D&#8211;<br \/>\n<strong>Category:<\/strong> LIVE \u2013 made-to-order<br \/>\n<strong>How to wear:<\/strong> As an arm or leg band, intimate accessory, or tight collar \u2013 just the way you like it.<\/p>\n<hr \/>\n<h2><strong data-start=\"100\" data-end=\"108\">Features<\/strong><\/h2>\n<p>\u2022 Made-to-order LIVE product<br \/>\n\u2022 Water-friendly<br \/>\n\u2022 Stylish &#038; edgy<br \/>\n\u2022 3 piercings as closure system<br \/>\n\u2022 Smooth matt surface<br \/>\n\u2022 Stretchy and comfortable<br \/>\n\u2022 Can be worn tight or loose<br \/>\n\u2022 Premium craftsmanship \u2013 Made in Germany<\/p>\n<hr \/>\n<h2><strong data-start=\"109\" data-end=\"114\">Sizes<\/strong><\/h2>\n<table>\n<thead>\n<tr>\n<th>Size<\/th>\n<th>Product Length<\/th>\n<th>Strap Width<\/th>\n<th>Body Part Circumference<\/th>\n<\/tr>\n<\/thead>\n<tbody>\n<tr>\n<td>XXS<\/td>\n<td>6.3\u202fin<\/td>\n<td>1.6\u202fin<\/td>\n<td>5.5\u20136.7\u202fin<\/td>\n<\/tr>\n<tr>\n<td>XS<\/td>\n<td>7.1\u202fin<\/td>\n<td>1.6\u202fin<\/td>\n<td>6.3\u20137.5\u202fin<\/td>\n<\/tr>\n<tr>\n<td>S<\/td>\n<td>7.9\u202fin<\/td>\n<td>1.6\u202fin<\/td>\n<td>7.1\u20138.3\u202fin<\/td>\n<\/tr>\n<tr>\n<td>M<\/td>\n<td>8.7\u202fin<\/td>\n<td>1.6\u202fin<\/td>\n<td>7.9\u20139.1\u202fin<\/td>\n<\/tr>\n<tr>\n<td>L<\/td>\n<td>9.4\u202fin<\/td>\n<td>1.6\u202fin<\/td>\n<td>8.7\u20139.8\u202fin<\/td>\n<\/tr>\n<tr>\n<td>XL<\/td>\n<td>10.2\u202fin<\/td>\n<td>1.6\u202fin<\/td>\n<td>9.4\u201310.6\u202fin<\/td>\n<\/tr>\n<tr>\n<td>XXL<\/td>\n<td>11.0\u202fin<\/td>\n<td>1.6\u202fin<\/td>\n<td>10.2\u201311.4\u202fin<\/td>\n<\/tr>\n<tr>\n<td>3XL<\/td>\n<td>11.8\u202fin<\/td>\n<td>1.6\u202fin<\/td>\n<td>11.0\u201312.2\u202fin<\/td>\n<\/tr>\n<tr>\n<td>4XL<\/td>\n<td>12.6\u202fin<\/td>\n<td>1.6\u202fin<\/td>\n<td>11.8\u201313.0\u202fin<\/td>\n<\/tr>\n<tr>\n<td>5XL<\/td>\n<td>13.4\u202fin<\/td>\n<td>1.6\u202fin<\/td>\n<td>12.6\u201313.8\u202fin<\/td>\n<\/tr>\n<\/tbody>\n<\/table>\n<p><strong>Looking for a larger fit?<\/strong><br data-start=\"215\" data-end=\"218\" \/>Choose from our selection of longer strap lengths <a href=\"https:\/\/www.wojoer.de\/?s=neoprene+strap&#038;post_type=product\">here<\/a>.<\/p>\n<hr \/>\n<h2><strong data-start=\"115\" data-end=\"129\">Photo Example<\/strong><\/h2>\n<p>Mannequin neck circumference: 12.6\u202fin<\/p>\n<p>\u2022 Example 1: 4XL \u2013 snug, sporty fetish fit<\/p>\n<p><img loading=\"lazy\" decoding=\"async\" class=\"alignnone size-thumbnail wp-image-11883\" src=\"https:\/\/www.wojoer.de\/wp-content\/uploads\/2018\/12\/309HB_Piercing_Halsband_Kette_side_wojoer-150x150.jpg\" alt=\"Neopren Piercing Halsband\" width=\"150\" height=\"150\" srcset=\"https:\/\/www.wojoer.de\/wp-content\/uploads\/2018\/12\/309HB_Piercing_Halsband_Kette_side_wojoer-150x150.jpg 150w, https:\/\/www.wojoer.de\/wp-content\/uploads\/2018\/12\/309HB_Piercing_Halsband_Kette_side_wojoer-300x300.jpg 300w, https:\/\/www.wojoer.de\/wp-content\/uploads\/2018\/12\/309HB_Piercing_Halsband_Kette_side_wojoer-100x100.jpg 100w, https:\/\/www.wojoer.de\/wp-content\/uploads\/2018\/12\/309HB_Piercing_Halsband_Kette_side_wojoer-600x600.jpg 600w, https:\/\/www.wojoer.de\/wp-content\/uploads\/2018\/12\/309HB_Piercing_Halsband_Kette_side_wojoer-768x768.jpg 768w, https:\/\/www.wojoer.de\/wp-content\/uploads\/2018\/12\/309HB_Piercing_Halsband_Kette_side_wojoer-1024x1024.jpg 1024w, https:\/\/www.wojoer.de\/wp-content\/uploads\/2018\/12\/309HB_Piercing_Halsband_Kette_side_wojoer.jpg 2002w\" sizes=\"auto, (max-width: 150px) 100vw, 150px\" \/><img loading=\"lazy\" decoding=\"async\" class=\"alignnone size-thumbnail wp-image-11881\" src=\"https:\/\/www.wojoer.de\/wp-content\/uploads\/2018\/12\/309HB_Piercing_Halsband_Kette_front_wojoer-150x150.jpg\" alt=\"Neopren Piercing Halsband\" width=\"150\" height=\"150\" srcset=\"https:\/\/www.wojoer.de\/wp-content\/uploads\/2018\/12\/309HB_Piercing_Halsband_Kette_front_wojoer-150x150.jpg 150w, https:\/\/www.wojoer.de\/wp-content\/uploads\/2018\/12\/309HB_Piercing_Halsband_Kette_front_wojoer-300x300.jpg 300w, https:\/\/www.wojoer.de\/wp-content\/uploads\/2018\/12\/309HB_Piercing_Halsband_Kette_front_wojoer-100x100.jpg 100w, https:\/\/www.wojoer.de\/wp-content\/uploads\/2018\/12\/309HB_Piercing_Halsband_Kette_front_wojoer-600x600.jpg 600w, https:\/\/www.wojoer.de\/wp-content\/uploads\/2018\/12\/309HB_Piercing_Halsband_Kette_front_wojoer-768x768.jpg 768w, https:\/\/www.wojoer.de\/wp-content\/uploads\/2018\/12\/309HB_Piercing_Halsband_Kette_front_wojoer-1024x1024.jpg 1024w, https:\/\/www.wojoer.de\/wp-content\/uploads\/2018\/12\/309HB_Piercing_Halsband_Kette_front_wojoer.jpg 2002w\" sizes=\"auto, (max-width: 150px) 100vw, 150px\" \/><\/p>\n<p>\u2022 Example 2: 5XL \u2013 relaxed, elegant collar look<\/p>\n<p><img loading=\"lazy\" decoding=\"async\" class=\"alignnone size-thumbnail wp-image-11882\" src=\"https:\/\/www.wojoer.de\/wp-content\/uploads\/2018\/12\/309HB_Piercing_Halsband_Kette_side_loose_wojoer-150x150.jpg\" alt=\"Neopren Piercing Halsband\" width=\"150\" height=\"150\" srcset=\"https:\/\/www.wojoer.de\/wp-content\/uploads\/2018\/12\/309HB_Piercing_Halsband_Kette_side_loose_wojoer-150x150.jpg 150w, https:\/\/www.wojoer.de\/wp-content\/uploads\/2018\/12\/309HB_Piercing_Halsband_Kette_side_loose_wojoer-300x300.jpg 300w, https:\/\/www.wojoer.de\/wp-content\/uploads\/2018\/12\/309HB_Piercing_Halsband_Kette_side_loose_wojoer-100x100.jpg 100w, https:\/\/www.wojoer.de\/wp-content\/uploads\/2018\/12\/309HB_Piercing_Halsband_Kette_side_loose_wojoer-600x600.jpg 600w, https:\/\/www.wojoer.de\/wp-content\/uploads\/2018\/12\/309HB_Piercing_Halsband_Kette_side_loose_wojoer-768x768.jpg 768w, https:\/\/www.wojoer.de\/wp-content\/uploads\/2018\/12\/309HB_Piercing_Halsband_Kette_side_loose_wojoer-1024x1024.jpg 1024w, https:\/\/www.wojoer.de\/wp-content\/uploads\/2018\/12\/309HB_Piercing_Halsband_Kette_side_loose_wojoer.jpg 2002w\" sizes=\"auto, (max-width: 150px) 100vw, 150px\" \/><img loading=\"lazy\" decoding=\"async\" class=\"alignnone size-thumbnail wp-image-11880\" src=\"https:\/\/www.wojoer.de\/wp-content\/uploads\/2018\/12\/309HB_Piercing_Halsband_Kette_front_loose_wojoer-150x150.jpg\" alt=\"Neopren Piercing Halsband\" width=\"150\" height=\"150\" srcset=\"https:\/\/www.wojoer.de\/wp-content\/uploads\/2018\/12\/309HB_Piercing_Halsband_Kette_front_loose_wojoer-150x150.jpg 150w, https:\/\/www.wojoer.de\/wp-content\/uploads\/2018\/12\/309HB_Piercing_Halsband_Kette_front_loose_wojoer-300x300.jpg 300w, https:\/\/www.wojoer.de\/wp-content\/uploads\/2018\/12\/309HB_Piercing_Halsband_Kette_front_loose_wojoer-100x100.jpg 100w, https:\/\/www.wojoer.de\/wp-content\/uploads\/2018\/12\/309HB_Piercing_Halsband_Kette_front_loose_wojoer-600x600.jpg 600w, https:\/\/www.wojoer.de\/wp-content\/uploads\/2018\/12\/309HB_Piercing_Halsband_Kette_front_loose_wojoer-768x768.jpg 768w, https:\/\/www.wojoer.de\/wp-content\/uploads\/2018\/12\/309HB_Piercing_Halsband_Kette_front_loose_wojoer-1024x1024.jpg 1024w, https:\/\/www.wojoer.de\/wp-content\/uploads\/2018\/12\/309HB_Piercing_Halsband_Kette_front_loose_wojoer.jpg 2002w\" sizes=\"auto, (max-width: 150px) 100vw, 150px\" \/><\/p>\n<hr \/>\n<h2><strong data-start=\"130\" data-end=\"139\">Materials<\/strong><\/h2>\n<p>Neoprene: 100%<br \/>\nMetal piercings: Nickel-free<\/p>\n<hr \/>\n<h2><strong data-start=\"140\" data-end=\"158\">Care Instructions<\/strong><\/h2>\n<p>\u2022 Hand wash only \u2013 gently dab with cold to warm water (up to 140\u202f\u00b0F) and mild soap<br \/>\n\u2022 Lay flat to dry<br \/>\n\u2022 Light creases (not too deep or old) can be carefully ironed inside-out on low heat (setting 1) using a fine, heat-resistant cloth as a barrier<br \/>\n\u2022 \u26a0\ufe0f Avoid overheating \u2013 jersey surface may melt and develop shiny marks if too hot or pressed too long<\/p>\n","protected":false},"excerpt":{"rendered":"<p><strong style=\"color: #444444;\">NEOPREN-PIERCING-COLLAR \u2013 Mattes Finish mit 3 Piercings<\/strong><br \/>\nGlattes, k\u00fchles Metall ber\u00fchrt deine Haut. Ein prickelndes Gef\u00fchl breitet sich in deinem K\u00f6rper aus. Schon nach kurzer Zeit haben sich die Piercings deiner K\u00f6rperw\u00e4rme angepasst. Wenn die aufregende Spannung des Anlegens\u2026<\/p>\n","protected":false},"featured_media":54845,"comment_status":"open","ping_status":"closed","template":"","meta":[],"product_brand":[],"product_cat":[112,291,1113,116,114,473,471,195,326],"product_tag":[108,419,422,103,408,1111],"class_list":{"0":"post-11711","1":"product","2":"type-product","3":"status-publish","4":"has-post-thumbnail","6":"product_cat-309-neopren","7":"product_cat-accessoires","8":"product_cat-btr","9":"product_cat-clubwear","10":"product_cat-fetisch","11":"product_cat-men","12":"product_cat-partnerlook","13":"product_cat-produktion-auf-bestellung-liveproduktion","14":"product_cat-wojoer","15":"product_tag-1beachwear","16":"product_tag-btr","17":"product_tag-halsband","18":"product_tag-neopren","19":"product_tag-piercing","20":"product_tag-pushring","21":"product_shipping_class-neopren","22":"pa_groesse-4xl","23":"pa_groesse-5xl","24":"pa_groesse-l","25":"pa_groesse-lxl","26":"pa_groesse-m","27":"pa_groesse-ml","28":"pa_groesse-s","29":"pa_groesse-sm","30":"pa_groesse-xl","31":"pa_groesse-xs","32":"pa_groesse-xxl","33":"pa_groesse-xxs","34":"pa_groesse-xxxl","35":"pif-has-gallery","36":"post-1","37":"odd","39":"first","40":"onbackorder","41":"taxable","42":"shipping-taxable","43":"purchasable","44":"product-type-variable","45":"has-default-attributes"},"yoast_head":"<!-- This site is optimized with the Yoast SEO plugin v27.2 - https:\/\/yoast.com\/product\/yoast-seo-wordpress\/ -->\n<title>Neopren Piercing B\u00e4nder | 3 Piercing Accessoieres | Wojoer<\/title>\n<meta name=\"description\" content=\"Das Neopren Piercing Halsband\/Armband\/Beinband! Mattes, super weiches Hautgef\u00fchl. Versandkostenfrei innerhalb Deutschlands - jetzt online bestellen!\" \/>\n<meta name=\"robots\" content=\"index, follow, max-snippet:-1, max-image-preview:large, max-video-preview:-1\" \/>\n<link rel=\"canonical\" href=\"https:\/\/www.wojoer.de\/en\/produkt\/neopren-piercing-3-piercing-kurze-riemen\/\" \/>\n<meta name=\"twitter:card\" content=\"summary_large_image\" \/>\n<meta name=\"twitter:title\" content=\"Neopren Piercing B\u00e4nder | 3 Piercing Accessoieres | Wojoer\" \/>\n<meta name=\"twitter:description\" content=\"Das Neopren Piercing Halsband\/Armband\/Beinband! Mattes, super weiches Hautgef\u00fchl. Versandkostenfrei innerhalb Deutschlands - jetzt online bestellen!\" \/>\n<meta name=\"twitter:image\" content=\"https:\/\/www.wojoer.de\/wp-content\/uploads\/2021\/10\/0309-W021-0D-00-17-6.-neopren-piercingarmband-dehnbar-schwarz-front_side-wojoer.jpg\" \/>\n<meta name=\"twitter:label1\" content=\"Estimated reading time\" \/>\n\t<meta name=\"twitter:data1\" content=\"4 minutes\" \/>\n<script type=\"application\/ld+json\" class=\"yoast-schema-graph\">{\"@context\":\"https:\/\/schema.org\",\"@graph\":[{\"@type\":\"WebPage\",\"@id\":\"https:\/\/www.wojoer.de\/en\/produkt\/neopren-piercing-3-piercing-kurze-riemen\/\",\"url\":\"https:\/\/www.wojoer.de\/en\/produkt\/neopren-piercing-3-piercing-kurze-riemen\/\",\"name\":\"Neopren Piercing B\u00e4nder | 3 Piercing Accessoieres | Wojoer\",\"isPartOf\":{\"@id\":\"https:\/\/www.wojoer.de\/#website\"},\"primaryImageOfPage\":{\"@id\":\"https:\/\/www.wojoer.de\/en\/produkt\/neopren-piercing-3-piercing-kurze-riemen\/#primaryimage\"},\"image\":{\"@id\":\"https:\/\/www.wojoer.de\/en\/produkt\/neopren-piercing-3-piercing-kurze-riemen\/#primaryimage\"},\"thumbnailUrl\":\"https:\/\/www.wojoer.de\/wp-content\/uploads\/2021\/10\/0309-W021-0D-00-17-6.-neopren-piercingarmband-dehnbar-schwarz-front_side-wojoer.jpg\",\"datePublished\":\"2025-12-02T07:00:07+00:00\",\"dateModified\":\"2026-04-10T09:13:27+00:00\",\"description\":\"Das Neopren Piercing Halsband\/Armband\/Beinband! Mattes, super weiches Hautgef\u00fchl. Versandkostenfrei innerhalb Deutschlands - jetzt online bestellen!\",\"breadcrumb\":{\"@id\":\"https:\/\/www.wojoer.de\/en\/produkt\/neopren-piercing-3-piercing-kurze-riemen\/#breadcrumb\"},\"inLanguage\":\"en-GB\",\"potentialAction\":[{\"@type\":\"ReadAction\",\"target\":[\"https:\/\/www.wojoer.de\/en\/produkt\/neopren-piercing-3-piercing-kurze-riemen\/\"]}]},{\"@type\":\"ImageObject\",\"inLanguage\":\"en-GB\",\"@id\":\"https:\/\/www.wojoer.de\/en\/produkt\/neopren-piercing-3-piercing-kurze-riemen\/#primaryimage\",\"url\":\"https:\/\/www.wojoer.de\/wp-content\/uploads\/2021\/10\/0309-W021-0D-00-17-6.-neopren-piercingarmband-dehnbar-schwarz-front_side-wojoer.jpg\",\"contentUrl\":\"https:\/\/www.wojoer.de\/wp-content\/uploads\/2021\/10\/0309-W021-0D-00-17-6.-neopren-piercingarmband-dehnbar-schwarz-front_side-wojoer.jpg\",\"width\":2002,\"height\":2002,\"caption\":\"kinky colar\"},{\"@type\":\"BreadcrumbList\",\"@id\":\"https:\/\/www.wojoer.de\/en\/produkt\/neopren-piercing-3-piercing-kurze-riemen\/#breadcrumb\",\"itemListElement\":[{\"@type\":\"ListItem\",\"position\":1,\"name\":\"Startseite\",\"item\":\"https:\/\/www.wojoer.de\/\"},{\"@type\":\"ListItem\",\"position\":2,\"name\":\"SHOP\",\"item\":\"https:\/\/www.wojoer.de\/shop\/\"},{\"@type\":\"ListItem\",\"position\":3,\"name\":\"NEOPREN Tripple-Piercing short Belts 6.3\u202fin-13.4\u202fin\"}]},{\"@type\":\"WebSite\",\"@id\":\"https:\/\/www.wojoer.de\/#website\",\"url\":\"https:\/\/www.wojoer.de\/\",\"name\":\"WOJOER\",\"description\":\"clubwear for men\",\"publisher\":{\"@id\":\"https:\/\/www.wojoer.de\/#organization\"},\"potentialAction\":[{\"@type\":\"SearchAction\",\"target\":{\"@type\":\"EntryPoint\",\"urlTemplate\":\"https:\/\/www.wojoer.de\/?s={search_term_string}\"},\"query-input\":{\"@type\":\"PropertyValueSpecification\",\"valueRequired\":true,\"valueName\":\"search_term_string\"}}],\"inLanguage\":\"en-GB\"},{\"@type\":\"Organization\",\"@id\":\"https:\/\/www.wojoer.de\/#organization\",\"name\":\"Wonneberger-Manufaktur\",\"url\":\"https:\/\/www.wojoer.de\/\",\"logo\":{\"@type\":\"ImageObject\",\"inLanguage\":\"en-GB\",\"@id\":\"https:\/\/www.wojoer.de\/#\/schema\/logo\/image\/\",\"url\":\"https:\/\/www.wojoer.de\/wp-content\/uploads\/2016\/11\/wonnebergermanufaktur_logo_BUTTON.png\",\"contentUrl\":\"https:\/\/www.wojoer.de\/wp-content\/uploads\/2016\/11\/wonnebergermanufaktur_logo_BUTTON.png\",\"width\":765,\"height\":765,\"caption\":\"Wonneberger-Manufaktur\"},\"image\":{\"@id\":\"https:\/\/www.wojoer.de\/#\/schema\/logo\/image\/\"},\"sameAs\":[\"https:\/\/www.facebook.com\/wojoer\/\",\"https:\/\/de.pinterest.com\/W0J0ER\/\"]}]}<\/script>\n<!-- \/ Yoast SEO plugin. -->","yoast_head_json":{"title":"Neopren Piercing B\u00e4nder | 3 Piercing Accessoieres | Wojoer","description":"Das Neopren Piercing Halsband\/Armband\/Beinband! Mattes, super weiches Hautgef\u00fchl. Versandkostenfrei innerhalb Deutschlands - jetzt online bestellen!","robots":{"index":"index","follow":"follow","max-snippet":"max-snippet:-1","max-image-preview":"max-image-preview:large","max-video-preview":"max-video-preview:-1"},"canonical":"https:\/\/www.wojoer.de\/en\/produkt\/neopren-piercing-3-piercing-kurze-riemen\/","twitter_card":"summary_large_image","twitter_title":"Neopren Piercing B\u00e4nder | 3 Piercing Accessoieres | Wojoer","twitter_description":"Das Neopren Piercing Halsband\/Armband\/Beinband! Mattes, super weiches Hautgef\u00fchl. Versandkostenfrei innerhalb Deutschlands - jetzt online bestellen!","twitter_image":"https:\/\/www.wojoer.de\/wp-content\/uploads\/2021\/10\/0309-W021-0D-00-17-6.-neopren-piercingarmband-dehnbar-schwarz-front_side-wojoer.jpg","twitter_misc":{"Estimated reading time":"4 minutes"},"schema":{"@context":"https:\/\/schema.org","@graph":[{"@type":"WebPage","@id":"https:\/\/www.wojoer.de\/en\/produkt\/neopren-piercing-3-piercing-kurze-riemen\/","url":"https:\/\/www.wojoer.de\/en\/produkt\/neopren-piercing-3-piercing-kurze-riemen\/","name":"Neopren Piercing B\u00e4nder | 3 Piercing Accessoieres | Wojoer","isPartOf":{"@id":"https:\/\/www.wojoer.de\/#website"},"primaryImageOfPage":{"@id":"https:\/\/www.wojoer.de\/en\/produkt\/neopren-piercing-3-piercing-kurze-riemen\/#primaryimage"},"image":{"@id":"https:\/\/www.wojoer.de\/en\/produkt\/neopren-piercing-3-piercing-kurze-riemen\/#primaryimage"},"thumbnailUrl":"https:\/\/www.wojoer.de\/wp-content\/uploads\/2021\/10\/0309-W021-0D-00-17-6.-neopren-piercingarmband-dehnbar-schwarz-front_side-wojoer.jpg","datePublished":"2025-12-02T07:00:07+00:00","dateModified":"2026-04-10T09:13:27+00:00","description":"Das Neopren Piercing Halsband\/Armband\/Beinband! Mattes, super weiches Hautgef\u00fchl. Versandkostenfrei innerhalb Deutschlands - jetzt online bestellen!","breadcrumb":{"@id":"https:\/\/www.wojoer.de\/en\/produkt\/neopren-piercing-3-piercing-kurze-riemen\/#breadcrumb"},"inLanguage":"en-GB","potentialAction":[{"@type":"ReadAction","target":["https:\/\/www.wojoer.de\/en\/produkt\/neopren-piercing-3-piercing-kurze-riemen\/"]}]},{"@type":"ImageObject","inLanguage":"en-GB","@id":"https:\/\/www.wojoer.de\/en\/produkt\/neopren-piercing-3-piercing-kurze-riemen\/#primaryimage","url":"https:\/\/www.wojoer.de\/wp-content\/uploads\/2021\/10\/0309-W021-0D-00-17-6.-neopren-piercingarmband-dehnbar-schwarz-front_side-wojoer.jpg","contentUrl":"https:\/\/www.wojoer.de\/wp-content\/uploads\/2021\/10\/0309-W021-0D-00-17-6.-neopren-piercingarmband-dehnbar-schwarz-front_side-wojoer.jpg","width":2002,"height":2002,"caption":"kinky colar"},{"@type":"BreadcrumbList","@id":"https:\/\/www.wojoer.de\/en\/produkt\/neopren-piercing-3-piercing-kurze-riemen\/#breadcrumb","itemListElement":[{"@type":"ListItem","position":1,"name":"Startseite","item":"https:\/\/www.wojoer.de\/"},{"@type":"ListItem","position":2,"name":"SHOP","item":"https:\/\/www.wojoer.de\/shop\/"},{"@type":"ListItem","position":3,"name":"NEOPREN Tripple-Piercing short Belts 6.3\u202fin-13.4\u202fin"}]},{"@type":"WebSite","@id":"https:\/\/www.wojoer.de\/#website","url":"https:\/\/www.wojoer.de\/","name":"WOJOER","description":"clubwear for men","publisher":{"@id":"https:\/\/www.wojoer.de\/#organization"},"potentialAction":[{"@type":"SearchAction","target":{"@type":"EntryPoint","urlTemplate":"https:\/\/www.wojoer.de\/?s={search_term_string}"},"query-input":{"@type":"PropertyValueSpecification","valueRequired":true,"valueName":"search_term_string"}}],"inLanguage":"en-GB"},{"@type":"Organization","@id":"https:\/\/www.wojoer.de\/#organization","name":"Wonneberger-Manufaktur","url":"https:\/\/www.wojoer.de\/","logo":{"@type":"ImageObject","inLanguage":"en-GB","@id":"https:\/\/www.wojoer.de\/#\/schema\/logo\/image\/","url":"https:\/\/www.wojoer.de\/wp-content\/uploads\/2016\/11\/wonnebergermanufaktur_logo_BUTTON.png","contentUrl":"https:\/\/www.wojoer.de\/wp-content\/uploads\/2016\/11\/wonnebergermanufaktur_logo_BUTTON.png","width":765,"height":765,"caption":"Wonneberger-Manufaktur"},"image":{"@id":"https:\/\/www.wojoer.de\/#\/schema\/logo\/image\/"},"sameAs":["https:\/\/www.facebook.com\/wojoer\/","https:\/\/de.pinterest.com\/W0J0ER\/"]}]}},"_links":{"self":[{"href":"https:\/\/www.wojoer.de\/en\/wp-json\/wp\/v2\/product\/11711","targetHints":{"allow":["GET"]}}],"collection":[{"href":"https:\/\/www.wojoer.de\/en\/wp-json\/wp\/v2\/product"}],"about":[{"href":"https:\/\/www.wojoer.de\/en\/wp-json\/wp\/v2\/types\/product"}],"replies":[{"embeddable":true,"href":"https:\/\/www.wojoer.de\/en\/wp-json\/wp\/v2\/comments?post=11711"}],"wp:featuredmedia":[{"embeddable":true,"href":"https:\/\/www.wojoer.de\/en\/wp-json\/wp\/v2\/media\/54845"}],"wp:attachment":[{"href":"https:\/\/www.wojoer.de\/en\/wp-json\/wp\/v2\/media?parent=11711"}],"wp:term":[{"taxonomy":"product_brand","embeddable":true,"href":"https:\/\/www.wojoer.de\/en\/wp-json\/wp\/v2\/product_brand?post=11711"},{"taxonomy":"product_cat","embeddable":true,"href":"https:\/\/www.wojoer.de\/en\/wp-json\/wp\/v2\/product_cat?post=11711"},{"taxonomy":"product_tag","embeddable":true,"href":"https:\/\/www.wojoer.de\/en\/wp-json\/wp\/v2\/product_tag?post=11711"}],"curies":[{"name":"wp","href":"https:\/\/api.w.org\/{rel}","templated":true}]}}