{"id":12205,"date":"2019-06-18T07:01:56","date_gmt":"2019-06-18T05:01:56","guid":{"rendered":"https:\/\/www.wojoer.de\/produkt\/leatherlike-beutel-tasche-dlt2-schwarz\/"},"modified":"2022-06-28T13:13:34","modified_gmt":"2022-06-28T11:13:34","slug":"tasche-leatherlike-beutel-tasche-dlt2-schwarz","status":"publish","type":"product","link":"https:\/\/www.wojoer.de\/en\/produkt\/tasche-leatherlike-beutel-tasche-dlt2-schwarz\/","title":{"rendered":"Leather Like Tasche DLT2"},"content":{"rendered":"<p>Die matte Tasche Leatherlike\u00a0 DLT2 geh\u00f6rt zu den Wojoer LIVE-Produkten. Sie werden ab Bestellung bei uns produziert, dadurch k\u00f6nnen wir auf Kundenw\u00fcnsche individuell eingehen.<\/p>\n<h3>Gr\u00f6\u00dfen<\/h3>\n<p>Einheitsgr\u00f6\u00dfe Unisize:<\/p>\n<p>Taschenma\u00dfe: 20cm x 24cm<\/p>\n<p>Henkelh\u00f6he: 30cm<\/p>\n<p>Innentasche: 13cm x 17cm<\/p>\n<h3>Materialzusammensetzung<\/h3>\n<p>Medium feines Leatherlike: 92% Polyeste | 8% Elasthan<\/p>\n<h3>Besonderheiten<\/h3>\n<p><a href=\"http:\/\/www.wojoer.de\/?s=LIVE&#038;post_type=product\">LIVE-Produkt<\/a>\u00a0 | mattes leather like schwarz | Rei\u00dfverschlusstasche innenliegend | hochwertige Verarbeitung &#8220;Made in Germany&#8221;<\/p>\n<h3>Benutzerhinweise<\/h3>\n<p>Handw\u00e4sche | seperat von hellen und anderen, beschichteten Textilien lagern | nur mit dazwischen gelegtes Papier zusammenlegen oder locker auf einem B\u00fcgel h\u00e4ngen<\/p>\n<h3>SCHWARZE TASCHE\u00a0LEATHERLIKE &#8211; Matte Club Handtasche mit innenliegender Rei\u00dfverschlusstasche<\/h3>\n<p>Du brauchst eine simple und universal passende Handtasche f\u00fcr dein Outfit? Die Wojoer Leatherlike tasche ist Understatement und schreiende Eleganz in einem. Somit d\u00fcrfte sie zu fast jedem Outfit die perfekte Erg\u00e4nzung sein. Sie l\u00e4sst sich bequem in der Hand, wie auch \u00fcber der Schulter tragen. Und das kleine Innent\u00e4schchen ist durch einen hochwertigen Rei\u00dfverschluss edel abgesetzt. So simpel dieses kleine T\u00e4schchen aussehen mag, so intelligent praktisch ist es. Platz f\u00fcr vielerlei Dinge findet sich in den knapp 2,5 l Fassungsverm\u00f6gen. Zudem bieten die circa 1\/2 l fassende Innentasche Platz f\u00fcr jegliches Geld, Karten, Kondome oder Bullet Vibratoren&#8230;eben alles was man f\u00fcr einen spannenden Abend so brauchen k\u00f6nnte.<\/p>\n","protected":false},"excerpt":{"rendered":"<p>Die matte Tasche Leatherlike\u00a0 DLT2 geh\u00f6rt zu den Wojoer LIVE-Produkten. Sie werden ab Bestellung bei uns produziert, dadurch k\u00f6nnen wir auf Kundenw\u00fcnsche individuell eingehen.<br \/>\nGr\u00f6\u00dfen<br \/>\nEinheitsgr\u00f6\u00dfe Unisize:<\/p>\n<p>Taschenma\u00dfe: 20cm x 24cm<\/p>\n<p>Henkelh\u00f6he: 30cm<\/p>\n<p>Innentasche: 13cm x 17cm<br \/>\nMaterialzusammensetzung<br \/>\nMedium feines Leatherlike: 92% Polyeste | 8% Elasthan<br \/>\nBesonderheiten<br \/>\nLIVE-Produkt\u00a0 |\u2026<\/p>\n","protected":false},"featured_media":15951,"comment_status":"open","ping_status":"closed","template":"","meta":[],"product_brand":[],"product_cat":[291,116,473,471,195,326],"product_tag":[194,189],"class_list":{"0":"post-12205","1":"product","2":"type-product","3":"status-publish","4":"has-post-thumbnail","6":"product_cat-accessoires","7":"product_cat-clubwear","8":"product_cat-men","9":"product_cat-partnerlook","10":"product_cat-produktion-auf-bestellung-liveproduktion","11":"product_cat-wojoer","12":"product_tag-leatherlike","13":"product_tag-reissverschluss","14":"pif-has-gallery","15":"post-1","16":"odd","18":"first","19":"onbackorder","20":"taxable","21":"shipping-taxable","22":"purchasable","23":"product-type-simple"},"yoast_head":"<!-- This site is optimized with the Yoast SEO plugin v27.2 - https:\/\/yoast.com\/product\/yoast-seo-wordpress\/ -->\n<title>Tasche Leatherlike | schwarz gl\u00e4nzend | Rei\u00dfverschluss | WOJOER<\/title>\n<meta name=\"description\" content=\"Tasche Leatherlike aus matten, schwarzen Kunstleder. Innenliegende Rei\u00dfverschlusstasche f\u00fcr aufregende Accessoires. Jetzt online versandkostenfrei innerhalb Deutschlands bestellen.\" \/>\n<meta name=\"robots\" content=\"index, follow, max-snippet:-1, max-image-preview:large, max-video-preview:-1\" \/>\n<link rel=\"canonical\" href=\"https:\/\/www.wojoer.de\/en\/produkt\/tasche-leatherlike-beutel-tasche-dlt2-schwarz\/\" \/>\n<meta name=\"twitter:card\" content=\"summary_large_image\" \/>\n<meta name=\"twitter:title\" content=\"Tasche Leatherlike | schwarz gl\u00e4nzend | Rei\u00dfverschluss | WOJOER\" \/>\n<meta name=\"twitter:description\" content=\"Tasche Leatherlike aus matten, schwarzen Kunstleder. Innenliegende Rei\u00dfverschlusstasche f\u00fcr aufregende Accessoires. Jetzt online versandkostenfrei innerhalb Deutschlands bestellen.\" \/>\n<meta name=\"twitter:image\" content=\"https:\/\/www.wojoer.de\/wp-content\/uploads\/2018\/12\/DLT2_Leatherlike_Handtasche_wojoer_women.jpg\" \/>\n<meta name=\"twitter:label1\" content=\"Estimated reading time\" \/>\n\t<meta name=\"twitter:data1\" content=\"1 minute\" \/>\n<script type=\"application\/ld+json\" class=\"yoast-schema-graph\">{\"@context\":\"https:\/\/schema.org\",\"@graph\":[{\"@type\":\"WebPage\",\"@id\":\"https:\/\/www.wojoer.de\/produkt\/tasche-leatherlike-beutel-tasche-dlt2-schwarz\/\",\"url\":\"https:\/\/www.wojoer.de\/produkt\/tasche-leatherlike-beutel-tasche-dlt2-schwarz\/\",\"name\":\"Tasche Leatherlike | schwarz gl\u00e4nzend | Rei\u00dfverschluss | WOJOER\",\"isPartOf\":{\"@id\":\"https:\/\/www.wojoer.de\/#website\"},\"primaryImageOfPage\":{\"@id\":\"https:\/\/www.wojoer.de\/produkt\/tasche-leatherlike-beutel-tasche-dlt2-schwarz\/#primaryimage\"},\"image\":{\"@id\":\"https:\/\/www.wojoer.de\/produkt\/tasche-leatherlike-beutel-tasche-dlt2-schwarz\/#primaryimage\"},\"thumbnailUrl\":\"https:\/\/www.wojoer.de\/wp-content\/uploads\/2018\/12\/DLT2_Leatherlike_Handtasche_wojoer_women.jpg\",\"datePublished\":\"2019-06-18T05:01:56+00:00\",\"dateModified\":\"2022-06-28T11:13:34+00:00\",\"description\":\"Tasche Leatherlike aus matten, schwarzen Kunstleder. Innenliegende Rei\u00dfverschlusstasche f\u00fcr aufregende Accessoires. Jetzt online versandkostenfrei innerhalb Deutschlands bestellen.\",\"breadcrumb\":{\"@id\":\"https:\/\/www.wojoer.de\/produkt\/tasche-leatherlike-beutel-tasche-dlt2-schwarz\/#breadcrumb\"},\"inLanguage\":\"en-GB\",\"potentialAction\":[{\"@type\":\"ReadAction\",\"target\":[\"https:\/\/www.wojoer.de\/produkt\/tasche-leatherlike-beutel-tasche-dlt2-schwarz\/\"]}]},{\"@type\":\"ImageObject\",\"inLanguage\":\"en-GB\",\"@id\":\"https:\/\/www.wojoer.de\/produkt\/tasche-leatherlike-beutel-tasche-dlt2-schwarz\/#primaryimage\",\"url\":\"https:\/\/www.wojoer.de\/wp-content\/uploads\/2018\/12\/DLT2_Leatherlike_Handtasche_wojoer_women.jpg\",\"contentUrl\":\"https:\/\/www.wojoer.de\/wp-content\/uploads\/2018\/12\/DLT2_Leatherlike_Handtasche_wojoer_women.jpg\",\"width\":2002,\"height\":2002},{\"@type\":\"BreadcrumbList\",\"@id\":\"https:\/\/www.wojoer.de\/produkt\/tasche-leatherlike-beutel-tasche-dlt2-schwarz\/#breadcrumb\",\"itemListElement\":[{\"@type\":\"ListItem\",\"position\":1,\"name\":\"Startseite\",\"item\":\"https:\/\/www.wojoer.de\/\"},{\"@type\":\"ListItem\",\"position\":2,\"name\":\"SHOP\",\"item\":\"https:\/\/www.wojoer.de\/shop\/\"},{\"@type\":\"ListItem\",\"position\":3,\"name\":\"Leather Like Tasche DLT2\"}]},{\"@type\":\"WebSite\",\"@id\":\"https:\/\/www.wojoer.de\/#website\",\"url\":\"https:\/\/www.wojoer.de\/\",\"name\":\"WOJOER\",\"description\":\"clubwear for men\",\"publisher\":{\"@id\":\"https:\/\/www.wojoer.de\/#organization\"},\"potentialAction\":[{\"@type\":\"SearchAction\",\"target\":{\"@type\":\"EntryPoint\",\"urlTemplate\":\"https:\/\/www.wojoer.de\/?s={search_term_string}\"},\"query-input\":{\"@type\":\"PropertyValueSpecification\",\"valueRequired\":true,\"valueName\":\"search_term_string\"}}],\"inLanguage\":\"en-GB\"},{\"@type\":\"Organization\",\"@id\":\"https:\/\/www.wojoer.de\/#organization\",\"name\":\"Wonneberger-Manufaktur\",\"url\":\"https:\/\/www.wojoer.de\/\",\"logo\":{\"@type\":\"ImageObject\",\"inLanguage\":\"en-GB\",\"@id\":\"https:\/\/www.wojoer.de\/#\/schema\/logo\/image\/\",\"url\":\"https:\/\/www.wojoer.de\/wp-content\/uploads\/2016\/11\/wonnebergermanufaktur_logo_BUTTON.png\",\"contentUrl\":\"https:\/\/www.wojoer.de\/wp-content\/uploads\/2016\/11\/wonnebergermanufaktur_logo_BUTTON.png\",\"width\":765,\"height\":765,\"caption\":\"Wonneberger-Manufaktur\"},\"image\":{\"@id\":\"https:\/\/www.wojoer.de\/#\/schema\/logo\/image\/\"},\"sameAs\":[\"https:\/\/www.facebook.com\/wojoer\/\",\"https:\/\/de.pinterest.com\/W0J0ER\/\"]}]}<\/script>\n<!-- \/ Yoast SEO plugin. -->","yoast_head_json":{"title":"Tasche Leatherlike | schwarz gl\u00e4nzend | Rei\u00dfverschluss | WOJOER","description":"Tasche Leatherlike aus matten, schwarzen Kunstleder. Innenliegende Rei\u00dfverschlusstasche f\u00fcr aufregende Accessoires. Jetzt online versandkostenfrei innerhalb Deutschlands bestellen.","robots":{"index":"index","follow":"follow","max-snippet":"max-snippet:-1","max-image-preview":"max-image-preview:large","max-video-preview":"max-video-preview:-1"},"canonical":"https:\/\/www.wojoer.de\/en\/produkt\/tasche-leatherlike-beutel-tasche-dlt2-schwarz\/","twitter_card":"summary_large_image","twitter_title":"Tasche Leatherlike | schwarz gl\u00e4nzend | Rei\u00dfverschluss | WOJOER","twitter_description":"Tasche Leatherlike aus matten, schwarzen Kunstleder. Innenliegende Rei\u00dfverschlusstasche f\u00fcr aufregende Accessoires. Jetzt online versandkostenfrei innerhalb Deutschlands bestellen.","twitter_image":"https:\/\/www.wojoer.de\/wp-content\/uploads\/2018\/12\/DLT2_Leatherlike_Handtasche_wojoer_women.jpg","twitter_misc":{"Estimated reading time":"1 minute"},"schema":{"@context":"https:\/\/schema.org","@graph":[{"@type":"WebPage","@id":"https:\/\/www.wojoer.de\/produkt\/tasche-leatherlike-beutel-tasche-dlt2-schwarz\/","url":"https:\/\/www.wojoer.de\/produkt\/tasche-leatherlike-beutel-tasche-dlt2-schwarz\/","name":"Tasche Leatherlike | schwarz gl\u00e4nzend | Rei\u00dfverschluss | WOJOER","isPartOf":{"@id":"https:\/\/www.wojoer.de\/#website"},"primaryImageOfPage":{"@id":"https:\/\/www.wojoer.de\/produkt\/tasche-leatherlike-beutel-tasche-dlt2-schwarz\/#primaryimage"},"image":{"@id":"https:\/\/www.wojoer.de\/produkt\/tasche-leatherlike-beutel-tasche-dlt2-schwarz\/#primaryimage"},"thumbnailUrl":"https:\/\/www.wojoer.de\/wp-content\/uploads\/2018\/12\/DLT2_Leatherlike_Handtasche_wojoer_women.jpg","datePublished":"2019-06-18T05:01:56+00:00","dateModified":"2022-06-28T11:13:34+00:00","description":"Tasche Leatherlike aus matten, schwarzen Kunstleder. Innenliegende Rei\u00dfverschlusstasche f\u00fcr aufregende Accessoires. Jetzt online versandkostenfrei innerhalb Deutschlands bestellen.","breadcrumb":{"@id":"https:\/\/www.wojoer.de\/produkt\/tasche-leatherlike-beutel-tasche-dlt2-schwarz\/#breadcrumb"},"inLanguage":"en-GB","potentialAction":[{"@type":"ReadAction","target":["https:\/\/www.wojoer.de\/produkt\/tasche-leatherlike-beutel-tasche-dlt2-schwarz\/"]}]},{"@type":"ImageObject","inLanguage":"en-GB","@id":"https:\/\/www.wojoer.de\/produkt\/tasche-leatherlike-beutel-tasche-dlt2-schwarz\/#primaryimage","url":"https:\/\/www.wojoer.de\/wp-content\/uploads\/2018\/12\/DLT2_Leatherlike_Handtasche_wojoer_women.jpg","contentUrl":"https:\/\/www.wojoer.de\/wp-content\/uploads\/2018\/12\/DLT2_Leatherlike_Handtasche_wojoer_women.jpg","width":2002,"height":2002},{"@type":"BreadcrumbList","@id":"https:\/\/www.wojoer.de\/produkt\/tasche-leatherlike-beutel-tasche-dlt2-schwarz\/#breadcrumb","itemListElement":[{"@type":"ListItem","position":1,"name":"Startseite","item":"https:\/\/www.wojoer.de\/"},{"@type":"ListItem","position":2,"name":"SHOP","item":"https:\/\/www.wojoer.de\/shop\/"},{"@type":"ListItem","position":3,"name":"Leather Like Tasche DLT2"}]},{"@type":"WebSite","@id":"https:\/\/www.wojoer.de\/#website","url":"https:\/\/www.wojoer.de\/","name":"WOJOER","description":"clubwear for men","publisher":{"@id":"https:\/\/www.wojoer.de\/#organization"},"potentialAction":[{"@type":"SearchAction","target":{"@type":"EntryPoint","urlTemplate":"https:\/\/www.wojoer.de\/?s={search_term_string}"},"query-input":{"@type":"PropertyValueSpecification","valueRequired":true,"valueName":"search_term_string"}}],"inLanguage":"en-GB"},{"@type":"Organization","@id":"https:\/\/www.wojoer.de\/#organization","name":"Wonneberger-Manufaktur","url":"https:\/\/www.wojoer.de\/","logo":{"@type":"ImageObject","inLanguage":"en-GB","@id":"https:\/\/www.wojoer.de\/#\/schema\/logo\/image\/","url":"https:\/\/www.wojoer.de\/wp-content\/uploads\/2016\/11\/wonnebergermanufaktur_logo_BUTTON.png","contentUrl":"https:\/\/www.wojoer.de\/wp-content\/uploads\/2016\/11\/wonnebergermanufaktur_logo_BUTTON.png","width":765,"height":765,"caption":"Wonneberger-Manufaktur"},"image":{"@id":"https:\/\/www.wojoer.de\/#\/schema\/logo\/image\/"},"sameAs":["https:\/\/www.facebook.com\/wojoer\/","https:\/\/de.pinterest.com\/W0J0ER\/"]}]}},"_links":{"self":[{"href":"https:\/\/www.wojoer.de\/en\/wp-json\/wp\/v2\/product\/12205","targetHints":{"allow":["GET"]}}],"collection":[{"href":"https:\/\/www.wojoer.de\/en\/wp-json\/wp\/v2\/product"}],"about":[{"href":"https:\/\/www.wojoer.de\/en\/wp-json\/wp\/v2\/types\/product"}],"replies":[{"embeddable":true,"href":"https:\/\/www.wojoer.de\/en\/wp-json\/wp\/v2\/comments?post=12205"}],"wp:featuredmedia":[{"embeddable":true,"href":"https:\/\/www.wojoer.de\/en\/wp-json\/wp\/v2\/media\/15951"}],"wp:attachment":[{"href":"https:\/\/www.wojoer.de\/en\/wp-json\/wp\/v2\/media?parent=12205"}],"wp:term":[{"taxonomy":"product_brand","embeddable":true,"href":"https:\/\/www.wojoer.de\/en\/wp-json\/wp\/v2\/product_brand?post=12205"},{"taxonomy":"product_cat","embeddable":true,"href":"https:\/\/www.wojoer.de\/en\/wp-json\/wp\/v2\/product_cat?post=12205"},{"taxonomy":"product_tag","embeddable":true,"href":"https:\/\/www.wojoer.de\/en\/wp-json\/wp\/v2\/product_tag?post=12205"}],"curies":[{"name":"wp","href":"https:\/\/api.w.org\/{rel}","templated":true}]}}