{"id":12300,"date":"2019-05-02T10:00:29","date_gmt":"2019-05-02T08:00:29","guid":{"rendered":"https:\/\/www.wojoer.de\/produkt\/rainbow-hipster-pants-378b9-5\/"},"modified":"2026-03-15T18:22:26","modified_gmt":"2026-03-15T17:22:26","slug":"rainbow-hipster-pants-378b9-5","status":"publish","type":"product","link":"https:\/\/www.wojoer.de\/en\/produkt\/rainbow-hipster-pants-378b9-5\/","title":{"rendered":"RAINBOW Hipster Pants 378B9.5"},"content":{"rendered":"<p>Diese knallbunte Rainbow Hipster Pants\u00a0378B9.5 aus folierten Netzstoff geh\u00f6ren in die Kategorie &#8220;OnlyforMe&#8221;-Produkte.<\/p>\n<h3>Gr\u00f6\u00dfen<\/h3>\n<p>S | M | L | XL<\/p>\n<p>Materialzusammensetzung<\/p>\n<p>folierter Microstoff: 94% Polyester | 6% Elasthan<\/p>\n<p>Metallic Lack: 95% Polyester | 5% Elasthan<\/p>\n<h3>Besonderheiten<\/h3>\n<p><a href=\"http:\/\/www.wojoer.de\/?s=live&#038;post_type=product\">OnlyforMe<\/a> | foliertes Micromaterial | Metalliclack | Regenbogenfarben | glitzernd | hochwertige Verarbeitung &#8220;Made in Germany&#8221;<\/p>\n<h3>Benutzerhinweise<\/h3>\n<p>Handw\u00e4sche<\/p>\n<h3>RAINBOW Hipster pants &#8211; schillerndere Pants<\/h3>\n<p>Dancing Queen&#8230;glitzernd und wahnsinnig berauschend tanzt du durch die Nacht! Du wirst jeden in deiner Umgebung in deinen Bann ziehen, ganz egal, ob er will oder nicht, du wirkst wie eine Droge! Gut, dass der Stoff so super Atmungsaktiv ist, dank des feinen Micromateriales. Aber das ist l\u00e4ngt nicht alles, denn der geschmeidig glatte Stoff schmiegt sich sanft um deine Haut und entf\u00fchrt dich mindestens auf Wolke 7. Ob es wohl noch h\u00f6her geht? Probiere es am besten gleich aus, denn &#8220;You&#8217;re a Rainbow&#8230;uhhuhhhuhhh&#8221;.<\/p>\n","protected":false},"excerpt":{"rendered":"<p>Diese knallbunte Rainbow Hipster Pants\u00a0378B9.5 aus folierten Netzstoff geh\u00f6ren in die Kategorie &#8220;OnlyforMe&#8221;-Produkte.<br \/>\nGr\u00f6\u00dfen<br \/>\nS | M | L | XL<\/p>\n<p>Materialzusammensetzung<\/p>\n<p>folierter Microstoff: 94% Polyester | 6% Elasthan<\/p>\n<p>Metallic Lack: 95% Polyester | 5% Elasthan<br \/>\nBesonderheiten<br \/>\nOnlyforMe | foliertes Micromaterial | Metalliclack | Regenbogenfarben | glitzernd\u2026<\/p>\n","protected":false},"featured_media":40917,"comment_status":"open","ping_status":"closed","template":"","meta":[],"product_brand":[],"product_cat":[834,116,473,270,326],"product_tag":[560,303,543,362,273],"class_list":{"0":"post-12300","1":"product","2":"type-product","3":"status-publish","4":"has-post-thumbnail","6":"product_cat-378-rainbow","7":"product_cat-clubwear","8":"product_cat-men","9":"product_cat-onlyforme","10":"product_cat-wojoer","11":"product_tag-glaenzend","12":"product_tag-glitzer","13":"product_tag-hipster-pants","14":"product_tag-holographic","15":"product_tag-pants","16":"product_shipping_class-beun","17":"pa_groesse-l","18":"pa_groesse-m","19":"pa_groesse-s","20":"pa_groesse-xl","21":"pif-has-gallery","22":"post-1","23":"odd","25":"first","26":"onbackorder","27":"taxable","28":"shipping-taxable","29":"purchasable","30":"product-type-variable"},"yoast_head":"<!-- This site is optimized with the Yoast SEO plugin v27.2 - https:\/\/yoast.com\/product\/yoast-seo-wordpress\/ -->\n<title>Rainbow Hipster Pants | schillernd bunt | Netzstoff | WOJOER<\/title>\n<meta name=\"description\" content=\"Rainbow Hipster Pants, knallig bunt und wild berauschend! Du bist der Mittelpunkt des Abends? Damit garantiert! Du wirst jeden in deinen Bann ziehen - Dance, baby dance!\" \/>\n<meta name=\"robots\" content=\"index, follow, max-snippet:-1, max-image-preview:large, max-video-preview:-1\" \/>\n<link rel=\"canonical\" href=\"https:\/\/www.wojoer.de\/en\/produkt\/rainbow-hipster-pants-378b9-5\/\" \/>\n<meta name=\"twitter:card\" content=\"summary_large_image\" \/>\n<meta name=\"twitter:title\" content=\"Rainbow Hipster Pants | schillernd bunt | Netzstoff | WOJOER\" \/>\n<meta name=\"twitter:description\" content=\"Rainbow Hipster Pants, knallig bunt und wild berauschend! Du bist der Mittelpunkt des Abends? Damit garantiert! Du wirst jeden in deinen Bann ziehen - Dance, baby dance!\" \/>\n<meta name=\"twitter:image\" content=\"https:\/\/www.wojoer.de\/wp-content\/uploads\/2019\/05\/378B9.5_Rainbow_Pants_side_wojoer.jpg\" \/>\n<meta name=\"twitter:label1\" content=\"Estimated reading time\" \/>\n\t<meta name=\"twitter:data1\" content=\"1 minute\" \/>\n<script type=\"application\/ld+json\" class=\"yoast-schema-graph\">{\"@context\":\"https:\/\/schema.org\",\"@graph\":[{\"@type\":\"WebPage\",\"@id\":\"https:\/\/www.wojoer.de\/produkt\/rainbow-hipster-pants-378b9-5\/\",\"url\":\"https:\/\/www.wojoer.de\/produkt\/rainbow-hipster-pants-378b9-5\/\",\"name\":\"Rainbow Hipster Pants | schillernd bunt | Netzstoff | WOJOER\",\"isPartOf\":{\"@id\":\"https:\/\/www.wojoer.de\/#website\"},\"primaryImageOfPage\":{\"@id\":\"https:\/\/www.wojoer.de\/produkt\/rainbow-hipster-pants-378b9-5\/#primaryimage\"},\"image\":{\"@id\":\"https:\/\/www.wojoer.de\/produkt\/rainbow-hipster-pants-378b9-5\/#primaryimage\"},\"thumbnailUrl\":\"https:\/\/www.wojoer.de\/wp-content\/uploads\/2019\/05\/378B9.5_Rainbow_Pants_side_wojoer.jpg\",\"datePublished\":\"2019-05-02T08:00:29+00:00\",\"dateModified\":\"2026-03-15T17:22:26+00:00\",\"description\":\"Rainbow Hipster Pants, knallig bunt und wild berauschend! Du bist der Mittelpunkt des Abends? Damit garantiert! Du wirst jeden in deinen Bann ziehen - Dance, baby dance!\",\"breadcrumb\":{\"@id\":\"https:\/\/www.wojoer.de\/produkt\/rainbow-hipster-pants-378b9-5\/#breadcrumb\"},\"inLanguage\":\"en-GB\",\"potentialAction\":[{\"@type\":\"ReadAction\",\"target\":[\"https:\/\/www.wojoer.de\/produkt\/rainbow-hipster-pants-378b9-5\/\"]}]},{\"@type\":\"ImageObject\",\"inLanguage\":\"en-GB\",\"@id\":\"https:\/\/www.wojoer.de\/produkt\/rainbow-hipster-pants-378b9-5\/#primaryimage\",\"url\":\"https:\/\/www.wojoer.de\/wp-content\/uploads\/2019\/05\/378B9.5_Rainbow_Pants_side_wojoer.jpg\",\"contentUrl\":\"https:\/\/www.wojoer.de\/wp-content\/uploads\/2019\/05\/378B9.5_Rainbow_Pants_side_wojoer.jpg\",\"width\":2160,\"height\":2160},{\"@type\":\"BreadcrumbList\",\"@id\":\"https:\/\/www.wojoer.de\/produkt\/rainbow-hipster-pants-378b9-5\/#breadcrumb\",\"itemListElement\":[{\"@type\":\"ListItem\",\"position\":1,\"name\":\"Startseite\",\"item\":\"https:\/\/www.wojoer.de\/\"},{\"@type\":\"ListItem\",\"position\":2,\"name\":\"SHOP\",\"item\":\"https:\/\/www.wojoer.de\/shop\/\"},{\"@type\":\"ListItem\",\"position\":3,\"name\":\"RAINBOW Hipster Pants 378B9.5\"}]},{\"@type\":\"WebSite\",\"@id\":\"https:\/\/www.wojoer.de\/#website\",\"url\":\"https:\/\/www.wojoer.de\/\",\"name\":\"WOJOER\",\"description\":\"clubwear for men\",\"publisher\":{\"@id\":\"https:\/\/www.wojoer.de\/#organization\"},\"potentialAction\":[{\"@type\":\"SearchAction\",\"target\":{\"@type\":\"EntryPoint\",\"urlTemplate\":\"https:\/\/www.wojoer.de\/?s={search_term_string}\"},\"query-input\":{\"@type\":\"PropertyValueSpecification\",\"valueRequired\":true,\"valueName\":\"search_term_string\"}}],\"inLanguage\":\"en-GB\"},{\"@type\":\"Organization\",\"@id\":\"https:\/\/www.wojoer.de\/#organization\",\"name\":\"Wonneberger-Manufaktur\",\"url\":\"https:\/\/www.wojoer.de\/\",\"logo\":{\"@type\":\"ImageObject\",\"inLanguage\":\"en-GB\",\"@id\":\"https:\/\/www.wojoer.de\/#\/schema\/logo\/image\/\",\"url\":\"https:\/\/www.wojoer.de\/wp-content\/uploads\/2016\/11\/wonnebergermanufaktur_logo_BUTTON.png\",\"contentUrl\":\"https:\/\/www.wojoer.de\/wp-content\/uploads\/2016\/11\/wonnebergermanufaktur_logo_BUTTON.png\",\"width\":765,\"height\":765,\"caption\":\"Wonneberger-Manufaktur\"},\"image\":{\"@id\":\"https:\/\/www.wojoer.de\/#\/schema\/logo\/image\/\"},\"sameAs\":[\"https:\/\/www.facebook.com\/wojoer\/\",\"https:\/\/de.pinterest.com\/W0J0ER\/\"]}]}<\/script>\n<!-- \/ Yoast SEO plugin. -->","yoast_head_json":{"title":"Rainbow Hipster Pants | schillernd bunt | Netzstoff | WOJOER","description":"Rainbow Hipster Pants, knallig bunt und wild berauschend! Du bist der Mittelpunkt des Abends? Damit garantiert! Du wirst jeden in deinen Bann ziehen - Dance, baby dance!","robots":{"index":"index","follow":"follow","max-snippet":"max-snippet:-1","max-image-preview":"max-image-preview:large","max-video-preview":"max-video-preview:-1"},"canonical":"https:\/\/www.wojoer.de\/en\/produkt\/rainbow-hipster-pants-378b9-5\/","twitter_card":"summary_large_image","twitter_title":"Rainbow Hipster Pants | schillernd bunt | Netzstoff | WOJOER","twitter_description":"Rainbow Hipster Pants, knallig bunt und wild berauschend! Du bist der Mittelpunkt des Abends? Damit garantiert! Du wirst jeden in deinen Bann ziehen - Dance, baby dance!","twitter_image":"https:\/\/www.wojoer.de\/wp-content\/uploads\/2019\/05\/378B9.5_Rainbow_Pants_side_wojoer.jpg","twitter_misc":{"Estimated reading time":"1 minute"},"schema":{"@context":"https:\/\/schema.org","@graph":[{"@type":"WebPage","@id":"https:\/\/www.wojoer.de\/produkt\/rainbow-hipster-pants-378b9-5\/","url":"https:\/\/www.wojoer.de\/produkt\/rainbow-hipster-pants-378b9-5\/","name":"Rainbow Hipster Pants | schillernd bunt | Netzstoff | WOJOER","isPartOf":{"@id":"https:\/\/www.wojoer.de\/#website"},"primaryImageOfPage":{"@id":"https:\/\/www.wojoer.de\/produkt\/rainbow-hipster-pants-378b9-5\/#primaryimage"},"image":{"@id":"https:\/\/www.wojoer.de\/produkt\/rainbow-hipster-pants-378b9-5\/#primaryimage"},"thumbnailUrl":"https:\/\/www.wojoer.de\/wp-content\/uploads\/2019\/05\/378B9.5_Rainbow_Pants_side_wojoer.jpg","datePublished":"2019-05-02T08:00:29+00:00","dateModified":"2026-03-15T17:22:26+00:00","description":"Rainbow Hipster Pants, knallig bunt und wild berauschend! Du bist der Mittelpunkt des Abends? Damit garantiert! Du wirst jeden in deinen Bann ziehen - Dance, baby dance!","breadcrumb":{"@id":"https:\/\/www.wojoer.de\/produkt\/rainbow-hipster-pants-378b9-5\/#breadcrumb"},"inLanguage":"en-GB","potentialAction":[{"@type":"ReadAction","target":["https:\/\/www.wojoer.de\/produkt\/rainbow-hipster-pants-378b9-5\/"]}]},{"@type":"ImageObject","inLanguage":"en-GB","@id":"https:\/\/www.wojoer.de\/produkt\/rainbow-hipster-pants-378b9-5\/#primaryimage","url":"https:\/\/www.wojoer.de\/wp-content\/uploads\/2019\/05\/378B9.5_Rainbow_Pants_side_wojoer.jpg","contentUrl":"https:\/\/www.wojoer.de\/wp-content\/uploads\/2019\/05\/378B9.5_Rainbow_Pants_side_wojoer.jpg","width":2160,"height":2160},{"@type":"BreadcrumbList","@id":"https:\/\/www.wojoer.de\/produkt\/rainbow-hipster-pants-378b9-5\/#breadcrumb","itemListElement":[{"@type":"ListItem","position":1,"name":"Startseite","item":"https:\/\/www.wojoer.de\/"},{"@type":"ListItem","position":2,"name":"SHOP","item":"https:\/\/www.wojoer.de\/shop\/"},{"@type":"ListItem","position":3,"name":"RAINBOW Hipster Pants 378B9.5"}]},{"@type":"WebSite","@id":"https:\/\/www.wojoer.de\/#website","url":"https:\/\/www.wojoer.de\/","name":"WOJOER","description":"clubwear for men","publisher":{"@id":"https:\/\/www.wojoer.de\/#organization"},"potentialAction":[{"@type":"SearchAction","target":{"@type":"EntryPoint","urlTemplate":"https:\/\/www.wojoer.de\/?s={search_term_string}"},"query-input":{"@type":"PropertyValueSpecification","valueRequired":true,"valueName":"search_term_string"}}],"inLanguage":"en-GB"},{"@type":"Organization","@id":"https:\/\/www.wojoer.de\/#organization","name":"Wonneberger-Manufaktur","url":"https:\/\/www.wojoer.de\/","logo":{"@type":"ImageObject","inLanguage":"en-GB","@id":"https:\/\/www.wojoer.de\/#\/schema\/logo\/image\/","url":"https:\/\/www.wojoer.de\/wp-content\/uploads\/2016\/11\/wonnebergermanufaktur_logo_BUTTON.png","contentUrl":"https:\/\/www.wojoer.de\/wp-content\/uploads\/2016\/11\/wonnebergermanufaktur_logo_BUTTON.png","width":765,"height":765,"caption":"Wonneberger-Manufaktur"},"image":{"@id":"https:\/\/www.wojoer.de\/#\/schema\/logo\/image\/"},"sameAs":["https:\/\/www.facebook.com\/wojoer\/","https:\/\/de.pinterest.com\/W0J0ER\/"]}]}},"_links":{"self":[{"href":"https:\/\/www.wojoer.de\/en\/wp-json\/wp\/v2\/product\/12300","targetHints":{"allow":["GET"]}}],"collection":[{"href":"https:\/\/www.wojoer.de\/en\/wp-json\/wp\/v2\/product"}],"about":[{"href":"https:\/\/www.wojoer.de\/en\/wp-json\/wp\/v2\/types\/product"}],"replies":[{"embeddable":true,"href":"https:\/\/www.wojoer.de\/en\/wp-json\/wp\/v2\/comments?post=12300"}],"wp:featuredmedia":[{"embeddable":true,"href":"https:\/\/www.wojoer.de\/en\/wp-json\/wp\/v2\/media\/40917"}],"wp:attachment":[{"href":"https:\/\/www.wojoer.de\/en\/wp-json\/wp\/v2\/media?parent=12300"}],"wp:term":[{"taxonomy":"product_brand","embeddable":true,"href":"https:\/\/www.wojoer.de\/en\/wp-json\/wp\/v2\/product_brand?post=12300"},{"taxonomy":"product_cat","embeddable":true,"href":"https:\/\/www.wojoer.de\/en\/wp-json\/wp\/v2\/product_cat?post=12300"},{"taxonomy":"product_tag","embeddable":true,"href":"https:\/\/www.wojoer.de\/en\/wp-json\/wp\/v2\/product_tag?post=12300"}],"curies":[{"name":"wp","href":"https:\/\/api.w.org\/{rel}","templated":true}]}}