{"id":12340,"date":"2019-04-29T10:40:15","date_gmt":"2019-04-29T08:40:15","guid":{"rendered":"https:\/\/www.wojoer.de\/produkt\/poison-string-377t258\/"},"modified":"2026-01-15T10:45:08","modified_gmt":"2026-01-15T09:45:08","slug":"poison-string-377t258","status":"publish","type":"product","link":"https:\/\/www.wojoer.de\/en\/produkt\/poison-string-377t258\/","title":{"rendered":"POISON String 377T258"},"content":{"rendered":"<p>Diese verf\u00fchrerische String\u00a0377T258 aus folierten Netzstoff und roten Powernet geh\u00f6rt in die Kategorie &#8220;LIVE&#8221;-Produkte. Produktion nur auf Bestellung.<\/p>\n<h3>Gr\u00f6\u00dfen<\/h3>\n<p>Erh\u00e4ltlich in den Gr\u00f6\u00dfen S, M, L, XL<\/p>\n<h3>Materialzusammensetzung<\/h3>\n<p>folierter Netzstoff: 94% Polyester | 6% Elasthan<\/p>\n<p>Powernet: 94% Polyester | 6% Elasthan<\/p>\n<h3>Besonderheiten<\/h3>\n<p><a href=\"http:\/\/www.wojoer.de\/?s=live&#038;post_type=product\">LIVE Produkt<\/a> | foliertes Netz | durchsichtiges Powernet | schwarz und rot | matt gl\u00e4nzend | Druckknopfverschluss am Suspensorium | hochwertige Verarbeitung &#8220;Made in Germany&#8221;<\/p>\n<h3>Benutzerhinweise<\/h3>\n<p>Handw\u00e4sche<\/p>\n<h3>POISON String &#8211; verf\u00fchrerischer String<\/h3>\n<p>Du kommst herein und alle Augen sind auf dich gerichtet&#8230;verf\u00fchrerisch einladend zeigt sich deine starke M\u00e4nnlichkeit unter fast durchsichtigem, knallrotem Netzstoff. Dann drehst du dich weg und es wird fast noch besser, alles h\u00e4lt den Atem an, bei deinem perfekt geformten Hintern, welcher nun zum Vorschein kommt. H\u00e4nde ber\u00fchren dich sanft, immer weiter hin zum Zentrum deiner Lust. Wie praktisch ist doch der Druckknopfverschluss am Suspensorium&#8230;<\/p>\n","protected":false},"excerpt":{"rendered":"<p>Diese verf\u00fchrerische String\u00a0377T258 aus folierten Netzstoff und roten Powernet geh\u00f6rt in die Kategorie &#8220;LIVE&#8221;-Produkte. Produktion nur auf Bestellung.<br \/>\nGr\u00f6\u00dfen<br \/>\nErh\u00e4ltlich in den Gr\u00f6\u00dfen S, M, L, XL<br \/>\nMaterialzusammensetzung<br \/>\nfolierter Netzstoff: 94% Polyester | 6% Elasthan<\/p>\n<p>Powernet: 94% Polyester | 6% Elasthan<br \/>\nBesonderheiten<br \/>\nLIVE Produkt | foliertes Netz\u2026<\/p>\n","protected":false},"featured_media":14584,"comment_status":"open","ping_status":"closed","template":"","meta":[],"product_brand":[],"product_cat":[833,116,473,195,326],"product_tag":[251,246,430,119],"class_list":{"0":"post-12340","1":"product","2":"type-product","3":"status-publish","4":"has-post-thumbnail","6":"product_cat-377-poison","7":"product_cat-clubwear","8":"product_cat-men","9":"product_cat-produktion-auf-bestellung-liveproduktion","10":"product_cat-wojoer","11":"product_tag-druckknopf","12":"product_tag-netz","13":"product_tag-powernet","14":"product_tag-string","15":"product_shipping_class-beun","16":"pa_groesse-l","17":"pa_groesse-m","18":"pa_groesse-s","19":"pa_groesse-xl","20":"pif-has-gallery","21":"post-1","22":"odd","24":"first","25":"instock","26":"taxable","27":"shipping-taxable","28":"purchasable","29":"product-type-variable"},"yoast_head":"<!-- This site is optimized with the Yoast SEO plugin v27.2 - https:\/\/yoast.com\/product\/yoast-seo-wordpress\/ -->\n<title>Netzstring rot schwarz | Powernet | durchsichtig | WOJOER<\/title>\n<meta name=\"description\" content=\"Netzstring in rot\/schwarz, verf\u00fchrerisch zeigt diese gerade so viel, um deine Lust ins Unermessliche zu steigern! Dank des Druckknopfverschlusses am Suspensorium, steht liebevollen Erkundungen nichts mehr im Wege...\" \/>\n<meta name=\"robots\" content=\"index, follow, max-snippet:-1, max-image-preview:large, max-video-preview:-1\" \/>\n<link rel=\"canonical\" href=\"https:\/\/www.wojoer.de\/en\/produkt\/poison-string-377t258\/\" \/>\n<meta name=\"twitter:card\" content=\"summary_large_image\" \/>\n<meta name=\"twitter:title\" content=\"Netzstring rot schwarz | Powernet | durchsichtig | WOJOER\" \/>\n<meta name=\"twitter:description\" content=\"Netzstring in rot\/schwarz, verf\u00fchrerisch zeigt diese gerade so viel, um deine Lust ins Unermessliche zu steigern! Dank des Druckknopfverschlusses am Suspensorium, steht liebevollen Erkundungen nichts mehr im Wege...\" \/>\n<meta name=\"twitter:image\" content=\"https:\/\/www.wojoer.de\/wp-content\/uploads\/2019\/04\/377T258_Poison_String_wojoer.jpg\" \/>\n<meta name=\"twitter:label1\" content=\"Estimated reading time\" \/>\n\t<meta name=\"twitter:data1\" content=\"1 minute\" \/>\n<script type=\"application\/ld+json\" class=\"yoast-schema-graph\">{\"@context\":\"https:\/\/schema.org\",\"@graph\":[{\"@type\":\"WebPage\",\"@id\":\"https:\/\/www.wojoer.de\/produkt\/poison-string-377t258\/\",\"url\":\"https:\/\/www.wojoer.de\/produkt\/poison-string-377t258\/\",\"name\":\"Netzstring rot schwarz | Powernet | durchsichtig | WOJOER\",\"isPartOf\":{\"@id\":\"https:\/\/www.wojoer.de\/#website\"},\"primaryImageOfPage\":{\"@id\":\"https:\/\/www.wojoer.de\/produkt\/poison-string-377t258\/#primaryimage\"},\"image\":{\"@id\":\"https:\/\/www.wojoer.de\/produkt\/poison-string-377t258\/#primaryimage\"},\"thumbnailUrl\":\"https:\/\/www.wojoer.de\/wp-content\/uploads\/2019\/04\/377T258_Poison_String_wojoer.jpg\",\"datePublished\":\"2019-04-29T08:40:15+00:00\",\"dateModified\":\"2026-01-15T09:45:08+00:00\",\"description\":\"Netzstring in rot\/schwarz, verf\u00fchrerisch zeigt diese gerade so viel, um deine Lust ins Unermessliche zu steigern! Dank des Druckknopfverschlusses am Suspensorium, steht liebevollen Erkundungen nichts mehr im Wege...\",\"breadcrumb\":{\"@id\":\"https:\/\/www.wojoer.de\/produkt\/poison-string-377t258\/#breadcrumb\"},\"inLanguage\":\"en-GB\",\"potentialAction\":[{\"@type\":\"ReadAction\",\"target\":[\"https:\/\/www.wojoer.de\/produkt\/poison-string-377t258\/\"]}]},{\"@type\":\"ImageObject\",\"inLanguage\":\"en-GB\",\"@id\":\"https:\/\/www.wojoer.de\/produkt\/poison-string-377t258\/#primaryimage\",\"url\":\"https:\/\/www.wojoer.de\/wp-content\/uploads\/2019\/04\/377T258_Poison_String_wojoer.jpg\",\"contentUrl\":\"https:\/\/www.wojoer.de\/wp-content\/uploads\/2019\/04\/377T258_Poison_String_wojoer.jpg\",\"width\":2002,\"height\":2002},{\"@type\":\"BreadcrumbList\",\"@id\":\"https:\/\/www.wojoer.de\/produkt\/poison-string-377t258\/#breadcrumb\",\"itemListElement\":[{\"@type\":\"ListItem\",\"position\":1,\"name\":\"Startseite\",\"item\":\"https:\/\/www.wojoer.de\/\"},{\"@type\":\"ListItem\",\"position\":2,\"name\":\"SHOP\",\"item\":\"https:\/\/www.wojoer.de\/shop\/\"},{\"@type\":\"ListItem\",\"position\":3,\"name\":\"POISON String 377T258\"}]},{\"@type\":\"WebSite\",\"@id\":\"https:\/\/www.wojoer.de\/#website\",\"url\":\"https:\/\/www.wojoer.de\/\",\"name\":\"WOJOER\",\"description\":\"clubwear for men\",\"publisher\":{\"@id\":\"https:\/\/www.wojoer.de\/#organization\"},\"potentialAction\":[{\"@type\":\"SearchAction\",\"target\":{\"@type\":\"EntryPoint\",\"urlTemplate\":\"https:\/\/www.wojoer.de\/?s={search_term_string}\"},\"query-input\":{\"@type\":\"PropertyValueSpecification\",\"valueRequired\":true,\"valueName\":\"search_term_string\"}}],\"inLanguage\":\"en-GB\"},{\"@type\":\"Organization\",\"@id\":\"https:\/\/www.wojoer.de\/#organization\",\"name\":\"Wonneberger-Manufaktur\",\"url\":\"https:\/\/www.wojoer.de\/\",\"logo\":{\"@type\":\"ImageObject\",\"inLanguage\":\"en-GB\",\"@id\":\"https:\/\/www.wojoer.de\/#\/schema\/logo\/image\/\",\"url\":\"https:\/\/www.wojoer.de\/wp-content\/uploads\/2016\/11\/wonnebergermanufaktur_logo_BUTTON.png\",\"contentUrl\":\"https:\/\/www.wojoer.de\/wp-content\/uploads\/2016\/11\/wonnebergermanufaktur_logo_BUTTON.png\",\"width\":765,\"height\":765,\"caption\":\"Wonneberger-Manufaktur\"},\"image\":{\"@id\":\"https:\/\/www.wojoer.de\/#\/schema\/logo\/image\/\"},\"sameAs\":[\"https:\/\/www.facebook.com\/wojoer\/\",\"https:\/\/de.pinterest.com\/W0J0ER\/\"]}]}<\/script>\n<!-- \/ Yoast SEO plugin. -->","yoast_head_json":{"title":"Netzstring rot schwarz | Powernet | durchsichtig | WOJOER","description":"Netzstring in rot\/schwarz, verf\u00fchrerisch zeigt diese gerade so viel, um deine Lust ins Unermessliche zu steigern! Dank des Druckknopfverschlusses am Suspensorium, steht liebevollen Erkundungen nichts mehr im Wege...","robots":{"index":"index","follow":"follow","max-snippet":"max-snippet:-1","max-image-preview":"max-image-preview:large","max-video-preview":"max-video-preview:-1"},"canonical":"https:\/\/www.wojoer.de\/en\/produkt\/poison-string-377t258\/","twitter_card":"summary_large_image","twitter_title":"Netzstring rot schwarz | Powernet | durchsichtig | WOJOER","twitter_description":"Netzstring in rot\/schwarz, verf\u00fchrerisch zeigt diese gerade so viel, um deine Lust ins Unermessliche zu steigern! Dank des Druckknopfverschlusses am Suspensorium, steht liebevollen Erkundungen nichts mehr im Wege...","twitter_image":"https:\/\/www.wojoer.de\/wp-content\/uploads\/2019\/04\/377T258_Poison_String_wojoer.jpg","twitter_misc":{"Estimated reading time":"1 minute"},"schema":{"@context":"https:\/\/schema.org","@graph":[{"@type":"WebPage","@id":"https:\/\/www.wojoer.de\/produkt\/poison-string-377t258\/","url":"https:\/\/www.wojoer.de\/produkt\/poison-string-377t258\/","name":"Netzstring rot schwarz | Powernet | durchsichtig | WOJOER","isPartOf":{"@id":"https:\/\/www.wojoer.de\/#website"},"primaryImageOfPage":{"@id":"https:\/\/www.wojoer.de\/produkt\/poison-string-377t258\/#primaryimage"},"image":{"@id":"https:\/\/www.wojoer.de\/produkt\/poison-string-377t258\/#primaryimage"},"thumbnailUrl":"https:\/\/www.wojoer.de\/wp-content\/uploads\/2019\/04\/377T258_Poison_String_wojoer.jpg","datePublished":"2019-04-29T08:40:15+00:00","dateModified":"2026-01-15T09:45:08+00:00","description":"Netzstring in rot\/schwarz, verf\u00fchrerisch zeigt diese gerade so viel, um deine Lust ins Unermessliche zu steigern! Dank des Druckknopfverschlusses am Suspensorium, steht liebevollen Erkundungen nichts mehr im Wege...","breadcrumb":{"@id":"https:\/\/www.wojoer.de\/produkt\/poison-string-377t258\/#breadcrumb"},"inLanguage":"en-GB","potentialAction":[{"@type":"ReadAction","target":["https:\/\/www.wojoer.de\/produkt\/poison-string-377t258\/"]}]},{"@type":"ImageObject","inLanguage":"en-GB","@id":"https:\/\/www.wojoer.de\/produkt\/poison-string-377t258\/#primaryimage","url":"https:\/\/www.wojoer.de\/wp-content\/uploads\/2019\/04\/377T258_Poison_String_wojoer.jpg","contentUrl":"https:\/\/www.wojoer.de\/wp-content\/uploads\/2019\/04\/377T258_Poison_String_wojoer.jpg","width":2002,"height":2002},{"@type":"BreadcrumbList","@id":"https:\/\/www.wojoer.de\/produkt\/poison-string-377t258\/#breadcrumb","itemListElement":[{"@type":"ListItem","position":1,"name":"Startseite","item":"https:\/\/www.wojoer.de\/"},{"@type":"ListItem","position":2,"name":"SHOP","item":"https:\/\/www.wojoer.de\/shop\/"},{"@type":"ListItem","position":3,"name":"POISON String 377T258"}]},{"@type":"WebSite","@id":"https:\/\/www.wojoer.de\/#website","url":"https:\/\/www.wojoer.de\/","name":"WOJOER","description":"clubwear for men","publisher":{"@id":"https:\/\/www.wojoer.de\/#organization"},"potentialAction":[{"@type":"SearchAction","target":{"@type":"EntryPoint","urlTemplate":"https:\/\/www.wojoer.de\/?s={search_term_string}"},"query-input":{"@type":"PropertyValueSpecification","valueRequired":true,"valueName":"search_term_string"}}],"inLanguage":"en-GB"},{"@type":"Organization","@id":"https:\/\/www.wojoer.de\/#organization","name":"Wonneberger-Manufaktur","url":"https:\/\/www.wojoer.de\/","logo":{"@type":"ImageObject","inLanguage":"en-GB","@id":"https:\/\/www.wojoer.de\/#\/schema\/logo\/image\/","url":"https:\/\/www.wojoer.de\/wp-content\/uploads\/2016\/11\/wonnebergermanufaktur_logo_BUTTON.png","contentUrl":"https:\/\/www.wojoer.de\/wp-content\/uploads\/2016\/11\/wonnebergermanufaktur_logo_BUTTON.png","width":765,"height":765,"caption":"Wonneberger-Manufaktur"},"image":{"@id":"https:\/\/www.wojoer.de\/#\/schema\/logo\/image\/"},"sameAs":["https:\/\/www.facebook.com\/wojoer\/","https:\/\/de.pinterest.com\/W0J0ER\/"]}]}},"_links":{"self":[{"href":"https:\/\/www.wojoer.de\/en\/wp-json\/wp\/v2\/product\/12340","targetHints":{"allow":["GET"]}}],"collection":[{"href":"https:\/\/www.wojoer.de\/en\/wp-json\/wp\/v2\/product"}],"about":[{"href":"https:\/\/www.wojoer.de\/en\/wp-json\/wp\/v2\/types\/product"}],"replies":[{"embeddable":true,"href":"https:\/\/www.wojoer.de\/en\/wp-json\/wp\/v2\/comments?post=12340"}],"wp:featuredmedia":[{"embeddable":true,"href":"https:\/\/www.wojoer.de\/en\/wp-json\/wp\/v2\/media\/14584"}],"wp:attachment":[{"href":"https:\/\/www.wojoer.de\/en\/wp-json\/wp\/v2\/media?parent=12340"}],"wp:term":[{"taxonomy":"product_brand","embeddable":true,"href":"https:\/\/www.wojoer.de\/en\/wp-json\/wp\/v2\/product_brand?post=12340"},{"taxonomy":"product_cat","embeddable":true,"href":"https:\/\/www.wojoer.de\/en\/wp-json\/wp\/v2\/product_cat?post=12340"},{"taxonomy":"product_tag","embeddable":true,"href":"https:\/\/www.wojoer.de\/en\/wp-json\/wp\/v2\/product_tag?post=12340"}],"curies":[{"name":"wp","href":"https:\/\/api.w.org\/{rel}","templated":true}]}}