{"id":12346,"date":"2019-04-29T10:40:20","date_gmt":"2019-04-29T08:40:20","guid":{"rendered":"https:\/\/www.wojoer.de\/produkt\/push-netzstring-377b55\/"},"modified":"2026-01-15T10:44:40","modified_gmt":"2026-01-15T09:44:40","slug":"push-netzstring-377b55","status":"publish","type":"product","link":"https:\/\/www.wojoer.de\/en\/produkt\/push-netzstring-377b55\/","title":{"rendered":"POISON Push String 377B55"},"content":{"rendered":"<p>Dieser verf\u00fchrerische Push Netzstring 377B55 aus folierten Netzstoff und roten Powernet geh\u00f6rt in die Kategorie &#8220;LIVE&#8221;-Produkte. Produktion nur auf Bestellung.<\/p>\n<h3>Gr\u00f6\u00dfen<\/h3>\n<p>Erh\u00e4ltlich in den Gr\u00f6\u00dfen S, M, L, XL<\/p>\n<h3>Materialzusammensetzung<\/h3>\n<p>folierter Netzstoff: 94% Polyester | 6% Elasthan<\/p>\n<p>Powernet: 94% Polyester | 6% Elasthan<\/p>\n<h3>Besonderheiten<\/h3>\n<p><a href=\"http:\/\/www.wojoer.de\/?s=live&#038;post_type=product\">LIVE Produkt<\/a> | foliertes Netz | durchsichtiges Powernet | schwarz und rot | matt gl\u00e4nzend | Push Up | hochwertige Verarbeitung &#8220;Made in Germany&#8221;<\/p>\n<h3>Benutzerhinweise<\/h3>\n<p>Handw\u00e4sche<\/p>\n<h3>POISON Push String &#8211; verf\u00fchrerischer String mit pushenden Suspensorium<\/h3>\n<p>Du kommst herein und alle Augen sind auf dich gerichtet&#8230;verf\u00fchrerisch einladend zeigt sich deine starke M\u00e4nnlichkeit unter matt gl\u00e4nzenden Netzstoff und wird durch den Push Up-Effekt perfekt betont. Dann drehst du dich weg und es wird fast noch besser, alles h\u00e4lt den Atem an, bei deinem perfekt geformten Polinien, welche nun zum Vorschein kommen. Wer kann da widerstehen? Zarte H\u00e4nde ber\u00fchren dich sanft, immer weiter hin zum Zentrum deiner Lust, lass dich verzaubern und in eine aufregend, prickelnde Welt entf\u00fchren.<\/p>\n","protected":false},"excerpt":{"rendered":"<p>Dieser verf\u00fchrerische Push Netzstring 377B55 aus folierten Netzstoff und roten Powernet geh\u00f6rt in die Kategorie &#8220;LIVE&#8221;-Produkte. Produktion nur auf Bestellung.<br \/>\nGr\u00f6\u00dfen<br \/>\nErh\u00e4ltlich in den Gr\u00f6\u00dfen S, M, L, XL<br \/>\nMaterialzusammensetzung<br \/>\nfolierter Netzstoff: 94% Polyester | 6% Elasthan<\/p>\n<p>Powernet: 94% Polyester | 6% Elasthan<br \/>\nBesonderheiten<br \/>\nLIVE Produkt |\u2026<\/p>\n","protected":false},"featured_media":12107,"comment_status":"open","ping_status":"closed","template":"","meta":[],"product_brand":[],"product_cat":[833,116,473,195,326],"product_tag":[246,430,184,119],"class_list":{"0":"post-12346","1":"product","2":"type-product","3":"status-publish","4":"has-post-thumbnail","6":"product_cat-377-poison","7":"product_cat-clubwear","8":"product_cat-men","9":"product_cat-produktion-auf-bestellung-liveproduktion","10":"product_cat-wojoer","11":"product_tag-netz","12":"product_tag-powernet","13":"product_tag-push-up","14":"product_tag-string","15":"product_shipping_class-beun","16":"pa_groesse-l","17":"pa_groesse-m","18":"pa_groesse-s","19":"pa_groesse-xl","20":"pif-has-gallery","21":"post-1","22":"odd","24":"first","25":"instock","26":"taxable","27":"shipping-taxable","28":"purchasable","29":"product-type-variable"},"yoast_head":"<!-- This site is optimized with the Yoast SEO plugin v27.2 - https:\/\/yoast.com\/product\/yoast-seo-wordpress\/ -->\n<title>Push Netzstring | rot schwarz | Powernet | durchsichtig | WOJOER<\/title>\n<meta name=\"description\" content=\"Push Netzstring in rot\/schwarz, verf\u00fchrerisch zeigt diese gerade so viel, um deine Lust ins Unermessliche zu steigern! Leicht gepusht wird deine m\u00e4nnliche St\u00e4rke optimal in Szene gesetzt.\" \/>\n<meta name=\"robots\" content=\"index, follow, max-snippet:-1, max-image-preview:large, max-video-preview:-1\" \/>\n<link rel=\"canonical\" href=\"https:\/\/www.wojoer.de\/en\/produkt\/push-netzstring-377b55\/\" \/>\n<meta name=\"twitter:card\" content=\"summary_large_image\" \/>\n<meta name=\"twitter:title\" content=\"Push Netzstring | rot schwarz | Powernet | durchsichtig | WOJOER\" \/>\n<meta name=\"twitter:description\" content=\"Push Netzstring in rot\/schwarz, verf\u00fchrerisch zeigt diese gerade so viel, um deine Lust ins Unermessliche zu steigern! Leicht gepusht wird deine m\u00e4nnliche St\u00e4rke optimal in Szene gesetzt.\" \/>\n<meta name=\"twitter:image\" content=\"https:\/\/www.wojoer.de\/wp-content\/uploads\/2018\/12\/377B55_Poison_PushString_wojoer.jpg\" \/>\n<meta name=\"twitter:label1\" content=\"Estimated reading time\" \/>\n\t<meta name=\"twitter:data1\" content=\"2 minutes\" \/>\n<script type=\"application\/ld+json\" class=\"yoast-schema-graph\">{\"@context\":\"https:\/\/schema.org\",\"@graph\":[{\"@type\":\"WebPage\",\"@id\":\"https:\/\/www.wojoer.de\/produkt\/push-netzstring-377b55\/\",\"url\":\"https:\/\/www.wojoer.de\/produkt\/push-netzstring-377b55\/\",\"name\":\"Push Netzstring | rot schwarz | Powernet | durchsichtig | WOJOER\",\"isPartOf\":{\"@id\":\"https:\/\/www.wojoer.de\/#website\"},\"primaryImageOfPage\":{\"@id\":\"https:\/\/www.wojoer.de\/produkt\/push-netzstring-377b55\/#primaryimage\"},\"image\":{\"@id\":\"https:\/\/www.wojoer.de\/produkt\/push-netzstring-377b55\/#primaryimage\"},\"thumbnailUrl\":\"https:\/\/www.wojoer.de\/wp-content\/uploads\/2018\/12\/377B55_Poison_PushString_wojoer.jpg\",\"datePublished\":\"2019-04-29T08:40:20+00:00\",\"dateModified\":\"2026-01-15T09:44:40+00:00\",\"description\":\"Push Netzstring in rot\/schwarz, verf\u00fchrerisch zeigt diese gerade so viel, um deine Lust ins Unermessliche zu steigern! Leicht gepusht wird deine m\u00e4nnliche St\u00e4rke optimal in Szene gesetzt.\",\"breadcrumb\":{\"@id\":\"https:\/\/www.wojoer.de\/produkt\/push-netzstring-377b55\/#breadcrumb\"},\"inLanguage\":\"en-GB\",\"potentialAction\":[{\"@type\":\"ReadAction\",\"target\":[\"https:\/\/www.wojoer.de\/produkt\/push-netzstring-377b55\/\"]}]},{\"@type\":\"ImageObject\",\"inLanguage\":\"en-GB\",\"@id\":\"https:\/\/www.wojoer.de\/produkt\/push-netzstring-377b55\/#primaryimage\",\"url\":\"https:\/\/www.wojoer.de\/wp-content\/uploads\/2018\/12\/377B55_Poison_PushString_wojoer.jpg\",\"contentUrl\":\"https:\/\/www.wojoer.de\/wp-content\/uploads\/2018\/12\/377B55_Poison_PushString_wojoer.jpg\",\"width\":2002,\"height\":2002},{\"@type\":\"BreadcrumbList\",\"@id\":\"https:\/\/www.wojoer.de\/produkt\/push-netzstring-377b55\/#breadcrumb\",\"itemListElement\":[{\"@type\":\"ListItem\",\"position\":1,\"name\":\"Startseite\",\"item\":\"https:\/\/www.wojoer.de\/\"},{\"@type\":\"ListItem\",\"position\":2,\"name\":\"SHOP\",\"item\":\"https:\/\/www.wojoer.de\/shop\/\"},{\"@type\":\"ListItem\",\"position\":3,\"name\":\"POISON Push String 377B55\"}]},{\"@type\":\"WebSite\",\"@id\":\"https:\/\/www.wojoer.de\/#website\",\"url\":\"https:\/\/www.wojoer.de\/\",\"name\":\"WOJOER\",\"description\":\"clubwear for men\",\"publisher\":{\"@id\":\"https:\/\/www.wojoer.de\/#organization\"},\"potentialAction\":[{\"@type\":\"SearchAction\",\"target\":{\"@type\":\"EntryPoint\",\"urlTemplate\":\"https:\/\/www.wojoer.de\/?s={search_term_string}\"},\"query-input\":{\"@type\":\"PropertyValueSpecification\",\"valueRequired\":true,\"valueName\":\"search_term_string\"}}],\"inLanguage\":\"en-GB\"},{\"@type\":\"Organization\",\"@id\":\"https:\/\/www.wojoer.de\/#organization\",\"name\":\"Wonneberger-Manufaktur\",\"url\":\"https:\/\/www.wojoer.de\/\",\"logo\":{\"@type\":\"ImageObject\",\"inLanguage\":\"en-GB\",\"@id\":\"https:\/\/www.wojoer.de\/#\/schema\/logo\/image\/\",\"url\":\"https:\/\/www.wojoer.de\/wp-content\/uploads\/2016\/11\/wonnebergermanufaktur_logo_BUTTON.png\",\"contentUrl\":\"https:\/\/www.wojoer.de\/wp-content\/uploads\/2016\/11\/wonnebergermanufaktur_logo_BUTTON.png\",\"width\":765,\"height\":765,\"caption\":\"Wonneberger-Manufaktur\"},\"image\":{\"@id\":\"https:\/\/www.wojoer.de\/#\/schema\/logo\/image\/\"},\"sameAs\":[\"https:\/\/www.facebook.com\/wojoer\/\",\"https:\/\/de.pinterest.com\/W0J0ER\/\"]}]}<\/script>\n<!-- \/ Yoast SEO plugin. -->","yoast_head_json":{"title":"Push Netzstring | rot schwarz | Powernet | durchsichtig | WOJOER","description":"Push Netzstring in rot\/schwarz, verf\u00fchrerisch zeigt diese gerade so viel, um deine Lust ins Unermessliche zu steigern! Leicht gepusht wird deine m\u00e4nnliche St\u00e4rke optimal in Szene gesetzt.","robots":{"index":"index","follow":"follow","max-snippet":"max-snippet:-1","max-image-preview":"max-image-preview:large","max-video-preview":"max-video-preview:-1"},"canonical":"https:\/\/www.wojoer.de\/en\/produkt\/push-netzstring-377b55\/","twitter_card":"summary_large_image","twitter_title":"Push Netzstring | rot schwarz | Powernet | durchsichtig | WOJOER","twitter_description":"Push Netzstring in rot\/schwarz, verf\u00fchrerisch zeigt diese gerade so viel, um deine Lust ins Unermessliche zu steigern! Leicht gepusht wird deine m\u00e4nnliche St\u00e4rke optimal in Szene gesetzt.","twitter_image":"https:\/\/www.wojoer.de\/wp-content\/uploads\/2018\/12\/377B55_Poison_PushString_wojoer.jpg","twitter_misc":{"Estimated reading time":"2 minutes"},"schema":{"@context":"https:\/\/schema.org","@graph":[{"@type":"WebPage","@id":"https:\/\/www.wojoer.de\/produkt\/push-netzstring-377b55\/","url":"https:\/\/www.wojoer.de\/produkt\/push-netzstring-377b55\/","name":"Push Netzstring | rot schwarz | Powernet | durchsichtig | WOJOER","isPartOf":{"@id":"https:\/\/www.wojoer.de\/#website"},"primaryImageOfPage":{"@id":"https:\/\/www.wojoer.de\/produkt\/push-netzstring-377b55\/#primaryimage"},"image":{"@id":"https:\/\/www.wojoer.de\/produkt\/push-netzstring-377b55\/#primaryimage"},"thumbnailUrl":"https:\/\/www.wojoer.de\/wp-content\/uploads\/2018\/12\/377B55_Poison_PushString_wojoer.jpg","datePublished":"2019-04-29T08:40:20+00:00","dateModified":"2026-01-15T09:44:40+00:00","description":"Push Netzstring in rot\/schwarz, verf\u00fchrerisch zeigt diese gerade so viel, um deine Lust ins Unermessliche zu steigern! Leicht gepusht wird deine m\u00e4nnliche St\u00e4rke optimal in Szene gesetzt.","breadcrumb":{"@id":"https:\/\/www.wojoer.de\/produkt\/push-netzstring-377b55\/#breadcrumb"},"inLanguage":"en-GB","potentialAction":[{"@type":"ReadAction","target":["https:\/\/www.wojoer.de\/produkt\/push-netzstring-377b55\/"]}]},{"@type":"ImageObject","inLanguage":"en-GB","@id":"https:\/\/www.wojoer.de\/produkt\/push-netzstring-377b55\/#primaryimage","url":"https:\/\/www.wojoer.de\/wp-content\/uploads\/2018\/12\/377B55_Poison_PushString_wojoer.jpg","contentUrl":"https:\/\/www.wojoer.de\/wp-content\/uploads\/2018\/12\/377B55_Poison_PushString_wojoer.jpg","width":2002,"height":2002},{"@type":"BreadcrumbList","@id":"https:\/\/www.wojoer.de\/produkt\/push-netzstring-377b55\/#breadcrumb","itemListElement":[{"@type":"ListItem","position":1,"name":"Startseite","item":"https:\/\/www.wojoer.de\/"},{"@type":"ListItem","position":2,"name":"SHOP","item":"https:\/\/www.wojoer.de\/shop\/"},{"@type":"ListItem","position":3,"name":"POISON Push String 377B55"}]},{"@type":"WebSite","@id":"https:\/\/www.wojoer.de\/#website","url":"https:\/\/www.wojoer.de\/","name":"WOJOER","description":"clubwear for men","publisher":{"@id":"https:\/\/www.wojoer.de\/#organization"},"potentialAction":[{"@type":"SearchAction","target":{"@type":"EntryPoint","urlTemplate":"https:\/\/www.wojoer.de\/?s={search_term_string}"},"query-input":{"@type":"PropertyValueSpecification","valueRequired":true,"valueName":"search_term_string"}}],"inLanguage":"en-GB"},{"@type":"Organization","@id":"https:\/\/www.wojoer.de\/#organization","name":"Wonneberger-Manufaktur","url":"https:\/\/www.wojoer.de\/","logo":{"@type":"ImageObject","inLanguage":"en-GB","@id":"https:\/\/www.wojoer.de\/#\/schema\/logo\/image\/","url":"https:\/\/www.wojoer.de\/wp-content\/uploads\/2016\/11\/wonnebergermanufaktur_logo_BUTTON.png","contentUrl":"https:\/\/www.wojoer.de\/wp-content\/uploads\/2016\/11\/wonnebergermanufaktur_logo_BUTTON.png","width":765,"height":765,"caption":"Wonneberger-Manufaktur"},"image":{"@id":"https:\/\/www.wojoer.de\/#\/schema\/logo\/image\/"},"sameAs":["https:\/\/www.facebook.com\/wojoer\/","https:\/\/de.pinterest.com\/W0J0ER\/"]}]}},"_links":{"self":[{"href":"https:\/\/www.wojoer.de\/en\/wp-json\/wp\/v2\/product\/12346","targetHints":{"allow":["GET"]}}],"collection":[{"href":"https:\/\/www.wojoer.de\/en\/wp-json\/wp\/v2\/product"}],"about":[{"href":"https:\/\/www.wojoer.de\/en\/wp-json\/wp\/v2\/types\/product"}],"replies":[{"embeddable":true,"href":"https:\/\/www.wojoer.de\/en\/wp-json\/wp\/v2\/comments?post=12346"}],"wp:featuredmedia":[{"embeddable":true,"href":"https:\/\/www.wojoer.de\/en\/wp-json\/wp\/v2\/media\/12107"}],"wp:attachment":[{"href":"https:\/\/www.wojoer.de\/en\/wp-json\/wp\/v2\/media?parent=12346"}],"wp:term":[{"taxonomy":"product_brand","embeddable":true,"href":"https:\/\/www.wojoer.de\/en\/wp-json\/wp\/v2\/product_brand?post=12346"},{"taxonomy":"product_cat","embeddable":true,"href":"https:\/\/www.wojoer.de\/en\/wp-json\/wp\/v2\/product_cat?post=12346"},{"taxonomy":"product_tag","embeddable":true,"href":"https:\/\/www.wojoer.de\/en\/wp-json\/wp\/v2\/product_tag?post=12346"}],"curies":[{"name":"wp","href":"https:\/\/api.w.org\/{rel}","templated":true}]}}