{"id":12371,"date":"2021-05-02T10:00:21","date_gmt":"2021-05-02T08:00:21","guid":{"rendered":"https:\/\/www.wojoer.de\/produkt\/michael-jay-rock-silver-skirt-men376g3\/"},"modified":"2026-04-12T12:47:56","modified_gmt":"2026-04-12T10:47:56","slug":"michael-jay-rock-silver-skirt-men376g3","status":"publish","type":"product","link":"https:\/\/www.wojoer.de\/en\/produkt\/michael-jay-rock-silver-skirt-men376g3\/","title":{"rendered":"Michael Jay Rock 376G3"},"content":{"rendered":"<p>Dieser glamour\u00f6se Rock silver skirt men aus fest folierten, silbrig glitzernden Netzstoff geh\u00f6rt in die Kategorie &#8220;LIVE&#8221;-Produkte. Produktion nur auf Bestellung.<\/p>\n<h3>Gr\u00f6\u00dfen<\/h3>\n<p>Erh\u00e4ltlich in den Gr\u00f6\u00dfen S, M, L, XL<\/p>\n<h3>Materialzusammensetzung<\/h3>\n<p>Paillettierter Netzstoff: 87% Polyamid | 7% Polyester | 6% Elasthan<\/p>\n<p>Lackstoff: 95% Polyester | 5% Elasthan<\/p>\n<h3>Besonderheiten<\/h3>\n<p><a href=\"http:\/\/www.wojoer.de\/?s=live&#038;post_type=product\">LIVE Produkt<\/a> | foliertes Netz | silbrig gl\u00e4nzende festgeklebte Pailletten| Rei\u00dfverschluss | glossy Pailletten Stoff | eng anliegend | hochwertige Verarbeitung &#8220;Made in Germany&#8221;<\/p>\n<h3>Benutzerhinweise<\/h3>\n<p>Handw\u00e4sche<\/p>\n<h3>Michael Jay silver skirt men &#8211; silbrig schillernder Rock mit integriertem Suspensorium<\/h3>\n<p>Let&#8217;s get the Party started! Herz an und Kopf aus, rein geht es ins Silber Vergn\u00fcgen! Mit diesem silbrig schillernden und fast schon spacigen Rock bist du mehr als nur der Mittelpunkt des Abends!!! Das integrierte Suspensorium tut sein \u00fcbriges dazu und setzt deine M\u00e4nnlichkeit perfekt in Szene! Das ist l\u00e4ngst nicht alles, denn mit diesem Outfit ziehst du alle wie magisch an. Vor allem aber der haptische Effekt wird dich verzaubern. Denn der Tanga wirkt wie eine Ritterr\u00fcstung aus Metall-Schuppen, zusammengehalten von einem feinen rubusten Netzsstoff. Und los geht es: Wild und leuchtend tanzt du durch die Nacht, l\u00e4sst dich ber\u00fchren und verf\u00fchren, bis der Abend vielleicht in einem prickelnden Liebesritt endet&#8230;wow, hei\u00dfer geht es eigentlich nicht, oder vielleicht doch? Finde es heraus mit unserer Michael Jay Serie!<\/p>\n","protected":false},"excerpt":{"rendered":"<p>Dieser glamour\u00f6se Rock\u00a0silver skirt men 376G3 aus folierten, silbrig glitzernden Netzstoff geh\u00f6rt in die Kategorie &#8220;LIVE&#8221;-Produkte. Produktion nur auf Bestellung.<br \/>\nGr\u00f6\u00dfen<br \/>\nErh\u00e4ltlich in den Gr\u00f6\u00dfen S, M, L, XL<br \/>\nMaterialzusammensetzung<br \/>\nPaillettierter Netzstoff: 87% Polyamid | 7% Polyester | 6% Elasthan<\/p>\n<p>Lackstoff: 95% Polyester | 5%\u2026<\/p>\n","protected":false},"featured_media":12090,"comment_status":"open","ping_status":"closed","template":"","meta":[],"product_brand":[],"product_cat":[116,473,195,326],"product_tag":[560,303,441],"class_list":{"0":"post-12371","1":"product","2":"type-product","3":"status-publish","4":"has-post-thumbnail","6":"product_cat-clubwear","7":"product_cat-men","8":"product_cat-produktion-auf-bestellung-liveproduktion","9":"product_cat-wojoer","10":"product_tag-glaenzend","11":"product_tag-glitzer","12":"product_tag-skinny","13":"product_shipping_class-beun","14":"pa_groesse-l","15":"pa_groesse-m","16":"pa_groesse-s","17":"pa_groesse-xl","18":"pif-has-gallery","19":"post-1","20":"odd","22":"first","23":"instock","24":"taxable","25":"shipping-taxable","26":"purchasable","27":"product-type-variable"},"yoast_head":"<!-- This site is optimized with the Yoast SEO plugin v27.2 - https:\/\/yoast.com\/product\/yoast-seo-wordpress\/ -->\n<title>silver skirt men | silbrig gl\u00e4nzend | folierter Netzstoff | WOJOER<\/title>\n<meta name=\"description\" content=\"silver skirt men. Glamour\u00f6ser Rock aus silbrig folierten Netzstoff und umrahmt von gl\u00e4nzenden Lackstoff! Wahnsinnig berauschend steht deiner Partynacht absolut nichts mehr im Wege. Let&#039;s get the Party started...\" \/>\n<meta name=\"robots\" content=\"index, follow, max-snippet:-1, max-image-preview:large, max-video-preview:-1\" \/>\n<link rel=\"canonical\" href=\"https:\/\/www.wojoer.de\/en\/produkt\/michael-jay-rock-silver-skirt-men376g3\/\" \/>\n<meta name=\"twitter:card\" content=\"summary_large_image\" \/>\n<meta name=\"twitter:title\" content=\"silver skirt men | silbrig gl\u00e4nzend | folierter Netzstoff | WOJOER\" \/>\n<meta name=\"twitter:description\" content=\"silver skirt men. Glamour\u00f6ser Rock aus silbrig folierten Netzstoff und umrahmt von gl\u00e4nzenden Lackstoff! Wahnsinnig berauschend steht deiner Partynacht absolut nichts mehr im Wege. Let&#039;s get the Party started...\" \/>\n<meta name=\"twitter:image\" content=\"https:\/\/www.wojoer.de\/wp-content\/uploads\/2018\/12\/376G3_MichaelJey_Rock_front_wojoer.jpg\" \/>\n<meta name=\"twitter:label1\" content=\"Estimated reading time\" \/>\n\t<meta name=\"twitter:data1\" content=\"2 minutes\" \/>\n<script type=\"application\/ld+json\" class=\"yoast-schema-graph\">{\"@context\":\"https:\/\/schema.org\",\"@graph\":[{\"@type\":\"WebPage\",\"@id\":\"https:\/\/www.wojoer.de\/produkt\/michael-jay-rock-silver-skirt-men376g3\/\",\"url\":\"https:\/\/www.wojoer.de\/produkt\/michael-jay-rock-silver-skirt-men376g3\/\",\"name\":\"silver skirt men | silbrig gl\u00e4nzend | folierter Netzstoff | WOJOER\",\"isPartOf\":{\"@id\":\"https:\/\/www.wojoer.de\/#website\"},\"primaryImageOfPage\":{\"@id\":\"https:\/\/www.wojoer.de\/produkt\/michael-jay-rock-silver-skirt-men376g3\/#primaryimage\"},\"image\":{\"@id\":\"https:\/\/www.wojoer.de\/produkt\/michael-jay-rock-silver-skirt-men376g3\/#primaryimage\"},\"thumbnailUrl\":\"https:\/\/www.wojoer.de\/wp-content\/uploads\/2018\/12\/376G3_MichaelJey_Rock_front_wojoer.jpg\",\"datePublished\":\"2021-05-02T08:00:21+00:00\",\"dateModified\":\"2026-04-12T10:47:56+00:00\",\"description\":\"silver skirt men. Glamour\u00f6ser Rock aus silbrig folierten Netzstoff und umrahmt von gl\u00e4nzenden Lackstoff! Wahnsinnig berauschend steht deiner Partynacht absolut nichts mehr im Wege. Let's get the Party started...\",\"breadcrumb\":{\"@id\":\"https:\/\/www.wojoer.de\/produkt\/michael-jay-rock-silver-skirt-men376g3\/#breadcrumb\"},\"inLanguage\":\"en-GB\",\"potentialAction\":[{\"@type\":\"ReadAction\",\"target\":[\"https:\/\/www.wojoer.de\/produkt\/michael-jay-rock-silver-skirt-men376g3\/\"]}]},{\"@type\":\"ImageObject\",\"inLanguage\":\"en-GB\",\"@id\":\"https:\/\/www.wojoer.de\/produkt\/michael-jay-rock-silver-skirt-men376g3\/#primaryimage\",\"url\":\"https:\/\/www.wojoer.de\/wp-content\/uploads\/2018\/12\/376G3_MichaelJey_Rock_front_wojoer.jpg\",\"contentUrl\":\"https:\/\/www.wojoer.de\/wp-content\/uploads\/2018\/12\/376G3_MichaelJey_Rock_front_wojoer.jpg\",\"width\":2002,\"height\":2002},{\"@type\":\"BreadcrumbList\",\"@id\":\"https:\/\/www.wojoer.de\/produkt\/michael-jay-rock-silver-skirt-men376g3\/#breadcrumb\",\"itemListElement\":[{\"@type\":\"ListItem\",\"position\":1,\"name\":\"Startseite\",\"item\":\"https:\/\/www.wojoer.de\/\"},{\"@type\":\"ListItem\",\"position\":2,\"name\":\"SHOP\",\"item\":\"https:\/\/www.wojoer.de\/shop\/\"},{\"@type\":\"ListItem\",\"position\":3,\"name\":\"Michael Jay Rock 376G3\"}]},{\"@type\":\"WebSite\",\"@id\":\"https:\/\/www.wojoer.de\/#website\",\"url\":\"https:\/\/www.wojoer.de\/\",\"name\":\"WOJOER\",\"description\":\"clubwear for men\",\"publisher\":{\"@id\":\"https:\/\/www.wojoer.de\/#organization\"},\"potentialAction\":[{\"@type\":\"SearchAction\",\"target\":{\"@type\":\"EntryPoint\",\"urlTemplate\":\"https:\/\/www.wojoer.de\/?s={search_term_string}\"},\"query-input\":{\"@type\":\"PropertyValueSpecification\",\"valueRequired\":true,\"valueName\":\"search_term_string\"}}],\"inLanguage\":\"en-GB\"},{\"@type\":\"Organization\",\"@id\":\"https:\/\/www.wojoer.de\/#organization\",\"name\":\"Wonneberger-Manufaktur\",\"url\":\"https:\/\/www.wojoer.de\/\",\"logo\":{\"@type\":\"ImageObject\",\"inLanguage\":\"en-GB\",\"@id\":\"https:\/\/www.wojoer.de\/#\/schema\/logo\/image\/\",\"url\":\"https:\/\/www.wojoer.de\/wp-content\/uploads\/2016\/11\/wonnebergermanufaktur_logo_BUTTON.png\",\"contentUrl\":\"https:\/\/www.wojoer.de\/wp-content\/uploads\/2016\/11\/wonnebergermanufaktur_logo_BUTTON.png\",\"width\":765,\"height\":765,\"caption\":\"Wonneberger-Manufaktur\"},\"image\":{\"@id\":\"https:\/\/www.wojoer.de\/#\/schema\/logo\/image\/\"},\"sameAs\":[\"https:\/\/www.facebook.com\/wojoer\/\",\"https:\/\/de.pinterest.com\/W0J0ER\/\"]}]}<\/script>\n<!-- \/ Yoast SEO plugin. -->","yoast_head_json":{"title":"silver skirt men | silbrig gl\u00e4nzend | folierter Netzstoff | WOJOER","description":"silver skirt men. Glamour\u00f6ser Rock aus silbrig folierten Netzstoff und umrahmt von gl\u00e4nzenden Lackstoff! Wahnsinnig berauschend steht deiner Partynacht absolut nichts mehr im Wege. Let's get the Party started...","robots":{"index":"index","follow":"follow","max-snippet":"max-snippet:-1","max-image-preview":"max-image-preview:large","max-video-preview":"max-video-preview:-1"},"canonical":"https:\/\/www.wojoer.de\/en\/produkt\/michael-jay-rock-silver-skirt-men376g3\/","twitter_card":"summary_large_image","twitter_title":"silver skirt men | silbrig gl\u00e4nzend | folierter Netzstoff | WOJOER","twitter_description":"silver skirt men. Glamour\u00f6ser Rock aus silbrig folierten Netzstoff und umrahmt von gl\u00e4nzenden Lackstoff! Wahnsinnig berauschend steht deiner Partynacht absolut nichts mehr im Wege. Let's get the Party started...","twitter_image":"https:\/\/www.wojoer.de\/wp-content\/uploads\/2018\/12\/376G3_MichaelJey_Rock_front_wojoer.jpg","twitter_misc":{"Estimated reading time":"2 minutes"},"schema":{"@context":"https:\/\/schema.org","@graph":[{"@type":"WebPage","@id":"https:\/\/www.wojoer.de\/produkt\/michael-jay-rock-silver-skirt-men376g3\/","url":"https:\/\/www.wojoer.de\/produkt\/michael-jay-rock-silver-skirt-men376g3\/","name":"silver skirt men | silbrig gl\u00e4nzend | folierter Netzstoff | WOJOER","isPartOf":{"@id":"https:\/\/www.wojoer.de\/#website"},"primaryImageOfPage":{"@id":"https:\/\/www.wojoer.de\/produkt\/michael-jay-rock-silver-skirt-men376g3\/#primaryimage"},"image":{"@id":"https:\/\/www.wojoer.de\/produkt\/michael-jay-rock-silver-skirt-men376g3\/#primaryimage"},"thumbnailUrl":"https:\/\/www.wojoer.de\/wp-content\/uploads\/2018\/12\/376G3_MichaelJey_Rock_front_wojoer.jpg","datePublished":"2021-05-02T08:00:21+00:00","dateModified":"2026-04-12T10:47:56+00:00","description":"silver skirt men. Glamour\u00f6ser Rock aus silbrig folierten Netzstoff und umrahmt von gl\u00e4nzenden Lackstoff! Wahnsinnig berauschend steht deiner Partynacht absolut nichts mehr im Wege. Let's get the Party started...","breadcrumb":{"@id":"https:\/\/www.wojoer.de\/produkt\/michael-jay-rock-silver-skirt-men376g3\/#breadcrumb"},"inLanguage":"en-GB","potentialAction":[{"@type":"ReadAction","target":["https:\/\/www.wojoer.de\/produkt\/michael-jay-rock-silver-skirt-men376g3\/"]}]},{"@type":"ImageObject","inLanguage":"en-GB","@id":"https:\/\/www.wojoer.de\/produkt\/michael-jay-rock-silver-skirt-men376g3\/#primaryimage","url":"https:\/\/www.wojoer.de\/wp-content\/uploads\/2018\/12\/376G3_MichaelJey_Rock_front_wojoer.jpg","contentUrl":"https:\/\/www.wojoer.de\/wp-content\/uploads\/2018\/12\/376G3_MichaelJey_Rock_front_wojoer.jpg","width":2002,"height":2002},{"@type":"BreadcrumbList","@id":"https:\/\/www.wojoer.de\/produkt\/michael-jay-rock-silver-skirt-men376g3\/#breadcrumb","itemListElement":[{"@type":"ListItem","position":1,"name":"Startseite","item":"https:\/\/www.wojoer.de\/"},{"@type":"ListItem","position":2,"name":"SHOP","item":"https:\/\/www.wojoer.de\/shop\/"},{"@type":"ListItem","position":3,"name":"Michael Jay Rock 376G3"}]},{"@type":"WebSite","@id":"https:\/\/www.wojoer.de\/#website","url":"https:\/\/www.wojoer.de\/","name":"WOJOER","description":"clubwear for men","publisher":{"@id":"https:\/\/www.wojoer.de\/#organization"},"potentialAction":[{"@type":"SearchAction","target":{"@type":"EntryPoint","urlTemplate":"https:\/\/www.wojoer.de\/?s={search_term_string}"},"query-input":{"@type":"PropertyValueSpecification","valueRequired":true,"valueName":"search_term_string"}}],"inLanguage":"en-GB"},{"@type":"Organization","@id":"https:\/\/www.wojoer.de\/#organization","name":"Wonneberger-Manufaktur","url":"https:\/\/www.wojoer.de\/","logo":{"@type":"ImageObject","inLanguage":"en-GB","@id":"https:\/\/www.wojoer.de\/#\/schema\/logo\/image\/","url":"https:\/\/www.wojoer.de\/wp-content\/uploads\/2016\/11\/wonnebergermanufaktur_logo_BUTTON.png","contentUrl":"https:\/\/www.wojoer.de\/wp-content\/uploads\/2016\/11\/wonnebergermanufaktur_logo_BUTTON.png","width":765,"height":765,"caption":"Wonneberger-Manufaktur"},"image":{"@id":"https:\/\/www.wojoer.de\/#\/schema\/logo\/image\/"},"sameAs":["https:\/\/www.facebook.com\/wojoer\/","https:\/\/de.pinterest.com\/W0J0ER\/"]}]}},"_links":{"self":[{"href":"https:\/\/www.wojoer.de\/en\/wp-json\/wp\/v2\/product\/12371","targetHints":{"allow":["GET"]}}],"collection":[{"href":"https:\/\/www.wojoer.de\/en\/wp-json\/wp\/v2\/product"}],"about":[{"href":"https:\/\/www.wojoer.de\/en\/wp-json\/wp\/v2\/types\/product"}],"replies":[{"embeddable":true,"href":"https:\/\/www.wojoer.de\/en\/wp-json\/wp\/v2\/comments?post=12371"}],"wp:featuredmedia":[{"embeddable":true,"href":"https:\/\/www.wojoer.de\/en\/wp-json\/wp\/v2\/media\/12090"}],"wp:attachment":[{"href":"https:\/\/www.wojoer.de\/en\/wp-json\/wp\/v2\/media?parent=12371"}],"wp:term":[{"taxonomy":"product_brand","embeddable":true,"href":"https:\/\/www.wojoer.de\/en\/wp-json\/wp\/v2\/product_brand?post=12371"},{"taxonomy":"product_cat","embeddable":true,"href":"https:\/\/www.wojoer.de\/en\/wp-json\/wp\/v2\/product_cat?post=12371"},{"taxonomy":"product_tag","embeddable":true,"href":"https:\/\/www.wojoer.de\/en\/wp-json\/wp\/v2\/product_tag?post=12371"}],"curies":[{"name":"wp","href":"https:\/\/api.w.org\/{rel}","templated":true}]}}