{"id":12408,"date":"2021-05-02T09:53:14","date_gmt":"2021-05-02T07:53:14","guid":{"rendered":"https:\/\/www.wojoer.de\/produkt\/michael-jay-pallietten-handschuh-376f1\/"},"modified":"2026-04-10T11:13:27","modified_gmt":"2026-04-10T09:13:27","slug":"space-pallietten-handschuh-386f1","status":"publish","type":"product","link":"https:\/\/www.wojoer.de\/en\/produkt\/space-pallietten-handschuh-386f1\/","title":{"rendered":"Space Fingerhandschuh 386F1"},"content":{"rendered":"<p>Dieser glamour\u00f6s verruchte Ein-Finger Pallietten Handschuh 386F1 aus paillettiertem, silbrig glitzerndem Netzstoff geh\u00f6rt in die Kategorie &#8220;LIVE&#8221;-Produkte. Produktion nur auf Bestellung.<\/p>\n<h3>Gr\u00f6\u00dfen<\/h3>\n<p>Erh\u00e4ltlich in Einheitsgr\u00f6\u00dfe.<\/p>\n<p>Einzeln oder als Paar bestellbar.<\/p>\n<h3>Materialzusammensetzung<\/h3>\n<p>Paillettierter Netzstoff: 87% Polyamid | 8% Polyester | 5% Elasthan<\/p>\n<p>Lackstoff: 95% Polyester | 5% Elasthan<\/p>\n<h3>Besonderheiten<\/h3>\n<p><a href=\"http:\/\/www.wojoer.de\/?s=live&#038;post_type=product\">LIVE Produkt<\/a> | Paillietten Netz | silbrig gl\u00e4nzend | eng anliegend\u00a0 | fast wie eine edle R\u00fcstung| hochwertige Verarbeitung &#8220;Made in Germany&#8221;<\/p>\n<h3>Benutzerhinweise<\/h3>\n<p>Handw\u00e4sche<\/p>\n<h3>Space &#8211; Pallietten Handschuh &#8211; glamour\u00f6s verruchter Finger Handschuh silber<\/h3>\n<p>Let&#8217;s get the Party started! Herz an und Kopf aus, rein geht es ins Vergn\u00fcgen! Mit diesem silbrig schillernden und fast schon spacigen Design bist du mehr als nur der Mittelpunkt des Abends!!! Dieser Fingerhandschuh ist das Must-Have auf deiner Party &#8211; denn ohne dieses wahnsinnig schicke Accessoires ist dein Outfit einfach nicht vollkommen!\u00a0 Doch nicht nur das, denn mit diesem Handschuh ziehst du alle wie magisch an. Und los geht es: Wild und leuchtend tanzt du durch die Nacht, l\u00e4sst dich ber\u00fchren und verf\u00fchren, bis der Morgen erwacht. Wow, hei\u00dfer geht es eigentlich nicht, oder vielleicht doch? Finde es heraus mit unserer Space &#8211; Serie!<\/p>\n","protected":false},"excerpt":{"rendered":"<p>Dieser glamour\u00f6s verruchte Ein-Finger Pallietten Handschuh 386F1 aus paillettiertem, silbrig glitzerndem Netzstoff geh\u00f6rt in die Kategorie &#8220;LIVE&#8221;-Produkte. Produktion nur auf Bestellung.<br \/>\nGr\u00f6\u00dfen<br \/>\nErh\u00e4ltlich in Einheitsgr\u00f6\u00dfe.<\/p>\n<p>Einzeln oder als Paar bestellbar.<br \/>\nMaterialzusammensetzung<br \/>\nPaillettierter Netzstoff: 87% Polyamid | 8% Polyester | 5% Elasthan<\/p>\n<p>Lackstoff: 95% Polyester | 5%\u2026<\/p>\n","protected":false},"featured_media":31745,"comment_status":"open","ping_status":"closed","template":"","meta":[],"product_brand":[],"product_cat":[841,291,116,473,195,326],"product_tag":[262,560,303,441],"class_list":{"0":"post-12408","1":"product","2":"type-product","3":"status-publish","4":"has-post-thumbnail","6":"product_cat-space","7":"product_cat-accessoires","8":"product_cat-clubwear","9":"product_cat-men","10":"product_cat-produktion-auf-bestellung-liveproduktion","11":"product_cat-wojoer","12":"product_tag-accessoires","13":"product_tag-glaenzend","14":"product_tag-glitzer","15":"product_tag-skinny","16":"product_shipping_class-beun","17":"pa_groesse-unisize","18":"pif-has-gallery","19":"post-1","20":"odd","22":"first","23":"onbackorder","24":"taxable","25":"shipping-taxable","26":"purchasable","27":"product-type-variable","28":"has-default-attributes"},"yoast_head":"<!-- This site is optimized with the Yoast SEO plugin v27.2 - https:\/\/yoast.com\/product\/yoast-seo-wordpress\/ -->\n<title>Glamour\u00f6ser Pallietten Handschuh | silbrig gl\u00e4nzend | WOJOER<\/title>\n<meta name=\"description\" content=\"Glamour\u00f6s verruchter Pallietten Handschuh aus silbrig folierten Netzstoff und umrahmt von gl\u00e4nzenden Lackstoff! Wahnsinnig berauschend steht deiner Partynacht absolut nichts mehr im Wege. Let&#039;s get the Party started...\" \/>\n<meta name=\"robots\" content=\"index, follow, max-snippet:-1, max-image-preview:large, max-video-preview:-1\" \/>\n<link rel=\"canonical\" href=\"https:\/\/www.wojoer.de\/en\/produkt\/space-pallietten-handschuh-386f1\/\" \/>\n<meta name=\"twitter:card\" content=\"summary_large_image\" \/>\n<meta name=\"twitter:title\" content=\"Glamour\u00f6ser Pallietten Handschuh | silbrig gl\u00e4nzend | WOJOER\" \/>\n<meta name=\"twitter:description\" content=\"Glamour\u00f6s verruchter Pallietten Handschuh aus silbrig folierten Netzstoff und umrahmt von gl\u00e4nzenden Lackstoff! Wahnsinnig berauschend steht deiner Partynacht absolut nichts mehr im Wege. Let&#039;s get the Party started...\" \/>\n<meta name=\"twitter:image\" content=\"https:\/\/www.wojoer.de\/wp-content\/uploads\/2020\/11\/386F1_Space_Fingerhandschuh_wojoer.jpg\" \/>\n<meta name=\"twitter:label1\" content=\"Estimated reading time\" \/>\n\t<meta name=\"twitter:data1\" content=\"1 minute\" \/>\n<script type=\"application\/ld+json\" class=\"yoast-schema-graph\">{\"@context\":\"https:\/\/schema.org\",\"@graph\":[{\"@type\":\"WebPage\",\"@id\":\"https:\/\/www.wojoer.de\/en\/produkt\/space-pallietten-handschuh-386f1\/\",\"url\":\"https:\/\/www.wojoer.de\/en\/produkt\/space-pallietten-handschuh-386f1\/\",\"name\":\"Glamour\u00f6ser Pallietten Handschuh | silbrig gl\u00e4nzend | WOJOER\",\"isPartOf\":{\"@id\":\"https:\/\/www.wojoer.de\/#website\"},\"primaryImageOfPage\":{\"@id\":\"https:\/\/www.wojoer.de\/en\/produkt\/space-pallietten-handschuh-386f1\/#primaryimage\"},\"image\":{\"@id\":\"https:\/\/www.wojoer.de\/en\/produkt\/space-pallietten-handschuh-386f1\/#primaryimage\"},\"thumbnailUrl\":\"https:\/\/www.wojoer.de\/wp-content\/uploads\/2020\/11\/386F1_Space_Fingerhandschuh_wojoer.jpg\",\"datePublished\":\"2021-05-02T07:53:14+00:00\",\"dateModified\":\"2026-04-10T09:13:27+00:00\",\"description\":\"Glamour\u00f6s verruchter Pallietten Handschuh aus silbrig folierten Netzstoff und umrahmt von gl\u00e4nzenden Lackstoff! Wahnsinnig berauschend steht deiner Partynacht absolut nichts mehr im Wege. Let's get the Party started...\",\"breadcrumb\":{\"@id\":\"https:\/\/www.wojoer.de\/en\/produkt\/space-pallietten-handschuh-386f1\/#breadcrumb\"},\"inLanguage\":\"en-GB\",\"potentialAction\":[{\"@type\":\"ReadAction\",\"target\":[\"https:\/\/www.wojoer.de\/en\/produkt\/space-pallietten-handschuh-386f1\/\"]}]},{\"@type\":\"ImageObject\",\"inLanguage\":\"en-GB\",\"@id\":\"https:\/\/www.wojoer.de\/en\/produkt\/space-pallietten-handschuh-386f1\/#primaryimage\",\"url\":\"https:\/\/www.wojoer.de\/wp-content\/uploads\/2020\/11\/386F1_Space_Fingerhandschuh_wojoer.jpg\",\"contentUrl\":\"https:\/\/www.wojoer.de\/wp-content\/uploads\/2020\/11\/386F1_Space_Fingerhandschuh_wojoer.jpg\",\"width\":2002,\"height\":2002},{\"@type\":\"BreadcrumbList\",\"@id\":\"https:\/\/www.wojoer.de\/en\/produkt\/space-pallietten-handschuh-386f1\/#breadcrumb\",\"itemListElement\":[{\"@type\":\"ListItem\",\"position\":1,\"name\":\"Startseite\",\"item\":\"https:\/\/www.wojoer.de\/\"},{\"@type\":\"ListItem\",\"position\":2,\"name\":\"SHOP\",\"item\":\"https:\/\/www.wojoer.de\/shop\/\"},{\"@type\":\"ListItem\",\"position\":3,\"name\":\"Space Fingerhandschuh 386F1\"}]},{\"@type\":\"WebSite\",\"@id\":\"https:\/\/www.wojoer.de\/#website\",\"url\":\"https:\/\/www.wojoer.de\/\",\"name\":\"WOJOER\",\"description\":\"clubwear for men\",\"publisher\":{\"@id\":\"https:\/\/www.wojoer.de\/#organization\"},\"potentialAction\":[{\"@type\":\"SearchAction\",\"target\":{\"@type\":\"EntryPoint\",\"urlTemplate\":\"https:\/\/www.wojoer.de\/?s={search_term_string}\"},\"query-input\":{\"@type\":\"PropertyValueSpecification\",\"valueRequired\":true,\"valueName\":\"search_term_string\"}}],\"inLanguage\":\"en-GB\"},{\"@type\":\"Organization\",\"@id\":\"https:\/\/www.wojoer.de\/#organization\",\"name\":\"Wonneberger-Manufaktur\",\"url\":\"https:\/\/www.wojoer.de\/\",\"logo\":{\"@type\":\"ImageObject\",\"inLanguage\":\"en-GB\",\"@id\":\"https:\/\/www.wojoer.de\/#\/schema\/logo\/image\/\",\"url\":\"https:\/\/www.wojoer.de\/wp-content\/uploads\/2016\/11\/wonnebergermanufaktur_logo_BUTTON.png\",\"contentUrl\":\"https:\/\/www.wojoer.de\/wp-content\/uploads\/2016\/11\/wonnebergermanufaktur_logo_BUTTON.png\",\"width\":765,\"height\":765,\"caption\":\"Wonneberger-Manufaktur\"},\"image\":{\"@id\":\"https:\/\/www.wojoer.de\/#\/schema\/logo\/image\/\"},\"sameAs\":[\"https:\/\/www.facebook.com\/wojoer\/\",\"https:\/\/de.pinterest.com\/W0J0ER\/\"]}]}<\/script>\n<!-- \/ Yoast SEO plugin. -->","yoast_head_json":{"title":"Glamour\u00f6ser Pallietten Handschuh | silbrig gl\u00e4nzend | WOJOER","description":"Glamour\u00f6s verruchter Pallietten Handschuh aus silbrig folierten Netzstoff und umrahmt von gl\u00e4nzenden Lackstoff! Wahnsinnig berauschend steht deiner Partynacht absolut nichts mehr im Wege. Let's get the Party started...","robots":{"index":"index","follow":"follow","max-snippet":"max-snippet:-1","max-image-preview":"max-image-preview:large","max-video-preview":"max-video-preview:-1"},"canonical":"https:\/\/www.wojoer.de\/en\/produkt\/space-pallietten-handschuh-386f1\/","twitter_card":"summary_large_image","twitter_title":"Glamour\u00f6ser Pallietten Handschuh | silbrig gl\u00e4nzend | WOJOER","twitter_description":"Glamour\u00f6s verruchter Pallietten Handschuh aus silbrig folierten Netzstoff und umrahmt von gl\u00e4nzenden Lackstoff! Wahnsinnig berauschend steht deiner Partynacht absolut nichts mehr im Wege. Let's get the Party started...","twitter_image":"https:\/\/www.wojoer.de\/wp-content\/uploads\/2020\/11\/386F1_Space_Fingerhandschuh_wojoer.jpg","twitter_misc":{"Estimated reading time":"1 minute"},"schema":{"@context":"https:\/\/schema.org","@graph":[{"@type":"WebPage","@id":"https:\/\/www.wojoer.de\/en\/produkt\/space-pallietten-handschuh-386f1\/","url":"https:\/\/www.wojoer.de\/en\/produkt\/space-pallietten-handschuh-386f1\/","name":"Glamour\u00f6ser Pallietten Handschuh | silbrig gl\u00e4nzend | WOJOER","isPartOf":{"@id":"https:\/\/www.wojoer.de\/#website"},"primaryImageOfPage":{"@id":"https:\/\/www.wojoer.de\/en\/produkt\/space-pallietten-handschuh-386f1\/#primaryimage"},"image":{"@id":"https:\/\/www.wojoer.de\/en\/produkt\/space-pallietten-handschuh-386f1\/#primaryimage"},"thumbnailUrl":"https:\/\/www.wojoer.de\/wp-content\/uploads\/2020\/11\/386F1_Space_Fingerhandschuh_wojoer.jpg","datePublished":"2021-05-02T07:53:14+00:00","dateModified":"2026-04-10T09:13:27+00:00","description":"Glamour\u00f6s verruchter Pallietten Handschuh aus silbrig folierten Netzstoff und umrahmt von gl\u00e4nzenden Lackstoff! Wahnsinnig berauschend steht deiner Partynacht absolut nichts mehr im Wege. Let's get the Party started...","breadcrumb":{"@id":"https:\/\/www.wojoer.de\/en\/produkt\/space-pallietten-handschuh-386f1\/#breadcrumb"},"inLanguage":"en-GB","potentialAction":[{"@type":"ReadAction","target":["https:\/\/www.wojoer.de\/en\/produkt\/space-pallietten-handschuh-386f1\/"]}]},{"@type":"ImageObject","inLanguage":"en-GB","@id":"https:\/\/www.wojoer.de\/en\/produkt\/space-pallietten-handschuh-386f1\/#primaryimage","url":"https:\/\/www.wojoer.de\/wp-content\/uploads\/2020\/11\/386F1_Space_Fingerhandschuh_wojoer.jpg","contentUrl":"https:\/\/www.wojoer.de\/wp-content\/uploads\/2020\/11\/386F1_Space_Fingerhandschuh_wojoer.jpg","width":2002,"height":2002},{"@type":"BreadcrumbList","@id":"https:\/\/www.wojoer.de\/en\/produkt\/space-pallietten-handschuh-386f1\/#breadcrumb","itemListElement":[{"@type":"ListItem","position":1,"name":"Startseite","item":"https:\/\/www.wojoer.de\/"},{"@type":"ListItem","position":2,"name":"SHOP","item":"https:\/\/www.wojoer.de\/shop\/"},{"@type":"ListItem","position":3,"name":"Space Fingerhandschuh 386F1"}]},{"@type":"WebSite","@id":"https:\/\/www.wojoer.de\/#website","url":"https:\/\/www.wojoer.de\/","name":"WOJOER","description":"clubwear for men","publisher":{"@id":"https:\/\/www.wojoer.de\/#organization"},"potentialAction":[{"@type":"SearchAction","target":{"@type":"EntryPoint","urlTemplate":"https:\/\/www.wojoer.de\/?s={search_term_string}"},"query-input":{"@type":"PropertyValueSpecification","valueRequired":true,"valueName":"search_term_string"}}],"inLanguage":"en-GB"},{"@type":"Organization","@id":"https:\/\/www.wojoer.de\/#organization","name":"Wonneberger-Manufaktur","url":"https:\/\/www.wojoer.de\/","logo":{"@type":"ImageObject","inLanguage":"en-GB","@id":"https:\/\/www.wojoer.de\/#\/schema\/logo\/image\/","url":"https:\/\/www.wojoer.de\/wp-content\/uploads\/2016\/11\/wonnebergermanufaktur_logo_BUTTON.png","contentUrl":"https:\/\/www.wojoer.de\/wp-content\/uploads\/2016\/11\/wonnebergermanufaktur_logo_BUTTON.png","width":765,"height":765,"caption":"Wonneberger-Manufaktur"},"image":{"@id":"https:\/\/www.wojoer.de\/#\/schema\/logo\/image\/"},"sameAs":["https:\/\/www.facebook.com\/wojoer\/","https:\/\/de.pinterest.com\/W0J0ER\/"]}]}},"_links":{"self":[{"href":"https:\/\/www.wojoer.de\/en\/wp-json\/wp\/v2\/product\/12408","targetHints":{"allow":["GET"]}}],"collection":[{"href":"https:\/\/www.wojoer.de\/en\/wp-json\/wp\/v2\/product"}],"about":[{"href":"https:\/\/www.wojoer.de\/en\/wp-json\/wp\/v2\/types\/product"}],"replies":[{"embeddable":true,"href":"https:\/\/www.wojoer.de\/en\/wp-json\/wp\/v2\/comments?post=12408"}],"wp:featuredmedia":[{"embeddable":true,"href":"https:\/\/www.wojoer.de\/en\/wp-json\/wp\/v2\/media\/31745"}],"wp:attachment":[{"href":"https:\/\/www.wojoer.de\/en\/wp-json\/wp\/v2\/media?parent=12408"}],"wp:term":[{"taxonomy":"product_brand","embeddable":true,"href":"https:\/\/www.wojoer.de\/en\/wp-json\/wp\/v2\/product_brand?post=12408"},{"taxonomy":"product_cat","embeddable":true,"href":"https:\/\/www.wojoer.de\/en\/wp-json\/wp\/v2\/product_cat?post=12408"},{"taxonomy":"product_tag","embeddable":true,"href":"https:\/\/www.wojoer.de\/en\/wp-json\/wp\/v2\/product_tag?post=12408"}],"curies":[{"name":"wp","href":"https:\/\/api.w.org\/{rel}","templated":true}]}}