{"id":12685,"date":"2019-01-31T16:40:51","date_gmt":"2019-01-31T15:40:51","guid":{"rendered":"https:\/\/www.wojoer.de\/produkt\/beun-stripe-g-string-cremaweiss-322b6bw\/"},"modified":"2026-02-23T11:16:09","modified_gmt":"2026-02-23T10:16:09","slug":"beun-stripe-g-string-0322s006","status":"publish","type":"product","link":"https:\/\/www.wojoer.de\/en\/produkt\/beun-stripe-g-string-0322s006\/","title":{"rendered":"BEUN Stripe G-String white 322B6BW"},"content":{"rendered":"<p>Always on stock, because the BEUN Stripe G-String 322B6B is <a href=\"https:\/\/www.wojoer.de\/?s=nos&#038;post_type=product\">never-out-of-stock<\/a> and belongs to the wojoer<a href=\"https:\/\/www.wojoer.de\/?s=nos&#038;post_type=product\"> NOS<\/a>.<\/p>\n<h3>Sizes<\/h3>\n<p>Available in sizes\u00a0 S, M, L, XL<\/p>\n<h3>Material composition<\/h3>\n<p>BEUN: 82% polyamide, 18% elasthane<\/p>\n<h3>Pecularities<\/h3>\n<p><a href=\"http:\/\/www.wojoer.de\/?s=nos&#038;post_type=product\">NOS Produkt<\/a> | swimwear |silk-matt surface optics | light transparent | airy | fast drying |flexible | click closure| skinthigt fit | high quality\u00a0 Made in Germany<\/p>\n<h3>Wash instructions<\/h3>\n<p>30\u00b0 , gentle cycle |ironing on a low level<\/p>\n<h3>BEUN Stripe G-String &#8211; BEACH &#038; UNDERWEAR<\/h3>\n<p>Caution! Hot! This Beach &#038; Underwaer Stripe G-String in vulcano-red awakens playful fantasie. Sligthly transparent, dull, extremely thin, fast dryng and hardly noticeable. Slim and high cut this invites to inspire little forbidden games. No other cheeky Stripe G-String is so fine and light, yet resistent to salt and chlorin. Complete your outfit with the matching beun basic t-shirt . And because it&#8217;s so sexy and comfortable at the same time, there&#8217;s a matcing <a href=\"https:\/\/www.wojoer.de\/?s=partnerlook&#038;post_type=product\">partner look<\/a> string for your partner.<\/p>\n<p>Click here for the <a href=\"https:\/\/www.wojoer.de\/groessentabelle\/\">sizes chart<\/a>.<\/p>\n","protected":false},"excerpt":{"rendered":"<p>Immer vorr\u00e4tig, denn der BEUN Stripe Bade G-String 0322S006 ist Never-Out-of-Stock und geh\u00f6rt damit zu den Wojoer NOS-Produkten.<\/p>\n<p>Erh\u00e4ltlich in den Farben  Crema |  Candypink |  Vulcano |  Royalblau |  Eisblau |<\/p>\n<p> Neoncoral |  Neongelb\u2026<\/p>\n","protected":false},"featured_media":35316,"comment_status":"open","ping_status":"closed","template":"","meta":[],"product_brand":[],"product_cat":[714,115,106,169,473,121,326],"product_tag":[108,119,387,192],"class_list":{"0":"post-12685","1":"product","2":"type-product","3":"status-publish","4":"has-post-thumbnail","6":"product_cat-322-beun-stripe","7":"product_cat-beachwear","8":"product_cat-beun","9":"product_cat-nos-never-out-of-stock","10":"product_cat-men","11":"product_cat-underwear","12":"product_cat-wojoer","13":"product_tag-1beachwear","14":"product_tag-string","15":"product_tag-transparent","16":"product_tag-unterwaesche","17":"product_shipping_class-beun","18":"pa_farbe-eisblau","19":"pa_farbe-royalblau","20":"pa_farbe-candypink","21":"pa_farbe-crema","22":"pa_farbe-neoncoral","23":"pa_farbe-neongelb","24":"pa_farbe-nude","25":"pa_farbe-vulcano","26":"pa_farbe-schwarz","27":"pa_groesse-l","28":"pa_groesse-m","29":"pa_groesse-s","30":"pa_groesse-xl","31":"pif-has-gallery","32":"post-1","33":"odd","35":"first","36":"instock","37":"featured","38":"taxable","39":"shipping-taxable","40":"purchasable","41":"product-type-variable","42":"has-default-attributes"},"yoast_head":"<!-- This site is optimized with the Yoast SEO plugin v27.2 - https:\/\/yoast.com\/product\/yoast-seo-wordpress\/ -->\n<title>Bade G-String | Badeslip | Beach &amp; Underwear hauch d\u00fcnn bequem<\/title>\n<meta name=\"description\" content=\"Der hauchd\u00fcnne, leicht transparente BEUN Stripe Bade G-String liegt seidig weich auf der Haut &amp; ist in 9 phantastischen Farben erh\u00e4ltlich. Jetzt versandkostenfrei innerhalb Deutschlands bestellen. H\u00f6chste Qualit\u00e4t und Tragekomfort made in Germany.\" \/>\n<meta name=\"robots\" content=\"index, follow, max-snippet:-1, max-image-preview:large, max-video-preview:-1\" \/>\n<link rel=\"canonical\" href=\"https:\/\/www.wojoer.de\/en\/produkt\/beun-stripe-g-string-0322s006\/\" \/>\n<meta name=\"twitter:card\" content=\"summary_large_image\" \/>\n<meta name=\"twitter:title\" content=\"Bade G-String | Badeslip | Beach &amp; Underwear hauch d\u00fcnn bequem\" \/>\n<meta name=\"twitter:description\" content=\"Der hauchd\u00fcnne, leicht transparente BEUN Stripe Bade G-String liegt seidig weich auf der Haut &amp; ist in 9 phantastischen Farben erh\u00e4ltlich. Jetzt versandkostenfrei innerhalb Deutschlands bestellen. H\u00f6chste Qualit\u00e4t und Tragekomfort made in Germany.\" \/>\n<meta name=\"twitter:image\" content=\"https:\/\/www.wojoer.de\/wp-content\/uploads\/2019\/01\/322B6B_Beun_GString_crema_seide__wojoer.jpg\" \/>\n<meta name=\"twitter:label1\" content=\"Estimated reading time\" \/>\n\t<meta name=\"twitter:data1\" content=\"3 minutes\" \/>\n<script type=\"application\/ld+json\" class=\"yoast-schema-graph\">{\"@context\":\"https:\/\/schema.org\",\"@graph\":[{\"@type\":\"WebPage\",\"@id\":\"https:\/\/www.wojoer.de\/produkt\/beun-stripe-g-string-0322s006\/\",\"url\":\"https:\/\/www.wojoer.de\/produkt\/beun-stripe-g-string-0322s006\/\",\"name\":\"Bade G-String | Badeslip | Beach & Underwear hauch d\u00fcnn bequem\",\"isPartOf\":{\"@id\":\"https:\/\/www.wojoer.de\/#website\"},\"primaryImageOfPage\":{\"@id\":\"https:\/\/www.wojoer.de\/produkt\/beun-stripe-g-string-0322s006\/#primaryimage\"},\"image\":{\"@id\":\"https:\/\/www.wojoer.de\/produkt\/beun-stripe-g-string-0322s006\/#primaryimage\"},\"thumbnailUrl\":\"https:\/\/www.wojoer.de\/wp-content\/uploads\/2019\/01\/322B6B_Beun_GString_crema_seide__wojoer.jpg\",\"datePublished\":\"2019-01-31T15:40:51+00:00\",\"dateModified\":\"2026-02-23T10:16:09+00:00\",\"description\":\"Der hauchd\u00fcnne, leicht transparente BEUN Stripe Bade G-String liegt seidig weich auf der Haut & ist in 9 phantastischen Farben erh\u00e4ltlich. Jetzt versandkostenfrei innerhalb Deutschlands bestellen. H\u00f6chste Qualit\u00e4t und Tragekomfort made in Germany.\",\"breadcrumb\":{\"@id\":\"https:\/\/www.wojoer.de\/produkt\/beun-stripe-g-string-0322s006\/#breadcrumb\"},\"inLanguage\":\"en-GB\",\"potentialAction\":[{\"@type\":\"ReadAction\",\"target\":[\"https:\/\/www.wojoer.de\/produkt\/beun-stripe-g-string-0322s006\/\"]}]},{\"@type\":\"ImageObject\",\"inLanguage\":\"en-GB\",\"@id\":\"https:\/\/www.wojoer.de\/produkt\/beun-stripe-g-string-0322s006\/#primaryimage\",\"url\":\"https:\/\/www.wojoer.de\/wp-content\/uploads\/2019\/01\/322B6B_Beun_GString_crema_seide__wojoer.jpg\",\"contentUrl\":\"https:\/\/www.wojoer.de\/wp-content\/uploads\/2019\/01\/322B6B_Beun_GString_crema_seide__wojoer.jpg\",\"width\":2002,\"height\":2002},{\"@type\":\"BreadcrumbList\",\"@id\":\"https:\/\/www.wojoer.de\/produkt\/beun-stripe-g-string-0322s006\/#breadcrumb\",\"itemListElement\":[{\"@type\":\"ListItem\",\"position\":1,\"name\":\"Startseite\",\"item\":\"https:\/\/www.wojoer.de\/\"},{\"@type\":\"ListItem\",\"position\":2,\"name\":\"SHOP\",\"item\":\"https:\/\/www.wojoer.de\/shop\/\"},{\"@type\":\"ListItem\",\"position\":3,\"name\":\"BEUN Stripe G-String\"}]},{\"@type\":\"WebSite\",\"@id\":\"https:\/\/www.wojoer.de\/#website\",\"url\":\"https:\/\/www.wojoer.de\/\",\"name\":\"WOJOER\",\"description\":\"clubwear for men\",\"publisher\":{\"@id\":\"https:\/\/www.wojoer.de\/#organization\"},\"potentialAction\":[{\"@type\":\"SearchAction\",\"target\":{\"@type\":\"EntryPoint\",\"urlTemplate\":\"https:\/\/www.wojoer.de\/?s={search_term_string}\"},\"query-input\":{\"@type\":\"PropertyValueSpecification\",\"valueRequired\":true,\"valueName\":\"search_term_string\"}}],\"inLanguage\":\"en-GB\"},{\"@type\":\"Organization\",\"@id\":\"https:\/\/www.wojoer.de\/#organization\",\"name\":\"Wonneberger-Manufaktur\",\"url\":\"https:\/\/www.wojoer.de\/\",\"logo\":{\"@type\":\"ImageObject\",\"inLanguage\":\"en-GB\",\"@id\":\"https:\/\/www.wojoer.de\/#\/schema\/logo\/image\/\",\"url\":\"https:\/\/www.wojoer.de\/wp-content\/uploads\/2016\/11\/wonnebergermanufaktur_logo_BUTTON.png\",\"contentUrl\":\"https:\/\/www.wojoer.de\/wp-content\/uploads\/2016\/11\/wonnebergermanufaktur_logo_BUTTON.png\",\"width\":765,\"height\":765,\"caption\":\"Wonneberger-Manufaktur\"},\"image\":{\"@id\":\"https:\/\/www.wojoer.de\/#\/schema\/logo\/image\/\"},\"sameAs\":[\"https:\/\/www.facebook.com\/wojoer\/\",\"https:\/\/de.pinterest.com\/W0J0ER\/\"]}]}<\/script>\n<!-- \/ Yoast SEO plugin. -->","yoast_head_json":{"title":"Bade G-String | Badeslip | Beach & Underwear hauch d\u00fcnn bequem","description":"Der hauchd\u00fcnne, leicht transparente BEUN Stripe Bade G-String liegt seidig weich auf der Haut & ist in 9 phantastischen Farben erh\u00e4ltlich. Jetzt versandkostenfrei innerhalb Deutschlands bestellen. H\u00f6chste Qualit\u00e4t und Tragekomfort made in Germany.","robots":{"index":"index","follow":"follow","max-snippet":"max-snippet:-1","max-image-preview":"max-image-preview:large","max-video-preview":"max-video-preview:-1"},"canonical":"https:\/\/www.wojoer.de\/en\/produkt\/beun-stripe-g-string-0322s006\/","twitter_card":"summary_large_image","twitter_title":"Bade G-String | Badeslip | Beach & Underwear hauch d\u00fcnn bequem","twitter_description":"Der hauchd\u00fcnne, leicht transparente BEUN Stripe Bade G-String liegt seidig weich auf der Haut & ist in 9 phantastischen Farben erh\u00e4ltlich. Jetzt versandkostenfrei innerhalb Deutschlands bestellen. H\u00f6chste Qualit\u00e4t und Tragekomfort made in Germany.","twitter_image":"https:\/\/www.wojoer.de\/wp-content\/uploads\/2019\/01\/322B6B_Beun_GString_crema_seide__wojoer.jpg","twitter_misc":{"Estimated reading time":"3 minutes"},"schema":{"@context":"https:\/\/schema.org","@graph":[{"@type":"WebPage","@id":"https:\/\/www.wojoer.de\/produkt\/beun-stripe-g-string-0322s006\/","url":"https:\/\/www.wojoer.de\/produkt\/beun-stripe-g-string-0322s006\/","name":"Bade G-String | Badeslip | Beach & Underwear hauch d\u00fcnn bequem","isPartOf":{"@id":"https:\/\/www.wojoer.de\/#website"},"primaryImageOfPage":{"@id":"https:\/\/www.wojoer.de\/produkt\/beun-stripe-g-string-0322s006\/#primaryimage"},"image":{"@id":"https:\/\/www.wojoer.de\/produkt\/beun-stripe-g-string-0322s006\/#primaryimage"},"thumbnailUrl":"https:\/\/www.wojoer.de\/wp-content\/uploads\/2019\/01\/322B6B_Beun_GString_crema_seide__wojoer.jpg","datePublished":"2019-01-31T15:40:51+00:00","dateModified":"2026-02-23T10:16:09+00:00","description":"Der hauchd\u00fcnne, leicht transparente BEUN Stripe Bade G-String liegt seidig weich auf der Haut & ist in 9 phantastischen Farben erh\u00e4ltlich. Jetzt versandkostenfrei innerhalb Deutschlands bestellen. H\u00f6chste Qualit\u00e4t und Tragekomfort made in Germany.","breadcrumb":{"@id":"https:\/\/www.wojoer.de\/produkt\/beun-stripe-g-string-0322s006\/#breadcrumb"},"inLanguage":"en-GB","potentialAction":[{"@type":"ReadAction","target":["https:\/\/www.wojoer.de\/produkt\/beun-stripe-g-string-0322s006\/"]}]},{"@type":"ImageObject","inLanguage":"en-GB","@id":"https:\/\/www.wojoer.de\/produkt\/beun-stripe-g-string-0322s006\/#primaryimage","url":"https:\/\/www.wojoer.de\/wp-content\/uploads\/2019\/01\/322B6B_Beun_GString_crema_seide__wojoer.jpg","contentUrl":"https:\/\/www.wojoer.de\/wp-content\/uploads\/2019\/01\/322B6B_Beun_GString_crema_seide__wojoer.jpg","width":2002,"height":2002},{"@type":"BreadcrumbList","@id":"https:\/\/www.wojoer.de\/produkt\/beun-stripe-g-string-0322s006\/#breadcrumb","itemListElement":[{"@type":"ListItem","position":1,"name":"Startseite","item":"https:\/\/www.wojoer.de\/"},{"@type":"ListItem","position":2,"name":"SHOP","item":"https:\/\/www.wojoer.de\/shop\/"},{"@type":"ListItem","position":3,"name":"BEUN Stripe G-String"}]},{"@type":"WebSite","@id":"https:\/\/www.wojoer.de\/#website","url":"https:\/\/www.wojoer.de\/","name":"WOJOER","description":"clubwear for men","publisher":{"@id":"https:\/\/www.wojoer.de\/#organization"},"potentialAction":[{"@type":"SearchAction","target":{"@type":"EntryPoint","urlTemplate":"https:\/\/www.wojoer.de\/?s={search_term_string}"},"query-input":{"@type":"PropertyValueSpecification","valueRequired":true,"valueName":"search_term_string"}}],"inLanguage":"en-GB"},{"@type":"Organization","@id":"https:\/\/www.wojoer.de\/#organization","name":"Wonneberger-Manufaktur","url":"https:\/\/www.wojoer.de\/","logo":{"@type":"ImageObject","inLanguage":"en-GB","@id":"https:\/\/www.wojoer.de\/#\/schema\/logo\/image\/","url":"https:\/\/www.wojoer.de\/wp-content\/uploads\/2016\/11\/wonnebergermanufaktur_logo_BUTTON.png","contentUrl":"https:\/\/www.wojoer.de\/wp-content\/uploads\/2016\/11\/wonnebergermanufaktur_logo_BUTTON.png","width":765,"height":765,"caption":"Wonneberger-Manufaktur"},"image":{"@id":"https:\/\/www.wojoer.de\/#\/schema\/logo\/image\/"},"sameAs":["https:\/\/www.facebook.com\/wojoer\/","https:\/\/de.pinterest.com\/W0J0ER\/"]}]}},"_links":{"self":[{"href":"https:\/\/www.wojoer.de\/en\/wp-json\/wp\/v2\/product\/12685","targetHints":{"allow":["GET"]}}],"collection":[{"href":"https:\/\/www.wojoer.de\/en\/wp-json\/wp\/v2\/product"}],"about":[{"href":"https:\/\/www.wojoer.de\/en\/wp-json\/wp\/v2\/types\/product"}],"replies":[{"embeddable":true,"href":"https:\/\/www.wojoer.de\/en\/wp-json\/wp\/v2\/comments?post=12685"}],"wp:featuredmedia":[{"embeddable":true,"href":"https:\/\/www.wojoer.de\/en\/wp-json\/wp\/v2\/media\/35316"}],"wp:attachment":[{"href":"https:\/\/www.wojoer.de\/en\/wp-json\/wp\/v2\/media?parent=12685"}],"wp:term":[{"taxonomy":"product_brand","embeddable":true,"href":"https:\/\/www.wojoer.de\/en\/wp-json\/wp\/v2\/product_brand?post=12685"},{"taxonomy":"product_cat","embeddable":true,"href":"https:\/\/www.wojoer.de\/en\/wp-json\/wp\/v2\/product_cat?post=12685"},{"taxonomy":"product_tag","embeddable":true,"href":"https:\/\/www.wojoer.de\/en\/wp-json\/wp\/v2\/product_tag?post=12685"}],"curies":[{"name":"wp","href":"https:\/\/api.w.org\/{rel}","templated":true}]}}