{"id":12836,"date":"2021-02-18T09:30:08","date_gmt":"2021-02-18T08:30:08","guid":{"rendered":"https:\/\/www.wojoer.de\/produkt\/bubbles-mini-hipster-butt352-1\/"},"modified":"2025-09-11T11:48:09","modified_gmt":"2025-09-11T09:48:09","slug":"bubbles-mini-hipster-butt352-1","status":"publish","type":"product","link":"https:\/\/www.wojoer.de\/en\/produkt\/bubbles-mini-hipster-butt352-1\/","title":{"rendered":"Bubbles Mini Hipster BUTT352.1"},"content":{"rendered":"<p>Bunt und verspielt zeigt sich dieser Bubbles Mini Hipster\u00a0BUTT352.1 und geh\u00f6rt in die Kategorie &#8220;ONLY FOR ME&#8221;-Produkte. Also schnell zugreifen, dieser Cheeky Slip ist nur einer kleinen Auflage und nur hier in unserem Onlineshop vorhanden.<\/p>\n<h3>Gr\u00f6\u00dfen<\/h3>\n<p>Erh\u00e4ltlich in den Gr\u00f6\u00dfen S, M, L, XL<\/p>\n<h3>Materialzusammensetzung<\/h3>\n<p>80% Polyamid | 20% Elasthan<\/p>\n<h3>Besonderheiten<\/h3>\n<p><a href=\"https:\/\/www.wojoer.de\/produkt-kategorie\/onlyforme\/\">ONLY FOR ME Produkt<\/a> | bunter Badestoff | beachwear | underwear | bunte Blasen | hochwertige Verarbeitung &#8220;Made in Germany&#8221;<\/p>\n<h3>Benutzerhinweise<\/h3>\n<p>Chlor- und Salzwasserresitent<\/p>\n<h3>BUBBLES MINI HIPSTER &#8211; verspielter Hipster<\/h3>\n<p>It&#8217;s Playtime! Morgens schl\u00fcpfst du, gut gelaunt durch das bunte und verspielte Muster, in deinen Mini Hipster! Schon voller Vorfreude auf den Tag am Strand oder im Freizeitbad&#8230; Alles ist fest umschlossen und deine M\u00e4nnlichkeit wird dennoch auf besondere Art und Weise betont. Ebenso dein knackiger Hintern, welcher durch das bunte Muster ein absoluter Hingucker ist! Perfekt also f\u00fcr ein kleines Volleyballturnier im Sand und den prickelnd, nassen Sprung ins k\u00fchle Nass danach&#8230;..nicht nur die Blubberbl\u00e4schen auf deinem H\u00f6schen verf\u00fchren danach zum anfassen. Nein! Auch die glitzernden Wasserperlen auf deinem Oberk\u00f6rper laden dazu in besonderem Ma\u00dfe ein. Wer kann da schon widerstehen??<\/p>\n","protected":false},"excerpt":{"rendered":"<p>Bunt und verspielt zeigt sich dieser Bubbles Mini Hipster\u00a0BUTT352.1 und geh\u00f6rt in die Kategorie &#8220;ONLY FOR ME&#8221;-Produkte. Also schnell zugreifen, dieser Cheeky Slip ist nur einer kleinen Auflage und nur hier in unserem Onlineshop vorhanden.<br \/>\nGr\u00f6\u00dfen<br \/>\nErh\u00e4ltlich in den Gr\u00f6\u00dfen S, M,\u2026<\/p>\n","protected":false},"featured_media":12848,"comment_status":"open","ping_status":"closed","template":"","meta":[],"product_brand":[],"product_cat":[115,473,270,326],"product_tag":[272,102,209],"class_list":{"0":"post-12836","1":"product","2":"type-product","3":"status-publish","4":"has-post-thumbnail","6":"product_cat-beachwear","7":"product_cat-men","8":"product_cat-onlyforme","9":"product_cat-wojoer","10":"product_tag-druck","11":"product_tag-hipster","12":"product_tag-mini-hipster","13":"product_shipping_class-beun","14":"pa_groesse-l","15":"pa_groesse-m","16":"pa_groesse-s","17":"pa_groesse-xl","18":"pif-has-gallery","19":"post-1","20":"odd","22":"first","23":"instock","24":"taxable","25":"shipping-taxable","26":"purchasable","27":"product-type-variable"},"yoast_head":"<!-- This site is optimized with the Yoast SEO plugin v27.2 - https:\/\/yoast.com\/product\/yoast-seo-wordpress\/ -->\n<title>Bubbles Mini Hipster | Unterw\u00e4sche | Bademode | WOJOER<\/title>\n<meta name=\"description\" content=\"Bubbles Mini Hipster - bunter, verpielter Mini Hipster mit vielen vielen Blubberblasen! Unterw\u00e4sche und Bademode in einem - perfekt f\u00fcr den spontanen Sprung ins k\u00fchle Nass.\" \/>\n<meta name=\"robots\" content=\"index, follow, max-snippet:-1, max-image-preview:large, max-video-preview:-1\" \/>\n<link rel=\"canonical\" href=\"https:\/\/www.wojoer.de\/en\/produkt\/bubbles-mini-hipster-butt352-1\/\" \/>\n<meta name=\"twitter:card\" content=\"summary_large_image\" \/>\n<meta name=\"twitter:title\" content=\"Bubbles Mini Hipster | Unterw\u00e4sche | Bademode | WOJOER\" \/>\n<meta name=\"twitter:description\" content=\"Bubbles Mini Hipster - bunter, verpielter Mini Hipster mit vielen vielen Blubberblasen! Unterw\u00e4sche und Bademode in einem - perfekt f\u00fcr den spontanen Sprung ins k\u00fchle Nass.\" \/>\n<meta name=\"twitter:image\" content=\"https:\/\/www.wojoer.de\/wp-content\/uploads\/2019\/02\/BUT352.1_Bubbles_MiniHipster_back_wojoer.jpg\" \/>\n<meta name=\"twitter:label1\" content=\"Estimated reading time\" \/>\n\t<meta name=\"twitter:data1\" content=\"2 minutes\" \/>\n<script type=\"application\/ld+json\" class=\"yoast-schema-graph\">{\"@context\":\"https:\/\/schema.org\",\"@graph\":[{\"@type\":\"WebPage\",\"@id\":\"https:\/\/www.wojoer.de\/produkt\/bubbles-mini-hipster-butt352-1\/\",\"url\":\"https:\/\/www.wojoer.de\/produkt\/bubbles-mini-hipster-butt352-1\/\",\"name\":\"Bubbles Mini Hipster | Unterw\u00e4sche | Bademode | WOJOER\",\"isPartOf\":{\"@id\":\"https:\/\/www.wojoer.de\/#website\"},\"primaryImageOfPage\":{\"@id\":\"https:\/\/www.wojoer.de\/produkt\/bubbles-mini-hipster-butt352-1\/#primaryimage\"},\"image\":{\"@id\":\"https:\/\/www.wojoer.de\/produkt\/bubbles-mini-hipster-butt352-1\/#primaryimage\"},\"thumbnailUrl\":\"https:\/\/www.wojoer.de\/wp-content\/uploads\/2019\/02\/BUT352.1_Bubbles_MiniHipster_back_wojoer.jpg\",\"datePublished\":\"2021-02-18T08:30:08+00:00\",\"dateModified\":\"2025-09-11T09:48:09+00:00\",\"description\":\"Bubbles Mini Hipster - bunter, verpielter Mini Hipster mit vielen vielen Blubberblasen! Unterw\u00e4sche und Bademode in einem - perfekt f\u00fcr den spontanen Sprung ins k\u00fchle Nass.\",\"breadcrumb\":{\"@id\":\"https:\/\/www.wojoer.de\/produkt\/bubbles-mini-hipster-butt352-1\/#breadcrumb\"},\"inLanguage\":\"en-GB\",\"potentialAction\":[{\"@type\":\"ReadAction\",\"target\":[\"https:\/\/www.wojoer.de\/produkt\/bubbles-mini-hipster-butt352-1\/\"]}]},{\"@type\":\"ImageObject\",\"inLanguage\":\"en-GB\",\"@id\":\"https:\/\/www.wojoer.de\/produkt\/bubbles-mini-hipster-butt352-1\/#primaryimage\",\"url\":\"https:\/\/www.wojoer.de\/wp-content\/uploads\/2019\/02\/BUT352.1_Bubbles_MiniHipster_back_wojoer.jpg\",\"contentUrl\":\"https:\/\/www.wojoer.de\/wp-content\/uploads\/2019\/02\/BUT352.1_Bubbles_MiniHipster_back_wojoer.jpg\",\"width\":2002,\"height\":2002,\"caption\":\"Bubbles, MiniHipster, Herren, bunt, beachwear, underwear\"},{\"@type\":\"BreadcrumbList\",\"@id\":\"https:\/\/www.wojoer.de\/produkt\/bubbles-mini-hipster-butt352-1\/#breadcrumb\",\"itemListElement\":[{\"@type\":\"ListItem\",\"position\":1,\"name\":\"Startseite\",\"item\":\"https:\/\/www.wojoer.de\/\"},{\"@type\":\"ListItem\",\"position\":2,\"name\":\"SHOP\",\"item\":\"https:\/\/www.wojoer.de\/shop\/\"},{\"@type\":\"ListItem\",\"position\":3,\"name\":\"Bubbles Mini Hipster BUTT352.1\"}]},{\"@type\":\"WebSite\",\"@id\":\"https:\/\/www.wojoer.de\/#website\",\"url\":\"https:\/\/www.wojoer.de\/\",\"name\":\"WOJOER\",\"description\":\"clubwear for men\",\"publisher\":{\"@id\":\"https:\/\/www.wojoer.de\/#organization\"},\"potentialAction\":[{\"@type\":\"SearchAction\",\"target\":{\"@type\":\"EntryPoint\",\"urlTemplate\":\"https:\/\/www.wojoer.de\/?s={search_term_string}\"},\"query-input\":{\"@type\":\"PropertyValueSpecification\",\"valueRequired\":true,\"valueName\":\"search_term_string\"}}],\"inLanguage\":\"en-GB\"},{\"@type\":\"Organization\",\"@id\":\"https:\/\/www.wojoer.de\/#organization\",\"name\":\"Wonneberger-Manufaktur\",\"url\":\"https:\/\/www.wojoer.de\/\",\"logo\":{\"@type\":\"ImageObject\",\"inLanguage\":\"en-GB\",\"@id\":\"https:\/\/www.wojoer.de\/#\/schema\/logo\/image\/\",\"url\":\"https:\/\/www.wojoer.de\/wp-content\/uploads\/2016\/11\/wonnebergermanufaktur_logo_BUTTON.png\",\"contentUrl\":\"https:\/\/www.wojoer.de\/wp-content\/uploads\/2016\/11\/wonnebergermanufaktur_logo_BUTTON.png\",\"width\":765,\"height\":765,\"caption\":\"Wonneberger-Manufaktur\"},\"image\":{\"@id\":\"https:\/\/www.wojoer.de\/#\/schema\/logo\/image\/\"},\"sameAs\":[\"https:\/\/www.facebook.com\/wojoer\/\",\"https:\/\/de.pinterest.com\/W0J0ER\/\"]}]}<\/script>\n<!-- \/ Yoast SEO plugin. -->","yoast_head_json":{"title":"Bubbles Mini Hipster | Unterw\u00e4sche | Bademode | WOJOER","description":"Bubbles Mini Hipster - bunter, verpielter Mini Hipster mit vielen vielen Blubberblasen! Unterw\u00e4sche und Bademode in einem - perfekt f\u00fcr den spontanen Sprung ins k\u00fchle Nass.","robots":{"index":"index","follow":"follow","max-snippet":"max-snippet:-1","max-image-preview":"max-image-preview:large","max-video-preview":"max-video-preview:-1"},"canonical":"https:\/\/www.wojoer.de\/en\/produkt\/bubbles-mini-hipster-butt352-1\/","twitter_card":"summary_large_image","twitter_title":"Bubbles Mini Hipster | Unterw\u00e4sche | Bademode | WOJOER","twitter_description":"Bubbles Mini Hipster - bunter, verpielter Mini Hipster mit vielen vielen Blubberblasen! Unterw\u00e4sche und Bademode in einem - perfekt f\u00fcr den spontanen Sprung ins k\u00fchle Nass.","twitter_image":"https:\/\/www.wojoer.de\/wp-content\/uploads\/2019\/02\/BUT352.1_Bubbles_MiniHipster_back_wojoer.jpg","twitter_misc":{"Estimated reading time":"2 minutes"},"schema":{"@context":"https:\/\/schema.org","@graph":[{"@type":"WebPage","@id":"https:\/\/www.wojoer.de\/produkt\/bubbles-mini-hipster-butt352-1\/","url":"https:\/\/www.wojoer.de\/produkt\/bubbles-mini-hipster-butt352-1\/","name":"Bubbles Mini Hipster | Unterw\u00e4sche | Bademode | WOJOER","isPartOf":{"@id":"https:\/\/www.wojoer.de\/#website"},"primaryImageOfPage":{"@id":"https:\/\/www.wojoer.de\/produkt\/bubbles-mini-hipster-butt352-1\/#primaryimage"},"image":{"@id":"https:\/\/www.wojoer.de\/produkt\/bubbles-mini-hipster-butt352-1\/#primaryimage"},"thumbnailUrl":"https:\/\/www.wojoer.de\/wp-content\/uploads\/2019\/02\/BUT352.1_Bubbles_MiniHipster_back_wojoer.jpg","datePublished":"2021-02-18T08:30:08+00:00","dateModified":"2025-09-11T09:48:09+00:00","description":"Bubbles Mini Hipster - bunter, verpielter Mini Hipster mit vielen vielen Blubberblasen! Unterw\u00e4sche und Bademode in einem - perfekt f\u00fcr den spontanen Sprung ins k\u00fchle Nass.","breadcrumb":{"@id":"https:\/\/www.wojoer.de\/produkt\/bubbles-mini-hipster-butt352-1\/#breadcrumb"},"inLanguage":"en-GB","potentialAction":[{"@type":"ReadAction","target":["https:\/\/www.wojoer.de\/produkt\/bubbles-mini-hipster-butt352-1\/"]}]},{"@type":"ImageObject","inLanguage":"en-GB","@id":"https:\/\/www.wojoer.de\/produkt\/bubbles-mini-hipster-butt352-1\/#primaryimage","url":"https:\/\/www.wojoer.de\/wp-content\/uploads\/2019\/02\/BUT352.1_Bubbles_MiniHipster_back_wojoer.jpg","contentUrl":"https:\/\/www.wojoer.de\/wp-content\/uploads\/2019\/02\/BUT352.1_Bubbles_MiniHipster_back_wojoer.jpg","width":2002,"height":2002,"caption":"Bubbles, MiniHipster, Herren, bunt, beachwear, underwear"},{"@type":"BreadcrumbList","@id":"https:\/\/www.wojoer.de\/produkt\/bubbles-mini-hipster-butt352-1\/#breadcrumb","itemListElement":[{"@type":"ListItem","position":1,"name":"Startseite","item":"https:\/\/www.wojoer.de\/"},{"@type":"ListItem","position":2,"name":"SHOP","item":"https:\/\/www.wojoer.de\/shop\/"},{"@type":"ListItem","position":3,"name":"Bubbles Mini Hipster BUTT352.1"}]},{"@type":"WebSite","@id":"https:\/\/www.wojoer.de\/#website","url":"https:\/\/www.wojoer.de\/","name":"WOJOER","description":"clubwear for men","publisher":{"@id":"https:\/\/www.wojoer.de\/#organization"},"potentialAction":[{"@type":"SearchAction","target":{"@type":"EntryPoint","urlTemplate":"https:\/\/www.wojoer.de\/?s={search_term_string}"},"query-input":{"@type":"PropertyValueSpecification","valueRequired":true,"valueName":"search_term_string"}}],"inLanguage":"en-GB"},{"@type":"Organization","@id":"https:\/\/www.wojoer.de\/#organization","name":"Wonneberger-Manufaktur","url":"https:\/\/www.wojoer.de\/","logo":{"@type":"ImageObject","inLanguage":"en-GB","@id":"https:\/\/www.wojoer.de\/#\/schema\/logo\/image\/","url":"https:\/\/www.wojoer.de\/wp-content\/uploads\/2016\/11\/wonnebergermanufaktur_logo_BUTTON.png","contentUrl":"https:\/\/www.wojoer.de\/wp-content\/uploads\/2016\/11\/wonnebergermanufaktur_logo_BUTTON.png","width":765,"height":765,"caption":"Wonneberger-Manufaktur"},"image":{"@id":"https:\/\/www.wojoer.de\/#\/schema\/logo\/image\/"},"sameAs":["https:\/\/www.facebook.com\/wojoer\/","https:\/\/de.pinterest.com\/W0J0ER\/"]}]}},"_links":{"self":[{"href":"https:\/\/www.wojoer.de\/en\/wp-json\/wp\/v2\/product\/12836","targetHints":{"allow":["GET"]}}],"collection":[{"href":"https:\/\/www.wojoer.de\/en\/wp-json\/wp\/v2\/product"}],"about":[{"href":"https:\/\/www.wojoer.de\/en\/wp-json\/wp\/v2\/types\/product"}],"replies":[{"embeddable":true,"href":"https:\/\/www.wojoer.de\/en\/wp-json\/wp\/v2\/comments?post=12836"}],"wp:featuredmedia":[{"embeddable":true,"href":"https:\/\/www.wojoer.de\/en\/wp-json\/wp\/v2\/media\/12848"}],"wp:attachment":[{"href":"https:\/\/www.wojoer.de\/en\/wp-json\/wp\/v2\/media?parent=12836"}],"wp:term":[{"taxonomy":"product_brand","embeddable":true,"href":"https:\/\/www.wojoer.de\/en\/wp-json\/wp\/v2\/product_brand?post=12836"},{"taxonomy":"product_cat","embeddable":true,"href":"https:\/\/www.wojoer.de\/en\/wp-json\/wp\/v2\/product_cat?post=12836"},{"taxonomy":"product_tag","embeddable":true,"href":"https:\/\/www.wojoer.de\/en\/wp-json\/wp\/v2\/product_tag?post=12836"}],"curies":[{"name":"wp","href":"https:\/\/api.w.org\/{rel}","templated":true}]}}