{"id":12906,"date":"2019-05-14T08:00:51","date_gmt":"2019-05-14T06:00:51","guid":{"rendered":"https:\/\/www.wojoer.de\/produkt\/funplastic-mini-hipster-373w451-1\/"},"modified":"2024-10-30T16:33:47","modified_gmt":"2024-10-30T15:33:47","slug":"funplastic-mini-hipster-373w451-1","status":"publish","type":"product","link":"https:\/\/www.wojoer.de\/en\/produkt\/funplastic-mini-hipster-373w451-1\/","title":{"rendered":"Funplastic Mini Hipster 373W451.1"},"content":{"rendered":"<p>Hauteng zeigt sich dieser Funplastic Mini Hipster\u00a0373W451.1 und geh\u00f6rt in die Kategorie &#8220;LIVE&#8221;-Produkte. Produktion nur auf Bestellung.<\/p>\n<h3>Gr\u00f6\u00dfen<\/h3>\n<p>Erh\u00e4ltlich in den Gr\u00f6\u00dfen S, M, L, XL<\/p>\n<h3>Materialzusammensetzung<\/h3>\n<p>Gummi: 100% Thermoplastisches Polyurethan TPU | Leather like: 92% Polyester\u00a0 und 8% Elasthan<\/p>\n<h3>Besonderheiten<\/h3>\n<p><a href=\"http:\/\/www.wojoer.de\/?s=live&#038;post_type=product\">LIVE Produkt<\/a> | Leatherlike |\u00a0 durchsichtiger Gummibund | hauteng | schwarz | hochwertige Verarbeitung &#8220;Made in Germany&#8221;<\/p>\n<h3>Benutzerhinweise<\/h3>\n<p>Handw\u00e4sche, nicht knittern und tropfnass aufh\u00e4ngen<\/p>\n<h3>FUNPLASTIC MINI HIPSTER &#8211; hautenger Hipster<\/h3>\n<p>Deine pralle M\u00e4nnlichkeit wird durch die hautenge und leicht pushende Passform \u00fcberaus lustvoll in Szene gesetzt, weiterhin schimmert das Leatherlike matt-gl\u00e4nzend! Sexy und erotisch wird es schon beim anziehen, denn der straffe und enge Gummibund umschlie\u00dft fest deine H\u00fcften! Deine Schenkel, dein knackiger Hintern &#8211; alles wird lustvoll betont und wie sanfte Ber\u00fchrungen umschlie\u00dft dich dieser Mini Hipster, entf\u00fchrt dich in hei\u00df-schmutzige, feuchte Fantasiewelten! Kann ein Tag besser beginnen? Am besten du packst vorsichtshalber noch Halsband, Leine und die Handschellen ein &#8230;<\/p>\n","protected":false},"excerpt":{"rendered":"<p>Hauteng zeigt sich dieser Funplastic Mini Hipster\u00a0373W451.1 und geh\u00f6rt in die Kategorie &#8220;LIVE&#8221;-Produkte. Produktion nur auf Bestellung.<br \/>\nGr\u00f6\u00dfen<br \/>\nErh\u00e4ltlich in den Gr\u00f6\u00dfen S, M, L, XL<br \/>\nMaterialzusammensetzung<br \/>\nGummi: 100% Thermoplastisches Polyurethan TPU | Leather like: 92% Polyester\u00a0 und 8% Elasthan<br \/>\nBesonderheiten<br \/>\nLIVE Produkt | Leatherlike |\u00a0\u2026<\/p>\n","protected":false},"featured_media":14900,"comment_status":"open","ping_status":"closed","template":"","meta":[],"product_brand":[],"product_cat":[831,116,473,195,326],"product_tag":[456,194,209],"class_list":{"0":"post-12906","1":"product","2":"type-product","3":"status-publish","4":"has-post-thumbnail","6":"product_cat-373-synplastik","7":"product_cat-clubwear","8":"product_cat-men","9":"product_cat-produktion-auf-bestellung-liveproduktion","10":"product_cat-wojoer","11":"product_tag-gummi","12":"product_tag-leatherlike","13":"product_tag-mini-hipster","14":"product_shipping_class-beun","15":"pa_groesse-l","16":"pa_groesse-m","17":"pa_groesse-s","18":"pa_groesse-xl","19":"pif-has-gallery","20":"post-1","21":"odd","23":"first","24":"onbackorder","25":"taxable","26":"shipping-taxable","27":"purchasable","28":"product-type-variable"},"yoast_head":"<!-- This site is optimized with the Yoast SEO plugin v27.2 - https:\/\/yoast.com\/product\/yoast-seo-wordpress\/ -->\n<title>Funplastic Mini Hipster | Gummibund | Leatherlike | WOJOER<\/title>\n<meta name=\"description\" content=\"Funplastic Mini Hipster - hautenges und samtig schimmerndes Leatherlike, gepaart mit einem durchsichtigen und straffen Gummibund! Hei\u00df!!!\" \/>\n<meta name=\"robots\" content=\"index, follow, max-snippet:-1, max-image-preview:large, max-video-preview:-1\" \/>\n<link rel=\"canonical\" href=\"https:\/\/www.wojoer.de\/en\/produkt\/funplastic-mini-hipster-373w451-1\/\" \/>\n<meta name=\"twitter:card\" content=\"summary_large_image\" \/>\n<meta name=\"twitter:title\" content=\"Funplastic Mini Hipster | Gummibund | Leatherlike | WOJOER\" \/>\n<meta name=\"twitter:description\" content=\"Funplastic Mini Hipster - hautenges und samtig schimmerndes Leatherlike, gepaart mit einem durchsichtigen und straffen Gummibund! Hei\u00df!!!\" \/>\n<meta name=\"twitter:image\" content=\"https:\/\/www.wojoer.de\/wp-content\/uploads\/2019\/05\/373W451_1_fungum_Mini_Hipster_wojoer.jpg\" \/>\n<meta name=\"twitter:label1\" content=\"Estimated reading time\" \/>\n\t<meta name=\"twitter:data1\" content=\"1 minute\" \/>\n<script type=\"application\/ld+json\" class=\"yoast-schema-graph\">{\"@context\":\"https:\/\/schema.org\",\"@graph\":[{\"@type\":\"WebPage\",\"@id\":\"https:\/\/www.wojoer.de\/en\/produkt\/funplastic-mini-hipster-373w451-1\/\",\"url\":\"https:\/\/www.wojoer.de\/en\/produkt\/funplastic-mini-hipster-373w451-1\/\",\"name\":\"Funplastic Mini Hipster | Gummibund | Leatherlike | WOJOER\",\"isPartOf\":{\"@id\":\"https:\/\/www.wojoer.de\/#website\"},\"primaryImageOfPage\":{\"@id\":\"https:\/\/www.wojoer.de\/en\/produkt\/funplastic-mini-hipster-373w451-1\/#primaryimage\"},\"image\":{\"@id\":\"https:\/\/www.wojoer.de\/en\/produkt\/funplastic-mini-hipster-373w451-1\/#primaryimage\"},\"thumbnailUrl\":\"https:\/\/www.wojoer.de\/wp-content\/uploads\/2019\/05\/373W451_1_fungum_Mini_Hipster_wojoer.jpg\",\"datePublished\":\"2019-05-14T06:00:51+00:00\",\"dateModified\":\"2024-10-30T15:33:47+00:00\",\"description\":\"Funplastic Mini Hipster - hautenges und samtig schimmerndes Leatherlike, gepaart mit einem durchsichtigen und straffen Gummibund! Hei\u00df!!!\",\"breadcrumb\":{\"@id\":\"https:\/\/www.wojoer.de\/en\/produkt\/funplastic-mini-hipster-373w451-1\/#breadcrumb\"},\"inLanguage\":\"en-GB\",\"potentialAction\":[{\"@type\":\"ReadAction\",\"target\":[\"https:\/\/www.wojoer.de\/en\/produkt\/funplastic-mini-hipster-373w451-1\/\"]}]},{\"@type\":\"ImageObject\",\"inLanguage\":\"en-GB\",\"@id\":\"https:\/\/www.wojoer.de\/en\/produkt\/funplastic-mini-hipster-373w451-1\/#primaryimage\",\"url\":\"https:\/\/www.wojoer.de\/wp-content\/uploads\/2019\/05\/373W451_1_fungum_Mini_Hipster_wojoer.jpg\",\"contentUrl\":\"https:\/\/www.wojoer.de\/wp-content\/uploads\/2019\/05\/373W451_1_fungum_Mini_Hipster_wojoer.jpg\",\"width\":2002,\"height\":2002},{\"@type\":\"BreadcrumbList\",\"@id\":\"https:\/\/www.wojoer.de\/en\/produkt\/funplastic-mini-hipster-373w451-1\/#breadcrumb\",\"itemListElement\":[{\"@type\":\"ListItem\",\"position\":1,\"name\":\"Startseite\",\"item\":\"https:\/\/www.wojoer.de\/\"},{\"@type\":\"ListItem\",\"position\":2,\"name\":\"SHOP\",\"item\":\"https:\/\/www.wojoer.de\/shop\/\"},{\"@type\":\"ListItem\",\"position\":3,\"name\":\"Funplastic Mini Hipster 373W451.1\"}]},{\"@type\":\"WebSite\",\"@id\":\"https:\/\/www.wojoer.de\/#website\",\"url\":\"https:\/\/www.wojoer.de\/\",\"name\":\"WOJOER\",\"description\":\"clubwear for men\",\"publisher\":{\"@id\":\"https:\/\/www.wojoer.de\/#organization\"},\"potentialAction\":[{\"@type\":\"SearchAction\",\"target\":{\"@type\":\"EntryPoint\",\"urlTemplate\":\"https:\/\/www.wojoer.de\/?s={search_term_string}\"},\"query-input\":{\"@type\":\"PropertyValueSpecification\",\"valueRequired\":true,\"valueName\":\"search_term_string\"}}],\"inLanguage\":\"en-GB\"},{\"@type\":\"Organization\",\"@id\":\"https:\/\/www.wojoer.de\/#organization\",\"name\":\"Wonneberger-Manufaktur\",\"url\":\"https:\/\/www.wojoer.de\/\",\"logo\":{\"@type\":\"ImageObject\",\"inLanguage\":\"en-GB\",\"@id\":\"https:\/\/www.wojoer.de\/#\/schema\/logo\/image\/\",\"url\":\"https:\/\/www.wojoer.de\/wp-content\/uploads\/2016\/11\/wonnebergermanufaktur_logo_BUTTON.png\",\"contentUrl\":\"https:\/\/www.wojoer.de\/wp-content\/uploads\/2016\/11\/wonnebergermanufaktur_logo_BUTTON.png\",\"width\":765,\"height\":765,\"caption\":\"Wonneberger-Manufaktur\"},\"image\":{\"@id\":\"https:\/\/www.wojoer.de\/#\/schema\/logo\/image\/\"},\"sameAs\":[\"https:\/\/www.facebook.com\/wojoer\/\",\"https:\/\/de.pinterest.com\/W0J0ER\/\"]}]}<\/script>\n<!-- \/ Yoast SEO plugin. -->","yoast_head_json":{"title":"Funplastic Mini Hipster | Gummibund | Leatherlike | WOJOER","description":"Funplastic Mini Hipster - hautenges und samtig schimmerndes Leatherlike, gepaart mit einem durchsichtigen und straffen Gummibund! Hei\u00df!!!","robots":{"index":"index","follow":"follow","max-snippet":"max-snippet:-1","max-image-preview":"max-image-preview:large","max-video-preview":"max-video-preview:-1"},"canonical":"https:\/\/www.wojoer.de\/en\/produkt\/funplastic-mini-hipster-373w451-1\/","twitter_card":"summary_large_image","twitter_title":"Funplastic Mini Hipster | Gummibund | Leatherlike | WOJOER","twitter_description":"Funplastic Mini Hipster - hautenges und samtig schimmerndes Leatherlike, gepaart mit einem durchsichtigen und straffen Gummibund! Hei\u00df!!!","twitter_image":"https:\/\/www.wojoer.de\/wp-content\/uploads\/2019\/05\/373W451_1_fungum_Mini_Hipster_wojoer.jpg","twitter_misc":{"Estimated reading time":"1 minute"},"schema":{"@context":"https:\/\/schema.org","@graph":[{"@type":"WebPage","@id":"https:\/\/www.wojoer.de\/en\/produkt\/funplastic-mini-hipster-373w451-1\/","url":"https:\/\/www.wojoer.de\/en\/produkt\/funplastic-mini-hipster-373w451-1\/","name":"Funplastic Mini Hipster | Gummibund | Leatherlike | WOJOER","isPartOf":{"@id":"https:\/\/www.wojoer.de\/#website"},"primaryImageOfPage":{"@id":"https:\/\/www.wojoer.de\/en\/produkt\/funplastic-mini-hipster-373w451-1\/#primaryimage"},"image":{"@id":"https:\/\/www.wojoer.de\/en\/produkt\/funplastic-mini-hipster-373w451-1\/#primaryimage"},"thumbnailUrl":"https:\/\/www.wojoer.de\/wp-content\/uploads\/2019\/05\/373W451_1_fungum_Mini_Hipster_wojoer.jpg","datePublished":"2019-05-14T06:00:51+00:00","dateModified":"2024-10-30T15:33:47+00:00","description":"Funplastic Mini Hipster - hautenges und samtig schimmerndes Leatherlike, gepaart mit einem durchsichtigen und straffen Gummibund! Hei\u00df!!!","breadcrumb":{"@id":"https:\/\/www.wojoer.de\/en\/produkt\/funplastic-mini-hipster-373w451-1\/#breadcrumb"},"inLanguage":"en-GB","potentialAction":[{"@type":"ReadAction","target":["https:\/\/www.wojoer.de\/en\/produkt\/funplastic-mini-hipster-373w451-1\/"]}]},{"@type":"ImageObject","inLanguage":"en-GB","@id":"https:\/\/www.wojoer.de\/en\/produkt\/funplastic-mini-hipster-373w451-1\/#primaryimage","url":"https:\/\/www.wojoer.de\/wp-content\/uploads\/2019\/05\/373W451_1_fungum_Mini_Hipster_wojoer.jpg","contentUrl":"https:\/\/www.wojoer.de\/wp-content\/uploads\/2019\/05\/373W451_1_fungum_Mini_Hipster_wojoer.jpg","width":2002,"height":2002},{"@type":"BreadcrumbList","@id":"https:\/\/www.wojoer.de\/en\/produkt\/funplastic-mini-hipster-373w451-1\/#breadcrumb","itemListElement":[{"@type":"ListItem","position":1,"name":"Startseite","item":"https:\/\/www.wojoer.de\/"},{"@type":"ListItem","position":2,"name":"SHOP","item":"https:\/\/www.wojoer.de\/shop\/"},{"@type":"ListItem","position":3,"name":"Funplastic Mini Hipster 373W451.1"}]},{"@type":"WebSite","@id":"https:\/\/www.wojoer.de\/#website","url":"https:\/\/www.wojoer.de\/","name":"WOJOER","description":"clubwear for men","publisher":{"@id":"https:\/\/www.wojoer.de\/#organization"},"potentialAction":[{"@type":"SearchAction","target":{"@type":"EntryPoint","urlTemplate":"https:\/\/www.wojoer.de\/?s={search_term_string}"},"query-input":{"@type":"PropertyValueSpecification","valueRequired":true,"valueName":"search_term_string"}}],"inLanguage":"en-GB"},{"@type":"Organization","@id":"https:\/\/www.wojoer.de\/#organization","name":"Wonneberger-Manufaktur","url":"https:\/\/www.wojoer.de\/","logo":{"@type":"ImageObject","inLanguage":"en-GB","@id":"https:\/\/www.wojoer.de\/#\/schema\/logo\/image\/","url":"https:\/\/www.wojoer.de\/wp-content\/uploads\/2016\/11\/wonnebergermanufaktur_logo_BUTTON.png","contentUrl":"https:\/\/www.wojoer.de\/wp-content\/uploads\/2016\/11\/wonnebergermanufaktur_logo_BUTTON.png","width":765,"height":765,"caption":"Wonneberger-Manufaktur"},"image":{"@id":"https:\/\/www.wojoer.de\/#\/schema\/logo\/image\/"},"sameAs":["https:\/\/www.facebook.com\/wojoer\/","https:\/\/de.pinterest.com\/W0J0ER\/"]}]}},"_links":{"self":[{"href":"https:\/\/www.wojoer.de\/en\/wp-json\/wp\/v2\/product\/12906","targetHints":{"allow":["GET"]}}],"collection":[{"href":"https:\/\/www.wojoer.de\/en\/wp-json\/wp\/v2\/product"}],"about":[{"href":"https:\/\/www.wojoer.de\/en\/wp-json\/wp\/v2\/types\/product"}],"replies":[{"embeddable":true,"href":"https:\/\/www.wojoer.de\/en\/wp-json\/wp\/v2\/comments?post=12906"}],"wp:featuredmedia":[{"embeddable":true,"href":"https:\/\/www.wojoer.de\/en\/wp-json\/wp\/v2\/media\/14900"}],"wp:attachment":[{"href":"https:\/\/www.wojoer.de\/en\/wp-json\/wp\/v2\/media?parent=12906"}],"wp:term":[{"taxonomy":"product_brand","embeddable":true,"href":"https:\/\/www.wojoer.de\/en\/wp-json\/wp\/v2\/product_brand?post=12906"},{"taxonomy":"product_cat","embeddable":true,"href":"https:\/\/www.wojoer.de\/en\/wp-json\/wp\/v2\/product_cat?post=12906"},{"taxonomy":"product_tag","embeddable":true,"href":"https:\/\/www.wojoer.de\/en\/wp-json\/wp\/v2\/product_tag?post=12906"}],"curies":[{"name":"wp","href":"https:\/\/api.w.org\/{rel}","templated":true}]}}