{"id":12960,"date":"2019-04-24T07:55:38","date_gmt":"2019-04-24T05:55:38","guid":{"rendered":"https:\/\/www.wojoer.de\/produkt\/cyberskin-longsocks-371ls\/"},"modified":"2022-01-18T09:31:48","modified_gmt":"2022-01-18T08:31:48","slug":"cyberskin-longsocks-unisex-371ls","status":"publish","type":"product","link":"https:\/\/www.wojoer.de\/en\/produkt\/cyberskin-longsocks-unisex-371ls\/","title":{"rendered":"Cyberskin Unisex Longsocks 371LS"},"content":{"rendered":"<p>Spacig und glanzvoll zeigen sich diese Unisex Cyberskin Longsocks 371LS und geh\u00f6ren in die Kategorie &#8220;LIVE&#8221;-Produkte. Produktion nur auf Bestellung. F\u00fcr Damen und Herren gleicherma\u00dfen tragbar.<\/p>\n<h3>Gr\u00f6\u00dfen<\/h3>\n<p>Unisex<\/p>\n<p>S\u00a0\u00a0\u00a0 : 36-42; Oberschenkelumfang: 42-50cm<\/p>\n<p>M\u00a0\u00a0 : 40-46; Oberschenkelumfang: 47-55cm<\/p>\n<p>L\u00a0\u00a0\u00a0 : 44-50; Oberschenkelumfang: 42-60cm<\/p>\n<h3>Materialzusammensetzung<\/h3>\n<p>80% Polyester | 12% Polyurethan | 8% Elasthan<\/p>\n<h3>Besonderheiten<\/h3>\n<p><a href=\"http:\/\/www.wojoer.de\/?s=live&#038;post_type=product\">LIVE Produkt<\/a> | Silikonnoppenhalter innen | selbsthaftend | Unisex | gl\u00e4nzender Lackstoff | Wabenstruktur | schwarz | hochwertige Verarbeitung &#8220;Made in Germany&#8221;<\/p>\n<h3>Benutzerhinweise<\/h3>\n<p>Handw\u00e4sche, nicht knittern und tropfnass aufh\u00e4ngen<\/p>\n<h3>CYBERSKIN LONGSOCKS &#8211; Unisex Lackstr\u00fcmpfe<\/h3>\n<p>Wow, super spacig, sexy und cool!<\/p>\n<p>Die Cyberskin Longsocks sind ein echter Hingucker, wie aus einer anderen Hemisph\u00e4re. Ob auf einer Fetischparty oder f\u00fcr hei\u00dfe Stunden zu zweit- diese gl\u00e4nzenden Lackstr\u00fcmpfe sind genau das richtige daf\u00fcr. Sie betonen deine Oberschenkel und unterstreichen dein Sexappeal! Zudem sorgt das anregende Silikon-Noppen-Band im oberen Saum f\u00fcr selbsthaftenden Halt. Ausserdem l\u00e4sst die tiefwirkende Wabenstruktur nicht nur Fetischherzen h\u00f6her schlagen. Nein, es sorgt auch f\u00fcr einen glanzvollen Auftritt in jedem Club. Denn du bist mystisch, aufregend und einfach nur zum Anbei\u00dfen.<\/p>\n<p>Das spezielle an dieser Kollektion ist die Saum-Verarbeitung. Das Material ist mit einer hochwertigen Schnittmechanismus verarbeitet, sodass das Material nicht umgen\u00e4ht wird und somit sanft und ohne Kratzen direkt auf der Haut aufliegt. Als w\u00fcrde die Haut mit dem der Cyberskin verschmelzen, ganz im Sinne von anderen Latexmaterilien oder Seamless-Kollektionen. Und genauso flexibel und hoch dehnbar ist Cyberskin &#8211; ein ideales Unterw\u00e4sche und Clubwear Material. Anspruchslos, bequem und super sexy!<\/p>\n","protected":false},"excerpt":{"rendered":"<p>Spacig und glanzvoll zeigen sich diese Unisex Cyberskin Longsocks 371LS und geh\u00f6ren in die Kategorie &#8220;LIVE&#8221;-Produkte. Produktion nur auf Bestellung. F\u00fcr Damen und Herren gleicherma\u00dfen tragbar.<br \/>\nGr\u00f6\u00dfen<br \/>\nUnisex<\/p>\n<p>S\u00a0\u00a0\u00a0 : 36-42; Oberschenkelumfang: 42-50cm<\/p>\n<p>M\u00a0\u00a0 : 40-46; Oberschenkelumfang: 47-55cm<\/p>\n<p>L\u00a0\u00a0\u00a0 : 44-50; Oberschenkelumfang: 42-60cm<br \/>\nMaterialzusammensetzung<br \/>\n80% Polyester |\u2026<\/p>\n","protected":false},"featured_media":15888,"comment_status":"open","ping_status":"closed","template":"","meta":[],"product_brand":[],"product_cat":[114,473,270,471,195,326],"product_tag":[294,458],"class_list":{"0":"post-12960","1":"product","2":"type-product","3":"status-publish","4":"has-post-thumbnail","6":"product_cat-fetisch","7":"product_cat-men","8":"product_cat-onlyforme","9":"product_cat-partnerlook","10":"product_cat-produktion-auf-bestellung-liveproduktion","11":"product_cat-wojoer","12":"product_tag-lack","13":"product_tag-longsocks","14":"product_shipping_class-beun","15":"pa_groesse-l","16":"pa_groesse-m","17":"pa_groesse-s","18":"pa_groesse-xl","19":"pa_groesse-xs","20":"pif-has-gallery","21":"post-1","22":"odd","24":"first","25":"instock","26":"taxable","27":"shipping-taxable","28":"purchasable","29":"product-type-variable"},"yoast_head":"<!-- This site is optimized with the Yoast SEO plugin v27.2 - https:\/\/yoast.com\/product\/yoast-seo-wordpress\/ -->\n<title>Cyberskin Unisex Longsocks | Clubwear | Fetisch | WOJOER<\/title>\n<meta name=\"description\" content=\"Cyberskin Unisex Longsocks - spacige und gl\u00e4nzende Longsocks aus edlem Lackstoff! Tief wirkendes Wabenmuster umschlie\u00dft dich mystisch, aufregend und garantiert hei\u00dfe Stunden...\" \/>\n<meta name=\"robots\" content=\"index, follow, max-snippet:-1, max-image-preview:large, max-video-preview:-1\" \/>\n<link rel=\"canonical\" href=\"https:\/\/www.wojoer.de\/en\/produkt\/cyberskin-longsocks-unisex-371ls\/\" \/>\n<meta name=\"twitter:card\" content=\"summary_large_image\" \/>\n<meta name=\"twitter:title\" content=\"Cyberskin Unisex Longsocks | Clubwear | Fetisch | WOJOER\" \/>\n<meta name=\"twitter:description\" content=\"Cyberskin Unisex Longsocks - spacige und gl\u00e4nzende Longsocks aus edlem Lackstoff! Tief wirkendes Wabenmuster umschlie\u00dft dich mystisch, aufregend und garantiert hei\u00dfe Stunden...\" \/>\n<meta name=\"twitter:image\" content=\"https:\/\/www.wojoer.de\/wp-content\/uploads\/2019\/04\/371LS_Cyberskin_Longsocks_side_women_men_partnerlook_wojoer-1.jpg\" \/>\n<meta name=\"twitter:label1\" content=\"Estimated reading time\" \/>\n\t<meta name=\"twitter:data1\" content=\"1 minute\" \/>\n<script type=\"application\/ld+json\" class=\"yoast-schema-graph\">{\"@context\":\"https:\/\/schema.org\",\"@graph\":[{\"@type\":\"WebPage\",\"@id\":\"https:\/\/www.wojoer.de\/produkt\/cyberskin-longsocks-unisex-371ls\/\",\"url\":\"https:\/\/www.wojoer.de\/produkt\/cyberskin-longsocks-unisex-371ls\/\",\"name\":\"Cyberskin Unisex Longsocks | Clubwear | Fetisch | WOJOER\",\"isPartOf\":{\"@id\":\"https:\/\/www.wojoer.de\/#website\"},\"primaryImageOfPage\":{\"@id\":\"https:\/\/www.wojoer.de\/produkt\/cyberskin-longsocks-unisex-371ls\/#primaryimage\"},\"image\":{\"@id\":\"https:\/\/www.wojoer.de\/produkt\/cyberskin-longsocks-unisex-371ls\/#primaryimage\"},\"thumbnailUrl\":\"https:\/\/www.wojoer.de\/wp-content\/uploads\/2019\/04\/371LS_Cyberskin_Longsocks_side_women_men_partnerlook_wojoer-1.jpg\",\"datePublished\":\"2019-04-24T05:55:38+00:00\",\"dateModified\":\"2022-01-18T08:31:48+00:00\",\"description\":\"Cyberskin Unisex Longsocks - spacige und gl\u00e4nzende Longsocks aus edlem Lackstoff! Tief wirkendes Wabenmuster umschlie\u00dft dich mystisch, aufregend und garantiert hei\u00dfe Stunden...\",\"breadcrumb\":{\"@id\":\"https:\/\/www.wojoer.de\/produkt\/cyberskin-longsocks-unisex-371ls\/#breadcrumb\"},\"inLanguage\":\"en-GB\",\"potentialAction\":[{\"@type\":\"ReadAction\",\"target\":[\"https:\/\/www.wojoer.de\/produkt\/cyberskin-longsocks-unisex-371ls\/\"]}]},{\"@type\":\"ImageObject\",\"inLanguage\":\"en-GB\",\"@id\":\"https:\/\/www.wojoer.de\/produkt\/cyberskin-longsocks-unisex-371ls\/#primaryimage\",\"url\":\"https:\/\/www.wojoer.de\/wp-content\/uploads\/2019\/04\/371LS_Cyberskin_Longsocks_side_women_men_partnerlook_wojoer-1.jpg\",\"contentUrl\":\"https:\/\/www.wojoer.de\/wp-content\/uploads\/2019\/04\/371LS_Cyberskin_Longsocks_side_women_men_partnerlook_wojoer-1.jpg\",\"width\":1935,\"height\":1935,\"caption\":\"partnerlook coming soon, cyberskin\"},{\"@type\":\"BreadcrumbList\",\"@id\":\"https:\/\/www.wojoer.de\/produkt\/cyberskin-longsocks-unisex-371ls\/#breadcrumb\",\"itemListElement\":[{\"@type\":\"ListItem\",\"position\":1,\"name\":\"Startseite\",\"item\":\"https:\/\/www.wojoer.de\/\"},{\"@type\":\"ListItem\",\"position\":2,\"name\":\"SHOP\",\"item\":\"https:\/\/www.wojoer.de\/shop\/\"},{\"@type\":\"ListItem\",\"position\":3,\"name\":\"Cyberskin Unisex Longsocks 371LS\"}]},{\"@type\":\"WebSite\",\"@id\":\"https:\/\/www.wojoer.de\/#website\",\"url\":\"https:\/\/www.wojoer.de\/\",\"name\":\"WOJOER\",\"description\":\"clubwear for men\",\"publisher\":{\"@id\":\"https:\/\/www.wojoer.de\/#organization\"},\"potentialAction\":[{\"@type\":\"SearchAction\",\"target\":{\"@type\":\"EntryPoint\",\"urlTemplate\":\"https:\/\/www.wojoer.de\/?s={search_term_string}\"},\"query-input\":{\"@type\":\"PropertyValueSpecification\",\"valueRequired\":true,\"valueName\":\"search_term_string\"}}],\"inLanguage\":\"en-GB\"},{\"@type\":\"Organization\",\"@id\":\"https:\/\/www.wojoer.de\/#organization\",\"name\":\"Wonneberger-Manufaktur\",\"url\":\"https:\/\/www.wojoer.de\/\",\"logo\":{\"@type\":\"ImageObject\",\"inLanguage\":\"en-GB\",\"@id\":\"https:\/\/www.wojoer.de\/#\/schema\/logo\/image\/\",\"url\":\"https:\/\/www.wojoer.de\/wp-content\/uploads\/2016\/11\/wonnebergermanufaktur_logo_BUTTON.png\",\"contentUrl\":\"https:\/\/www.wojoer.de\/wp-content\/uploads\/2016\/11\/wonnebergermanufaktur_logo_BUTTON.png\",\"width\":765,\"height\":765,\"caption\":\"Wonneberger-Manufaktur\"},\"image\":{\"@id\":\"https:\/\/www.wojoer.de\/#\/schema\/logo\/image\/\"},\"sameAs\":[\"https:\/\/www.facebook.com\/wojoer\/\",\"https:\/\/de.pinterest.com\/W0J0ER\/\"]}]}<\/script>\n<!-- \/ Yoast SEO plugin. -->","yoast_head_json":{"title":"Cyberskin Unisex Longsocks | Clubwear | Fetisch | WOJOER","description":"Cyberskin Unisex Longsocks - spacige und gl\u00e4nzende Longsocks aus edlem Lackstoff! Tief wirkendes Wabenmuster umschlie\u00dft dich mystisch, aufregend und garantiert hei\u00dfe Stunden...","robots":{"index":"index","follow":"follow","max-snippet":"max-snippet:-1","max-image-preview":"max-image-preview:large","max-video-preview":"max-video-preview:-1"},"canonical":"https:\/\/www.wojoer.de\/en\/produkt\/cyberskin-longsocks-unisex-371ls\/","twitter_card":"summary_large_image","twitter_title":"Cyberskin Unisex Longsocks | Clubwear | Fetisch | WOJOER","twitter_description":"Cyberskin Unisex Longsocks - spacige und gl\u00e4nzende Longsocks aus edlem Lackstoff! Tief wirkendes Wabenmuster umschlie\u00dft dich mystisch, aufregend und garantiert hei\u00dfe Stunden...","twitter_image":"https:\/\/www.wojoer.de\/wp-content\/uploads\/2019\/04\/371LS_Cyberskin_Longsocks_side_women_men_partnerlook_wojoer-1.jpg","twitter_misc":{"Estimated reading time":"1 minute"},"schema":{"@context":"https:\/\/schema.org","@graph":[{"@type":"WebPage","@id":"https:\/\/www.wojoer.de\/produkt\/cyberskin-longsocks-unisex-371ls\/","url":"https:\/\/www.wojoer.de\/produkt\/cyberskin-longsocks-unisex-371ls\/","name":"Cyberskin Unisex Longsocks | Clubwear | Fetisch | WOJOER","isPartOf":{"@id":"https:\/\/www.wojoer.de\/#website"},"primaryImageOfPage":{"@id":"https:\/\/www.wojoer.de\/produkt\/cyberskin-longsocks-unisex-371ls\/#primaryimage"},"image":{"@id":"https:\/\/www.wojoer.de\/produkt\/cyberskin-longsocks-unisex-371ls\/#primaryimage"},"thumbnailUrl":"https:\/\/www.wojoer.de\/wp-content\/uploads\/2019\/04\/371LS_Cyberskin_Longsocks_side_women_men_partnerlook_wojoer-1.jpg","datePublished":"2019-04-24T05:55:38+00:00","dateModified":"2022-01-18T08:31:48+00:00","description":"Cyberskin Unisex Longsocks - spacige und gl\u00e4nzende Longsocks aus edlem Lackstoff! Tief wirkendes Wabenmuster umschlie\u00dft dich mystisch, aufregend und garantiert hei\u00dfe Stunden...","breadcrumb":{"@id":"https:\/\/www.wojoer.de\/produkt\/cyberskin-longsocks-unisex-371ls\/#breadcrumb"},"inLanguage":"en-GB","potentialAction":[{"@type":"ReadAction","target":["https:\/\/www.wojoer.de\/produkt\/cyberskin-longsocks-unisex-371ls\/"]}]},{"@type":"ImageObject","inLanguage":"en-GB","@id":"https:\/\/www.wojoer.de\/produkt\/cyberskin-longsocks-unisex-371ls\/#primaryimage","url":"https:\/\/www.wojoer.de\/wp-content\/uploads\/2019\/04\/371LS_Cyberskin_Longsocks_side_women_men_partnerlook_wojoer-1.jpg","contentUrl":"https:\/\/www.wojoer.de\/wp-content\/uploads\/2019\/04\/371LS_Cyberskin_Longsocks_side_women_men_partnerlook_wojoer-1.jpg","width":1935,"height":1935,"caption":"partnerlook coming soon, cyberskin"},{"@type":"BreadcrumbList","@id":"https:\/\/www.wojoer.de\/produkt\/cyberskin-longsocks-unisex-371ls\/#breadcrumb","itemListElement":[{"@type":"ListItem","position":1,"name":"Startseite","item":"https:\/\/www.wojoer.de\/"},{"@type":"ListItem","position":2,"name":"SHOP","item":"https:\/\/www.wojoer.de\/shop\/"},{"@type":"ListItem","position":3,"name":"Cyberskin Unisex Longsocks 371LS"}]},{"@type":"WebSite","@id":"https:\/\/www.wojoer.de\/#website","url":"https:\/\/www.wojoer.de\/","name":"WOJOER","description":"clubwear for men","publisher":{"@id":"https:\/\/www.wojoer.de\/#organization"},"potentialAction":[{"@type":"SearchAction","target":{"@type":"EntryPoint","urlTemplate":"https:\/\/www.wojoer.de\/?s={search_term_string}"},"query-input":{"@type":"PropertyValueSpecification","valueRequired":true,"valueName":"search_term_string"}}],"inLanguage":"en-GB"},{"@type":"Organization","@id":"https:\/\/www.wojoer.de\/#organization","name":"Wonneberger-Manufaktur","url":"https:\/\/www.wojoer.de\/","logo":{"@type":"ImageObject","inLanguage":"en-GB","@id":"https:\/\/www.wojoer.de\/#\/schema\/logo\/image\/","url":"https:\/\/www.wojoer.de\/wp-content\/uploads\/2016\/11\/wonnebergermanufaktur_logo_BUTTON.png","contentUrl":"https:\/\/www.wojoer.de\/wp-content\/uploads\/2016\/11\/wonnebergermanufaktur_logo_BUTTON.png","width":765,"height":765,"caption":"Wonneberger-Manufaktur"},"image":{"@id":"https:\/\/www.wojoer.de\/#\/schema\/logo\/image\/"},"sameAs":["https:\/\/www.facebook.com\/wojoer\/","https:\/\/de.pinterest.com\/W0J0ER\/"]}]}},"_links":{"self":[{"href":"https:\/\/www.wojoer.de\/en\/wp-json\/wp\/v2\/product\/12960","targetHints":{"allow":["GET"]}}],"collection":[{"href":"https:\/\/www.wojoer.de\/en\/wp-json\/wp\/v2\/product"}],"about":[{"href":"https:\/\/www.wojoer.de\/en\/wp-json\/wp\/v2\/types\/product"}],"replies":[{"embeddable":true,"href":"https:\/\/www.wojoer.de\/en\/wp-json\/wp\/v2\/comments?post=12960"}],"wp:featuredmedia":[{"embeddable":true,"href":"https:\/\/www.wojoer.de\/en\/wp-json\/wp\/v2\/media\/15888"}],"wp:attachment":[{"href":"https:\/\/www.wojoer.de\/en\/wp-json\/wp\/v2\/media?parent=12960"}],"wp:term":[{"taxonomy":"product_brand","embeddable":true,"href":"https:\/\/www.wojoer.de\/en\/wp-json\/wp\/v2\/product_brand?post=12960"},{"taxonomy":"product_cat","embeddable":true,"href":"https:\/\/www.wojoer.de\/en\/wp-json\/wp\/v2\/product_cat?post=12960"},{"taxonomy":"product_tag","embeddable":true,"href":"https:\/\/www.wojoer.de\/en\/wp-json\/wp\/v2\/product_tag?post=12960"}],"curies":[{"name":"wp","href":"https:\/\/api.w.org\/{rel}","templated":true}]}}