{"id":13038,"date":"2018-10-01T12:36:49","date_gmt":"2018-10-01T10:36:49","guid":{"rendered":"https:\/\/www.wojoer.de\/produkt\/beun-basic-pants-im-2er-pack-320w606rb\/"},"modified":"2020-12-20T17:05:40","modified_gmt":"2020-12-20T16:05:40","slug":"beun-basic-pants-im-2er-pack-320w606rb","status":"publish","type":"product","link":"https:\/\/www.wojoer.de\/en\/produkt\/beun-basic-pants-im-2er-pack-320w606rb\/","title":{"rendered":"BEUN BASIC Pants im two-pack"},"content":{"rendered":"<p>Always on stock, because the BEUN basic in two-pack\u00a0 is <a href=\"https:\/\/www.wojoer.de\/?s=nos&#038;post_type=product\">never-out-of-stock<\/a> and belongs to the wojoer<a href=\"https:\/\/www.wojoer.de\/?s=nos&#038;post_type=product\"> NOS<\/a>.<\/p>\n<h3>Sizes<\/h3>\n<p>Available in sizes\u00a0 S, M, L, XL<\/p>\n<h3>Material composition<\/h3>\n<p>BEUN: 82% polyamide, 18% elasthane<\/p>\n<h3>Pecularities<\/h3>\n<p><a href=\"http:\/\/www.wojoer.de\/?s=nos&#038;post_type=product\">NOS Produkt<\/a> | swimwear |silk-matt surface optics | light transparent | airy | fast drying |flexible | click closure| skinthigt fit | high quality\u00a0 Made in Germany<\/p>\n<h3>Wash instructions<\/h3>\n<p>30\u00b0 , gentle cycle |ironing on a low level<\/p>\n<h3>BEUN basic pants &#8211; BEACH &#038; UNDERWEAR<\/h3>\n<p>Caution! Hot! This Beach &#038; Underwaer basic pants awakens playful fantasie. Sligthly transparent, dull, extremely thin, fast dryng and hardly noticeable. Slim and high cut this invites to inspire little forbidden games. No other cheeky Stripe G-String is so fine and light, yet resistent to salt and chlorin. Complete your outfit with the matching beun basic t-shirt . And because it&#8217;s so sexy and comfortable at the same time, there&#8217;s a matcing <a href=\"https:\/\/www.wojoer.de\/?s=partnerlook&#038;post_type=product\">partner look<\/a> string for your partner.<\/p>\n<p>Click here for the <a href=\"https:\/\/www.wojoer.de\/groessentabelle\/\">sizes chart<\/a>.<\/p>\n","protected":false},"excerpt":{"rendered":"<p>Immer vorr\u00e4tig, denn die BEUN BASIC Pants im praktischen 2er -Pack ist Never-Out-of-Stock und geh\u00f6rt damit zu den Wojoer NOS-Produkten.<br \/>\nGr\u00f6\u00dfen<br \/>\nErh\u00e4ltlich in den Gr\u00f6\u00dfen S, M, L, XL<br \/>\nMaterialzusammensetzung<br \/>\nBEUN: 82% Polyamid, 18% Elasthan<br \/>\nBesonderheiten<br \/>\nNOS Produkt | badetauglich | seidenmatte Oberfl\u00e4chenoptik | leicht transparent\u2026<\/p>\n","protected":false},"featured_media":12998,"comment_status":"open","ping_status":"closed","template":"","meta":[],"product_brand":[],"product_cat":[715,115,106,169,473,121,326],"product_tag":[859,108,462,273,192],"class_list":{"0":"post-13038","1":"product","2":"type-product","3":"status-publish","4":"has-post-thumbnail","6":"product_cat-320-beun-basic","7":"product_cat-beachwear","8":"product_cat-beun","9":"product_cat-nos-never-out-of-stock","10":"product_cat-men","11":"product_cat-underwear","12":"product_cat-wojoer","13":"product_tag-2er-pack","14":"product_tag-1beachwear","15":"product_tag-multi-pack","16":"product_tag-pants","17":"product_tag-unterwaesche","18":"product_shipping_class-beun","19":"pa_groesse-l","20":"pa_groesse-m","21":"pa_groesse-s","22":"pa_groesse-xl","23":"pif-has-gallery","24":"post-1","25":"odd","27":"first","28":"onbackorder","29":"featured","30":"taxable","31":"shipping-taxable","32":"purchasable","33":"product-type-variable","34":"has-default-attributes"},"yoast_head":"<!-- This site is optimized with the Yoast SEO plugin v27.2 - https:\/\/yoast.com\/product\/yoast-seo-wordpress\/ -->\n<title>Basic Pants | 2er Pack | Shorts | Beach &amp; Underwear hauch d\u00fcnn bequem<\/title>\n<meta name=\"description\" content=\"Der hauchd\u00fcnne, leicht transparente BEUN Basic Pants liegt seidig weich auf der Haut &amp; hier bekommst du diese in rot und blau.\" \/>\n<meta name=\"robots\" content=\"index, follow, max-snippet:-1, max-image-preview:large, max-video-preview:-1\" \/>\n<link rel=\"canonical\" href=\"https:\/\/www.wojoer.de\/en\/produkt\/beun-basic-pants-im-2er-pack-320w606rb\/\" \/>\n<meta name=\"twitter:card\" content=\"summary_large_image\" \/>\n<meta name=\"twitter:title\" content=\"Basic Pants | 2er Pack | Shorts | Beach &amp; Underwear hauch d\u00fcnn bequem\" \/>\n<meta name=\"twitter:description\" content=\"Der hauchd\u00fcnne, leicht transparente BEUN Basic Pants liegt seidig weich auf der Haut &amp; hier bekommst du diese in rot und blau.\" \/>\n<meta name=\"twitter:image\" content=\"https:\/\/www.wojoer.de\/wp-content\/uploads\/2019\/03\/320W606_amazon_BEUN_Beach_Underwear_Shorts_2Pack_rot_royal_.jpg\" \/>\n<meta name=\"twitter:label1\" content=\"Estimated reading time\" \/>\n\t<meta name=\"twitter:data1\" content=\"2 minutes\" \/>\n<script type=\"application\/ld+json\" class=\"yoast-schema-graph\">{\"@context\":\"https:\/\/schema.org\",\"@graph\":[{\"@type\":\"WebPage\",\"@id\":\"https:\/\/www.wojoer.de\/en\/produkt\/beun-basic-pants-im-2er-pack-320w606rb\/\",\"url\":\"https:\/\/www.wojoer.de\/en\/produkt\/beun-basic-pants-im-2er-pack-320w606rb\/\",\"name\":\"Basic Pants | 2er Pack | Shorts | Beach & Underwear hauch d\u00fcnn bequem\",\"isPartOf\":{\"@id\":\"https:\/\/www.wojoer.de\/#website\"},\"primaryImageOfPage\":{\"@id\":\"https:\/\/www.wojoer.de\/en\/produkt\/beun-basic-pants-im-2er-pack-320w606rb\/#primaryimage\"},\"image\":{\"@id\":\"https:\/\/www.wojoer.de\/en\/produkt\/beun-basic-pants-im-2er-pack-320w606rb\/#primaryimage\"},\"thumbnailUrl\":\"https:\/\/www.wojoer.de\/wp-content\/uploads\/2019\/03\/320W606_amazon_BEUN_Beach_Underwear_Shorts_2Pack_rot_royal_.jpg\",\"datePublished\":\"2018-10-01T10:36:49+00:00\",\"dateModified\":\"2020-12-20T16:05:40+00:00\",\"description\":\"Der hauchd\u00fcnne, leicht transparente BEUN Basic Pants liegt seidig weich auf der Haut & hier bekommst du diese in rot und blau.\",\"breadcrumb\":{\"@id\":\"https:\/\/www.wojoer.de\/en\/produkt\/beun-basic-pants-im-2er-pack-320w606rb\/#breadcrumb\"},\"inLanguage\":\"en-GB\",\"potentialAction\":[{\"@type\":\"ReadAction\",\"target\":[\"https:\/\/www.wojoer.de\/en\/produkt\/beun-basic-pants-im-2er-pack-320w606rb\/\"]}]},{\"@type\":\"ImageObject\",\"inLanguage\":\"en-GB\",\"@id\":\"https:\/\/www.wojoer.de\/en\/produkt\/beun-basic-pants-im-2er-pack-320w606rb\/#primaryimage\",\"url\":\"https:\/\/www.wojoer.de\/wp-content\/uploads\/2019\/03\/320W606_amazon_BEUN_Beach_Underwear_Shorts_2Pack_rot_royal_.jpg\",\"contentUrl\":\"https:\/\/www.wojoer.de\/wp-content\/uploads\/2019\/03\/320W606_amazon_BEUN_Beach_Underwear_Shorts_2Pack_rot_royal_.jpg\",\"width\":2002,\"height\":2002,\"caption\":\"Beun, Basic, Pants, 2er Pack, rot, blau, Shorts, Herren, Unterw\u00e4sche\"},{\"@type\":\"BreadcrumbList\",\"@id\":\"https:\/\/www.wojoer.de\/en\/produkt\/beun-basic-pants-im-2er-pack-320w606rb\/#breadcrumb\",\"itemListElement\":[{\"@type\":\"ListItem\",\"position\":1,\"name\":\"Startseite\",\"item\":\"https:\/\/www.wojoer.de\/\"},{\"@type\":\"ListItem\",\"position\":2,\"name\":\"SHOP\",\"item\":\"https:\/\/www.wojoer.de\/shop\/\"},{\"@type\":\"ListItem\",\"position\":3,\"name\":\"BEUN BASIC Pants im two-pack\"}]},{\"@type\":\"WebSite\",\"@id\":\"https:\/\/www.wojoer.de\/#website\",\"url\":\"https:\/\/www.wojoer.de\/\",\"name\":\"WOJOER\",\"description\":\"clubwear for men\",\"publisher\":{\"@id\":\"https:\/\/www.wojoer.de\/#organization\"},\"potentialAction\":[{\"@type\":\"SearchAction\",\"target\":{\"@type\":\"EntryPoint\",\"urlTemplate\":\"https:\/\/www.wojoer.de\/?s={search_term_string}\"},\"query-input\":{\"@type\":\"PropertyValueSpecification\",\"valueRequired\":true,\"valueName\":\"search_term_string\"}}],\"inLanguage\":\"en-GB\"},{\"@type\":\"Organization\",\"@id\":\"https:\/\/www.wojoer.de\/#organization\",\"name\":\"Wonneberger-Manufaktur\",\"url\":\"https:\/\/www.wojoer.de\/\",\"logo\":{\"@type\":\"ImageObject\",\"inLanguage\":\"en-GB\",\"@id\":\"https:\/\/www.wojoer.de\/#\/schema\/logo\/image\/\",\"url\":\"https:\/\/www.wojoer.de\/wp-content\/uploads\/2016\/11\/wonnebergermanufaktur_logo_BUTTON.png\",\"contentUrl\":\"https:\/\/www.wojoer.de\/wp-content\/uploads\/2016\/11\/wonnebergermanufaktur_logo_BUTTON.png\",\"width\":765,\"height\":765,\"caption\":\"Wonneberger-Manufaktur\"},\"image\":{\"@id\":\"https:\/\/www.wojoer.de\/#\/schema\/logo\/image\/\"},\"sameAs\":[\"https:\/\/www.facebook.com\/wojoer\/\",\"https:\/\/de.pinterest.com\/W0J0ER\/\"]}]}<\/script>\n<!-- \/ Yoast SEO plugin. -->","yoast_head_json":{"title":"Basic Pants | 2er Pack | Shorts | Beach & Underwear hauch d\u00fcnn bequem","description":"Der hauchd\u00fcnne, leicht transparente BEUN Basic Pants liegt seidig weich auf der Haut & hier bekommst du diese in rot und blau.","robots":{"index":"index","follow":"follow","max-snippet":"max-snippet:-1","max-image-preview":"max-image-preview:large","max-video-preview":"max-video-preview:-1"},"canonical":"https:\/\/www.wojoer.de\/en\/produkt\/beun-basic-pants-im-2er-pack-320w606rb\/","twitter_card":"summary_large_image","twitter_title":"Basic Pants | 2er Pack | Shorts | Beach & Underwear hauch d\u00fcnn bequem","twitter_description":"Der hauchd\u00fcnne, leicht transparente BEUN Basic Pants liegt seidig weich auf der Haut & hier bekommst du diese in rot und blau.","twitter_image":"https:\/\/www.wojoer.de\/wp-content\/uploads\/2019\/03\/320W606_amazon_BEUN_Beach_Underwear_Shorts_2Pack_rot_royal_.jpg","twitter_misc":{"Estimated reading time":"2 minutes"},"schema":{"@context":"https:\/\/schema.org","@graph":[{"@type":"WebPage","@id":"https:\/\/www.wojoer.de\/en\/produkt\/beun-basic-pants-im-2er-pack-320w606rb\/","url":"https:\/\/www.wojoer.de\/en\/produkt\/beun-basic-pants-im-2er-pack-320w606rb\/","name":"Basic Pants | 2er Pack | Shorts | Beach & Underwear hauch d\u00fcnn bequem","isPartOf":{"@id":"https:\/\/www.wojoer.de\/#website"},"primaryImageOfPage":{"@id":"https:\/\/www.wojoer.de\/en\/produkt\/beun-basic-pants-im-2er-pack-320w606rb\/#primaryimage"},"image":{"@id":"https:\/\/www.wojoer.de\/en\/produkt\/beun-basic-pants-im-2er-pack-320w606rb\/#primaryimage"},"thumbnailUrl":"https:\/\/www.wojoer.de\/wp-content\/uploads\/2019\/03\/320W606_amazon_BEUN_Beach_Underwear_Shorts_2Pack_rot_royal_.jpg","datePublished":"2018-10-01T10:36:49+00:00","dateModified":"2020-12-20T16:05:40+00:00","description":"Der hauchd\u00fcnne, leicht transparente BEUN Basic Pants liegt seidig weich auf der Haut & hier bekommst du diese in rot und blau.","breadcrumb":{"@id":"https:\/\/www.wojoer.de\/en\/produkt\/beun-basic-pants-im-2er-pack-320w606rb\/#breadcrumb"},"inLanguage":"en-GB","potentialAction":[{"@type":"ReadAction","target":["https:\/\/www.wojoer.de\/en\/produkt\/beun-basic-pants-im-2er-pack-320w606rb\/"]}]},{"@type":"ImageObject","inLanguage":"en-GB","@id":"https:\/\/www.wojoer.de\/en\/produkt\/beun-basic-pants-im-2er-pack-320w606rb\/#primaryimage","url":"https:\/\/www.wojoer.de\/wp-content\/uploads\/2019\/03\/320W606_amazon_BEUN_Beach_Underwear_Shorts_2Pack_rot_royal_.jpg","contentUrl":"https:\/\/www.wojoer.de\/wp-content\/uploads\/2019\/03\/320W606_amazon_BEUN_Beach_Underwear_Shorts_2Pack_rot_royal_.jpg","width":2002,"height":2002,"caption":"Beun, Basic, Pants, 2er Pack, rot, blau, Shorts, Herren, Unterw\u00e4sche"},{"@type":"BreadcrumbList","@id":"https:\/\/www.wojoer.de\/en\/produkt\/beun-basic-pants-im-2er-pack-320w606rb\/#breadcrumb","itemListElement":[{"@type":"ListItem","position":1,"name":"Startseite","item":"https:\/\/www.wojoer.de\/"},{"@type":"ListItem","position":2,"name":"SHOP","item":"https:\/\/www.wojoer.de\/shop\/"},{"@type":"ListItem","position":3,"name":"BEUN BASIC Pants im two-pack"}]},{"@type":"WebSite","@id":"https:\/\/www.wojoer.de\/#website","url":"https:\/\/www.wojoer.de\/","name":"WOJOER","description":"clubwear for men","publisher":{"@id":"https:\/\/www.wojoer.de\/#organization"},"potentialAction":[{"@type":"SearchAction","target":{"@type":"EntryPoint","urlTemplate":"https:\/\/www.wojoer.de\/?s={search_term_string}"},"query-input":{"@type":"PropertyValueSpecification","valueRequired":true,"valueName":"search_term_string"}}],"inLanguage":"en-GB"},{"@type":"Organization","@id":"https:\/\/www.wojoer.de\/#organization","name":"Wonneberger-Manufaktur","url":"https:\/\/www.wojoer.de\/","logo":{"@type":"ImageObject","inLanguage":"en-GB","@id":"https:\/\/www.wojoer.de\/#\/schema\/logo\/image\/","url":"https:\/\/www.wojoer.de\/wp-content\/uploads\/2016\/11\/wonnebergermanufaktur_logo_BUTTON.png","contentUrl":"https:\/\/www.wojoer.de\/wp-content\/uploads\/2016\/11\/wonnebergermanufaktur_logo_BUTTON.png","width":765,"height":765,"caption":"Wonneberger-Manufaktur"},"image":{"@id":"https:\/\/www.wojoer.de\/#\/schema\/logo\/image\/"},"sameAs":["https:\/\/www.facebook.com\/wojoer\/","https:\/\/de.pinterest.com\/W0J0ER\/"]}]}},"_links":{"self":[{"href":"https:\/\/www.wojoer.de\/en\/wp-json\/wp\/v2\/product\/13038","targetHints":{"allow":["GET"]}}],"collection":[{"href":"https:\/\/www.wojoer.de\/en\/wp-json\/wp\/v2\/product"}],"about":[{"href":"https:\/\/www.wojoer.de\/en\/wp-json\/wp\/v2\/types\/product"}],"replies":[{"embeddable":true,"href":"https:\/\/www.wojoer.de\/en\/wp-json\/wp\/v2\/comments?post=13038"}],"wp:featuredmedia":[{"embeddable":true,"href":"https:\/\/www.wojoer.de\/en\/wp-json\/wp\/v2\/media\/12998"}],"wp:attachment":[{"href":"https:\/\/www.wojoer.de\/en\/wp-json\/wp\/v2\/media?parent=13038"}],"wp:term":[{"taxonomy":"product_brand","embeddable":true,"href":"https:\/\/www.wojoer.de\/en\/wp-json\/wp\/v2\/product_brand?post=13038"},{"taxonomy":"product_cat","embeddable":true,"href":"https:\/\/www.wojoer.de\/en\/wp-json\/wp\/v2\/product_cat?post=13038"},{"taxonomy":"product_tag","embeddable":true,"href":"https:\/\/www.wojoer.de\/en\/wp-json\/wp\/v2\/product_tag?post=13038"}],"curies":[{"name":"wp","href":"https:\/\/api.w.org\/{rel}","templated":true}]}}