{"id":13116,"date":"2017-03-18T12:45:10","date_gmt":"2017-03-18T11:45:10","guid":{"rendered":"https:\/\/www.wojoer.de\/produkt\/wojoer-boxershorts-3er-pack-gruen-gelb-rot-338w606-1ggr3\/"},"modified":"2025-03-17T19:46:51","modified_gmt":"2025-03-17T18:46:51","slug":"wojoer-boxershorts-3er-pack-gruen-gelb-rot-338w606-1ggr3","status":"publish","type":"product","link":"https:\/\/www.wojoer.de\/en\/produkt\/wojoer-boxershorts-3er-pack-gruen-gelb-rot-338w606-1ggr3\/","title":{"rendered":"WOJOER Boxershorts 3er-Pack gr\u00fcn_rot_gelb"},"content":{"rendered":"<p>Diese Baumwoll Boxershorts 338W606.1 geh\u00f6ren in die Kategorie \u201eLive\u201c-Produkte. Produktion nur auf Bestellung.<\/p>\n<h3>Gr\u00f6\u00dfen<\/h3>\n<p>Erh\u00e4ltlich in den Gr\u00f6\u00dfen S, M, L, XL<\/p>\n<h3>Materialzusammensetzung<\/h3>\n<p>BEUN: 82% Polyamid, 18% Elasthan<\/p>\n<h3>Besonderheiten<\/h3>\n<p><a href=\"http:\/\/www.wojoer.de\/?s=nos&#038;post_type=product\">LIVE Produkt<\/a> | Underwear | gr\u00fcner, roter oder gelber Bund | schwarz | Baumwolle | Kontrastnaht am Suspensorium | dehnbar | hauteng &#038; bequem | 3er Pack | hochwertige Verarbeitung &#8220;Made in Germany&#8221;<\/p>\n<h3>Benutzerhinweise<\/h3>\n<p>30\u00b0 W\u00e4sche mit Spezialw\u00e4sche f\u00fcr Schwarzes empfohlen.<\/p>\n<h3><\/h3>\n<h3>BAUMWOLL UNTERHOSEN- elegant sportliche Boxershorts<\/h3>\n<p>Du willst nicht nur eine 0 8 15 Boxershorts f\u00fcr Deinen Edelk\u00f6rper? Dann ist die WOJOER Baumwoll-Stretch Pants W606.1 genau das Richtige f\u00fcr dich.<br \/>\nDenn die enge Schnittform und der Verzicht auf die Po-Naht l\u00e4sst die Shorts regelrecht mit Deinen H\u00fcften verschmelzen. Dennoch bietet die Unterhose viel Freiheit wo es n\u00f6tig ist und wird zum perfekten Begleiter auf Arbeit, beim Training oder im Club. Neben dem knackig geformten Ges\u00e4\u00df, sorgen zudem der Ripp-Bund und die farbig abgestimmten Kontrastf\u00e4den an Bein und am Suspensorium f\u00fcr einen besonderen Hingucker. Hier bekommst du die schicken Shorst gleich im praktischen 5er Pack.<\/p>\n<p>&nbsp;<\/p>\n","protected":false},"excerpt":{"rendered":"<p>Diese Baumwoll Boxershorts 338W606.1 geh\u00f6ren in die Kategorie \u201eLive\u201c-Produkte. Produktion nur auf Bestellung.<br \/>\nGr\u00f6\u00dfen<br \/>\nErh\u00e4ltlich in den Gr\u00f6\u00dfen S, M, L, XL<br \/>\nMaterialzusammensetzung<br \/>\nBEUN: 82% Polyamid, 18% Elasthan<br \/>\nBesonderheiten<br \/>\nLIVE Produkt | Underwear | gr\u00fcner, roter oder gelber Bund | schwarz | Baumwolle | Kontrastnaht am\u2026<\/p>\n","protected":false},"featured_media":3305,"comment_status":"open","ping_status":"closed","template":"","meta":[],"product_brand":[],"product_cat":[810,473,195,121,326],"product_tag":[463,274,462,273,302,192],"class_list":{"0":"post-13116","1":"product","2":"type-product","3":"status-publish","4":"has-post-thumbnail","6":"product_cat-338-bw-boxerpants","7":"product_cat-men","8":"product_cat-produktion-auf-bestellung-liveproduktion","9":"product_cat-underwear","10":"product_cat-wojoer","11":"product_tag-3er-pack","12":"product_tag-baumwolle","13":"product_tag-multi-pack","14":"product_tag-pants","15":"product_tag-shorts","16":"product_tag-unterwaesche","17":"product_shipping_class-beun","18":"pa_groesse-l","19":"pa_groesse-m","20":"pa_groesse-s","21":"pa_groesse-xl","22":"pa_variante-9er-pack","23":"pif-has-gallery","24":"post-1","25":"odd","27":"first","28":"onbackorder","29":"featured","30":"taxable","31":"shipping-taxable","32":"purchasable","33":"product-type-variable","34":"has-default-attributes"},"yoast_head":"<!-- This site is optimized with the Yoast SEO plugin v27.2 - https:\/\/yoast.com\/product\/yoast-seo-wordpress\/ -->\n<title>Baumwoll Boxershorts | slim fit ohne Ges\u00e4\u00df-Naht | 3er Pack | WOJOER<\/title>\n<meta name=\"description\" content=\"Die feinen WOJOER Baumwoll Boxershorts zaubern einen knackigen Po ohne Ges\u00e4\u00dfnaht. Farbige Akzente am Rippbund und den N\u00e4hten sind ein Highlight.\" \/>\n<meta name=\"robots\" content=\"index, follow, max-snippet:-1, max-image-preview:large, max-video-preview:-1\" \/>\n<link rel=\"canonical\" href=\"https:\/\/www.wojoer.de\/en\/produkt\/wojoer-boxershorts-3er-pack-gruen-gelb-rot-338w606-1ggr3\/\" \/>\n<meta name=\"twitter:card\" content=\"summary_large_image\" \/>\n<meta name=\"twitter:title\" content=\"Baumwoll Boxershorts | slim fit ohne Ges\u00e4\u00df-Naht | 3er Pack | WOJOER\" \/>\n<meta name=\"twitter:description\" content=\"Die feinen WOJOER Baumwoll Boxershorts zaubern einen knackigen Po ohne Ges\u00e4\u00dfnaht. Farbige Akzente am Rippbund und den N\u00e4hten sind ein Highlight.\" \/>\n<meta name=\"twitter:image\" content=\"https:\/\/www.wojoer.de\/wp-content\/uploads\/2017\/02\/338W606_1_BW_Boxerpants_rippbund_3Set_gruen_gelb_orange_wojoer_.jpg\" \/>\n<meta name=\"twitter:label1\" content=\"Estimated reading time\" \/>\n\t<meta name=\"twitter:data1\" content=\"1 minute\" \/>\n<script type=\"application\/ld+json\" class=\"yoast-schema-graph\">{\"@context\":\"https:\/\/schema.org\",\"@graph\":[{\"@type\":\"WebPage\",\"@id\":\"https:\/\/www.wojoer.de\/en\/produkt\/wojoer-boxershorts-3er-pack-gruen-gelb-rot-338w606-1ggr3\/\",\"url\":\"https:\/\/www.wojoer.de\/en\/produkt\/wojoer-boxershorts-3er-pack-gruen-gelb-rot-338w606-1ggr3\/\",\"name\":\"Baumwoll Boxershorts | slim fit ohne Ges\u00e4\u00df-Naht | 3er Pack | WOJOER\",\"isPartOf\":{\"@id\":\"https:\/\/www.wojoer.de\/#website\"},\"primaryImageOfPage\":{\"@id\":\"https:\/\/www.wojoer.de\/en\/produkt\/wojoer-boxershorts-3er-pack-gruen-gelb-rot-338w606-1ggr3\/#primaryimage\"},\"image\":{\"@id\":\"https:\/\/www.wojoer.de\/en\/produkt\/wojoer-boxershorts-3er-pack-gruen-gelb-rot-338w606-1ggr3\/#primaryimage\"},\"thumbnailUrl\":\"https:\/\/www.wojoer.de\/wp-content\/uploads\/2017\/02\/338W606_1_BW_Boxerpants_rippbund_3Set_gruen_gelb_orange_wojoer_.jpg\",\"datePublished\":\"2017-03-18T11:45:10+00:00\",\"dateModified\":\"2025-03-17T18:46:51+00:00\",\"description\":\"Die feinen WOJOER Baumwoll Boxershorts zaubern einen knackigen Po ohne Ges\u00e4\u00dfnaht. Farbige Akzente am Rippbund und den N\u00e4hten sind ein Highlight.\",\"breadcrumb\":{\"@id\":\"https:\/\/www.wojoer.de\/en\/produkt\/wojoer-boxershorts-3er-pack-gruen-gelb-rot-338w606-1ggr3\/#breadcrumb\"},\"inLanguage\":\"en-GB\",\"potentialAction\":[{\"@type\":\"ReadAction\",\"target\":[\"https:\/\/www.wojoer.de\/en\/produkt\/wojoer-boxershorts-3er-pack-gruen-gelb-rot-338w606-1ggr3\/\"]}]},{\"@type\":\"ImageObject\",\"inLanguage\":\"en-GB\",\"@id\":\"https:\/\/www.wojoer.de\/en\/produkt\/wojoer-boxershorts-3er-pack-gruen-gelb-rot-338w606-1ggr3\/#primaryimage\",\"url\":\"https:\/\/www.wojoer.de\/wp-content\/uploads\/2017\/02\/338W606_1_BW_Boxerpants_rippbund_3Set_gruen_gelb_orange_wojoer_.jpg\",\"contentUrl\":\"https:\/\/www.wojoer.de\/wp-content\/uploads\/2017\/02\/338W606_1_BW_Boxerpants_rippbund_3Set_gruen_gelb_orange_wojoer_.jpg\",\"width\":1001,\"height\":1001,\"caption\":\"Baumwolle_Boxershort_Boxerpants_rippbund_3Set_gr\u00fcn_gelb_rot\"},{\"@type\":\"BreadcrumbList\",\"@id\":\"https:\/\/www.wojoer.de\/en\/produkt\/wojoer-boxershorts-3er-pack-gruen-gelb-rot-338w606-1ggr3\/#breadcrumb\",\"itemListElement\":[{\"@type\":\"ListItem\",\"position\":1,\"name\":\"Startseite\",\"item\":\"https:\/\/www.wojoer.de\/\"},{\"@type\":\"ListItem\",\"position\":2,\"name\":\"SHOP\",\"item\":\"https:\/\/www.wojoer.de\/shop\/\"},{\"@type\":\"ListItem\",\"position\":3,\"name\":\"WOJOER Boxershorts 3er-Pack gr\u00fcn_rot_gelb\"}]},{\"@type\":\"WebSite\",\"@id\":\"https:\/\/www.wojoer.de\/#website\",\"url\":\"https:\/\/www.wojoer.de\/\",\"name\":\"WOJOER\",\"description\":\"clubwear for men\",\"publisher\":{\"@id\":\"https:\/\/www.wojoer.de\/#organization\"},\"potentialAction\":[{\"@type\":\"SearchAction\",\"target\":{\"@type\":\"EntryPoint\",\"urlTemplate\":\"https:\/\/www.wojoer.de\/?s={search_term_string}\"},\"query-input\":{\"@type\":\"PropertyValueSpecification\",\"valueRequired\":true,\"valueName\":\"search_term_string\"}}],\"inLanguage\":\"en-GB\"},{\"@type\":\"Organization\",\"@id\":\"https:\/\/www.wojoer.de\/#organization\",\"name\":\"Wonneberger-Manufaktur\",\"url\":\"https:\/\/www.wojoer.de\/\",\"logo\":{\"@type\":\"ImageObject\",\"inLanguage\":\"en-GB\",\"@id\":\"https:\/\/www.wojoer.de\/#\/schema\/logo\/image\/\",\"url\":\"https:\/\/www.wojoer.de\/wp-content\/uploads\/2016\/11\/wonnebergermanufaktur_logo_BUTTON.png\",\"contentUrl\":\"https:\/\/www.wojoer.de\/wp-content\/uploads\/2016\/11\/wonnebergermanufaktur_logo_BUTTON.png\",\"width\":765,\"height\":765,\"caption\":\"Wonneberger-Manufaktur\"},\"image\":{\"@id\":\"https:\/\/www.wojoer.de\/#\/schema\/logo\/image\/\"},\"sameAs\":[\"https:\/\/www.facebook.com\/wojoer\/\",\"https:\/\/de.pinterest.com\/W0J0ER\/\"]}]}<\/script>\n<!-- \/ Yoast SEO plugin. -->","yoast_head_json":{"title":"Baumwoll Boxershorts | slim fit ohne Ges\u00e4\u00df-Naht | 3er Pack | WOJOER","description":"Die feinen WOJOER Baumwoll Boxershorts zaubern einen knackigen Po ohne Ges\u00e4\u00dfnaht. Farbige Akzente am Rippbund und den N\u00e4hten sind ein Highlight.","robots":{"index":"index","follow":"follow","max-snippet":"max-snippet:-1","max-image-preview":"max-image-preview:large","max-video-preview":"max-video-preview:-1"},"canonical":"https:\/\/www.wojoer.de\/en\/produkt\/wojoer-boxershorts-3er-pack-gruen-gelb-rot-338w606-1ggr3\/","twitter_card":"summary_large_image","twitter_title":"Baumwoll Boxershorts | slim fit ohne Ges\u00e4\u00df-Naht | 3er Pack | WOJOER","twitter_description":"Die feinen WOJOER Baumwoll Boxershorts zaubern einen knackigen Po ohne Ges\u00e4\u00dfnaht. Farbige Akzente am Rippbund und den N\u00e4hten sind ein Highlight.","twitter_image":"https:\/\/www.wojoer.de\/wp-content\/uploads\/2017\/02\/338W606_1_BW_Boxerpants_rippbund_3Set_gruen_gelb_orange_wojoer_.jpg","twitter_misc":{"Estimated reading time":"1 minute"},"schema":{"@context":"https:\/\/schema.org","@graph":[{"@type":"WebPage","@id":"https:\/\/www.wojoer.de\/en\/produkt\/wojoer-boxershorts-3er-pack-gruen-gelb-rot-338w606-1ggr3\/","url":"https:\/\/www.wojoer.de\/en\/produkt\/wojoer-boxershorts-3er-pack-gruen-gelb-rot-338w606-1ggr3\/","name":"Baumwoll Boxershorts | slim fit ohne Ges\u00e4\u00df-Naht | 3er Pack | WOJOER","isPartOf":{"@id":"https:\/\/www.wojoer.de\/#website"},"primaryImageOfPage":{"@id":"https:\/\/www.wojoer.de\/en\/produkt\/wojoer-boxershorts-3er-pack-gruen-gelb-rot-338w606-1ggr3\/#primaryimage"},"image":{"@id":"https:\/\/www.wojoer.de\/en\/produkt\/wojoer-boxershorts-3er-pack-gruen-gelb-rot-338w606-1ggr3\/#primaryimage"},"thumbnailUrl":"https:\/\/www.wojoer.de\/wp-content\/uploads\/2017\/02\/338W606_1_BW_Boxerpants_rippbund_3Set_gruen_gelb_orange_wojoer_.jpg","datePublished":"2017-03-18T11:45:10+00:00","dateModified":"2025-03-17T18:46:51+00:00","description":"Die feinen WOJOER Baumwoll Boxershorts zaubern einen knackigen Po ohne Ges\u00e4\u00dfnaht. Farbige Akzente am Rippbund und den N\u00e4hten sind ein Highlight.","breadcrumb":{"@id":"https:\/\/www.wojoer.de\/en\/produkt\/wojoer-boxershorts-3er-pack-gruen-gelb-rot-338w606-1ggr3\/#breadcrumb"},"inLanguage":"en-GB","potentialAction":[{"@type":"ReadAction","target":["https:\/\/www.wojoer.de\/en\/produkt\/wojoer-boxershorts-3er-pack-gruen-gelb-rot-338w606-1ggr3\/"]}]},{"@type":"ImageObject","inLanguage":"en-GB","@id":"https:\/\/www.wojoer.de\/en\/produkt\/wojoer-boxershorts-3er-pack-gruen-gelb-rot-338w606-1ggr3\/#primaryimage","url":"https:\/\/www.wojoer.de\/wp-content\/uploads\/2017\/02\/338W606_1_BW_Boxerpants_rippbund_3Set_gruen_gelb_orange_wojoer_.jpg","contentUrl":"https:\/\/www.wojoer.de\/wp-content\/uploads\/2017\/02\/338W606_1_BW_Boxerpants_rippbund_3Set_gruen_gelb_orange_wojoer_.jpg","width":1001,"height":1001,"caption":"Baumwolle_Boxershort_Boxerpants_rippbund_3Set_gr\u00fcn_gelb_rot"},{"@type":"BreadcrumbList","@id":"https:\/\/www.wojoer.de\/en\/produkt\/wojoer-boxershorts-3er-pack-gruen-gelb-rot-338w606-1ggr3\/#breadcrumb","itemListElement":[{"@type":"ListItem","position":1,"name":"Startseite","item":"https:\/\/www.wojoer.de\/"},{"@type":"ListItem","position":2,"name":"SHOP","item":"https:\/\/www.wojoer.de\/shop\/"},{"@type":"ListItem","position":3,"name":"WOJOER Boxershorts 3er-Pack gr\u00fcn_rot_gelb"}]},{"@type":"WebSite","@id":"https:\/\/www.wojoer.de\/#website","url":"https:\/\/www.wojoer.de\/","name":"WOJOER","description":"clubwear for men","publisher":{"@id":"https:\/\/www.wojoer.de\/#organization"},"potentialAction":[{"@type":"SearchAction","target":{"@type":"EntryPoint","urlTemplate":"https:\/\/www.wojoer.de\/?s={search_term_string}"},"query-input":{"@type":"PropertyValueSpecification","valueRequired":true,"valueName":"search_term_string"}}],"inLanguage":"en-GB"},{"@type":"Organization","@id":"https:\/\/www.wojoer.de\/#organization","name":"Wonneberger-Manufaktur","url":"https:\/\/www.wojoer.de\/","logo":{"@type":"ImageObject","inLanguage":"en-GB","@id":"https:\/\/www.wojoer.de\/#\/schema\/logo\/image\/","url":"https:\/\/www.wojoer.de\/wp-content\/uploads\/2016\/11\/wonnebergermanufaktur_logo_BUTTON.png","contentUrl":"https:\/\/www.wojoer.de\/wp-content\/uploads\/2016\/11\/wonnebergermanufaktur_logo_BUTTON.png","width":765,"height":765,"caption":"Wonneberger-Manufaktur"},"image":{"@id":"https:\/\/www.wojoer.de\/#\/schema\/logo\/image\/"},"sameAs":["https:\/\/www.facebook.com\/wojoer\/","https:\/\/de.pinterest.com\/W0J0ER\/"]}]}},"_links":{"self":[{"href":"https:\/\/www.wojoer.de\/en\/wp-json\/wp\/v2\/product\/13116","targetHints":{"allow":["GET"]}}],"collection":[{"href":"https:\/\/www.wojoer.de\/en\/wp-json\/wp\/v2\/product"}],"about":[{"href":"https:\/\/www.wojoer.de\/en\/wp-json\/wp\/v2\/types\/product"}],"replies":[{"embeddable":true,"href":"https:\/\/www.wojoer.de\/en\/wp-json\/wp\/v2\/comments?post=13116"}],"wp:featuredmedia":[{"embeddable":true,"href":"https:\/\/www.wojoer.de\/en\/wp-json\/wp\/v2\/media\/3305"}],"wp:attachment":[{"href":"https:\/\/www.wojoer.de\/en\/wp-json\/wp\/v2\/media?parent=13116"}],"wp:term":[{"taxonomy":"product_brand","embeddable":true,"href":"https:\/\/www.wojoer.de\/en\/wp-json\/wp\/v2\/product_brand?post=13116"},{"taxonomy":"product_cat","embeddable":true,"href":"https:\/\/www.wojoer.de\/en\/wp-json\/wp\/v2\/product_cat?post=13116"},{"taxonomy":"product_tag","embeddable":true,"href":"https:\/\/www.wojoer.de\/en\/wp-json\/wp\/v2\/product_tag?post=13116"}],"curies":[{"name":"wp","href":"https:\/\/api.w.org\/{rel}","templated":true}]}}