{"id":13173,"date":"2019-08-23T14:00:53","date_gmt":"2019-08-23T12:00:53","guid":{"rendered":"https:\/\/www.wojoer.de\/produkt\/synlex-bauchtasche-331t3-1\/"},"modified":"2026-01-15T12:25:44","modified_gmt":"2026-01-15T11:25:44","slug":"synlex-bauchtasche-331t3-1","status":"publish","type":"product","link":"https:\/\/www.wojoer.de\/en\/produkt\/synlex-bauchtasche-331t3-1\/","title":{"rendered":"Synlex Bauchtasche"},"content":{"rendered":"<p>Die edle Synlexbauchtasche 331T3.1 geh\u00f6rt zu den Wojoer LIVE-Produkten. Sie werden ab Bestellung bei uns produziert, dadurch k\u00f6nnen wir auf Kundenw\u00fcnsche individuell eingehen.<\/p>\n<h3>Gr\u00f6\u00dfen<\/h3>\n<p>Einheitsgr\u00f6\u00dfe Unisize:<\/p>\n<p>Taschenma\u00dfe: 21cm x 12cm<\/p>\n<p>Henkell\u00e4nge: 1,20cm &#8211; individuell verstellbar<\/p>\n<h3>Materialzusammensetzung<\/h3>\n<p>100% Polyester<\/p>\n<h3>Besonderheiten<\/h3>\n<p><a href=\"http:\/\/www.wojoer.de\/?s=LIVE&#038;post_type=product\">LIVE-Produkt<\/a>\u00a0 | weiches Leatherlike | edler, silber gl\u00e4nzender Rei\u00dfverschluss | matt-schwarz | hochwertige Verarbeitung &#8220;Made in Germany&#8221;<\/p>\n<h3>Benutzerhinweise<\/h3>\n<p>Handw\u00e4sche | seperat von hellen und anderen, beschichteten Textilien lagern | nur mit dazwischen gelegten Papier zusammenlegen oder locker auf einem B\u00fcgel h\u00e4ngen<\/p>\n<h3>SCHWARZE SYNLEXBAUCHTASCHE\u00a0 &#8211; Edle Club Bauchtasche mit Rei\u00dfverschluss<\/h3>\n<p>Du brauchst eine simple und universal passende Bauchtasche f\u00fcr dein Leatherlike Outfit? Die Wojoer Synlexbauchtasche ist Understatement und schreiende Eleganz in einem. Somit d\u00fcrfte sie zu fast jedem Outfit die perfekte Erg\u00e4nzung sein. Sie l\u00e4sst sich bequem um deine H\u00fcften schnallen. Perfekt. Denn so hast du immer deine H\u00e4nde frei. Verschlie\u00dfbar ist diese mit einem hochwertigen, silber gl\u00e4nzenden Rei\u00dfverschluss. So simpel dieses kleine T\u00e4schchen aussehen mag, so intelligent praktisch ist es. Platz f\u00fcr vielerlei Dinge findet sich darin, wie z.b. jegliches Geld, Karten, Kondome oder Bullet Vibratoren&#8230; Eben alles was man f\u00fcr einen spannenden Abend so brauchen k\u00f6nnte.<\/p>\n","protected":false},"excerpt":{"rendered":"<p>Die edle Synlexbauchtasche 331T3.1 geh\u00f6rt zu den Wojoer LIVE-Produkten. Sie werden ab Bestellung bei uns produziert, dadurch k\u00f6nnen wir auf Kundenw\u00fcnsche individuell eingehen.<br \/>\nGr\u00f6\u00dfen<br \/>\nEinheitsgr\u00f6\u00dfe Unisize:<\/p>\n<p>Taschenma\u00dfe: 21cm x 12cm<\/p>\n<p>Henkell\u00e4nge: 1,20cm &#8211; individuell verstellbar<br \/>\nMaterialzusammensetzung<br \/>\n100% Polyester<br \/>\nBesonderheiten<br \/>\nLIVE-Produkt\u00a0 | weiches Leatherlike | edler, silber gl\u00e4nzender Rei\u00dfverschluss\u2026<\/p>\n","protected":false},"featured_media":12200,"comment_status":"open","ping_status":"closed","template":"","meta":[],"product_brand":[],"product_cat":[291,116,473,471,195,326],"product_tag":[194,440,189,290],"class_list":{"0":"post-13173","1":"product","2":"type-product","3":"status-publish","4":"has-post-thumbnail","6":"product_cat-accessoires","7":"product_cat-clubwear","8":"product_cat-men","9":"product_cat-partnerlook","10":"product_cat-produktion-auf-bestellung-liveproduktion","11":"product_cat-wojoer","12":"product_tag-leatherlike","13":"product_tag-matt","14":"product_tag-reissverschluss","15":"product_tag-synthetischeslatex","16":"product_shipping_class-beun","17":"pif-has-gallery","18":"post-1","19":"odd","21":"first","22":"instock","23":"taxable","24":"shipping-taxable","25":"purchasable","26":"product-type-simple"},"yoast_head":"<!-- This site is optimized with the Yoast SEO plugin v27.2 - https:\/\/yoast.com\/product\/yoast-seo-wordpress\/ -->\n<title>Synlexbauchtasche | matt schwarz | Rei\u00dfverschluss | WOJOER<\/title>\n<meta name=\"description\" content=\"Synlexbauchtasche aus gl\u00e4nzenden, schwarzen Kunstleder. Edler Rei\u00dfverschluss. Viel Platz f\u00fcr aufregende Accessoires. Jetzt online versandkostenfrei innerhalb Deutschlands bestellen.\" \/>\n<meta name=\"robots\" content=\"index, follow, max-snippet:-1, max-image-preview:large, max-video-preview:-1\" \/>\n<link rel=\"canonical\" href=\"https:\/\/www.wojoer.de\/en\/produkt\/synlex-bauchtasche-331t3-1\/\" \/>\n<meta name=\"twitter:card\" content=\"summary_large_image\" \/>\n<meta name=\"twitter:title\" content=\"Synlexbauchtasche | matt schwarz | Rei\u00dfverschluss | WOJOER\" \/>\n<meta name=\"twitter:description\" content=\"Synlexbauchtasche aus gl\u00e4nzenden, schwarzen Kunstleder. Edler Rei\u00dfverschluss. Viel Platz f\u00fcr aufregende Accessoires. Jetzt online versandkostenfrei innerhalb Deutschlands bestellen.\" \/>\n<meta name=\"twitter:image\" content=\"https:\/\/www.wojoer.de\/wp-content\/uploads\/2018\/12\/Bauchtasche_.jpg\" \/>\n<meta name=\"twitter:label1\" content=\"Estimated reading time\" \/>\n\t<meta name=\"twitter:data1\" content=\"2 minutes\" \/>\n<script type=\"application\/ld+json\" class=\"yoast-schema-graph\">{\"@context\":\"https:\/\/schema.org\",\"@graph\":[{\"@type\":\"WebPage\",\"@id\":\"https:\/\/www.wojoer.de\/produkt\/synlex-bauchtasche-331t3-1\/\",\"url\":\"https:\/\/www.wojoer.de\/produkt\/synlex-bauchtasche-331t3-1\/\",\"name\":\"Synlexbauchtasche | matt schwarz | Rei\u00dfverschluss | WOJOER\",\"isPartOf\":{\"@id\":\"https:\/\/www.wojoer.de\/#website\"},\"primaryImageOfPage\":{\"@id\":\"https:\/\/www.wojoer.de\/produkt\/synlex-bauchtasche-331t3-1\/#primaryimage\"},\"image\":{\"@id\":\"https:\/\/www.wojoer.de\/produkt\/synlex-bauchtasche-331t3-1\/#primaryimage\"},\"thumbnailUrl\":\"https:\/\/www.wojoer.de\/wp-content\/uploads\/2018\/12\/Bauchtasche_.jpg\",\"datePublished\":\"2019-08-23T12:00:53+00:00\",\"dateModified\":\"2026-01-15T11:25:44+00:00\",\"description\":\"Synlexbauchtasche aus gl\u00e4nzenden, schwarzen Kunstleder. Edler Rei\u00dfverschluss. Viel Platz f\u00fcr aufregende Accessoires. Jetzt online versandkostenfrei innerhalb Deutschlands bestellen.\",\"breadcrumb\":{\"@id\":\"https:\/\/www.wojoer.de\/produkt\/synlex-bauchtasche-331t3-1\/#breadcrumb\"},\"inLanguage\":\"en-GB\",\"potentialAction\":[{\"@type\":\"ReadAction\",\"target\":[\"https:\/\/www.wojoer.de\/produkt\/synlex-bauchtasche-331t3-1\/\"]}]},{\"@type\":\"ImageObject\",\"inLanguage\":\"en-GB\",\"@id\":\"https:\/\/www.wojoer.de\/produkt\/synlex-bauchtasche-331t3-1\/#primaryimage\",\"url\":\"https:\/\/www.wojoer.de\/wp-content\/uploads\/2018\/12\/Bauchtasche_.jpg\",\"contentUrl\":\"https:\/\/www.wojoer.de\/wp-content\/uploads\/2018\/12\/Bauchtasche_.jpg\",\"width\":2002,\"height\":2002},{\"@type\":\"BreadcrumbList\",\"@id\":\"https:\/\/www.wojoer.de\/produkt\/synlex-bauchtasche-331t3-1\/#breadcrumb\",\"itemListElement\":[{\"@type\":\"ListItem\",\"position\":1,\"name\":\"Startseite\",\"item\":\"https:\/\/www.wojoer.de\/\"},{\"@type\":\"ListItem\",\"position\":2,\"name\":\"SHOP\",\"item\":\"https:\/\/www.wojoer.de\/shop\/\"},{\"@type\":\"ListItem\",\"position\":3,\"name\":\"Synlex Bauchtasche\"}]},{\"@type\":\"WebSite\",\"@id\":\"https:\/\/www.wojoer.de\/#website\",\"url\":\"https:\/\/www.wojoer.de\/\",\"name\":\"WOJOER\",\"description\":\"clubwear for men\",\"publisher\":{\"@id\":\"https:\/\/www.wojoer.de\/#organization\"},\"potentialAction\":[{\"@type\":\"SearchAction\",\"target\":{\"@type\":\"EntryPoint\",\"urlTemplate\":\"https:\/\/www.wojoer.de\/?s={search_term_string}\"},\"query-input\":{\"@type\":\"PropertyValueSpecification\",\"valueRequired\":true,\"valueName\":\"search_term_string\"}}],\"inLanguage\":\"en-GB\"},{\"@type\":\"Organization\",\"@id\":\"https:\/\/www.wojoer.de\/#organization\",\"name\":\"Wonneberger-Manufaktur\",\"url\":\"https:\/\/www.wojoer.de\/\",\"logo\":{\"@type\":\"ImageObject\",\"inLanguage\":\"en-GB\",\"@id\":\"https:\/\/www.wojoer.de\/#\/schema\/logo\/image\/\",\"url\":\"https:\/\/www.wojoer.de\/wp-content\/uploads\/2016\/11\/wonnebergermanufaktur_logo_BUTTON.png\",\"contentUrl\":\"https:\/\/www.wojoer.de\/wp-content\/uploads\/2016\/11\/wonnebergermanufaktur_logo_BUTTON.png\",\"width\":765,\"height\":765,\"caption\":\"Wonneberger-Manufaktur\"},\"image\":{\"@id\":\"https:\/\/www.wojoer.de\/#\/schema\/logo\/image\/\"},\"sameAs\":[\"https:\/\/www.facebook.com\/wojoer\/\",\"https:\/\/de.pinterest.com\/W0J0ER\/\"]}]}<\/script>\n<!-- \/ Yoast SEO plugin. -->","yoast_head_json":{"title":"Synlexbauchtasche | matt schwarz | Rei\u00dfverschluss | WOJOER","description":"Synlexbauchtasche aus gl\u00e4nzenden, schwarzen Kunstleder. Edler Rei\u00dfverschluss. Viel Platz f\u00fcr aufregende Accessoires. Jetzt online versandkostenfrei innerhalb Deutschlands bestellen.","robots":{"index":"index","follow":"follow","max-snippet":"max-snippet:-1","max-image-preview":"max-image-preview:large","max-video-preview":"max-video-preview:-1"},"canonical":"https:\/\/www.wojoer.de\/en\/produkt\/synlex-bauchtasche-331t3-1\/","twitter_card":"summary_large_image","twitter_title":"Synlexbauchtasche | matt schwarz | Rei\u00dfverschluss | WOJOER","twitter_description":"Synlexbauchtasche aus gl\u00e4nzenden, schwarzen Kunstleder. Edler Rei\u00dfverschluss. Viel Platz f\u00fcr aufregende Accessoires. Jetzt online versandkostenfrei innerhalb Deutschlands bestellen.","twitter_image":"https:\/\/www.wojoer.de\/wp-content\/uploads\/2018\/12\/Bauchtasche_.jpg","twitter_misc":{"Estimated reading time":"2 minutes"},"schema":{"@context":"https:\/\/schema.org","@graph":[{"@type":"WebPage","@id":"https:\/\/www.wojoer.de\/produkt\/synlex-bauchtasche-331t3-1\/","url":"https:\/\/www.wojoer.de\/produkt\/synlex-bauchtasche-331t3-1\/","name":"Synlexbauchtasche | matt schwarz | Rei\u00dfverschluss | WOJOER","isPartOf":{"@id":"https:\/\/www.wojoer.de\/#website"},"primaryImageOfPage":{"@id":"https:\/\/www.wojoer.de\/produkt\/synlex-bauchtasche-331t3-1\/#primaryimage"},"image":{"@id":"https:\/\/www.wojoer.de\/produkt\/synlex-bauchtasche-331t3-1\/#primaryimage"},"thumbnailUrl":"https:\/\/www.wojoer.de\/wp-content\/uploads\/2018\/12\/Bauchtasche_.jpg","datePublished":"2019-08-23T12:00:53+00:00","dateModified":"2026-01-15T11:25:44+00:00","description":"Synlexbauchtasche aus gl\u00e4nzenden, schwarzen Kunstleder. Edler Rei\u00dfverschluss. Viel Platz f\u00fcr aufregende Accessoires. Jetzt online versandkostenfrei innerhalb Deutschlands bestellen.","breadcrumb":{"@id":"https:\/\/www.wojoer.de\/produkt\/synlex-bauchtasche-331t3-1\/#breadcrumb"},"inLanguage":"en-GB","potentialAction":[{"@type":"ReadAction","target":["https:\/\/www.wojoer.de\/produkt\/synlex-bauchtasche-331t3-1\/"]}]},{"@type":"ImageObject","inLanguage":"en-GB","@id":"https:\/\/www.wojoer.de\/produkt\/synlex-bauchtasche-331t3-1\/#primaryimage","url":"https:\/\/www.wojoer.de\/wp-content\/uploads\/2018\/12\/Bauchtasche_.jpg","contentUrl":"https:\/\/www.wojoer.de\/wp-content\/uploads\/2018\/12\/Bauchtasche_.jpg","width":2002,"height":2002},{"@type":"BreadcrumbList","@id":"https:\/\/www.wojoer.de\/produkt\/synlex-bauchtasche-331t3-1\/#breadcrumb","itemListElement":[{"@type":"ListItem","position":1,"name":"Startseite","item":"https:\/\/www.wojoer.de\/"},{"@type":"ListItem","position":2,"name":"SHOP","item":"https:\/\/www.wojoer.de\/shop\/"},{"@type":"ListItem","position":3,"name":"Synlex Bauchtasche"}]},{"@type":"WebSite","@id":"https:\/\/www.wojoer.de\/#website","url":"https:\/\/www.wojoer.de\/","name":"WOJOER","description":"clubwear for men","publisher":{"@id":"https:\/\/www.wojoer.de\/#organization"},"potentialAction":[{"@type":"SearchAction","target":{"@type":"EntryPoint","urlTemplate":"https:\/\/www.wojoer.de\/?s={search_term_string}"},"query-input":{"@type":"PropertyValueSpecification","valueRequired":true,"valueName":"search_term_string"}}],"inLanguage":"en-GB"},{"@type":"Organization","@id":"https:\/\/www.wojoer.de\/#organization","name":"Wonneberger-Manufaktur","url":"https:\/\/www.wojoer.de\/","logo":{"@type":"ImageObject","inLanguage":"en-GB","@id":"https:\/\/www.wojoer.de\/#\/schema\/logo\/image\/","url":"https:\/\/www.wojoer.de\/wp-content\/uploads\/2016\/11\/wonnebergermanufaktur_logo_BUTTON.png","contentUrl":"https:\/\/www.wojoer.de\/wp-content\/uploads\/2016\/11\/wonnebergermanufaktur_logo_BUTTON.png","width":765,"height":765,"caption":"Wonneberger-Manufaktur"},"image":{"@id":"https:\/\/www.wojoer.de\/#\/schema\/logo\/image\/"},"sameAs":["https:\/\/www.facebook.com\/wojoer\/","https:\/\/de.pinterest.com\/W0J0ER\/"]}]}},"_links":{"self":[{"href":"https:\/\/www.wojoer.de\/en\/wp-json\/wp\/v2\/product\/13173","targetHints":{"allow":["GET"]}}],"collection":[{"href":"https:\/\/www.wojoer.de\/en\/wp-json\/wp\/v2\/product"}],"about":[{"href":"https:\/\/www.wojoer.de\/en\/wp-json\/wp\/v2\/types\/product"}],"replies":[{"embeddable":true,"href":"https:\/\/www.wojoer.de\/en\/wp-json\/wp\/v2\/comments?post=13173"}],"wp:featuredmedia":[{"embeddable":true,"href":"https:\/\/www.wojoer.de\/en\/wp-json\/wp\/v2\/media\/12200"}],"wp:attachment":[{"href":"https:\/\/www.wojoer.de\/en\/wp-json\/wp\/v2\/media?parent=13173"}],"wp:term":[{"taxonomy":"product_brand","embeddable":true,"href":"https:\/\/www.wojoer.de\/en\/wp-json\/wp\/v2\/product_brand?post=13173"},{"taxonomy":"product_cat","embeddable":true,"href":"https:\/\/www.wojoer.de\/en\/wp-json\/wp\/v2\/product_cat?post=13173"},{"taxonomy":"product_tag","embeddable":true,"href":"https:\/\/www.wojoer.de\/en\/wp-json\/wp\/v2\/product_tag?post=13173"}],"curies":[{"name":"wp","href":"https:\/\/api.w.org\/{rel}","templated":true}]}}