{"id":13178,"date":"2019-10-01T08:00:24","date_gmt":"2019-10-01T06:00:24","guid":{"rendered":"https:\/\/www.wojoer.de\/produkt\/leatherlike-bauchtasche-dlt3-1\/"},"modified":"2026-01-21T08:35:51","modified_gmt":"2026-01-21T07:35:51","slug":"leatherlike-bauchtasche-flt3-1","status":"publish","type":"product","link":"https:\/\/www.wojoer.de\/en\/produkt\/leatherlike-bauchtasche-flt3-1\/","title":{"rendered":"Leatherlike Bauchtasche"},"content":{"rendered":"<p>Die edle Leatherlike Bauchtasche FLT3.1 geh\u00f6rt zu den Wojoer LIVE-Produkten. Sie werden ab Bestellung bei uns produziert, dadurch k\u00f6nnen wir auf Kundenw\u00fcnsche individuell eingehen.<\/p>\n<h3>Gr\u00f6\u00dfen<\/h3>\n<p>Einheitsgr\u00f6\u00dfe Unisize:<\/p>\n<p>Taschenma\u00dfe: 21cm x 12cm<\/p>\n<p>H\u00e4nkell\u00e4nge: 1,20cm &#8211; individuell verstellbar<\/p>\n<h3>Materialzusammensetzung<\/h3>\n<p>100% Polyester<\/p>\n<h3>Besonderheiten<\/h3>\n<p><a href=\"http:\/\/www.wojoer.de\/?s=LIVE&#038;post_type=product\">LIVE-Produkt<\/a>\u00a0 | weiches, festes Leatherlike | edler, silber gl\u00e4nzender Rei\u00dfverschluss | matt-schwarz | hochwertige Verarbeitung &#8220;Made in Germany&#8221;<\/p>\n<h3>Benutzerhinweise<\/h3>\n<p>Handw\u00e4sche | seperat von hellen und anderen, beschichteten Textilien lagern | nur mit dazwischen gelegtes Papier zusammenlegen oder locker auf einem B\u00fcgel h\u00e4ngen<\/p>\n<h3>LEATHERLIKE BAUCHTASCHE\u00a0 &#8211; Edle, schwarze Club Bauchtasche<\/h3>\n<p>Du brauchst eine simple und universal passende Bauchtasche f\u00fcr dein Leatherlike Outfit? Die Wojoer Leatherlike Bauchtasche ist Understatement und schreiende Eleganz in einem. Somit d\u00fcrfte sie zu fast jedem Outfit die perfekte Erg\u00e4nzung sein. Sie l\u00e4sst sich bequem um deine H\u00fcften schnallen. Perfekt. Denn so hast du immer deine H\u00e4nde frei. Verschlie\u00dfbar ist diese mit einem hochwertigen, silber gl\u00e4nzenden Rei\u00dfverschluss. So simpel dieses kleine T\u00e4schchen aussehen mag, so intelligent praktisch ist es. Platz f\u00fcr vielerlei Dinge findet sich darin, wie z.b. jegliches Geld, Karten, Kondome oder Bullet Vibratoren&#8230; Eben alles was man f\u00fcr einen spannenden Abend so brauchen k\u00f6nnte.<\/p>\n","protected":false},"excerpt":{"rendered":"<p>Die edle Leatherlike Bauchtasche FLT3.1 geh\u00f6rt zu den Wojoer LIVE-Produkten. Sie werden ab Bestellung bei uns produziert, dadurch k\u00f6nnen wir auf Kundenw\u00fcnsche individuell eingehen.<br \/>\nGr\u00f6\u00dfen<br \/>\nEinheitsgr\u00f6\u00dfe Unisize:<\/p>\n<p>Taschenma\u00dfe: 21cm x 12cm<\/p>\n<p>H\u00e4nkell\u00e4nge: 1,20cm &#8211; individuell verstellbar<br \/>\nMaterialzusammensetzung<br \/>\n100% Polyester<br \/>\nBesonderheiten<br \/>\nLIVE-Produkt\u00a0 | weiches, festes Leatherlike | edler, silber\u2026<\/p>\n","protected":false},"featured_media":16208,"comment_status":"open","ping_status":"closed","template":"","meta":[],"product_brand":[],"product_cat":[291,116,473,471,195,326],"product_tag":[194,440,189],"class_list":{"0":"post-13178","1":"product","2":"type-product","3":"status-publish","4":"has-post-thumbnail","6":"product_cat-accessoires","7":"product_cat-clubwear","8":"product_cat-men","9":"product_cat-partnerlook","10":"product_cat-produktion-auf-bestellung-liveproduktion","11":"product_cat-wojoer","12":"product_tag-leatherlike","13":"product_tag-matt","14":"product_tag-reissverschluss","15":"product_shipping_class-beun","16":"pif-has-gallery","17":"post-1","18":"odd","20":"first","21":"onbackorder","22":"taxable","23":"shipping-taxable","24":"purchasable","25":"product-type-simple"},"yoast_head":"<!-- This site is optimized with the Yoast SEO plugin v27.2 - https:\/\/yoast.com\/product\/yoast-seo-wordpress\/ -->\n<title>Leatherlike Bauchtasche | matt schwarz | Rei\u00dfverschluss | WOJOER<\/title>\n<meta name=\"description\" content=\"Leatherlike Bauchtasche aus weichen, festen Kunstleder. Edler Rei\u00dfverschluss. Viel Platz f\u00fcr aufregende Accessoires. Jetzt online versandkostenfrei innerhalb Deutschlands bestellen.\" \/>\n<meta name=\"robots\" content=\"index, follow, max-snippet:-1, max-image-preview:large, max-video-preview:-1\" \/>\n<link rel=\"canonical\" href=\"https:\/\/www.wojoer.de\/en\/produkt\/leatherlike-bauchtasche-flt3-1\/\" \/>\n<meta name=\"twitter:card\" content=\"summary_large_image\" \/>\n<meta name=\"twitter:title\" content=\"Leatherlike Bauchtasche | matt schwarz | Rei\u00dfverschluss | WOJOER\" \/>\n<meta name=\"twitter:description\" content=\"Leatherlike Bauchtasche aus weichen, festen Kunstleder. Edler Rei\u00dfverschluss. Viel Platz f\u00fcr aufregende Accessoires. Jetzt online versandkostenfrei innerhalb Deutschlands bestellen.\" \/>\n<meta name=\"twitter:image\" content=\"https:\/\/www.wojoer.de\/wp-content\/uploads\/2019\/06\/Bauchtasche_DLT2_1_partnerlook.jpg\" \/>\n<meta name=\"twitter:label1\" content=\"Estimated reading time\" \/>\n\t<meta name=\"twitter:data1\" content=\"2 minutes\" \/>\n<script type=\"application\/ld+json\" class=\"yoast-schema-graph\">{\"@context\":\"https:\/\/schema.org\",\"@graph\":[{\"@type\":\"WebPage\",\"@id\":\"https:\/\/www.wojoer.de\/produkt\/leatherlike-bauchtasche-flt3-1\/\",\"url\":\"https:\/\/www.wojoer.de\/produkt\/leatherlike-bauchtasche-flt3-1\/\",\"name\":\"Leatherlike Bauchtasche | matt schwarz | Rei\u00dfverschluss | WOJOER\",\"isPartOf\":{\"@id\":\"https:\/\/www.wojoer.de\/#website\"},\"primaryImageOfPage\":{\"@id\":\"https:\/\/www.wojoer.de\/produkt\/leatherlike-bauchtasche-flt3-1\/#primaryimage\"},\"image\":{\"@id\":\"https:\/\/www.wojoer.de\/produkt\/leatherlike-bauchtasche-flt3-1\/#primaryimage\"},\"thumbnailUrl\":\"https:\/\/www.wojoer.de\/wp-content\/uploads\/2019\/06\/Bauchtasche_DLT2_1_partnerlook.jpg\",\"datePublished\":\"2019-10-01T06:00:24+00:00\",\"dateModified\":\"2026-01-21T07:35:51+00:00\",\"description\":\"Leatherlike Bauchtasche aus weichen, festen Kunstleder. Edler Rei\u00dfverschluss. Viel Platz f\u00fcr aufregende Accessoires. Jetzt online versandkostenfrei innerhalb Deutschlands bestellen.\",\"breadcrumb\":{\"@id\":\"https:\/\/www.wojoer.de\/produkt\/leatherlike-bauchtasche-flt3-1\/#breadcrumb\"},\"inLanguage\":\"en-GB\",\"potentialAction\":[{\"@type\":\"ReadAction\",\"target\":[\"https:\/\/www.wojoer.de\/produkt\/leatherlike-bauchtasche-flt3-1\/\"]}]},{\"@type\":\"ImageObject\",\"inLanguage\":\"en-GB\",\"@id\":\"https:\/\/www.wojoer.de\/produkt\/leatherlike-bauchtasche-flt3-1\/#primaryimage\",\"url\":\"https:\/\/www.wojoer.de\/wp-content\/uploads\/2019\/06\/Bauchtasche_DLT2_1_partnerlook.jpg\",\"contentUrl\":\"https:\/\/www.wojoer.de\/wp-content\/uploads\/2019\/06\/Bauchtasche_DLT2_1_partnerlook.jpg\",\"width\":2002,\"height\":2002,\"caption\":\"wojoer, Beltbag, Bauchtasche, leatherlike bag, club bag\"},{\"@type\":\"BreadcrumbList\",\"@id\":\"https:\/\/www.wojoer.de\/produkt\/leatherlike-bauchtasche-flt3-1\/#breadcrumb\",\"itemListElement\":[{\"@type\":\"ListItem\",\"position\":1,\"name\":\"Startseite\",\"item\":\"https:\/\/www.wojoer.de\/\"},{\"@type\":\"ListItem\",\"position\":2,\"name\":\"SHOP\",\"item\":\"https:\/\/www.wojoer.de\/shop\/\"},{\"@type\":\"ListItem\",\"position\":3,\"name\":\"Leatherlike Bauchtasche\"}]},{\"@type\":\"WebSite\",\"@id\":\"https:\/\/www.wojoer.de\/#website\",\"url\":\"https:\/\/www.wojoer.de\/\",\"name\":\"WOJOER\",\"description\":\"clubwear for men\",\"publisher\":{\"@id\":\"https:\/\/www.wojoer.de\/#organization\"},\"potentialAction\":[{\"@type\":\"SearchAction\",\"target\":{\"@type\":\"EntryPoint\",\"urlTemplate\":\"https:\/\/www.wojoer.de\/?s={search_term_string}\"},\"query-input\":{\"@type\":\"PropertyValueSpecification\",\"valueRequired\":true,\"valueName\":\"search_term_string\"}}],\"inLanguage\":\"en-GB\"},{\"@type\":\"Organization\",\"@id\":\"https:\/\/www.wojoer.de\/#organization\",\"name\":\"Wonneberger-Manufaktur\",\"url\":\"https:\/\/www.wojoer.de\/\",\"logo\":{\"@type\":\"ImageObject\",\"inLanguage\":\"en-GB\",\"@id\":\"https:\/\/www.wojoer.de\/#\/schema\/logo\/image\/\",\"url\":\"https:\/\/www.wojoer.de\/wp-content\/uploads\/2016\/11\/wonnebergermanufaktur_logo_BUTTON.png\",\"contentUrl\":\"https:\/\/www.wojoer.de\/wp-content\/uploads\/2016\/11\/wonnebergermanufaktur_logo_BUTTON.png\",\"width\":765,\"height\":765,\"caption\":\"Wonneberger-Manufaktur\"},\"image\":{\"@id\":\"https:\/\/www.wojoer.de\/#\/schema\/logo\/image\/\"},\"sameAs\":[\"https:\/\/www.facebook.com\/wojoer\/\",\"https:\/\/de.pinterest.com\/W0J0ER\/\"]}]}<\/script>\n<!-- \/ Yoast SEO plugin. -->","yoast_head_json":{"title":"Leatherlike Bauchtasche | matt schwarz | Rei\u00dfverschluss | WOJOER","description":"Leatherlike Bauchtasche aus weichen, festen Kunstleder. Edler Rei\u00dfverschluss. Viel Platz f\u00fcr aufregende Accessoires. Jetzt online versandkostenfrei innerhalb Deutschlands bestellen.","robots":{"index":"index","follow":"follow","max-snippet":"max-snippet:-1","max-image-preview":"max-image-preview:large","max-video-preview":"max-video-preview:-1"},"canonical":"https:\/\/www.wojoer.de\/en\/produkt\/leatherlike-bauchtasche-flt3-1\/","twitter_card":"summary_large_image","twitter_title":"Leatherlike Bauchtasche | matt schwarz | Rei\u00dfverschluss | WOJOER","twitter_description":"Leatherlike Bauchtasche aus weichen, festen Kunstleder. Edler Rei\u00dfverschluss. Viel Platz f\u00fcr aufregende Accessoires. Jetzt online versandkostenfrei innerhalb Deutschlands bestellen.","twitter_image":"https:\/\/www.wojoer.de\/wp-content\/uploads\/2019\/06\/Bauchtasche_DLT2_1_partnerlook.jpg","twitter_misc":{"Estimated reading time":"2 minutes"},"schema":{"@context":"https:\/\/schema.org","@graph":[{"@type":"WebPage","@id":"https:\/\/www.wojoer.de\/produkt\/leatherlike-bauchtasche-flt3-1\/","url":"https:\/\/www.wojoer.de\/produkt\/leatherlike-bauchtasche-flt3-1\/","name":"Leatherlike Bauchtasche | matt schwarz | Rei\u00dfverschluss | WOJOER","isPartOf":{"@id":"https:\/\/www.wojoer.de\/#website"},"primaryImageOfPage":{"@id":"https:\/\/www.wojoer.de\/produkt\/leatherlike-bauchtasche-flt3-1\/#primaryimage"},"image":{"@id":"https:\/\/www.wojoer.de\/produkt\/leatherlike-bauchtasche-flt3-1\/#primaryimage"},"thumbnailUrl":"https:\/\/www.wojoer.de\/wp-content\/uploads\/2019\/06\/Bauchtasche_DLT2_1_partnerlook.jpg","datePublished":"2019-10-01T06:00:24+00:00","dateModified":"2026-01-21T07:35:51+00:00","description":"Leatherlike Bauchtasche aus weichen, festen Kunstleder. Edler Rei\u00dfverschluss. Viel Platz f\u00fcr aufregende Accessoires. Jetzt online versandkostenfrei innerhalb Deutschlands bestellen.","breadcrumb":{"@id":"https:\/\/www.wojoer.de\/produkt\/leatherlike-bauchtasche-flt3-1\/#breadcrumb"},"inLanguage":"en-GB","potentialAction":[{"@type":"ReadAction","target":["https:\/\/www.wojoer.de\/produkt\/leatherlike-bauchtasche-flt3-1\/"]}]},{"@type":"ImageObject","inLanguage":"en-GB","@id":"https:\/\/www.wojoer.de\/produkt\/leatherlike-bauchtasche-flt3-1\/#primaryimage","url":"https:\/\/www.wojoer.de\/wp-content\/uploads\/2019\/06\/Bauchtasche_DLT2_1_partnerlook.jpg","contentUrl":"https:\/\/www.wojoer.de\/wp-content\/uploads\/2019\/06\/Bauchtasche_DLT2_1_partnerlook.jpg","width":2002,"height":2002,"caption":"wojoer, Beltbag, Bauchtasche, leatherlike bag, club bag"},{"@type":"BreadcrumbList","@id":"https:\/\/www.wojoer.de\/produkt\/leatherlike-bauchtasche-flt3-1\/#breadcrumb","itemListElement":[{"@type":"ListItem","position":1,"name":"Startseite","item":"https:\/\/www.wojoer.de\/"},{"@type":"ListItem","position":2,"name":"SHOP","item":"https:\/\/www.wojoer.de\/shop\/"},{"@type":"ListItem","position":3,"name":"Leatherlike Bauchtasche"}]},{"@type":"WebSite","@id":"https:\/\/www.wojoer.de\/#website","url":"https:\/\/www.wojoer.de\/","name":"WOJOER","description":"clubwear for men","publisher":{"@id":"https:\/\/www.wojoer.de\/#organization"},"potentialAction":[{"@type":"SearchAction","target":{"@type":"EntryPoint","urlTemplate":"https:\/\/www.wojoer.de\/?s={search_term_string}"},"query-input":{"@type":"PropertyValueSpecification","valueRequired":true,"valueName":"search_term_string"}}],"inLanguage":"en-GB"},{"@type":"Organization","@id":"https:\/\/www.wojoer.de\/#organization","name":"Wonneberger-Manufaktur","url":"https:\/\/www.wojoer.de\/","logo":{"@type":"ImageObject","inLanguage":"en-GB","@id":"https:\/\/www.wojoer.de\/#\/schema\/logo\/image\/","url":"https:\/\/www.wojoer.de\/wp-content\/uploads\/2016\/11\/wonnebergermanufaktur_logo_BUTTON.png","contentUrl":"https:\/\/www.wojoer.de\/wp-content\/uploads\/2016\/11\/wonnebergermanufaktur_logo_BUTTON.png","width":765,"height":765,"caption":"Wonneberger-Manufaktur"},"image":{"@id":"https:\/\/www.wojoer.de\/#\/schema\/logo\/image\/"},"sameAs":["https:\/\/www.facebook.com\/wojoer\/","https:\/\/de.pinterest.com\/W0J0ER\/"]}]}},"_links":{"self":[{"href":"https:\/\/www.wojoer.de\/en\/wp-json\/wp\/v2\/product\/13178","targetHints":{"allow":["GET"]}}],"collection":[{"href":"https:\/\/www.wojoer.de\/en\/wp-json\/wp\/v2\/product"}],"about":[{"href":"https:\/\/www.wojoer.de\/en\/wp-json\/wp\/v2\/types\/product"}],"replies":[{"embeddable":true,"href":"https:\/\/www.wojoer.de\/en\/wp-json\/wp\/v2\/comments?post=13178"}],"wp:featuredmedia":[{"embeddable":true,"href":"https:\/\/www.wojoer.de\/en\/wp-json\/wp\/v2\/media\/16208"}],"wp:attachment":[{"href":"https:\/\/www.wojoer.de\/en\/wp-json\/wp\/v2\/media?parent=13178"}],"wp:term":[{"taxonomy":"product_brand","embeddable":true,"href":"https:\/\/www.wojoer.de\/en\/wp-json\/wp\/v2\/product_brand?post=13178"},{"taxonomy":"product_cat","embeddable":true,"href":"https:\/\/www.wojoer.de\/en\/wp-json\/wp\/v2\/product_cat?post=13178"},{"taxonomy":"product_tag","embeddable":true,"href":"https:\/\/www.wojoer.de\/en\/wp-json\/wp\/v2\/product_tag?post=13178"}],"curies":[{"name":"wp","href":"https:\/\/api.w.org\/{rel}","templated":true}]}}