{"id":13233,"date":"2019-09-27T11:00:52","date_gmt":"2019-09-27T09:00:52","guid":{"rendered":"https:\/\/www.wojoer.de\/produkt\/beun-damen-stripp-string-321f6c\/"},"modified":"2026-02-19T12:54:41","modified_gmt":"2026-02-19T11:54:41","slug":"beun-ladies-stripp-string-0321sf06","status":"publish","type":"product","link":"https:\/\/www.wojoer.de\/en\/produkt\/beun-ladies-stripp-string-0321sf06\/","title":{"rendered":"BEUN Damen Stripp String 321F6"},"content":{"rendered":"<p>Always on stock, because the BEUN Ladies stripping string 321F6 is <a href=\"https:\/\/www.wojoer.de\/?s=nos&#038;post_type=product\">never-out-of-stock<\/a> and belongs to the wojoer<a href=\"https:\/\/www.wojoer.de\/?s=nos&#038;post_type=product\"> NOS<\/a>.<\/p>\n<h3>Sizes<\/h3>\n<p>Available in sizes\u00a0 S, M, L, XL<\/p>\n<h3>Material composition<\/h3>\n<p>BEUN: 82% polyamide, 18% elasthane<\/p>\n<h3>Pecularities<\/h3>\n<p><a href=\"http:\/\/www.wojoer.de\/?s=nos&#038;post_type=product\">NOS Produkt<\/a> | swimwear |silk-matt surface optics | light transparent | airy | fast drying |flexible | click closure| skintight fit | high quality\u00a0 Made in Germany<\/p>\n<h3>Wash instructions<\/h3>\n<p>30\u00b0 , gentle cycle |ironing on a low level<\/p>\n<h3>BEUN WOMEN STRIPP STRING- BEACH &#038; UNDERWEAR Cheeky Slip Women<\/h3>\n<p>Caution! Hot! This Beach &#038; Underwear ladies stripp thong in neoncoral awakens playful fantasie. Sligthly transparent, dull, extremely thin, fast drying and hardly noticeable. Slim and high cut this invites to inspire little forbidden games. Do not waste time, because with the click closure your panties are taken off very fast. No other cheeky slip is so fine and light, yet resistent to salt and chlorine. Complete your outfit with the matching bikini top. And because it&#8217;s so sexy and comfortable at the same time, there&#8217;s a matching partner look string for your partner.<\/p>\n<p>Click here for the <a href=\"https:\/\/www.wojoer.de\/groessentabelle\/\">sizes chart<\/a>.<\/p>\n","protected":false},"excerpt":{"rendered":"<p>Immer vorr\u00e4tig, denn der BEUN Damen Stripp String 0321-SF06 ist Never-Out-of-Stock und geh\u00f6rt damit zu den Wojoer NOS-Produkten.<br \/>\nGr\u00f6\u00dfen<br \/>\nErh\u00e4ltlich in den Gr\u00f6\u00dfen S, M, L, XL<br \/>\nMaterialzusammensetzung<br \/>\nBEUN: 82% Polyamid, 18% Elasthan<br \/>\nBesonderheiten<br \/>\nNOS Produkt | badetauglich | seidenmatte Oberfl\u00e4chenoptik | leicht transparent | luftig\u2026<\/p>\n","protected":false},"featured_media":15285,"comment_status":"open","ping_status":"closed","template":"","meta":[],"product_brand":[],"product_cat":[690,169,471],"product_tag":[108,301,224,119,192],"class_list":{"0":"post-13233","1":"product","2":"type-product","3":"status-publish","4":"has-post-thumbnail","6":"product_cat-beunladies","7":"product_cat-nos-never-out-of-stock","8":"product_cat-partnerlook","9":"product_tag-1beachwear","10":"product_tag-cheeky","11":"product_tag-klick","12":"product_tag-string","13":"product_tag-unterwaesche","14":"product_shipping_class-beun","15":"pa_farbe-eisblau","16":"pa_farbe-royalblau","17":"pa_farbe-candypink","18":"pa_farbe-crema","19":"pa_farbe-neoncoral","20":"pa_farbe-neongelb","21":"pa_farbe-nude","22":"pa_farbe-vulcano","23":"pa_farbe-schwarz","24":"pa_groesse-l","25":"pa_groesse-m","26":"pa_groesse-s","27":"pa_groesse-xl","28":"pif-has-gallery","29":"post-1","30":"odd","32":"first","33":"instock","34":"featured","35":"taxable","36":"shipping-taxable","37":"purchasable","38":"product-type-variable"},"yoast_head":"<!-- This site is optimized with the Yoast SEO plugin v27.2 - https:\/\/yoast.com\/product\/yoast-seo-wordpress\/ -->\n<title>Ladies Stripp String | Cheeky Slip | Beach &amp; Underwear | light comfortable<\/title>\n<meta name=\"description\" content=\"The ultrathin, slightly transparent, matt STRIPP G-Slip with sporty click closures is silky soft on the skin and is quick-drying\" \/>\n<meta name=\"robots\" content=\"index, follow, max-snippet:-1, max-image-preview:large, max-video-preview:-1\" \/>\n<link rel=\"canonical\" href=\"https:\/\/www.wojoer.de\/en\/produkt\/beun-ladies-stripp-string-0321sf06\/\" \/>\n<meta name=\"twitter:card\" content=\"summary_large_image\" \/>\n<meta name=\"twitter:title\" content=\"Ladies Stripp String | Cheeky Slip | Beach &amp; Underwear | light comfortable\" \/>\n<meta name=\"twitter:description\" content=\"The ultrathin, slightly transparent, matt STRIPP G-Slip with sporty click closures is silky soft on the skin and is quick-drying\" \/>\n<meta name=\"twitter:image\" content=\"https:\/\/www.wojoer.de\/wp-content\/uploads\/2019\/05\/321F6_BEUN_STRIPP_String_Klickverschluss_neon_coral_women_wojoer.jpg\" \/>\n<meta name=\"twitter:label1\" content=\"Estimated reading time\" \/>\n\t<meta name=\"twitter:data1\" content=\"2 minutes\" \/>\n<script type=\"application\/ld+json\" class=\"yoast-schema-graph\">{\"@context\":\"https:\/\/schema.org\",\"@graph\":[{\"@type\":\"WebPage\",\"@id\":\"https:\/\/www.wojoer.de\/produkt\/beun-ladies-stripp-string-0321sf06\/\",\"url\":\"https:\/\/www.wojoer.de\/produkt\/beun-ladies-stripp-string-0321sf06\/\",\"name\":\"Ladies Stripp String | Cheeky Slip | Beach & Underwear | light comfortable\",\"isPartOf\":{\"@id\":\"https:\/\/www.wojoer.de\/#website\"},\"primaryImageOfPage\":{\"@id\":\"https:\/\/www.wojoer.de\/produkt\/beun-ladies-stripp-string-0321sf06\/#primaryimage\"},\"image\":{\"@id\":\"https:\/\/www.wojoer.de\/produkt\/beun-ladies-stripp-string-0321sf06\/#primaryimage\"},\"thumbnailUrl\":\"https:\/\/www.wojoer.de\/wp-content\/uploads\/2019\/05\/321F6_BEUN_STRIPP_String_Klickverschluss_neon_coral_women_wojoer.jpg\",\"datePublished\":\"2019-09-27T09:00:52+00:00\",\"dateModified\":\"2026-02-19T11:54:41+00:00\",\"description\":\"The ultrathin, slightly transparent, matt STRIPP G-Slip with sporty click closures is silky soft on the skin and is quick-drying\",\"breadcrumb\":{\"@id\":\"https:\/\/www.wojoer.de\/produkt\/beun-ladies-stripp-string-0321sf06\/#breadcrumb\"},\"inLanguage\":\"en-GB\",\"potentialAction\":[{\"@type\":\"ReadAction\",\"target\":[\"https:\/\/www.wojoer.de\/produkt\/beun-ladies-stripp-string-0321sf06\/\"]}]},{\"@type\":\"ImageObject\",\"inLanguage\":\"en-GB\",\"@id\":\"https:\/\/www.wojoer.de\/produkt\/beun-ladies-stripp-string-0321sf06\/#primaryimage\",\"url\":\"https:\/\/www.wojoer.de\/wp-content\/uploads\/2019\/05\/321F6_BEUN_STRIPP_String_Klickverschluss_neon_coral_women_wojoer.jpg\",\"contentUrl\":\"https:\/\/www.wojoer.de\/wp-content\/uploads\/2019\/05\/321F6_BEUN_STRIPP_String_Klickverschluss_neon_coral_women_wojoer.jpg\",\"width\":1269,\"height\":1269},{\"@type\":\"BreadcrumbList\",\"@id\":\"https:\/\/www.wojoer.de\/produkt\/beun-ladies-stripp-string-0321sf06\/#breadcrumb\",\"itemListElement\":[{\"@type\":\"ListItem\",\"position\":1,\"name\":\"Startseite\",\"item\":\"https:\/\/www.wojoer.de\/\"},{\"@type\":\"ListItem\",\"position\":2,\"name\":\"SHOP\",\"item\":\"https:\/\/www.wojoer.de\/shop\/\"},{\"@type\":\"ListItem\",\"position\":3,\"name\":\"BEUN Damen Stripp String\"}]},{\"@type\":\"WebSite\",\"@id\":\"https:\/\/www.wojoer.de\/#website\",\"url\":\"https:\/\/www.wojoer.de\/\",\"name\":\"WOJOER\",\"description\":\"clubwear for men\",\"publisher\":{\"@id\":\"https:\/\/www.wojoer.de\/#organization\"},\"potentialAction\":[{\"@type\":\"SearchAction\",\"target\":{\"@type\":\"EntryPoint\",\"urlTemplate\":\"https:\/\/www.wojoer.de\/?s={search_term_string}\"},\"query-input\":{\"@type\":\"PropertyValueSpecification\",\"valueRequired\":true,\"valueName\":\"search_term_string\"}}],\"inLanguage\":\"en-GB\"},{\"@type\":\"Organization\",\"@id\":\"https:\/\/www.wojoer.de\/#organization\",\"name\":\"Wonneberger-Manufaktur\",\"url\":\"https:\/\/www.wojoer.de\/\",\"logo\":{\"@type\":\"ImageObject\",\"inLanguage\":\"en-GB\",\"@id\":\"https:\/\/www.wojoer.de\/#\/schema\/logo\/image\/\",\"url\":\"https:\/\/www.wojoer.de\/wp-content\/uploads\/2016\/11\/wonnebergermanufaktur_logo_BUTTON.png\",\"contentUrl\":\"https:\/\/www.wojoer.de\/wp-content\/uploads\/2016\/11\/wonnebergermanufaktur_logo_BUTTON.png\",\"width\":765,\"height\":765,\"caption\":\"Wonneberger-Manufaktur\"},\"image\":{\"@id\":\"https:\/\/www.wojoer.de\/#\/schema\/logo\/image\/\"},\"sameAs\":[\"https:\/\/www.facebook.com\/wojoer\/\",\"https:\/\/de.pinterest.com\/W0J0ER\/\"]}]}<\/script>\n<!-- \/ Yoast SEO plugin. -->","yoast_head_json":{"title":"Ladies Stripp String | Cheeky Slip | Beach & Underwear | light comfortable","description":"The ultrathin, slightly transparent, matt STRIPP G-Slip with sporty click closures is silky soft on the skin and is quick-drying","robots":{"index":"index","follow":"follow","max-snippet":"max-snippet:-1","max-image-preview":"max-image-preview:large","max-video-preview":"max-video-preview:-1"},"canonical":"https:\/\/www.wojoer.de\/en\/produkt\/beun-ladies-stripp-string-0321sf06\/","twitter_card":"summary_large_image","twitter_title":"[:de]Damen Stripp String | Cheeky Slip | Beach & Underwear | d\u00fcnn & bequem[:en]Ladies Stripp String | Cheeky Slip | Beach & Underwear | light comfortable[:]","twitter_description":"[:de]Der hauchd\u00fcnne, leicht transparente, matte Damen Stripp String liegt seidig weich auf der Haut & ist schnell trocknend. In 9 phantastischen Farben erh\u00e4ltlich[:en]The ultrathin, slightly transparent, matt STRIPP G-Slip with sporty click closures is silky soft on the skin and is quick-drying[:]","twitter_image":"https:\/\/www.wojoer.de\/wp-content\/uploads\/2019\/05\/321F6_BEUN_STRIPP_String_Klickverschluss_neon_coral_women_wojoer.jpg","twitter_misc":{"Estimated reading time":"2 minutes"},"schema":{"@context":"https:\/\/schema.org","@graph":[{"@type":"WebPage","@id":"https:\/\/www.wojoer.de\/produkt\/beun-ladies-stripp-string-0321sf06\/","url":"https:\/\/www.wojoer.de\/produkt\/beun-ladies-stripp-string-0321sf06\/","name":"Ladies Stripp String | Cheeky Slip | Beach & Underwear | light comfortable","isPartOf":{"@id":"https:\/\/www.wojoer.de\/#website"},"primaryImageOfPage":{"@id":"https:\/\/www.wojoer.de\/produkt\/beun-ladies-stripp-string-0321sf06\/#primaryimage"},"image":{"@id":"https:\/\/www.wojoer.de\/produkt\/beun-ladies-stripp-string-0321sf06\/#primaryimage"},"thumbnailUrl":"https:\/\/www.wojoer.de\/wp-content\/uploads\/2019\/05\/321F6_BEUN_STRIPP_String_Klickverschluss_neon_coral_women_wojoer.jpg","datePublished":"2019-09-27T09:00:52+00:00","dateModified":"2026-02-19T11:54:41+00:00","description":"The ultrathin, slightly transparent, matt STRIPP G-Slip with sporty click closures is silky soft on the skin and is quick-drying","breadcrumb":{"@id":"https:\/\/www.wojoer.de\/produkt\/beun-ladies-stripp-string-0321sf06\/#breadcrumb"},"inLanguage":"en-GB","potentialAction":[{"@type":"ReadAction","target":["https:\/\/www.wojoer.de\/produkt\/beun-ladies-stripp-string-0321sf06\/"]}]},{"@type":"ImageObject","inLanguage":"en-GB","@id":"https:\/\/www.wojoer.de\/produkt\/beun-ladies-stripp-string-0321sf06\/#primaryimage","url":"https:\/\/www.wojoer.de\/wp-content\/uploads\/2019\/05\/321F6_BEUN_STRIPP_String_Klickverschluss_neon_coral_women_wojoer.jpg","contentUrl":"https:\/\/www.wojoer.de\/wp-content\/uploads\/2019\/05\/321F6_BEUN_STRIPP_String_Klickverschluss_neon_coral_women_wojoer.jpg","width":1269,"height":1269},{"@type":"BreadcrumbList","@id":"https:\/\/www.wojoer.de\/produkt\/beun-ladies-stripp-string-0321sf06\/#breadcrumb","itemListElement":[{"@type":"ListItem","position":1,"name":"Startseite","item":"https:\/\/www.wojoer.de\/"},{"@type":"ListItem","position":2,"name":"SHOP","item":"https:\/\/www.wojoer.de\/shop\/"},{"@type":"ListItem","position":3,"name":"BEUN Damen Stripp String"}]},{"@type":"WebSite","@id":"https:\/\/www.wojoer.de\/#website","url":"https:\/\/www.wojoer.de\/","name":"WOJOER","description":"clubwear for men","publisher":{"@id":"https:\/\/www.wojoer.de\/#organization"},"potentialAction":[{"@type":"SearchAction","target":{"@type":"EntryPoint","urlTemplate":"https:\/\/www.wojoer.de\/?s={search_term_string}"},"query-input":{"@type":"PropertyValueSpecification","valueRequired":true,"valueName":"search_term_string"}}],"inLanguage":"en-GB"},{"@type":"Organization","@id":"https:\/\/www.wojoer.de\/#organization","name":"Wonneberger-Manufaktur","url":"https:\/\/www.wojoer.de\/","logo":{"@type":"ImageObject","inLanguage":"en-GB","@id":"https:\/\/www.wojoer.de\/#\/schema\/logo\/image\/","url":"https:\/\/www.wojoer.de\/wp-content\/uploads\/2016\/11\/wonnebergermanufaktur_logo_BUTTON.png","contentUrl":"https:\/\/www.wojoer.de\/wp-content\/uploads\/2016\/11\/wonnebergermanufaktur_logo_BUTTON.png","width":765,"height":765,"caption":"Wonneberger-Manufaktur"},"image":{"@id":"https:\/\/www.wojoer.de\/#\/schema\/logo\/image\/"},"sameAs":["https:\/\/www.facebook.com\/wojoer\/","https:\/\/de.pinterest.com\/W0J0ER\/"]}]}},"_links":{"self":[{"href":"https:\/\/www.wojoer.de\/en\/wp-json\/wp\/v2\/product\/13233","targetHints":{"allow":["GET"]}}],"collection":[{"href":"https:\/\/www.wojoer.de\/en\/wp-json\/wp\/v2\/product"}],"about":[{"href":"https:\/\/www.wojoer.de\/en\/wp-json\/wp\/v2\/types\/product"}],"replies":[{"embeddable":true,"href":"https:\/\/www.wojoer.de\/en\/wp-json\/wp\/v2\/comments?post=13233"}],"wp:featuredmedia":[{"embeddable":true,"href":"https:\/\/www.wojoer.de\/en\/wp-json\/wp\/v2\/media\/15285"}],"wp:attachment":[{"href":"https:\/\/www.wojoer.de\/en\/wp-json\/wp\/v2\/media?parent=13233"}],"wp:term":[{"taxonomy":"product_brand","embeddable":true,"href":"https:\/\/www.wojoer.de\/en\/wp-json\/wp\/v2\/product_brand?post=13233"},{"taxonomy":"product_cat","embeddable":true,"href":"https:\/\/www.wojoer.de\/en\/wp-json\/wp\/v2\/product_cat?post=13233"},{"taxonomy":"product_tag","embeddable":true,"href":"https:\/\/www.wojoer.de\/en\/wp-json\/wp\/v2\/product_tag?post=13233"}],"curies":[{"name":"wp","href":"https:\/\/api.w.org\/{rel}","templated":true}]}}